{"id":2357,"date":"2023-10-09T09:05:14","date_gmt":"2023-10-09T09:05:14","guid":{"rendered":"https:\/\/dev.umfst.ro\/inginerie\/?page_id=2357"},"modified":"2026-04-15T11:03:10","modified_gmt":"2026-04-15T11:03:10","slug":"examen-de-diploma-absolvire","status":"publish","type":"page","link":"https:\/\/umfst.ro\/inginerie\/en\/informatii-studenti\/informatii-specifice-facultatii\/examen-de-diploma-absolvire\/","title":{"rendered":"Diploma\/graduation exam"},"content":{"rendered":"<div data-elementor-type=\"wp-page\" data-elementor-id=\"2357\" class=\"elementor elementor-2357\" data-elementor-post-type=\"page\">\n\t\t\t\t\t\t<section class=\"elementor-section elementor-top-section elementor-element elementor-element-1350a7ab elementor-section-boxed elementor-section-height-default elementor-section-height-default\" data-id=\"1350a7ab\" data-element_type=\"section\" data-e-type=\"section\">\n\t\t\t\t\t\t<div class=\"elementor-container elementor-column-gap-default\">\n\t\t\t\t\t<div class=\"elementor-column elementor-col-100 elementor-top-column elementor-element elementor-element-729dd294\" data-id=\"729dd294\" data-element_type=\"column\" data-e-type=\"column\">\n\t\t\t<div class=\"elementor-widget-wrap elementor-element-populated\">\n\t\t\t\t\t\t<div class=\"elementor-element elementor-element-61910342 elementor-widget elementor-widget-text-editor\" data-id=\"61910342\" data-element_type=\"widget\" data-e-type=\"widget\" data-widget_type=\"text-editor.default\">\n\t\t\t\t<div class=\"elementor-widget-container\">\n\t\t\t\t\t\t\t\t\t<header><h2 role=\"heading\" data-uw-rm-heading=\"level\">Examen de diplom\u0103\/licen\u021b\u0103\/diserta\u021bie 2026<\/h2><p><a href=\"https:\/\/www.umfst.ro\/fileadmin\/f_inginerie\/examen_absolvire\/2026\/Program_Examen_Diploma_Iulie_2026.pdf\">Calendarul examenelor de finalizare a studiilor &#8211; Iulie 2026<\/a><\/p><p><a href=\"https:\/\/www.umfst.ro\/fileadmin\/f_inginerie\/examen_absolvire\/2026\/Program_Examen_Diploma_februarue_2026.pdf\">Calendarul examenelor de finalizare a studiilor &#8211; Februarie 2026<\/a><\/p><p><a href=\"https:\/\/www.umfst.ro\/fileadmin\/f_inginerie\/examen_absolvire\/2026\/Tematica_AIA.pdf\">Tematica AIA<\/a><\/p><p><a href=\"https:\/\/www.umfst.ro\/fileadmin\/f_inginerie\/examen_absolvire\/2026\/Tematica_IEI.pdf\">Tematica IEI<\/a><\/p><p><a href=\"https:\/\/www.umfst.ro\/fileadmin\/f_inginerie\/examen_absolvire\/2026\/Tematica_Informatica.pdf\">Tematica Informatic\u0103<\/a><\/p><p><a href=\"https:\/\/www.umfst.ro\/fileadmin\/f_inginerie\/examen_absolvire\/2026\/Tematica_Informatica_LM.pdf\">Tematica Informatic\u0103 LM<\/a>\u00a0<\/p><p><a title=\"Edit\" href=\"https:\/\/www.umfst.ro\/fileadmin\/f_inginerie\/examen_absolvire\/2026\/Tematica-Inginerie Medicala.pdf\" data-wplink-url-error=\"true\">Tematica IMd<\/a><\/p><p><a title=\"Edit\" href=\"https:\/\/www.umfst.ro\/fileadmin\/f_inginerie\/examen_absolvire\/2026\/Tematica_TCM.pdf\">Tematica TCM<\/a><\/p><h2 role=\"heading\" data-uw-rm-heading=\"level\">Examen de diplom\u0103\/licen\u021b\u0103\/diserta\u021bie 2025<\/h2><p><a href=\"https:\/\/www.umfst.ro\/fileadmin\/f_inginerie\/examen_absolvire\/Program Examen Diploma_Sept_2025_IMD.pdf\" data-wplink-url-error=\"true\">Program Examen Finalizare Studii \u2013 Septembrie 2025<\/a>_IMD<\/p><p><a href=\"https:\/\/www.umfst.ro\/fileadmin\/f_inginerie\/examen_absolvire\/Program Examen_finaliz_studii_Iulie_2025.pdf\" data-wplink-url-error=\"true\">Program Examen Finalizare Studii &#8211; Iulie 2025<\/a><\/p><p><a href=\"https:\/\/www.umfst.ro\/fileadmin\/f_inginerie\/examen_absolvire\/Calendar_diploma_ETI.pdf\">Calendarul examenelor de finalizare a studiilor &#8211; Energetic\u0103 \u0219i tehnologii informatice<\/a><\/p><p><a title=\"Edit\" href=\"https:\/\/www.umfst.ro\/fileadmin\/f_inginerie\/examen_absolvire\/2025\/Tematica_AIA_2025.pdf\">Tematica AIA 2025<\/a><br \/><a title=\"Edit\" href=\"https:\/\/www.umfst.ro\/fileadmin\/f_inginerie\/examen_absolvire\/2025\/Tematica_IEI_2025.pdf\">Tematica IEI 2025<\/a><br \/><a title=\"Edit\" href=\"https:\/\/www.umfst.ro\/fileadmin\/f_inginerie\/examen_absolvire\/2025\/Tematica_Informatica_2025.pdf\">Tematica Informatica 2025<\/a><br \/><a title=\"Edit\" href=\"https:\/\/www.umfst.ro\/fileadmin\/f_inginerie\/examen_absolvire\/2025\/Tematica_TCM_2025.pdf\">Tematica TCM 2025<\/a><\/p><h2 role=\"heading\" data-uw-rm-heading=\"level\">Examen de diplom\u0103\/licen\u021b\u0103 2024<\/h2><p><a href=\"https:\/\/www.umfst.ro\/fileadmin\/f_inginerie\/examen_absolvire\/Examen Diploma_licenta_FEBRUARIE_2025.pdf\" target=\"_blank\" rel=\"noopener\">\u00censcriere on-line a lucr\u0103rii de diplom\u0103\/licen\u021b\u0103\/diserta\u0163ie \u2013 sesiunea februarie 2025<\/a><\/p><p><a href=\"https:\/\/www.umfst.ro\/fileadmin\/f_inginerie\/examen_absolvire\/Program_Examen_Diploma_Iulie_2024.pdf\">Programul examenelor de absolvire Iulie 2024<\/a><\/p><p><a href=\"https:\/\/umfst.ro\/fileadmin\/f_inginerie\/examen_licenta\/2024\/Program_Examen_Diploma_Februarie_2024.pdf\">Program Examen Diploma Februarie 2024<\/a><\/p><p><a href=\"https:\/\/www.umfst.ro\/fileadmin\/f_inginerie\/examen_absolvire\/Program_Examen_Diploma_Iulie_2024_IMD.pdf\">Program Examen Diploma Iulie 2024 IMD<\/a><\/p><p><a title=\"Edit\" href=\"https:\/\/www.umfst.ro\/fileadmin\/f_inginerie\/examen_absolvire\/Tematica_AIA_2024.pdf\">Tematica AIA 2024<\/a><br \/><a title=\"Edit\" href=\"https:\/\/www.umfst.ro\/fileadmin\/f_inginerie\/examen_absolvire\/Tematica_IEI_2024.pdf\">Tematica IEI 2024<\/a><br \/><a title=\"Edit\" href=\"https:\/\/www.umfst.ro\/fileadmin\/f_inginerie\/examen_absolvire\/Tematica_Informatica_2024.pdf\">Tematica Informatica 2024<\/a><br \/><a title=\"Edit\" href=\"https:\/\/www.umfst.ro\/fileadmin\/f_inginerie\/examen_absolvire\/Tematica_TCM_2024.pdf\">Tematica TCM 2024<\/a><\/p><\/header>\t\t\t\t\t\t\t\t<\/div>\n\t\t\t\t<\/div>\n\t\t\t\t\t<\/div>\n\t\t<\/div>\n\t\t\t\t\t<\/div>\n\t\t<\/section>\n\t\t\t\t<section class=\"elementor-section elementor-top-section elementor-element elementor-element-08ed67c elementor-hidden-widescreen elementor-hidden-desktop elementor-hidden-tablet elementor-hidden-mobile elementor-section-boxed elementor-section-height-default elementor-section-height-default\" data-id=\"08ed67c\" data-element_type=\"section\" data-e-type=\"section\">\n\t\t\t\t\t\t<div class=\"elementor-container elementor-column-gap-default\">\n\t\t\t\t\t<div class=\"elementor-column elementor-col-100 elementor-top-column elementor-element elementor-element-1e82b41\" data-id=\"1e82b41\" data-element_type=\"column\" data-e-type=\"column\">\n\t\t\t<div class=\"elementor-widget-wrap elementor-element-populated\">\n\t\t\t\t\t\t<div class=\"elementor-element elementor-element-361d764 elementor-widget elementor-widget-text-editor\" data-id=\"361d764\" data-element_type=\"widget\" data-e-type=\"widget\" data-widget_type=\"text-editor.default\">\n\t\t\t\t<div class=\"elementor-widget-container\">\n\t\t\t\t\t\t\t\t\t<header><h2 role=\"heading\" data-uw-rm-heading=\"level\">Examen de diplom\u0103\/licen\u021b\u0103\/diserta\u021bie 2025<\/h2><p><a href=\"https:\/\/www.umfst.ro\/fileadmin\/f_inginerie\/examen_absolvire\/Program Examen_finaliz_studii_Iulie_2025.pdf\" data-wplink-url-error=\"true\">Program Examen Finalizare Studii &#8211; Iulie 2025<\/a><\/p><h2 role=\"heading\" data-uw-rm-heading=\"level\">Examen de diplom\u0103\/licen\u021b\u0103 2024<\/h2><p><a href=\"https:\/\/www.umfst.ro\/fileadmin\/f_inginerie\/examen_absolvire\/Examen Diploma_licenta_FEBRUARIE_2025.pdf\" target=\"_blank\" rel=\"noopener\">\u00censcriere on-line a lucr\u0103rii de diplom\u0103\/licen\u021b\u0103\/diserta\u0163ie \u2013 sesiunea februarie 2025<\/a><\/p><p><a href=\"https:\/\/www.umfst.ro\/fileadmin\/f_inginerie\/examen_absolvire\/Program_Examen_Diploma_Iulie_2024.pdf\">Programul examenelor de absolvire Iulie 2024<\/a><\/p><p><a href=\"https:\/\/umfst.ro\/fileadmin\/f_inginerie\/examen_licenta\/2024\/Program_Examen_Diploma_Februarie_2024.pdf\">Program Examen Diploma Februarie 2024<\/a><\/p><p><a href=\"https:\/\/www.umfst.ro\/fileadmin\/f_inginerie\/examen_absolvire\/Program_Examen_Diploma_Iulie_2024_IMD.pdf\">Program Examen Diploma Iulie 2024 IMD<\/a><\/p><p><a title=\"Edit\" href=\"https:\/\/www.umfst.ro\/fileadmin\/f_inginerie\/examen_absolvire\/Tematica_AIA_2024.pdf\">Tematica AIA 2024<\/a><br \/><a title=\"Edit\" href=\"https:\/\/www.umfst.ro\/fileadmin\/f_inginerie\/examen_absolvire\/Tematica_IEI_2024.pdf\">Tematica IEI 2024<\/a><br \/><a title=\"Edit\" href=\"https:\/\/www.umfst.ro\/fileadmin\/f_inginerie\/examen_absolvire\/Tematica_Informatica_2024.pdf\">Tematica Informatica 2024<\/a><br \/><a title=\"Edit\" href=\"https:\/\/www.umfst.ro\/fileadmin\/f_inginerie\/examen_absolvire\/Tematica_TCM_2024.pdf\">Tematica TCM 2024<\/a><\/p><h2 role=\"heading\" data-uw-rm-heading=\"level\">Examen de diplom\u0103\/licen\u021b\u0103 2023<\/h2><\/header><p><a href=\"https:\/\/www.umfst.ro\/fileadmin\/f_inginerie\/examen_absolvire\/Program_Examen_Diploma_Iulie_2023.pdf\">Program Examen Diploma Iulie 2023<\/a><\/p><p><a href=\"https:\/\/www.umfst.ro\/fileadmin\/f_inginerie\/examen_absolvire\/Program_Examen_Diploma_Iulie_2023_IMD.pdf\">Program Examen Diploma Iulie 2023 IMD<\/a><\/p><p><a href=\"https:\/\/www.umfst.ro\/fileadmin\/f_inginerie\/examen_absolvire\/Cerere_inscriere_ex_diploma.doc\" data-uw-rm-brl=\"PR\" data-uw-original-href=\"https:\/\/www.umfst.ro\/fileadmin\/f_inginerie\/examen_absolvire\/Cerere_inscriere_ex_diploma.doc\">Cerere de inscriere la examenul de diploma\/licenta<\/a><\/p><p><a title=\"Edit\" href=\"https:\/\/www.umfst.ro\/fileadmin\/f_inginerie\/examen_absolvire\/Declaratie_antiplagiat.pdf\">Declaratie antiplagiat<\/a><\/p><p><a title=\"Edit\" href=\"https:\/\/www.umfst.ro\/fileadmin\/f_inginerie\/examen_absolvire\/ETICHETA_CD_LICENTA.pdf\">Etichet\u0103 CD licen\u021b\u0103<\/a><\/p><p><a title=\"Edit\" href=\"https:\/\/www.umfst.ro\/fileadmin\/f_inginerie\/examen_absolvire\/Tematica_AIA_2023.pdf\">Tematica AIA 2023<\/a><br \/><a title=\"Edit\" href=\"https:\/\/www.umfst.ro\/fileadmin\/f_inginerie\/examen_absolvire\/Tematica_IEI_2023.pdf\">Tematica IEI 2023<\/a><br \/><a title=\"Edit\" href=\"https:\/\/www.umfst.ro\/fileadmin\/f_inginerie\/examen_absolvire\/Tematica_Informatica_2023.pdf\">Tematica Informatica 2023<\/a><br \/><a title=\"Edit\" href=\"https:\/\/www.umfst.ro\/fileadmin\/f_inginerie\/examen_absolvire\/Tematica_TCM_2023.pdf\">Tematica TCM 2023<\/a><\/p><p><a href=\"https:\/\/www.umfst.ro\/fileadmin\/f_inginerie\/examen_licenta\/2023\/Program_Examen_Diploma_Februarie_2023.pdf\">Program Examen Diploma Februarie 2023<\/a><\/p>\t\t\t\t\t\t\t\t<\/div>\n\t\t\t\t<\/div>\n\t\t\t\t\t<\/div>\n\t\t<\/div>\n\t\t\t\t\t<\/div>\n\t\t<\/section>\n\t\t\t\t<\/div>","protected":false},"excerpt":{"rendered":"<p>Examen de diplom\u0103\/licen\u021b\u0103\/diserta\u021bie 2026 Calendarul examenelor de finalizare a studiilor &#8211; Iulie 2026 Calendarul examenelor de finalizare a studiilor &#8211; Februarie 2026 Tematica AIA Tematica IEI Tematica Informatic\u0103 Tematica Informatic\u0103 LM\u00a0 Tematica IMd Tematica TCM Examen de diplom\u0103\/licen\u021b\u0103\/diserta\u021bie 2025 Program Examen Finalizare Studii \u2013 Septembrie 2025_IMD Program Examen Finalizare Studii &#8211; Iulie 2025 Calendarul examenelor [&hellip;]<\/p>\n","protected":false},"author":25,"featured_media":0,"parent":78,"menu_order":11,"comment_status":"closed","ping_status":"closed","template":"","meta":{"_relevanssi_hide_post":"","_relevanssi_hide_content":"","_relevanssi_pin_for_all":"","_relevanssi_pin_keywords":"","_relevanssi_unpin_keywords":"","_relevanssi_related_keywords":"","_relevanssi_related_include_ids":"","_relevanssi_related_exclude_ids":"","_relevanssi_related_no_append":"","_relevanssi_related_not_related":"","_relevanssi_related_posts":"1","_relevanssi_noindex_reason":"","footnotes":""},"categories":[13,33],"tags":[],"class_list":["post-2357","page","type-page","status-publish","hentry","category-pagina-cu-sidebar","category-pagina-studenti"],"meta_box":[],"_links":{"self":[{"href":"https:\/\/umfst.ro\/inginerie\/en\/wp-json\/wp\/v2\/pages\/2357","targetHints":{"allow":["GET"]}}],"collection":[{"href":"https:\/\/umfst.ro\/inginerie\/en\/wp-json\/wp\/v2\/pages"}],"about":[{"href":"https:\/\/umfst.ro\/inginerie\/en\/wp-json\/wp\/v2\/types\/page"}],"author":[{"embeddable":true,"href":"https:\/\/umfst.ro\/inginerie\/en\/wp-json\/wp\/v2\/users\/25"}],"replies":[{"embeddable":true,"href":"https:\/\/umfst.ro\/inginerie\/en\/wp-json\/wp\/v2\/comments?post=2357"}],"version-history":[{"count":46,"href":"https:\/\/umfst.ro\/inginerie\/en\/wp-json\/wp\/v2\/pages\/2357\/revisions"}],"predecessor-version":[{"id":4199,"href":"https:\/\/umfst.ro\/inginerie\/en\/wp-json\/wp\/v2\/pages\/2357\/revisions\/4199"}],"up":[{"embeddable":true,"href":"https:\/\/umfst.ro\/inginerie\/en\/wp-json\/wp\/v2\/pages\/78"}],"wp:attachment":[{"href":"https:\/\/umfst.ro\/inginerie\/en\/wp-json\/wp\/v2\/media?parent=2357"}],"wp:term":[{"taxonomy":"category","embeddable":true,"href":"https:\/\/umfst.ro\/inginerie\/en\/wp-json\/wp\/v2\/categories?post=2357"},{"taxonomy":"post_tag","embeddable":true,"href":"https:\/\/umfst.ro\/inginerie\/en\/wp-json\/wp\/v2\/tags?post=2357"}],"curies":[{"name":"wp","href":"https:\/\/api.w.org\/{rel}","templated":true}]}}