{"id":39,"date":"2022-11-20T16:43:35","date_gmt":"2022-11-20T16:43:35","guid":{"rendered":"https:\/\/dev.umfst.ro\/inginerie\/?page_id=39"},"modified":"2026-04-15T10:01:07","modified_gmt":"2026-04-15T10:01:07","slug":"comisii-de-lucru","status":"publish","type":"page","link":"https:\/\/umfst.ro\/inginerie\/en\/organizare\/comisii-de-lucru\/","title":{"rendered":"Working Committees"},"content":{"rendered":"<div data-elementor-type=\"wp-page\" data-elementor-id=\"39\" class=\"elementor elementor-39\" data-elementor-post-type=\"page\">\n\t\t\t\t\t\t<section class=\"elementor-section elementor-top-section elementor-element elementor-element-f0cd496 elementor-section-boxed elementor-section-height-default elementor-section-height-default\" data-id=\"f0cd496\" data-element_type=\"section\" data-e-type=\"section\">\n\t\t\t\t\t\t<div class=\"elementor-container elementor-column-gap-default\">\n\t\t\t\t\t<div class=\"elementor-column elementor-col-100 elementor-top-column elementor-element elementor-element-d2fa17f\" data-id=\"d2fa17f\" data-element_type=\"column\" data-e-type=\"column\">\n\t\t\t<div class=\"elementor-widget-wrap elementor-element-populated\">\n\t\t\t\t\t\t<div class=\"elementor-element elementor-element-eadbf96 elementor-widget elementor-widget-jet-accordion\" data-id=\"eadbf96\" data-element_type=\"widget\" data-e-type=\"widget\" data-widget_type=\"jet-accordion.default\">\n\t\t\t\t<div class=\"elementor-widget-container\">\n\t\t\t\t\t\t\t\t\t<div class=\"jet-accordion\" data-settings=\"{&quot;collapsible&quot;:false,&quot;ajaxTemplate&quot;:false,&quot;switchScrolling&quot;:false,&quot;switchScrollingTablet&quot;:false,&quot;switchScrollingMobile&quot;:false,&quot;switchScrollingOffset&quot;:{&quot;size&quot;:0,&quot;unit&quot;:&quot;px&quot;},&quot;switchScrollingOffsetTablet&quot;:{&quot;size&quot;:0,&quot;unit&quot;:&quot;px&quot;},&quot;switchScrollingOffsetMobile&quot;:{&quot;size&quot;:0,&quot;unit&quot;:&quot;px&quot;},&quot;switchScrollingDelay&quot;:500,&quot;switchScrollingDelayTablet&quot;:500,&quot;switchScrollingDelayMobile&quot;:500}\">\n\t\t\t<div class=\"jet-accordion__inner\">\n\t\t\t\t<div class=\"jet-accordion__item jet-toggle jet-toggle-move-up-effect\">\n\t\t\t\t\t\t\t<div id=\"jet-toggle-control-2461\" class=\"jet-toggle__control elementor-menu-anchor\" data-toggle=\"1\" role=\"button\" tabindex=\"0\" aria-controls=\"jet-toggle-content-2461\" aria-expanded=\"false\" data-template-id=\"false\">\n\t\t\t\t\t\t\t\t<div class=\"jet-toggle__label-icon jet-toggle-icon-position-right\"><span class=\"jet-toggle__icon icon-normal jet-tabs-icon\"><svg xmlns=\"http:\/\/www.w3.org\/2000\/svg\" viewbox=\"0 0 448 512\"><path d=\"M256 80c0-17.7-14.3-32-32-32s-32 14.3-32 32V224H48c-17.7 0-32 14.3-32 32s14.3 32 32 32H192V432c0 17.7 14.3 32 32 32s32-14.3 32-32V288H400c17.7 0 32-14.3 32-32s-14.3-32-32-32H256V80z\"><\/path><\/svg><\/span><span class=\"jet-toggle__icon icon-active jet-tabs-icon\"><svg xmlns=\"http:\/\/www.w3.org\/2000\/svg\" viewbox=\"0 0 448 512\"><path d=\"M432 256c0 17.7-14.3 32-32 32L48 288c-17.7 0-32-14.3-32-32s14.3-32 32-32l352 0c17.7 0 32 14.3 32 32z\"><\/path><\/svg><\/span><\/div><div class=\"jet-toggle__label-text\">Comisia pentru rela\u021bia cu mediul economic - microproduc\u021bie <\/div>\t\t\t\t\t\t\t<\/div>\n\t\t\t\t\t\t\t<div id=\"jet-toggle-content-2461\" class=\"jet-toggle__content\" data-toggle=\"1\" role=\"region\" data-template-id=\"false\">\n\t\t\t\t\t\t\t\t<div class=\"jet-toggle__content-inner\"><p><strong>Pre<\/strong><strong>\u0219edinte <br \/><\/strong>Conf.dr.ing. Gabriela Strnad<\/p><p><strong>Membri<br \/><\/strong><\/p><p>\u0218ef lucr. dr. ing. Sorina Moica<br \/>\u0218ef lucr. dr. ing. Cazacu R\u0103zvan<br \/>\u0218ef lucr. dr. ing. Barab\u00e1s Albert Zsolt<br \/>\u0218ef lucr. dr.ing. Late\u0219 Daniel<br \/>Asistent drd. Bogdan Maria<br \/>Student S\u0103b\u0103u Alexandru-Daniel &#8211; IMD<\/p><p><a href=\"https:\/\/www.umfst.ro\/fileadmin\/f_inginerie\/materiale\/comisii\/Regulament_Comisie_Rel_Med_Ec_Micro_prod_-_FITI.pdf\">Regulament <\/a><\/p><p><a href=\"https:\/\/www.umfst.ro\/fileadmin\/f_inginerie\/planuri_rapoarte\/2025\/Raport_activitate_2025.pdf\">Raport 2025<\/a><\/p><\/div>\n\t\t\t\t\t\t\t<\/div>\n\t\t\t\t\t\t<\/div><div class=\"jet-accordion__item jet-toggle jet-toggle-move-up-effect\">\n\t\t\t\t\t\t\t<div id=\"jet-toggle-control-2462\" class=\"jet-toggle__control elementor-menu-anchor\" data-toggle=\"2\" role=\"button\" tabindex=\"0\" aria-controls=\"jet-toggle-content-2462\" aria-expanded=\"false\" data-template-id=\"false\">\n\t\t\t\t\t\t\t\t<div class=\"jet-toggle__label-icon jet-toggle-icon-position-right\"><span class=\"jet-toggle__icon icon-normal jet-tabs-icon\"><svg xmlns=\"http:\/\/www.w3.org\/2000\/svg\" viewbox=\"0 0 448 512\"><path d=\"M256 80c0-17.7-14.3-32-32-32s-32 14.3-32 32V224H48c-17.7 0-32 14.3-32 32s14.3 32 32 32H192V432c0 17.7 14.3 32 32 32s32-14.3 32-32V288H400c17.7 0 32-14.3 32-32s-14.3-32-32-32H256V80z\"><\/path><\/svg><\/span><span class=\"jet-toggle__icon icon-active jet-tabs-icon\"><svg xmlns=\"http:\/\/www.w3.org\/2000\/svg\" viewbox=\"0 0 448 512\"><path d=\"M432 256c0 17.7-14.3 32-32 32L48 288c-17.7 0-32-14.3-32-32s14.3-32 32-32l352 0c17.7 0 32 14.3 32 32z\"><\/path><\/svg><\/span><\/div><div class=\"jet-toggle__label-text\">Comisia Smart Faculty<\/div>\t\t\t\t\t\t\t<\/div>\n\t\t\t\t\t\t\t<div id=\"jet-toggle-content-2462\" class=\"jet-toggle__content\" data-toggle=\"2\" role=\"region\" data-template-id=\"false\">\n\t\t\t\t\t\t\t\t<div class=\"jet-toggle__content-inner\"><p><strong>Pre<\/strong><strong>\u0219edinte<br \/><\/strong>Lector dr. ing. Bogdan Crainicu<\/p><p><strong>Membri<br \/><\/strong><\/p><p>Conf. dr. ing. Mircea Dul\u0103u <br \/>Conf. dr. ing. Adrian Gligor\u0218ef lucr. dr. ing. Lucian Dul\u0103u<br \/>\u0218ef lucr. dr. ing. Sorina Moica<\/p><p><a href=\"https:\/\/www.umfst.ro\/fileadmin\/f_inginerie\/materiale\/comisii\/Regulament_Comisie_SMART_Faculty.pdf\">Regulament<\/a><\/p><p><a href=\"https:\/\/www.umfst.ro\/fileadmin\/f_inginerie\/planuri_rapoarte\/2025\/Raport_Comisie_SMART_Faculty_2025.pdf\">Raport 2025<\/a><\/p><\/div>\n\t\t\t\t\t\t\t<\/div>\n\t\t\t\t\t\t<\/div><div class=\"jet-accordion__item jet-toggle jet-toggle-move-up-effect\">\n\t\t\t\t\t\t\t<div id=\"jet-toggle-control-2463\" class=\"jet-toggle__control elementor-menu-anchor\" data-toggle=\"3\" role=\"button\" tabindex=\"0\" aria-controls=\"jet-toggle-content-2463\" aria-expanded=\"false\" data-template-id=\"false\">\n\t\t\t\t\t\t\t\t<div class=\"jet-toggle__label-icon jet-toggle-icon-position-right\"><span class=\"jet-toggle__icon icon-normal jet-tabs-icon\"><svg xmlns=\"http:\/\/www.w3.org\/2000\/svg\" viewbox=\"0 0 448 512\"><path d=\"M256 80c0-17.7-14.3-32-32-32s-32 14.3-32 32V224H48c-17.7 0-32 14.3-32 32s14.3 32 32 32H192V432c0 17.7 14.3 32 32 32s32-14.3 32-32V288H400c17.7 0 32-14.3 32-32s-14.3-32-32-32H256V80z\"><\/path><\/svg><\/span><span class=\"jet-toggle__icon icon-active jet-tabs-icon\"><svg xmlns=\"http:\/\/www.w3.org\/2000\/svg\" viewbox=\"0 0 448 512\"><path d=\"M432 256c0 17.7-14.3 32-32 32L48 288c-17.7 0-32-14.3-32-32s14.3-32 32-32l352 0c17.7 0 32 14.3 32 32z\"><\/path><\/svg><\/span><\/div><div class=\"jet-toggle__label-text\">Comisia de evaluare \u0219i asigurare a calit\u0103\u021bii<\/div>\t\t\t\t\t\t\t<\/div>\n\t\t\t\t\t\t\t<div id=\"jet-toggle-content-2463\" class=\"jet-toggle__content\" data-toggle=\"3\" role=\"region\" data-template-id=\"false\">\n\t\t\t\t\t\t\t\t<div class=\"jet-toggle__content-inner\"><p><strong>Pre\u0219edinte<br \/><\/strong>Prof. univ. dr. abil. ing. Liviu Moldovan<\/p><p><strong>Membrii<\/strong><br \/>Prof. univ. dr. ing. Dorin Bic\u0103<br \/>\u0218ef. lucr. dr. ing. Sorin Albu<br \/>ing. Daniel Late\u0219-Irum<br \/>ing. drd. Paula Ferenczi<br \/>Student Alexandru Mihe\u0219an -anul III<\/p><p><a href=\"https:\/\/www.umfst.ro\/fileadmin\/f_inginerie\/materiale\/comisii\/Regulament_Comisie_Evaluare_Asigurarea_Calitatii-FITI.pdf\">Regulament<\/a><\/p><p><a href=\"https:\/\/www.umfst.ro\/fileadmin\/f_inginerie\/materiale\/comisii\/Comisie_Evaluare_Asigurarea_Calitatii_Progr_studii-2025_FITI.pdf\">Comisii CEAC pe programe de studii<\/a><\/p><p>Raport de evaluare intern\u0103 a programelor de studii<br \/><a href=\"https:\/\/www.umfst.ro\/fileadmin\/f_inginerie\/planuri_rapoarte\/2025\/FITI_Raport_evaluare_programe_studii-2025.pdf\">2025<\/a> \u00a0<a href=\"https:\/\/www.umfst.ro\/fileadmin\/f_inginerie\/planuri_rapoarte\/2024\/FITI_Raport evaluare programe studii - 2024.pdf\">2024<\/a><\/p><p>Raport privind satisfac\u021bia studen\u021bilor<\/p><p><a href=\"https:\/\/www.umfst.ro\/fileadmin\/f_inginerie\/planuri_rapoarte\/2026\/FITI_Raport_eval_cd_studenti_Modul_1.pdf\">2025-2026-Modul1<\/a><br \/><a href=\"https:\/\/www.umfst.ro\/fileadmin\/f_inginerie\/planuri_rapoarte\/Raport_privind_satisfactia_studentilor_Inginerie_2024-2025.pdf\">2024-2025<\/a>\u00a0 <a href=\"https:\/\/www.umfst.ro\/fileadmin\/f_inginerie\/planuri_rapoarte\/2025\/FITI_Raport eval cd_studenti_Modul 4.pdf\" data-wplink-url-error=\"true\">2024-2025-Modul4<\/a> <a href=\"https:\/\/www.umfst.ro\/fileadmin\/f_inginerie\/planuri_rapoarte\/2025\/FITI_Raport eval cd_studenti_Modul 3.pdf\">2024-2025-Modul3<\/a> \u00a0 <a href=\"https:\/\/www.umfst.ro\/fileadmin\/f_inginerie\/planuri_rapoarte\/2025\/FITI_Raport eval cd_studenti_Modul 2.pdf\">2024-2025-Modul2<\/a> \u00a0<a href=\"https:\/\/www.umfst.ro\/fileadmin\/f_inginerie\/planuri_rapoarte\/2025\/FITI_Raport eval cd_studenti_Modul 1.pdf\">2024-2025-Modul1<\/a> \u00a0<a href=\"https:\/\/www.umfst.ro\/fileadmin\/f_inginerie\/planuri_rapoarte\/Raport_privind_satisfactia_studentilor_Inginerie_2023-2024.pdf\">2023-2024<\/a><\/p><p>Raport privind satisfac\u021bia absolven\u021bilor<\/p><p><a href=\"https:\/\/www.umfst.ro\/fileadmin\/f_inginerie\/planuri_rapoarte\/2026\/Raport_satisf_abs_2025.pdf\">2025<\/a><\/p><\/div>\n\t\t\t\t\t\t\t<\/div>\n\t\t\t\t\t\t<\/div><div class=\"jet-accordion__item jet-toggle jet-toggle-move-up-effect\">\n\t\t\t\t\t\t\t<div id=\"jet-toggle-control-2464\" class=\"jet-toggle__control elementor-menu-anchor\" data-toggle=\"4\" role=\"button\" tabindex=\"0\" aria-controls=\"jet-toggle-content-2464\" aria-expanded=\"false\" data-template-id=\"false\">\n\t\t\t\t\t\t\t\t<div class=\"jet-toggle__label-icon jet-toggle-icon-position-right\"><span class=\"jet-toggle__icon icon-normal jet-tabs-icon\"><svg xmlns=\"http:\/\/www.w3.org\/2000\/svg\" viewbox=\"0 0 448 512\"><path d=\"M256 80c0-17.7-14.3-32-32-32s-32 14.3-32 32V224H48c-17.7 0-32 14.3-32 32s14.3 32 32 32H192V432c0 17.7 14.3 32 32 32s32-14.3 32-32V288H400c17.7 0 32-14.3 32-32s-14.3-32-32-32H256V80z\"><\/path><\/svg><\/span><span class=\"jet-toggle__icon icon-active jet-tabs-icon\"><svg xmlns=\"http:\/\/www.w3.org\/2000\/svg\" viewbox=\"0 0 448 512\"><path d=\"M432 256c0 17.7-14.3 32-32 32L48 288c-17.7 0-32-14.3-32-32s14.3-32 32-32l352 0c17.7 0 32 14.3 32 32z\"><\/path><\/svg><\/span><\/div><div class=\"jet-toggle__label-text\">Committee for Counseling and Career Guidance<\/div>\t\t\t\t\t\t\t<\/div>\n\t\t\t\t\t\t\t<div id=\"jet-toggle-content-2464\" class=\"jet-toggle__content\" data-toggle=\"4\" role=\"region\" data-template-id=\"false\">\n\t\t\t\t\t\t\t\t<div class=\"jet-toggle__content-inner\"><p><strong>Pre<\/strong><strong>\u0219edinte<br \/><\/strong>Lector dr.ec. Veres Cristina<\/p><p><strong>Membri <br \/><\/strong><\/p><p>Conf. dr. ing. Adrian Gligor <br \/>Conf. dr. ing. Mihaela Bucur<br \/>Conf. dr. ing. Cristian Dumitru<br \/>\u0218ef lucr. dr. ing. Liviu Pop<br \/>\u0218ef lucr. dr.ing. Peti Ferencz<\/p><p><a href=\"https:\/\/www.umfst.ro\/fileadmin\/f_inginerie\/materiale\/comisii\/Regulament_Comisie_Consiliere_Cariera.pdf\">Regulament <\/a><\/p><p><a href=\"https:\/\/www.umfst.ro\/fileadmin\/f_inginerie\/planuri_rapoarte\/2025\/Raport_Consiliere_cariera_FITI_2025.pdf\">Raport 2025<\/a><\/p><\/div>\n\t\t\t\t\t\t\t<\/div>\n\t\t\t\t\t\t<\/div><div class=\"jet-accordion__item jet-toggle jet-toggle-move-up-effect\">\n\t\t\t\t\t\t\t<div id=\"jet-toggle-control-2465\" class=\"jet-toggle__control elementor-menu-anchor\" data-toggle=\"5\" role=\"button\" tabindex=\"0\" aria-controls=\"jet-toggle-content-2465\" aria-expanded=\"false\" data-template-id=\"false\">\n\t\t\t\t\t\t\t\t<div class=\"jet-toggle__label-icon jet-toggle-icon-position-right\"><span class=\"jet-toggle__icon icon-normal jet-tabs-icon\"><svg xmlns=\"http:\/\/www.w3.org\/2000\/svg\" viewbox=\"0 0 448 512\"><path d=\"M256 80c0-17.7-14.3-32-32-32s-32 14.3-32 32V224H48c-17.7 0-32 14.3-32 32s14.3 32 32 32H192V432c0 17.7 14.3 32 32 32s32-14.3 32-32V288H400c17.7 0 32-14.3 32-32s-14.3-32-32-32H256V80z\"><\/path><\/svg><\/span><span class=\"jet-toggle__icon icon-active jet-tabs-icon\"><svg xmlns=\"http:\/\/www.w3.org\/2000\/svg\" viewbox=\"0 0 448 512\"><path d=\"M432 256c0 17.7-14.3 32-32 32L48 288c-17.7 0-32-14.3-32-32s14.3-32 32-32l352 0c17.7 0 32 14.3 32 32z\"><\/path><\/svg><\/span><\/div><div class=\"jet-toggle__label-text\">Committee for Scientific Research<\/div>\t\t\t\t\t\t\t<\/div>\n\t\t\t\t\t\t\t<div id=\"jet-toggle-content-2465\" class=\"jet-toggle__content\" data-toggle=\"5\" role=\"region\" data-template-id=\"false\">\n\t\t\t\t\t\t\t\t<div class=\"jet-toggle__content-inner\"><p><strong>Pre<\/strong><strong>\u0219edinte <br \/><\/strong>Conf. dr. ing. Adrian Gligor<\/p><p><strong>Membri <br \/><\/strong>Prof. dr. ing. Dorin Bic\u0103<br \/>\u0218ef lucr. dr. ing. Sorin Albu<br \/>Prof. dr. abil. Iantovics Barna<br \/>Asist. cercetare Vlad Ani\u021bei <br \/>Masterand Sergiu Caliniuc &#8211; SACPI<br \/>Student Thomas Vigneau-\u0218ugar \u2013 IMD<br \/>Student M\u0103r\u0103ndoiu Horia-Mihail \u2013 AIA<\/p><p><a href=\"https:\/\/www.umfst.ro\/fileadmin\/f_inginerie\/materiale\/comisii\/Regulament_Comisie_CC-_FITI.pdf\">Regulament <\/a><\/p><p><a href=\"https:\/\/www.umfst.ro\/fileadmin\/f_inginerie\/materiale\/comisii\/FITI-evaluarea_perf_stiintifice-2020-2024.pdf\">Evaluarea performan\u021belor \u0219tiin\u021bifice 2020 &#8211; 2024<\/a><\/p><p><a href=\"https:\/\/www.umfst.ro\/fileadmin\/f_inginerie\/planuri_rapoarte\/2024\/Raportul Comisiei de Cercetare_ FITI_2024.pdf\" data-wplink-url-error=\"true\">Raport 2024<\/a><\/p><\/div>\n\t\t\t\t\t\t\t<\/div>\n\t\t\t\t\t\t<\/div><div class=\"jet-accordion__item jet-toggle jet-toggle-move-up-effect\">\n\t\t\t\t\t\t\t<div id=\"jet-toggle-control-2466\" class=\"jet-toggle__control elementor-menu-anchor\" data-toggle=\"6\" role=\"button\" tabindex=\"0\" aria-controls=\"jet-toggle-content-2466\" aria-expanded=\"false\" data-template-id=\"false\">\n\t\t\t\t\t\t\t\t<div class=\"jet-toggle__label-icon jet-toggle-icon-position-right\"><span class=\"jet-toggle__icon icon-normal jet-tabs-icon\"><svg xmlns=\"http:\/\/www.w3.org\/2000\/svg\" viewbox=\"0 0 448 512\"><path d=\"M256 80c0-17.7-14.3-32-32-32s-32 14.3-32 32V224H48c-17.7 0-32 14.3-32 32s14.3 32 32 32H192V432c0 17.7 14.3 32 32 32s32-14.3 32-32V288H400c17.7 0 32-14.3 32-32s-14.3-32-32-32H256V80z\"><\/path><\/svg><\/span><span class=\"jet-toggle__icon icon-active jet-tabs-icon\"><svg xmlns=\"http:\/\/www.w3.org\/2000\/svg\" viewbox=\"0 0 448 512\"><path d=\"M432 256c0 17.7-14.3 32-32 32L48 288c-17.7 0-32-14.3-32-32s14.3-32 32-32l352 0c17.7 0 32 14.3 32 32z\"><\/path><\/svg><\/span><\/div><div class=\"jet-toggle__label-text\">Committee for ECTS recognition<\/div>\t\t\t\t\t\t\t<\/div>\n\t\t\t\t\t\t\t<div id=\"jet-toggle-content-2466\" class=\"jet-toggle__content\" data-toggle=\"6\" role=\"region\" data-template-id=\"false\">\n\t\t\t\t\t\t\t\t<div class=\"jet-toggle__content-inner\"><p><strong>Pre<\/strong><strong>\u0219edinte <br \/><\/strong>Prof.dr.abil.ing. Liviu Moldovan<\/p><p><strong>Membri<br \/><\/strong>Conf. dr. ing. Lefkovits Szid\u00f3nia<br \/>Conf. dr. ing. Cristian Dumitru<br \/>\u0218ef lucr. dr. ing. Sorin Albu<br \/>\u0218ef lucr. dr. ing. Barab\u00e1s Albert Zsolt<br \/>\u0218ef lucr. dr. ing. Adrian Duka<br \/>Conf. dr. arh. Mara Popescu<br \/>Nicoleta-Cristina SAB\u0102U &#8211; secr. \u0219ef facultate<br \/>Kinga-Imola Girlonta &#8211; secr. facultate<br \/>Dana-Aurora BAIAS &#8211; secr. facultate<\/p><p><a href=\"https:\/\/www.umfst.ro\/fileadmin\/f_inginerie\/materiale\/comisii\/Regulament_Comisie_Recunoastere_credite_ECTS.pdf\">Regulament <\/a><\/p><p><a href=\"https:\/\/www.umfst.ro\/fileadmin\/f_inginerie\/planuri_rapoarte\/2026\/Raport_comisie_Rec_credite__FITI_2025.pdf\">Raport 2025<\/a><\/p><\/div>\n\t\t\t\t\t\t\t<\/div>\n\t\t\t\t\t\t<\/div><div class=\"jet-accordion__item jet-toggle jet-toggle-move-up-effect\">\n\t\t\t\t\t\t\t<div id=\"jet-toggle-control-2467\" class=\"jet-toggle__control elementor-menu-anchor\" data-toggle=\"7\" role=\"button\" tabindex=\"0\" aria-controls=\"jet-toggle-content-2467\" aria-expanded=\"false\" data-template-id=\"false\">\n\t\t\t\t\t\t\t\t<div class=\"jet-toggle__label-icon jet-toggle-icon-position-right\"><span class=\"jet-toggle__icon icon-normal jet-tabs-icon\"><svg xmlns=\"http:\/\/www.w3.org\/2000\/svg\" viewbox=\"0 0 448 512\"><path d=\"M256 80c0-17.7-14.3-32-32-32s-32 14.3-32 32V224H48c-17.7 0-32 14.3-32 32s14.3 32 32 32H192V432c0 17.7 14.3 32 32 32s32-14.3 32-32V288H400c17.7 0 32-14.3 32-32s-14.3-32-32-32H256V80z\"><\/path><\/svg><\/span><span class=\"jet-toggle__icon icon-active jet-tabs-icon\"><svg xmlns=\"http:\/\/www.w3.org\/2000\/svg\" viewbox=\"0 0 448 512\"><path d=\"M432 256c0 17.7-14.3 32-32 32L48 288c-17.7 0-32-14.3-32-32s14.3-32 32-32l352 0c17.7 0 32 14.3 32 32z\"><\/path><\/svg><\/span><\/div><div class=\"jet-toggle__label-text\">Committee for Students Problems<\/div>\t\t\t\t\t\t\t<\/div>\n\t\t\t\t\t\t\t<div id=\"jet-toggle-content-2467\" class=\"jet-toggle__content\" data-toggle=\"7\" role=\"region\" data-template-id=\"false\">\n\t\t\t\t\t\t\t\t<div class=\"jet-toggle__content-inner\"><p><strong>Pre<\/strong><strong>\u0219edinte <br \/><\/strong>Conf. dr. ing. Mihaela Bucur<\/p><p><strong>Membri<br \/><\/strong>Prof. dr. ing. Szil\u00e1gyi S\u00e1ndor Mikl\u00f3s<br \/>Conf. dr. arh. Mara Popescu<br \/>Conf. dr. ing. Cristian Dumitru<br \/>\u0218ef lucr. dr. ing. Adrian Duka<br \/>\u0218ef lucr. dr. ing. Sorin Albu<br \/>Lector. dr. ing. Bogdan Crainicu<br \/>\u0218ef lucr. dr. ing. Barab\u00e1s Albert Zsolt<br \/>Student Dandu Horia \u2013 ETI<br \/>Student Vultur Mihai-Ovidiu &#8211; IEI<\/p><p><a href=\"https:\/\/www.umfst.ro\/fileadmin\/f_inginerie\/materiale\/comisii\/Regulament_CPS_FITI.pdf\">Regulament<\/a><\/p><p><a href=\"https:\/\/www.umfst.ro\/fileadmin\/f_inginerie\/planuri_rapoarte\/2025\/Raport_CPS__FITI_2025.pdf\">Raport 2025<\/a><\/p><\/div>\n\t\t\t\t\t\t\t<\/div>\n\t\t\t\t\t\t<\/div>\t\t\t<\/div>\n\t\t<\/div>\n\t\t\t\t\t\t<\/div>\n\t\t\t\t<\/div>\n\t\t\t\t\t<\/div>\n\t\t<\/div>\n\t\t\t\t\t<\/div>\n\t\t<\/section>\n\t\t\t\t<\/div>","protected":false},"excerpt":{"rendered":"<p>Comisia pentru rela\u021bia cu mediul economic &#8211; microproduc\u021bie Pre\u0219edinte Conf.dr.ing. Gabriela Strnad Membri \u0218ef lucr. dr. ing. Sorina Moica\u0218ef lucr. dr. ing. Cazacu R\u0103zvan\u0218ef lucr. dr. ing. Barab\u00e1s Albert Zsolt\u0218ef lucr. dr.ing. Late\u0219 DanielAsistent drd. Bogdan MariaStudent S\u0103b\u0103u Alexandru-Daniel &#8211; IMD Regulament Raport 2025 Comisia Smart Faculty Pre\u0219edinteLector dr. ing. Bogdan Crainicu Membri Conf. dr. [&hellip;]<\/p>\n","protected":false},"author":4,"featured_media":0,"parent":29,"menu_order":3,"comment_status":"closed","ping_status":"closed","template":"","meta":{"_relevanssi_hide_post":"","_relevanssi_hide_content":"","_relevanssi_pin_for_all":"","_relevanssi_pin_keywords":"","_relevanssi_unpin_keywords":"","_relevanssi_related_keywords":"","_relevanssi_related_include_ids":"","_relevanssi_related_exclude_ids":"","_relevanssi_related_no_append":"","_relevanssi_related_not_related":"","_relevanssi_related_posts":"1","_relevanssi_noindex_reason":"","footnotes":""},"categories":[13,43],"tags":[],"class_list":["post-39","page","type-page","status-publish","hentry","category-pagina-cu-sidebar","category-pagina-organizare"],"meta_box":[],"_links":{"self":[{"href":"https:\/\/umfst.ro\/inginerie\/en\/wp-json\/wp\/v2\/pages\/39","targetHints":{"allow":["GET"]}}],"collection":[{"href":"https:\/\/umfst.ro\/inginerie\/en\/wp-json\/wp\/v2\/pages"}],"about":[{"href":"https:\/\/umfst.ro\/inginerie\/en\/wp-json\/wp\/v2\/types\/page"}],"author":[{"embeddable":true,"href":"https:\/\/umfst.ro\/inginerie\/en\/wp-json\/wp\/v2\/users\/4"}],"replies":[{"embeddable":true,"href":"https:\/\/umfst.ro\/inginerie\/en\/wp-json\/wp\/v2\/comments?post=39"}],"version-history":[{"count":163,"href":"https:\/\/umfst.ro\/inginerie\/en\/wp-json\/wp\/v2\/pages\/39\/revisions"}],"predecessor-version":[{"id":4196,"href":"https:\/\/umfst.ro\/inginerie\/en\/wp-json\/wp\/v2\/pages\/39\/revisions\/4196"}],"up":[{"embeddable":true,"href":"https:\/\/umfst.ro\/inginerie\/en\/wp-json\/wp\/v2\/pages\/29"}],"wp:attachment":[{"href":"https:\/\/umfst.ro\/inginerie\/en\/wp-json\/wp\/v2\/media?parent=39"}],"wp:term":[{"taxonomy":"category","embeddable":true,"href":"https:\/\/umfst.ro\/inginerie\/en\/wp-json\/wp\/v2\/categories?post=39"},{"taxonomy":"post_tag","embeddable":true,"href":"https:\/\/umfst.ro\/inginerie\/en\/wp-json\/wp\/v2\/tags?post=39"}],"curies":[{"name":"wp","href":"https:\/\/api.w.org\/{rel}","templated":true}]}}