{"id":49,"date":"2022-11-20T16:46:26","date_gmt":"2022-11-20T16:46:26","guid":{"rendered":"https:\/\/dev.umfst.ro\/inginerie\/?page_id=49"},"modified":"2025-07-16T12:38:57","modified_gmt":"2025-07-16T12:38:57","slug":"departamente","status":"publish","type":"page","link":"https:\/\/umfst.ro\/inginerie\/en\/departamente\/","title":{"rendered":"Departments"},"content":{"rendered":"<div data-elementor-type=\"wp-page\" data-elementor-id=\"49\" class=\"elementor elementor-49\" data-elementor-post-type=\"page\">\n\t\t\t\t\t\t<section class=\"elementor-section elementor-top-section elementor-element elementor-element-29899ac0 elementor-section-boxed elementor-section-height-default elementor-section-height-default\" data-id=\"29899ac0\" data-element_type=\"section\" data-e-type=\"section\">\n\t\t\t\t\t\t<div class=\"elementor-container elementor-column-gap-default\">\n\t\t\t\t\t<div class=\"elementor-column elementor-col-100 elementor-top-column elementor-element elementor-element-ce167d4\" data-id=\"ce167d4\" data-element_type=\"column\" data-e-type=\"column\">\n\t\t\t<div class=\"elementor-widget-wrap elementor-element-populated\">\n\t\t\t\t\t\t<div class=\"elementor-element elementor-element-3412adc7 elementor-widget elementor-widget-text-editor\" data-id=\"3412adc7\" data-element_type=\"widget\" data-e-type=\"widget\" data-widget_type=\"text-editor.default\">\n\t\t\t\t<div class=\"elementor-widget-container\">\n\t\t\t\t\t\t\t\t\t\n<h2 class=\"wp-block-heading\">Departamentele Facult\u0103\u021bii de Inginerie \u0219i Tehnologia Informa\u021biei<\/h2>\n\t\t\t\t\t\t\t\t<\/div>\n\t\t\t\t<\/div>\n\t\t\t\t\t<\/div>\n\t\t<\/div>\n\t\t\t\t\t<\/div>\n\t\t<\/section>\n\t\t\t\t<section class=\"elementor-section elementor-top-section elementor-element elementor-element-54f75e4 elementor-section-boxed elementor-section-height-default elementor-section-height-default\" data-id=\"54f75e4\" data-element_type=\"section\" data-e-type=\"section\">\n\t\t\t\t\t\t<div class=\"elementor-container elementor-column-gap-default\">\n\t\t\t\t\t<div class=\"elementor-column elementor-col-100 elementor-top-column elementor-element elementor-element-14d5523\" data-id=\"14d5523\" data-element_type=\"column\" data-e-type=\"column\">\n\t\t\t<div class=\"elementor-widget-wrap elementor-element-populated\">\n\t\t\t\t\t\t<div class=\"elementor-element elementor-element-571ed5e elementor-widget elementor-widget-jet-accordion\" data-id=\"571ed5e\" data-element_type=\"widget\" data-e-type=\"widget\" data-widget_type=\"jet-accordion.default\">\n\t\t\t\t<div class=\"elementor-widget-container\">\n\t\t\t\t\t\t\t\t\t<div class=\"jet-accordion\" data-settings=\"{&quot;collapsible&quot;:false,&quot;ajaxTemplate&quot;:false,&quot;switchScrolling&quot;:false,&quot;switchScrollingTablet&quot;:false,&quot;switchScrollingMobile&quot;:false,&quot;switchScrollingOffset&quot;:{&quot;size&quot;:0,&quot;unit&quot;:&quot;px&quot;},&quot;switchScrollingOffsetTablet&quot;:{&quot;size&quot;:0,&quot;unit&quot;:&quot;px&quot;},&quot;switchScrollingOffsetMobile&quot;:{&quot;size&quot;:0,&quot;unit&quot;:&quot;px&quot;},&quot;switchScrollingDelay&quot;:500,&quot;switchScrollingDelayTablet&quot;:500,&quot;switchScrollingDelayMobile&quot;:500}\">\n\t\t\t<div class=\"jet-accordion__inner\">\n\t\t\t\t<div class=\"jet-accordion__item jet-toggle jet-toggle-move-up-effect\">\n\t\t\t\t\t\t\t<div id=\"jet-toggle-control-9131\" class=\"jet-toggle__control elementor-menu-anchor\" data-toggle=\"1\" role=\"button\" tabindex=\"0\" aria-controls=\"jet-toggle-content-9131\" aria-expanded=\"false\" data-template-id=\"false\">\n\t\t\t\t\t\t\t\t<div class=\"jet-toggle__label-icon jet-toggle-icon-position-right\"><span class=\"jet-toggle__icon icon-normal jet-tabs-icon\"><svg xmlns=\"http:\/\/www.w3.org\/2000\/svg\" viewbox=\"0 0 448 512\"><path d=\"M256 80c0-17.7-14.3-32-32-32s-32 14.3-32 32V224H48c-17.7 0-32 14.3-32 32s14.3 32 32 32H192V432c0 17.7 14.3 32 32 32s32-14.3 32-32V288H400c17.7 0 32-14.3 32-32s-14.3-32-32-32H256V80z\"><\/path><\/svg><\/span><span class=\"jet-toggle__icon icon-active jet-tabs-icon\"><svg xmlns=\"http:\/\/www.w3.org\/2000\/svg\" viewbox=\"0 0 448 512\"><path d=\"M432 256c0 17.7-14.3 32-32 32L48 288c-17.7 0-32-14.3-32-32s14.3-32 32-32l352 0c17.7 0 32 14.3 32 32z\"><\/path><\/svg><\/span><\/div><div class=\"jet-toggle__label-text\">Inginerie Industrial\u0103 \u0219i Management<\/div>\t\t\t\t\t\t\t<\/div>\n\t\t\t\t\t\t\t<div id=\"jet-toggle-content-9131\" class=\"jet-toggle__content\" data-toggle=\"1\" role=\"region\" data-template-id=\"false\">\n\t\t\t\t\t\t\t\t<div class=\"jet-toggle__content-inner\"><p><strong>Director de departament<\/strong><strong><br \/><\/strong>\u0218ef lucr. dr. ing. Sorin\u2013Cristian Albu &#8211; <a href=\"https:\/\/www.umfst.ro\/fileadmin\/f_inginerie\/materiale\/CV\/DIIM\/CV_Albu%20S.pdf\">CV<\/a><\/p>\n<p><strong>\u00a0<\/strong><\/p>\n<p><strong>Consiliul departamentului<\/strong><\/p>\n<p>Prof. univ. dr. abil. ing. Moldovan Liviu &#8211; <a href=\"https:\/\/www.umfst.ro\/fileadmin\/f_inginerie\/materiale\/CV\/DIIM\/CV_Moldovan_L.pdf\">CV<\/a><br \/>Conf. univ. dr. ing. Strnad Gabriela &#8211; <a href=\"https:\/\/www.umfst.ro\/fileadmin\/f_inginerie\/materiale\/CV\/DIIM\/CV_Strnad G.pdf\">CV<\/a><br \/>Conf. univ. dr. ing. Bucur Mihaela &#8211; <a href=\"https:\/\/www.umfst.ro\/fileadmin\/f_inginerie\/materiale\/CV\/DIIM\/CV_BucurM.pdf\">CV<\/a><br \/>Conf. univ. dr. arh. Popescu Mara &#8211; <a href=\"https:\/\/www.umfst.ro\/fileadmin\/f_inginerie\/materiale\/CV\/DIIM\/CV_Popescu M.pdf\">CV<\/a><br \/>\u0218ef lucr. dr. ing. Albu Sorin &#8211; Cristian &#8211; <a href=\"https:\/\/www.umfst.ro\/fileadmin\/f_inginerie\/materiale\/CV\/DIIM\/CV_Albu%20S.pdf\">CV<\/a><br \/>Lector dr. Cristescu Mona &#8211; <a href=\"https:\/\/www.umfst.ro\/fileadmin\/f_inginerie\/materiale\/CV\/DIIM\/CV_Cristescu M.pdf\">CV<\/a><br \/>\u0218ef lucr. dr. ing. Cazacu R\u0103zvan &#8211; <a href=\"https:\/\/www.umfst.ro\/fileadmin\/f_inginerie\/materiale\/CV\/DIIM\/CV_Cazacu R.pdf\">CV<\/a><br \/><strong>\u00a0<br \/><\/strong><strong>Colectivul departamentului<br \/><\/strong>Prof. univ. dr. abil. ing. Moldovan Liviu &#8211; <a href=\"https:\/\/www.umfst.ro\/fileadmin\/f_inginerie\/materiale\/CV\/DIIM\/CV_Moldovan_L.pdf\">CV<\/a><br \/>Prof. univ. dr. abil. P\u00e9ter Ildik\u00f3 &#8211; <a href=\"https:\/\/www.umfst.ro\/fileadmin\/f_inginerie\/materiale\/CV\/DIIM\/CV_Peter I.pdf\">CV<\/a><br \/>Conf. univ. dr. ing. Bucur Mihaela &#8211; <a href=\"https:\/\/www.umfst.ro\/fileadmin\/f_inginerie\/materiale\/CV\/DIIM\/CV_BucurM.pdf\">CV<\/a><br \/>Conf. univ. dr. ing. Bucur Bogdan &#8211; <a href=\"https:\/\/www.umfst.ro\/fileadmin\/f_inginerie\/materiale\/CV\/DIIM\/CV_Bucur_Bogdan.pdf\">CV<\/a><br \/>Conf. univ. dr. Finta B\u00e9la &#8211; <a href=\"https:\/\/www.umfst.ro\/fileadmin\/f_inginerie\/materiale\/CV\/DIIM\/CV_Finta B.pdf\">CV<\/a><br \/>Conf. univ. dr. arh. Firimi\u021b\u0103 \u0218tefan &#8211; <a href=\"https:\/\/www.umfst.ro\/fileadmin\/f_inginerie\/materiale\/CV\/DIIM\/CV_STEFAN-FIRIMITA.pdf\">CV<\/a> <br \/>Conf. univ. dr. Modrea Arina &#8211; <a href=\"https:\/\/www.umfst.ro\/fileadmin\/f_inginerie\/materiale\/CV\/DIIM\/CV_Modrea_Arina.pdf\">CV<\/a><br \/>Conf. univ. dr. ing. Nu\u0163iu Emil &#8211; <a href=\"https:\/\/www.umfst.ro\/fileadmin\/f_inginerie\/materiale\/CV\/DIIM\/CV_Nutiu_Emil.pdf\">CV<\/a><br \/>Conf. univ. dr. arh. Popescu Mara &#8211; <a href=\"https:\/\/www.umfst.ro\/fileadmin\/f_inginerie\/materiale\/CV\/DIIM\/CV_Popescu M.pdf\">CV<\/a><br \/>Conf. univ. dr. ing. Pozd\u00eerc\u0103 Alexandru &#8211; <a href=\"https:\/\/www.umfst.ro\/fileadmin\/f_inginerie\/materiale\/CV\/DIIM\/CV_Pozdirca A.pdf\">CV<\/a><br \/>Conf. univ. dr. ing. Strnad Gabriela &#8211; <a href=\"https:\/\/www.umfst.ro\/fileadmin\/f_inginerie\/materiale\/CV\/DIIM\/CV_Strnad G.pdf\">CV<\/a><br \/>\u0218ef lucr. dr. ing. Albu Sorin &#8211; <a href=\"https:\/\/www.umfst.ro\/fileadmin\/f_inginerie\/materiale\/CV\/DIIM\/CV_Albu%20S.pdf\">CV<\/a><br \/>Lector dr. Bogdan Marcel &#8211; <a href=\"https:\/\/www.umfst.ro\/fileadmin\/f_inginerie\/materiale\/CV\/DIIM\/CV_Bogdan Marcel.pdf\">CV<\/a><br \/>\u0218ef lucr. dr. ing. Cazacu R\u0103zvan &#8211; <a href=\"https:\/\/www.umfst.ro\/fileadmin\/f_inginerie\/materiale\/CV\/DIIM\/CV_Cazacu R.pdf\">CV<\/a><br \/>\u0218ef lucr. dr. ing. Che\u0163an Paul &#8211; <a href=\"https:\/\/www.umfst.ro\/fileadmin\/f_inginerie\/materiale\/CV\/DIIM\/CV_Chetan P.pdf\">CV<\/a><br \/>Lector dr. Cristescu Mona &#8211; <a href=\"https:\/\/www.umfst.ro\/fileadmin\/f_inginerie\/materiale\/CV\/DIIM\/CV_Cristescu M.pdf\">CV<\/a><br \/>\u0218ef lucr. dr. ing. Late\u0219 Daniel &#8211; <a href=\"https:\/\/www.umfst.ro\/fileadmin\/f_inginerie\/materiale\/CV\/DIIM\/CV_Lates D.pdf\" data-wplink-url-error=\"true\">CV<\/a><br \/>Lector dr. M\u0103rginean Diana &#8211; <a href=\"https:\/\/www.umfst.ro\/fileadmin\/f_inginerie\/materiale\/CV\/DIIM\/CV_Marginean D.pdf\">CV<\/a><br \/>\u0218ef lucr. dr. ing. Moica Sorina &#8211; <a href=\"https:\/\/www.umfst.ro\/fileadmin\/f_inginerie\/materiale\/CV\/DIIM\/CV_Moica S.pdf\" data-wplink-url-error=\"true\">CV<\/a><br \/>\u0218ef lucr. dr. ing. Peti Ferencz &#8211; <a href=\"https:\/\/www.umfst.ro\/fileadmin\/f_inginerie\/materiale\/CV\/DIIM\/CV_Peti F.pdf\">CV<\/a><br \/>\u0218ef lucr. dr. ing. Pop Liviu &#8211; <a href=\"https:\/\/www.umfst.ro\/fileadmin\/f_inginerie\/materiale\/CV\/DIIM\/CV_Pop_Liviu.pdf\">CV<\/a><br \/>\u0218ef lucr. dr. ing. \u0218imon Mihai &#8211; <a href=\"https:\/\/www.umfst.ro\/fileadmin\/f_inginerie\/materiale\/CV\/DIIM\/CV_Simon_Mihai.pdf\">CV<\/a><br \/>Lector. dr. ec. Vere\u0219 Cristina &#8211; <a href=\"https:\/\/www.umfst.ro\/fileadmin\/f_inginerie\/materiale\/CV\/DIIM\/CV_Veres C.pdf\">CV<\/a><br \/>Asistent drd. Bogdan Maria &#8211; <a href=\"https:\/\/www.umfst.ro\/fileadmin\/f_inginerie\/materiale\/CV\/DIIM\/V_Bogdan M.pdf\">CV<\/a><br \/>Asistent drd. Trif Stephany Emma &#8211; <a href=\"https:\/\/www.umfst.ro\/fileadmin\/f_inginerie\/materiale\/CV\/DIIM\/CV_TRIF.S.E.pdf\">CV<\/a>\u00a0<\/p>\n<p><a href=\"https:\/\/www.umfst.ro\/fileadmin\/f_inginerie\/materiale\/2025\/Plan_strategic_cercetare_DIIM_2024-2029.pdf\">Plan_strategic_cercetare_DIIM_2024-2029<\/a><br \/><a href=\"https:\/\/www.umfst.ro\/fileadmin\/f_inginerie\/materiale\/2025\/Plan_operational_de_cercetare_DIIM_2025.pdf\">Plan_operational_de_cercetare_DIIM_2025<\/a><\/p><\/div>\n\t\t\t\t\t\t\t<\/div>\n\t\t\t\t\t\t<\/div><div class=\"jet-accordion__item jet-toggle jet-toggle-move-up-effect\">\n\t\t\t\t\t\t\t<div id=\"jet-toggle-control-9132\" class=\"jet-toggle__control elementor-menu-anchor\" data-toggle=\"2\" role=\"button\" tabindex=\"0\" aria-controls=\"jet-toggle-content-9132\" aria-expanded=\"false\" data-template-id=\"false\">\n\t\t\t\t\t\t\t\t<div class=\"jet-toggle__label-icon jet-toggle-icon-position-right\"><span class=\"jet-toggle__icon icon-normal jet-tabs-icon\"><svg xmlns=\"http:\/\/www.w3.org\/2000\/svg\" viewbox=\"0 0 448 512\"><path d=\"M256 80c0-17.7-14.3-32-32-32s-32 14.3-32 32V224H48c-17.7 0-32 14.3-32 32s14.3 32 32 32H192V432c0 17.7 14.3 32 32 32s32-14.3 32-32V288H400c17.7 0 32-14.3 32-32s-14.3-32-32-32H256V80z\"><\/path><\/svg><\/span><span class=\"jet-toggle__icon icon-active jet-tabs-icon\"><svg xmlns=\"http:\/\/www.w3.org\/2000\/svg\" viewbox=\"0 0 448 512\"><path d=\"M432 256c0 17.7-14.3 32-32 32L48 288c-17.7 0-32-14.3-32-32s14.3-32 32-32l352 0c17.7 0 32 14.3 32 32z\"><\/path><\/svg><\/span><\/div><div class=\"jet-toggle__label-text\">Inginerie Electric\u0103 \u0219i Tehnologia Informa\u021biei<\/div>\t\t\t\t\t\t\t<\/div>\n\t\t\t\t\t\t\t<div id=\"jet-toggle-content-9132\" class=\"jet-toggle__content\" data-toggle=\"2\" role=\"region\" data-template-id=\"false\">\n\t\t\t\t\t\t\t\t<div class=\"jet-toggle__content-inner\"><p><strong>Director de departament<\/strong><strong><br \/><\/strong>Prof. univ. dr. ing. Bic\u0103 Dorin &#8211; <a href=\"https:\/\/www.umfst.ro\/fileadmin\/f_inginerie\/materiale\/CV\/DIETI\/CV_Bica_Dorin.pdf\">CV<\/a><\/p>\n<p><strong>Consiliul departamentului<br \/><\/strong>Prof. dr. ing. Bic\u0103 Dorin &#8211; <a href=\"https:\/\/www.umfst.ro\/fileadmin\/f_inginerie\/materiale\/CV\/DIETI\/CV_Bica_Dorin.pdf\">CV<\/a><br \/>Prof. dr. abil. ing. Szil\u00e1gyi S\u00e1ndor Mikl\u00f3s &#8211; <a href=\"https:\/\/www.umfst.ro\/fileadmin\/f_inginerie\/materiale\/CV\/DIETI\/CV_Szilagyi_Sandor.pdf\">CV<\/a><br \/>Conf. univ. dr. ing. Lefkovits Szidonia &#8211; <a href=\"https:\/\/www.umfst.ro\/fileadmin\/f_inginerie\/materiale\/CV\/DIETI\/CV_Lefkovits_S.pdf\">CV<\/a><br \/>Conf. univ. dr. ing. Dumitru Cristian &#8211; <a href=\"https:\/\/www.umfst.ro\/fileadmin\/f_inginerie\/materiale\/CV\/DIETI\/CV_Dumitru_C.pdf\">CV<\/a><br \/>\u0218ef lucr. dr. ing. Oltean Stelian &#8211; <a href=\"https:\/\/www.umfst.ro\/fileadmin\/f_inginerie\/materiale\/CV\/DIETI\/CV_Oltean_S.pdf\">CV<\/a><br \/>\u0218ef lucr. dr. ing. Duka Adrian Vasile &#8211; <a href=\"https:\/\/www.umfst.ro\/fileadmin\/f_inginerie\/materiale\/CV\/DIETI\/CV_Duka_Adrian.pdf\">CV<\/a><br \/>Lector dr. ing. Bogdan Crainicu &#8211; <a href=\"https:\/\/www.umfst.ro\/fileadmin\/f_inginerie\/materiale\/CV\/DIETI\/CV_Crainicu_B.pdf\">CV<\/a><\/p>\n<p><strong>Colectivul departamentului<br \/><\/strong>Prof. univ. dr. ing. Bic\u0103 Dorin &#8211; <a href=\"https:\/\/www.umfst.ro\/fileadmin\/f_inginerie\/materiale\/CV\/DIETI\/CV_Bica_Dorin.pdf\">CV<\/a><br \/>Prof. univ. dr. C\u0103lin En\u0103chescu &#8211; <a href=\"https:\/\/www.umfst.ro\/fileadmin\/f_inginerie\/materiale\/CV\/DIETI\/CV_Enachescu_C.pdf\">CV<\/a><br \/>Prof. abil. dr. ing. Genge B\u00e9la &#8211; <a href=\"https:\/\/www.umfst.ro\/fileadmin\/f_inginerie\/materiale\/CV\/DIETI\/CV_Genge_Bela.pdf\">CV<\/a><br \/>Prof. dr. abil. Iantovics L\u00e1szl\u00f3 Barna &#8211; <a href=\"https:\/\/www.umfst.ro\/fileadmin\/f_inginerie\/materiale\/CV\/DIETI\/CV_Iantovics_LB.pdf\">CV<\/a><br \/>Prof. dr. abil. ing. Szil\u00e1gyi S\u00e1ndor Mikl\u00f3s &#8211; <a href=\"https:\/\/www.umfst.ro\/fileadmin\/f_inginerie\/materiale\/CV\/DIETI\/CV_Szilagyi_Sandor.pdf\">CV<\/a><br \/>Conf. univ. dr. ing. Agoston Katalin &#8211; <a href=\"https:\/\/www.umfst.ro\/fileadmin\/f_inginerie\/materiale\/CV\/DIETI\/CV_Agoston_K.pdf\">CV<\/a><br \/>Conf. univ. dr. ing. Dul\u0103u Mircea &#8211; <a href=\"https:\/\/www.umfst.ro\/fileadmin\/f_inginerie\/materiale\/CV\/DIETI\/CV_Dulau_M.pdf\">CV<\/a><br \/>Conf. univ. dr. ing. Dumitru Cristian &#8211; <a href=\"https:\/\/www.umfst.ro\/fileadmin\/f_inginerie\/materiale\/CV\/DIETI\/CV_Dumitru_C.pdf\">CV<\/a><br \/>Conf. univ. dr. ing. Germ\u00e1n-Sall\u00f3 Zolt\u00e1n &#8211; <a href=\"https:\/\/www.umfst.ro\/fileadmin\/f_inginerie\/materiale\/CV\/DIETI\/CV_German_Szallo_Z.pdf\">CV<\/a><br \/>Conf. univ. dr. ing. Gligor Adrian &#8211; <a href=\"https:\/\/www.umfst.ro\/fileadmin\/f_inginerie\/materiale\/CV\/DIETI\/CV_Gligor_A.pdf\">CV<\/a><br \/>Conf. univ. dr. ing. Haller Piroska &#8211; <a href=\"https:\/\/www.umfst.ro\/fileadmin\/f_inginerie\/materiale\/CV\/DIETI\/CV_Haller_P.pdf\">CV<\/a><br \/>Conf. univ. dr. ing. Lefkovits Szidonia &#8211; <a href=\"https:\/\/www.umfst.ro\/fileadmin\/f_inginerie\/materiale\/CV\/DIETI\/CV_Lefkovits_S.pdf\">CV<\/a><br \/>\u0218ef lucr. dr. ing. Barab\u00e1s Albert Zsolt &#8211; <a href=\"https:\/\/www.umfst.ro\/fileadmin\/f_inginerie\/materiale\/CV\/DIETI\/CV-ZsoltBarabas.pdf\">CV<\/a><br \/>Lector dr. ing. Crainicu Bogdan &#8211; <a href=\"https:\/\/www.umfst.ro\/fileadmin\/f_inginerie\/materiale\/CV\/DIETI\/CV_Crainicu_B.pdf\">CV<\/a><br \/>\u0218ef lucr. dr. ing. Dragomir Daniel &#8211; <a href=\"https:\/\/www.umfst.ro\/fileadmin\/f_inginerie\/materiale\/CV\/DIETI\/CV_Dragomir-Stanciu D.pdf\" data-wplink-url-error=\"true\">CV<\/a><br \/>\u0218ef lucr. dr. ing. Duka Adrian Vasile &#8211; <a href=\"https:\/\/www.umfst.ro\/fileadmin\/f_inginerie\/materiale\/CV\/DIETI\/CV_Duka_Adrian.pdf\">CV<\/a><br \/>\u0218ef lucr. dr. ing. Dul\u0103u Lucian &#8211; <a href=\"https:\/\/www.umfst.ro\/fileadmin\/f_inginerie\/materiale\/CV\/DIETI\/CV_Dulau_L.pdf\">CV<\/a><br \/>\u0218ef lucr. dr. ing. Grif Hora\u0163iu &#8211; <a href=\"https:\/\/www.umfst.ro\/fileadmin\/f_inginerie\/materiale\/CV\/DIETI\/CV_Grif_H.pdf\">CV<\/a><br \/>Lector dr. ing. Kiss Istv\u00e1n &#8211; <a href=\"https:\/\/www.umfst.ro\/fileadmin\/f_inginerie\/materiale\/CV\/DIETI\/CV_Kiss_I.pdf\">CV<\/a> <br \/>\u0218ef lucr. dr. ing. Muji Marius- <a href=\"https:\/\/www.umfst.ro\/fileadmin\/f_inginerie\/materiale\/CV\/DIETI\/CV_Muji_M.pdf\">CV<\/a><br \/>\u0218ef lucr. dr. ing. Oltean Stelian &#8211; <a href=\"https:\/\/www.umfst.ro\/fileadmin\/f_inginerie\/materiale\/CV\/DIETI\/CV_Oltean_S.pdf\">CV<\/a><br \/>\u0218ef lucr. dr. ing. Pop D\u0103nu\u021b &#8211; Ovidiu &#8211; <a href=\"https:\/\/www.umfst.ro\/fileadmin\/f_inginerie\/materiale\/CV\/DIETI\/CV_Pop_Danut.pdf\">CV<\/a><br \/>\u0218ef lucr. dr. ing. Turc Traian &#8211; <a href=\"https:\/\/www.umfst.ro\/fileadmin\/f_inginerie\/materiale\/CV\/DIETI\/CV_Turc_Traian.pdf\">CV<\/a><br \/>\u0218ef lucr. dr. Bolboac\u0103 Roland &#8211; <a href=\"https:\/\/www.umfst.ro\/fileadmin\/f_inginerie\/materiale\/CV\/DIETI\/CV_Bolboaca_R.pdf\">CV<\/a><br \/>Asistent drd. Roman Adrian &#8211; <a href=\"https:\/\/www.umfst.ro\/fileadmin\/f_inginerie\/materiale\/CV\/DIETI\/CV-AdrianRoman.pdf\">CV<\/a><br \/>Asistent drd. ing. Sim\u00f3 Zsuzsa &#8211; <a href=\"https:\/\/www.umfst.ro\/fileadmin\/f_inginerie\/materiale\/CV\/DIETI\/CV_Simo_Z.pdf\">CV<\/a><br \/>Asistent cercetare Ani\u021bei Vlad Alexandru &#8211; CV<br \/>Asistent dr. Lenard Teri &#8211; <a href=\"https:\/\/www.umfst.ro\/fileadmin\/f_inginerie\/materiale\/CV\/DIETI\/CV_TeriLenard.pdf\">CV<\/a><\/p>\n<p>\u00a0<\/p><\/div>\n\t\t\t\t\t\t\t<\/div>\n\t\t\t\t\t\t<\/div>\t\t\t<\/div>\n\t\t<\/div>\n\t\t\t\t\t\t<\/div>\n\t\t\t\t<\/div>\n\t\t\t\t\t<\/div>\n\t\t<\/div>\n\t\t\t\t\t<\/div>\n\t\t<\/section>\n\t\t\t\t<\/div>","protected":false},"excerpt":{"rendered":"<p>Departamentele Facult\u0103\u021bii de Inginerie \u0219i Tehnologia Informa\u021biei Inginerie Industrial\u0103 \u0219i Management Director de departament\u0218ef lucr. dr. ing. Sorin\u2013Cristian Albu &#8211; CV \u00a0 Consiliul departamentului Prof. univ. dr. abil. ing. Moldovan Liviu &#8211; CVConf. univ. dr. ing. Strnad Gabriela &#8211; CVConf. univ. dr. ing. Bucur Mihaela &#8211; CVConf. univ. dr. arh. Popescu Mara &#8211; CV\u0218ef lucr. [&hellip;]<\/p>\n","protected":false},"author":4,"featured_media":0,"parent":0,"menu_order":3,"comment_status":"closed","ping_status":"closed","template":"","meta":{"_relevanssi_hide_post":"","_relevanssi_hide_content":"","_relevanssi_pin_for_all":"","_relevanssi_pin_keywords":"","_relevanssi_unpin_keywords":"","_relevanssi_related_keywords":"","_relevanssi_related_include_ids":"","_relevanssi_related_exclude_ids":"","_relevanssi_related_no_append":"","_relevanssi_related_not_related":"","_relevanssi_related_posts":"1","_relevanssi_noindex_reason":"","footnotes":""},"categories":[13,1],"tags":[],"class_list":["post-49","page","type-page","status-publish","hentry","category-pagina-cu-sidebar","category-uncategorized"],"meta_box":[],"_links":{"self":[{"href":"https:\/\/umfst.ro\/inginerie\/en\/wp-json\/wp\/v2\/pages\/49","targetHints":{"allow":["GET"]}}],"collection":[{"href":"https:\/\/umfst.ro\/inginerie\/en\/wp-json\/wp\/v2\/pages"}],"about":[{"href":"https:\/\/umfst.ro\/inginerie\/en\/wp-json\/wp\/v2\/types\/page"}],"author":[{"embeddable":true,"href":"https:\/\/umfst.ro\/inginerie\/en\/wp-json\/wp\/v2\/users\/4"}],"replies":[{"embeddable":true,"href":"https:\/\/umfst.ro\/inginerie\/en\/wp-json\/wp\/v2\/comments?post=49"}],"version-history":[{"count":83,"href":"https:\/\/umfst.ro\/inginerie\/en\/wp-json\/wp\/v2\/pages\/49\/revisions"}],"predecessor-version":[{"id":3885,"href":"https:\/\/umfst.ro\/inginerie\/en\/wp-json\/wp\/v2\/pages\/49\/revisions\/3885"}],"wp:attachment":[{"href":"https:\/\/umfst.ro\/inginerie\/en\/wp-json\/wp\/v2\/media?parent=49"}],"wp:term":[{"taxonomy":"category","embeddable":true,"href":"https:\/\/umfst.ro\/inginerie\/en\/wp-json\/wp\/v2\/categories?post=49"},{"taxonomy":"post_tag","embeddable":true,"href":"https:\/\/umfst.ro\/inginerie\/en\/wp-json\/wp\/v2\/tags?post=49"}],"curies":[{"name":"wp","href":"https:\/\/api.w.org\/{rel}","templated":true}]}}