{"id":88,"date":"2022-11-20T17:16:04","date_gmt":"2022-11-20T17:16:04","guid":{"rendered":"https:\/\/dev.umfst.ro\/inginerie\/?page_id=88"},"modified":"2025-10-13T09:27:15","modified_gmt":"2025-10-13T09:27:15","slug":"indrumatori-programe-de-studii-ani-de-studii-practica","status":"publish","type":"page","link":"https:\/\/umfst.ro\/inginerie\/en\/informatii-studenti\/informatii-specifice-facultatii\/indrumatori-programe-de-studii-ani-de-studii-practica\/","title":{"rendered":"Programme guides, years of study, internship"},"content":{"rendered":"<div data-elementor-type=\"wp-page\" data-elementor-id=\"88\" class=\"elementor elementor-88\" data-elementor-post-type=\"page\">\n\t\t\t\t\t\t<section class=\"elementor-section elementor-top-section elementor-element elementor-element-73bf1e9 elementor-section-boxed elementor-section-height-default elementor-section-height-default\" data-id=\"73bf1e9\" data-element_type=\"section\" data-e-type=\"section\">\n\t\t\t\t\t\t<div class=\"elementor-container elementor-column-gap-default\">\n\t\t\t\t\t<div class=\"elementor-column elementor-col-100 elementor-top-column elementor-element elementor-element-4c71275\" data-id=\"4c71275\" data-element_type=\"column\" data-e-type=\"column\">\n\t\t\t<div class=\"elementor-widget-wrap elementor-element-populated\">\n\t\t\t\t\t\t<div class=\"elementor-element elementor-element-84fdae2 elementor-widget elementor-widget-text-editor\" data-id=\"84fdae2\" data-element_type=\"widget\" data-e-type=\"widget\" data-widget_type=\"text-editor.default\">\n\t\t\t\t<div class=\"elementor-widget-container\">\n\t\t\t\t\t\t\t\t\t<h2>An universitar 2025-2026<\/h2>\n<p><a href=\"https:\/\/umfst.ro\/fileadmin\/f_inginerie\/indrumatori\/2025-2026\/Responsabili_programe_de_studii_FITI.pdf\">Responsabili programe de studii<\/a><\/p>\n<p><a href=\"https:\/\/umfst.ro\/fileadmin\/f_inginerie\/indrumatori\/2025-2026\/Indrumatori\u2013Tutori_de_an_FITI.pdf\">Indrum\u0103tori &#8211; Tutori de an<\/a><\/p>\n<p><a href=\"https:\/\/umfst.ro\/fileadmin\/f_inginerie\/indrumatori\/2025-2026\/Coordonatori_practica_Departamentul_de_Inginerie_Industriala_si_Management.pdf\">Coordonatori practic\u0103 Departamentul de Inginerie Industrial\u0103 \u0219i Management<\/a><\/p>\n<p><a href=\"https:\/\/umfst.ro\/fileadmin\/f_inginerie\/indrumatori\/2025-2026\/Coordonatori_practica_Departamentul_de_Inginerie_Electrica_si_Tehnologia_Informatiei.pdf\">Coordonatori practic\u0103 Departamentul de Inginerie Electric\u0103 \u0219i Tehnologia Informa\u021biei<\/a><\/p>\t\t\t\t\t\t\t\t<\/div>\n\t\t\t\t<\/div>\n\t\t\t\t\t<\/div>\n\t\t<\/div>\n\t\t\t\t\t<\/div>\n\t\t<\/section>\n\t\t\t\t<section class=\"elementor-section elementor-top-section elementor-element elementor-element-12d912fd elementor-section-boxed elementor-section-height-default elementor-section-height-default\" data-id=\"12d912fd\" data-element_type=\"section\" data-e-type=\"section\">\n\t\t\t\t\t\t<div class=\"elementor-container elementor-column-gap-default\">\n\t\t\t\t\t<div class=\"elementor-column elementor-col-100 elementor-top-column elementor-element elementor-element-1efc3542\" data-id=\"1efc3542\" data-element_type=\"column\" data-e-type=\"column\">\n\t\t\t<div class=\"elementor-widget-wrap elementor-element-populated\">\n\t\t\t\t\t\t<div class=\"elementor-element elementor-element-4cacbecf elementor-widget elementor-widget-text-editor\" data-id=\"4cacbecf\" data-element_type=\"widget\" data-e-type=\"widget\" data-widget_type=\"text-editor.default\">\n\t\t\t\t<div class=\"elementor-widget-container\">\n\t\t\t\t\t\t\t\t\t<h2>An universitar 2024-2025<\/h2>\n<p><!-- \/wp:heading --><!-- wp:paragraph --><\/p>\n<p><a href=\"https:\/\/umfst.ro\/fileadmin\/f_inginerie\/indrumatori\/2024-2025\/Indrumatori\u2013Tutori_de_an_DIETI_TI.pdf\">Indrumatori &#8211; Tutori de an Departamentul de Inginerie Electric\u0103 \u0219i Tehnologia Informa\u021biei<\/a><\/p>\n<p><!-- \/wp:paragraph --><!-- wp:paragraph --><\/p>\n<p><a href=\"https:\/\/umfst.ro\/fileadmin\/f_inginerie\/indrumatori\/2024-2025\/Indrumatori\u2013Tutori_de_an_DIIM.pdf\">Indrumatori &#8211; Tutori de an Departamentul de Inginerie Industrial\u0103 \u0219i Management<\/a><\/p>\n<p><!-- \/wp:paragraph --><!-- wp:paragraph --><\/p>\n<p><a href=\"https:\/\/umfst.ro\/fileadmin\/f_inginerie\/indrumatori\/2024-2025\/Responsabili_programe_de_studii_DIETI_TI.pdf\">Responsabili programe de studii Departamentul de Inginerie Electric\u0103 \u0219i Tehnologia Informa\u021biei<\/a><\/p>\n<p><!-- \/wp:paragraph --><!-- wp:paragraph --><\/p>\n<p><a href=\"https:\/\/umfst.ro\/fileadmin\/f_inginerie\/indrumatori\/2024-2025\/Responsabili_programe_de_studii_DIIM.pdf\">Responsabili programe de studii Departamentul de Inginerie Industrial\u0103 \u0219i Management<\/a><\/p>\n<p><!-- \/wp:paragraph --><!-- wp:paragraph --><\/p>\n<p><a href=\"https:\/\/umfst.ro\/fileadmin\/f_inginerie\/indrumatori\/2024-2025\/Coordonatori_practica_DIETI_TI.pdf\">Coordonatori practica Departamentul de Inginerie Electric\u0103 \u0219i Tehnologia Informa\u021biei<\/a><\/p>\n<p><!-- \/wp:paragraph --><!-- wp:paragraph --><\/p>\n<p><a href=\"https:\/\/umfst.ro\/fileadmin\/f_inginerie\/indrumatori\/2024-2025\/Coordonatori_practica_DIIM.pdf\">Coordonatori practica Departamentul de Inginerie Industrial\u0103 \u0219i Management<\/a><\/p>\n<p><!-- \/wp:paragraph --><!-- wp:paragraph --><\/p>\n<p><!-- \/wp:paragraph --><\/p>\t\t\t\t\t\t\t\t<\/div>\n\t\t\t\t<\/div>\n\t\t\t\t<div class=\"elementor-element elementor-element-16ddd0d elementor-hidden-widescreen elementor-hidden-desktop elementor-hidden-tablet elementor-hidden-mobile elementor-widget elementor-widget-text-editor\" data-id=\"16ddd0d\" data-element_type=\"widget\" data-e-type=\"widget\" data-widget_type=\"text-editor.default\">\n\t\t\t\t<div class=\"elementor-widget-container\">\n\t\t\t\t\t\t\t\t\t<h2>An universitar 2023-2024<\/h2>\n<p><!-- \/wp:heading --><!-- wp:paragraph --><\/p>\n<p><a href=\"https:\/\/umfst.ro\/fileadmin\/f_inginerie\/indrumatori\/2023-2024\/Indrumatori_Tutori%20de%20an%20%20DIETI_2023-2024.pdf\">Indrumatori &#8211; Tutori de an Departamentul de Inginerie Electric\u0103 \u0219i Tehnologia Informa\u021biei<\/a><\/p>\n<p><!-- \/wp:paragraph --><!-- wp:paragraph --><\/p>\n<p><a href=\"https:\/\/umfst.ro\/fileadmin\/f_inginerie\/indrumatori\/2023-2024\/Indrumatori_Tutori%20de%20an%20DIIM_2023-2024.pdf\">Indrumatori &#8211; Tutori de an Departamentul de Inginerie Industrial\u0103 \u0219i Management<\/a><\/p>\n<p><!-- \/wp:paragraph --><!-- wp:paragraph --><\/p>\n<p><a href=\"https:\/\/umfst.ro\/fileadmin\/f_inginerie\/indrumatori\/2023-2024\/Responsabili_programe%20st_DIETI2023-2024.pdf\">Responsabili programe de studii Departamentul de Inginerie Electric\u0103 \u0219i Tehnologia Informa\u021biei<\/a><\/p>\n<p><!-- \/wp:paragraph --><!-- wp:paragraph --><\/p>\n<p><a href=\"https:\/\/umfst.ro\/fileadmin\/f_inginerie\/indrumatori\/2023-2024\/Responsabili%20programe%20de%20st_DIIM%202023-2024.pdf\">Responsabili programe de studii Departamentul de Inginerie Industrial\u0103 \u0219i Management<\/a><\/p>\n<p><!-- \/wp:paragraph --><!-- wp:paragraph --><\/p>\n<p><a href=\"https:\/\/umfst.ro\/fileadmin\/f_inginerie\/indrumatori\/2023-2024\/Coordonatori%20practica_DIETI%202023-2024.pdf\">Coordonatori practica Departamentul de Inginerie Electric\u0103 \u0219i Tehnologia Informa\u021biei<\/a><\/p>\n<p><!-- \/wp:paragraph --><!-- wp:paragraph --><\/p>\n<p><a href=\"https:\/\/umfst.ro\/fileadmin\/f_inginerie\/indrumatori\/2023-2024\/FITI_Coordonatori%20practica_DIIM%202023-2024.pdf\">Coordonatori practica Departamentul de Inginerie Industrial\u0103 \u0219i Management<\/a><\/p>\t\t\t\t\t\t\t\t<\/div>\n\t\t\t\t<\/div>\n\t\t\t\t\t<\/div>\n\t\t<\/div>\n\t\t\t\t\t<\/div>\n\t\t<\/section>\n\t\t\t\t<\/div>","protected":false},"excerpt":{"rendered":"<p>An universitar 2025-2026 Responsabili programe de studii Indrum\u0103tori &#8211; Tutori de an Coordonatori practic\u0103 Departamentul de Inginerie Industrial\u0103 \u0219i Management Coordonatori practic\u0103 Departamentul de Inginerie Electric\u0103 \u0219i Tehnologia Informa\u021biei An universitar 2024-2025 Indrumatori &#8211; Tutori de an Departamentul de Inginerie Electric\u0103 \u0219i Tehnologia Informa\u021biei Indrumatori &#8211; Tutori de an Departamentul de Inginerie Industrial\u0103 \u0219i Management [&hellip;]<\/p>\n","protected":false},"author":4,"featured_media":0,"parent":78,"menu_order":6,"comment_status":"closed","ping_status":"closed","template":"","meta":{"_relevanssi_hide_post":"","_relevanssi_hide_content":"","_relevanssi_pin_for_all":"","_relevanssi_pin_keywords":"","_relevanssi_unpin_keywords":"","_relevanssi_related_keywords":"","_relevanssi_related_include_ids":"","_relevanssi_related_exclude_ids":"","_relevanssi_related_no_append":"","_relevanssi_related_not_related":"","_relevanssi_related_posts":"1","_relevanssi_noindex_reason":"","footnotes":""},"categories":[13,33],"tags":[],"class_list":["post-88","page","type-page","status-publish","hentry","category-pagina-cu-sidebar","category-pagina-studenti"],"meta_box":[],"_links":{"self":[{"href":"https:\/\/umfst.ro\/inginerie\/en\/wp-json\/wp\/v2\/pages\/88","targetHints":{"allow":["GET"]}}],"collection":[{"href":"https:\/\/umfst.ro\/inginerie\/en\/wp-json\/wp\/v2\/pages"}],"about":[{"href":"https:\/\/umfst.ro\/inginerie\/en\/wp-json\/wp\/v2\/types\/page"}],"author":[{"embeddable":true,"href":"https:\/\/umfst.ro\/inginerie\/en\/wp-json\/wp\/v2\/users\/4"}],"replies":[{"embeddable":true,"href":"https:\/\/umfst.ro\/inginerie\/en\/wp-json\/wp\/v2\/comments?post=88"}],"version-history":[{"count":23,"href":"https:\/\/umfst.ro\/inginerie\/en\/wp-json\/wp\/v2\/pages\/88\/revisions"}],"predecessor-version":[{"id":4020,"href":"https:\/\/umfst.ro\/inginerie\/en\/wp-json\/wp\/v2\/pages\/88\/revisions\/4020"}],"up":[{"embeddable":true,"href":"https:\/\/umfst.ro\/inginerie\/en\/wp-json\/wp\/v2\/pages\/78"}],"wp:attachment":[{"href":"https:\/\/umfst.ro\/inginerie\/en\/wp-json\/wp\/v2\/media?parent=88"}],"wp:term":[{"taxonomy":"category","embeddable":true,"href":"https:\/\/umfst.ro\/inginerie\/en\/wp-json\/wp\/v2\/categories?post=88"},{"taxonomy":"post_tag","embeddable":true,"href":"https:\/\/umfst.ro\/inginerie\/en\/wp-json\/wp\/v2\/tags?post=88"}],"curies":[{"name":"wp","href":"https:\/\/api.w.org\/{rel}","templated":true}]}}