{"id":89,"date":"2022-11-20T17:16:34","date_gmt":"2022-11-20T17:16:34","guid":{"rendered":"https:\/\/dev.umfst.ro\/inginerie\/?page_id=89"},"modified":"2025-11-24T09:58:39","modified_gmt":"2025-11-24T09:58:39","slug":"asociatia-estiem","status":"publish","type":"page","link":"https:\/\/umfst.ro\/inginerie\/en\/informatii-studenti\/informatii-specifice-facultatii\/asociatia-estiem\/","title":{"rendered":"ESTIEM Association"},"content":{"rendered":"<div data-elementor-type=\"wp-page\" data-elementor-id=\"89\" class=\"elementor elementor-89\" data-elementor-post-type=\"page\">\n\t\t\t\t\t\t<section class=\"elementor-section elementor-top-section elementor-element elementor-element-64fb9b5e elementor-section-boxed elementor-section-height-default elementor-section-height-default\" data-id=\"64fb9b5e\" data-element_type=\"section\" data-e-type=\"section\">\n\t\t\t\t\t\t<div class=\"elementor-container elementor-column-gap-default\">\n\t\t\t\t\t<div class=\"elementor-column elementor-col-100 elementor-top-column elementor-element elementor-element-cf0414\" data-id=\"cf0414\" data-element_type=\"column\" data-e-type=\"column\">\n\t\t\t<div class=\"elementor-widget-wrap elementor-element-populated\">\n\t\t\t\t\t\t<div class=\"elementor-element elementor-element-1987c9a3 elementor-widget elementor-widget-text-editor\" data-id=\"1987c9a3\" data-element_type=\"widget\" data-e-type=\"widget\" data-widget_type=\"text-editor.default\">\n\t\t\t\t<div class=\"elementor-widget-container\">\n\t\t\t\t\t\t\t\t\t<p>ESTIEM (European Students of Industrial Engineering and Management) este organiza\u021bia studen\u021bilor europeni de Inginerie Industrial\u0103 \u0219i Management, unind competen\u021bele tehnice cu cele de management pentru a crea o comunitate puternic\u0103 \u0219i colaborativ\u0103. Cu o activitate de peste 35 de ani, reune\u0219te 76 de universit\u0103\u021bi din 26 de \u021b\u0103ri \u0219i organizeaz\u0103 anual peste 150 de activit\u0103\u021bi interna\u021bionale.<\/p>\n<p>Scopul ESTIEM este de a conecta studen\u021bii IEM din Europa, oferindu-le oportunit\u0103\u021bi de dezvoltare personal\u0103 \u0219i profesional\u0103 prin proiecte, schimburi culturale \u0219i experien\u021be practice. Prin intermediul activit\u0103\u021bilor sale, studen\u021bii pot participa la evenimente interna\u021bionale, \u00ee\u0219i pot dezvolta abilit\u0103\u021bi tehnice \u0219i de leadership, pot c\u0103l\u0103tori \u0219i descoperi noi culturi, pot lucra \u00een echipe multiculturale \u0219i pot contribui la proiecte cu impact direct asupra dezvolt\u0103rii domeniului IEM \u00een Europa.<\/p>\n<p>Pe l\u00e2ng\u0103 oportunit\u0103\u021bile educa\u021bionale, ESTIEM ofer\u0103 \u0219i acces la o comunitate european\u0103 dinamic\u0103, \u00een care membrii pot explora interese comune, pot ini\u021bia proiecte proprii \u0219i pot colabora cu profesioni\u0219ti \u0219i organiza\u021bii din industrie. Re\u021beaua sus\u021bine schimbul de idei \u0219i inovarea, facilit\u00e2nd dezvoltarea de direc\u021bii noi \u00een educa\u021bia IEM \u0219i \u00eencuraj\u00e2nd implicarea activ\u0103 \u00een ini\u021biative care modeleaz\u0103 evolu\u021bia domeniului. Experien\u021ba ESTIEM contribuie astfel la formarea unor viitori speciali\u0219ti capabili s\u0103 abordeze provoc\u0103rile pie\u021bei actuale \u0219i s\u0103 creeze un impact real \u00een mediul profesional.<\/p>\n<p>Pentru mai multe informa\u021bii despre organiza\u021bie \u0219i proiecte, viziteaz\u0103 <a href=\"https:\/\/estiem.org\/\" target=\"_blank\" rel=\"noopener\">www.estiem.org<\/a> sau <a href=\"https:\/\/www.instagram.com\/estiem.lgtargumures\/\" target=\"_blank\" rel=\"noopener\">pagina noastr\u0103 de Instagram<\/a>.<\/p>\t\t\t\t\t\t\t\t<\/div>\n\t\t\t\t<\/div>\n\t\t\t\t<div class=\"elementor-element elementor-element-8fd7130 elementor-hidden-widescreen elementor-hidden-desktop elementor-hidden-tablet elementor-hidden-mobile elementor-widget elementor-widget-text-editor\" data-id=\"8fd7130\" data-element_type=\"widget\" data-e-type=\"widget\" data-widget_type=\"text-editor.default\">\n\t\t\t\t<div class=\"elementor-widget-container\">\n\t\t\t\t\t\t\t\t\t\n<p>\"ESTIEM (European Students of Industrial Engineering and Management) is the organisation for European Students of Industrial Engineering and Management, which combines technological understanding with management skills. Our goal is to establish and foster relations between students.<\/p>\n\n<p class=\" translation-block\">ESTIEM's goal is to establish and maintain relationships between European students of industrial engineering and management. After more than 27 years, ESTIEM has developed an organization and brought together 60,000 students from more than 80 universities across Europe. The students involved in <a href=\"https:\/\/www.estiem.org\/\" target=\"_blank\" rel=\"noreferrer noopener\">ESTIEM<\/a> develop all the qualities required in today's job market, being open-minded, willing to get involved, up to date with technological news and also have developed language skills.<\/p>\n\n<p>ESTIEM is the perfect place for students willing to develop their personal ideas, as they have the opportunity to implement or develop projects locally and internationally. Students travel, meet new people, share knowledge, and discover different cultures while learning and developing. Certainly, studying and developing technical skills is essential, but at the same time, it is necessary to include personal development.<\/p>\n\n<p class=\" translation-block\">For detailed information about the organization and its projects, please visit the website <a href=\"http:\/\/www.estiem.org\/\" target=\"_blank\" rel=\"noreferrer noopener\">www.estiem.org,<\/a>, the LG Facebook page: <a href=\"https:\/\/www.facebook.com\/EstiemLGMures\/\" target=\"_blank\" rel=\"noreferrer noopener\">https:\/\/www.facebook.com\/EstiemLGMures\/<\/a> or the association's blog: \u00a0<a href=\"http:\/\/estiemmures.blogspot.com\/\" target=\"_blank\" rel=\"noreferrer noopener\">http:\/\/estiemmures.blogspot.com\/<\/a>.\u201d<\/p>\n\t\t\t\t\t\t\t\t<\/div>\n\t\t\t\t<\/div>\n\t\t\t\t\t<\/div>\n\t\t<\/div>\n\t\t\t\t\t<\/div>\n\t\t<\/section>\n\t\t\t\t<\/div>","protected":false},"excerpt":{"rendered":"<p>ESTIEM (European Students of Industrial Engineering and Management) este organiza\u021bia studen\u021bilor europeni de Inginerie Industrial\u0103 \u0219i Management, unind competen\u021bele tehnice cu cele de management pentru a crea o comunitate puternic\u0103 \u0219i colaborativ\u0103. Cu o activitate de peste 35 de ani, reune\u0219te 76 de universit\u0103\u021bi din 26 de \u021b\u0103ri \u0219i organizeaz\u0103 anual peste 150 de activit\u0103\u021bi [&hellip;]<\/p>\n","protected":false},"author":4,"featured_media":0,"parent":78,"menu_order":7,"comment_status":"closed","ping_status":"closed","template":"","meta":{"_relevanssi_hide_post":"","_relevanssi_hide_content":"","_relevanssi_pin_for_all":"","_relevanssi_pin_keywords":"","_relevanssi_unpin_keywords":"","_relevanssi_related_keywords":"","_relevanssi_related_include_ids":"","_relevanssi_related_exclude_ids":"","_relevanssi_related_no_append":"","_relevanssi_related_not_related":"","_relevanssi_related_posts":"1","_relevanssi_noindex_reason":"","footnotes":""},"categories":[13,33],"tags":[],"class_list":["post-89","page","type-page","status-publish","hentry","category-pagina-cu-sidebar","category-pagina-studenti"],"meta_box":[],"_links":{"self":[{"href":"https:\/\/umfst.ro\/inginerie\/en\/wp-json\/wp\/v2\/pages\/89","targetHints":{"allow":["GET"]}}],"collection":[{"href":"https:\/\/umfst.ro\/inginerie\/en\/wp-json\/wp\/v2\/pages"}],"about":[{"href":"https:\/\/umfst.ro\/inginerie\/en\/wp-json\/wp\/v2\/types\/page"}],"author":[{"embeddable":true,"href":"https:\/\/umfst.ro\/inginerie\/en\/wp-json\/wp\/v2\/users\/4"}],"replies":[{"embeddable":true,"href":"https:\/\/umfst.ro\/inginerie\/en\/wp-json\/wp\/v2\/comments?post=89"}],"version-history":[{"count":7,"href":"https:\/\/umfst.ro\/inginerie\/en\/wp-json\/wp\/v2\/pages\/89\/revisions"}],"predecessor-version":[{"id":4088,"href":"https:\/\/umfst.ro\/inginerie\/en\/wp-json\/wp\/v2\/pages\/89\/revisions\/4088"}],"up":[{"embeddable":true,"href":"https:\/\/umfst.ro\/inginerie\/en\/wp-json\/wp\/v2\/pages\/78"}],"wp:attachment":[{"href":"https:\/\/umfst.ro\/inginerie\/en\/wp-json\/wp\/v2\/media?parent=89"}],"wp:term":[{"taxonomy":"category","embeddable":true,"href":"https:\/\/umfst.ro\/inginerie\/en\/wp-json\/wp\/v2\/categories?post=89"},{"taxonomy":"post_tag","embeddable":true,"href":"https:\/\/umfst.ro\/inginerie\/en\/wp-json\/wp\/v2\/tags?post=89"}],"curies":[{"name":"wp","href":"https:\/\/api.w.org\/{rel}","templated":true}]}}