{"id":91,"date":"2022-11-20T17:17:49","date_gmt":"2022-11-20T17:17:49","guid":{"rendered":"https:\/\/dev.umfst.ro\/inginerie\/?page_id=91"},"modified":"2025-07-11T07:36:52","modified_gmt":"2025-07-11T07:36:52","slug":"tabere","status":"publish","type":"page","link":"https:\/\/umfst.ro\/inginerie\/en\/informatii-studenti\/informatii-specifice-facultatii\/tabere\/","title":{"rendered":"Camps"},"content":{"rendered":"<div data-elementor-type=\"wp-page\" data-elementor-id=\"91\" class=\"elementor elementor-91\" data-elementor-post-type=\"page\">\n\t\t\t\t\t\t<section class=\"elementor-section elementor-top-section elementor-element elementor-element-fc400e5 elementor-section-boxed elementor-section-height-default elementor-section-height-default\" data-id=\"fc400e5\" data-element_type=\"section\" data-e-type=\"section\">\n\t\t\t\t\t\t<div class=\"elementor-container elementor-column-gap-default\">\n\t\t\t\t\t<div class=\"elementor-column elementor-col-100 elementor-top-column elementor-element elementor-element-780196d\" data-id=\"780196d\" data-element_type=\"column\" data-e-type=\"column\">\n\t\t\t<div class=\"elementor-widget-wrap elementor-element-populated\">\n\t\t\t\t\t\t<div class=\"elementor-element elementor-element-6bc55ac elementor-widget elementor-widget-text-editor\" data-id=\"6bc55ac\" data-element_type=\"widget\" data-e-type=\"widget\" data-widget_type=\"text-editor.default\">\n\t\t\t\t<div class=\"elementor-widget-container\">\n\t\t\t\t\t\t\t\t\t<h2 role=\"heading\" data-uw-rm-heading=\"level\">Tabere 2025<\/h2>\n<p><a href=\"https:\/\/www.umfst.ro\/fileadmin\/studenti\/tabere\/2025\/FITI\/Proces verbal final tabere_18.06.2025.pdf\" data-wplink-url-error=\"true\">Proces verbal final tabere_18.06.2025<\/a><\/p>\n<p><a href=\"https:\/\/www.umfst.ro\/fileadmin\/studenti\/tabere\/2025\/FITI\/Proces verbal tabere_05.06.2025.pdf\" data-wplink-url-error=\"true\">Proces verbal tabere<\/a><\/p>\n<p><a href=\"https:\/\/www.umfst.ro\/fileadmin\/studenti\/tabere\/2025\/FITI\/Tabel stud inscrisi tabere_2025.pdf\" data-wplink-url-error=\"true\">Tabel studen\u021bi \u00eenscri\u0219i tabere<\/a><\/p>\n<p><a href=\"https:\/\/www.umfst.ro\/fileadmin\/studenti\/tabere\/2025\/Anunt intrunire comisie_05.06.2025.pdf\" data-wplink-url-error=\"true\">Anun\u021b \u00eentrunire comisie<\/a><\/p>\n<p><a href=\"https:\/\/www.umfst.ro\/fileadmin\/studenti\/tabere\/2025\/Anunt depunere tabere studentesti 2025.pdf\" data-wplink-url-error=\"true\">Anunt depunere tabere studentesti 2025<\/a><\/p>\n<p><a href=\"https:\/\/www.umfst.ro\/fileadmin\/studenti\/tabere\/2025\/Calendarul de desfasurare al Taberelor studentesti 2025.pdf\" data-wplink-url-error=\"true\">Calendarul de desfasurare al Taberelor studentesti 2025<\/a><\/p>\n<p><a href=\"https:\/\/www.umfst.ro\/fileadmin\/studenti\/tabere\/2025\/Metodologie Tabere studentesti 2025.pdf\" target=\"_blank\" rel=\"noopener\" aria-label=\"Metodologie privind organizarea taberelor studen\u021be\u0219ti - deschide \u00eentr-o fil\u0103 nou\u0103\" data-uw-rm-ext-link=\"\" data-uw-pdf-br=\"2\" data-uw-pdf-doc=\"\">Metodologie privind organizarea taberelor studen\u021be\u0219ti<\/a><\/p>\n<p><a href=\"https:\/\/www.umfst.ro\/fileadmin\/studenti\/tabere\/2025\/Anexa 4 la metodologie TS.docx\" target=\"_blank\" rel=\"noopener\" data-uw-rm-brl=\"PR\" data-uw-original-href=\"https:\/\/www.umfst.ro\/fileadmin\/studenti\/tabere\/2025\/Anexa%204%20la%20metodologie%20TS.docx\" aria-label=\"Anexa nr. 4 la metodologie - deschide \u00eentr-o fil\u0103 nou\u0103\" data-uw-rm-ext-link=\"\">Anexa nr. 4 la metodologie<\/a><\/p>\n<p><a href=\"https:\/\/www.umfst.ro\/fileadmin\/studenti\/tabere\/2025\/Ordinul Ministrului Familiei, Tineretului \u0219i Egalit\u0103\u021bii de \u015eanse pentru aprobarea Metodologiei privind organizarea taberelor studen\u0163e\u015fti.pdf\" target=\"_blank\" rel=\"noopener\">Ordinul Ministrului Familiei, Tineretului \u0219i Egalit\u0103\u021bii de \u015eanse pentru aprobarea Metodologiei privind organizarea taberelor studen\u0163e\u015fti<\/a><\/p>\t\t\t\t\t\t\t\t<\/div>\n\t\t\t\t<\/div>\n\t\t\t\t\t<\/div>\n\t\t<\/div>\n\t\t\t\t\t<\/div>\n\t\t<\/section>\n\t\t\t\t<section class=\"elementor-section elementor-top-section elementor-element elementor-element-dc29af5 elementor-section-boxed elementor-section-height-default elementor-section-height-default\" data-id=\"dc29af5\" data-element_type=\"section\" data-e-type=\"section\">\n\t\t\t\t\t\t<div class=\"elementor-container elementor-column-gap-default\">\n\t\t\t\t\t<div class=\"elementor-column elementor-col-100 elementor-top-column elementor-element elementor-element-daa3a41\" data-id=\"daa3a41\" data-element_type=\"column\" data-e-type=\"column\">\n\t\t\t<div class=\"elementor-widget-wrap elementor-element-populated\">\n\t\t\t\t\t\t<div class=\"elementor-element elementor-element-f44f9ab elementor-widget elementor-widget-text-editor\" data-id=\"f44f9ab\" data-element_type=\"widget\" data-e-type=\"widget\" data-widget_type=\"text-editor.default\">\n\t\t\t\t<div class=\"elementor-widget-container\">\n\t\t\t\t\t\t\t\t\t<h2>Tabere 2024<\/h2>\n<p><a href=\"https:\/\/www.umfst.ro\/fileadmin\/studenti\/tabere\/2024\/Proces_verbal_final_tabere_Fiti.pdf\">Proces verbal final\u00a0 12.07.2024<\/a><\/p>\n<p><a href=\"https:\/\/www.umfst.ro\/fileadmin\/studenti\/tabere\/2024\/2.Anunt_intrunire_comisie_tabere_ing.pdf\">Anun\u021b \u00eentrunire Comisie repartizare locuri \u00een tabere studen\u021be\u0219ti<\/a><\/p>\n<p><a href=\"https:\/\/www.umfst.ro\/fileadmin\/f_inginerie\/tabere\/2024\/Anunt_intrunire_comisie_tabere_studentesti.pdf\">Anun\u021b \u00eentrunire Comisie de selec\u021bie tabere studen\u021be\u0219ti<\/a><\/p>\n<p><a href=\"https:\/\/www.umfst.ro\/fileadmin\/f_inginerie\/tabere\/2024\/Tabel_stud_inscrisi_tabere_2024.pdf\">Lista studen\u021bi care au depus cereri pentru tabere<\/a><\/p>\n<p><a href=\"https:\/\/www.umfst.ro\/fileadmin\/studenti\/tabere\/2024\/Proces_verbal_tabere_06.06.2024ing.pdf\">Proces verbal selec\u021bie beneficiari tabere studen\u021be\u0219ti<\/a><\/p>\n<p><a href=\"https:\/\/www.umfst.ro\/fileadmin\/studenti\/tabere\/2024\/Metodologie_tabere_studentesti_2024.pdf\">Metodologia privind organizarea taberelor studen\u021be\u0219ti 2024<\/a><\/p>\n<p><a href=\"https:\/\/www.umfst.ro\/fileadmin\/studenti\/tabere\/2024\/Anexa_4_Metodologie_tabere_studentesti_2024.pdf\">Anexa 4 Metodologie tabere studen\u021be\u0219ti 2024 \u2013 Cerere individual\u0103 pentru ocuparea unui loc \u00een cadrul taberelor studen\u021be\u0219ti 2024<\/a><\/p>\n<p><u><a href=\"https:\/\/www.umfst.ro\/fileadmin\/studenti\/tabere\/2024\/Anunt_depunere_tabere_studentesti_2024.pdf\">Modalit\u0103\u021bi de depunere a cererilor pentru tabere studen\u021be\u0219ti 2024<\/a><\/u><\/p>\n<p><a href=\"https:\/\/www.umfst.ro\/fileadmin\/f_inginerie\/tabere\/Calendar_desfasurare_proces_de_selectie_tabere_2024.pdf\">Calendar desfasurare proces de selectie tabere 2024<\/a><\/p>\n<p>\u00a0<\/p>\t\t\t\t\t\t\t\t<\/div>\n\t\t\t\t<\/div>\n\t\t\t\t\t<\/div>\n\t\t<\/div>\n\t\t\t\t\t<\/div>\n\t\t<\/section>\n\t\t\t\t<section class=\"elementor-section elementor-top-section elementor-element elementor-element-1311bda0 elementor-hidden-widescreen elementor-hidden-desktop elementor-hidden-tablet elementor-hidden-mobile elementor-section-boxed elementor-section-height-default elementor-section-height-default\" data-id=\"1311bda0\" data-element_type=\"section\" data-e-type=\"section\">\n\t\t\t\t\t\t<div class=\"elementor-container elementor-column-gap-default\">\n\t\t\t\t\t<div class=\"elementor-column elementor-col-100 elementor-top-column elementor-element elementor-element-45aec41b\" data-id=\"45aec41b\" data-element_type=\"column\" data-e-type=\"column\">\n\t\t\t<div class=\"elementor-widget-wrap elementor-element-populated\">\n\t\t\t\t\t\t<div class=\"elementor-element elementor-element-602ee844 elementor-widget elementor-widget-text-editor\" data-id=\"602ee844\" data-element_type=\"widget\" data-e-type=\"widget\" data-widget_type=\"text-editor.default\">\n\t\t\t\t<div class=\"elementor-widget-container\">\n\t\t\t\t\t\t\t\t\t\n<h2 class=\"wp-block-heading\">TABERE 2023<\/h2>\n\n\n\n<p><a href=\"https:\/\/www.umfst.ro\/fileadmin\/studenti\/tabere\/2023\/Anunt_intrunire_comisie_tabere_FITI_19.06..pdf\">Facultatea de Inginerie \u0219i Tehnologia Informa\u021biei &#8211; Anun\u021b \u00eentrunire Comisie de selec\u021bie tabere studen\u021be\u0219ti<\/a><\/p>\n\n\n\n<p><a href=\"https:\/\/www.umfst.ro\/fileadmin\/studenti\/tabere\/2023\/Lista_studenti_tabere__FITI.pdf\">Facultatea de Inginerie \u0219i Tehnologia Informa\u021biei &#8211; Lista studen\u021bi care au depus cereri pentru tabere<\/a><\/p>\n\n\n\n<p><a href=\"https:\/\/www.umfst.ro\/fileadmin\/studenti\/tabere\/2023\/Proces_verbal_tabere_studentesti__FITI_19.06.2023.pdf\">Facultatea de Inginerie \u0219i Tehnologia Informa\u021biei &#8211; Proces verbal selec\u021bie beneficiari tabere studen\u021be\u0219ti, 2023<\/a><\/p>\n\n\n\n<p><a href=\"https:\/\/www.umfst.ro\/fileadmin\/studenti\/tabere\/2023\/Anunt_intrunire_comisie_cu_beneficiarii__FITI_5.07.2023.pdf\">Facultatea de Inginerie \u0219i Tehnologia Informa\u021biei &#8211; Anun\u021b \u00eentrunire Comisie repartizare locuri \u00een taberele studen\u021be\u0219ti<\/a><\/p>\n\n\n\n<p><a href=\"https:\/\/www.umfst.ro\/fileadmin\/studenti\/tabere\/2023\/Proces_verbal__tabere_final_FITI_.pdf\">Facultatea de Inginerie \u0219i Tehnologia Informa\u021biei &#8211; List\u0103 final\u0103 cu studen\u021bii beneficiari ai locurilor de tab\u0103r\u0103<\/a><\/p>\n\n\n\n<p><a href=\"https:\/\/www.umfst.ro\/fileadmin\/documente_oficiale\/tabere\/Metodologia_privind_organizarea_taberelor_studentesti_2023.pdf\">Metodologia privind organizarea taberelor studentesti 2023<\/a><br><a href=\"https:\/\/www.umfst.ro\/fileadmin\/documente_oficiale\/tabere\/Modalitati_depunere_tabere_studentesti_2023.pdf\">Modalit\u0103\u021bi de depunere a cererilor pentru tabere studentesti 2023<\/a><br><a href=\"https:\/\/www.umfst.ro\/fileadmin\/documente_oficiale\/tabere\/Anexa_4_Metodologie_tabere__studentesti_2023.docx\">Cerere individuala pentru ocuparea unui loc \u00een cadrul taberelor studen\u021be\u0219ti 2023<\/a><\/p>\n\n\n\n<p><a href=\"https:\/\/www.umfst.ro\/fileadmin\/documente_oficiale\/tabere\/Calendar_tabere_studentesti_2023.pdf\">Calendar_tabere studentesti 2023<\/a><\/p>\n\t\t\t\t\t\t\t\t<\/div>\n\t\t\t\t<\/div>\n\t\t\t\t\t<\/div>\n\t\t<\/div>\n\t\t\t\t\t<\/div>\n\t\t<\/section>\n\t\t\t\t<\/div>","protected":false},"excerpt":{"rendered":"<p>Tabere 2025 Proces verbal final tabere_18.06.2025 Proces verbal tabere Tabel studen\u021bi \u00eenscri\u0219i tabere Anun\u021b \u00eentrunire comisie Anunt depunere tabere studentesti 2025 Calendarul de desfasurare al Taberelor studentesti 2025 Metodologie privind organizarea taberelor studen\u021be\u0219ti Anexa nr. 4 la metodologie Ordinul Ministrului Familiei, Tineretului \u0219i Egalit\u0103\u021bii de \u015eanse pentru aprobarea Metodologiei privind organizarea taberelor studen\u0163e\u015fti Tabere 2024 [&hellip;]<\/p>\n","protected":false},"author":4,"featured_media":0,"parent":78,"menu_order":9,"comment_status":"closed","ping_status":"closed","template":"","meta":{"_relevanssi_hide_post":"","_relevanssi_hide_content":"","_relevanssi_pin_for_all":"","_relevanssi_pin_keywords":"","_relevanssi_unpin_keywords":"","_relevanssi_related_keywords":"","_relevanssi_related_include_ids":"","_relevanssi_related_exclude_ids":"","_relevanssi_related_no_append":"","_relevanssi_related_not_related":"","_relevanssi_related_posts":"1","_relevanssi_noindex_reason":"","footnotes":""},"categories":[13,33],"tags":[],"class_list":["post-91","page","type-page","status-publish","hentry","category-pagina-cu-sidebar","category-pagina-studenti"],"meta_box":[],"_links":{"self":[{"href":"https:\/\/umfst.ro\/inginerie\/en\/wp-json\/wp\/v2\/pages\/91","targetHints":{"allow":["GET"]}}],"collection":[{"href":"https:\/\/umfst.ro\/inginerie\/en\/wp-json\/wp\/v2\/pages"}],"about":[{"href":"https:\/\/umfst.ro\/inginerie\/en\/wp-json\/wp\/v2\/types\/page"}],"author":[{"embeddable":true,"href":"https:\/\/umfst.ro\/inginerie\/en\/wp-json\/wp\/v2\/users\/4"}],"replies":[{"embeddable":true,"href":"https:\/\/umfst.ro\/inginerie\/en\/wp-json\/wp\/v2\/comments?post=91"}],"version-history":[{"count":44,"href":"https:\/\/umfst.ro\/inginerie\/en\/wp-json\/wp\/v2\/pages\/91\/revisions"}],"predecessor-version":[{"id":3852,"href":"https:\/\/umfst.ro\/inginerie\/en\/wp-json\/wp\/v2\/pages\/91\/revisions\/3852"}],"up":[{"embeddable":true,"href":"https:\/\/umfst.ro\/inginerie\/en\/wp-json\/wp\/v2\/pages\/78"}],"wp:attachment":[{"href":"https:\/\/umfst.ro\/inginerie\/en\/wp-json\/wp\/v2\/media?parent=91"}],"wp:term":[{"taxonomy":"category","embeddable":true,"href":"https:\/\/umfst.ro\/inginerie\/en\/wp-json\/wp\/v2\/categories?post=91"},{"taxonomy":"post_tag","embeddable":true,"href":"https:\/\/umfst.ro\/inginerie\/en\/wp-json\/wp\/v2\/tags?post=91"}],"curies":[{"name":"wp","href":"https:\/\/api.w.org\/{rel}","templated":true}]}}