{"id":35,"date":"2022-11-20T16:42:22","date_gmt":"2022-11-20T16:42:22","guid":{"rendered":"https:\/\/dev.umfst.ro\/inginerie\/?page_id=35"},"modified":"2025-10-20T11:12:31","modified_gmt":"2025-10-20T11:12:31","slug":"consiliul-facultatii-de-inginerie-si-tehnologia-informatiei","status":"publish","type":"page","link":"https:\/\/umfst.ro\/inginerie\/hu\/organizare\/consiliul-facultatii-de-inginerie-si-tehnologia-informatiei\/","title":{"rendered":"Consiliul Facult\u0103\u0163ii de Inginerie \u0219i Tehnologia Informa\u021biei"},"content":{"rendered":"<div data-elementor-type=\"wp-page\" data-elementor-id=\"35\" class=\"elementor elementor-35\" data-elementor-post-type=\"page\">\n\t\t\t\t\t\t<section class=\"elementor-section elementor-top-section elementor-element elementor-element-5fa63fc9 elementor-section-boxed elementor-section-height-default elementor-section-height-default\" data-id=\"5fa63fc9\" data-element_type=\"section\" data-e-type=\"section\">\n\t\t\t\t\t\t<div class=\"elementor-container elementor-column-gap-default\">\n\t\t\t\t\t<div class=\"elementor-column elementor-col-100 elementor-top-column elementor-element elementor-element-27af8f2a\" data-id=\"27af8f2a\" data-element_type=\"column\" data-e-type=\"column\">\n\t\t\t<div class=\"elementor-widget-wrap elementor-element-populated\">\n\t\t\t\t\t\t<div class=\"elementor-element elementor-element-20307924 elementor-widget elementor-widget-text-editor\" data-id=\"20307924\" data-element_type=\"widget\" data-e-type=\"widget\" data-widget_type=\"text-editor.default\">\n\t\t\t\t<div class=\"elementor-widget-container\">\n\t\t\t\t\t\t\t\t\t<p><\/p>\n<p><\/p>\n<p><\/p>\n<h2 class=\"wp-block-heading\" role=\"heading\" data-uw-rm-heading=\"level\">Consiliul facult\u0103\u021bii<\/h2>\n<p><\/p>\n<p><\/p>\n<p><strong>Decan<\/strong><br \/>Prof. univ. dr. abil. ing. Liviu Moldovan<\/p>\n<p>P<strong>rodecan<\/strong><br \/>Conf. univ. dr. ing. Adrian Gligor<\/p>\n<p><strong>Directori departament<\/strong><br \/>Prof. univ. dr. ing. Romeo Dorin Bic\u0103<br \/>\u015eef lucr. dr. ing. Sorin Albu<\/p>\n<p><strong>Membrii Consiliului<\/strong><\/p>\n<p>Prof. dr. ing. SZIL\u00c1GYI S\u00e1ndor Mikl\u00f3s\u00a0\u00a0\u00a0\u00a0\u00a0\u00a0\u00a0\u00a0\u00a0\u00a0\u00a0\u00a0\u00a0\u00a0\u00a0\u00a0\u00a0\u00a0\u00a0<br \/>Prof. dr. abil. IANTOVICS L\u00e1szl\u00f3 Barna\u00a0\u00a0\u00a0\u00a0\u00a0\u00a0\u00a0\u00a0\u00a0\u00a0\u00a0\u00a0\u00a0\u00a0\u00a0\u00a0\u00a0<br \/>Lector dr. ing. Bogdan CRAINICU<br \/>Conf. dr. ing. Gabriela STRNAD <br \/>\u015eef lucr. dr. ing. Adrian DUKA\u00a0\u00a0\u00a0\u00a0\u00a0\u00a0\u00a0\u00a0\u00a0\u00a0\u00a0\u00a0\u00a0\u00a0\u00a0\u00a0\u00a0\u00a0\u00a0\u00a0\u00a0\u00a0\u00a0\u00a0\u00a0\u00a0\u00a0\u00a0\u00a0\u00a0\u00a0\u00a0<br \/>\u015eef lucr. dr. ing. R\u0103zvan CAZACU\u00a0\u00a0\u00a0\u00a0\u00a0\u00a0\u00a0\u00a0\u00a0\u00a0\u00a0\u00a0\u00a0\u00a0\u00a0\u00a0\u00a0\u00a0\u00a0\u00a0\u00a0\u00a0\u00a0\u00a0\u00a0\u00a0\u00a0<br \/>\u0218ef lucr. dr.ing. Stelian OLTEAN\u00a0\u00a0\u00a0\u00a0\u00a0\u00a0\u00a0\u00a0\u00a0\u00a0\u00a0\u00a0\u00a0\u00a0\u00a0\u00a0\u00a0\u00a0\u00a0\u00a0\u00a0\u00a0\u00a0\u00a0\u00a0\u00a0\u00a0\u00a0<\/p>\n<p>Stud. Andrei-Ioan F\u0102RCA\u0218 &#8211; Inginerie medical\u0103, AN III\u00a0\u00a0\u00a0\u00a0\u00a0\u00a0\u00a0\u00a0\u00a0\u00a0\u00a0\u00a0\u00a0\u00a0 \u00a0\u00a0\u00a0\u00a0\u00a0<br \/>Stud. Adina-Alexandra TOMOIAG\u0102 &#8211; Arhitectur\u0103 (\u00een limba englez\u0103), AN V\u00a0 <br \/>Stud. Alexandru MIHESAN &#8211; Inginerie economic\u0103 industrial\u0103, AN III\u00a0 \u00a0 \u00a0 \u00a0 \u00a0 \u00a0 \u00a0 \u00a0 \u00a0 <br \/>Stud. Alexandru Lucian TANCO &#8211; Inginerie medical\u0103, AN IV\u00a0\u00a0\u00a0\u00a0\u00a0\u00a0\u00a0\u00a0\u00a0<\/p>\n<h2>Hot\u0103r\u00e2ri ale Consiliului facult\u0103\u021bii<\/h2>\n<p><a href=\"https:\/\/documente.umfst.ro\/documente\/hotarari-ale-consiliului-facultatii\/medicina\/\" target=\"_blank\" rel=\"noopener\" data-uw-rm-brl=\"PR\" data-uw-original-href=\"https:\/\/documente.umfst.ro\/documente\/hotarari-ale-consiliului-facultatii\/medicina\/\" aria-label=\"Hot\u0103r\u00e2ri ale Consiliului Facult\u0103\u021bii - deschide \u00eentr-o fil\u0103 nou\u0103\" data-uw-rm-ext-link=\"\">Hot\u0103r\u00e2ri ale Consiliului Facult\u0103\u021bii<\/a><\/p>\n<p>\u00a0<\/p>\n<p><\/p>\n<p><\/p>\n<p><\/p>\t\t\t\t\t\t\t\t<\/div>\n\t\t\t\t<\/div>\n\t\t\t\t\t<\/div>\n\t\t<\/div>\n\t\t\t\t\t<\/div>\n\t\t<\/section>\n\t\t\t\t<\/div>","protected":false},"excerpt":{"rendered":"<p>Consiliul facult\u0103\u021bii DecanProf. univ. dr. abil. ing. Liviu Moldovan ProdecanConf. univ. dr. ing. Adrian Gligor Directori departamentProf. univ. dr. ing. Romeo Dorin Bic\u0103\u015eef lucr. dr. ing. Sorin Albu Membrii Consiliului Prof. dr. ing. SZIL\u00c1GYI S\u00e1ndor Mikl\u00f3s\u00a0\u00a0\u00a0\u00a0\u00a0\u00a0\u00a0\u00a0\u00a0\u00a0\u00a0\u00a0\u00a0\u00a0\u00a0\u00a0\u00a0\u00a0\u00a0Prof. dr. abil. IANTOVICS L\u00e1szl\u00f3 Barna\u00a0\u00a0\u00a0\u00a0\u00a0\u00a0\u00a0\u00a0\u00a0\u00a0\u00a0\u00a0\u00a0\u00a0\u00a0\u00a0\u00a0Lector dr. ing. Bogdan CRAINICUConf. dr. ing. Gabriela STRNAD \u015eef lucr. dr. ing. Adrian DUKA\u00a0\u00a0\u00a0\u00a0\u00a0\u00a0\u00a0\u00a0\u00a0\u00a0\u00a0\u00a0\u00a0\u00a0\u00a0\u00a0\u00a0\u00a0\u00a0\u00a0\u00a0\u00a0\u00a0\u00a0\u00a0\u00a0\u00a0\u00a0\u00a0\u00a0\u00a0\u00a0\u015eef [&hellip;]<\/p>\n","protected":false},"author":4,"featured_media":0,"parent":29,"menu_order":2,"comment_status":"closed","ping_status":"closed","template":"","meta":{"_relevanssi_hide_post":"","_relevanssi_hide_content":"","_relevanssi_pin_for_all":"","_relevanssi_pin_keywords":"","_relevanssi_unpin_keywords":"","_relevanssi_related_keywords":"","_relevanssi_related_include_ids":"","_relevanssi_related_exclude_ids":"","_relevanssi_related_no_append":"","_relevanssi_related_not_related":"","_relevanssi_related_posts":"1","_relevanssi_noindex_reason":"","footnotes":""},"categories":[13,43],"tags":[],"class_list":["post-35","page","type-page","status-publish","hentry","category-pagina-cu-sidebar","category-pagina-organizare"],"meta_box":[],"_links":{"self":[{"href":"https:\/\/umfst.ro\/inginerie\/hu\/wp-json\/wp\/v2\/pages\/35","targetHints":{"allow":["GET"]}}],"collection":[{"href":"https:\/\/umfst.ro\/inginerie\/hu\/wp-json\/wp\/v2\/pages"}],"about":[{"href":"https:\/\/umfst.ro\/inginerie\/hu\/wp-json\/wp\/v2\/types\/page"}],"author":[{"embeddable":true,"href":"https:\/\/umfst.ro\/inginerie\/hu\/wp-json\/wp\/v2\/users\/4"}],"replies":[{"embeddable":true,"href":"https:\/\/umfst.ro\/inginerie\/hu\/wp-json\/wp\/v2\/comments?post=35"}],"version-history":[{"count":23,"href":"https:\/\/umfst.ro\/inginerie\/hu\/wp-json\/wp\/v2\/pages\/35\/revisions"}],"predecessor-version":[{"id":4027,"href":"https:\/\/umfst.ro\/inginerie\/hu\/wp-json\/wp\/v2\/pages\/35\/revisions\/4027"}],"up":[{"embeddable":true,"href":"https:\/\/umfst.ro\/inginerie\/hu\/wp-json\/wp\/v2\/pages\/29"}],"wp:attachment":[{"href":"https:\/\/umfst.ro\/inginerie\/hu\/wp-json\/wp\/v2\/media?parent=35"}],"wp:term":[{"taxonomy":"category","embeddable":true,"href":"https:\/\/umfst.ro\/inginerie\/hu\/wp-json\/wp\/v2\/categories?post=35"},{"taxonomy":"post_tag","embeddable":true,"href":"https:\/\/umfst.ro\/inginerie\/hu\/wp-json\/wp\/v2\/tags?post=35"}],"curies":[{"name":"wp","href":"https:\/\/api.w.org\/{rel}","templated":true}]}}