{"id":62,"date":"2022-11-20T17:01:24","date_gmt":"2022-11-20T17:01:24","guid":{"rendered":"https:\/\/dev.umfst.ro\/inginerie\/?page_id=62"},"modified":"2024-01-10T18:18:37","modified_gmt":"2024-01-10T18:18:37","slug":"studii-de-licenta","status":"publish","type":"page","link":"https:\/\/umfst.ro\/inginerie\/hu\/oferta-educationala\/studii-de-licenta\/","title":{"rendered":"Studii de licen\u021b\u0103"},"content":{"rendered":"\t\t<div data-elementor-type=\"wp-post\" data-elementor-id=\"62\" class=\"elementor elementor-62\" data-elementor-post-type=\"page\">\n\t\t\t\t\t\t<section class=\"elementor-section elementor-top-section elementor-element elementor-element-6cc7f60 elementor-section-boxed elementor-section-height-default elementor-section-height-default\" data-id=\"6cc7f60\" data-element_type=\"section\" data-e-type=\"section\">\n\t\t\t\t\t\t<div class=\"elementor-container elementor-column-gap-default\">\n\t\t\t\t\t<div class=\"elementor-column elementor-col-100 elementor-top-column elementor-element elementor-element-c76388a\" data-id=\"c76388a\" data-element_type=\"column\" data-e-type=\"column\">\n\t\t\t<div class=\"elementor-widget-wrap elementor-element-populated\">\n\t\t\t\t\t\t<div class=\"elementor-element elementor-element-dd0f2f6 elementor-widget elementor-widget-heading\" data-id=\"dd0f2f6\" data-element_type=\"widget\" data-e-type=\"widget\" data-widget_type=\"heading.default\">\n\t\t\t\t<div class=\"elementor-widget-container\">\n\t\t\t\t\t<h2 class=\"elementor-heading-title elementor-size-default\">Oferta educa\u021bional\u0103<\/h2>\t\t\t\t<\/div>\n\t\t\t\t<\/div>\n\t\t\t\t\t<\/div>\n\t\t<\/div>\n\t\t\t\t\t<\/div>\n\t\t<\/section>\n\t\t\t\t<section class=\"elementor-section elementor-top-section elementor-element elementor-element-e49b8fb elementor-section-boxed elementor-section-height-default elementor-section-height-default\" data-id=\"e49b8fb\" data-element_type=\"section\" data-e-type=\"section\">\n\t\t\t\t\t\t<div class=\"elementor-container elementor-column-gap-default\">\n\t\t\t\t\t<div class=\"elementor-column elementor-col-100 elementor-top-column elementor-element elementor-element-29747bd\" data-id=\"29747bd\" data-element_type=\"column\" data-e-type=\"column\">\n\t\t\t<div class=\"elementor-widget-wrap elementor-element-populated\">\n\t\t\t\t\t\t<div class=\"elementor-element elementor-element-cdb9cbc elementor-widget elementor-widget-text-editor\" data-id=\"cdb9cbc\" data-element_type=\"widget\" data-e-type=\"widget\" data-widget_type=\"text-editor.default\">\n\t\t\t\t<div class=\"elementor-widget-container\">\n\t\t\t\t\t\t\t\t\t<p>Prin oferta sa educa\u021bional\u0103, Facultatea de Inginerie \u0219i Tehnologia informa\u021biei ocup\u0103 un loc important \u00een cadrul general al \u00eenv\u0103\u0163\u0103m\u00e2ntului superior din Rom\u00e2nia \u015fi contribuie semnificativ la diversificarea preg\u0103tirii de specialitate<\/p>\t\t\t\t\t\t\t\t<\/div>\n\t\t\t\t<\/div>\n\t\t\t\t\t<\/div>\n\t\t<\/div>\n\t\t\t\t\t<\/div>\n\t\t<\/section>\n\t\t\t\t<section class=\"elementor-section elementor-top-section elementor-element elementor-element-ce610e0 elementor-section-boxed elementor-section-height-default elementor-section-height-default\" data-id=\"ce610e0\" data-element_type=\"section\" data-e-type=\"section\">\n\t\t\t\t\t\t<div class=\"elementor-container elementor-column-gap-default\">\n\t\t\t\t\t<div class=\"elementor-column elementor-col-100 elementor-top-column elementor-element elementor-element-1294ad3\" data-id=\"1294ad3\" data-element_type=\"column\" data-e-type=\"column\">\n\t\t\t<div class=\"elementor-widget-wrap elementor-element-populated\">\n\t\t\t\t\t\t<div class=\"elementor-element elementor-element-bb0e152 elementor-widget elementor-widget-text-editor\" data-id=\"bb0e152\" data-element_type=\"widget\" data-e-type=\"widget\" data-widget_type=\"text-editor.default\">\n\t\t\t\t<div class=\"elementor-widget-container\">\n\t\t\t\t\t\t\t\t\t<p>\n<div class=\"wpdt-c wdt-skin-light\">\n    \n    <input type=\"hidden\" id=\"wdtNonceFrontendServerSide_4\" name=\"wdtNonceFrontendServerSide_4\" value=\"c45fdeb348\" \/><input type=\"hidden\" name=\"_wp_http_referer\" value=\"\/inginerie\/hu\/wp-json\/wp\/v2\/pages\/62\" \/>    <input type=\"hidden\" id=\"table_1_desc\"\n           value='{\"tableId\":\"table_1\",\"tableType\":\"manual\",\"selector\":\"#table_1\",\"responsive\":true,\"responsiveAction\":\"icon\",\"editable\":false,\"inlineEditing\":false,\"infoBlock\":false,\"pagination_top\":0,\"pagination\":0,\"paginationAlign\":\"right\",\"paginationLayout\":\"full_numbers\",\"paginationLayoutMobile\":\"simple\",\"file_location\":\"\",\"tableSkin\":\"light\",\"table_wcag\":0,\"simple_template_id\":0,\"scrollable\":false,\"fixedLayout\":true,\"globalSearch\":false,\"showRowsPerPage\":false,\"popoverTools\":false,\"loader\":\"1\",\"showCartInformation\":1,\"hideBeforeLoad\":false,\"number_format\":1,\"decimalPlaces\":2,\"spinnerSrc\":\"https:\\\/\\\/umfst.ro\\\/inginerie\\\/wp-content\\\/plugins\\\/wpdatatables\\\/assets\\\/\\\/img\\\/spinner.gif\",\"index_column\":0,\"groupingEnabled\":false,\"tableWpId\":4,\"dataTableParams\":{\"sDom\":\"BT\\u003C\\u0027clear\\u0027\\u003Et\",\"bSortCellsTop\":false,\"bFilter\":true,\"aLengthMenu\":[[1,5,10,25,50,100,-1],[1,5,10,25,50,100,\"All\"]],\"iDisplayLength\":10,\"columnDefs\":[{\"sType\":\"formatted-num\",\"wdtType\":\"int\",\"bVisible\":false,\"orderable\":true,\"searchable\":true,\"InputType\":\"text\",\"name\":\"wdt_ID\",\"origHeader\":\"wdt_ID\",\"notNull\":false,\"conditionalFormattingRules\":[],\"transformValueRules\":\"\",\"className\":\"numdata integer  column-wdt_id\",\"aTargets\":[0]},{\"sType\":\"string\",\"wdtType\":\"string\",\"bVisible\":true,\"orderable\":true,\"searchable\":true,\"InputType\":\"text\",\"name\":\"domeniuldestudii\",\"origHeader\":\"domeniuldestudii\",\"notNull\":false,\"conditionalFormattingRules\":[],\"transformValueRules\":\"\",\"className\":\" column-domeniuldestudii\",\"sWidth\":\"13%\",\"aTargets\":[1]},{\"sType\":\"string\",\"wdtType\":\"link\",\"bVisible\":true,\"orderable\":true,\"searchable\":true,\"InputType\":\"text\",\"name\":\"programdestudiu\",\"origHeader\":\"programdestudiu\",\"notNull\":false,\"conditionalFormattingRules\":[],\"transformValueRules\":\"\",\"className\":\" column-programdestudiu\",\"sWidth\":\"25%\",\"aTargets\":[2]},{\"sType\":\"string\",\"wdtType\":\"string\",\"bVisible\":true,\"orderable\":true,\"searchable\":true,\"InputType\":\"text\",\"name\":\"anidestudiu\",\"origHeader\":\"anidestudiu\",\"notNull\":false,\"conditionalFormattingRules\":[],\"transformValueRules\":\"\",\"className\":\" column-anidestudiu\",\"sWidth\":\"12%\",\"aTargets\":[3]},{\"sType\":\"string\",\"wdtType\":\"string\",\"bVisible\":true,\"orderable\":true,\"searchable\":true,\"InputType\":\"text\",\"name\":\"formadeinvatamantifinvatamantcufrecventa\",\"origHeader\":\"formadeinvatamantifinvatamantcufrecventa\",\"notNull\":false,\"conditionalFormattingRules\":[],\"transformValueRules\":\"\",\"className\":\" column-formadeinvatamantifinvatamantcufrecventa\",\"sWidth\":\"10%\",\"aTargets\":[4]},{\"sType\":\"string\",\"wdtType\":\"string\",\"bVisible\":true,\"orderable\":true,\"searchable\":true,\"InputType\":\"text\",\"name\":\"numarcredite\",\"origHeader\":\"numarcredite\",\"notNull\":false,\"conditionalFormattingRules\":[],\"transformValueRules\":\"\",\"className\":\" column-numarcredite\",\"sWidth\":\"10%\",\"aTargets\":[5]},{\"sType\":\"string\",\"wdtType\":\"string\",\"bVisible\":true,\"orderable\":true,\"searchable\":true,\"InputType\":\"text\",\"name\":\"situatiaaracis\",\"origHeader\":\"situatiaaracis\",\"notNull\":false,\"conditionalFormattingRules\":[],\"transformValueRules\":\"\",\"className\":\" column-situatiaaracis\",\"sWidth\":\"15%\",\"aTargets\":[6]},{\"sType\":\"string\",\"wdtType\":\"string\",\"bVisible\":true,\"orderable\":true,\"searchable\":true,\"InputType\":\"text\",\"name\":\"limbadestudiu\",\"origHeader\":\"limbadestudiu\",\"notNull\":false,\"conditionalFormattingRules\":[],\"transformValueRules\":\"\",\"className\":\" column-limbadestudiu\",\"sWidth\":\"15%\",\"aTargets\":[7]}],\"bAutoWidth\":false,\"order\":[[0,\"asc\"]],\"ordering\":false,\"fixedHeader\":{\"header\":false,\"headerOffset\":0},\"fixedColumns\":false,\"oLanguage\":{\"sSearchPlaceholder\":\"\"},\"buttons\":[],\"bProcessing\":false,\"serverSide\":true,\"ajax\":{\"url\":\"https:\\\/\\\/umfst.ro\\\/inginerie\\\/wp-admin\\\/admin-ajax.php?action=get_wdtable&#038;table_id=4\",\"type\":\"POST\"},\"oSearch\":{\"bSmart\":false,\"bRegex\":false,\"sSearch\":\"\"}},\"customRowDisplay\":\"\",\"tabletWidth\":\"400\",\"mobileWidth\":\"480\",\"renderFilter\":\"footer\",\"advancedFilterEnabled\":false,\"serverSide\":true,\"autoRefreshInterval\":0,\"processing\":true,\"fnServerData\":true,\"columnsFixed\":0,\"sumFunctionsLabel\":\"\",\"avgFunctionsLabel\":\"\",\"minFunctionsLabel\":\"\",\"maxFunctionsLabel\":\"\",\"columnsDecimalPlaces\":{\"wdt_ID\":-1,\"domeniuldestudii\":-1,\"programdestudiu\":-1,\"anidestudiu\":-1,\"formadeinvatamantifinvatamantcufrecventa\":-1,\"numarcredite\":-1,\"situatiaaracis\":-1,\"limbadestudiu\":-1},\"columnsThousandsSeparator\":{\"wdt_ID\":0},\"sumColumns\":[],\"avgColumns\":[],\"sumAvgColumns\":[],\"timeFormat\":\"h:i A\",\"datepickFormat\":\"dd\\\/mm\\\/yy\"}'\/>\n\n    <table id=\"table_1\"\n           class=\"  responsive display nowrap wdt-no-display data-t data-t wpDataTable wpDataTableID-4 \"\n           style=\"\"\n           data-described-by='table_1_desc'\n           data-wpdatatable_id=\"4\">\n        \n        <!-- Table header -->\n        \n<thead>\n<tr>\n                    <th\n                        class=\" wdtheader sort numdata integer \"\n        style=\"\">        wdt_ID<\/th>        <th\n                data-hide=\"phone,tablet\"        class=\"phone,tablet wdtheader sort \"\n        style=\"\">        Domeniul de studii<\/th>        <th\n        data-class=\"expand\"                class=\" wdtheader sort \"\n        style=\"\">        Denumirea programului de studiu<\/th>        <th\n                        class=\" wdtheader sort \"\n        style=\"\">        Durata studiilor<\/th>        <th\n                data-hide=\"phone,tablet\"        class=\"phone,tablet wdtheader sort \"\n        style=\"\">        Forma de \u00eenv\u0103\u021b\u0103m\u00e2nt* <\/th>        <th\n                data-hide=\"phone,tablet\"        class=\"phone,tablet wdtheader sort \"\n        style=\"\">        Credite ECTS<\/th>        <th\n                        class=\" wdtheader sort \"\n        style=\"\">        Situa\u021bia ARACIS<\/th>        <th\n                        class=\" wdtheader sort \"\n        style=\"\">        Limba de studiu<\/th>    <\/tr>\n<\/thead>\n        <!-- \/Table header -->\n\n        <!-- Table body -->\n        \n<tbody>\n<!-- Table body -->\n<div data-id=\"4\"\n     class=\"wdt-timeline-item wdt-timeline-table_1\"\n     style=\"\">\n    <div class=\"wdt-table-loader\">\n        <div class=\"wdt-table-loader-row wdt-table-loader-header\">\n            <div class=\"wdt-table-loader-header-cell wdt-animated-background\"><\/div>\n            <div class=\"wdt-table-loader-header-cell wdt-animated-background\"><\/div>\n            <div class=\"wdt-table-loader-header-cell wdt-animated-background\"><\/div>\n        <\/div>\n                    <div class=\"wdt-table-loader-row\">\n                <div class=\"wdt-table-loader-cell wdt-animated-background\"><\/div>\n                <div class=\"wdt-table-loader-cell wdt-animated-background\"><\/div>\n                <div class=\"wdt-table-loader-cell wdt-animated-background\"><\/div>\n            <\/div>\n                    <div class=\"wdt-table-loader-row\">\n                <div class=\"wdt-table-loader-cell wdt-animated-background\"><\/div>\n                <div class=\"wdt-table-loader-cell wdt-animated-background\"><\/div>\n                <div class=\"wdt-table-loader-cell wdt-animated-background\"><\/div>\n            <\/div>\n                    <div class=\"wdt-table-loader-row\">\n                <div class=\"wdt-table-loader-cell wdt-animated-background\"><\/div>\n                <div class=\"wdt-table-loader-cell wdt-animated-background\"><\/div>\n                <div class=\"wdt-table-loader-cell wdt-animated-background\"><\/div>\n            <\/div>\n                    <div class=\"wdt-table-loader-row\">\n                <div class=\"wdt-table-loader-cell wdt-animated-background\"><\/div>\n                <div class=\"wdt-table-loader-cell wdt-animated-background\"><\/div>\n                <div class=\"wdt-table-loader-cell wdt-animated-background\"><\/div>\n            <\/div>\n                    <div class=\"wdt-table-loader-row\">\n                <div class=\"wdt-table-loader-cell wdt-animated-background\"><\/div>\n                <div class=\"wdt-table-loader-cell wdt-animated-background\"><\/div>\n                <div class=\"wdt-table-loader-cell wdt-animated-background\"><\/div>\n            <\/div>\n                    <div class=\"wdt-table-loader-row\">\n                <div class=\"wdt-table-loader-cell wdt-animated-background\"><\/div>\n                <div class=\"wdt-table-loader-cell wdt-animated-background\"><\/div>\n                <div class=\"wdt-table-loader-cell wdt-animated-background\"><\/div>\n            <\/div>\n                    <div class=\"wdt-table-loader-row\">\n                <div class=\"wdt-table-loader-cell wdt-animated-background\"><\/div>\n                <div class=\"wdt-table-loader-cell wdt-animated-background\"><\/div>\n                <div class=\"wdt-table-loader-cell wdt-animated-background\"><\/div>\n            <\/div>\n                    <div class=\"wdt-table-loader-row\">\n                <div class=\"wdt-table-loader-cell wdt-animated-background\"><\/div>\n                <div class=\"wdt-table-loader-cell wdt-animated-background\"><\/div>\n                <div class=\"wdt-table-loader-cell wdt-animated-background\"><\/div>\n            <\/div>\n                    <div class=\"wdt-table-loader-row\">\n                <div class=\"wdt-table-loader-cell wdt-animated-background\"><\/div>\n                <div class=\"wdt-table-loader-cell wdt-animated-background\"><\/div>\n                <div class=\"wdt-table-loader-cell wdt-animated-background\"><\/div>\n            <\/div>\n            <\/div>\n<\/div><!-- \/Table body -->\n                    <tr id=\"table_4_row_0\"\n            data-row-index=\"0\">\n                            <td style=\"\">1<\/td>\n                            <td style=\"\">Inginerie industrial\u0103 <\/td>\n                            <td style=\"\"><a data-content='Tehnologia construc\u021biilor de ma\u0219ini' href='https:\/\/umfst.ro\/inginerie\/oferta-educationala\/studii-de-licenta\/tehnologia-constructiilor-de-masini\/' rel='' target='_self'>Tehnologia construc\u021biilor de ma\u0219ini<\/a><\/td>\n                            <td style=\"\">4 ani<\/td>\n                            <td style=\"\">IF<\/td>\n                            <td style=\"\">240<\/td>\n                            <td style=\"\">Acreditat <\/td>\n                            <td style=\"\">Rom\u00e2n\u0103<\/td>\n                    <\/tr>\n                            <tr id=\"table_4_row_1\"\n            data-row-index=\"1\">\n                            <td style=\"\">3<\/td>\n                            <td style=\"\">Inginerie \u0219i management <\/td>\n                            <td style=\"\"><a data-content='Inginerie economic\u0103 industrial\u0103' href='https:\/\/umfst.ro\/inginerie\/oferta-educationala\/studii-de-licenta\/inginerie-economica-industriala\/' rel='' target='_self'>Inginerie economic\u0103 industrial\u0103<\/a><\/td>\n                            <td style=\"\">4 ani<\/td>\n                            <td style=\"\">IF<\/td>\n                            <td style=\"\">240 <\/td>\n                            <td style=\"\"> \tAcreditat certificat EUR-ACE <\/td>\n                            <td style=\"\">Rom\u00e2n\u0103<\/td>\n                    <\/tr>\n                            <tr id=\"table_4_row_2\"\n            data-row-index=\"2\">\n                            <td style=\"\">4<\/td>\n                            <td style=\"\">Inginerie energetic\u0103  <\/td>\n                            <td style=\"\"><a data-content='Energetic\u0103 \u0219i tehnologii informatice' href='https:\/\/umfst.ro\/inginerie\/oferta-educationala\/studii-de-licenta\/energetica-si-tehnologii-informatice\/' rel='' target='_self'>Energetic\u0103 \u0219i tehnologii informatice<\/a><\/td>\n                            <td style=\"\">4 ani<\/td>\n                            <td style=\"\">IF<\/td>\n                            <td style=\"\">240 <\/td>\n                            <td style=\"\">Autorizat <\/td>\n                            <td style=\"\">Rom\u00e2n\u0103 <\/td>\n                    <\/tr>\n                            <tr id=\"table_4_row_3\"\n            data-row-index=\"3\">\n                            <td style=\"\">5<\/td>\n                            <td style=\"\">Ingineria sistemelor <\/td>\n                            <td style=\"\"><a data-content='Automatic\u0103 \u0219i informatic\u0103 aplicat\u0103' href='https:\/\/umfst.ro\/inginerie\/oferta-educationala\/studii-de-licenta\/automatica-si-informatica-aplicata\/' rel='' target='_self'>Automatic\u0103 \u0219i informatic\u0103 aplicat\u0103<\/a><\/td>\n                            <td style=\"\">4 ani<\/td>\n                            <td style=\"\">\u00ceF<\/td>\n                            <td style=\"\">240<\/td>\n                            <td style=\"\">Acreditat<\/td>\n                            <td style=\"\">Rom\u00e2n\u0103<\/td>\n                    <\/tr>\n                            <tr id=\"table_4_row_4\"\n            data-row-index=\"4\">\n                            <td style=\"\">6<\/td>\n                            <td style=\"\">\u0218tiin\u021be inginere\u0219ti aplicate <\/td>\n                            <td style=\"\"><a data-content='Inginerie medical\u0103' href='https:\/\/umfst.ro\/inginerie\/oferta-educationala\/studii-de-licenta\/inginerie-medicala\/' rel='' target='_self'>Inginerie medical\u0103<\/a><\/td>\n                            <td style=\"\">4 ani<\/td>\n                            <td style=\"\">IF<\/td>\n                            <td style=\"\">240<\/td>\n                            <td style=\"\">Autorizat  <\/td>\n                            <td style=\"\">Rom\u00e2n\u0103<\/td>\n                    <\/tr>\n                            <tr id=\"table_4_row_5\"\n            data-row-index=\"5\">\n                            <td style=\"\">7<\/td>\n                            <td style=\"\">Arhitectur\u0103<\/td>\n                            <td style=\"\"><a data-content='Arhitectur\u0103' href='https:\/\/umfst.ro\/inginerie\/oferta-educationala\/studii-de-licenta\/arhitectura\/' rel='' target='_self'>Arhitectur\u0103<\/a><\/td>\n                            <td style=\"\">6 ani<\/td>\n                            <td style=\"\">\u00ceF<\/td>\n                            <td style=\"\">360<\/td>\n                            <td style=\"\">Autorizat <\/td>\n                            <td style=\"\">Englez\u0103 <\/td>\n                    <\/tr>\n                            <tr id=\"table_4_row_6\"\n            data-row-index=\"6\">\n                            <td style=\"\">8<\/td>\n                            <td style=\"\">Informatic\u0103 <\/td>\n                            <td style=\"\"><a data-content='Informatic\u0103' href='https:\/\/umfst.ro\/inginerie\/oferta-educationala\/studii-de-licenta\/informatica\/' rel='' target='_self'>Informatic\u0103<\/a><\/td>\n                            <td style=\"\">3 ani<\/td>\n                            <td style=\"\">IF<\/td>\n                            <td style=\"\">180<\/td>\n                            <td style=\"\">Acreditat<\/td>\n                            <td style=\"\">Rom\u00e2n\u0103 <\/td>\n                    <\/tr>\n                            <tr id=\"table_4_row_7\"\n            data-row-index=\"7\">\n                            <td style=\"\">10<\/td>\n                            <td style=\"\">Informatic\u0103 <\/td>\n                            <td style=\"\"><a data-content='Informatic\u0103 (limba maghiar\u0103)' href='https:\/\/umfst.ro\/inginerie\/oferta-educationala\/studii-de-licenta\/informatica-limba-maghiara\/' rel='' target='_self'>Informatic\u0103 (limba maghiar\u0103)<\/a><\/td>\n                            <td style=\"\">3 ani<\/td>\n                            <td style=\"\">IF<\/td>\n                            <td style=\"\">180<\/td>\n                            <td style=\"\">Autorizat<\/td>\n                            <td style=\"\">Maghiar\u0103<\/td>\n                    <\/tr>\n            <\/tbody>        <!-- \/Table body -->\n\n        <!-- Table footer -->\n        \n        <!-- \/Table footer -->\n    <\/table>\n\n<\/div><style>\n\n#table_1 > thead > tr > th.column-formadeinvatamantifinvatamantcufrecventa { text-align: left !important; }\n#table_1 > thead > tr > th.column-situatiaaracis { text-align: left !important; }table.wpDataTable { table-layout: fixed !important; }\ntable.wpDataTable td, table.wpDataTable th { white-space: normal !important; }\ntable.wpDataTable td.numdata { text-align: right !important; }\n<\/style>\n<style>\n                        \/* th active\/hover background color *\/\n    .wpdt-c .wpDataTablesWrapper table.wpDataTable thead th.sorting_asc,\n    .wpdt-c .wpDataTablesWrapper table.wpDataTable thead th.sorting_desc,\n    .wpdt-c .wpDataTablesWrapper table.wpDataTable thead th.sorting:hover,\n    .wpdt-c .wpDataTablesWrapper table.wpDataTable.wpdtSimpleTable thead th:hover,\n    .wpdt-c.wpDataTablesWrapper table.wpDataTable.wpdtSimpleTable thead th:hover {\n        background-color: #4A8DC2 !important;\n        background-image: none !important;\n    }\n\n    \n                                                                                            \/* table font size *\/\n    .wpdt-c.wpDataTablesWrapper table.wpdtSimpleTable,\n    .wpdt-c .wpDataTablesWrapper table.wpDataTable {\n        font-size: 12px !important;\n    }\n\n            \n                <\/style>\n<style>\n<\/style>\n<style>\n            \/* th background color *\/\n    .wpdt-c.wpDataTablesWrapper table.wpdtSimpleTable.bt[data-has-header='1'] td.wpdt-header-classes,\n    .wpdt-c.wpDataTablesWrapper table#wpdtSimpleTable-4 thead th,\n    .wpdt-c .wpDataTablesWrapper table.wpDataTable.wpDataTableID-4 > thead > tr > th,\n    .wpdt-c .wpDataTablesWrapper table.wpDataTable.wpDataTableID-4 thead th,\n    .wpdt-c .wpDataTablesWrapper table.wpDataTable.wpDataTableID-4 thead th.sorting {\n        background-color: #327419 !important;\n        background-image: none !important;\n    }\n\n                \/* th font color *\/\n    .wpdt-c.wpDataTablesWrapper table.wpdtSimpleTable.bt[data-has-header='1'] td.wpdt-header-classes,\n    .wpdt-c.wpDataTablesWrapper table#wpdtSimpleTable-4 thead th,\n    .wpdt-c .wpDataTablesWrapper table.wpDataTable.wpDataTableID-4 thead th {\n        color: #FFFFFF !important;\n    }\n\n    .wpdt-c .wpDataTablesWrapper table.wpDataTable.wpDataTableID-4 thead th.sorting:after,\n    .wpdt-c .wpDataTablesWrapper table.wpDataTable.wpDataTableID-4 thead th.sorting_asc:after {\n        border-bottom-color: #FFFFFF !important;\n    }\n\n    .wpdt-c .wpDataTablesWrapper table.wpDataTable.wpDataTableID-4 thead th.sorting_desc:after {\n        border-top-color: #FFFFFF !important;\n    }\n\n                \n                                        \n                    \n<\/style>\n.<\/p>\t\t\t\t\t\t\t\t<\/div>\n\t\t\t\t<\/div>\n\t\t\t\t\t<\/div>\n\t\t<\/div>\n\t\t\t\t\t<\/div>\n\t\t<\/section>\n\t\t\t\t<\/div>\n\t\t","protected":false},"excerpt":{"rendered":"<p>Oferta educa\u021bional\u0103 Prin oferta sa educa\u021bional\u0103, Facultatea de Inginerie \u0219i Tehnologia informa\u021biei ocup\u0103 un loc important \u00een cadrul general al \u00eenv\u0103\u0163\u0103m\u00e2ntului superior din Rom\u00e2nia \u015fi contribuie semnificativ la diversificarea preg\u0103tirii de specialitate .<\/p>","protected":false},"author":4,"featured_media":0,"parent":59,"menu_order":1,"comment_status":"closed","ping_status":"closed","template":"","meta":{"_relevanssi_hide_post":"","_relevanssi_hide_content":"","_relevanssi_pin_for_all":"","_relevanssi_pin_keywords":"","_relevanssi_unpin_keywords":"","_relevanssi_related_keywords":"","_relevanssi_related_include_ids":"","_relevanssi_related_exclude_ids":"","_relevanssi_related_no_append":"","_relevanssi_related_not_related":"","_relevanssi_related_posts":"1","_relevanssi_noindex_reason":"","footnotes":""},"categories":[13,32],"tags":[],"class_list":["post-62","page","type-page","status-publish","hentry","category-pagina-cu-sidebar","category-pagina-oferta-educationala"],"meta_box":[],"_links":{"self":[{"href":"https:\/\/umfst.ro\/inginerie\/hu\/wp-json\/wp\/v2\/pages\/62","targetHints":{"allow":["GET"]}}],"collection":[{"href":"https:\/\/umfst.ro\/inginerie\/hu\/wp-json\/wp\/v2\/pages"}],"about":[{"href":"https:\/\/umfst.ro\/inginerie\/hu\/wp-json\/wp\/v2\/types\/page"}],"author":[{"embeddable":true,"href":"https:\/\/umfst.ro\/inginerie\/hu\/wp-json\/wp\/v2\/users\/4"}],"replies":[{"embeddable":true,"href":"https:\/\/umfst.ro\/inginerie\/hu\/wp-json\/wp\/v2\/comments?post=62"}],"version-history":[{"count":128,"href":"https:\/\/umfst.ro\/inginerie\/hu\/wp-json\/wp\/v2\/pages\/62\/revisions"}],"predecessor-version":[{"id":2994,"href":"https:\/\/umfst.ro\/inginerie\/hu\/wp-json\/wp\/v2\/pages\/62\/revisions\/2994"}],"up":[{"embeddable":true,"href":"https:\/\/umfst.ro\/inginerie\/hu\/wp-json\/wp\/v2\/pages\/59"}],"wp:attachment":[{"href":"https:\/\/umfst.ro\/inginerie\/hu\/wp-json\/wp\/v2\/media?parent=62"}],"wp:term":[{"taxonomy":"category","embeddable":true,"href":"https:\/\/umfst.ro\/inginerie\/hu\/wp-json\/wp\/v2\/categories?post=62"},{"taxonomy":"post_tag","embeddable":true,"href":"https:\/\/umfst.ro\/inginerie\/hu\/wp-json\/wp\/v2\/tags?post=62"}],"curies":[{"name":"wp","href":"https:\/\/api.w.org\/{rel}","templated":true}]}}