{"id":81,"date":"2022-11-20T17:10:14","date_gmt":"2022-11-20T17:10:14","guid":{"rendered":"https:\/\/dev.umfst.ro\/inginerie\/?page_id=81"},"modified":"2026-04-03T11:39:48","modified_gmt":"2026-04-03T11:39:48","slug":"planificare-examene","status":"publish","type":"page","link":"https:\/\/umfst.ro\/inginerie\/hu\/informatii-studenti\/informatii-specifice-facultatii\/planificare-examene\/","title":{"rendered":"Planificare Examene"},"content":{"rendered":"<div data-elementor-type=\"wp-page\" data-elementor-id=\"81\" class=\"elementor elementor-81\" data-elementor-post-type=\"page\">\n\t\t\t\t\t\t<section class=\"elementor-section elementor-top-section elementor-element elementor-element-1350a7ab elementor-section-boxed elementor-section-height-default elementor-section-height-default\" data-id=\"1350a7ab\" data-element_type=\"section\" data-e-type=\"section\">\n\t\t\t\t\t\t<div class=\"elementor-container elementor-column-gap-default\">\n\t\t\t\t\t<div class=\"elementor-column elementor-col-100 elementor-top-column elementor-element elementor-element-729dd294\" data-id=\"729dd294\" data-element_type=\"column\" data-e-type=\"column\">\n\t\t\t<div class=\"elementor-widget-wrap elementor-element-populated\">\n\t\t\t\t\t\t<div class=\"elementor-element elementor-element-61910342 elementor-widget elementor-widget-text-editor\" data-id=\"61910342\" data-element_type=\"widget\" data-e-type=\"widget\" data-widget_type=\"text-editor.default\">\n\t\t\t\t<div class=\"elementor-widget-container\">\n\t\t\t\t\t\t\t\t\t<h2 role=\"heading\" data-uw-rm-heading=\"level\">Planificare examene 2025 \u2013 2026<\/h2>\n<h5 role=\"heading\" data-uw-rm-heading=\"level\">Modul 3<\/h5>\n<p><a href=\"https:\/\/www.umfst.ro\/fileadmin\/f_inginerie\/examene\/2025-2026\/Programare_ex_Sumative_Modul_3_2025_2026.pdf\">Programare examene sumative &#8211; Licen\u021b\u0103<\/a><\/p>\n<p><a href=\"https:\/\/www.umfst.ro\/fileadmin\/f_inginerie\/examene\/2025-2026\/Masterat_programare_examene_modul_3.pdf\">Programare examene &#8211;\u00a0 Masterate<\/a><\/p>\n<p>\u00a0<\/p>\n<h5 role=\"heading\" data-uw-rm-heading=\"level\">Modul 2<\/h5>\n<p><a href=\"https:\/\/www.umfst.ro\/fileadmin\/f_inginerie\/examene\/2025-2026\/Programare_ex_Sumative_Modul 2_2025-2026.pdf\" data-wplink-url-error=\"true\">Programare examene sumative &#8211; Licen\u021b\u0103<\/a><\/p>\n<p><a href=\"https:\/\/www.umfst.ro\/fileadmin\/f_inginerie\/examene\/2025-2026\/Arhitectura_Planificare_examene_sem_1_ 2025-2026.pdf\" data-wplink-url-error=\"true\">Programare examene Arhitectur\u0103 (\u00een limba englez\u0103) semestrul 1 2025 \u2013 2026<\/a><\/p>\n<p><a href=\"https:\/\/www.umfst.ro\/fileadmin\/f_inginerie\/examene\/2025-2026\/MODUL_2_programare_examene_masterat.pdf\">Programare examene &#8211;\u00a0 Masterate<\/a><\/p>\n<h5 role=\"heading\" data-uw-rm-heading=\"level\">\u00a0<\/h5>\n<h5 role=\"heading\" data-uw-rm-heading=\"level\">Modul 1<\/h5>\n<p><a href=\"https:\/\/www.umfst.ro\/fileadmin\/f_inginerie\/examene\/2025-2026\/master_planificare_examene_modul_1_2025-2026.pdf\" data-uw-pdf-br=\"2\" data-uw-pdf-doc=\"\">Programare examene masterate modul 1 2025 \u2013 2026<\/a><\/p>\n<p><a href=\"https:\/\/www.umfst.ro\/fileadmin\/f_inginerie\/examene\/2025-2026\/Programare_ex_Sumative_Modul 1_2025-2026.pdf\" data-wplink-url-error=\"true\">Programare examene sumative modul 1 2025 \u2013 2026<\/a><\/p>\n<p>\u00a0<\/p>\n<h2 role=\"heading\" data-uw-rm-heading=\"level\">Planificare colocvii practic\u0103<\/h2>\n<p><a href=\"https:\/\/www.umfst.ro\/fileadmin\/f_inginerie\/examene\/2024-2025\/Planificare_colocvii_practica.pdf\">Planificare colocvii practic\u0103<\/a><\/p>\n<p>\u00a0<\/p>\n<h2 role=\"heading\" data-uw-rm-heading=\"level\">Planificare examene 2024 &#8211; 2025<\/h2>\n<p><a href=\"https:\/\/www.umfst.ro\/fileadmin\/f_inginerie\/examene\/2024-2025\/Planificare reexaminari_7.07.2025-11.07.2025.pdf\" data-wplink-url-error=\"true\">Planificare reexamin\u0103ri<\/a> (07.07.2025-11.07.2025)<\/p>\n<p>\u00a0<\/p>\n<p><a href=\"https:\/\/www.umfst.ro\/fileadmin\/f_inginerie\/examene\/2024-2025\/Planificare_restante_master 2024-2025.pdf\" data-wplink-url-error=\"true\">Planificare restante &#8211; Master modul 4<\/a><\/p>\n<p><a href=\"https:\/\/www.umfst.ro\/fileadmin\/f_inginerie\/examene\/2024-2025\/Planificare_restante_AIA_modul4.pdf\">Planificare examene restante AIA modul 4<\/a><\/p>\n<p><a href=\"https:\/\/www.umfst.ro\/fileadmin\/f_inginerie\/examene\/2024-2025\/Planificare_restante_ETI_modul4.pdf\">Planificare examene restante ETI modul 4<\/a><\/p>\n<p><a href=\"https:\/\/www.umfst.ro\/fileadmin\/f_inginerie\/examene\/2024-2025\/Planificare_restante_ETI_4.pdf\">Planificare examene restante ETI 4 modul 4<\/a><\/p>\n<p><a href=\"https:\/\/www.umfst.ro\/fileadmin\/f_inginerie\/examene\/2024-2025\/Planificare_restante_IEI+TCM+INFO_modul4.pdf\">Planificare examene restante TCM, IEI, INFO modul 4<\/a><\/p>\n<p><a href=\"https:\/\/www.umfst.ro\/fileadmin\/f_inginerie\/examene\/2024-2025\/Planificare_restante_IMED_modul4.pdf\">Planificare examene restante IMED modul 4<\/a><\/p>\n<p>\u00a0<\/p>\n<p><a href=\"https:\/\/www.umfst.ro\/fileadmin\/f_inginerie\/examene\/2023-2024\/Masterat_Examene_sumative_modul_4_FITI.pdf\">Examene sumative &#8211; modul 4 &#8211; Masterat<\/a><\/p>\n<p><a href=\"https:\/\/www.umfst.ro\/fileadmin\/f_inginerie\/examene\/2024-2025\/Sumativ_Modul 4_2024-2025_CentrulDidacticDeExaminare.pdf\" data-wplink-url-error=\"true\">Examene sumative &#8211; modul 4<\/a><\/p>\n<p><a href=\"https:\/\/www.umfst.ro\/fileadmin\/f_inginerie\/examene\/2024-2025\/Planificare_examene_masterat_Modul_3_2024_2025.pdf\">Programare examene masterate modul 3 2024 &#8211; 2025<\/a><\/p>\n<p><a href=\"https:\/\/www.umfst.ro\/fileadmin\/f_inginerie\/examene\/2024-2025\/Programare_ex_Sumative_Modul_3_2024_2025 .pdf\" data-wplink-url-error=\"true\">Programare examene sumative modul 3 2024 &#8211; 2025<\/a><\/p>\n<p><a href=\"https:\/\/www.umfst.ro\/fileadmin\/f_inginerie\/examene\/2024-2025\/Planificare_sumative_Masterat_Modul_2.pdf\">Programare examene masterate modul 2 2024 &#8211; 2025<\/a><\/p>\n<p><a href=\"https:\/\/www.umfst.ro\/fileadmin\/f_inginerie\/examene\/2024-2025\/Programare_ex_Sumative_Modul_2_2024_2025.pdf\" target=\"_blank\" rel=\"noopener\" aria-label=\"Programare examene sumative modul 2 2024 \u2013 2025 - deschide \u00eentr-o fil\u0103 nou\u0103\" data-uw-rm-ext-link=\"\">Programare examene sumative modul 2 2024 \u2013 2025<\/a><\/p>\n<p><a href=\"https:\/\/www.umfst.ro\/fileadmin\/f_inginerie\/examene\/2024-2025\/Planificare_examene_masterat_Modul_1_2024-2025.pdf\">Programare examene masterate modul 1 2024 &#8211; 2025<\/a><\/p>\n<p><a href=\"https:\/\/www.umfst.ro\/fileadmin\/f_inginerie\/examene\/2024-2025\/Programare_ex_Sumative_Modul_1_2024_2025.pdf\">Programare examene sumative modul 1 2024 &#8211; 2025<\/a><\/p>\n<p><!-- \/wp:paragraph --><\/p>\t\t\t\t\t\t\t\t<\/div>\n\t\t\t\t<\/div>\n\t\t\t\t<div class=\"elementor-element elementor-element-514f0d4 elementor-hidden-widescreen elementor-hidden-desktop elementor-hidden-tablet elementor-hidden-mobile elementor-widget elementor-widget-text-editor\" data-id=\"514f0d4\" data-element_type=\"widget\" data-e-type=\"widget\" data-widget_type=\"text-editor.default\">\n\t\t\t\t<div class=\"elementor-widget-container\">\n\t\t\t\t\t\t\t\t\t<h2 role=\"heading\" data-uw-rm-heading=\"level\">Planificare examene 2023 &#8211; 2024<\/h2>\n<p><!-- \/wp:heading --><!-- wp:paragraph \/--><!-- wp:paragraph \/--><!-- wp:paragraph --><\/p>\n<p><a href=\"https:\/\/www.umfst.ro\/fileadmin\/f_inginerie\/examene\/2023-2024\/planificare_colocvii_practica.pdf\">Planificare colocvii practic\u0103<\/a><\/p>\n<p><a href=\"https:\/\/www.umfst.ro\/fileadmin\/f_inginerie\/examene\/2023-2024\/4.Planificare_reexaminari_8.07.2024-12.07.2024.pdf\">Planificare reexamin\u0103ri<\/a><\/p>\n<p>\u00a0<\/p>\n<p><a href=\"https:\/\/www.umfst.ro\/fileadmin\/f_inginerie\/examene\/2023-2024\/Masterat_planificare_restante.pdf\">Planificare examene restante MASTERATE<\/a><\/p>\n<p><a href=\"https:\/\/www.umfst.ro\/fileadmin\/f_inginerie\/examene\/2023-2024\/1.Planificari_restante_ETI_an_I-III.pdf\">Planificare examene restante ETI an I- III<\/a> \u00a0\u00a0\u00a0<\/p>\n<p><a href=\"https:\/\/www.umfst.ro\/fileadmin\/f_inginerie\/examene\/2023-2024\/Planificari_restante_ETI_4.pdf\">Planificare examene restante ETI\u00a0 an IV<\/a><\/p>\n<p><a href=\"https:\/\/www.umfst.ro\/fileadmin\/f_inginerie\/examene\/2023-2024\/Planificare_restante_DIIM-INFO.pdf\">Planificare examene restante DIIM-TCM, IEI, INFO<\/a><\/p>\n<p><a href=\"https:\/\/www.umfst.ro\/fileadmin\/f_inginerie\/examene\/2023-2024\/2.Planificari_restante_IMED_an_I-III.pdf\">Planificare examene restante IMED\u00a0 an I- III<\/a><\/p>\n<p><a href=\"https:\/\/www.umfst.ro\/fileadmin\/f_inginerie\/examene\/2023-2024\/Planificare_restante_AIA_an_I-IV.pdf\">Planificare examene restante AIA an I &#8211; IV<\/a><\/p>\n<p>\u00a0<\/p>\n<p><a href=\"https:\/\/www.umfst.ro\/fileadmin\/f_inginerie\/examene\/2023-2024\/Masterat_Examene_sumative_modul_4_FITI.pdf\">Examene sumative modul 4 &#8211; Masterat<\/a><\/p>\n<p><a href=\"https:\/\/www.umfst.ro\/fileadmin\/f_inginerie\/examene\/2023-2024\/Planificari_restante_ETI.pdf\">Programare examene restante ETI<\/a><\/p>\n<p><a href=\"https:\/\/www.umfst.ro\/fileadmin\/f_inginerie\/examene\/2023-2024\/Planificari_restante_IMED.pdf\">Programare examene restante IMED<\/a><\/p>\n<p>\u00a0<\/p>\n<p><a href=\"https:\/\/umfst.ro\/fileadmin\/f_inginerie\/examene\/2023-2024\/Sumativ_Modul 4_2023-2024_CentrulDidacticDeExaminare.pdf\" data-wplink-url-error=\"true\">Programare examene sumative modul 4 2023 &#8211; 2024<\/a><\/p>\n<p><a href=\"https:\/\/umfst.ro\/fileadmin\/f_inginerie\/examene\/2023-2024\/Programare_ex_Sumative_Modul_3_2023_2024.pdf\">Programare examene sumative modul 3 2023 &#8211; 2024<\/a><\/p>\n<p><a href=\"https:\/\/umfst.ro\/fileadmin\/f_inginerie\/examene\/2023-2024\/Programare_ex_Sumative_Modul_2_2023_2024_1_.pdf\">Programare examene sumative modul 2 2023 &#8211; 2024<\/a><\/p>\n<p><a href=\"https:\/\/umfst.ro\/inginerie\/wp-content\/uploads\/sites\/7\/2023\/11\/Programare_ex_Sumative_Modul-1_2023_2024.pdf\">Programare examene sumative modul 1 2023 &#8211; 2024<\/a><\/p>\n<p>\u00a0<\/p>\n<p><!-- \/wp:paragraph --><\/p>\t\t\t\t\t\t\t\t<\/div>\n\t\t\t\t<\/div>\n\t\t\t\t\t<\/div>\n\t\t<\/div>\n\t\t\t\t\t<\/div>\n\t\t<\/section>\n\t\t\t\t<\/div>","protected":false},"excerpt":{"rendered":"<p>Planificare examene 2025 \u2013 2026 Modul 3 Programare examene sumative &#8211; Licen\u021b\u0103 Programare examene &#8211;\u00a0 Masterate \u00a0 Modul 2 Programare examene sumative &#8211; Licen\u021b\u0103 Programare examene Arhitectur\u0103 (\u00een limba englez\u0103) semestrul 1 2025 \u2013 2026 Programare examene &#8211;\u00a0 Masterate \u00a0 Modul 1 Programare examene masterate modul 1 2025 \u2013 2026 Programare examene sumative modul 1 [&hellip;]<\/p>\n","protected":false},"author":4,"featured_media":0,"parent":78,"menu_order":1,"comment_status":"closed","ping_status":"closed","template":"","meta":{"_relevanssi_hide_post":"","_relevanssi_hide_content":"","_relevanssi_pin_for_all":"","_relevanssi_pin_keywords":"","_relevanssi_unpin_keywords":"","_relevanssi_related_keywords":"","_relevanssi_related_include_ids":"","_relevanssi_related_exclude_ids":"","_relevanssi_related_no_append":"","_relevanssi_related_not_related":"","_relevanssi_related_posts":"1","_relevanssi_noindex_reason":"","footnotes":""},"categories":[13,33],"tags":[],"class_list":["post-81","page","type-page","status-publish","hentry","category-pagina-cu-sidebar","category-pagina-studenti"],"meta_box":[],"_links":{"self":[{"href":"https:\/\/umfst.ro\/inginerie\/hu\/wp-json\/wp\/v2\/pages\/81","targetHints":{"allow":["GET"]}}],"collection":[{"href":"https:\/\/umfst.ro\/inginerie\/hu\/wp-json\/wp\/v2\/pages"}],"about":[{"href":"https:\/\/umfst.ro\/inginerie\/hu\/wp-json\/wp\/v2\/types\/page"}],"author":[{"embeddable":true,"href":"https:\/\/umfst.ro\/inginerie\/hu\/wp-json\/wp\/v2\/users\/4"}],"replies":[{"embeddable":true,"href":"https:\/\/umfst.ro\/inginerie\/hu\/wp-json\/wp\/v2\/comments?post=81"}],"version-history":[{"count":129,"href":"https:\/\/umfst.ro\/inginerie\/hu\/wp-json\/wp\/v2\/pages\/81\/revisions"}],"predecessor-version":[{"id":4190,"href":"https:\/\/umfst.ro\/inginerie\/hu\/wp-json\/wp\/v2\/pages\/81\/revisions\/4190"}],"up":[{"embeddable":true,"href":"https:\/\/umfst.ro\/inginerie\/hu\/wp-json\/wp\/v2\/pages\/78"}],"wp:attachment":[{"href":"https:\/\/umfst.ro\/inginerie\/hu\/wp-json\/wp\/v2\/media?parent=81"}],"wp:term":[{"taxonomy":"category","embeddable":true,"href":"https:\/\/umfst.ro\/inginerie\/hu\/wp-json\/wp\/v2\/categories?post=81"},{"taxonomy":"post_tag","embeddable":true,"href":"https:\/\/umfst.ro\/inginerie\/hu\/wp-json\/wp\/v2\/tags?post=81"}],"curies":[{"name":"wp","href":"https:\/\/api.w.org\/{rel}","templated":true}]}}