{"id":71,"date":"2022-11-20T17:05:08","date_gmt":"2022-11-20T17:05:08","guid":{"rendered":"https:\/\/dev.umfst.ro\/inginerie\/?page_id=71"},"modified":"2026-03-18T07:48:27","modified_gmt":"2026-03-18T07:48:27","slug":"regulamente-si-metodologii","status":"publish","type":"page","link":"https:\/\/umfst.ro\/inginerie\/organizare\/regulamente-si-metodologii\/","title":{"rendered":"Regulamente \u0219i Metodologii"},"content":{"rendered":"\t\t<div data-elementor-type=\"wp-page\" data-elementor-id=\"71\" class=\"elementor elementor-71\" data-elementor-post-type=\"page\">\n\t\t\t\t\t\t<section class=\"elementor-section elementor-top-section elementor-element elementor-element-7186d587 elementor-section-boxed elementor-section-height-default elementor-section-height-default\" data-id=\"7186d587\" data-element_type=\"section\" data-e-type=\"section\">\n\t\t\t\t\t\t<div class=\"elementor-container elementor-column-gap-default\">\n\t\t\t\t\t<div class=\"elementor-column elementor-col-100 elementor-top-column elementor-element elementor-element-61c5d33b\" data-id=\"61c5d33b\" data-element_type=\"column\" data-e-type=\"column\">\n\t\t\t<div class=\"elementor-widget-wrap elementor-element-populated\">\n\t\t\t\t\t\t<div class=\"elementor-element elementor-element-3dd4d021 elementor-widget elementor-widget-text-editor\" data-id=\"3dd4d021\" data-element_type=\"widget\" data-e-type=\"widget\" data-widget_type=\"text-editor.default\">\n\t\t\t\t<div class=\"elementor-widget-container\">\n\t\t\t\t\t\t\t\t\t\n<h2 class=\"wp-block-heading\">REGULAMENTE \u0218I METODOLOGII<\/h2>\n\n<p><a href=\"https:\/\/www.umfst.ro\/universitate\/documente-oficiale\/regulamente-metodologii\">Regulamente<\/a><\/p>\n\n<p><a href=\"https:\/\/www.umfst.ro\/fileadmin\/f_inginerie\/planuri_rapoarte\/2026\/Profil_cercetare_FITI-2026.pdf\">Profilul de cercetare \u015ftiin\u0163ific\u0103 al facult\u0103\u021bii<\/a><\/p>\n\n<p><a href=\"https:\/\/www.umfst.ro\/fileadmin\/f_inginerie\/planuri_rapoarte\/2020\/1-Viziunea_invatarii.pdf\">Viziunea facult\u0103\u021bii asupra metodelor inovative de predare<\/a><\/p>\n\n<p><a href=\"https:\/\/www.umfst.ro\/fileadmin\/f_inginerie\/planuri_rapoarte\/2020\/2-Metodologia_invatarii.pdf\">Metodologia implement\u0103rii \u00eenv\u0103\u021b\u0103rii centrate pe student <\/a><\/p>\n\t\t\t\t\t\t\t\t<\/div>\n\t\t\t\t<\/div>\n\t\t\t\t\t<\/div>\n\t\t<\/div>\n\t\t\t\t\t<\/div>\n\t\t<\/section>\n\t\t\t\t<section class=\"elementor-section elementor-top-section elementor-element elementor-element-6d2858b elementor-section-boxed elementor-section-height-default elementor-section-height-default\" data-id=\"6d2858b\" data-element_type=\"section\" data-e-type=\"section\">\n\t\t\t\t\t\t<div class=\"elementor-container elementor-column-gap-default\">\n\t\t\t\t\t<div class=\"elementor-column elementor-col-100 elementor-top-column elementor-element elementor-element-2f63247\" data-id=\"2f63247\" data-element_type=\"column\" data-e-type=\"column\">\n\t\t\t<div class=\"elementor-widget-wrap elementor-element-populated\">\n\t\t\t\t\t\t<div class=\"elementor-element elementor-element-06efe3b elementor-widget elementor-widget-text-editor\" data-id=\"06efe3b\" data-element_type=\"widget\" data-e-type=\"widget\" data-widget_type=\"text-editor.default\">\n\t\t\t\t<div class=\"elementor-widget-container\">\n\t\t\t\t\t\t\t\t\t<h2 class=\"wp-block-heading\">PROCEDURI INTERNE<\/h2>\n<p><a href=\"https:\/\/www.umfst.ro\/fileadmin\/f_inginerie\/materiale\/Procedura_alegere_disc_optionale.pdf\" target=\"_blank\" rel=\"noopener\">Procedura alegere discipline\u00a0optionale<\/a><\/p>\n<p><a href=\"https:\/\/www.umfst.ro\/fileadmin\/f_inginerie\/materiale\/Procedura_analiza_activ_did.pdf\" target=\"_blank\" rel=\"noopener\">Procedura analiza activitate didactica<\/a><\/p>\n<p>\u00a0<\/p>\t\t\t\t\t\t\t\t<\/div>\n\t\t\t\t<\/div>\n\t\t\t\t\t<\/div>\n\t\t<\/div>\n\t\t\t\t\t<\/div>\n\t\t<\/section>\n\t\t\t\t<\/div>\n\t\t","protected":false},"excerpt":{"rendered":"<p>REGULAMENTE \u0218I METODOLOGII Regulamente Profilul de cercetare \u015ftiin\u0163ific\u0103 al facult\u0103\u021bii Viziunea facult\u0103\u021bii asupra metodelor inovative de predare Metodologia implement\u0103rii \u00eenv\u0103\u021b\u0103rii centrate pe student PROCEDURI INTERNE Procedura alegere discipline\u00a0optionale Procedura analiza activitate didactica \u00a0<\/p>\n","protected":false},"author":4,"featured_media":0,"parent":29,"menu_order":6,"comment_status":"closed","ping_status":"closed","template":"","meta":{"_relevanssi_hide_post":"","_relevanssi_hide_content":"","_relevanssi_pin_for_all":"","_relevanssi_pin_keywords":"","_relevanssi_unpin_keywords":"","_relevanssi_related_keywords":"","_relevanssi_related_include_ids":"","_relevanssi_related_exclude_ids":"","_relevanssi_related_no_append":"","_relevanssi_related_not_related":"","_relevanssi_related_posts":"1","_relevanssi_noindex_reason":"","footnotes":""},"categories":[13,43],"tags":[],"class_list":["post-71","page","type-page","status-publish","hentry","category-pagina-cu-sidebar","category-pagina-organizare"],"meta_box":[],"_links":{"self":[{"href":"https:\/\/umfst.ro\/inginerie\/wp-json\/wp\/v2\/pages\/71","targetHints":{"allow":["GET"]}}],"collection":[{"href":"https:\/\/umfst.ro\/inginerie\/wp-json\/wp\/v2\/pages"}],"about":[{"href":"https:\/\/umfst.ro\/inginerie\/wp-json\/wp\/v2\/types\/page"}],"author":[{"embeddable":true,"href":"https:\/\/umfst.ro\/inginerie\/wp-json\/wp\/v2\/users\/4"}],"replies":[{"embeddable":true,"href":"https:\/\/umfst.ro\/inginerie\/wp-json\/wp\/v2\/comments?post=71"}],"version-history":[{"count":15,"href":"https:\/\/umfst.ro\/inginerie\/wp-json\/wp\/v2\/pages\/71\/revisions"}],"predecessor-version":[{"id":4178,"href":"https:\/\/umfst.ro\/inginerie\/wp-json\/wp\/v2\/pages\/71\/revisions\/4178"}],"up":[{"embeddable":true,"href":"https:\/\/umfst.ro\/inginerie\/wp-json\/wp\/v2\/pages\/29"}],"wp:attachment":[{"href":"https:\/\/umfst.ro\/inginerie\/wp-json\/wp\/v2\/media?parent=71"}],"wp:term":[{"taxonomy":"category","embeddable":true,"href":"https:\/\/umfst.ro\/inginerie\/wp-json\/wp\/v2\/categories?post=71"},{"taxonomy":"post_tag","embeddable":true,"href":"https:\/\/umfst.ro\/inginerie\/wp-json\/wp\/v2\/tags?post=71"}],"curies":[{"name":"wp","href":"https:\/\/api.w.org\/{rel}","templated":true}]}}