{"id":90,"date":"2022-11-20T17:17:21","date_gmt":"2022-11-20T17:17:21","guid":{"rendered":"https:\/\/dev.umfst.ro\/inginerie\/?page_id=90"},"modified":"2025-11-13T12:11:12","modified_gmt":"2025-11-13T12:11:12","slug":"burse","status":"publish","type":"page","link":"https:\/\/umfst.ro\/inginerie\/informatii-studenti\/informatii-specifice-facultatii\/burse\/","title":{"rendered":"Burse"},"content":{"rendered":"\t\t<div data-elementor-type=\"wp-page\" data-elementor-id=\"90\" class=\"elementor elementor-90\" data-elementor-post-type=\"page\">\n\t\t\t\t\t\t<section class=\"elementor-section elementor-top-section elementor-element elementor-element-c9adeac elementor-section-boxed elementor-section-height-default elementor-section-height-default\" data-id=\"c9adeac\" data-element_type=\"section\" data-e-type=\"section\">\n\t\t\t\t\t\t<div class=\"elementor-container elementor-column-gap-default\">\n\t\t\t\t\t<div class=\"elementor-column elementor-col-100 elementor-top-column elementor-element elementor-element-28e1784\" data-id=\"28e1784\" data-element_type=\"column\" data-e-type=\"column\">\n\t\t\t<div class=\"elementor-widget-wrap elementor-element-populated\">\n\t\t\t\t\t\t<div class=\"elementor-element elementor-element-113480c elementor-widget elementor-widget-text-editor\" data-id=\"113480c\" data-element_type=\"widget\" data-e-type=\"widget\" data-widget_type=\"text-editor.default\">\n\t\t\t\t<div class=\"elementor-widget-container\">\n\t\t\t\t\t\t\t\t\t<h2><strong>BURSE 2025-2026<\/strong><\/h2>\n<p><a href=\"https:\/\/umfst.ro\/fileadmin\/f_inginerie\/burse\/burse_merit_FITI_2025-2026.pdf\" data-uw-pdf-br=\"2\" data-uw-pdf-doc=\"\">Lista cu studen\u021bii beneficiari de burse de excelen\u021b\u0103, performan\u021b\u0103 \u0219i merit<\/a><\/p>\n<p><a href=\"https:\/\/umfst.ro\/fileadmin\/f_inginerie\/burse\/burse_merit_SPORTIV_FITI.pdf\" data-uw-pdf-br=\"2\" data-uw-pdf-doc=\"\">Lista cu studen\u021bii beneficiari de burse de merit sportiv<\/a><\/p>\n<p><a href=\"https:\/\/umfst.ro\/student\/burse\/\">Burse sociale<\/a><\/p>\n<p>\u00a0<\/p>\n<h2><strong>BURSE 2024-2025<\/strong><\/h2>\n<p><a href=\"https:\/\/umfst.ro\/fileadmin\/f_inginerie\/burse\/Lista_studenti_bursa_performanta_merit_2024-2025.pdf\">Lista studen\u0163i care beneficiaz\u0103 de burs\u0103 de performan\u0163\u0103 didactic\u0103 sau merit pe anul universitar 2024 \u2013 2025<\/a><\/p>\n<p><a href=\"https:\/\/umfst.ro\/fileadmin\/f_inginerie\/burse\/Beneficiari_burse_de_performanta_Sportiva_2024-2025.pdf\">Beneficiari_burse de performan\u021b\u0103 Sportiva_2024-2025<\/a><\/p>\n<p>Regulament privind acordarea burselor <a href=\"https:\/\/umfst.ro\/fileadmin\/documente_oficiale\/regulamente\/UMFST-REG-47.pdf\">UMFST-REG-47.pdf<\/a><\/p>\n<p><strong>\u00a0<\/strong><\/p>\n<p><strong>Burse sociale<\/strong><\/p>\n<p><a href=\"https:\/\/umfst.ro\/student\/burse\/\">Calendar<\/a><\/p>\n<p><a href=\"https:\/\/www.umfst.ro\/fileadmin\/f_stiinte_litere\/burse\/2024-2025\/Cerere_acordare_bursa.pdf\">Cerere acordare burs\u0103 social\u0103<\/a>\u00a0<\/p>\n<p>\u00a0<\/p>\n<p><strong>Burse performan\u021b\u0103 sportiv\u0103<\/strong><\/p>\n<p><a href=\"https:\/\/www.umfst.ro\/fileadmin\/f_stiinte_litere\/burse\/2024-2025\/CALENDAR_ACORDARE_BURSE_DE_PERFORMANTA_SPORTIVA.pdf\">Calendar acordare burse de performan\u021b\u0103 sportiv\u0103<\/a><\/p>\t\t\t\t\t\t\t\t<\/div>\n\t\t\t\t<\/div>\n\t\t\t\t<div class=\"elementor-element elementor-element-8dd106a elementor-widget-divider--view-line_icon elementor-view-default elementor-widget-divider--element-align-center elementor-widget elementor-widget-divider\" data-id=\"8dd106a\" data-element_type=\"widget\" data-e-type=\"widget\" data-widget_type=\"divider.default\">\n\t\t\t\t<div class=\"elementor-widget-container\">\n\t\t\t\t\t\t\t<div class=\"elementor-divider\">\n\t\t\t<span class=\"elementor-divider-separator\">\n\t\t\t\t\t\t\t<div class=\"elementor-icon elementor-divider__element\">\n\t\t\t\t\t<i aria-hidden=\"true\" class=\"fas fa-university\"><\/i><\/div>\n\t\t\t\t\t\t<\/span>\n\t\t<\/div>\n\t\t\t\t\t\t<\/div>\n\t\t\t\t<\/div>\n\t\t\t\t\t<\/div>\n\t\t<\/div>\n\t\t\t\t\t<\/div>\n\t\t<\/section>\n\t\t\t\t<section class=\"elementor-section elementor-top-section elementor-element elementor-element-5983880 elementor-hidden-widescreen elementor-hidden-desktop elementor-hidden-tablet elementor-hidden-mobile elementor-section-boxed elementor-section-height-default elementor-section-height-default\" data-id=\"5983880\" data-element_type=\"section\" data-e-type=\"section\">\n\t\t\t\t\t\t<div class=\"elementor-container elementor-column-gap-default\">\n\t\t\t\t\t<div class=\"elementor-column elementor-col-100 elementor-top-column elementor-element elementor-element-206f2379\" data-id=\"206f2379\" data-element_type=\"column\" data-e-type=\"column\">\n\t\t\t<div class=\"elementor-widget-wrap elementor-element-populated\">\n\t\t\t\t\t\t<div class=\"elementor-element elementor-element-f9f58ce elementor-widget elementor-widget-text-editor\" data-id=\"f9f58ce\" data-element_type=\"widget\" data-e-type=\"widget\" data-widget_type=\"text-editor.default\">\n\t\t\t\t<div class=\"elementor-widget-container\">\n\t\t\t\t\t\t\t\t\t<p><a href=\"https:\/\/umfst.ro\/fileadmin\/f_inginerie\/burse\/Lista%20studen%C5%A3i%20care%20beneficiaz%C4%83%20de%20burs%C4%83%20de%20merit%20pe%20anul%20universitar%202023%20%E2%80%93%202024_fonduri%20suplim.pdf\">Lista studen\u0163i care beneficiaz\u0103 de burs\u0103 de merit pe anul universitar 2023 \u2013 2024 fonduri suplimentare<\/a><\/p>\n<p><a href=\"https:\/\/umfst.ro\/fileadmin\/f_inginerie\/burse\/FITI_Beneficiari_burse%20de%20performan%C8%9B%C4%83%20didactic%C4%83%20sau%20burse%20de%20merit%202023-2024%20.pdf\" data-wplink-edit=\"true\">Lista studen\u0163i care beneficiaz\u0103 de burs\u0103 de performan\u0163\u0103 didactic\u0103 sau merit pe anul universitar 2023 &#8211; 2024<\/a><\/p>\n<p><a href=\"https:\/\/umfst.ro\/fileadmin\/f_inginerie\/burse\/FITI-Beneficiari_burse%20de%20performan%C8%9B%C4%83%20Sportiva_2023-2024.pdf\">Lista studen\u0163i care beneficiaz\u0103 de burs\u0103 de performan\u0163\u0103 sportiv\u0103 pe anul universitar 2023 &#8211; 2024<\/a><\/p>\n<h2>Burse sociale, semestrul I, 2023-2024<\/h2>\n<p><a href=\"https:\/\/umfst.ro\/info-studenti\/burse\/\">Anun\u021b<\/a><strong><br \/><\/strong><\/p>\n<p>\u00a0<\/p>\n<p><!-- \/wp:heading --><\/p>\n<p><!-- wp:paragraph --><\/p>\n<p>\u00a0<\/p>\n<p><!-- \/wp:paragraph --><\/p>\t\t\t\t\t\t\t\t<\/div>\n\t\t\t\t<\/div>\n\t\t\t\t\t<\/div>\n\t\t<\/div>\n\t\t\t\t\t<\/div>\n\t\t<\/section>\n\t\t\t\t<\/div>\n\t\t","protected":false},"excerpt":{"rendered":"<p>BURSE 2025-2026 Lista cu studen\u021bii beneficiari de burse de excelen\u021b\u0103, performan\u021b\u0103 \u0219i merit Lista cu studen\u021bii beneficiari de burse de merit sportiv Burse sociale \u00a0 BURSE 2024-2025 Lista studen\u0163i care beneficiaz\u0103 de burs\u0103 de performan\u0163\u0103 didactic\u0103 sau merit pe anul universitar 2024 \u2013 2025 Beneficiari_burse de performan\u021b\u0103 Sportiva_2024-2025 Regulament privind acordarea burselor UMFST-REG-47.pdf \u00a0 Burse [&hellip;]<\/p>\n","protected":false},"author":4,"featured_media":0,"parent":78,"menu_order":8,"comment_status":"closed","ping_status":"closed","template":"","meta":{"_relevanssi_hide_post":"","_relevanssi_hide_content":"","_relevanssi_pin_for_all":"","_relevanssi_pin_keywords":"","_relevanssi_unpin_keywords":"","_relevanssi_related_keywords":"","_relevanssi_related_include_ids":"","_relevanssi_related_exclude_ids":"","_relevanssi_related_no_append":"","_relevanssi_related_not_related":"","_relevanssi_related_posts":"1","_relevanssi_noindex_reason":"","footnotes":""},"categories":[13,33],"tags":[],"class_list":["post-90","page","type-page","status-publish","hentry","category-pagina-cu-sidebar","category-pagina-studenti"],"meta_box":[],"_links":{"self":[{"href":"https:\/\/umfst.ro\/inginerie\/wp-json\/wp\/v2\/pages\/90","targetHints":{"allow":["GET"]}}],"collection":[{"href":"https:\/\/umfst.ro\/inginerie\/wp-json\/wp\/v2\/pages"}],"about":[{"href":"https:\/\/umfst.ro\/inginerie\/wp-json\/wp\/v2\/types\/page"}],"author":[{"embeddable":true,"href":"https:\/\/umfst.ro\/inginerie\/wp-json\/wp\/v2\/users\/4"}],"replies":[{"embeddable":true,"href":"https:\/\/umfst.ro\/inginerie\/wp-json\/wp\/v2\/comments?post=90"}],"version-history":[{"count":63,"href":"https:\/\/umfst.ro\/inginerie\/wp-json\/wp\/v2\/pages\/90\/revisions"}],"predecessor-version":[{"id":4069,"href":"https:\/\/umfst.ro\/inginerie\/wp-json\/wp\/v2\/pages\/90\/revisions\/4069"}],"up":[{"embeddable":true,"href":"https:\/\/umfst.ro\/inginerie\/wp-json\/wp\/v2\/pages\/78"}],"wp:attachment":[{"href":"https:\/\/umfst.ro\/inginerie\/wp-json\/wp\/v2\/media?parent=90"}],"wp:term":[{"taxonomy":"category","embeddable":true,"href":"https:\/\/umfst.ro\/inginerie\/wp-json\/wp\/v2\/categories?post=90"},{"taxonomy":"post_tag","embeddable":true,"href":"https:\/\/umfst.ro\/inginerie\/wp-json\/wp\/v2\/tags?post=90"}],"curies":[{"name":"wp","href":"https:\/\/api.w.org\/{rel}","templated":true}]}}