{"id":92,"date":"2022-11-20T17:18:16","date_gmt":"2022-11-20T17:18:16","guid":{"rendered":"https:\/\/dev.umfst.ro\/inginerie\/?page_id=92"},"modified":"2025-07-11T07:37:05","modified_gmt":"2025-07-11T07:37:05","slug":"sesizari","status":"publish","type":"page","link":"https:\/\/umfst.ro\/inginerie\/informatii-studenti\/informatii-specifice-facultatii\/sesizari\/","title":{"rendered":"Sesiz\u0103ri"},"content":{"rendered":"\t\t<div data-elementor-type=\"wp-page\" data-elementor-id=\"92\" class=\"elementor elementor-92\" data-elementor-post-type=\"page\">\n\t\t\t\t\t\t<section class=\"elementor-section elementor-top-section elementor-element elementor-element-3699fc2e elementor-section-boxed elementor-section-height-default elementor-section-height-default\" data-id=\"3699fc2e\" data-element_type=\"section\" data-e-type=\"section\">\n\t\t\t\t\t\t<div class=\"elementor-container elementor-column-gap-default\">\n\t\t\t\t\t<div class=\"elementor-column elementor-col-100 elementor-top-column elementor-element elementor-element-3bd65374\" data-id=\"3bd65374\" data-element_type=\"column\" data-e-type=\"column\">\n\t\t\t<div class=\"elementor-widget-wrap elementor-element-populated\">\n\t\t\t\t\t\t<div class=\"elementor-element elementor-element-29fe2a22 elementor-widget elementor-widget-text-editor\" data-id=\"29fe2a22\" data-element_type=\"widget\" data-e-type=\"widget\" data-widget_type=\"text-editor.default\">\n\t\t\t\t<div class=\"elementor-widget-container\">\n\t\t\t\t\t\t\t\t\t\n<p>Conducerea Facult\u0103\u021bii de Inginerie din cadrul Universit\u0103\u021bii de Medicin\u0103, Farmacie, \u0218tiin\u021be \u0219i Tehnologie din T\u00e2rgu Mure\u0219 informeaz\u0103 studen\u021bii c\u0103 \u00een urma hot\u0103r\u00e2rii nr. 5\/04.02.2019 a Consiliului de Administra\u021bie au fost create dou\u0103 adrese de e-mail pentru sesiz\u0103ri privind activitatea didactic\u0103 \u0219i pentru sesiz\u0103ri de natur\u0103 administrativ\u0103. Acestea sunt:\u00a0<a href=\"linkTo_UnCryptMailto(%27nbjmup%2Bjohjofsjf_tftjabsfAvnguhn%5C%2Fsp%27);\">inginerie_sesizare@umfst.ro<\/a>\u00a0\u0219i\u00a0<a href=\"linkTo_UnCryptMailto(%27nbjmup%2Bbenjojtusbujw_tftjabsfAvnguhn%5C%2Fsp%27);\">administrativ_sesizare@umfst.ro<\/a>.<\/p>\n\n<p>Potrivit hot\u0103r\u00e2rii, nu se vor lua \u00een considerare sesiz\u0103rile anonime. Termenul de r\u0103spuns este de 15 zile lucr\u0103toare.<\/p>\n\t\t\t\t\t\t\t\t<\/div>\n\t\t\t\t<\/div>\n\t\t\t\t\t<\/div>\n\t\t<\/div>\n\t\t\t\t\t<\/div>\n\t\t<\/section>\n\t\t\t\t<\/div>\n\t\t","protected":false},"excerpt":{"rendered":"<p>Conducerea Facult\u0103\u021bii de Inginerie din cadrul Universit\u0103\u021bii de Medicin\u0103, Farmacie, \u0218tiin\u021be \u0219i Tehnologie din T\u00e2rgu Mure\u0219 informeaz\u0103 studen\u021bii c\u0103 \u00een urma hot\u0103r\u00e2rii nr. 5\/04.02.2019 a Consiliului de Administra\u021bie au fost create dou\u0103 adrese de e-mail pentru sesiz\u0103ri privind activitatea didactic\u0103 \u0219i pentru sesiz\u0103ri de natur\u0103 administrativ\u0103. Acestea sunt:\u00a0inginerie_sesizare@umfst.ro\u00a0\u0219i\u00a0administrativ_sesizare@umfst.ro. Potrivit hot\u0103r\u00e2rii, nu se vor lua \u00een [&hellip;]<\/p>\n","protected":false},"author":4,"featured_media":0,"parent":78,"menu_order":10,"comment_status":"closed","ping_status":"closed","template":"","meta":{"_relevanssi_hide_post":"","_relevanssi_hide_content":"","_relevanssi_pin_for_all":"","_relevanssi_pin_keywords":"","_relevanssi_unpin_keywords":"","_relevanssi_related_keywords":"","_relevanssi_related_include_ids":"","_relevanssi_related_exclude_ids":"","_relevanssi_related_no_append":"","_relevanssi_related_not_related":"","_relevanssi_related_posts":"1","_relevanssi_noindex_reason":"","footnotes":""},"categories":[13,33],"tags":[],"class_list":["post-92","page","type-page","status-publish","hentry","category-pagina-cu-sidebar","category-pagina-studenti"],"meta_box":[],"_links":{"self":[{"href":"https:\/\/umfst.ro\/inginerie\/wp-json\/wp\/v2\/pages\/92","targetHints":{"allow":["GET"]}}],"collection":[{"href":"https:\/\/umfst.ro\/inginerie\/wp-json\/wp\/v2\/pages"}],"about":[{"href":"https:\/\/umfst.ro\/inginerie\/wp-json\/wp\/v2\/types\/page"}],"author":[{"embeddable":true,"href":"https:\/\/umfst.ro\/inginerie\/wp-json\/wp\/v2\/users\/4"}],"replies":[{"embeddable":true,"href":"https:\/\/umfst.ro\/inginerie\/wp-json\/wp\/v2\/comments?post=92"}],"version-history":[{"count":6,"href":"https:\/\/umfst.ro\/inginerie\/wp-json\/wp\/v2\/pages\/92\/revisions"}],"predecessor-version":[{"id":2376,"href":"https:\/\/umfst.ro\/inginerie\/wp-json\/wp\/v2\/pages\/92\/revisions\/2376"}],"up":[{"embeddable":true,"href":"https:\/\/umfst.ro\/inginerie\/wp-json\/wp\/v2\/pages\/78"}],"wp:attachment":[{"href":"https:\/\/umfst.ro\/inginerie\/wp-json\/wp\/v2\/media?parent=92"}],"wp:term":[{"taxonomy":"category","embeddable":true,"href":"https:\/\/umfst.ro\/inginerie\/wp-json\/wp\/v2\/categories?post=92"},{"taxonomy":"post_tag","embeddable":true,"href":"https:\/\/umfst.ro\/inginerie\/wp-json\/wp\/v2\/tags?post=92"}],"curies":[{"name":"wp","href":"https:\/\/api.w.org\/{rel}","templated":true}]}}