{"id":123,"date":"2022-11-16T17:59:31","date_gmt":"2022-11-16T17:59:31","guid":{"rendered":"https:\/\/dev.umfst.ro\/medicina-engleza\/?page_id=123"},"modified":"2025-12-12T11:38:14","modified_gmt":"2025-12-12T11:38:14","slug":"tutorial-system","status":"publish","type":"page","link":"https:\/\/umfst.ro\/medicina-engleza\/en\/informatii-pentru-studenti\/campus-targu-mures\/sistemul-tutorial\/","title":{"rendered":"Tutorial system"},"content":{"rendered":"<div data-elementor-type=\"wp-page\" data-elementor-id=\"123\" class=\"elementor elementor-123\" data-elementor-post-type=\"page\">\n\t\t\t\t\t\t<section class=\"elementor-section elementor-top-section elementor-element elementor-element-c081777 elementor-section-boxed elementor-section-height-default elementor-section-height-default\" data-id=\"c081777\" data-element_type=\"section\" data-e-type=\"section\">\n\t\t\t\t\t\t<div class=\"elementor-container elementor-column-gap-default\">\n\t\t\t\t\t<div class=\"elementor-column elementor-col-100 elementor-top-column elementor-element elementor-element-16aa04d9\" data-id=\"16aa04d9\" data-element_type=\"column\" data-e-type=\"column\">\n\t\t\t<div class=\"elementor-widget-wrap elementor-element-populated\">\n\t\t\t\t\t\t<div class=\"elementor-element elementor-element-1531fc06 elementor-widget elementor-widget-text-editor\" data-id=\"1531fc06\" data-element_type=\"widget\" data-e-type=\"widget\" data-widget_type=\"text-editor.default\">\n\t\t\t\t<div class=\"elementor-widget-container\">\n\t\t\t\t\t\t\t\t\t<h2 role=\"heading\" data-uw-rm-heading=\"level\">TUTORIAL SYSTEM<\/h2>\n<p><!-- \/wp:heading --><!-- wp:paragraph --><\/p>\n<p><a href=\"https:\/\/www.umfst.ro\/fileadmin\/f_medicina_engleza\/sistem_tutoriat\/En_LISTA_TUTORI_MER_2025-2026.pdf\" data-uw-pdf-br=\"2\" data-uw-pdf-doc=\"\">TUTORS Programme of Study \u2013 Medicine, English (MER) - 2025\/2026<\/a><\/p>\n<p>\u00a0<\/p>\n<p class=\" translation-block\">Documents that certify the attendance of the Speciality Practice for the academic year 2024\/2025 will be submitted electronically, as scanned PDF documents (one single document named: Name_Surname_Specialty Practice.pdf), until 05th of September 2025.<\/p>\n<p>The documents in question will be submitted to the tutors at their institutional emails, available at this\u00a0<a href=\"https:\/\/www.umfst.ro\/fileadmin\/f_medicina_engleza\/sistem_tutoriat\/tutori-MER-2024-2025.pdf\" target=\"_blank\" rel=\"noopener\">link<\/a><\/p>\n<p>Tutors will analysed your documents and according with your performance will offer grades and ECTS.<\/p>\n<p>\u00a0<\/p>\n<p><a href=\"https:\/\/www.umfst.ro\/fileadmin\/f_medicina_engleza\/sistem_tutoriat\/tutori-MER-2024-2025.pdf\" data-uw-pdf-br=\"2\" data-uw-pdf-doc=\"\">TUTORS Programme of Study \u2013 Medicine, English (MER) - 2024\/2025<\/a><\/p>\n<p><!-- \/wp:paragraph --><\/p>\t\t\t\t\t\t\t\t<\/div>\n\t\t\t\t<\/div>\n\t\t\t\t<div data-dce-background-color=\"#2359B317\" class=\"elementor-element elementor-element-8bf8c01 elementor-widget__width-auto elementor-widget elementor-widget-button\" data-id=\"8bf8c01\" data-element_type=\"widget\" data-e-type=\"widget\" data-no-translation=\"\" data-widget_type=\"button.default\">\n\t\t\t\t<div class=\"elementor-widget-container\">\n\t\t\t\t\t<style>.elementor-element-8bf8c01{display:none !important}<\/style>\t\t\t\t<\/div>\n\t\t\t\t<\/div>\n\t\t\t\t<div data-dce-background-color=\"#2359B317\" class=\"elementor-element elementor-element-29b8211 elementor-widget__width-auto elementor-widget elementor-widget-button\" data-id=\"29b8211\" data-element_type=\"widget\" data-e-type=\"widget\" data-no-translation=\"\" data-widget_type=\"button.default\">\n\t\t\t\t<div class=\"elementor-widget-container\">\n\t\t\t\t\t\t\t\t\t<div class=\"elementor-button-wrapper\">\n\t\t\t\t\t<a class=\"elementor-button elementor-button-link elementor-size-sm\" href=\"https:\/\/umfst.ro\/fileadmin\/documente_oficiale\/regulamente\/UMFST-REG-07_EN.pdf\" target=\"_blank\">\n\t\t\t\t\t\t<span class=\"elementor-button-content-wrapper\">\n\t\t\t\t\t\t<span class=\"elementor-button-icon\">\n\t\t\t\t<i aria-hidden=\"true\" class=\"fas fa-file-download\"><\/i>\t\t\t<\/span>\n\t\t\t\t\t\t\t\t\t<span class=\"elementor-button-text\">Regulation<\/span>\n\t\t\t\t\t<\/span>\n\t\t\t\t\t<\/a>\n\t\t\t\t<\/div>\n\t\t\t\t\t\t\t\t<\/div>\n\t\t\t\t<\/div>\n\t\t\t\t<div class=\"elementor-element elementor-element-d7f900d elementor-hidden-widescreen elementor-hidden-desktop elementor-hidden-tablet elementor-hidden-mobile elementor-widget elementor-widget-text-editor\" data-id=\"d7f900d\" data-element_type=\"widget\" data-e-type=\"widget\" data-widget_type=\"text-editor.default\">\n\t\t\t\t<div class=\"elementor-widget-container\">\n\t\t\t\t\t\t\t\t\t<h2 class=\"wp-block-heading\">TUTORIAL SYSTEM<\/h2>\n<p><!-- \/wp:heading --><!-- wp:paragraph --><\/p>\n<p><a href=\"https:\/\/www.umfst.ro\/fileadmin\/f_medicina_engleza\/sistem_tutoriat\/tutori-MER-2024-2025.pdf\">TUTORS Programme of Study \u2013 Medicine, English (MER) - 2024\/2025<\/a><\/p>\n<p><a href=\"https:\/\/www.umfst.ro\/fileadmin\/f_medicina_engleza\/sistem_tutoriat\/tutori-MER-2023-2024.pdf\">TUTORS Programme of Study \u2013 Medicine, English (MER) - 2023\/2024<\/a><\/p>\n<p><a href=\"https:\/\/www.umfst.ro\/fileadmin\/f_medicina_engleza\/sistem_tutoriat\/LISTA_TUTORI_Program_de_studiu_-_Medicina__Limba_Engleza__MER__-_an_universitar_20222023.pdf\">TUTORS Programme of Study \u2013 Medicine, English (MER) - 2022\/2023<\/a><\/p>\n<p><!-- \/wp:paragraph --><!-- wp:paragraph --><\/p>\n<p><a href=\"https:\/\/www.umfst.ro\/fileadmin\/f_medicina_engleza\/sistem_tutoriat\/LISTA_TUTORI_Program_de_studiu_-_Medicina__Limba_Engleza__Hamburg__MEH-UMCH__-_an_universitar_20222023.pdf\">TUTORS Programme of Study - Medicine, English, Hamburg (MEH-UMCH) - an universitar 2022\/2023<\/a><\/p>\n<p><!-- \/wp:paragraph --><!-- wp:paragraph --><\/p>\n<p><a href=\"https:\/\/www.umfst.ro\/fileadmin\/f_medicina_engleza\/sistem_tutoriat\/LISTA_TUTORI_Program_de_studiu_-_Medicina__Limba_Engleza__MER__-_an_universitar_20212022.pdf\">TUTORS Programme of Study \u2013 Medicine, English (MER) - 2021\/2022<\/a><\/p>\n<p><!-- \/wp:paragraph --><!-- wp:paragraph --><\/p>\n<p><a href=\"https:\/\/www.umfst.ro\/fileadmin\/f_medicina_engleza\/sistem_tutoriat\/LISTA_TUTORI_Program_de_studiu_-_Medicina__Limba_Engleza__Hamburg__MEH__-_an_universitar_20212022.pdf\">TUTORS Programme of Study - Medicine, English, Hamburg (MEH-UMCH) - 2021\/2022<\/a><\/p>\n<p><!-- \/wp:paragraph --><!-- wp:paragraph --><\/p>\n<p><a href=\"https:\/\/www.umfst.ro\/fileadmin\/f_medicina_engleza\/sistem_tutoriat\/Tutori_MER_2020-2021_Ro.pdf\">TUTORS Programme of Study \u2013 Medicine, English (MER) - 2020\/2021<\/a><\/p>\n<p><!-- \/wp:paragraph --><!-- wp:paragraph --><\/p>\n<p><a href=\"https:\/\/www.umfst.ro\/fileadmin\/f_medicina_engleza\/sistem_tutoriat\/Tutori_MEH_2020-2021_Ro.pdf\">TUTORS Programme of Study - Medicine, English, Hamburg (MEH-UMCH) - 2020\/2021<\/a><\/p>\n<p><!-- \/wp:paragraph --><!-- wp:paragraph --><\/p>\n<p><a href=\"https:\/\/www.umfst.ro\/fileadmin\/f_medicina_engleza\/sistem_tutoriat\/Tutori_MER_2019-2020_V2_Ro.pdf\">TUTORS Programme of Study \u2013 Medicine, English (MER) - 2019\/2020<\/a><\/p>\n<p><!-- \/wp:paragraph --><!-- wp:paragraph --><\/p>\n<p><a href=\"https:\/\/www.umfst.ro\/fileadmin\/f_medicina_engleza\/sistem_tutoriat\/Tutori_MEH_2019-2020_Ro.pdf\">TUTORS Programme of Study - Medicine, English, Hamburg (MEH-UMCH) - 2019\/2020<\/a><\/p>\n<p><!-- \/wp:paragraph --><\/p>\t\t\t\t\t\t\t\t<\/div>\n\t\t\t\t<\/div>\n\t\t\t\t\t<\/div>\n\t\t<\/div>\n\t\t\t\t\t<\/div>\n\t\t<\/section>\n\t\t\t\t<\/div>","protected":false},"excerpt":{"rendered":"<p>SISTEM TUTORIAL List\u0103 tutori \u2013 Program de studiu \u2013 Medicin\u0103, Limba Englez\u0103 (MER) \u2013 an universitar 2025\/2026 \u00a0 Documentele justificative pentru efectuarea Practicii de specialitate pentru anul academic 2024\/2025 se vor transmite in format\u00a0electronic(document scanat de tip PDF, denumit Nume_Prenume_Speciality Practice.pdf) p\u00e2n\u0103 la data de 05 septembrie 2025. Documentele in cauz\u0103 vor fi transmise direct [&hellip;]<\/p>\n","protected":false},"author":4,"featured_media":0,"parent":2739,"menu_order":-18,"comment_status":"closed","ping_status":"closed","template":"","meta":{"_relevanssi_hide_post":"","_relevanssi_hide_content":"","_relevanssi_pin_for_all":"","_relevanssi_pin_keywords":"","_relevanssi_unpin_keywords":"","_relevanssi_related_keywords":"","_relevanssi_related_include_ids":"","_relevanssi_related_exclude_ids":"","_relevanssi_related_no_append":"","_relevanssi_related_not_related":"","_relevanssi_related_posts":"1","_relevanssi_noindex_reason":"","footnotes":""},"categories":[12,33],"tags":[],"class_list":["post-123","page","type-page","status-publish","hentry","category-pagina-cu-sidebar","category-pagina-studenti"],"meta_box":[],"_links":{"self":[{"href":"https:\/\/umfst.ro\/medicina-engleza\/en\/wp-json\/wp\/v2\/pages\/123","targetHints":{"allow":["GET"]}}],"collection":[{"href":"https:\/\/umfst.ro\/medicina-engleza\/en\/wp-json\/wp\/v2\/pages"}],"about":[{"href":"https:\/\/umfst.ro\/medicina-engleza\/en\/wp-json\/wp\/v2\/types\/page"}],"author":[{"embeddable":true,"href":"https:\/\/umfst.ro\/medicina-engleza\/en\/wp-json\/wp\/v2\/users\/4"}],"replies":[{"embeddable":true,"href":"https:\/\/umfst.ro\/medicina-engleza\/en\/wp-json\/wp\/v2\/comments?post=123"}],"version-history":[{"count":22,"href":"https:\/\/umfst.ro\/medicina-engleza\/en\/wp-json\/wp\/v2\/pages\/123\/revisions"}],"predecessor-version":[{"id":3116,"href":"https:\/\/umfst.ro\/medicina-engleza\/en\/wp-json\/wp\/v2\/pages\/123\/revisions\/3116"}],"up":[{"embeddable":true,"href":"https:\/\/umfst.ro\/medicina-engleza\/en\/wp-json\/wp\/v2\/pages\/2739"}],"wp:attachment":[{"href":"https:\/\/umfst.ro\/medicina-engleza\/en\/wp-json\/wp\/v2\/media?parent=123"}],"wp:term":[{"taxonomy":"category","embeddable":true,"href":"https:\/\/umfst.ro\/medicina-engleza\/en\/wp-json\/wp\/v2\/categories?post=123"},{"taxonomy":"post_tag","embeddable":true,"href":"https:\/\/umfst.ro\/medicina-engleza\/en\/wp-json\/wp\/v2\/tags?post=123"}],"curies":[{"name":"wp","href":"https:\/\/api.w.org\/{rel}","templated":true}]}}