{"id":2715,"date":"2025-05-22T10:50:18","date_gmt":"2025-05-22T10:50:18","guid":{"rendered":"https:\/\/umfst.ro\/medicina-engleza\/?page_id=2715"},"modified":"2025-05-28T08:17:33","modified_gmt":"2025-05-28T08:17:33","slug":"invatamant-clinic","status":"publish","type":"page","link":"https:\/\/umfst.ro\/medicina-engleza\/en\/oferta-educationala\/campus-hamburg-umch\/invatamant-clinic\/","title":{"rendered":"Clinical education"},"content":{"rendered":"<div data-elementor-type=\"wp-page\" data-elementor-id=\"2715\" class=\"elementor elementor-2715\" data-elementor-post-type=\"page\">\n\t\t\t\t\t\t<section class=\"elementor-section elementor-top-section elementor-element elementor-element-b901d69 elementor-section-boxed elementor-section-height-default elementor-section-height-default\" data-id=\"b901d69\" data-element_type=\"section\" data-e-type=\"section\">\n\t\t\t\t\t\t<div class=\"elementor-container elementor-column-gap-default\">\n\t\t\t\t\t<div class=\"elementor-column elementor-col-100 elementor-top-column elementor-element elementor-element-0ba6f1e\" data-id=\"0ba6f1e\" data-element_type=\"column\" data-e-type=\"column\">\n\t\t\t<div class=\"elementor-widget-wrap elementor-element-populated\">\n\t\t\t\t\t\t<div class=\"elementor-element elementor-element-1141310 elementor-widget elementor-widget-text-editor\" data-id=\"1141310\" data-element_type=\"widget\" data-e-type=\"widget\" data-widget_type=\"text-editor.default\">\n\t\t\t\t<div class=\"elementor-widget-container\">\n\t\t\t\t\t\t\t\t\t<p>For international students enrolled in the Medicine in English program (Hamburg, Germany), complementary to the preclinical years that take place exclusively on the Hamburg campus, clinical education is carried out in an intensive and compact system within the university's over 30 partner medical units located in the EU area (Germany, Spain and Italy).<\/p><p>The list of UMFST-UMCH partner hospitals can be consulted here <a href=\"https:\/\/www.umfst.ro\/fileadmin\/f_medicina_engleza\/invatamant_clinic\/Spitale partenere UMFST_Germania.pdf\" data-wplink-url-error=\"true\">aici<\/a>.<\/p><p>The clinical activity is carried out with the involvement of local medical professionals and is coordinated by representatives of the university administration. The entire medical training complies with the <a href=\"https:\/\/www.umfst.ro\/fileadmin\/f_medicina_engleza\/invatamant_clinic\/Plan de asigurare a calitatii in invatamantul clinic_MEH.pdf\" data-wplink-url-error=\"true\">Plan for Quality Control Management in Clinical Teaching<\/a>, developed and implemented together with the Quality Assurance Department of UMFST G. E. Palade Tg. Mure\u0219.<\/p>\t\t\t\t\t\t\t\t<\/div>\n\t\t\t\t<\/div>\n\t\t\t\t\t<\/div>\n\t\t<\/div>\n\t\t\t\t\t<\/div>\n\t\t<\/section>\n\t\t\t\t<\/div>","protected":false},"excerpt":{"rendered":"<p>Pentru studen\u021bii interna\u021bionali \u00eenmatricula\u021bi \u00een cadrul programului Medicin\u0103 \u00een Limba Englez\u0103 (Hamburg, Germania), complementar anilor preclinici care deruleaz\u0103 exclusiv \u00een campusul din Hamburg, \u00eenv\u0103\u021b\u0103m\u00e2ntul clinic se deruleaz\u0103 \u00een sistem intensiv si compact \u00een cadrul celor peste 30 unit\u0103\u021bi medicale partenere ale universit\u0103\u021bii \u00a0cu localizare \u00een spa\u021biul UE (Germania, Spania \u0219i Italia). Lista spitalelor partenere UMFST-UMCH [&hellip;]<\/p>\n","protected":false},"author":25,"featured_media":0,"parent":61,"menu_order":0,"comment_status":"closed","ping_status":"closed","template":"","meta":{"_relevanssi_hide_post":"","_relevanssi_hide_content":"","_relevanssi_pin_for_all":"","_relevanssi_pin_keywords":"","_relevanssi_unpin_keywords":"","_relevanssi_related_keywords":"","_relevanssi_related_include_ids":"","_relevanssi_related_exclude_ids":"","_relevanssi_related_no_append":"","_relevanssi_related_not_related":"","_relevanssi_related_posts":"2270,162,153,2060,2081,161","_relevanssi_noindex_reason":"","footnotes":""},"categories":[12],"tags":[],"class_list":["post-2715","page","type-page","status-publish","hentry","category-pagina-cu-sidebar"],"meta_box":[],"_links":{"self":[{"href":"https:\/\/umfst.ro\/medicina-engleza\/en\/wp-json\/wp\/v2\/pages\/2715","targetHints":{"allow":["GET"]}}],"collection":[{"href":"https:\/\/umfst.ro\/medicina-engleza\/en\/wp-json\/wp\/v2\/pages"}],"about":[{"href":"https:\/\/umfst.ro\/medicina-engleza\/en\/wp-json\/wp\/v2\/types\/page"}],"author":[{"embeddable":true,"href":"https:\/\/umfst.ro\/medicina-engleza\/en\/wp-json\/wp\/v2\/users\/25"}],"replies":[{"embeddable":true,"href":"https:\/\/umfst.ro\/medicina-engleza\/en\/wp-json\/wp\/v2\/comments?post=2715"}],"version-history":[{"count":4,"href":"https:\/\/umfst.ro\/medicina-engleza\/en\/wp-json\/wp\/v2\/pages\/2715\/revisions"}],"predecessor-version":[{"id":2766,"href":"https:\/\/umfst.ro\/medicina-engleza\/en\/wp-json\/wp\/v2\/pages\/2715\/revisions\/2766"}],"up":[{"embeddable":true,"href":"https:\/\/umfst.ro\/medicina-engleza\/en\/wp-json\/wp\/v2\/pages\/61"}],"wp:attachment":[{"href":"https:\/\/umfst.ro\/medicina-engleza\/en\/wp-json\/wp\/v2\/media?parent=2715"}],"wp:term":[{"taxonomy":"category","embeddable":true,"href":"https:\/\/umfst.ro\/medicina-engleza\/en\/wp-json\/wp\/v2\/categories?post=2715"},{"taxonomy":"post_tag","embeddable":true,"href":"https:\/\/umfst.ro\/medicina-engleza\/en\/wp-json\/wp\/v2\/tags?post=2715"}],"curies":[{"name":"wp","href":"https:\/\/api.w.org\/{rel}","templated":true}]}}