{"id":2908,"date":"2025-06-12T10:10:14","date_gmt":"2025-06-12T10:10:14","guid":{"rendered":"https:\/\/umfst.ro\/medicina-engleza\/?page_id=2908"},"modified":"2026-01-26T11:33:52","modified_gmt":"2026-01-26T11:33:52","slug":"graduationdiploma-exam-information","status":"publish","type":"page","link":"https:\/\/umfst.ro\/medicina-engleza\/en\/informatii-pentru-studenti\/campus-umfst-umch\/informatii-examen-de-licenta\/","title":{"rendered":"Graduation\/Diploma Exam information"},"content":{"rendered":"<div data-elementor-type=\"wp-post\" data-elementor-id=\"2908\" class=\"elementor elementor-2908\" data-elementor-post-type=\"page\">\n\t\t\t\t\t\t<section class=\"elementor-section elementor-top-section elementor-element elementor-element-266d547 elementor-section-boxed elementor-section-height-default elementor-section-height-default\" data-id=\"266d547\" data-element_type=\"section\" data-e-type=\"section\">\n\t\t\t\t\t\t<div class=\"elementor-container elementor-column-gap-default\">\n\t\t\t\t\t<div class=\"elementor-column elementor-col-100 elementor-top-column elementor-element elementor-element-b3c062f\" data-id=\"b3c062f\" data-element_type=\"column\" data-e-type=\"column\">\n\t\t\t<div class=\"elementor-widget-wrap elementor-element-populated\">\n\t\t\t\t\t\t<div class=\"elementor-element elementor-element-0b850eb elementor-widget__width-initial elementor-widget elementor-widget-text-editor\" data-id=\"0b850eb\" data-element_type=\"widget\" data-e-type=\"widget\" data-widget_type=\"text-editor.default\">\n\t\t\t\t<div class=\"elementor-widget-container\">\n\t\t\t\t\t\t\t\t\t<div><h2 role=\"heading\" data-uw-rm-heading=\"level\">Graduation Exam 2026<\/h2><p><strong>The Written Test \u2013 14.07.2026<\/strong><\/p><p><strong>Presentation And Defence Of The Graduation\/Diploma Thesis \u2013 15.07.2026 \u2013 16.07.2026<\/strong><\/p><p><a href=\"https:\/\/www.umfst.ro\/fileadmin\/f_medicina_engleza\/licenta\/2026\/Tematica_si_bibliografie_-_Examen_de_Licenta_2026-hamburg.pdf\" target=\"_blank\" rel=\"noopener\" aria-label=\"Tematic\u0103 \u0219i bibliografie licen\u021b\u0103 - deschide \u00eentr-o fil\u0103 nou\u0103\" data-uw-rm-ext-link=\"\" data-uw-pdf-br=\"2\" data-uw-pdf-doc=\"\">Topics and Bibliography<\/a><\/p><p><a href=\"https:\/\/www.umfst.ro\/fileadmin\/f_medicina_engleza\/licenta\/2026\/Calendar_licenta _FMLE_ 2026-hamburg.pdf\" data-wplink-url-error=\"true\">Programme Of The License Examination FMLE Class 2026<\/a><\/p><p>Last day to submit the license thesis is 03.07.2026<\/p><header><h2 role=\"heading\" data-uw-rm-heading=\"level\">Timetable - Committees for License Thesis presentation 2025<\/h2><p><a href=\"https:\/\/www.umfst.ro\/fileadmin\/f_medicina_engleza\/licenta\/2025\/comisii\/Schedule_Committee 1_Entrance.pdf\" data-wplink-url-error=\"true\" data-uw-pdf-br=\"2\" data-uw-pdf-doc=\"\">Schedule Committee no. 1 Graduation Thesis Presentation<\/a><br \/><a href=\"https:\/\/www.umfst.ro\/fileadmin\/f_medicina_engleza\/licenta\/2025\/comisii\/Schedule_Committee 2_Entrance.pdf\" data-wplink-url-error=\"true\" data-uw-pdf-br=\"2\" data-uw-pdf-doc=\"\">Schedule Committee no. 2 Graduation Thesis Presentation<\/a><br \/><a href=\"https:\/\/www.umfst.ro\/fileadmin\/f_medicina_engleza\/licenta\/2025\/comisii\/Schedule_Committee 3_Entrance.pdf\" data-wplink-url-error=\"true\" data-uw-pdf-br=\"2\" data-uw-pdf-doc=\"\">Schedule Committee no. 3 Graduation Thesis Presentation<\/a><\/p><h2>Results Graduation\/Diploma Exam 2025<\/h2><\/header><p><a href=\"https:\/\/www.umfst.ro\/fileadmin\/f_medicina_engleza\/licenta\/2025\/Graduation Exam - written test_July 2025_Medicine, English (Hamburg, Germany).pdf\" data-uw-pdf-br=\"2\" data-uw-pdf-doc=\"\" data-wplink-url-error=\"true\">Results Written Exam Graduation Exam 2025<\/a><\/p><p>Correct answers Graduation Exam 2025: <a href=\"https:\/\/www.umfst.ro\/fileadmin\/f_medicina_engleza\/licenta\/2025\/fmle_barem_V1_Campus Hamburg.pdf\" data-wplink-url-error=\"true\">V1<\/a> <a href=\"https:\/\/www.umfst.ro\/fileadmin\/f_medicina_engleza\/licenta\/2025\/fmle_barem_V2_Campus Hamburg.pdf\" data-wplink-url-error=\"true\">V2<\/a> <a href=\"https:\/\/www.umfst.ro\/fileadmin\/f_medicina_engleza\/licenta\/2025\/fmle_barem_V3_Campus Hamburg.pdf\" data-wplink-url-error=\"true\">V3<\/a> <a href=\"https:\/\/www.umfst.ro\/fileadmin\/f_medicina_engleza\/licenta\/2025\/fmle_barem_V4_Campus Hamburg.pdf\" data-wplink-url-error=\"true\">V4<\/a><\/p><h2 role=\"heading\" data-uw-rm-heading=\"level\">Committees for License Exam 2025<\/h2><p><a href=\"https:\/\/www.umfst.ro\/fileadmin\/f_medicina_engleza\/licenta\/2025\/Comisiile de speciali\u0219ti pentru proba scris\u0103_FMLE_2025.pdf\" target=\"_blank\" rel=\"noopener\" aria-label=\"Comisiile de speciali\u0219ti pentru proba scris\u0103 - deschide \u00eentr-o fil\u0103 nou\u0103\" data-uw-rm-ext-link=\"\" data-uw-pdf-br=\"2\" data-uw-pdf-doc=\"\" data-wplink-url-error=\"true\">Committee of experts<\/a><\/p><p><a href=\"https:\/\/www.umfst.ro\/fileadmin\/f_medicina_engleza\/licenta\/2025\/Comisiile de supraveghetori pentru proba scris\u0103_FMLE_2025.pdf\" target=\"_blank\" rel=\"noopener\" aria-label=\"Comisiile de supraveghetori pentru proba scris\u0103 - deschide \u00eentr-o fil\u0103 nou\u0103\" data-uw-rm-ext-link=\"\" data-uw-pdf-br=\"2\" data-uw-pdf-doc=\"\" data-wplink-url-error=\"true\">Committees of supervisors for the written test<\/a><\/p><p><a href=\"https:\/\/www.umfst.ro\/fileadmin\/f_medicina_engleza\/licenta\/2025\/Comisiile de sus\u021binere a lucr\u0103rilor de licen\u021b\u0103_FMLE_2025.pdf\" target=\"_blank\" rel=\"noopener\" aria-label=\"Comisiile de sus\u021binere a lucr\u0103rilor de licen\u021b\u0103 - deschide \u00eentr-o fil\u0103 nou\u0103\" data-uw-rm-ext-link=\"\" data-uw-pdf-br=\"2\" data-uw-pdf-doc=\"\" data-wplink-url-error=\"true\">Committees for License Thesis presentation<\/a><\/p><p><a href=\"https:\/\/www.umfst.ro\/fileadmin\/f_medicina_engleza\/licenta\/2025\/Comisia de contesta\u021bii_FMLE_2025.pdf\" target=\"_blank\" rel=\"noopener\" aria-label=\"Comisia de contesta\u021bii - deschide \u00eentr-o fil\u0103 nou\u0103\" data-uw-rm-ext-link=\"\" data-uw-pdf-br=\"2\" data-uw-pdf-doc=\"\" data-wplink-url-error=\"true\">Committee for contestation<\/a><\/p><header><header><h2 role=\"heading\" data-uw-rm-heading=\"level\">Important notice!<\/h2><p>The Leading Board of the University  and The Dean's office of the Faculty of Medicine in English has decided to schedule a new session of oral presentation of the License thesis for the 20th of February at 12:00 PM (room Forensic Medicine).<\/p><h2 role=\"heading\" data-uw-rm-heading=\"level\">Graduation Exam 2025<\/h2><p><strong>The Written Test \u2013 15.07.2025<\/strong><\/p><p><strong>Presentation And Defence Of The Graduation\/Diploma Thesis \u2013 16.07.2025 \u2013 18.07.2025<\/strong><\/p><p><a href=\"https:\/\/www.umfst.ro\/fileadmin\/f_medicina_engleza\/licenta\/2025\/Tematica_si_bibliografie_-_Examen_de_Licenta_2025.pdf\" target=\"_blank\" rel=\"noopener\" aria-label=\"Tematic\u0103 \u0219i bibliografie licen\u021b\u0103 - deschide \u00eentr-o fil\u0103 nou\u0103\" data-uw-rm-ext-link=\"\" data-uw-pdf-br=\"2\" data-uw-pdf-doc=\"\">Topics and Bibliography<\/a><\/p><p><a href=\"https:\/\/www.umfst.ro\/fileadmin\/f_medicina_engleza\/licenta\/2025\/Calendar licen\u021b\u0103 _FMLE_ 2025.pdf\" data-wplink-url-error=\"true\">Calendar licen\u021b\u0103 FMLE 2025<\/a><\/p><p>04.07.2025 Last day to submit the license thesis<\/p><\/header><\/header><\/div>\t\t\t\t\t\t\t\t<\/div>\n\t\t\t\t<\/div>\n\t\t\t\t\t<\/div>\n\t\t<\/div>\n\t\t\t\t\t<\/div>\n\t\t<\/section>\n\t\t\t\t<\/div>","protected":false},"excerpt":{"rendered":"<p>Examen de licen\u021b\u0103 2026 Proba scris\u0103 Examen Licen\u021b\u0103 \u2013 14.07.2026 Perioada de sus\u021binere a lucr\u0103rilor de licen\u021b\u0103 &#8211;\u00a0 15.07.2026 \u2013 16.07.2026 Tematic\u0103 \u0219i bibliografie licen\u021b\u0103 Calendar licen\u021b\u0103 FMLE 2026 Ultima zi pentru depunerea lucr\u0103rilor de finalizare a studiilor 03.07.2026 Programare \u2013 Comisii Examen de licen\u021b\u0103 2025 Programare Comisia 1Programare Comisia 2Programare Comisia 3 Rezultate licen\u021b\u0103 [&hellip;]<\/p>\n","protected":false},"author":25,"featured_media":0,"parent":2741,"menu_order":-8,"comment_status":"closed","ping_status":"closed","template":"","meta":{"_relevanssi_hide_post":"","_relevanssi_hide_content":"","_relevanssi_pin_for_all":"","_relevanssi_pin_keywords":"","_relevanssi_unpin_keywords":"","_relevanssi_related_keywords":"","_relevanssi_related_include_ids":"","_relevanssi_related_exclude_ids":"","_relevanssi_related_no_append":"","_relevanssi_related_not_related":"","_relevanssi_related_posts":"1","_relevanssi_noindex_reason":"","footnotes":""},"categories":[12],"tags":[],"class_list":["post-2908","page","type-page","status-publish","hentry","category-pagina-cu-sidebar"],"meta_box":[],"_links":{"self":[{"href":"https:\/\/umfst.ro\/medicina-engleza\/en\/wp-json\/wp\/v2\/pages\/2908","targetHints":{"allow":["GET"]}}],"collection":[{"href":"https:\/\/umfst.ro\/medicina-engleza\/en\/wp-json\/wp\/v2\/pages"}],"about":[{"href":"https:\/\/umfst.ro\/medicina-engleza\/en\/wp-json\/wp\/v2\/types\/page"}],"author":[{"embeddable":true,"href":"https:\/\/umfst.ro\/medicina-engleza\/en\/wp-json\/wp\/v2\/users\/25"}],"replies":[{"embeddable":true,"href":"https:\/\/umfst.ro\/medicina-engleza\/en\/wp-json\/wp\/v2\/comments?post=2908"}],"version-history":[{"count":10,"href":"https:\/\/umfst.ro\/medicina-engleza\/en\/wp-json\/wp\/v2\/pages\/2908\/revisions"}],"predecessor-version":[{"id":3178,"href":"https:\/\/umfst.ro\/medicina-engleza\/en\/wp-json\/wp\/v2\/pages\/2908\/revisions\/3178"}],"up":[{"embeddable":true,"href":"https:\/\/umfst.ro\/medicina-engleza\/en\/wp-json\/wp\/v2\/pages\/2741"}],"wp:attachment":[{"href":"https:\/\/umfst.ro\/medicina-engleza\/en\/wp-json\/wp\/v2\/media?parent=2908"}],"wp:term":[{"taxonomy":"category","embeddable":true,"href":"https:\/\/umfst.ro\/medicina-engleza\/en\/wp-json\/wp\/v2\/categories?post=2908"},{"taxonomy":"post_tag","embeddable":true,"href":"https:\/\/umfst.ro\/medicina-engleza\/en\/wp-json\/wp\/v2\/tags?post=2908"}],"curies":[{"name":"wp","href":"https:\/\/api.w.org\/{rel}","templated":true}]}}