{"id":3120,"date":"2025-12-22T07:29:30","date_gmt":"2025-12-22T07:29:30","guid":{"rendered":"https:\/\/umfst.ro\/medicina-engleza\/?page_id=3120"},"modified":"2026-04-24T07:31:36","modified_gmt":"2026-04-24T07:31:36","slug":"admission-2026","status":"publish","type":"page","link":"https:\/\/umfst.ro\/medicina-engleza\/en\/admitere-2026\/","title":{"rendered":"Admission 2026"},"content":{"rendered":"<div data-elementor-type=\"wp-page\" data-elementor-id=\"3120\" class=\"elementor elementor-3120\" data-elementor-post-type=\"page\">\n\t\t\t\t\t\t<section class=\"elementor-section elementor-top-section elementor-element elementor-element-6b96d00 elementor-section-boxed elementor-section-height-default elementor-section-height-default\" data-id=\"6b96d00\" data-element_type=\"section\" data-e-type=\"section\">\n\t\t\t\t\t\t<div class=\"elementor-container elementor-column-gap-default\">\n\t\t\t\t\t<div class=\"elementor-column elementor-col-100 elementor-top-column elementor-element elementor-element-52f8092\" data-id=\"52f8092\" data-element_type=\"column\" data-e-type=\"column\">\n\t\t\t<div class=\"elementor-widget-wrap elementor-element-populated\">\n\t\t\t\t\t\t<div class=\"elementor-element elementor-element-a6c3384 elementor-widget elementor-widget-text-editor\" data-id=\"a6c3384\" data-element_type=\"widget\" data-e-type=\"widget\" data-no-translation=\"\" data-widget_type=\"text-editor.default\">\n\t\t\t\t<div class=\"elementor-widget-container\">\n\t\t\t\t\t<style>.elementor-element-a6c3384{display:none !important}<\/style>\t\t\t\t<\/div>\n\t\t\t\t<\/div>\n\t\t\t\t\t<\/div>\n\t\t<\/div>\n\t\t\t\t\t<\/div>\n\t\t<\/section>\n\t\t\t\t<section class=\"elementor-section elementor-top-section elementor-element elementor-element-0ce64e5 elementor-section-boxed elementor-section-height-default elementor-section-height-default\" data-id=\"0ce64e5\" data-element_type=\"section\" data-e-type=\"section\" data-no-translation=\"\">\n\t\t\t\t\t\t<div class=\"elementor-container elementor-column-gap-default\">\n\t\t\t\t\t<div class=\"elementor-column elementor-col-100 elementor-top-column elementor-element elementor-element-d2fc5ac\" data-id=\"d2fc5ac\" data-element_type=\"column\" data-e-type=\"column\">\n\t\t\t<div class=\"elementor-widget-wrap elementor-element-populated\">\n\t\t\t\t\t\t<div class=\"elementor-element elementor-element-9e2f2ea elementor-widget elementor-widget-text-editor\" data-id=\"9e2f2ea\" data-element_type=\"widget\" data-e-type=\"widget\" data-no-translation=\"\" data-widget_type=\"text-editor.default\">\n\t\t\t\t<div class=\"elementor-widget-container\">\n\t\t\t\t\t\t\t\t\t<h2><strong>Faculty of International Medical Studies \u2013 Multicultural Values in a Successful Model<\/strong><\/h2><p><a href=\"https:\/\/umfst.ro\/medicina-engleza\/en\/admission-2026\/admission-2026-2027-medicine-in-english\/\">Admission 2026-2027: Medicine in English<\/a><\/p><p><a href=\"https:\/\/umfst.ro\/medicina-engleza\/en\/admission-2026\/admission-2026-2027-medicine-in-french\/\">Admission 2026-2027: Medicine in French<\/a><\/p><p><a href=\"https:\/\/umfst.ro\/medicina-engleza\/en\/admission-2026\/admitere-2026-2027-program-de-masterat-multimodal-imaging-techniques-in-medicine\/\">Admission 2026-2027: Master&#8217;s Programme Multimodal Imaging Techniques in Medicine<\/a><br \/><br \/><\/p><p>The Faculty of International Medical Studies (FIMS) adheres to the academic standards required to train high-performing physicians. Currently, over 2,300 students from 105 countries across five continents are pursuing their studies at the two campuses: the campus in T\u00e2rgu-Mure\u0219 and the campus in Hamburg, Germany (UMCH). This year, the faculty will offer three bachelor\u2019s programmes and two master\u2019s programmes.<\/p><p>\u00a0<\/p><p><strong>Academic Programmes \u2013 Bachelor\u2019s Degree Programmes:<\/strong><\/p><ul><li><strong> Medicine in English \u2013 T\u00e2rgu Mure\u0219 (6 years, English)<\/strong><\/li><\/ul><p>The university is accepting applications for this programme on a rolling basis, with four interview sessions taking place between March and September 2026.<\/p><p>This programme, conducted annually in four teaching modules, supports the university\u2019s internationalization process by providing an intercultural academic environment that combines tradition with innovation and human interaction with the optimal use of modern technologies.<\/p><p>Student-centered medical education provides not only theoretical knowledge but also practical skills essential for the development of a well-rounded professional. In addition to clinical training at the patient\u2019s bedside, students benefit from modern learning facilities: 3D virtual learning platforms, e-learning platforms, and research centers that emphasize integrating young professionals into teams with existing experience in the field. Participation in research activities provides them with a solid foundation for pursuing doctoral studies.<\/p><ul><li><strong> Medicine in English \u2013 Hamburg, Germany (6 years, English)<\/strong><\/li><\/ul><p>At the Hamburg campus, students have access to state-of-the-art teaching facilities as well as clinical training conducted at over 30 partner medical institutions across the European Union (Germany, Spain, Italy, Lithuania, Malta). 3D virtual learning, e-learning platforms, and live-streamed courses from state-of-the-art classrooms and laboratories ensure that students are trained to the highest standards.<\/p><ul><li><strong> Medicine in French \u2013 T\u00e2rgu Mure\u0219 (6 years, French language)<\/strong><\/li><\/ul><p>Starting with the 2026\/2027 academic year, the university\u2019s educational offerings will be expanded to include 100 spots for this programme (ARACIS decision dated April 2, 2026). Admission to this programme is rolling, with three interview sessions taking place between June and September 2026. This achievement represents a new milestone in strengthening UMFST\u2019s international academic dimension and concretely reflects the university\u2019s strategic direction toward internationalization, through the diversification of study programmes and the expansion of its openness to the European and global educational landscape.<\/p><p>\u00a0<\/p><p><strong>Educational offerings \u2013 master\u2019s programmes taught in English:<\/strong><\/p><ul><li>Advanced Medical-Pharmaceutical Scientific Research \u2013 1 year. The programme promotes the development of a link between theory, research, and practice, ensuring that education is constantly adapted to advances in healthcare. It is aimed at young researchers who wish to continue their doctoral studies and research activities<\/li><li>Multimodal Imaging Techniques in Medicine \u2013 a 2-year programme. This new master\u2019s programme is designed for physicians, engineers, bioengineers, physicists, nurses with advanced degrees, and anyone interested in the intersection of technology and medicine (medical image processing, artificial intelligence in medicine, hardware\/software systems for diagnosis).<\/li><\/ul>\t\t\t\t\t\t\t\t<\/div>\n\t\t\t\t<\/div>\n\t\t\t\t\t<\/div>\n\t\t<\/div>\n\t\t\t\t\t<\/div>\n\t\t<\/section>\n\t\t\t\t<\/div>","protected":false},"excerpt":{"rendered":"<p>Facult\u00e9 d&#8217;\u00e9tudes m\u00e9dicales internationales (Faculty of International Medical Studies) \u2013 des valeurs multiculturelles au c\u0153ur d&#8217;un mod\u00e8le de r\u00e9ussite Admission 2026-2027: M\u00e9decine en Anglais Admission 2026-2027: M\u00e9decine en Fran\u00e7ais Admission 2026-2027: Programme de Master Multimodal Imaging Techniques in Medicine La Facult\u00e9 d&#8217;\u00e9tudes m\u00e9dicales internationales (FIMS) respecte les normes acad\u00e9miques requises pour la formation de m\u00e9decins [&hellip;]<\/p>\n","protected":false},"author":25,"featured_media":0,"parent":0,"menu_order":3,"comment_status":"closed","ping_status":"closed","template":"","meta":{"_relevanssi_hide_post":"","_relevanssi_hide_content":"","_relevanssi_pin_for_all":"","_relevanssi_pin_keywords":"","_relevanssi_unpin_keywords":"","_relevanssi_related_keywords":"","_relevanssi_related_include_ids":"","_relevanssi_related_exclude_ids":"","_relevanssi_related_no_append":"","_relevanssi_related_not_related":"","_relevanssi_related_posts":"161,1996,2297,2260,2060,2088","_relevanssi_noindex_reason":"","footnotes":""},"categories":[12],"tags":[],"class_list":["post-3120","page","type-page","status-publish","hentry","category-pagina-cu-sidebar"],"meta_box":[],"_links":{"self":[{"href":"https:\/\/umfst.ro\/medicina-engleza\/en\/wp-json\/wp\/v2\/pages\/3120","targetHints":{"allow":["GET"]}}],"collection":[{"href":"https:\/\/umfst.ro\/medicina-engleza\/en\/wp-json\/wp\/v2\/pages"}],"about":[{"href":"https:\/\/umfst.ro\/medicina-engleza\/en\/wp-json\/wp\/v2\/types\/page"}],"author":[{"embeddable":true,"href":"https:\/\/umfst.ro\/medicina-engleza\/en\/wp-json\/wp\/v2\/users\/25"}],"replies":[{"embeddable":true,"href":"https:\/\/umfst.ro\/medicina-engleza\/en\/wp-json\/wp\/v2\/comments?post=3120"}],"version-history":[{"count":127,"href":"https:\/\/umfst.ro\/medicina-engleza\/en\/wp-json\/wp\/v2\/pages\/3120\/revisions"}],"predecessor-version":[{"id":3383,"href":"https:\/\/umfst.ro\/medicina-engleza\/en\/wp-json\/wp\/v2\/pages\/3120\/revisions\/3383"}],"wp:attachment":[{"href":"https:\/\/umfst.ro\/medicina-engleza\/en\/wp-json\/wp\/v2\/media?parent=3120"}],"wp:term":[{"taxonomy":"category","embeddable":true,"href":"https:\/\/umfst.ro\/medicina-engleza\/en\/wp-json\/wp\/v2\/categories?post=3120"},{"taxonomy":"post_tag","embeddable":true,"href":"https:\/\/umfst.ro\/medicina-engleza\/en\/wp-json\/wp\/v2\/tags?post=3120"}],"curies":[{"name":"wp","href":"https:\/\/api.w.org\/{rel}","templated":true}]}}