{"id":3180,"date":"2026-02-03T07:40:34","date_gmt":"2026-02-03T07:40:34","guid":{"rendered":"https:\/\/umfst.ro\/medicina-engleza\/?page_id=3180"},"modified":"2026-02-03T09:06:21","modified_gmt":"2026-02-03T09:06:21","slug":"international-pathways","status":"publish","type":"page","link":"https:\/\/umfst.ro\/medicina-engleza\/en\/international-pathways\/","title":{"rendered":"International Pathways"},"content":{"rendered":"<h4 class=\"wp-block-heading\"><strong>George Emil Palade University of Medicine, Pharmacy, Science and Technology of Targu Mure\u0219 has signed the \u201cThumbay International Pathway Program\u201d agreement with Gulf Medical University in the United Arab Emirates<\/strong><\/h4>\n\n\n\n<figure class=\"wp-block-image size-full is-resized\" style=\"margin-top:40px;margin-bottom:40px\"><img fetchpriority=\"high\" decoding=\"async\" width=\"1248\" height=\"1080\" src=\"https:\/\/umfst.ro\/medicina-engleza\/wp-content\/uploads\/sites\/4\/2026\/02\/international_pathways.jpg\" alt=\"\" class=\"wp-image-3181\" style=\"aspect-ratio:1.1555736113932336;width:590px;height:auto\" srcset=\"https:\/\/umfst.ro\/medicina-engleza\/wp-content\/uploads\/sites\/4\/2026\/02\/international_pathways.jpg 1248w, https:\/\/umfst.ro\/medicina-engleza\/wp-content\/uploads\/sites\/4\/2026\/02\/international_pathways-300x260.jpg 300w, https:\/\/umfst.ro\/medicina-engleza\/wp-content\/uploads\/sites\/4\/2026\/02\/international_pathways-1024x886.jpg 1024w, https:\/\/umfst.ro\/medicina-engleza\/wp-content\/uploads\/sites\/4\/2026\/02\/international_pathways-768x665.jpg 768w, https:\/\/umfst.ro\/medicina-engleza\/wp-content\/uploads\/sites\/4\/2026\/02\/international_pathways-14x12.jpg 14w\" sizes=\"(max-width: 1248px) 100vw, 1248px\" \/><\/figure>\n\n\n\n<p>The agreement marks the beginning of an academic cooperation that offers graduates of GMU\u2019s Pre-Clinical Sciences programme the opportunity to continue their clinical studies in the English-taught Medicine programmes offered by UMFST G.E. Palade T\u00e2rgu Mure\u0219.<\/p>\n\n\n\n<p><a href=\"https:\/\/gmu.ac.ae\/college-medicine\/higher-diploma-in-pre-clinical-sciences-hdpcs\/\" target=\"_blank\" rel=\"noopener\">Thumbay International Pathway Program<\/a><\/p>\n\n\n\n\n\n<p><a href=\"https:\/\/umfst.ro\/en\/blog\/global-medical-education-umphst-and-gulf-medical-university-partners-for-excellence\/\">Strategic partnership with Gulf Medical University, UAE<\/a><\/p>","protected":false},"excerpt":{"rendered":"<p>Universitatea de Medicin\u0103, Farmacie, \u0218tiin\u021be \u0219i Tehnologie \u201eGeorge Emil Palade\u201d din T\u00e2rgu Mure\u0219 a \u00eencheiat acordul \u201eThumbay International Pathway Program\u201d cu Gulf Medical University (GMU) din Emiratele Arabe Unite Acordul marcheaz\u0103 \u00eenceputul unei cooper\u0103ri academice care ofer\u0103 absolven\u021bilor programului Pre-Clinical Sciences de la GMU posibilitatea de a continua studiile clinice \u00een programele de Medicin\u0103 \u00een [&hellip;]<\/p>\n","protected":false},"author":25,"featured_media":0,"parent":0,"menu_order":5,"comment_status":"closed","ping_status":"closed","template":"","meta":{"_relevanssi_hide_post":"","_relevanssi_hide_content":"","_relevanssi_pin_for_all":"","_relevanssi_pin_keywords":"","_relevanssi_unpin_keywords":"","_relevanssi_related_keywords":"","_relevanssi_related_include_ids":"","_relevanssi_related_exclude_ids":"","_relevanssi_related_no_append":"","_relevanssi_related_not_related":"","_relevanssi_related_posts":"159,155,2241,2403,1975,1990","_relevanssi_noindex_reason":"","footnotes":""},"categories":[12],"tags":[],"class_list":["post-3180","page","type-page","status-publish","hentry","category-pagina-cu-sidebar"],"meta_box":[],"_links":{"self":[{"href":"https:\/\/umfst.ro\/medicina-engleza\/en\/wp-json\/wp\/v2\/pages\/3180","targetHints":{"allow":["GET"]}}],"collection":[{"href":"https:\/\/umfst.ro\/medicina-engleza\/en\/wp-json\/wp\/v2\/pages"}],"about":[{"href":"https:\/\/umfst.ro\/medicina-engleza\/en\/wp-json\/wp\/v2\/types\/page"}],"author":[{"embeddable":true,"href":"https:\/\/umfst.ro\/medicina-engleza\/en\/wp-json\/wp\/v2\/users\/25"}],"replies":[{"embeddable":true,"href":"https:\/\/umfst.ro\/medicina-engleza\/en\/wp-json\/wp\/v2\/comments?post=3180"}],"version-history":[{"count":9,"href":"https:\/\/umfst.ro\/medicina-engleza\/en\/wp-json\/wp\/v2\/pages\/3180\/revisions"}],"predecessor-version":[{"id":3193,"href":"https:\/\/umfst.ro\/medicina-engleza\/en\/wp-json\/wp\/v2\/pages\/3180\/revisions\/3193"}],"wp:attachment":[{"href":"https:\/\/umfst.ro\/medicina-engleza\/en\/wp-json\/wp\/v2\/media?parent=3180"}],"wp:term":[{"taxonomy":"category","embeddable":true,"href":"https:\/\/umfst.ro\/medicina-engleza\/en\/wp-json\/wp\/v2\/categories?post=3180"},{"taxonomy":"post_tag","embeddable":true,"href":"https:\/\/umfst.ro\/medicina-engleza\/en\/wp-json\/wp\/v2\/tags?post=3180"}],"curies":[{"name":"wp","href":"https:\/\/api.w.org\/{rel}","templated":true}]}}