{"id":55,"date":"2022-11-16T10:13:15","date_gmt":"2022-11-16T10:13:15","guid":{"rendered":"https:\/\/dev.umfst.ro\/medicina-engleza\/?page_id=55"},"modified":"2026-03-10T07:45:12","modified_gmt":"2026-03-10T07:45:12","slug":"department-me2-clinical-disciplines","status":"publish","type":"page","link":"https:\/\/umfst.ro\/medicina-engleza\/en\/departamente-si-discipline\/departamentul-me2-discipline-clinice\/","title":{"rendered":"Department ME2 \u2013 Clinical disciplines"},"content":{"rendered":"<div data-elementor-type=\"wp-page\" data-elementor-id=\"55\" class=\"elementor elementor-55\" data-elementor-post-type=\"page\">\n\t\t\t\t\t\t<section class=\"elementor-section elementor-top-section elementor-element elementor-element-8cafba5 elementor-section-boxed elementor-section-height-default elementor-section-height-default\" data-id=\"8cafba5\" data-element_type=\"section\" data-e-type=\"section\">\n\t\t\t\t\t\t<div class=\"elementor-container elementor-column-gap-default\">\n\t\t\t\t\t<div class=\"elementor-column elementor-col-100 elementor-top-column elementor-element elementor-element-3769424f\" data-id=\"3769424f\" data-element_type=\"column\" data-e-type=\"column\">\n\t\t\t<div class=\"elementor-widget-wrap elementor-element-populated\">\n\t\t\t\t\t\t<div class=\"elementor-element elementor-element-8d6cf1b elementor-widget elementor-widget-text-editor\" data-id=\"8d6cf1b\" data-element_type=\"widget\" data-e-type=\"widget\" data-widget_type=\"text-editor.default\">\n\t\t\t\t<div class=\"elementor-widget-container\">\n\t\t\t\t\t\t\t\t\t<h2><strong>Members of ME2 Department<\/strong><\/h2><p><strong>Director:<\/strong><\/p><p>Professor Tilinca Mariana-Cornelia, MD, PhD - <a href=\"https:\/\/www.umfst.ro\/fileadmin\/f_medicina_engleza\/cadre_didactice\/2025\/CV_FMLE_EN\/CV site_UMFST_En_Tilinca Mariana.pdf\" data-wplink-url-error=\"true\">CV<\/a><\/p><p><strong>Members of ME2 Department Council:<\/strong><\/p><p>Professor Mure\u0219an Simona-Silviana MD, PhD \u2013 <a href=\"https:\/\/www.umfst.ro\/fileadmin\/f_medicina_engleza\/cadre_didactice\/2025\/CV_FMLE_EN\/CV site_UMFST_En_Muresan Simona.pdf\" data-wplink-url-error=\"true\">CV<\/a><br \/>Professor B\u0103la\u0219a Rodica-Ioana MD, PhD \u2013 <a href=\"https:\/\/www.umfst.ro\/fileadmin\/f_medicina_engleza\/cadre_didactice\/2025\/CV_FMLE_EN\/CV site_UMFST_En_Balasa Rodica.pdf\" data-wplink-url-error=\"true\">CV<\/a><br \/>Professor Pa\u0219canu Maria-Ionela MD, PhD \u2013 <a href=\"https:\/\/www.umfst.ro\/fileadmin\/f_medicina_engleza\/cadre_didactice\/2025\/CV_FMLE_EN\/CV site_UMFST_En_Pascanu Ionela.pdf\" data-wplink-url-error=\"true\">CV<\/a><br \/>Professor Muntean Carmen-Viorica MD, PhD \u2013 <a href=\"https:\/\/www.umfst.ro\/fileadmin\/f_medicina_engleza\/cadre_didactice\/2025\/CV_FMLE_EN\/CV site_UMFST_En_Muntean Carmen.pdf\" data-wplink-url-error=\"true\">CV<\/a><br \/>Professor Porav-Hodade Daniel MD, PhD \u2013 <a href=\"https:\/\/www.umfst.ro\/fileadmin\/f_medicina_engleza\/cadre_didactice\/2025\/CV_FMLE_EN\/CV site_UMFST_En_Porav-Hodade Daniel.pdf\" data-wplink-url-error=\"true\">CV<\/a><br \/>Professor Varga Andreea MD, PhD \u2013 <a href=\"https:\/\/www.umfst.ro\/fileadmin\/f_medicina_engleza\/cadre_didactice\/2025\/CV_FMLE_EN\/CV site_UMFST_En_Varga Andreea.pdf\" data-wplink-url-error=\"true\">CV<\/a><br \/>Assoc. Prof. Russu Eliza \u2013 <a href=\"https:\/\/www.umfst.ro\/fileadmin\/f_medicina_engleza\/cadre_didactice\/2025\/CV_FMLE_EN\/CV site_UMFST_En_Russu Eliza.pdf\" data-wplink-url-error=\"true\">CV<\/a><br \/>Assoc. Prof. Pop Marian \u2013 <a href=\"https:\/\/www.umfst.ro\/fileadmin\/f_medicina_engleza\/cadre_didactice\/2025\/CV_FMLE_EN\/CV site_UMFST_En_Pop Marian.pdf\" data-wplink-url-error=\"true\">CV<\/a><br \/>Senior Lecturer Chinezu Rares \u2013 <a href=\"https:\/\/www.umfst.ro\/fileadmin\/f_medicina_engleza\/cadre_didactice\/2025\/CV_FMLE_EN\/CV site_UMFST_En_Chinezu Rares.pdf\" data-wplink-url-error=\"true\">CV<\/a><br \/>Senior Lecturer Derzsi Zolt\u00e1n \u2013 <a href=\"https:\/\/www.umfst.ro\/fileadmin\/f_medicina_engleza\/cadre_didactice\/2025\/CV_FMLE_EN\/CV site_UMFST_En_Derzsi Zoltan.pdf\" data-wplink-url-error=\"true\">CV<\/a><\/p><p><strong>Members:<\/strong><br \/>Professor Dobru Ecaterina-Daniela MD, PhD \u2013 <a href=\"https:\/\/www.umfst.ro\/fileadmin\/f_medicina_engleza\/cadre_didactice\/2025\/CV_FMLE_EN\/CV site_UMFST_En_Dobru Ecaterina Daniela.pdf\" data-wplink-url-error=\"true\">CV<\/a><br \/>Professor Pu\u0219ca\u0219iu Lucian, MD, PhD \u2013 <a href=\"https:\/\/www.umfst.ro\/fileadmin\/f_medicina_engleza\/cadre_didactice\/2025\/CV_FMLE_EN\/CV site_UMFST_En_Puscasiu Lucian.pdf\" data-wplink-url-error=\"true\">CV<\/a><br \/>Professor Tilinca Mariana-Cornelia, MD, PhD - <a href=\"https:\/\/www.umfst.ro\/fileadmin\/f_medicina_engleza\/cadre_didactice\/2025\/CV_FMLE_EN\/CV site_UMFST_En_Tilinca Mariana.pdf\" data-wplink-url-error=\"true\">CV<\/a><br \/>Professor B\u0103la\u0219a Rodica-Ioana MD, PhD \u2013 <a href=\"https:\/\/www.umfst.ro\/fileadmin\/f_medicina_engleza\/cadre_didactice\/2025\/CV_FMLE_EN\/CV site_UMFST_En_Balasa Rodica.pdf\" data-wplink-url-error=\"true\">CV<\/a><br \/>Professor Pa\u0219canu Maria-Ionela MD, PhD \u2013 <a href=\"https:\/\/www.umfst.ro\/fileadmin\/f_medicina_engleza\/cadre_didactice\/2025\/CV_FMLE_EN\/CV site_UMFST_En_Pascanu Ionela.pdf\" data-wplink-url-error=\"true\">CV<\/a><br \/>Professor Mihai Adriana MD, PhD \u2013 <a href=\"https:\/\/www.umfst.ro\/fileadmin\/f_medicina_engleza\/cadre_didactice\/2025\/CV_FMLE_EN\/CV site_UMFST_En_Mihai Adriana.pdf\" data-wplink-url-error=\"true\">CV<\/a><br \/>Professor Muntean Carmen-Viorica MD, PhD \u2013 <a href=\"https:\/\/www.umfst.ro\/fileadmin\/f_medicina_engleza\/cadre_didactice\/2025\/CV_FMLE_EN\/CV site_UMFST_En_Muntean Carmen.pdf\" data-wplink-url-error=\"true\">CV<\/a><br \/>Professor Mure\u0219an Simona-Silviana MD, PhD \u2013 <a href=\"https:\/\/www.umfst.ro\/fileadmin\/f_medicina_engleza\/cadre_didactice\/2025\/CV_FMLE_EN\/CV site_UMFST_En_Muresan Simona.pdf\" data-wplink-url-error=\"true\">CV<\/a><br \/>Professor Porav-Hodade Daniel MD, PhD \u2013 <a href=\"https:\/\/www.umfst.ro\/fileadmin\/f_medicina_engleza\/cadre_didactice\/2025\/CV_FMLE_EN\/CV site_UMFST_En_Porav-Hodade Daniel.pdf\" data-wplink-url-error=\"true\">CV<\/a><br \/>Professor Neago\u0219 Adriana MD, PhD \u2013 <a href=\"https:\/\/www.umfst.ro\/fileadmin\/f_medicina_engleza\/cadre_didactice\/2025\/CV_FMLE_EN\/CV site_UMFST_En_Neagos Adriana.pdf\" data-wplink-url-error=\"true\">CV<\/a><br \/>Professor Varga Andreea MD, PhD \u2013 <a href=\"https:\/\/www.umfst.ro\/fileadmin\/f_medicina_engleza\/cadre_didactice\/2025\/CV_FMLE_EN\/CV site_UMFST_En_Varga Andreea.pdf\" data-wplink-url-error=\"true\">CV<\/a><br \/>Assoc. Prof. Moldovan Hora\u021biu Remus \u2013 CV<br \/>Assoc. Prof. Russu Eliza \u2013 <a href=\"https:\/\/www.umfst.ro\/fileadmin\/f_medicina_engleza\/cadre_didactice\/2025\/CV_FMLE_EN\/CV site_UMFST_En_Russu Eliza.pdf\" data-wplink-url-error=\"true\">CV<\/a><br \/>Assoc. Prof. Oni\u0219or Danusia-Maria \u2013 <a href=\"https:\/\/www.umfst.ro\/fileadmin\/f_medicina_engleza\/cadre_didactice\/2025\/CV_FMLE_EN\/CV site_UMFST_En_Onisor Danusia.pdf\" data-wplink-url-error=\"true\">CV<\/a><br \/>Assoc. Prof. Laz\u0103r Alexandra-Elena \u2013 <a href=\"https:\/\/www.umfst.ro\/fileadmin\/f_medicina_engleza\/cadre_didactice\/2025\/CV_FMLE_EN\/CV site_UMFST_En_Lazar Alexandra.pdf\" data-wplink-url-error=\"true\">CV<\/a><br \/>Assoc. Prof. Tr\u00e2mbi\u021ba\u0219 Cristian \u00a0\u2013 <a href=\"https:\/\/www.umfst.ro\/fileadmin\/f_medicina_engleza\/cadre_didactice\/2025\/CV_FMLE_EN\/CV site_UMFST_En_Trambitas Cristian.pdf\" data-wplink-url-error=\"true\">CV<\/a><br \/>Assoc. Prof. Pop Marian \u2013 <a href=\"https:\/\/www.umfst.ro\/fileadmin\/f_medicina_engleza\/cadre_didactice\/2025\/CV_FMLE_EN\/CV site_UMFST_En_Pop Marian.pdf\" data-wplink-url-error=\"true\">CV<\/a><br \/>Senior Lecturer Bodescu Virginia \u2013 <a href=\"https:\/\/www.umfst.ro\/fileadmin\/f_medicina_engleza\/cadre_didactice\/2025\/CV_FMLE_EN\/CV site_UMFST_En_Bodescu Virginia.pdf\" data-wplink-url-error=\"true\">CV<\/a> <br \/>Senior Lecturer Ro\u0219ca Ancu\u021ba-Noela \u2013 <a href=\"https:\/\/www.umfst.ro\/fileadmin\/f_medicina_engleza\/cadre_didactice\/2025\/CV_FMLE_EN\/CV site_UMFST_En_Rosca Ancuta Noela.pdf\" data-wplink-url-error=\"true\">CV<\/a><br \/>Senior Lecturer Gliga Marius \u2013 <a href=\"https:\/\/www.umfst.ro\/fileadmin\/f_medicina_engleza\/cadre_didactice\/2025\/CV_FMLE_EN\/CV site_UMFST_Gliga Marius.pdf\" data-wplink-url-error=\"true\">CV<\/a><br \/>Senior Lecturer Macarie Ioan \u2013 <a href=\"https:\/\/www.umfst.ro\/fileadmin\/f_medicina_engleza\/cadre_didactice\/2025\/CV_FMLE_EN\/CV site_UMFST_En_Macarie Ioan.pdf\" data-wplink-url-error=\"true\">CV<\/a><br \/>Senior Lecturer Petri\u0219or Marius \u2013 <a href=\"https:\/\/www.umfst.ro\/fileadmin\/f_medicina_engleza\/cadre_didactice\/2025\/CV_FMLE_EN\/CV site_UMFST_En_Petrisor Marius.pdf\" data-wplink-url-error=\"true\">CV<\/a><br \/>Senior Lecturer Chi\u0219 Monica \u2013 <a href=\"https:\/\/www.umfst.ro\/fileadmin\/f_medicina_engleza\/cadre_didactice\/2025\/CV_FMLE_EN\/CV site_UMFST_En_Chis Monica.pdf\" data-wplink-url-error=\"true\">CV<\/a><br \/>Senior Lecturer \u0218incu-Bodnar Nina-Ioana \u2013 <a href=\"https:\/\/www.umfst.ro\/fileadmin\/f_medicina_engleza\/cadre_didactice\/2025\/CV_FMLE_EN\/CV site_UMFST_En_Bodnar Nina-Ioana.pdf\">CV<\/a><br \/>Senior Lecturer Macarie Melania \u2013 <a href=\"https:\/\/www.umfst.ro\/fileadmin\/f_medicina_engleza\/cadre_didactice\/2025\/CV_FMLE_EN\/CV site_UMFST_En_Macarie Melania.pdf\" data-wplink-url-error=\"true\">CV<\/a><br \/>Senior Lecturer Vultur Florina \u2013 <a href=\"https:\/\/www.umfst.ro\/fileadmin\/f_medicina_engleza\/cadre_didactice\/2025\/CV_FMLE_EN\/CV site_UMFST_En_Vultur Florina.pdf\" data-wplink-url-error=\"true\">CV<\/a><br \/>Senior Lecturer Derzsi Zolt\u00e1n \u2013 <a href=\"https:\/\/www.umfst.ro\/fileadmin\/f_medicina_engleza\/cadre_didactice\/2025\/CV_FMLE_EN\/CV site_UMFST_En_Derzsi Zoltan.pdf\" data-wplink-url-error=\"true\">CV<\/a><br \/>Senior Lecturer Stoica Mihai Ciprian \u2013 <a href=\"https:\/\/www.umfst.ro\/fileadmin\/f_medicina_engleza\/cadre_didactice\/2025\/CV_FMLE_EN\/CV site_UMFST_En_Stoica Mihai Ciprian.pdf\" data-wplink-url-error=\"true\">CV<\/a><br \/>Senior Lecturer Borz Oliviu-Cristian \u2013 <a href=\"https:\/\/www.umfst.ro\/fileadmin\/f_medicina_engleza\/cadre_didactice\/2025\/CV_FMLE_EN\/CV site_UMFST_En_Borz Oliviu Cristian.pdf\" data-wplink-url-error=\"true\">CV<\/a><br \/>Senior Lecturer Chinezu Rares \u2013 <a href=\"https:\/\/www.umfst.ro\/fileadmin\/f_medicina_engleza\/cadre_didactice\/2025\/CV_FMLE_EN\/CV site_UMFST_En_Chinezu Rares.pdf\" data-wplink-url-error=\"true\">CV<\/a><br \/>Senior Lecturer Bauer Orsolya \u2013 <a href=\"https:\/\/www.umfst.ro\/fileadmin\/f_medicina_engleza\/cadre_didactice\/2025\/CV_FMLE_EN\/CV site_UMFST_En_Bauer Orsolya.pdf\" data-wplink-url-error=\"true\">CV<\/a><br \/>Senior Lecturer Todea-Moga Ciprian-Doru \u2013 <a href=\"https:\/\/www.umfst.ro\/fileadmin\/f_medicina_engleza\/cadre_didactice\/2025\/CV_FMLE_EN\/CV site_UMFST_En_Todea-Moga Ciprian.pdf\" data-wplink-url-error=\"true\">CV<\/a><br \/>Senior Lecturer S\u0103s\u0103ran Maria-Oana \u2013 <a href=\"https:\/\/www.umfst.ro\/fileadmin\/f_medicina_engleza\/cadre_didactice\/2025\/CV_FMLE_EN\/CV site_UMFST_En_Sasaran Maria Oana.pdf\" data-wplink-url-error=\"true\">CV<\/a><br \/>Senior Lecturer S\u0103s\u0103ran Vl\u0103du\u021b-Bogdan \u2013 <a href=\"https:\/\/www.umfst.ro\/fileadmin\/f_medicina_engleza\/cadre_didactice\/2025\/CV_FMLE_EN\/CV site_UMFST_En_Sasaran Vladut Stefan Bogdan.pdf\" data-wplink-url-error=\"true\">CV<\/a><br \/>Senior Lecturer Andone Adina-Maria \u2013 <a href=\"https:\/\/www.umfst.ro\/fileadmin\/f_medicina_engleza\/cadre_didactice\/2025\/CV_FMLE_EN\/CV site_UMFST_En_Andone Adina.pdf\" data-wplink-url-error=\"true\">CV<\/a><br \/>Senior Lecturer Kadar Zoltan Szabolcs \u2013 <a href=\"https:\/\/www.umfst.ro\/fileadmin\/f_medicina_engleza\/cadre_didactice\/2025\/CV_FMLE_EN\/CV site_UMFST_En_Kadar_Zoltan_Szabolcs.pdf\" data-wplink-url-error=\"true\">CV<\/a><br \/>Senior Lecturer Tru\u021ba Teodora-Sorana \u2013 <a href=\"https:\/\/www.umfst.ro\/fileadmin\/f_medicina_engleza\/cadre_didactice\/2025\/CV_FMLE_EN\/CV site_UMFST_En_Truta Teodora Sorana.pdf\" data-wplink-url-error=\"true\">CV<\/a><br \/>Senior Lecturer Tiuca Oana Mirela \u2013 CV<br \/>Assistant Dorgo Monica-Leti\u021bia, MD, PhD \u2013 <a href=\"https:\/\/www.umfst.ro\/fileadmin\/f_medicina_engleza\/cadre_didactice\/2025\/CV_FMLE_EN\/CV site_UMFST_En_Dorgo Monica.pdf\" data-wplink-url-error=\"true\">CV<\/a><br \/>Assistant Man Lidia, MD, PhD \u2013 <a href=\"https:\/\/www.umfst.ro\/fileadmin\/f_medicina_engleza\/cadre_didactice\/2025\/CV_FMLE_EN\/CV site_UMFST_En_Man Lidia.pdf\" data-wplink-url-error=\"true\">CV<\/a><br \/>Assistant Dobra Alexandra Mihaela, MD, PhD \u2013 <a href=\"https:\/\/www.umfst.ro\/fileadmin\/f_medicina_engleza\/cadre_didactice\/2025\/CV_FMLE_EN\/CV site_UMFST_En_Tolescu-Dobra Alexandra-Mihaela.pdf\" data-wplink-url-error=\"true\">CV<\/a><br \/>Assistant Pantea Cristina Monica, MD, PhD \u2013 <a href=\"https:\/\/www.umfst.ro\/fileadmin\/f_medicina_engleza\/cadre_didactice\/2025\/CV_FMLE_EN\/CV site_UMFST_En_Pantea Monica.pdf\" data-wplink-url-error=\"true\">CV<\/a><br \/>Assistant B\u0103rcu\u021bean Laura-Iulia, MD, PhD \u2013 <a href=\"https:\/\/www.umfst.ro\/fileadmin\/f_medicina_engleza\/cadre_didactice\/2025\/CV_FMLE_EN\/CV site_UMFST_En_Barcutean Laura Iulia.pdf\" data-wplink-url-error=\"true\">CV<\/a><br \/>Assistant Botoncea Marian, MD, PhD \u2013 <a href=\"https:\/\/www.umfst.ro\/fileadmin\/f_medicina_engleza\/cadre_didactice\/2025\/CV_FMLE_EN\/CV site_UMFST_En_Botoncea Marian.pdf\" data-wplink-url-error=\"true\">CV<\/a><br \/>Assistant Butiurc\u0103 Vlad Olimpiu, MD, PhD \u2013 <a href=\"https:\/\/www.umfst.ro\/fileadmin\/f_medicina_engleza\/cadre_didactice\/2025\/CV_FMLE_EN\/CV site_UMFST_En_Butiurca_Vlad.pdf\" data-wplink-url-error=\"true\">CV<\/a><br \/>Assistant Mocian Ioan Flavius, MD, PhD \u2013\u00a0 <a href=\"https:\/\/www.umfst.ro\/fileadmin\/f_medicina_engleza\/cadre_didactice\/2025\/CV_FMLE_EN\/CV site_UMFST_En_Mocian Flavius.pdf\" data-wplink-url-error=\"true\">CV<\/a><br \/>Assistant Suciu Nicolae, MD, PhD \u2013 <a href=\"https:\/\/www.umfst.ro\/fileadmin\/f_medicina_engleza\/cadre_didactice\/2025\/CV_FMLE_EN\/CV site_UMFST_En_Suciu Nicolae Emil.pdf\" data-wplink-url-error=\"true\">CV<\/a><br \/>Assistant Suciu Claudia-Floriana, MD, PhD \u2013 <a href=\"https:\/\/www.umfst.ro\/fileadmin\/f_medicina_engleza\/cadre_didactice\/2025\/CV_FMLE_EN\/CV site_UMFST_En_Suciu Claudia Floriana.pdf\" data-wplink-url-error=\"true\">CV<\/a><br \/>Assistant Fofiu Crina, MD, PhD \u2013 <a href=\"https:\/\/www.umfst.ro\/fileadmin\/f_medicina_engleza\/cadre_didactice\/2025\/CV_FMLE_EN\/CV site_UMFST_En_Fofiu Crina Stefania.pdf\" data-wplink-url-error=\"true\">CV<\/a><br \/>Assistant B\u0103nceu Cosmin, MD, PhD \u2013 <a href=\"https:\/\/www.umfst.ro\/fileadmin\/f_medicina_engleza\/cadre_didactice\/2025\/CV_FMLE_EN\/CV site_UMFST_En_Banceu Cosmin.pdf\" data-wplink-url-error=\"true\">CV<\/a><br \/>Assistant Branea Oana-Elena, MD, PhD \u2013 <a href=\"https:\/\/www.umfst.ro\/fileadmin\/f_medicina_engleza\/cadre_didactice\/2025\/CV_FMLE_EN\/CV site_UMFST_En_Branea Oana.pdf\" data-wplink-url-error=\"true\">CV<\/a><br \/>Assistant Tiuc\u0103 Robert-Aurelian, MD, PhD \u2013 <a href=\"https:\/\/www.umfst.ro\/fileadmin\/f_medicina_engleza\/cadre_didactice\/2025\/CV_FMLE_EN\/CV site_UMFST_En_Tiuca Robert.pdf\" data-wplink-url-error=\"true\">CV<\/a><br \/>Assistant Muntean Mihai, MD, PhD \u2013 <a href=\"https:\/\/www.umfst.ro\/fileadmin\/f_medicina_engleza\/cadre_didactice\/2025\/CV_FMLE_EN\/CV site_UMFST_En_Muntean Mihai.pdf\" data-wplink-url-error=\"true\">CV<\/a><br \/>Assistant Moldovan Flaviu, MD, PhD \u2013 <a href=\"https:\/\/www.umfst.ro\/fileadmin\/f_medicina_engleza\/cadre_didactice\/2025\/CV_FMLE_EN\/CV site_UMFST_En_Moldovan_Flaviu.pdf\" data-wplink-url-error=\"true\">CV<\/a><br \/>Assistant Murariu Ema Eugenia, MD, PhD \u2013 <a href=\"https:\/\/www.umfst.ro\/fileadmin\/f_medicina_engleza\/cadre_didactice\/2025\/CV_FMLE_EN\/CV site_UMFST_En_Murariu Emma.pdf\" data-wplink-url-error=\"true\">CV<\/a><br \/>Assistant Popescu Daniela-Manuela, MD, PhD \u2013 <a href=\"https:\/\/www.umfst.ro\/fileadmin\/f_medicina_engleza\/cadre_didactice\/2025\/CV_FMLE_EN\/CV site_UMFST_En_Popescu Daniela Manuela.pdf\" data-wplink-url-error=\"true\">CV<\/a><br \/>Assistant Andone Razvan Sebastian, MD, PhD \u2013 <a href=\"https:\/\/www.umfst.ro\/fileadmin\/f_medicina_engleza\/cadre_didactice\/2025\/CV_FMLE_EN\/CV site_UMFST_En_Andone Sebastian.pdf\" data-wplink-url-error=\"true\">CV<\/a><br \/>Assistant Cristescu Liviu, MD, PhD \u2013 <a href=\"https:\/\/www.umfst.ro\/fileadmin\/f_medicina_engleza\/cadre_didactice\/ME2\/Cristescu_Liviu_CV_Ro.pdf\">CV<\/a><br \/>Assistant Modiga Andrei, MD, PhD \u2013 <a href=\"https:\/\/www.umfst.ro\/fileadmin\/f_medicina_engleza\/cadre_didactice\/2025\/CV_FMLE_EN\/CV site_UMFST_En_Modiga Andrei.pdf\" data-wplink-url-error=\"true\">CV<\/a><br \/>Assistant Gherasim Raul Dumitru, MD, PhD \u2013 <a href=\"https:\/\/www.umfst.ro\/fileadmin\/f_medicina_engleza\/cadre_didactice\/2025\/CV_FMLE_EN\/CV site_UMFST_En_Gherasim Raul-Dumitru.pdf\" data-wplink-url-error=\"true\">CV<\/a><br \/>Assistant T\u0103ma\u0219 Corina, MD, PhD \u2013 <a href=\"https:\/\/www.umfst.ro\/fileadmin\/f_medicina_engleza\/cadre_didactice\/2025\/CV_FMLE_EN\/CV site_UMFST_En_Tamas Corina.pdf\" data-wplink-url-error=\"true\">CV<\/a><br \/>Assistant Anciuc-Crauciuc M\u0103d\u0103lina, MD, PhD \u2013 <a href=\"https:\/\/www.umfst.ro\/fileadmin\/f_medicina_engleza\/cadre_didactice\/2025\/CV_FMLE_EN\/CV site_UMFST_En_Anciuc-Crauciuc Madalina.pdf\" data-wplink-url-error=\"true\">CV<\/a><br \/>Assistant Racean Andreea, MD, PhD \u2013 <a href=\"https:\/\/www.umfst.ro\/fileadmin\/f_medicina_engleza\/cadre_didactice\/2025\/CV_FMLE_EN\/CV site_UMFST_En_Racean Maria-Andreea.pdf\" data-wplink-url-error=\"true\">CV<\/a><br \/>Assistant Marchean Horia, MD, PhD \u2013 <a href=\"https:\/\/www.umfst.ro\/fileadmin\/f_medicina_engleza\/cadre_didactice\/2025\/CV_FMLE_EN\/CV site_UMFST_En_Marchean Horia.pdf\" data-wplink-url-error=\"true\">CV<\/a><br \/>Assistant Bu\u021biu Otilia-Rodica, MD, PhD \u2013 <a href=\"https:\/\/www.umfst.ro\/fileadmin\/f_medicina_engleza\/cadre_didactice\/2025\/CV_FMLE_EN\/CV site_UMFST_En_Butiu Otilia.pdf\" data-wplink-url-error=\"true\">CV<\/a><br \/>Assistant Fleseriu Tudor, MD, PhD \u2013 <a href=\"https:\/\/www.umfst.ro\/fileadmin\/f_medicina_engleza\/cadre_didactice\/2025\/CV_FMLE_EN\/CV site_UMFST_En_Fleseriu Tudor.pdf\" data-wplink-url-error=\"true\">CV<\/a><br \/>Assistant Mare\u0219 Cristina, MD, PhD \u2013 <a href=\"https:\/\/www.umfst.ro\/fileadmin\/f_medicina_engleza\/cadre_didactice\/2025\/CV_FMLE_EN\/CV site_UMFST_En_Mares Roxana Cristina.pdf\" data-wplink-url-error=\"true\">CV<\/a><br \/>Assistant Matei Lavinia Andrada, MD, PhD \u2013 <a href=\"https:\/\/www.umfst.ro\/fileadmin\/f_medicina_engleza\/cadre_didactice\/2025\/CV_FMLE_EN\/CV site_UMFST_En_Matei Lavinia Andrada.pdf\" data-wplink-url-error=\"true\">CV<\/a><br \/>Assistant Vultur Mara Andreea, MD, PhD \u2013 <a href=\"https:\/\/www.umfst.ro\/fileadmin\/f_medicina_engleza\/cadre_didactice\/2025\/CV_FMLE_EN\/CV site_UMFST_En_Vultur Mara Andreea.pdf\" data-wplink-url-error=\"true\">CV<\/a><br \/>Assistant Moldovan Andreea Diana, MD, PhD \u2013 <a href=\"https:\/\/www.umfst.ro\/fileadmin\/f_medicina_engleza\/cadre_didactice\/2025\/CV_FMLE_EN\/CV site_UMFST_En_Moldovan Diana-Andreea.pdf\" data-wplink-url-error=\"true\">CV<\/a><br \/>Assistant Stoica Andreea-Bianca, MD, PhD \u2013 <a href=\"https:\/\/www.umfst.ro\/fileadmin\/f_medicina_engleza\/cadre_didactice\/2025\/CV_FMLE_EN\/CV site_UMFST_En_Stoica Andreea Bianca.pdf\" data-wplink-url-error=\"true\">CV<\/a><br \/>Assistant Rezm\u00fcves Maria-Gabriela, MD, PhD \u2013 <a href=\"https:\/\/www.umfst.ro\/fileadmin\/f_medicina_engleza\/cadre_didactice\/2025\/CV_FMLE_EN\/CV site_UMFST_EN_Rezmuves Maria Gabriela.pdf\" data-wplink-url-error=\"true\">CV<\/a><br \/>Assistant Filip Ana Maria, MD, PhD \u2013 <a href=\"https:\/\/www.umfst.ro\/fileadmin\/f_medicina_engleza\/cadre_didactice\/2025\/CV_FMLE_EN\/CV_UMF_EN_Filip_Ana_Maria .pdf\">CV<\/a><br \/>Assistant Iancu Daniela, MD, PhD \u2013 <a href=\"https:\/\/www.umfst.ro\/fileadmin\/f_medicina_engleza\/cadre_didactice\/2025\/CV_FMLE_EN\/CV_Iancu Daniela_ Eng.pdf\" data-wplink-url-error=\"true\">CV<\/a><br \/>Assistant Huma Lauren\u021biu \u2013 <a href=\"https:\/\/www.umfst.ro\/fileadmin\/f_medicina_engleza\/cadre_didactice\/2025\/CV_FMLE_EN\/CV_site_UMFST_En_Huma_Laurentiu.pdf\" data-wplink-url-error=\"true\">CV<\/a><br \/>Assistant \u0218uteu Radu-Adrian \u2013 <a href=\"https:\/\/www.umfst.ro\/fileadmin\/f_medicina_engleza\/cadre_didactice\/2025\/CV_FMLE_EN\/CV_site_UMFST_En_Suteu_Radu_Adrian.pdf\">CV<\/a><\/p>\t\t\t\t\t\t\t\t<\/div>\n\t\t\t\t<\/div>\n\t\t\t\t\t<\/div>\n\t\t<\/div>\n\t\t\t\t\t<\/div>\n\t\t<\/section>\n\t\t<!-- dce invisible element 6746fa4 -->\t\t<\/div>","protected":false},"excerpt":{"rendered":"<p>Membrii departamentului ME2 Director: Prof. univ. dr. Tilinca Mariana-Cornelia \u2013 CV Membrii Consiliul Departamentului: Prof. univ. dr. Mure\u0219an Simona-Silviana \u2013 CVProf. univ. dr. B\u0103la\u0219a Rodica-Ioana \u2013 CVProf. univ. dr. Pa\u0219canu Maria-Ionela \u2013 CVProf. univ. dr. Muntean Carmen-Viorica \u2013 CVProf. univ. dr. Porav-Hodade Daniel \u2013 CVProf. univ. dr. Varga Andreea \u2013 CVConf. univ. dr. Russu Eliza [&hellip;]<\/p>\n","protected":false},"author":4,"featured_media":0,"parent":51,"menu_order":0,"comment_status":"closed","ping_status":"closed","template":"","meta":{"_relevanssi_hide_post":"","_relevanssi_hide_content":"","_relevanssi_pin_for_all":"","_relevanssi_pin_keywords":"","_relevanssi_unpin_keywords":"","_relevanssi_related_keywords":"","_relevanssi_related_include_ids":"","_relevanssi_related_exclude_ids":"","_relevanssi_related_no_append":"","_relevanssi_related_not_related":"","_relevanssi_related_posts":"1","_relevanssi_noindex_reason":"","footnotes":""},"categories":[12,31],"tags":[],"class_list":["post-55","page","type-page","status-publish","hentry","category-pagina-cu-sidebar","category-pagina-departamente-si-discipline"],"meta_box":[],"_links":{"self":[{"href":"https:\/\/umfst.ro\/medicina-engleza\/en\/wp-json\/wp\/v2\/pages\/55","targetHints":{"allow":["GET"]}}],"collection":[{"href":"https:\/\/umfst.ro\/medicina-engleza\/en\/wp-json\/wp\/v2\/pages"}],"about":[{"href":"https:\/\/umfst.ro\/medicina-engleza\/en\/wp-json\/wp\/v2\/types\/page"}],"author":[{"embeddable":true,"href":"https:\/\/umfst.ro\/medicina-engleza\/en\/wp-json\/wp\/v2\/users\/4"}],"replies":[{"embeddable":true,"href":"https:\/\/umfst.ro\/medicina-engleza\/en\/wp-json\/wp\/v2\/comments?post=55"}],"version-history":[{"count":124,"href":"https:\/\/umfst.ro\/medicina-engleza\/en\/wp-json\/wp\/v2\/pages\/55\/revisions"}],"predecessor-version":[{"id":3250,"href":"https:\/\/umfst.ro\/medicina-engleza\/en\/wp-json\/wp\/v2\/pages\/55\/revisions\/3250"}],"up":[{"embeddable":true,"href":"https:\/\/umfst.ro\/medicina-engleza\/en\/wp-json\/wp\/v2\/pages\/51"}],"wp:attachment":[{"href":"https:\/\/umfst.ro\/medicina-engleza\/en\/wp-json\/wp\/v2\/media?parent=55"}],"wp:term":[{"taxonomy":"category","embeddable":true,"href":"https:\/\/umfst.ro\/medicina-engleza\/en\/wp-json\/wp\/v2\/categories?post=55"},{"taxonomy":"post_tag","embeddable":true,"href":"https:\/\/umfst.ro\/medicina-engleza\/en\/wp-json\/wp\/v2\/tags?post=55"}],"curies":[{"name":"wp","href":"https:\/\/api.w.org\/{rel}","templated":true}]}}