{"id":2988,"date":"2025-08-07T11:34:31","date_gmt":"2025-08-07T11:34:31","guid":{"rendered":"https:\/\/umfst.ro\/medicina-engleza\/?page_id=2988"},"modified":"2026-01-22T07:33:19","modified_gmt":"2026-01-22T07:33:19","slug":"structura-anului-universitar-2","status":"publish","type":"page","link":"https:\/\/umfst.ro\/medicina-engleza\/fr\/informatii-pentru-studenti\/campus-targu-mures\/structura-anului-universitar-2\/","title":{"rendered":"Informa\u021bii Generale"},"content":{"rendered":"<div data-elementor-type=\"wp-page\" data-elementor-id=\"2988\" class=\"elementor elementor-2988\" data-elementor-post-type=\"page\">\n\t\t\t\t\t\t<section class=\"elementor-section elementor-top-section elementor-element elementor-element-058718b elementor-section-boxed elementor-section-height-default elementor-section-height-default\" data-id=\"058718b\" data-element_type=\"section\" data-e-type=\"section\">\n\t\t\t\t\t\t<div class=\"elementor-container elementor-column-gap-default\">\n\t\t\t\t\t<div class=\"elementor-column elementor-col-100 elementor-top-column elementor-element elementor-element-e9b325d\" data-id=\"e9b325d\" data-element_type=\"column\" data-e-type=\"column\">\n\t\t\t<div class=\"elementor-widget-wrap elementor-element-populated\">\n\t\t\t\t\t\t<div class=\"elementor-element elementor-element-b32a2fa elementor-widget elementor-widget-text-editor\" data-id=\"b32a2fa\" data-element_type=\"widget\" data-e-type=\"widget\" data-widget_type=\"text-editor.default\">\n\t\t\t\t<div class=\"elementor-widget-container\">\n\t\t\t\t\t\t\t\t\t<h2 role=\"heading\" data-uw-rm-heading=\"level\">ANUN\u021a \u2013 TRANSFERURI PENTRU STUDEN\u021aI INTERNA\u021aIONALI<\/h2><p>Studen\u0163ii din alte universit\u0103\u0163i rom\u00e2ne\u015fti sau universit\u0103\u021bi interna\u021bionale recunoscute de Ministerul Educa\u0163iei \u015fi Cercet\u0103rii, care solicit\u0103 transfer \u00een cadrul programelor de studii din Facultatea de Medicin\u0103 \u00een Limba Englez\u0103 pentru anul academic\u00a0<strong>2026\/2027<\/strong> vor respecta calendarul \u0219i vor parcurge toate etapele descrise \u00een documentul <a href=\"https:\/\/umfst.ro\/fileadmin\/f_medicina_engleza\/anunturi\/2026\/TRANSFERS_FOR_INTERNATIONAL_STUDENTS_2026.pdf\" target=\"_blank\" rel=\"noopener\">Information-Transfers for International Students<\/a>\u00a0.<\/p>\t\t\t\t\t\t\t\t<\/div>\n\t\t\t\t<\/div>\n\t\t\t\t<div class=\"elementor-element elementor-element-35e2e0f elementor-widget elementor-widget-text-editor\" data-id=\"35e2e0f\" data-element_type=\"widget\" data-e-type=\"widget\" data-widget_type=\"text-editor.default\">\n\t\t\t\t<div class=\"elementor-widget-container\">\n\t\t\t\t\t\t\t\t\t<h2>ANUN\u021a \u2013 CERERI ECHIVALARE DE NOTE SI CREDITE<\/h2><p class=\" translation-block\">Cererile de echivalare de note si credite (ECTS) se vor depune la Decanatul Facult\u0103\u021bii de Medicin\u0103 \u00een Limba Englez\u0103 doar la \u00eenceputul anului universitar 2025\/2026, \u00een intervalul: <strong>22 septembrie 2025 \u2013 03 octombrie 2025<\/strong>. (indiferent dac\u0103 vizeaz\u0103 discipline din semestrul I sau II ale anului academic 2025\/2026). Solicit\u0103rile care se vor depune dup\u0103 aceast\u0103 dat\u0103 nu vor fi luate in considerare.<\/p>\t\t\t\t\t\t\t\t<\/div>\n\t\t\t\t<\/div>\n\t\t\t\t<div class=\"elementor-element elementor-element-e81f740 elementor-widget elementor-widget-text-editor\" data-id=\"e81f740\" data-element_type=\"widget\" data-e-type=\"widget\" data-widget_type=\"text-editor.default\">\n\t\t\t\t<div class=\"elementor-widget-container\">\n\t\t\t\t\t\t\t\t\t<h2>ANUN\u021a \u2013 CERERI REPETARE AN, RELUARE DE STUDII SI RE\u00ceNMATRICULARE\u00a0<\/h2><p class=\" translation-block\">Cererile pentru repetarea anului de studii, re\u00eenmatricularea \u015fi\/sau reluarea de studii din \u00eentrerupere, aferente anului universitar <strong>2025\/2026<\/strong> se vor depune la Decanatul Facult\u0103\u021bii de Medicin\u0103 Limba Englez\u0103 p\u00e2n\u0103 la data de <strong>12 septembrie 2025<\/strong>. Dup\u0103 aceast\u0103 dat\u0103 nu se mai primesc cereri.<\/p>\t\t\t\t\t\t\t\t<\/div>\n\t\t\t\t<\/div>\n\t\t\t\t\t<\/div>\n\t\t<\/div>\n\t\t\t\t\t<\/div>\n\t\t<\/section>\n\t\t\t\t<\/div>","protected":false},"excerpt":{"rendered":"<p>ANUN\u021a \u2013 TRANSFERURI PENTRU STUDEN\u021aI INTERNA\u021aIONALI Studen\u0163ii din alte universit\u0103\u0163i rom\u00e2ne\u015fti sau universit\u0103\u021bi interna\u021bionale recunoscute de Ministerul Educa\u0163iei \u015fi Cercet\u0103rii, care solicit\u0103 transfer \u00een cadrul programelor de studii din Facultatea de Medicin\u0103 \u00een Limba Englez\u0103 pentru anul academic\u00a02026\/2027 vor respecta calendarul \u0219i vor parcurge toate etapele descrise \u00een documentul Information-Transfers for International Students\u00a0. ANUN\u021a \u2013 [&hellip;]<\/p>\n","protected":false},"author":19,"featured_media":0,"parent":2739,"menu_order":-20,"comment_status":"closed","ping_status":"closed","template":"","meta":{"_relevanssi_hide_post":"","_relevanssi_hide_content":"","_relevanssi_pin_for_all":"","_relevanssi_pin_keywords":"","_relevanssi_unpin_keywords":"","_relevanssi_related_keywords":"","_relevanssi_related_include_ids":"","_relevanssi_related_exclude_ids":"","_relevanssi_related_no_append":"","_relevanssi_related_not_related":"","_relevanssi_related_posts":"2193,2241,2096,158,2403,2100","_relevanssi_noindex_reason":"","footnotes":""},"categories":[12,1],"tags":[],"class_list":["post-2988","page","type-page","status-publish","hentry","category-pagina-cu-sidebar","category-uncategorized"],"meta_box":[],"_links":{"self":[{"href":"https:\/\/umfst.ro\/medicina-engleza\/fr\/wp-json\/wp\/v2\/pages\/2988","targetHints":{"allow":["GET"]}}],"collection":[{"href":"https:\/\/umfst.ro\/medicina-engleza\/fr\/wp-json\/wp\/v2\/pages"}],"about":[{"href":"https:\/\/umfst.ro\/medicina-engleza\/fr\/wp-json\/wp\/v2\/types\/page"}],"author":[{"embeddable":true,"href":"https:\/\/umfst.ro\/medicina-engleza\/fr\/wp-json\/wp\/v2\/users\/19"}],"replies":[{"embeddable":true,"href":"https:\/\/umfst.ro\/medicina-engleza\/fr\/wp-json\/wp\/v2\/comments?post=2988"}],"version-history":[{"count":13,"href":"https:\/\/umfst.ro\/medicina-engleza\/fr\/wp-json\/wp\/v2\/pages\/2988\/revisions"}],"predecessor-version":[{"id":3161,"href":"https:\/\/umfst.ro\/medicina-engleza\/fr\/wp-json\/wp\/v2\/pages\/2988\/revisions\/3161"}],"up":[{"embeddable":true,"href":"https:\/\/umfst.ro\/medicina-engleza\/fr\/wp-json\/wp\/v2\/pages\/2739"}],"wp:attachment":[{"href":"https:\/\/umfst.ro\/medicina-engleza\/fr\/wp-json\/wp\/v2\/media?parent=2988"}],"wp:term":[{"taxonomy":"category","embeddable":true,"href":"https:\/\/umfst.ro\/medicina-engleza\/fr\/wp-json\/wp\/v2\/categories?post=2988"},{"taxonomy":"post_tag","embeddable":true,"href":"https:\/\/umfst.ro\/medicina-engleza\/fr\/wp-json\/wp\/v2\/tags?post=2988"}],"curies":[{"name":"wp","href":"https:\/\/api.w.org\/{rel}","templated":true}]}}