{"id":3120,"date":"2025-12-22T07:29:30","date_gmt":"2025-12-22T07:29:30","guid":{"rendered":"https:\/\/umfst.ro\/medicina-engleza\/?page_id=3120"},"modified":"2026-04-24T07:31:36","modified_gmt":"2026-04-24T07:31:36","slug":"admitere-2026","status":"publish","type":"page","link":"https:\/\/umfst.ro\/medicina-engleza\/fr\/admitere-2026\/","title":{"rendered":"Admission 2026"},"content":{"rendered":"<div data-elementor-type=\"wp-page\" data-elementor-id=\"3120\" class=\"elementor elementor-3120\" data-elementor-post-type=\"page\">\n\t\t\t\t\t\t<section class=\"elementor-section elementor-top-section elementor-element elementor-element-6b96d00 elementor-section-boxed elementor-section-height-default elementor-section-height-default\" data-id=\"6b96d00\" data-element_type=\"section\" data-e-type=\"section\">\n\t\t\t\t\t\t<div class=\"elementor-container elementor-column-gap-default\">\n\t\t\t\t\t<div class=\"elementor-column elementor-col-100 elementor-top-column elementor-element elementor-element-52f8092\" data-id=\"52f8092\" data-element_type=\"column\" data-e-type=\"column\">\n\t\t\t<div class=\"elementor-widget-wrap elementor-element-populated\">\n\t\t\t\t\t\t<div class=\"elementor-element elementor-element-a6c3384 elementor-widget elementor-widget-text-editor\" data-id=\"a6c3384\" data-element_type=\"widget\" data-e-type=\"widget\" data-no-translation=\"\" data-widget_type=\"text-editor.default\">\n\t\t\t\t<div class=\"elementor-widget-container\">\n\t\t\t\t\t\t\t\t\t<h2><strong>Facult\u00e9 d&#8217;\u00e9tudes m\u00e9dicales internationales (Faculty of International Medical Studies) \u2013 des valeurs multiculturelles au c\u0153ur d&#8217;un mod\u00e8le de r\u00e9ussite<\/strong><\/h2><p><a href=\"https:\/\/umfst.ro\/medicina-engleza\/fr\/admitere-2026\/admission-2026-2027-medicine-in-english\/\">Admission 2026-2027: M\u00e9decine en Anglais<\/a><\/p><p><a href=\"https:\/\/umfst.ro\/medicina-engleza\/fr\/admitere-2026\/admission-2026-2027-medicine-in-french\/\">Admission 2026-2027: M\u00e9decine en Fran\u00e7ais<\/a><\/p><p><a href=\"https:\/\/umfst.ro\/medicina-engleza\/fr\/admitere-2026\/admitere-2026-2027-program-de-masterat-multimodal-imaging-techniques-in-medicine\/\">Admission 2026-2027: Programme de Master Multimodal Imaging Techniques in Medicine<\/a><\/p><p>La Facult\u00e9 d&#8217;\u00e9tudes m\u00e9dicales internationales (FIMS) respecte les normes acad\u00e9miques requises pour la formation de m\u00e9decins hautement qualifi\u00e9s. Actuellement, plus de 2 300 \u00e9tudiants issus de 105 pays, r\u00e9partis sur les cinq continents, poursuivent leurs \u00e9tudes sur les deux campus : celui de T\u00e2rgu-Mure\u0219 et celui de Hambourg, en Allemagne (UMCH). Cette ann\u00e9e, la facult\u00e9 proposera trois programmes de licence et deux programmes de master.<\/p><p><strong><br \/>Offre de formation \u2013 programmes de licence :<\/strong><\/p><ul><li><strong> M\u00e9decine en anglais \u2013 T\u00e2rgu Mure\u0219 (6 ans, en anglais)<\/strong><\/li><\/ul><p>L&#8217;universit\u00e9 organise des inscriptions en continu pour ce programme, avec quatre sessions d&#8217;entretiens qui se d\u00e9rouleront entre mars et septembre 2026.<\/p><p>Ce programme, dispens\u00e9 chaque ann\u00e9e en quatre modules d&#8217;enseignement, soutient le processus d&#8217;internationalisation de l&#8217;universit\u00e9, en offrant un environnement acad\u00e9mique interculturel qui allie tradition et innovation, ainsi que l&#8217;interaction humaine et l&#8217;utilisation optimale des technologies modernes.<\/p><p>L&#8217;enseignement m\u00e9dical centr\u00e9 sur l&#8217;\u00e9tudiant offre non seulement des connaissances th\u00e9oriques, mais aussi des comp\u00e9tences pratiques essentielles \u00e0 la formation d&#8217;un professionnel complet. Outre leur activit\u00e9 pratique au chevet des patients, les \u00e9tudiants b\u00e9n\u00e9ficient d&#8217;installations d&#8217;apprentissage modernes : des plateformes d&#8217;enseignement virtuel en 3D, des plateformes d&#8217;apprentissage en ligne et des centres de recherche o\u00f9 l&#8217;accent est mis sur l&#8217;int\u00e9gration des jeunes au sein d&#8217;\u00e9quipes d\u00e9j\u00e0 exp\u00e9riment\u00e9es dans ce domaine. La participation aux activit\u00e9s de recherche leur offre une base solide pour acc\u00e9der aux \u00e9tudes doctorales.<\/p><ul><li><strong>M\u00e9decine en anglais \u2013 Hambourg, Allemagne (6 ans, en anglais)<\/strong><\/li><\/ul><p>Sur le campus de Hambourg, les \u00e9tudiants b\u00e9n\u00e9ficient d&#8217;installations p\u00e9dagogiques ultramodernes ainsi que d&#8217;une formation clinique dispens\u00e9e dans plus de 30 \u00e9tablissements m\u00e9dicaux partenaires au sein de l&#8217;Union europ\u00e9enne (Allemagne, Espagne, Italie, Lituanie, Malte). L&#8217;enseignement virtuel en 3D, les plateformes d&#8217;apprentissage en ligne et les cours diffus\u00e9s en direct depuis des salles et des laboratoires de derni\u00e8re g\u00e9n\u00e9ration garantissent une formation des \u00e9tudiants r\u00e9pondant aux normes les plus \u00e9lev\u00e9es.<\/p><ul><li><strong> M\u00e9decine en fran\u00e7ais \u2013 T\u00e2rgu Mure\u0219 (6 ans, en fran\u00e7ais)<\/strong><\/li><\/ul><p>\u00c0 partir de l&#8217;ann\u00e9e universitaire 2026\/2027, l&#8217;offre \u00e9ducative de l&#8217;universit\u00e9 s&#8217;enrichira de 100 places pour ce programme (d\u00e9cision de l&#8217;ARACIS du 02\/04\/2026). L&#8217;a dmission \u00e0 ce programme se fait en continu, avec trois sessions d&#8217;entretiens qui se d\u00e9roulent entre juin et septembre 2026. Cette r\u00e9alisation marque une nouvelle \u00e9tape dans le renforcement de la dimension acad\u00e9mique internationale de l&#8217;UMFST et traduit concr\u00e8tement la strat\u00e9gie d&#8217;internationalisation adopt\u00e9e par l&#8217;universit\u00e9, \u00e0 travers la diversification des programmes d&#8217;\u00e9tudes et l&#8217;\u00e9largissement de son ouverture vers l&#8217;espace \u00e9ducatif europ\u00e9en et mondial.<\/p><p><strong>Offre de formation \u2013 programmes de master en anglais :<\/strong><\/p><ul><li>Advanced Medical &#8211; Pharmaceutical Scientific Research \/ Master en recherche scientifique avanc\u00e9e m\u00e9dico-pharmaceutique \u2013 1 an. Le programme favorise l&#8217;\u00e9tablissement d&#8217;un lien entre la th\u00e9orie, la recherche et la pratique, afin que la formation soit constamment adapt\u00e9e aux progr\u00e8s r\u00e9alis\u00e9s dans le domaine des soins de sant\u00e9. Il s&#8217;adresse aux jeunes chercheurs qui souhaitent poursuivre leurs \u00e9tudes doctorales et leurs activit\u00e9s de recherche<\/li><li>Multimodal Imaging Techniques in Medicine \/ Techniques d&#8217;imagerie multimodale en m\u00e9decine \u2013 programme de 2 ans. Ce nouveau programme de master s&#8217;adresse aux m\u00e9decins, ing\u00e9nieurs, bio-ing\u00e9nieurs, physiciens, infirmiers dipl\u00f4m\u00e9s de l&#8217;enseignement sup\u00e9rieur et \u00e0 toutes les personnes int\u00e9ress\u00e9es par l&#8217;intersection entre technologie et m\u00e9decine (traitement d&#8217;images m\u00e9dicales, intelligence artificielle en m\u00e9decine, syst\u00e8mes mat\u00e9riels\/logiciels de diagnostic).<\/li><\/ul>\t\t\t\t\t\t\t\t<\/div>\n\t\t\t\t<\/div>\n\t\t\t\t\t<\/div>\n\t\t<\/div>\n\t\t\t\t\t<\/div>\n\t\t<\/section>\n\t\t\t\t<\/div>","protected":false},"excerpt":{"rendered":"<p>Facult\u00e9 d&#8217;\u00e9tudes m\u00e9dicales internationales (Faculty of International Medical Studies) \u2013 des valeurs multiculturelles au c\u0153ur d&#8217;un mod\u00e8le de r\u00e9ussite Admission 2026-2027: M\u00e9decine en Anglais Admission 2026-2027: M\u00e9decine en Fran\u00e7ais Admission 2026-2027: Programme de Master Multimodal Imaging Techniques in Medicine La Facult\u00e9 d&#8217;\u00e9tudes m\u00e9dicales internationales (FIMS) respecte les normes acad\u00e9miques requises pour la formation de m\u00e9decins [&hellip;]<\/p>\n","protected":false},"author":25,"featured_media":0,"parent":0,"menu_order":3,"comment_status":"closed","ping_status":"closed","template":"","meta":{"_relevanssi_hide_post":"","_relevanssi_hide_content":"","_relevanssi_pin_for_all":"","_relevanssi_pin_keywords":"","_relevanssi_unpin_keywords":"","_relevanssi_related_keywords":"","_relevanssi_related_include_ids":"","_relevanssi_related_exclude_ids":"","_relevanssi_related_no_append":"","_relevanssi_related_not_related":"","_relevanssi_related_posts":"161,1996,2297,2260,2060,2088","_relevanssi_noindex_reason":"","footnotes":""},"categories":[12],"tags":[],"class_list":["post-3120","page","type-page","status-publish","hentry","category-pagina-cu-sidebar"],"meta_box":[],"_links":{"self":[{"href":"https:\/\/umfst.ro\/medicina-engleza\/fr\/wp-json\/wp\/v2\/pages\/3120","targetHints":{"allow":["GET"]}}],"collection":[{"href":"https:\/\/umfst.ro\/medicina-engleza\/fr\/wp-json\/wp\/v2\/pages"}],"about":[{"href":"https:\/\/umfst.ro\/medicina-engleza\/fr\/wp-json\/wp\/v2\/types\/page"}],"author":[{"embeddable":true,"href":"https:\/\/umfst.ro\/medicina-engleza\/fr\/wp-json\/wp\/v2\/users\/25"}],"replies":[{"embeddable":true,"href":"https:\/\/umfst.ro\/medicina-engleza\/fr\/wp-json\/wp\/v2\/comments?post=3120"}],"version-history":[{"count":127,"href":"https:\/\/umfst.ro\/medicina-engleza\/fr\/wp-json\/wp\/v2\/pages\/3120\/revisions"}],"predecessor-version":[{"id":3383,"href":"https:\/\/umfst.ro\/medicina-engleza\/fr\/wp-json\/wp\/v2\/pages\/3120\/revisions\/3383"}],"wp:attachment":[{"href":"https:\/\/umfst.ro\/medicina-engleza\/fr\/wp-json\/wp\/v2\/media?parent=3120"}],"wp:term":[{"taxonomy":"category","embeddable":true,"href":"https:\/\/umfst.ro\/medicina-engleza\/fr\/wp-json\/wp\/v2\/categories?post=3120"},{"taxonomy":"post_tag","embeddable":true,"href":"https:\/\/umfst.ro\/medicina-engleza\/fr\/wp-json\/wp\/v2\/tags?post=3120"}],"curies":[{"name":"wp","href":"https:\/\/api.w.org\/{rel}","templated":true}]}}