{"id":3349,"date":"2026-04-23T10:41:05","date_gmt":"2026-04-23T10:41:05","guid":{"rendered":"https:\/\/umfst.ro\/medicina-engleza\/?page_id=3349"},"modified":"2026-04-23T11:12:24","modified_gmt":"2026-04-23T11:12:24","slug":"admission-2026-2027-medicine-in-french","status":"publish","type":"page","link":"https:\/\/umfst.ro\/medicina-engleza\/fr\/admitere-2026\/admission-2026-2027-medicine-in-french\/","title":{"rendered":"Admission 2026-2027: M\u00e9decine en Fran\u00e7ais"},"content":{"rendered":"<div data-elementor-type=\"wp-page\" data-elementor-id=\"3349\" class=\"elementor elementor-3349\" data-elementor-post-type=\"page\">\n\t\t\t\t\t\t<section class=\"elementor-section elementor-top-section elementor-element elementor-element-243adfb elementor-section-boxed elementor-section-height-default elementor-section-height-default\" data-id=\"243adfb\" data-element_type=\"section\" data-e-type=\"section\">\n\t\t\t\t\t\t<div class=\"elementor-container elementor-column-gap-default\">\n\t\t\t\t\t<div class=\"elementor-column elementor-col-50 elementor-top-column elementor-element elementor-element-106d81a\" data-id=\"106d81a\" data-element_type=\"column\" data-e-type=\"column\">\n\t\t\t<div class=\"elementor-widget-wrap elementor-element-populated\">\n\t\t\t\t\t\t<div class=\"elementor-element elementor-element-1da6136 elementor-widget elementor-widget-text-editor\" data-id=\"1da6136\" data-element_type=\"widget\" data-e-type=\"widget\" data-widget_type=\"text-editor.default\">\n\t\t\t\t<div class=\"elementor-widget-container\">\n\t\t\t\t\t\t\t\t\t<h2>Admission 2026-2027<\/h2>\t\t\t\t\t\t\t\t<\/div>\n\t\t\t\t<\/div>\n\t\t\t\t\t<\/div>\n\t\t<\/div>\n\t\t\t\t<div class=\"elementor-column elementor-col-50 elementor-top-column elementor-element elementor-element-84a0c49\" data-id=\"84a0c49\" data-element_type=\"column\" data-e-type=\"column\">\n\t\t\t<div class=\"elementor-widget-wrap elementor-element-populated\">\n\t\t\t\t\t\t<div data-dce-title-color=\"#0F0F0F\" class=\"elementor-element elementor-element-f3ae44e elementor-view-framed elementor-position-inline-start elementor-shape-circle elementor-mobile-position-block-start elementor-widget elementor-widget-icon-box\" data-id=\"f3ae44e\" data-element_type=\"widget\" data-e-type=\"widget\" data-widget_type=\"icon-box.default\">\n\t\t\t\t<div class=\"elementor-widget-container\">\n\t\t\t\t\t\t\t<div class=\"elementor-icon-box-wrapper\">\n\n\t\t\t\t\t\t<div class=\"elementor-icon-box-icon\">\n\t\t\t\t<span  class=\"elementor-icon\">\n\t\t\t\t<i aria-hidden=\"true\" class=\"fas fa-circle\"><\/i>\t\t\t\t<\/span>\n\t\t\t<\/div>\n\t\t\t\n\t\t\t\t\t\t<div class=\"elementor-icon-box-content\">\n\n\t\t\t\t\t\t\t\t\t<h3 class=\"elementor-icon-box-title\">\n\t\t\t\t\t\t<span  >\n\t\t\t\t\t\t\tStatut d'admission\t\t\t\t\t\t<\/span>\n\t\t\t\t\t<\/h3>\n\t\t\t\t\n\t\t\t\t\t\t\t\t\t<p class=\"elementor-icon-box-description\">\n\t\t\t\t\t\tFERM\u00c9E\t\t\t\t\t<\/p>\n\t\t\t\t\n\t\t\t<\/div>\n\t\t\t\n\t\t<\/div>\n\t\t\t\t\t\t<\/div>\n\t\t\t\t<\/div>\n\t\t\t\t<div class=\"elementor-element elementor-element-ee0fe30 elementor-align-justify elementor-hidden-widescreen elementor-hidden-desktop elementor-hidden-tablet elementor-hidden-mobile elementor-widget elementor-widget-button\" data-id=\"ee0fe30\" data-element_type=\"widget\" data-e-type=\"widget\" data-widget_type=\"button.default\">\n\t\t\t\t<div class=\"elementor-widget-container\">\n\t\t\t\t\t\t\t\t\t<div class=\"elementor-button-wrapper\">\n\t\t\t\t\t<a class=\"elementor-button elementor-button-link elementor-size-sm\" href=\"https:\/\/admission.umfst.ro\/\">\n\t\t\t\t\t\t<span class=\"elementor-button-content-wrapper\">\n\t\t\t\t\t\t\t\t\t<span class=\"elementor-button-text\">Apply now<\/span>\n\t\t\t\t\t<\/span>\n\t\t\t\t\t<\/a>\n\t\t\t\t<\/div>\n\t\t\t\t\t\t\t\t<\/div>\n\t\t\t\t<\/div>\n\t\t\t\t\t<\/div>\n\t\t<\/div>\n\t\t\t\t\t<\/div>\n\t\t<\/section>\n\t\t\t\t<section class=\"elementor-section elementor-top-section elementor-element elementor-element-afb0503 elementor-section-boxed elementor-section-height-default elementor-section-height-default\" data-id=\"afb0503\" data-element_type=\"section\" data-e-type=\"section\">\n\t\t\t\t\t\t<div class=\"elementor-container elementor-column-gap-default\">\n\t\t\t\t\t<div class=\"elementor-column elementor-col-100 elementor-top-column elementor-element elementor-element-27a19ed\" data-id=\"27a19ed\" data-element_type=\"column\" data-e-type=\"column\">\n\t\t\t<div class=\"elementor-widget-wrap elementor-element-populated\">\n\t\t\t\t\t\t<div class=\"elementor-element elementor-element-94e1102 elementor-widget elementor-widget-text-editor\" data-id=\"94e1102\" data-element_type=\"widget\" data-e-type=\"widget\" data-widget_type=\"text-editor.default\">\n\t\t\t\t<div class=\"elementor-widget-container\">\n\t\t\t\t\t\t\t\t\t<p>Notre universit\u00e9 accueille les candidats internationaux \u00e0 ses programmes d&#8217;\u00e9tudes en m\u00e9decine. Nous sommes fiers de la diversit\u00e9 et du multiculturalisme de notre communaut\u00e9 universitaire.<\/p><p>En 2026, l&#8217;Universit\u00e9 de M\u00e9decine, Pharmacie, Sciences et Technologie George Emil Palade de T\u00e2rgu-Mure\u0219 propose une session d&#8217;admission continue du 4 mai 2026 au 25 ao\u00fbt 2026.<\/p><p>Avis important\u00a0: Le portail d\u2019admission est accessible du 4 mai 2026 au 25 ao\u00fbt 2026. Le d\u00e9p\u00f4t des dossiers de candidature est possible durant cette p\u00e9riode.<\/p><p>Les dossiers de candidature seront \u00e9valu\u00e9s progressivement, par ordre de r\u00e9ception, et les entretiens seront programm\u00e9s selon le calendrier \u00e9tabli. Toutes les places disponibles seront attribu\u00e9es en fonction de l&#8217;ordre de d\u00e9p\u00f4t et d&#8217;\u00e9valuation des dossiers.<\/p><p>Apr\u00e8s la publication des r\u00e9sultats, le candidat est tenu de fournir tous les documents requis pour l&#8217;obtention de sa lettre d&#8217;admission. Le non-respect de cette obligation, notamment le d\u00e9faut de fournir les documents requis dans le d\u00e9lai imparti (correspondant \u00e0 la date de l&#8217;entretien), peut entra\u00eener l&#8217;annulation de la confirmation d&#8217;admission.<\/p><p>Avis important\u00a0: Le d\u00e9canat se r\u00e9serve le droit de modifier les dates du calendrier d&#8217;admission en cas de circonstances exceptionnelles.<\/p><p>\u00a0<\/p><h4 style=\"text-align: left;\">Calendrier d&#8217;admission<\/h4><p>\u00a0<\/p><table border=\"1\" width=\"436\"><tbody><tr><td width=\"340\">\u00a0<\/td><td width=\"340\"><strong>Premi\u00e8re s\u00e9ance d&#8217;entretien<\/strong><\/td><\/tr><tr><td width=\"340\">Entretiens<\/td><td width=\"340\">du 15 Juin au 19 Juin<\/td><\/tr><tr><td width=\"340\">R\u00e9sultats<\/td><td width=\"340\">25 Juin<\/td><\/tr><tr><td width=\"340\">Date d&#8217;\u00e9ch\u00e9ance du d\u00e9p\u00f4t<\/td><td width=\"340\">09 Juillet<\/td><\/tr><tr><td width=\"340\">Date limite pour soumettre tous les documents requis pour obtenir la lettre d&#8217;acceptation aux \u00e9tudes<\/td><td width=\"340\">du 09 Juillet au 27 Juillet<\/td><\/tr><tr><td width=\"340\">Date limite pour la soumission des documents originaux<\/td><td width=\"340\">23 Septembre<\/td><\/tr><tr><td width=\"340\">\u00a0<\/td><td width=\"340\"><strong>Deuxi\u00e8me s\u00e9ance d&#8217;entretien<\/strong><\/td><\/tr><tr><td width=\"340\">Entretiens<\/td><td width=\"340\">du 28 Juillet au 30 Juillet<\/td><\/tr><tr><td width=\"340\">R\u00e9sultats<\/td><td width=\"340\">04 Ao\u00fbt<\/td><\/tr><tr><td width=\"340\">Date d&#8217;\u00e9ch\u00e9ance du d\u00e9p\u00f4t<\/td><td width=\"340\">11 Ao\u00fbt<\/td><\/tr><tr><td width=\"340\">Date limite pour soumettre tous les documents requis pour obtenir la lettre d&#8217;acceptation aux \u00e9tudes<\/td><td width=\"340\">du 01 Septembre au 07 Septembre<\/td><\/tr><tr><td width=\"340\">Date limite pour la soumission des documents originaux<\/td><td width=\"340\">23 Septembre<\/td><\/tr><tr><td width=\"340\">\u00a0<\/td><td width=\"340\"><strong>Troisi\u00e8me s\u00e9ance d&#8217;entretien<\/strong><\/td><\/tr><tr><td width=\"340\">Entretiens<\/td><td width=\"340\">du 01 Septembre au 04 Septembre<\/td><\/tr><tr><td width=\"340\">R\u00e9sultats<\/td><td width=\"340\">10 Septembre<\/td><\/tr><tr><td width=\"340\">Date d&#8217;\u00e9ch\u00e9ance du d\u00e9p\u00f4t<\/td><td width=\"340\">21 Septembre<\/td><\/tr><tr><td width=\"340\">Date limite pour soumettre tous les documents requis pour obtenir la lettre d&#8217;acceptation aux \u00e9tudes<\/td><td width=\"340\">23 Septembre<\/td><\/tr><tr><td width=\"340\">Date limite pour la soumission des documents originaux<\/td><td width=\"340\">23 Septembre<\/td><\/tr><\/tbody><\/table><h4>\u00a0<\/h4><p><strong>Frais de scolarit\u00e9<\/strong><\/p><p>Les frais de scolarit\u00e9 pour l&#8217;ann\u00e9e universitaire 2026-2027 s&#8217;\u00e9l\u00e8vent \u00e0 8\u00a0000\u00a0\u20ac. En cas d&#8217;admission ou d&#8217;admission conditionnelle, un acompte de 5\u00a0000\u00a0\u20ac est requis et sera d\u00e9duit des frais de scolarit\u00e9 de la premi\u00e8re ann\u00e9e.<\/p><p><strong>Important\u00a0: Cet acompte n&#8217;est pas remboursable.<\/strong><\/p>\t\t\t\t\t\t\t\t<\/div>\n\t\t\t\t<\/div>\n\t\t\t\t\t<\/div>\n\t\t<\/div>\n\t\t\t\t\t<\/div>\n\t\t<\/section>\n\t\t\t\t<\/div>","protected":false},"excerpt":{"rendered":"<p>Admission 2026-2027 Statut d&#8217;admission FERM\u00c9E Apply now Notre universit\u00e9 accueille les candidats internationaux \u00e0 ses programmes d&#8217;\u00e9tudes en m\u00e9decine. Nous sommes fiers de la diversit\u00e9 et du multiculturalisme de notre communaut\u00e9 universitaire. En 2026, l&#8217;Universit\u00e9 de M\u00e9decine, Pharmacie, Sciences et Technologie George Emil Palade de T\u00e2rgu-Mure\u0219 propose une session d&#8217;admission continue du 4 mai 2026 [&hellip;]<\/p>\n","protected":false},"author":25,"featured_media":0,"parent":3120,"menu_order":0,"comment_status":"closed","ping_status":"closed","template":"","meta":{"_relevanssi_hide_post":"","_relevanssi_hide_content":"","_relevanssi_pin_for_all":"","_relevanssi_pin_keywords":"","_relevanssi_unpin_keywords":"","_relevanssi_related_keywords":"","_relevanssi_related_include_ids":"","_relevanssi_related_exclude_ids":"","_relevanssi_related_no_append":"","_relevanssi_related_not_related":"","_relevanssi_related_posts":"161,2069,2403,2297,2081,159","_relevanssi_noindex_reason":"","footnotes":""},"categories":[12],"tags":[],"class_list":["post-3349","page","type-page","status-publish","hentry","category-pagina-cu-sidebar"],"meta_box":[],"_links":{"self":[{"href":"https:\/\/umfst.ro\/medicina-engleza\/fr\/wp-json\/wp\/v2\/pages\/3349","targetHints":{"allow":["GET"]}}],"collection":[{"href":"https:\/\/umfst.ro\/medicina-engleza\/fr\/wp-json\/wp\/v2\/pages"}],"about":[{"href":"https:\/\/umfst.ro\/medicina-engleza\/fr\/wp-json\/wp\/v2\/types\/page"}],"author":[{"embeddable":true,"href":"https:\/\/umfst.ro\/medicina-engleza\/fr\/wp-json\/wp\/v2\/users\/25"}],"replies":[{"embeddable":true,"href":"https:\/\/umfst.ro\/medicina-engleza\/fr\/wp-json\/wp\/v2\/comments?post=3349"}],"version-history":[{"count":7,"href":"https:\/\/umfst.ro\/medicina-engleza\/fr\/wp-json\/wp\/v2\/pages\/3349\/revisions"}],"predecessor-version":[{"id":3371,"href":"https:\/\/umfst.ro\/medicina-engleza\/fr\/wp-json\/wp\/v2\/pages\/3349\/revisions\/3371"}],"up":[{"embeddable":true,"href":"https:\/\/umfst.ro\/medicina-engleza\/fr\/wp-json\/wp\/v2\/pages\/3120"}],"wp:attachment":[{"href":"https:\/\/umfst.ro\/medicina-engleza\/fr\/wp-json\/wp\/v2\/media?parent=3349"}],"wp:term":[{"taxonomy":"category","embeddable":true,"href":"https:\/\/umfst.ro\/medicina-engleza\/fr\/wp-json\/wp\/v2\/categories?post=3349"},{"taxonomy":"post_tag","embeddable":true,"href":"https:\/\/umfst.ro\/medicina-engleza\/fr\/wp-json\/wp\/v2\/tags?post=3349"}],"curies":[{"name":"wp","href":"https:\/\/api.w.org\/{rel}","templated":true}]}}