{"id":40,"date":"2022-11-16T09:21:24","date_gmt":"2022-11-16T09:21:24","guid":{"rendered":"https:\/\/dev.umfst.ro\/medicina-engleza\/?page_id=40"},"modified":"2025-08-07T08:44:55","modified_gmt":"2025-08-07T08:44:55","slug":"conducerea-facultatii","status":"publish","type":"page","link":"https:\/\/umfst.ro\/medicina-engleza\/fr\/organizare\/conducerea-facultatii\/","title":{"rendered":"Conducerea Facult\u0103\u021bii de Medicin\u0103 \u00een Limba Englez\u0103"},"content":{"rendered":"<div data-elementor-type=\"wp-page\" data-elementor-id=\"40\" class=\"elementor elementor-40\" data-elementor-post-type=\"page\">\n\t\t\t\t\t\t<section class=\"elementor-section elementor-top-section elementor-element elementor-element-f0f9c20 elementor-section-boxed elementor-section-height-default elementor-section-height-default\" data-id=\"f0f9c20\" data-element_type=\"section\" data-e-type=\"section\">\n\t\t\t\t\t\t<div class=\"elementor-container elementor-column-gap-default\">\n\t\t\t\t\t<div class=\"elementor-column elementor-col-100 elementor-top-column elementor-element elementor-element-67eb84dd\" data-id=\"67eb84dd\" data-element_type=\"column\" data-e-type=\"column\">\n\t\t\t<div class=\"elementor-widget-wrap elementor-element-populated\">\n\t\t\t\t\t\t<div class=\"elementor-element elementor-element-13a1b604 elementor-widget__width-initial elementor-widget elementor-widget-text-editor\" data-id=\"13a1b604\" data-element_type=\"widget\" data-e-type=\"widget\" data-widget_type=\"text-editor.default\">\n\t\t\t\t<div class=\"elementor-widget-container\">\n\t\t\t\t\t\t\t\t\t<h2 class=\"wp-block-heading\" role=\"heading\" data-uw-rm-heading=\"level\">CONDUCEREA FACULT\u0102\u021aII DE MEDICIN\u0102 \u00ceN LIMBA ENGLEZ\u0102<\/h2>\n<p><!-- \/wp:heading --><\/p>\n<p><!-- wp:paragraph --><\/p>\n<p><strong>Decan <\/strong><br \/>Prof. univ. dr. Simona Gurzu-Prundaru<br \/>E-mail:\u00a0<a href=\"mailto:simona.gurzu@umfst.ro\">simona.gurzu@umfst.ro<\/a><\/p>\n<p><!-- \/wp:paragraph --><\/p>\n<p><!-- wp:paragraph --><\/p>\n<p><strong>Prodecan\u00a0<\/strong> <br \/>Prof. univ. dr. Anca Bac\u00e2rea<br \/>E-mail: <a href=\"mailto:anca.bacarea@umfst.ro\">anca.bacarea@umfst.ro<\/a><\/p>\n<p><strong><br \/>CAMPUS UMFST-UMCH, HAMBURG (GERMANIA)<\/strong><\/p>\n<p>Coordonator activitate Campus UMFST-UMCH, Hamburg (Germania)<br \/>Prorector \u2013 Prof. univ. dr. Simona-Silviana Mure\u0219an<br \/>E-mail: <a href=\"mailto:simona.muresan@umfst.ro\">simona.muresan@umfst.ro<\/a><\/p>\n<p><!-- \/wp:paragraph --><\/p>\n<p><!-- wp:paragraph --><\/p>\n<p><!-- \/wp:paragraph --><\/p>\t\t\t\t\t\t\t\t<\/div>\n\t\t\t\t<\/div>\n\t\t\t\t\t<\/div>\n\t\t<\/div>\n\t\t\t\t\t<\/div>\n\t\t<\/section>\n\t\t\t\t<section class=\"elementor-section elementor-top-section elementor-element elementor-element-66c92d8 elementor-section-boxed elementor-section-height-default elementor-section-height-default\" data-id=\"66c92d8\" data-element_type=\"section\" data-e-type=\"section\">\n\t\t\t\t\t\t<div class=\"elementor-container elementor-column-gap-default\">\n\t\t\t\t\t<div class=\"elementor-column elementor-col-100 elementor-top-column elementor-element elementor-element-46d8158\" data-id=\"46d8158\" data-element_type=\"column\" data-e-type=\"column\">\n\t\t\t<div class=\"elementor-widget-wrap elementor-element-populated\">\n\t\t\t\t\t\t<div data-dce-background-color=\"#2359B317\" class=\"elementor-element elementor-element-7a72ac1 elementor-widget__width-auto elementor-widget elementor-widget-button\" data-id=\"7a72ac1\" data-element_type=\"widget\" data-e-type=\"widget\" data-widget_type=\"button.default\">\n\t\t\t\t<div class=\"elementor-widget-container\">\n\t\t\t\t\t\t\t\t\t<div class=\"elementor-button-wrapper\">\n\t\t\t\t\t<a class=\"elementor-button elementor-button-link elementor-size-sm\" href=\"https:\/\/www.umfst.ro\/fileadmin\/f_medicina_engleza\/Organigrama%20FMLE.pdf\" target=\"_blank\">\n\t\t\t\t\t\t<span class=\"elementor-button-content-wrapper\">\n\t\t\t\t\t\t<span class=\"elementor-button-icon\">\n\t\t\t\t<i aria-hidden=\"true\" class=\"fas fa-file-pdf\"><\/i>\t\t\t<\/span>\n\t\t\t\t\t\t\t\t\t<span class=\"elementor-button-text\">Organigrama<\/span>\n\t\t\t\t\t<\/span>\n\t\t\t\t\t<\/a>\n\t\t\t\t<\/div>\n\t\t\t\t\t\t\t\t<\/div>\n\t\t\t\t<\/div>\n\t\t\t\t\t<\/div>\n\t\t<\/div>\n\t\t\t\t\t<\/div>\n\t\t<\/section>\n\t\t\t\t<\/div>","protected":false},"excerpt":{"rendered":"<p>CONDUCEREA FACULT\u0102\u021aII DE MEDICIN\u0102 \u00ceN LIMBA ENGLEZ\u0102 Decan Prof. univ. dr. Simona Gurzu-PrundaruE-mail:\u00a0simona.gurzu@umfst.ro Prodecan\u00a0 Prof. univ. dr. Anca Bac\u00e2reaE-mail: anca.bacarea@umfst.ro CAMPUS UMFST-UMCH, HAMBURG (GERMANIA) Coordonator activitate Campus UMFST-UMCH, Hamburg (Germania)Prorector \u2013 Prof. univ. dr. Simona-Silviana Mure\u0219anE-mail: simona.muresan@umfst.ro Organigrama<\/p>","protected":false},"author":4,"featured_media":0,"parent":36,"menu_order":0,"comment_status":"closed","ping_status":"closed","template":"","meta":{"_relevanssi_hide_post":"","_relevanssi_hide_content":"","_relevanssi_pin_for_all":"","_relevanssi_pin_keywords":"","_relevanssi_unpin_keywords":"","_relevanssi_related_keywords":"","_relevanssi_related_include_ids":"","_relevanssi_related_exclude_ids":"","_relevanssi_related_no_append":"","_relevanssi_related_not_related":"","_relevanssi_related_posts":"1","_relevanssi_noindex_reason":"","footnotes":""},"categories":[12],"tags":[],"class_list":["post-40","page","type-page","status-publish","hentry","category-pagina-cu-sidebar"],"meta_box":[],"_links":{"self":[{"href":"https:\/\/umfst.ro\/medicina-engleza\/fr\/wp-json\/wp\/v2\/pages\/40","targetHints":{"allow":["GET"]}}],"collection":[{"href":"https:\/\/umfst.ro\/medicina-engleza\/fr\/wp-json\/wp\/v2\/pages"}],"about":[{"href":"https:\/\/umfst.ro\/medicina-engleza\/fr\/wp-json\/wp\/v2\/types\/page"}],"author":[{"embeddable":true,"href":"https:\/\/umfst.ro\/medicina-engleza\/fr\/wp-json\/wp\/v2\/users\/4"}],"replies":[{"embeddable":true,"href":"https:\/\/umfst.ro\/medicina-engleza\/fr\/wp-json\/wp\/v2\/comments?post=40"}],"version-history":[{"count":38,"href":"https:\/\/umfst.ro\/medicina-engleza\/fr\/wp-json\/wp\/v2\/pages\/40\/revisions"}],"predecessor-version":[{"id":2981,"href":"https:\/\/umfst.ro\/medicina-engleza\/fr\/wp-json\/wp\/v2\/pages\/40\/revisions\/2981"}],"up":[{"embeddable":true,"href":"https:\/\/umfst.ro\/medicina-engleza\/fr\/wp-json\/wp\/v2\/pages\/36"}],"wp:attachment":[{"href":"https:\/\/umfst.ro\/medicina-engleza\/fr\/wp-json\/wp\/v2\/media?parent=40"}],"wp:term":[{"taxonomy":"category","embeddable":true,"href":"https:\/\/umfst.ro\/medicina-engleza\/fr\/wp-json\/wp\/v2\/categories?post=40"},{"taxonomy":"post_tag","embeddable":true,"href":"https:\/\/umfst.ro\/medicina-engleza\/fr\/wp-json\/wp\/v2\/tags?post=40"}],"curies":[{"name":"wp","href":"https:\/\/api.w.org\/{rel}","templated":true}]}}