{"id":71,"date":"2022-11-16T17:25:13","date_gmt":"2022-11-16T17:25:13","guid":{"rendered":"https:\/\/dev.umfst.ro\/medicina-engleza\/?page_id=71"},"modified":"2025-05-28T08:22:58","modified_gmt":"2025-05-28T08:22:58","slug":"eua-iep-evaluation","status":"publish","type":"page","link":"https:\/\/umfst.ro\/medicina-engleza\/fr\/oferta-educationala\/eua-iep-evaluation\/","title":{"rendered":"Evalu\u0103ri na\u021bionale \u0219i interna\u021bionale"},"content":{"rendered":"<div data-elementor-type=\"wp-page\" data-elementor-id=\"71\" class=\"elementor elementor-71\" data-elementor-post-type=\"page\">\n\t\t\t\t\t\t<section class=\"elementor-section elementor-top-section elementor-element elementor-element-1aa2e99 elementor-section-boxed elementor-section-height-default elementor-section-height-default\" data-id=\"1aa2e99\" data-element_type=\"section\" data-e-type=\"section\">\n\t\t\t\t\t\t<div class=\"elementor-container elementor-column-gap-default\">\n\t\t\t\t\t<div class=\"elementor-column elementor-col-100 elementor-top-column elementor-element elementor-element-baa8a49\" data-id=\"baa8a49\" data-element_type=\"column\" data-e-type=\"column\">\n\t\t\t<div class=\"elementor-widget-wrap elementor-element-populated\">\n\t\t\t\t\t\t<div class=\"elementor-element elementor-element-d9a995d elementor-widget elementor-widget-text-editor\" data-id=\"d9a995d\" data-element_type=\"widget\" data-e-type=\"widget\" data-widget_type=\"text-editor.default\">\n\t\t\t\t<div class=\"elementor-widget-container\">\n\t\t\t\t\t\t\t\t\t<p><strong>Evalu\u0103ri interna\u021bionale:<\/strong><\/p><p>Pe parcursul anului 2023 s-a derulat \u00een cadrul Facult\u0103\u021bii de Medicin\u0103 \u00een Limba Englez\u0103 procesul de acreditare interna\u021bional\u0103 pentru ambele programe de studiu, efectuat\u0103 de c\u0103tre IAAR (Independent Agency for Accreditation ad Rating), organiza\u021bie recunoscut\u0103 de c\u0103tre forul mondial &#8211; WFME ( World Federation of Medical Education).<\/p><p>Validarea interna\u021bional\u0103 a standardelor de calitate \u00een educa\u021bia medical\u0103 din cadrul institu\u021biei noastre s-a concretizat prin acreditarea pe o durat\u0103 maxim\u0103 de 5 ani a ambelor programe de studiu:<\/p><ul><li><a href=\"https:\/\/www.umfst.ro\/fileadmin\/f_medicina_engleza\/materiale\/iaar\/Certificat acreditare IAAR - Medicine in English (Targu Mures, Romania).pdf\" data-wplink-url-error=\"true\">Certificat acreditare IAAR &#8211; Medicine in English (Tg. Mures, Romania)<\/a><\/li><li><a href=\"https:\/\/www.umfst.ro\/fileadmin\/f_medicina_engleza\/materiale\/iaar\/Certificat acreditare IAAR - Medicine in English (Hamburg, Germany).pdf\" data-wplink-url-error=\"true\">Certificat acreditare IAAR &#8211; Medicine in English (Hamburg, Germany)<\/a><\/li><\/ul><p><strong><br \/><br \/>Evalu\u0103ri na\u021bionale:<\/strong><\/p><ul><li>Evaluare institu\u021bional\u0103 ARACIS, 2022:<\/li><\/ul><p><a href=\"https:\/\/www.aracis.ro\/ev_institutionala\/universitatea-de-medicina-farmacie-stiinte-si-tehnologie-george-emil-palade-din-targu-mures-2022\/\" target=\"_blank\" rel=\"noopener\">https:\/\/www.aracis.ro\/ev_institutionala\/universitatea-de-medicina-farmacie-stiinte-si-tehnologie-george-emil-palade-din-targu-mures-2022\/<\/a><\/p><ul><li>Evaluare program de studiu Medicin\u0103 \u00een limba englez\u0103 &#8211; Tg. Mure\u0219, 2022:<\/li><\/ul><p><a href=\"https:\/\/www.aracis.ro\/ev_institutionala\/universitatea-de-medicina-farmacie-stiinte-si-tehnologie-george-emil-palade-din-targu-mures-2022\/\" target=\"_blank\" rel=\"noopener\">https:\/\/www.aracis.ro\/ev_institutionala\/universitatea-de-medicina-farmacie-stiinte-si-tehnologie-george-emil-palade-din-targu-mures-2022\/<\/a><\/p><ul><li>Evaluare program de studiu Medicin\u0103 \u00een limba englez\u0103 &#8211; Hamburg (Germania), 2021:<\/li><\/ul><p><a href=\"https:\/\/www.aracis.ro\/evaluari_licenta\/medicina-in-limba-engleza-hamburg-germania-sp5694\/\" target=\"_blank\" rel=\"noopener\">https:\/\/www.aracis.ro\/evaluari_licenta\/medicina-in-limba-engleza-hamburg-germania-sp5694<strong>\/<\/strong><\/a><\/p>\t\t\t\t\t\t\t\t<\/div>\n\t\t\t\t<\/div>\n\t\t\t\t\t<\/div>\n\t\t<\/div>\n\t\t\t\t\t<\/div>\n\t\t<\/section>\n\t\t\t\t<\/div>","protected":false},"excerpt":{"rendered":"<p>Evalu\u0103ri interna\u021bionale: Pe parcursul anului 2023 s-a derulat \u00een cadrul Facult\u0103\u021bii de Medicin\u0103 \u00een Limba Englez\u0103 procesul de acreditare interna\u021bional\u0103 pentru ambele programe de studiu, efectuat\u0103 de c\u0103tre IAAR (Independent Agency for Accreditation ad Rating), organiza\u021bie recunoscut\u0103 de c\u0103tre forul mondial &#8211; WFME ( World Federation of Medical Education). Validarea interna\u021bional\u0103 a standardelor de calitate [&hellip;]<\/p>\n","protected":false},"author":4,"featured_media":0,"parent":57,"menu_order":0,"comment_status":"closed","ping_status":"closed","template":"","meta":{"_relevanssi_hide_post":"","_relevanssi_hide_content":"","_relevanssi_pin_for_all":"","_relevanssi_pin_keywords":"","_relevanssi_unpin_keywords":"","_relevanssi_related_keywords":"","_relevanssi_related_include_ids":"","_relevanssi_related_exclude_ids":"","_relevanssi_related_no_append":"","_relevanssi_related_not_related":"","_relevanssi_related_posts":"1","_relevanssi_noindex_reason":"","footnotes":""},"categories":[12],"tags":[],"class_list":["post-71","page","type-page","status-publish","hentry","category-pagina-cu-sidebar"],"meta_box":[],"_links":{"self":[{"href":"https:\/\/umfst.ro\/medicina-engleza\/fr\/wp-json\/wp\/v2\/pages\/71","targetHints":{"allow":["GET"]}}],"collection":[{"href":"https:\/\/umfst.ro\/medicina-engleza\/fr\/wp-json\/wp\/v2\/pages"}],"about":[{"href":"https:\/\/umfst.ro\/medicina-engleza\/fr\/wp-json\/wp\/v2\/types\/page"}],"author":[{"embeddable":true,"href":"https:\/\/umfst.ro\/medicina-engleza\/fr\/wp-json\/wp\/v2\/users\/4"}],"replies":[{"embeddable":true,"href":"https:\/\/umfst.ro\/medicina-engleza\/fr\/wp-json\/wp\/v2\/comments?post=71"}],"version-history":[{"count":11,"href":"https:\/\/umfst.ro\/medicina-engleza\/fr\/wp-json\/wp\/v2\/pages\/71\/revisions"}],"predecessor-version":[{"id":2771,"href":"https:\/\/umfst.ro\/medicina-engleza\/fr\/wp-json\/wp\/v2\/pages\/71\/revisions\/2771"}],"up":[{"embeddable":true,"href":"https:\/\/umfst.ro\/medicina-engleza\/fr\/wp-json\/wp\/v2\/pages\/57"}],"wp:attachment":[{"href":"https:\/\/umfst.ro\/medicina-engleza\/fr\/wp-json\/wp\/v2\/media?parent=71"}],"wp:term":[{"taxonomy":"category","embeddable":true,"href":"https:\/\/umfst.ro\/medicina-engleza\/fr\/wp-json\/wp\/v2\/categories?post=71"},{"taxonomy":"post_tag","embeddable":true,"href":"https:\/\/umfst.ro\/medicina-engleza\/fr\/wp-json\/wp\/v2\/tags?post=71"}],"curies":[{"name":"wp","href":"https:\/\/api.w.org\/{rel}","templated":true}]}}