{"id":132,"date":"2022-11-16T18:34:04","date_gmt":"2022-11-16T18:34:04","guid":{"rendered":"https:\/\/dev.umfst.ro\/medicina-engleza\/?page_id=132"},"modified":"2026-02-25T11:31:53","modified_gmt":"2026-02-25T11:31:53","slug":"informatii-examen-de-licenta","status":"publish","type":"page","link":"https:\/\/umfst.ro\/medicina-engleza\/hu\/informatii-pentru-studenti\/campus-targu-mures\/informatii-examen-de-licenta\/","title":{"rendered":"Informa\u021bii examen de licen\u021b\u0103"},"content":{"rendered":"<div data-elementor-type=\"wp-post\" data-elementor-id=\"132\" class=\"elementor elementor-132\" data-elementor-post-type=\"page\">\n\t\t\t\t\t\t<section class=\"elementor-section elementor-top-section elementor-element elementor-element-8a2ca1d elementor-section-boxed elementor-section-height-default elementor-section-height-default\" data-id=\"8a2ca1d\" data-element_type=\"section\" data-e-type=\"section\">\n\t\t\t\t\t\t<div class=\"elementor-container elementor-column-gap-default\">\n\t\t\t\t\t<div class=\"elementor-column elementor-col-100 elementor-top-column elementor-element elementor-element-c5b79e3\" data-id=\"c5b79e3\" data-element_type=\"column\" data-e-type=\"column\">\n\t\t\t<div class=\"elementor-widget-wrap elementor-element-populated\">\n\t\t\t\t\t\t<div class=\"elementor-element elementor-element-05ba629 elementor-widget elementor-widget-text-editor\" data-id=\"05ba629\" data-element_type=\"widget\" data-e-type=\"widget\" data-widget_type=\"text-editor.default\">\n\t\t\t\t<div class=\"elementor-widget-container\">\n\t\t\t\t\t\t\t\t\t<h2 role=\"heading\" data-uw-rm-heading=\"level\">Examen de licen\u021b\u0103 2026<\/h2><p><strong>Proba scris\u0103 Examen Licen\u021b\u0103 \u2013 14.07.2026<\/strong><\/p><p><strong>Perioada de sus\u021binere a lucr\u0103rilor de licen\u021b\u0103 &#8211;\u00a0 15.07.2026 \u2013 16.07.2026<\/strong><\/p><p><a href=\"https:\/\/www.umfst.ro\/fileadmin\/f_medicina_engleza\/licenta\/2026\/Tematica_si_bibliografie_-_Examen_de_Licenta_2026-mures.pdf\" target=\"_blank\" rel=\"noopener\" aria-label=\"Tematic\u0103 \u0219i bibliografie licen\u021b\u0103 - deschide \u00eentr-o fil\u0103 nou\u0103\" data-uw-rm-ext-link=\"\" data-uw-pdf-br=\"2\" data-uw-pdf-doc=\"\">Tematic\u0103 \u0219i bibliografie licen\u021b\u0103<\/a><\/p><p><a href=\"https:\/\/www.umfst.ro\/fileadmin\/f_medicina_engleza\/licenta\/2026\/Calendar_licenta _FMLE_ 2026.pdf\" data-wplink-url-error=\"true\">Calendar licen\u021b\u0103 FMLE 2026<\/a><\/p><p>Ultima zi pentru depunerea lucr\u0103rilor de finalizare a studiilor 03.07.2026<\/p>\t\t\t\t\t\t\t\t<\/div>\n\t\t\t\t<\/div>\n\t\t\t\t<div data-dce-background-color=\"#2359B317\" class=\"elementor-element elementor-element-74ca018 elementor-widget__width-auto elementor-widget elementor-widget-button\" data-id=\"74ca018\" data-element_type=\"widget\" data-e-type=\"widget\" data-widget_type=\"button.default\">\n\t\t\t\t<div class=\"elementor-widget-container\">\n\t\t\t\t\t\t\t\t\t<div class=\"elementor-button-wrapper\">\n\t\t\t\t\t<a class=\"elementor-button elementor-button-link elementor-size-sm\" href=\"https:\/\/umfst.ro\/fileadmin\/documente_oficiale\/regulamente\/UMFST-REG-18_EN_Ed.11.pdf\" target=\"_blank\">\n\t\t\t\t\t\t<span class=\"elementor-button-content-wrapper\">\n\t\t\t\t\t\t<span class=\"elementor-button-icon\">\n\t\t\t\t<i aria-hidden=\"true\" class=\"fas fa-file-download\"><\/i>\t\t\t<\/span>\n\t\t\t\t\t\t\t\t\t<span class=\"elementor-button-text\">Regulament<\/span>\n\t\t\t\t\t<\/span>\n\t\t\t\t\t<\/a>\n\t\t\t\t<\/div>\n\t\t\t\t\t\t\t\t<\/div>\n\t\t\t\t<\/div>\n\t\t\t\t<div class=\"elementor-element elementor-element-8ac69d0 elementor-widget elementor-widget-text-editor\" data-id=\"8ac69d0\" data-element_type=\"widget\" data-e-type=\"widget\" data-widget_type=\"text-editor.default\">\n\t\t\t\t<div class=\"elementor-widget-container\">\n\t\t\t\t\t\t\t\t\t<h2 role=\"heading\" data-uw-rm-heading=\"level\">Anun\u021b important!<\/h2><div class=\" translation-block\">Urmare a Deciziei Consiliului de Administra\u0163ie \u015fi a Decanatului Facult\u0103\u0163ii de Medicin\u0103 \u00een Limba Englez\u0103 s-a aprobat o nou\u0103 sesiune de licen\u0163\u0103 \u015fi sus\u0163inerea lucr\u0103rilor va avea loc \u00een data de&nbsp;<strong>03 februarie 2026&nbsp;<\/strong>de la ora 11:00 AM (sala 225 \u2013 UMFST)<\/div><div>\u00a0<\/div><div><a href=\"https:\/\/www.umfst.ro\/fileadmin\/f_medicina_engleza\/licenta\/2026\/Comisia_de_sustinere_a_lucrarilor_de_licenta_feb_2026.pdf\" target=\"_blank\" rel=\"noopener\">Comisia de sus\u021binere a lucr\u0103rilor de licen\u021b\u0103<\/a><\/div>\t\t\t\t\t\t\t\t<\/div>\n\t\t\t\t<\/div>\n\t\t\t\t\t<\/div>\n\t\t<\/div>\n\t\t\t\t\t<\/div>\n\t\t<\/section>\n\t\t\t\t<section class=\"elementor-section elementor-top-section elementor-element elementor-element-266d547 elementor-section-boxed elementor-section-height-default elementor-section-height-default\" data-id=\"266d547\" data-element_type=\"section\" data-e-type=\"section\">\n\t\t\t\t\t\t<div class=\"elementor-container elementor-column-gap-default\">\n\t\t\t\t\t<div class=\"elementor-column elementor-col-100 elementor-top-column elementor-element elementor-element-b3c062f\" data-id=\"b3c062f\" data-element_type=\"column\" data-e-type=\"column\">\n\t\t\t<div class=\"elementor-widget-wrap elementor-element-populated\">\n\t\t\t\t\t\t<div class=\"elementor-element elementor-element-0b850eb elementor-widget__width-initial elementor-widget elementor-widget-text-editor\" data-id=\"0b850eb\" data-element_type=\"widget\" data-e-type=\"widget\" data-widget_type=\"text-editor.default\">\n\t\t\t\t<div class=\"elementor-widget-container\">\n\t\t\t\t\t\t\t\t\t<header><h2 role=\"heading\" data-uw-rm-heading=\"level\">Programare &#8211; Comisii Examen de licen\u021b\u0103 2025<\/h2><p><a href=\"https:\/\/www.umfst.ro\/fileadmin\/f_medicina_engleza\/licenta\/2025\/comisii\/programare Comisia 1.pdf\" data-wplink-url-error=\"true\">Programare Comisia 1<\/a><br \/><a href=\"https:\/\/www.umfst.ro\/fileadmin\/f_medicina_engleza\/licenta\/2025\/comisii\/programare Comisia 2.pdf\" data-wplink-url-error=\"true\">Programare Comisia 2<\/a><br \/><a href=\"https:\/\/www.umfst.ro\/fileadmin\/f_medicina_engleza\/licenta\/2025\/comisii\/programare Comisia 3.pdf\" data-wplink-url-error=\"true\">Programare Comisia 3<\/a><br \/><a href=\"https:\/\/www.umfst.ro\/fileadmin\/f_medicina_engleza\/licenta\/2025\/comisii\/programare Comisia 4.pdf\" data-wplink-url-error=\"true\">Programare Comisia 4<\/a><br \/><a href=\"https:\/\/www.umfst.ro\/fileadmin\/f_medicina_engleza\/licenta\/2025\/comisii\/programare Comisia 5.pdf\" data-wplink-url-error=\"true\">Programare Comisia 5<\/a><br \/><a href=\"https:\/\/www.umfst.ro\/fileadmin\/f_medicina_engleza\/licenta\/2025\/comisii\/programare Comisia 6.pdf\" data-wplink-url-error=\"true\">Programare Comisia 6<\/a><\/p><h2>Rezultate licen\u021b\u0103 2025<\/h2><\/header><p><a href=\"https:\/\/www.umfst.ro\/fileadmin\/f_medicina_engleza\/licenta\/2025\/Rezultate_examen_licenta_2025.pdf\" data-uw-pdf-br=\"2\" data-uw-pdf-doc=\"\">Rezultate Proba scris\u0103 Examen Licen\u021b\u0103 2025<\/a><\/p><p><a href=\"https:\/\/www.umfst.ro\/fileadmin\/f_medicina_engleza\/licenta\/2025\/fmle_barem_campus_TgM.pdf\">Grile corecte Examen Licen\u021b\u0103 2025<\/a><\/p><h2>Reparti\u021bie studen\u021bi &#8211; licen\u021b\u0103 &#8211; FMLE<\/h2><p class=\" translation-block\">To\u021bi studen\u021bii trebuie s\u0103 fie prezen\u021bi la ora 09:00 AM, la data de 15.07.2025, la centrul de examinare Unix, s\u0103lile 3 \u0219i 4.<br>Examenul este programat s\u0103 \u00eenceap\u0103 la ora 10:00 AM.<\/p><p><a href=\"https:\/\/www.umfst.ro\/fileadmin\/f_medicina_engleza\/licenta\/2025\/List of students \u2013 Unix examination center (halls 3 and 4) U.M.F.S.T..pdf\">List of students \u2013 Unix examination center (halls 3 and 4) U.M.F.S.T.<\/a><\/p><h2 role=\"heading\" data-uw-rm-heading=\"level\">Comisii Examen de licen\u021b\u0103 2025<\/h2><p><a href=\"https:\/\/www.umfst.ro\/fileadmin\/f_medicina_engleza\/licenta\/2025\/Comisiile de speciali\u0219ti pentru proba scris\u0103_FMLE_2025.pdf\" target=\"_blank\" rel=\"noopener\" aria-label=\"Comisiile de speciali\u0219ti pentru proba scris\u0103 - deschide \u00eentr-o fil\u0103 nou\u0103\" data-uw-rm-ext-link=\"\" data-uw-pdf-br=\"2\" data-uw-pdf-doc=\"\">Comisiile de speciali\u0219ti pentru proba scris\u0103<\/a><\/p><p><a href=\"https:\/\/www.umfst.ro\/fileadmin\/f_medicina_engleza\/licenta\/2025\/Comisiile de supraveghetori pentru proba scris\u0103_FMLE_2025.pdf\" target=\"_blank\" rel=\"noopener\" aria-label=\"Comisiile de supraveghetori pentru proba scris\u0103 - deschide \u00eentr-o fil\u0103 nou\u0103\" data-uw-rm-ext-link=\"\" data-uw-pdf-br=\"2\" data-uw-pdf-doc=\"\">Comisiile de supraveghetori pentru proba scris\u0103<\/a><\/p><p><a href=\"https:\/\/www.umfst.ro\/fileadmin\/f_medicina_engleza\/licenta\/2025\/Comisiile de sus\u021binere a lucr\u0103rilor de licen\u021b\u0103_FMLE_2025.pdf\" target=\"_blank\" rel=\"noopener\" aria-label=\"Comisiile de sus\u021binere a lucr\u0103rilor de licen\u021b\u0103 - deschide \u00eentr-o fil\u0103 nou\u0103\" data-uw-rm-ext-link=\"\" data-uw-pdf-br=\"2\" data-uw-pdf-doc=\"\">Comisiile de sus\u021binere a lucr\u0103rilor de licen\u021b\u0103<\/a><\/p><p><a href=\"https:\/\/www.umfst.ro\/fileadmin\/f_medicina_engleza\/licenta\/2025\/Comisia de contesta\u021bii_FMLE_2025.pdf\" target=\"_blank\" rel=\"noopener\" aria-label=\"Comisia de contesta\u021bii - deschide \u00eentr-o fil\u0103 nou\u0103\" data-uw-rm-ext-link=\"\" data-uw-pdf-br=\"2\" data-uw-pdf-doc=\"\">Comisia de contesta\u021bii<\/a><\/p><header><header><h2 role=\"heading\" data-uw-rm-heading=\"level\">Anun\u0163 important!<\/h2><p>Urmare a Deciziei Consiliului de Administra\u0163ie \u015fi a Decanatului Facult\u0103\u0163ii de Medicin\u0103 \u00een Limba Englez\u0103 s-a aprobat o nou\u0103 sesiune de licen\u0163\u0103 \u015fi sus\u0163inerea lucr\u0103rilor va avea loc \u00een data de 20 februarie 2025 de la ora 12:00 P.M. (sala de medicin\u0103 legal\u0103)<\/p><h2 role=\"heading\" data-uw-rm-heading=\"level\">Examen de licen\u021b\u0103 2025<\/h2><p><strong>Proba scris\u0103 Examen Licen\u021b\u0103 \u2013 15.07.2025<\/strong><\/p><p><strong>Perioada de sus\u021binere a lucr\u0103rilor de licen\u021b\u0103 &#8211;\u00a0 16.07.2025 \u2013 18.07.2025<\/strong><\/p><p><a href=\"https:\/\/www.umfst.ro\/fileadmin\/f_medicina_engleza\/licenta\/2025\/Tematica_si_bibliografie_-_Examen_de_Licenta_2025.pdf\" target=\"_blank\" rel=\"noopener\" aria-label=\"Tematic\u0103 \u0219i bibliografie licen\u021b\u0103 - deschide \u00eentr-o fil\u0103 nou\u0103\" data-uw-rm-ext-link=\"\" data-uw-pdf-br=\"2\" data-uw-pdf-doc=\"\">Tematic\u0103 \u0219i bibliografie licen\u021b\u0103<\/a><\/p><p><a href=\"https:\/\/www.umfst.ro\/fileadmin\/f_medicina_engleza\/licenta\/2025\/Calendar licen\u021b\u0103 _FMLE_ 2025.pdf\">Calendar licen\u021b\u0103 FMLE 2025<\/a><\/p><p>Ultima zi pentru depunerea lucr\u0103rilor de finalizare a studiilor 04.07.2025<\/p><\/header><\/header>\t\t\t\t\t\t\t\t<\/div>\n\t\t\t\t<\/div>\n\t\t\t\t\t<\/div>\n\t\t<\/div>\n\t\t\t\t\t<\/div>\n\t\t<\/section>\n\t\t\t\t<section class=\"elementor-section elementor-top-section elementor-element elementor-element-179a5099 elementor-hidden-widescreen elementor-hidden-desktop elementor-hidden-tablet elementor-hidden-mobile elementor-section-boxed elementor-section-height-default elementor-section-height-default\" data-id=\"179a5099\" data-element_type=\"section\" data-e-type=\"section\">\n\t\t\t\t\t\t<div class=\"elementor-container elementor-column-gap-default\">\n\t\t\t\t\t<div class=\"elementor-column elementor-col-100 elementor-top-column elementor-element elementor-element-3eabfc78\" data-id=\"3eabfc78\" data-element_type=\"column\" data-e-type=\"column\">\n\t\t\t<div class=\"elementor-widget-wrap elementor-element-populated\">\n\t\t\t\t\t\t<div class=\"elementor-element elementor-element-42718075 elementor-widget elementor-widget-text-editor\" data-id=\"42718075\" data-element_type=\"widget\" data-e-type=\"widget\" data-widget_type=\"text-editor.default\">\n\t\t\t\t<div class=\"elementor-widget-container\">\n\t\t\t\t\t\t\t\t\t<div id=\"c11544\" class=\"frame frame-default frame-type-text frame-layout-0\"><header><header><h2 role=\"heading\" data-uw-rm-heading=\"level\">Informa\u021bii\u00a0 examen de licen\u021b\u0103 2024<\/h2><div><p>The period for the presentation of the license thesis has been extended until the date of 26.07.2024.<\/p><p>The final version of the license thesis needs to be submitted to the following email address (<a href=\"mailto:decanat.medicina.en@umfst.ro\">decanat.medicina.en@umfst.ro<\/a>) until the date of 25th July 10 AM.<\/p><p><a href=\"https:\/\/www.umfst.ro\/fileadmin\/f_medicina_engleza\/licenta\/2024\/Comisiile_de_sustinere_a_lucrarilor_de_licenta_26.pdf\" data-uw-pdf-br=\"2\" data-uw-pdf-doc=\"\">Comisiile de sus\u021binere a lucr\u0103rilor de licen\u021b\u0103 &#8211; 26.07.2024<\/a><\/p><\/div><h2>Rezultate licen\u021b\u0103 2024<\/h2><\/header><p><a href=\"https:\/\/www.umfst.ro\/fileadmin\/licenta\/2024\/Rezultate_absolventi MGE_iulie_2024.pdf\" data-uw-pdf-br=\"2\" data-uw-pdf-doc=\"\">Rezultate Proba scris\u0103 Examen Licen\u021b\u0103 2024<\/a><\/p><p>Grile corecte Examen Licen\u021b\u0103 2024:\u00a0 <a href=\"https:\/\/umfst.ro\/fileadmin\/licenta\/2024\/V1_MGE.bmp\" data-uw-rm-brl=\"PR\" data-uw-original-href=\"https:\/\/umfst.ro\/fileadmin\/licenta\/2024\/V1_MGE.bmp\">v1<\/a>\u00a0<a href=\"https:\/\/umfst.ro\/fileadmin\/licenta\/2024\/V2_MGE.bmp\" data-uw-rm-brl=\"PR\" data-uw-original-href=\"https:\/\/umfst.ro\/fileadmin\/licenta\/2024\/V2_MGE.bmp\">v2<\/a>\u00a0<a href=\"https:\/\/umfst.ro\/fileadmin\/licenta\/2024\/V3_MGE.bmp\" data-uw-rm-brl=\"PR\" data-uw-original-href=\"https:\/\/umfst.ro\/fileadmin\/licenta\/2024\/V3_MGE.bmp\">v3<\/a>\u00a0<a href=\"https:\/\/umfst.ro\/fileadmin\/licenta\/2024\/V4_MGE.bmp\" data-uw-rm-brl=\"PR\" data-uw-original-href=\"https:\/\/umfst.ro\/fileadmin\/licenta\/2024\/V4_MGE.bmp\">v4<\/a><\/p><h2>Informa\u021bii\u00a0 examen de licen\u021b\u0103 2024<\/h2><div><p>All students must be present at 08:00 AM, on the date of 09.07.2024. at Hall No. 16 U.M.F.S.T. and Forensic Medical hall<\/p><p>The examination is expected to start at 09:00 AM.<\/p><\/div><\/header><p><a href=\"https:\/\/www.umfst.ro\/fileadmin\/f_medicina_engleza\/licenta\/2024\/Placement_of_students_\u2013_Hall_no._16_U.M.F.S.T._campus.pdf\" target=\"_blank\" rel=\"noopener\" aria-label=\"Placement of students \u2013 Hall no. 16 U.M.F.S.T. campus - deschide \u00eentr-o fil\u0103 nou\u0103\" data-uw-rm-ext-link=\"\" data-uw-pdf-br=\"2\" data-uw-pdf-doc=\"\">Placement of students \u2013 Hall no. 16 U.M.F.S.T. campus<\/a><\/p><p><a href=\"https:\/\/www.umfst.ro\/fileadmin\/f_medicina_engleza\/licenta\/2024\/Placement_of_students_\u2013_Forensic_Hall_U.M.F.S.T._campus.pdf\" target=\"_blank\" rel=\"noopener\" aria-label=\"Placement of students \u2013 Forensic Hall U.M.F.S.T. campus - deschide \u00eentr-o fil\u0103 nou\u0103\" data-uw-rm-ext-link=\"\" data-uw-pdf-br=\"2\" data-uw-pdf-doc=\"\">Placement of students \u2013 Forensic Hall U.M.F.S.T. campus<\/a><\/p><h2 role=\"heading\" data-uw-rm-heading=\"level\">Comisii Examen de licen\u021b\u0103 2024<\/h2><p><a href=\"https:\/\/www.umfst.ro\/fileadmin\/f_medicina_engleza\/licenta\/2024\/Comisiile_de_specialisti_pentru_proba_scrisa.pdf\" target=\"_blank\" rel=\"noopener\" aria-label=\"Comisiile de speciali\u0219ti pentru proba scris\u0103 - deschide \u00eentr-o fil\u0103 nou\u0103\" data-uw-rm-ext-link=\"\" data-uw-pdf-br=\"2\" data-uw-pdf-doc=\"\">Comisiile de speciali\u0219ti pentru proba scris\u0103<\/a><\/p><p><a href=\"https:\/\/www.umfst.ro\/fileadmin\/f_medicina_engleza\/licenta\/2024\/Comisiile_de_supraveghetori_pentru_proba_scrisa.pdf\" target=\"_blank\" rel=\"noopener\" aria-label=\"Comisiile de supraveghetori pentru proba scris\u0103 - deschide \u00eentr-o fil\u0103 nou\u0103\" data-uw-rm-ext-link=\"\" data-uw-pdf-br=\"2\" data-uw-pdf-doc=\"\">Comisiile de supraveghetori pentru proba scris\u0103<\/a><\/p><p><a href=\"https:\/\/www.umfst.ro\/fileadmin\/f_medicina_engleza\/licenta\/2024\/Comisiile_de_sustinere_a_lucrarilor_de_licenta.pdf\" target=\"_blank\" rel=\"noopener\" aria-label=\"Comisiile de sus\u021binere a lucr\u0103rilor de licen\u021b\u0103 - deschide \u00eentr-o fil\u0103 nou\u0103\" data-uw-rm-ext-link=\"\" data-uw-pdf-br=\"2\" data-uw-pdf-doc=\"\">Comisiile de sus\u021binere a lucr\u0103rilor de licen\u021b\u0103<\/a><\/p><p><a href=\"https:\/\/www.umfst.ro\/fileadmin\/f_medicina_engleza\/licenta\/2024\/Comisia_de_contestatii.pdf\" target=\"_blank\" rel=\"noopener\" aria-label=\"Comisia de contesta\u021bii - deschide \u00eentr-o fil\u0103 nou\u0103\" data-uw-rm-ext-link=\"\" data-uw-pdf-br=\"2\" data-uw-pdf-doc=\"\">Comisia de contesta\u021bii<\/a><\/p><h2 role=\"heading\" data-uw-rm-heading=\"level\">Examen de licen\u021b\u0103 2024<\/h2><p><a href=\"https:\/\/www.umfst.ro\/fileadmin\/f_medicina_engleza\/licenta\/2024\/Tematica_si_bibliografie_-_Examen_de_Licenta_2024.pdf\" data-uw-pdf-br=\"2\" data-uw-pdf-doc=\"\">Tematic\u0103 \u0219i bibliografie licen\u021b\u0103<\/a><\/p><p><a href=\"https:\/\/www.umfst.ro\/fileadmin\/f_medicina_engleza\/licenta\/2024\/Programme_Of_The_License_Examination_FMLE_Class_2024.pdf\" target=\"_blank\" rel=\"noopener\" aria-label=\"Calendar licen\u021b\u0103 FMLE 2024 - deschide \u00eentr-o fil\u0103 nou\u0103\" data-uw-rm-ext-link=\"\" data-uw-pdf-br=\"2\" data-uw-pdf-doc=\"\">Calendar licen\u021b\u0103 FMLE 2024<\/a><\/p><header><h2>Rezultate licen\u021b\u0103 2023<\/h2><\/header><p><a href=\"https:\/\/www.umfst.ro\/fileadmin\/f_medicina_engleza\/licenta\/2023\/rezultate\/FMLE_rezultate_nominale_licenta_2023.pdf\">Rezultate Proba scris\u0103 Examen Licen\u021b\u0103 2023<\/a><\/p><p>Grile corecte Examen Licen\u021b\u0103 2023:\u00a0\u00a0<a href=\"https:\/\/www.umfst.ro\/fileadmin\/f_medicina_engleza\/licenta\/2023\/rezultate\/v1.bmp\">v1<\/a>\u00a0<a href=\"https:\/\/www.umfst.ro\/fileadmin\/f_medicina_engleza\/licenta\/2023\/rezultate\/v2.bmp\">v2<\/a>\u00a0<a href=\"https:\/\/www.umfst.ro\/fileadmin\/f_medicina_engleza\/licenta\/2023\/rezultate\/v3.bmp\">v3<\/a>\u00a0<a href=\"https:\/\/www.umfst.ro\/fileadmin\/f_medicina_engleza\/licenta\/2023\/rezultate\/v4.bmp\">v4<\/a><\/p><\/div><div id=\"c11539\" class=\"frame frame-default frame-type-text frame-layout-0\"><header><h2>Informa\u021bii\u00a0 examen de licen\u021b\u0103 2023<\/h2><\/header><p>All students must be present at 08:00 AM, on the date of 18.07.2023. at Hall No. 16 U.M.F.S.T. and Forensic Medical hall<\/p><p>The examination is expected to start at 09:00 AM.<\/p><p><a href=\"https:\/\/www.umfst.ro\/fileadmin\/f_medicina_engleza\/licenta\/2023\/Placement_of_students_-_Hall_no._16_U.M.F.S.T._campus_18.07.2023.pdf\">Placement of students \u2013 Hall no. 16 U.M.F.S.T. campus_18.07.2023<\/a><\/p><p><a href=\"https:\/\/www.umfst.ro\/fileadmin\/f_medicina_engleza\/licenta\/2023\/Placement_of_students_-_Hall_Forensic_Medical_campus_18.07.2023.pdf\">Placement of students \u2013 Hall Forensic Medical_campus_18.07.2023<\/a><\/p><\/div><div id=\"c11434\" class=\"frame frame-default frame-type-text frame-layout-0\"><header><h2>Comisii<\/h2><\/header><p><a href=\"https:\/\/www.umfst.ro\/fileadmin\/f_medicina_engleza\/licenta\/2023\/Comisie_Specialisti_Licenta_2023_proba_scrisa_18_iulie.pdf\">Comisiile de speciali\u0219ti pentru proba scris\u0103<\/a><\/p><p><a href=\"https:\/\/www.umfst.ro\/fileadmin\/f_medicina_engleza\/licenta\/2023\/Comisie_supraveghetori_Licenta_2023_FMLE.pdf\">Comisiile de supraveghetori pentru proba scris\u0103<\/a><\/p><p><a href=\"https:\/\/www.umfst.ro\/fileadmin\/f_medicina_engleza\/licenta\/2023\/Comisii_sustinere_lucrari_de_licenta_Licenta_2023_FMLE.pdf\">Comisiile de sus\u021binere a lucr\u0103rilor de licen\u021b\u0103<\/a><\/p><p><a href=\"https:\/\/www.umfst.ro\/fileadmin\/f_medicina_engleza\/licenta\/2023\/Comisie_contestatii_Licenta_2023_FMLE.pdf\">Comisia de contesta\u021bii<\/a><\/p><\/div>\t\t\t\t\t\t\t\t<\/div>\n\t\t\t\t<\/div>\n\t\t\t\t\t<\/div>\n\t\t<\/div>\n\t\t\t\t\t<\/div>\n\t\t<\/section>\n\t\t\t\t<\/div>","protected":false},"excerpt":{"rendered":"<p>Examen de licen\u021b\u0103 2026 Proba scris\u0103 Examen Licen\u021b\u0103 \u2013 14.07.2026 Perioada de sus\u021binere a lucr\u0103rilor de licen\u021b\u0103 &#8211;\u00a0 15.07.2026 \u2013 16.07.2026 Tematic\u0103 \u0219i bibliografie licen\u021b\u0103 Calendar licen\u021b\u0103 FMLE 2026 Ultima zi pentru depunerea lucr\u0103rilor de finalizare a studiilor 03.07.2026 Regulament Anun\u021b important! Urmare a Deciziei Consiliului de Administra\u0163ie \u015fi a Decanatului Facult\u0103\u0163ii de Medicin\u0103 \u00een [&hellip;]<\/p>\n","protected":false},"author":4,"featured_media":0,"parent":2739,"menu_order":-16,"comment_status":"closed","ping_status":"closed","template":"","meta":{"_relevanssi_hide_post":"","_relevanssi_hide_content":"","_relevanssi_pin_for_all":"","_relevanssi_pin_keywords":"","_relevanssi_unpin_keywords":"","_relevanssi_related_keywords":"","_relevanssi_related_include_ids":"","_relevanssi_related_exclude_ids":"","_relevanssi_related_no_append":"","_relevanssi_related_not_related":"","_relevanssi_related_posts":"1","_relevanssi_noindex_reason":"","footnotes":""},"categories":[12,33],"tags":[],"class_list":["post-132","page","type-page","status-publish","hentry","category-pagina-cu-sidebar","category-pagina-studenti"],"meta_box":[],"_links":{"self":[{"href":"https:\/\/umfst.ro\/medicina-engleza\/hu\/wp-json\/wp\/v2\/pages\/132","targetHints":{"allow":["GET"]}}],"collection":[{"href":"https:\/\/umfst.ro\/medicina-engleza\/hu\/wp-json\/wp\/v2\/pages"}],"about":[{"href":"https:\/\/umfst.ro\/medicina-engleza\/hu\/wp-json\/wp\/v2\/types\/page"}],"author":[{"embeddable":true,"href":"https:\/\/umfst.ro\/medicina-engleza\/hu\/wp-json\/wp\/v2\/users\/4"}],"replies":[{"embeddable":true,"href":"https:\/\/umfst.ro\/medicina-engleza\/hu\/wp-json\/wp\/v2\/comments?post=132"}],"version-history":[{"count":87,"href":"https:\/\/umfst.ro\/medicina-engleza\/hu\/wp-json\/wp\/v2\/pages\/132\/revisions"}],"predecessor-version":[{"id":3233,"href":"https:\/\/umfst.ro\/medicina-engleza\/hu\/wp-json\/wp\/v2\/pages\/132\/revisions\/3233"}],"up":[{"embeddable":true,"href":"https:\/\/umfst.ro\/medicina-engleza\/hu\/wp-json\/wp\/v2\/pages\/2739"}],"wp:attachment":[{"href":"https:\/\/umfst.ro\/medicina-engleza\/hu\/wp-json\/wp\/v2\/media?parent=132"}],"wp:term":[{"taxonomy":"category","embeddable":true,"href":"https:\/\/umfst.ro\/medicina-engleza\/hu\/wp-json\/wp\/v2\/categories?post=132"},{"taxonomy":"post_tag","embeddable":true,"href":"https:\/\/umfst.ro\/medicina-engleza\/hu\/wp-json\/wp\/v2\/tags?post=132"}],"curies":[{"name":"wp","href":"https:\/\/api.w.org\/{rel}","templated":true}]}}