{"id":2912,"date":"2025-06-12T10:12:27","date_gmt":"2025-06-12T10:12:27","guid":{"rendered":"https:\/\/umfst.ro\/medicina-engleza\/?page_id=2912"},"modified":"2025-06-12T10:12:52","modified_gmt":"2025-06-12T10:12:52","slug":"tematica-si-bibliografie","status":"publish","type":"page","link":"https:\/\/umfst.ro\/medicina-engleza\/hu\/informatii-pentru-studenti\/campus-umfst-umch\/informatii-examen-de-licenta\/tematica-si-bibliografie\/","title":{"rendered":"Tematic\u0103 si bibliografie"},"content":{"rendered":"<div data-elementor-type=\"wp-page\" data-elementor-id=\"2912\" class=\"elementor elementor-2912\" data-elementor-post-type=\"page\">\n\t\t\t\t\t\t<section class=\"elementor-section elementor-top-section elementor-element elementor-element-57ed2457 elementor-section-boxed elementor-section-height-default elementor-section-height-default\" data-id=\"57ed2457\" data-element_type=\"section\" data-e-type=\"section\">\n\t\t\t\t\t\t<div class=\"elementor-container elementor-column-gap-default\">\n\t\t\t\t\t<div class=\"elementor-column elementor-col-100 elementor-top-column elementor-element elementor-element-203d789e\" data-id=\"203d789e\" data-element_type=\"column\" data-e-type=\"column\">\n\t\t\t<div class=\"elementor-widget-wrap elementor-element-populated\">\n\t\t\t\t\t\t<div class=\"elementor-element elementor-element-246d2fff elementor-widget elementor-widget-text-editor\" data-id=\"246d2fff\" data-element_type=\"widget\" data-e-type=\"widget\" data-widget_type=\"text-editor.default\">\n\t\t\t\t<div class=\"elementor-widget-container\">\n\t\t\t\t\t\t\t\t\t<h2>EXAMENUL DE LICEN\u021a\u0102<\/h2>\n<div>\n<p><a href=\"https:\/\/www.umfst.ro\/fileadmin\/f_medicina_engleza\/licenta\/2025\/Tematica_si_bibliografie_-_Examen_de_Licenta_2025.pdf\" target=\"_blank\" rel=\"noopener\" aria-label=\"Tematic\u0103 \u0219i bibliografie licen\u021b\u0103 - deschide \u00eentr-o fil\u0103 nou\u0103\" data-uw-rm-ext-link=\"\" data-uw-pdf-br=\"2\" data-uw-pdf-doc=\"\">Tematic\u0103 \u0219i bibliografie licen\u021b\u0103 2025<\/a><\/p>\n<\/div>\n<p><!-- \/wp:heading --><\/p>\n<p><!-- wp:paragraph --><\/p>\n<p><!-- \/wp:paragraph --><\/p>\t\t\t\t\t\t\t\t<\/div>\n\t\t\t\t<\/div>\n\t\t\t\t<div class=\"elementor-element elementor-element-3224eae elementor-hidden-widescreen elementor-hidden-desktop elementor-hidden-tablet elementor-hidden-mobile elementor-widget elementor-widget-text-editor\" data-id=\"3224eae\" data-element_type=\"widget\" data-e-type=\"widget\" data-widget_type=\"text-editor.default\">\n\t\t\t\t<div class=\"elementor-widget-container\">\n\t\t\t\t\t\t\t\t\t<h2>EXAMENUL DE LICEN\u021a\u0102<\/h2>\n<div>\n<p><a href=\"https:\/\/www.umfst.ro\/fileadmin\/f_medicina_engleza\/licenta\/2025\/Tematica_si_bibliografie_-_Examen_de_Licenta_2025.pdf\" target=\"_blank\" rel=\"noopener\" aria-label=\"Tematic\u0103 \u0219i bibliografie licen\u021b\u0103 - deschide \u00eentr-o fil\u0103 nou\u0103\" data-uw-rm-ext-link=\"\" data-uw-pdf-br=\"2\" data-uw-pdf-doc=\"\">Tematic\u0103 \u0219i bibliografie licen\u021b\u0103 2025<\/a><\/p>\n<p><a href=\"https:\/\/www.umfst.ro\/fileadmin\/f_medicina_engleza\/licenta\/2024\/Tematica_si_bibliografie_-_Examen_de_Licenta_2024.pdf\">Tematic\u0103 \u0219i bibliografie &#8211; Examen de licen\u021b\u0103 2024<\/a><\/p>\n<\/div>\n<div><a href=\"https:\/\/www.umfst.ro\/fileadmin\/f_medicina_engleza\/licenta\/2024\/Subiecte_licenta_medicina-engleza_2024.pdf\" target=\"_blank\" rel=\"noopener\">Teste &#8211; Examen de Licenta 2024<\/a><\/div>\n<p><!-- \/wp:heading --><\/p>\n<p><!-- wp:paragraph --><\/p>\n<p><a href=\"https:\/\/www.umfst.ro\/fileadmin\/f_medicina_engleza\/licenta\/2023\/Tematica_si_bibliografie_-_Examen_de_Licenta_2023.pdf\">Tematic\u0103 si bibliografie &#8211; Examen de Licenta 2023<\/a><\/p>\n<p><!-- \/wp:paragraph --><\/p>\n<p><!-- wp:paragraph --><\/p>\n<p><a href=\"https:\/\/www.umfst.ro\/fileadmin\/f_medicina_engleza\/licenta\/2022\/Tematica_si_Bibliografie_Examen_de_licenta_2022.pdf\">Tematic\u0103 si bibliografie &#8211; Examen de Licenta 2022<\/a><\/p>\n<p><!-- \/wp:paragraph --><\/p>\n<p><!-- wp:paragraph --><\/p>\n<p><!-- \/wp:paragraph --><\/p>\n<p><!-- wp:paragraph --><\/p>\n<p><a href=\"https:\/\/www.umfst.ro\/fileadmin\/f_medicina_engleza\/materiale\/Teste_-_Examen_de_licenta_2021.pdf\">Teste &#8211; Examen de Licenta 2021<\/a><\/p>\n<p><!-- \/wp:paragraph --><\/p>\n<p><!-- wp:paragraph --><\/p>\n<p><a href=\"https:\/\/www.umfst.ro\/fileadmin\/f_medicina_engleza\/licenta\/2021\/Tematica_si_bibliografie_-_Examen_de_Licenta_2021.pdf\">Tematic\u0103 si bibliografie &#8211; Examen de Licenta 2021<\/a><\/p>\n<p><!-- \/wp:paragraph --><\/p>\n<p><!-- wp:paragraph --><\/p>\n<p><!-- \/wp:paragraph --><\/p>\n<p><!-- wp:paragraph --><\/p>\n<p><a href=\"https:\/\/www.umfst.ro\/fileadmin\/f_medicina_engleza\/materiale\/Examen_de_licenta__2020_Teste_.pdf\">Teste\u00a0&#8211; Examen de Licenta 2020<\/a><\/p>\n<p><!-- \/wp:paragraph --><\/p>\n<p><!-- wp:paragraph --><\/p>\n<p><a href=\"https:\/\/www.umfst.ro\/fileadmin\/f_medicina_engleza\/materiale\/Tematica_si_Bibiografie_Examen_de_Licenta_2020_.pdf\">Tematica si Bibiografie &#8211; Examen de Licenta 2020<\/a><\/p>\n<p><!-- \/wp:paragraph --><\/p>\t\t\t\t\t\t\t\t<\/div>\n\t\t\t\t<\/div>\n\t\t\t\t\t<\/div>\n\t\t<\/div>\n\t\t\t\t\t<\/div>\n\t\t<\/section>\n\t\t\t\t<\/div>","protected":false},"excerpt":{"rendered":"<p>EXAMENUL DE LICEN\u021a\u0102 Tematic\u0103 \u0219i bibliografie licen\u021b\u0103 2025 EXAMENUL DE LICEN\u021a\u0102 Tematic\u0103 \u0219i bibliografie licen\u021b\u0103 2025 Tematic\u0103 \u0219i bibliografie &#8211; Examen de licen\u021b\u0103 2024 Teste &#8211; Examen de Licenta 2024 Tematic\u0103 si bibliografie &#8211; Examen de Licenta 2023 Tematic\u0103 si bibliografie &#8211; Examen de Licenta 2022 Teste &#8211; Examen de Licenta 2021 Tematic\u0103 si bibliografie [&hellip;]<\/p>\n","protected":false},"author":25,"featured_media":0,"parent":2908,"menu_order":0,"comment_status":"closed","ping_status":"closed","template":"","meta":{"_relevanssi_hide_post":"","_relevanssi_hide_content":"","_relevanssi_pin_for_all":"","_relevanssi_pin_keywords":"","_relevanssi_unpin_keywords":"","_relevanssi_related_keywords":"","_relevanssi_related_include_ids":"","_relevanssi_related_exclude_ids":"","_relevanssi_related_no_append":"","_relevanssi_related_not_related":"","_relevanssi_related_posts":"1","_relevanssi_noindex_reason":"","footnotes":""},"categories":[12,33],"tags":[],"class_list":["post-2912","page","type-page","status-publish","hentry","category-pagina-cu-sidebar","category-pagina-studenti"],"meta_box":[],"_links":{"self":[{"href":"https:\/\/umfst.ro\/medicina-engleza\/hu\/wp-json\/wp\/v2\/pages\/2912","targetHints":{"allow":["GET"]}}],"collection":[{"href":"https:\/\/umfst.ro\/medicina-engleza\/hu\/wp-json\/wp\/v2\/pages"}],"about":[{"href":"https:\/\/umfst.ro\/medicina-engleza\/hu\/wp-json\/wp\/v2\/types\/page"}],"author":[{"embeddable":true,"href":"https:\/\/umfst.ro\/medicina-engleza\/hu\/wp-json\/wp\/v2\/users\/25"}],"replies":[{"embeddable":true,"href":"https:\/\/umfst.ro\/medicina-engleza\/hu\/wp-json\/wp\/v2\/comments?post=2912"}],"version-history":[{"count":3,"href":"https:\/\/umfst.ro\/medicina-engleza\/hu\/wp-json\/wp\/v2\/pages\/2912\/revisions"}],"predecessor-version":[{"id":2915,"href":"https:\/\/umfst.ro\/medicina-engleza\/hu\/wp-json\/wp\/v2\/pages\/2912\/revisions\/2915"}],"up":[{"embeddable":true,"href":"https:\/\/umfst.ro\/medicina-engleza\/hu\/wp-json\/wp\/v2\/pages\/2908"}],"wp:attachment":[{"href":"https:\/\/umfst.ro\/medicina-engleza\/hu\/wp-json\/wp\/v2\/media?parent=2912"}],"wp:term":[{"taxonomy":"category","embeddable":true,"href":"https:\/\/umfst.ro\/medicina-engleza\/hu\/wp-json\/wp\/v2\/categories?post=2912"},{"taxonomy":"post_tag","embeddable":true,"href":"https:\/\/umfst.ro\/medicina-engleza\/hu\/wp-json\/wp\/v2\/tags?post=2912"}],"curies":[{"name":"wp","href":"https:\/\/api.w.org\/{rel}","templated":true}]}}