{"id":42,"date":"2022-11-16T09:24:36","date_gmt":"2022-11-16T09:24:36","guid":{"rendered":"https:\/\/dev.umfst.ro\/medicina-engleza\/?page_id=42"},"modified":"2025-11-28T08:59:55","modified_gmt":"2025-11-28T08:59:55","slug":"consiliul-facultatii","status":"publish","type":"page","link":"https:\/\/umfst.ro\/medicina-engleza\/hu\/organizare\/consiliul-facultatii\/","title":{"rendered":"Consiliul Facult\u0103\u021bii de Medicin\u0103 \u00een Limba Englez\u0103"},"content":{"rendered":"<div data-elementor-type=\"wp-page\" data-elementor-id=\"42\" class=\"elementor elementor-42\" data-elementor-post-type=\"page\">\n\t\t\t\t\t\t<section class=\"elementor-section elementor-top-section elementor-element elementor-element-30551171 elementor-section-boxed elementor-section-height-default elementor-section-height-default\" data-id=\"30551171\" data-element_type=\"section\" data-e-type=\"section\">\n\t\t\t\t\t\t<div class=\"elementor-container elementor-column-gap-default\">\n\t\t\t\t\t<div class=\"elementor-column elementor-col-100 elementor-top-column elementor-element elementor-element-1daa67fa\" data-id=\"1daa67fa\" data-element_type=\"column\" data-e-type=\"column\">\n\t\t\t<div class=\"elementor-widget-wrap elementor-element-populated\">\n\t\t\t\t\t\t<div class=\"elementor-element elementor-element-366112e9 elementor-widget elementor-widget-text-editor\" data-id=\"366112e9\" data-element_type=\"widget\" data-e-type=\"widget\" data-widget_type=\"text-editor.default\">\n\t\t\t\t<div class=\"elementor-widget-container\">\n\t\t\t\t\t\t\t\t\t<h2 class=\" translation-block\"><strong>Consiliul<\/strong> facult\u0103\u021bii<\/h2><p><!-- \/wp:heading --><\/p><p>Prof. univ. dr. Simona Gurzu-Prundaru<br \/>Prof. univ. dr. Adrian Man<br \/>Prof. univ. dr. Mariana-Cornelia Tilinc\u0103 <br \/>Prof. univ. dr. Amelia Tero-Vescan<br \/>Prof. univ. dr. Anca Bac\u00e2rea <br \/>Prof. univ. dr. Simona-Silviana Mure\u0219an<br \/>Conf. univ. dr. Adina Stoian<br \/>Conf. univ. dr. Andrea Varga<br \/>Prof. univ. dr. Mircea-Gabriel Mure\u0219an<br \/>Conf. univ. dr. Marian Pop<br \/>Conf. univ. dr. Daniel Porav-Hodade <br \/>Conf. univ. dr. Olah Peter<br \/>Conf. dr. Laz\u0103r Alexandra-Elena<br \/>\u0218ef lucr. dr. Laura Chinezu<br \/>\u0218ef lucr. dr. Florina-loana Gliga<br \/>\u0218ef lucr. dr. Ban Erika-Gyongyi<br \/>Stud. Ahmad Musawar<br \/>Stud. Binder Jessica Beatrice <br \/>Stud. Blaga-Covrig Diana<br \/>Stud. George Dennis Shaji<br \/>Stud. Precup Ciprian-Petru<br \/>Stud. Ribaudo Titus Augustin<\/p><h2>Hot\u0103r\u00e2ri ale Consiliului facult\u0103\u021bii<\/h2><p><a href=\"https:\/\/documente.umfst.ro\/documente\/hotarari-ale-consiliului-facultatii\/medicina-in-limba-engleza\/\">Hot\u0103r\u00e2ri ale Consiliului Facult\u0103\u021bii<\/a><\/p>\t\t\t\t\t\t\t\t<\/div>\n\t\t\t\t<\/div>\n\t\t\t\t\t<\/div>\n\t\t<\/div>\n\t\t\t\t\t<\/div>\n\t\t<\/section>\n\t\t\t\t<\/div>","protected":false},"excerpt":{"rendered":"<p>Consiliul facult\u0103\u021bii Prof. univ. dr. Simona Gurzu-PrundaruProf. univ. dr. Adrian ManProf. univ. dr. Mariana-Cornelia Tilinc\u0103 Prof. univ. dr. Amelia Tero-VescanProf. univ. dr. Anca Bac\u00e2rea Prof. univ. dr. Simona-Silviana Mure\u0219anConf. univ. dr. Adina StoianConf. univ. dr. Andrea VargaProf. univ. dr. Mircea-Gabriel Mure\u0219anConf. univ. dr. Marian PopConf. univ. dr. Daniel Porav-Hodade Conf. univ. dr. Olah PeterConf. dr. [&hellip;]<\/p>\n","protected":false},"author":4,"featured_media":0,"parent":36,"menu_order":0,"comment_status":"closed","ping_status":"closed","template":"","meta":{"_relevanssi_hide_post":"","_relevanssi_hide_content":"","_relevanssi_pin_for_all":"","_relevanssi_pin_keywords":"","_relevanssi_unpin_keywords":"","_relevanssi_related_keywords":"","_relevanssi_related_include_ids":"","_relevanssi_related_exclude_ids":"","_relevanssi_related_no_append":"","_relevanssi_related_not_related":"","_relevanssi_related_posts":"1","_relevanssi_noindex_reason":"","footnotes":""},"categories":[12],"tags":[],"class_list":["post-42","page","type-page","status-publish","hentry","category-pagina-cu-sidebar"],"meta_box":[],"_links":{"self":[{"href":"https:\/\/umfst.ro\/medicina-engleza\/hu\/wp-json\/wp\/v2\/pages\/42","targetHints":{"allow":["GET"]}}],"collection":[{"href":"https:\/\/umfst.ro\/medicina-engleza\/hu\/wp-json\/wp\/v2\/pages"}],"about":[{"href":"https:\/\/umfst.ro\/medicina-engleza\/hu\/wp-json\/wp\/v2\/types\/page"}],"author":[{"embeddable":true,"href":"https:\/\/umfst.ro\/medicina-engleza\/hu\/wp-json\/wp\/v2\/users\/4"}],"replies":[{"embeddable":true,"href":"https:\/\/umfst.ro\/medicina-engleza\/hu\/wp-json\/wp\/v2\/comments?post=42"}],"version-history":[{"count":27,"href":"https:\/\/umfst.ro\/medicina-engleza\/hu\/wp-json\/wp\/v2\/pages\/42\/revisions"}],"predecessor-version":[{"id":3057,"href":"https:\/\/umfst.ro\/medicina-engleza\/hu\/wp-json\/wp\/v2\/pages\/42\/revisions\/3057"}],"up":[{"embeddable":true,"href":"https:\/\/umfst.ro\/medicina-engleza\/hu\/wp-json\/wp\/v2\/pages\/36"}],"wp:attachment":[{"href":"https:\/\/umfst.ro\/medicina-engleza\/hu\/wp-json\/wp\/v2\/media?parent=42"}],"wp:term":[{"taxonomy":"category","embeddable":true,"href":"https:\/\/umfst.ro\/medicina-engleza\/hu\/wp-json\/wp\/v2\/categories?post=42"},{"taxonomy":"post_tag","embeddable":true,"href":"https:\/\/umfst.ro\/medicina-engleza\/hu\/wp-json\/wp\/v2\/tags?post=42"}],"curies":[{"name":"wp","href":"https:\/\/api.w.org\/{rel}","templated":true}]}}