{"id":44,"date":"2022-11-16T09:38:31","date_gmt":"2022-11-16T09:38:31","guid":{"rendered":"https:\/\/dev.umfst.ro\/medicina-engleza\/?page_id=44"},"modified":"2026-03-04T08:58:13","modified_gmt":"2026-03-04T08:58:13","slug":"comisii-de-lucru","status":"publish","type":"page","link":"https:\/\/umfst.ro\/medicina-engleza\/hu\/organizare\/comisii-de-lucru\/","title":{"rendered":"Comisii de lucru"},"content":{"rendered":"<div data-elementor-type=\"wp-page\" data-elementor-id=\"44\" class=\"elementor elementor-44\" data-elementor-post-type=\"page\">\n\t\t\t\t\t\t<section class=\"elementor-section elementor-top-section elementor-element elementor-element-53983f8 elementor-section-boxed elementor-section-height-default elementor-section-height-default\" data-id=\"53983f8\" data-element_type=\"section\" data-e-type=\"section\">\n\t\t\t\t\t\t<div class=\"elementor-container elementor-column-gap-default\">\n\t\t\t\t\t<div class=\"elementor-column elementor-col-100 elementor-top-column elementor-element elementor-element-a7326f3\" data-id=\"a7326f3\" data-element_type=\"column\" data-e-type=\"column\">\n\t\t\t<div class=\"elementor-widget-wrap elementor-element-populated\">\n\t\t\t\t\t\t<div class=\"elementor-element elementor-element-a449659 elementor-widget elementor-widget-jet-accordion\" data-id=\"a449659\" data-element_type=\"widget\" data-e-type=\"widget\" data-widget_type=\"jet-accordion.default\">\n\t\t\t\t<div class=\"elementor-widget-container\">\n\t\t\t\t\t\t\t\t\t<div class=\"jet-accordion\" data-settings=\"{&quot;collapsible&quot;:false,&quot;ajaxTemplate&quot;:false,&quot;switchScrolling&quot;:false,&quot;switchScrollingTablet&quot;:false,&quot;switchScrollingMobile&quot;:false,&quot;switchScrollingOffset&quot;:{&quot;size&quot;:0,&quot;unit&quot;:&quot;px&quot;},&quot;switchScrollingOffsetTablet&quot;:{&quot;size&quot;:0,&quot;unit&quot;:&quot;px&quot;},&quot;switchScrollingOffsetMobile&quot;:{&quot;size&quot;:0,&quot;unit&quot;:&quot;px&quot;},&quot;switchScrollingDelay&quot;:500,&quot;switchScrollingDelayTablet&quot;:500,&quot;switchScrollingDelayMobile&quot;:500}\">\n\t\t\t<div class=\"jet-accordion__inner\">\n\t\t\t\t<div class=\"jet-accordion__item jet-toggle jet-toggle-move-up-effect\">\n\t\t\t\t\t\t\t<div id=\"jet-toggle-control-1721\" class=\"jet-toggle__control elementor-menu-anchor\" data-toggle=\"1\" role=\"button\" tabindex=\"0\" aria-controls=\"jet-toggle-content-1721\" aria-expanded=\"false\" data-template-id=\"false\">\n\t\t\t\t\t\t\t\t<div class=\"jet-toggle__label-icon jet-toggle-icon-position-right\"><span class=\"jet-toggle__icon icon-normal jet-tabs-icon\"><svg xmlns=\"http:\/\/www.w3.org\/2000\/svg\" viewbox=\"0 0 448 512\"><path d=\"M256 80c0-17.7-14.3-32-32-32s-32 14.3-32 32V224H48c-17.7 0-32 14.3-32 32s14.3 32 32 32H192V432c0 17.7 14.3 32 32 32s32-14.3 32-32V288H400c17.7 0 32-14.3 32-32s-14.3-32-32-32H256V80z\"><\/path><\/svg><\/span><span class=\"jet-toggle__icon icon-active jet-tabs-icon\"><svg xmlns=\"http:\/\/www.w3.org\/2000\/svg\" viewbox=\"0 0 448 512\"><path d=\"M432 256c0 17.7-14.3 32-32 32L48 288c-17.7 0-32-14.3-32-32s14.3-32 32-32l352 0c17.7 0 32 14.3 32 32z\"><\/path><\/svg><\/span><\/div><div class=\"jet-toggle__label-text\">Comisia de strategie, reform\u0103 \u0219i dezvoltare curricular\u0103<\/div>\t\t\t\t\t\t\t<\/div>\n\t\t\t\t\t\t\t<div id=\"jet-toggle-content-1721\" class=\"jet-toggle__content\" data-toggle=\"1\" role=\"region\" data-template-id=\"false\">\n\t\t\t\t\t\t\t\t<div class=\"jet-toggle__content-inner\"><p><strong>Pre\u0219edinte: <br \/><\/strong>Prof. univ. dr. Gurzu-Prundaru Simona<\/p><p><strong>Membri:<\/strong><\/p><p>Prof. univ. dr. Mure\u0219an Simona-Silviana<br \/>Prof. univ. dr. Bac\u00e2rea Anca<br \/>Prof. univ. dr. Tilinc\u0103 Mariana-Cornelia<br \/>Prof. univ. dr. Man Adrian<br \/>Conf. univ. dr. Varga Andreea<br \/>Conf. univ.dr. Laz\u0103r Alexandra<\/p><p><a href=\"https:\/\/umfst.ro\/fileadmin\/f_medicina_engleza\/materiale\/comisii_de_lucru\/2025\/UMFST-REG-FMLE-01_Dezv.Curriculara.pdf\">Regulament<\/a><\/p><p><strong>Rapoartele comisiei<\/strong><\/p><p><a href=\"https:\/\/www.umfst.ro\/fileadmin\/f_medicina_engleza\/plan_raport\/2025\/Raport_Comisia_De_Strategie_Reforma_si_Dezvoltare_Curriculara_2025.pdf\">2025<\/a><br \/><a href=\"https:\/\/www.umfst.ro\/fileadmin\/f_medicina_engleza\/plan_raport\/2024\/Raport_Comisia De Strategie, Reform\u0103 \u0218i Dezvoltare Curricular\u0103 _2024.pdf\" data-wplink-url-error=\"true\">2024<\/a><br \/><a href=\"https:\/\/www.umfst.ro\/fileadmin\/f_medicina_engleza\/materiale\/comisii_de_lucru\/2023\/Raport_Comisia de strategie, reforma si dezvoltare curriculara_2023.pdf\" data-wplink-url-error=\"true\">2023<\/a><br \/><a href=\"https:\/\/www.umfst.ro\/fileadmin\/f_medicina_engleza\/materiale\/comisii_de_lucru\/2022\/Raport_Comisia de strategie, reforma si dezvoltare curriculara_2022.doc.pdf\" data-wplink-url-error=\"true\">2022<\/a><br \/><a href=\"https:\/\/www.umfst.ro\/fileadmin\/f_medicina_engleza\/materiale\/comisii_de_lucru\/2021\/Raport_Comisia de strategie, reforma si dezvoltare curriculara_2021.doc.pdf\" data-wplink-url-error=\"true\">2021<\/a><br \/><a href=\"https:\/\/www.umfst.ro\/fileadmin\/f_medicina_engleza\/materiale\/comisii_de_lucru\/2020\/Raport_Comisia de strategie, reforma si dezvoltare curriculara_2020.pdf\" data-wplink-url-error=\"true\">2020<\/a><\/p><\/div>\n\t\t\t\t\t\t\t<\/div>\n\t\t\t\t\t\t<\/div><div class=\"jet-accordion__item jet-toggle jet-toggle-move-up-effect\">\n\t\t\t\t\t\t\t<div id=\"jet-toggle-control-1722\" class=\"jet-toggle__control elementor-menu-anchor\" data-toggle=\"2\" role=\"button\" tabindex=\"0\" aria-controls=\"jet-toggle-content-1722\" aria-expanded=\"false\" data-template-id=\"false\">\n\t\t\t\t\t\t\t\t<div class=\"jet-toggle__label-icon jet-toggle-icon-position-right\"><span class=\"jet-toggle__icon icon-normal jet-tabs-icon\"><svg xmlns=\"http:\/\/www.w3.org\/2000\/svg\" viewbox=\"0 0 448 512\"><path d=\"M256 80c0-17.7-14.3-32-32-32s-32 14.3-32 32V224H48c-17.7 0-32 14.3-32 32s14.3 32 32 32H192V432c0 17.7 14.3 32 32 32s32-14.3 32-32V288H400c17.7 0 32-14.3 32-32s-14.3-32-32-32H256V80z\"><\/path><\/svg><\/span><span class=\"jet-toggle__icon icon-active jet-tabs-icon\"><svg xmlns=\"http:\/\/www.w3.org\/2000\/svg\" viewbox=\"0 0 448 512\"><path d=\"M432 256c0 17.7-14.3 32-32 32L48 288c-17.7 0-32-14.3-32-32s14.3-32 32-32l352 0c17.7 0 32 14.3 32 32z\"><\/path><\/svg><\/span><\/div><div class=\"jet-toggle__label-text\">Comisia de formare continu\u0103 \u0219i reziden\u021biat<\/div>\t\t\t\t\t\t\t<\/div>\n\t\t\t\t\t\t\t<div id=\"jet-toggle-content-1722\" class=\"jet-toggle__content\" data-toggle=\"2\" role=\"region\" data-template-id=\"false\">\n\t\t\t\t\t\t\t\t<div class=\"jet-toggle__content-inner\"><p><strong>Pre\u0219edinte: <br \/><\/strong>Prof. univ. dr. Muntean Carmen &#8211; Viorica<\/p><p><strong>Membri:<br \/><\/strong>Prof. univ. dr. Pa\u0219canu Ionela<br \/>Conf. univ. dr. Pop Marian<br \/>Conf. univ. dr. Stoian Adina<br \/>\u0218ef lucr. dr. Derzsi Zoltan<\/p><p><a href=\"https:\/\/umfst.ro\/fileadmin\/f_medicina_engleza\/materiale\/comisii_de_lucru\/2025\/UMFST-REG-FMLE-02_Formare_continua_si_rezidentiat.pdf\">Regulament<\/a><\/p><p><strong>Rapoartele comisiei<\/strong><\/p><p><a href=\"https:\/\/www.umfst.ro\/fileadmin\/f_medicina_engleza\/plan_raport\/2025\/Raport_comisie_rezidentiat_FMLE_ 2025.pdf\" data-wplink-url-error=\"true\">2025<\/a><br \/><a href=\"https:\/\/www.umfst.ro\/fileadmin\/f_medicina_engleza\/plan_raport\/2024\/Raport_Comisia pentru rezidentiat_2024.pdf\" data-wplink-url-error=\"true\">2024<\/a><br \/><a href=\"https:\/\/www.umfst.ro\/fileadmin\/f_medicina_engleza\/materiale\/comisii_de_lucru\/2023\/Raport_Comise formare continua si rezidentiat_FMLE_2023.pdf\" data-wplink-url-error=\"true\">2023<\/a><br \/><a href=\"https:\/\/www.umfst.ro\/fileadmin\/f_medicina_engleza\/materiale\/comisii_de_lucru\/2022\/Raport_Comisia de formare continua si rezidentiat_FMLE_2022.docx.pdf\" data-wplink-url-error=\"true\">2022<\/a><br \/><a href=\"https:\/\/www.umfst.ro\/fileadmin\/f_medicina_engleza\/materiale\/comisii_de_lucru\/2021\/Raport_Comisia de Rezidentiat_2021.doc.pdf\" data-wplink-url-error=\"true\">2021<\/a><br \/><a href=\"https:\/\/www.umfst.ro\/fileadmin\/f_medicina_engleza\/materiale\/comisii_de_lucru\/2020\/Raport_Comisia de Rezidentiat_2020.doc.pdf\" data-wplink-url-error=\"true\">2020<\/a><\/p><\/div>\n\t\t\t\t\t\t\t<\/div>\n\t\t\t\t\t\t<\/div><div class=\"jet-accordion__item jet-toggle jet-toggle-move-up-effect\">\n\t\t\t\t\t\t\t<div id=\"jet-toggle-control-1723\" class=\"jet-toggle__control elementor-menu-anchor\" data-toggle=\"3\" role=\"button\" tabindex=\"0\" aria-controls=\"jet-toggle-content-1723\" aria-expanded=\"false\" data-template-id=\"false\">\n\t\t\t\t\t\t\t\t<div class=\"jet-toggle__label-icon jet-toggle-icon-position-right\"><span class=\"jet-toggle__icon icon-normal jet-tabs-icon\"><svg xmlns=\"http:\/\/www.w3.org\/2000\/svg\" viewbox=\"0 0 448 512\"><path d=\"M256 80c0-17.7-14.3-32-32-32s-32 14.3-32 32V224H48c-17.7 0-32 14.3-32 32s14.3 32 32 32H192V432c0 17.7 14.3 32 32 32s32-14.3 32-32V288H400c17.7 0 32-14.3 32-32s-14.3-32-32-32H256V80z\"><\/path><\/svg><\/span><span class=\"jet-toggle__icon icon-active jet-tabs-icon\"><svg xmlns=\"http:\/\/www.w3.org\/2000\/svg\" viewbox=\"0 0 448 512\"><path d=\"M432 256c0 17.7-14.3 32-32 32L48 288c-17.7 0-32-14.3-32-32s14.3-32 32-32l352 0c17.7 0 32 14.3 32 32z\"><\/path><\/svg><\/span><\/div><div class=\"jet-toggle__label-text\">Comisia de evaluare \u0219i asigurare a calit\u0103\u021bii<\/div>\t\t\t\t\t\t\t<\/div>\n\t\t\t\t\t\t\t<div id=\"jet-toggle-content-1723\" class=\"jet-toggle__content\" data-toggle=\"3\" role=\"region\" data-template-id=\"false\">\n\t\t\t\t\t\t\t\t<div class=\"jet-toggle__content-inner\"><p><strong>Pre\u0219edinte: <br \/><\/strong>Prof. univ. dr. Gurzu-Prundaru Simona<\/p><p><strong>Membri:<br \/><\/strong>Prof. univ. dr. Bac\u00e2rea Anca<br \/>Prof. univ. dr. N\u0103d\u0103\u0219an Valentin<br \/>Conf. univ. dr. Porav Hodade Daniel<br \/>Conf. univ. dr. Varga Andreea<br \/>Asist. univ. dr. B\u0103nceu Cosmin<br \/>Asist. univ. dr. Kosovski Bianca<br \/>Student Blaga Diana<\/p><p><a href=\"https:\/\/umfst.ro\/fileadmin\/f_medicina_engleza\/materiale\/comisii_de_lucru\/2025\/UMFST-REG-FMLE-03_Calitate.pdf\">Regulamentul comisiei<\/a><\/p><p><strong>2025<br \/><\/strong><a href=\"https:\/\/www.umfst.ro\/fileadmin\/f_medicina_engleza\/plan_raport\/2025\/Raport_anual_al_CEAC_FMLE_2025.pdf\">Raport anual al comisiei<\/a><br \/><a href=\"https:\/\/umfst.ro\/fileadmin\/f_medicina_engleza\/plan_raport\/2026\/Programare_REI_FMLE_2026.pdf\" data-uw-pdf-br=\"2\" data-uw-pdf-doc=\"\">Program anual de evaluare intern\u0103 a programelor de studii<\/a><br \/><a href=\"https:\/\/umfst.ro\/fileadmin\/f_medicina_engleza\/plan_raport\/2025\/Raport_evaluare_activitate_cadre_didactice_FMLE_2025.pdf\" data-uw-pdf-br=\"2\" data-uw-pdf-doc=\"\">Raport sintetic privind evaluarea performan\u021belor profesionale ale cadrelor didactice<\/a><\/p><p><a href=\"https:\/\/www.umfst.ro\/fileadmin\/f_medicina_engleza\/plan_raport\/2024\/Raport_Comisia de evaluare si asigurare a calitatii _2024.pdf\" data-wplink-url-error=\"true\">2024<\/a><br \/><a href=\"https:\/\/www.umfst.ro\/fileadmin\/f_medicina_engleza\/materiale\/comisii_de_lucru\/2023\/Raport_Comisia de Evaluare si Asigurare a Calitatii_FMLE_2023.pdf\" data-wplink-url-error=\"true\">2023<\/a><br \/><a href=\"https:\/\/www.umfst.ro\/fileadmin\/f_medicina_engleza\/materiale\/comisii_de_lucru\/2022\/Raport_Comisia de Evaluare si Asigurare a Calitatii_FMLE_2022.doc.pdf\" data-wplink-url-error=\"true\">2022<\/a><br \/><a href=\"https:\/\/www.umfst.ro\/fileadmin\/f_medicina_engleza\/materiale\/comisii_de_lucru\/2021\/Raport_Comisia de Evaluare si Asigurare a Calitatii_FMLE_2021.doc.pdf\" data-wplink-url-error=\"true\">2021<\/a><br \/><a href=\"https:\/\/www.umfst.ro\/fileadmin\/f_medicina_engleza\/materiale\/comisii_de_lucru\/2020\/Raport_Comisia de Evaluare si Asigurare a Calitatii_2020.doc.pdf\" data-wplink-url-error=\"true\">2020<\/a><\/p><\/div>\n\t\t\t\t\t\t\t<\/div>\n\t\t\t\t\t\t<\/div><div class=\"jet-accordion__item jet-toggle jet-toggle-move-up-effect\">\n\t\t\t\t\t\t\t<div id=\"jet-toggle-control-1724\" class=\"jet-toggle__control elementor-menu-anchor\" data-toggle=\"4\" role=\"button\" tabindex=\"0\" aria-controls=\"jet-toggle-content-1724\" aria-expanded=\"false\" data-template-id=\"false\">\n\t\t\t\t\t\t\t\t<div class=\"jet-toggle__label-icon jet-toggle-icon-position-right\"><span class=\"jet-toggle__icon icon-normal jet-tabs-icon\"><svg xmlns=\"http:\/\/www.w3.org\/2000\/svg\" viewbox=\"0 0 448 512\"><path d=\"M256 80c0-17.7-14.3-32-32-32s-32 14.3-32 32V224H48c-17.7 0-32 14.3-32 32s14.3 32 32 32H192V432c0 17.7 14.3 32 32 32s32-14.3 32-32V288H400c17.7 0 32-14.3 32-32s-14.3-32-32-32H256V80z\"><\/path><\/svg><\/span><span class=\"jet-toggle__icon icon-active jet-tabs-icon\"><svg xmlns=\"http:\/\/www.w3.org\/2000\/svg\" viewbox=\"0 0 448 512\"><path d=\"M432 256c0 17.7-14.3 32-32 32L48 288c-17.7 0-32-14.3-32-32s14.3-32 32-32l352 0c17.7 0 32 14.3 32 32z\"><\/path><\/svg><\/span><\/div><div class=\"jet-toggle__label-text\">Comisia de consiliere \u0219i orientare \u00een carier\u0103<\/div>\t\t\t\t\t\t\t<\/div>\n\t\t\t\t\t\t\t<div id=\"jet-toggle-content-1724\" class=\"jet-toggle__content\" data-toggle=\"4\" role=\"region\" data-template-id=\"false\">\n\t\t\t\t\t\t\t\t<div class=\"jet-toggle__content-inner\"><p><strong>Pre\u0219edinte: <br \/><\/strong>\u015eef lucr. dr. Popa Octavian-Cosmin<\/p><p><strong>Membri: <br \/><\/strong>Prof. univ.dr. Mihai Adriana<br \/>Conf. univ.dr. Tr\u00e2mbi\u021ba\u0219 Cristian<br \/>Conf. univ.dr. Nemes Nagy Eniko<br \/>\u015eef lucr. dr. Gliga Florina Ioana<br \/>Secretar \u0218ef Gro\u0219an Dan<\/p><p><a href=\"https:\/\/umfst.ro\/fileadmin\/f_medicina_engleza\/materiale\/comisii_de_lucru\/2025\/UMFST-REG-FMLE-04_Orientare_in_cariera.pdf\">Regulament<\/a><\/p><p><strong>Rapoartele comisiei<\/strong><\/p><p><a href=\"https:\/\/www.umfst.ro\/fileadmin\/f_medicina_engleza\/plan_raport\/2025\/Raport_CCOC_2025.pdf\">2025<\/a><br \/><a href=\"https:\/\/www.umfst.ro\/fileadmin\/f_medicina_engleza\/plan_raport\/2024\/Raport_Comisia de consiliere si orientare in cariera_2024.pdf\" data-wplink-url-error=\"true\">2024<\/a><br \/><a href=\"https:\/\/www.umfst.ro\/fileadmin\/f_medicina_engleza\/materiale\/comisii_de_lucru\/2023\/Raport_Comisie consiliere si orientare in cariera_FMLE_2023.pdf\" data-wplink-url-error=\"true\">2023<\/a><br \/><a href=\"https:\/\/www.umfst.ro\/fileadmin\/f_medicina_engleza\/materiale\/comisii_de_lucru\/2022\/Raport_Comisia de consiliere si orientare in cariera_FMLE_2022.docx.pdf\" data-wplink-url-error=\"true\">2022<\/a><br \/><a href=\"https:\/\/www.umfst.ro\/fileadmin\/f_medicina_engleza\/materiale\/comisii_de_lucru\/2021\/Raport_CCOC_2021_FMLE.docx.pdf\">2021<\/a><br \/><a href=\"https:\/\/www.umfst.ro\/fileadmin\/f_medicina_engleza\/materiale\/comisii_de_lucru\/2020\/Raport_Comisia de consiliere si orientare in cariera_FMLE_2020.docx.pdf\" data-wplink-url-error=\"true\">2020<\/a><\/p><\/div>\n\t\t\t\t\t\t\t<\/div>\n\t\t\t\t\t\t<\/div><div class=\"jet-accordion__item jet-toggle jet-toggle-move-up-effect\">\n\t\t\t\t\t\t\t<div id=\"jet-toggle-control-1725\" class=\"jet-toggle__control elementor-menu-anchor\" data-toggle=\"5\" role=\"button\" tabindex=\"0\" aria-controls=\"jet-toggle-content-1725\" aria-expanded=\"false\" data-template-id=\"false\">\n\t\t\t\t\t\t\t\t<div class=\"jet-toggle__label-icon jet-toggle-icon-position-right\"><span class=\"jet-toggle__icon icon-normal jet-tabs-icon\"><svg xmlns=\"http:\/\/www.w3.org\/2000\/svg\" viewbox=\"0 0 448 512\"><path d=\"M256 80c0-17.7-14.3-32-32-32s-32 14.3-32 32V224H48c-17.7 0-32 14.3-32 32s14.3 32 32 32H192V432c0 17.7 14.3 32 32 32s32-14.3 32-32V288H400c17.7 0 32-14.3 32-32s-14.3-32-32-32H256V80z\"><\/path><\/svg><\/span><span class=\"jet-toggle__icon icon-active jet-tabs-icon\"><svg xmlns=\"http:\/\/www.w3.org\/2000\/svg\" viewbox=\"0 0 448 512\"><path d=\"M432 256c0 17.7-14.3 32-32 32L48 288c-17.7 0-32-14.3-32-32s14.3-32 32-32l352 0c17.7 0 32 14.3 32 32z\"><\/path><\/svg><\/span><\/div><div class=\"jet-toggle__label-text\">Comisia de cercetare \u0219tiin\u021bific\u0103<\/div>\t\t\t\t\t\t\t<\/div>\n\t\t\t\t\t\t\t<div id=\"jet-toggle-content-1725\" class=\"jet-toggle__content\" data-toggle=\"5\" role=\"region\" data-template-id=\"false\">\n\t\t\t\t\t\t\t\t<div class=\"jet-toggle__content-inner\"><p><strong>Pre\u0219edinte: <br \/><\/strong>Prof. univ. dr. Gurzu-Prundaru Simona<\/p><p><strong>Membri:<br \/><\/strong>Prof. univ. dr. Man Adrian<br \/>Conf. univ. dr. Olah Peter<br \/>Conf. dr. Nechifor \u2013Boil\u0103 Adela Corina<br \/>Asist. univ. dr. C\u0103lburean Paul<\/p><p><a href=\"https:\/\/umfst.ro\/fileadmin\/f_medicina_engleza\/materiale\/comisii_de_lucru\/2025\/UMFST-REG-FMLE-05_Cercetare_Stiintifica.pdf\">Regulament<\/a><\/p><p><strong>Rapoartele comisiei<\/strong><\/p><p><a href=\"https:\/\/www.umfst.ro\/fileadmin\/f_medicina_engleza\/plan_raport\/2025\/Raport_Comisia_de_cercetare_stiintifica_2025.pdf\">2025<\/a><br \/><a href=\"https:\/\/www.umfst.ro\/fileadmin\/f_medicina_engleza\/plan_raport\/2024\/Raport_Comisia de cercetare stiintifica_2024.pdf\" data-wplink-url-error=\"true\">2024<\/a><br \/><a href=\"https:\/\/www.umfst.ro\/fileadmin\/f_medicina_engleza\/materiale\/comisii_de_lucru\/2023\/Raport_Comisie cercetare stiintifica_FMLE_2023.pdf\" data-wplink-url-error=\"true\">2023<\/a><br \/><a href=\"https:\/\/www.umfst.ro\/fileadmin\/f_medicina_engleza\/materiale\/comisii_de_lucru\/2022\/Raport_Comisia de cercetare stiintifica_FMLE_2022.doc.pdf\" data-wplink-url-error=\"true\">2022<\/a><br \/><a href=\"https:\/\/www.umfst.ro\/fileadmin\/f_medicina_engleza\/materiale\/comisii_de_lucru\/2021\/Raport_Comisie cercetare stiintifica_FMLE_2021.doc.pdf\" data-wplink-url-error=\"true\">2021<\/a><br \/><a href=\"https:\/\/www.umfst.ro\/fileadmin\/f_medicina_engleza\/materiale\/comisii_de_lucru\/2020\/Raport_Comisia de Cercetare stiintifica_2020.doc.pdf\" data-wplink-url-error=\"true\">2020<\/a><\/p><\/div>\n\t\t\t\t\t\t\t<\/div>\n\t\t\t\t\t\t<\/div><div class=\"jet-accordion__item jet-toggle jet-toggle-move-up-effect\">\n\t\t\t\t\t\t\t<div id=\"jet-toggle-control-1726\" class=\"jet-toggle__control elementor-menu-anchor\" data-toggle=\"6\" role=\"button\" tabindex=\"0\" aria-controls=\"jet-toggle-content-1726\" aria-expanded=\"false\" data-template-id=\"false\">\n\t\t\t\t\t\t\t\t<div class=\"jet-toggle__label-icon jet-toggle-icon-position-right\"><span class=\"jet-toggle__icon icon-normal jet-tabs-icon\"><svg xmlns=\"http:\/\/www.w3.org\/2000\/svg\" viewbox=\"0 0 448 512\"><path d=\"M256 80c0-17.7-14.3-32-32-32s-32 14.3-32 32V224H48c-17.7 0-32 14.3-32 32s14.3 32 32 32H192V432c0 17.7 14.3 32 32 32s32-14.3 32-32V288H400c17.7 0 32-14.3 32-32s-14.3-32-32-32H256V80z\"><\/path><\/svg><\/span><span class=\"jet-toggle__icon icon-active jet-tabs-icon\"><svg xmlns=\"http:\/\/www.w3.org\/2000\/svg\" viewbox=\"0 0 448 512\"><path d=\"M432 256c0 17.7-14.3 32-32 32L48 288c-17.7 0-32-14.3-32-32s14.3-32 32-32l352 0c17.7 0 32 14.3 32 32z\"><\/path><\/svg><\/span><\/div><div class=\"jet-toggle__label-text\">Comisia pentru recunoa\u0219terea creditelor ECTS<\/div>\t\t\t\t\t\t\t<\/div>\n\t\t\t\t\t\t\t<div id=\"jet-toggle-content-1726\" class=\"jet-toggle__content\" data-toggle=\"6\" role=\"region\" data-template-id=\"false\">\n\t\t\t\t\t\t\t\t<div class=\"jet-toggle__content-inner\"><p><strong>Pre\u0219edinte: <br \/><\/strong>Prof. univ. dr. Mure\u0219an Simona-Silviana<\/p><p><strong>Membri:<br \/><\/strong>Prof. univ. dr. Gurzu-Prundaru Simona<br \/>Prof. univ.dr. Bac\u00e2rea Anca<br \/>Conf. univ. dr. Varga Andreea<br \/>\u0218ef lucr. dr. Banias Laura<br \/>\u0218ef lucr. dr. Chinezu Laura \u2013 coordonator echivalare credite ERASMUS<br \/>\u0218ef lucr. dr. Nechifor Boil\u0103 Alin<\/p><p><a href=\"https:\/\/umfst.ro\/fileadmin\/f_medicina_engleza\/materiale\/comisii_de_lucru\/2025\/UMFST-REG-FMLE-06_ECTS.pdf\">Regulament<\/a><\/p><p><strong>Rapoartele comisiei<\/strong><\/p><p><a href=\"https:\/\/www.umfst.ro\/fileadmin\/f_medicina_engleza\/plan_raport\/2025\/Raport_comisie_ECTS.pdf\">2025<\/a><br \/><a href=\"https:\/\/www.umfst.ro\/fileadmin\/f_medicina_engleza\/plan_raport\/2024\/Raport_Comisia ECTS_2024.pdf\" data-wplink-url-error=\"true\">2024<\/a><br \/><a href=\"https:\/\/www.umfst.ro\/fileadmin\/f_medicina_engleza\/materiale\/comisii_de_lucru\/2023\/Raport_Comisie_ECTS_FMLE_2023.pdf\">2023<\/a><br \/><a href=\"https:\/\/www.umfst.ro\/fileadmin\/f_medicina_engleza\/materiale\/comisii_de_lucru\/2022\/Raport_Comisie ECTS_FMLE_2022.docx.pdf\" data-wplink-url-error=\"true\">2022<\/a><br \/><a href=\"https:\/\/www.umfst.ro\/fileadmin\/f_medicina_engleza\/materiale\/comisii_de_lucru\/2021\/Raport_Comisie ECTS_2021.doc.pdf\" data-wplink-url-error=\"true\">2021<\/a><br \/><a href=\"https:\/\/www.umfst.ro\/fileadmin\/f_medicina_engleza\/materiale\/comisii_de_lucru\/2020\/Raport_Comisie ECTS_2020.doc.pdf\" data-wplink-url-error=\"true\">2020<\/a><\/p><\/div>\n\t\t\t\t\t\t\t<\/div>\n\t\t\t\t\t\t<\/div><div class=\"jet-accordion__item jet-toggle jet-toggle-move-up-effect\">\n\t\t\t\t\t\t\t<div id=\"jet-toggle-control-1727\" class=\"jet-toggle__control elementor-menu-anchor\" data-toggle=\"7\" role=\"button\" tabindex=\"0\" aria-controls=\"jet-toggle-content-1727\" aria-expanded=\"false\" data-template-id=\"false\">\n\t\t\t\t\t\t\t\t<div class=\"jet-toggle__label-icon jet-toggle-icon-position-right\"><span class=\"jet-toggle__icon icon-normal jet-tabs-icon\"><svg xmlns=\"http:\/\/www.w3.org\/2000\/svg\" viewbox=\"0 0 448 512\"><path d=\"M256 80c0-17.7-14.3-32-32-32s-32 14.3-32 32V224H48c-17.7 0-32 14.3-32 32s14.3 32 32 32H192V432c0 17.7 14.3 32 32 32s32-14.3 32-32V288H400c17.7 0 32-14.3 32-32s-14.3-32-32-32H256V80z\"><\/path><\/svg><\/span><span class=\"jet-toggle__icon icon-active jet-tabs-icon\"><svg xmlns=\"http:\/\/www.w3.org\/2000\/svg\" viewbox=\"0 0 448 512\"><path d=\"M432 256c0 17.7-14.3 32-32 32L48 288c-17.7 0-32-14.3-32-32s14.3-32 32-32l352 0c17.7 0 32 14.3 32 32z\"><\/path><\/svg><\/span><\/div><div class=\"jet-toggle__label-text\">Comisia pentru probleme studen\u021be\u0219ti<\/div>\t\t\t\t\t\t\t<\/div>\n\t\t\t\t\t\t\t<div id=\"jet-toggle-content-1727\" class=\"jet-toggle__content\" data-toggle=\"7\" role=\"region\" data-template-id=\"false\">\n\t\t\t\t\t\t\t\t<div class=\"jet-toggle__content-inner\"><p><strong>Pre\u0219edinte: <br \/><\/strong>Prof. univ. dr. Man Adrian<\/p><p><strong>Membri:<br \/><\/strong>Conf. univ. dr. Varga Andreea<br \/>\u0218ef lucr. dr. Chi\u0219 Monica<br \/>\u0218ef lucr. dr. S\u0103s\u0103ran Oana<br \/>\u0218ef lucr. dr. Ban Erika<br \/>Secretar \u0219ef Gro\u0219an Dan<br \/>Student Ribaudo Titus Augustin<\/p><p><a href=\"https:\/\/umfst.ro\/fileadmin\/f_medicina_engleza\/materiale\/comisii_de_lucru\/2025\/UMFST-REG-FMLE-07_Probleme_studentesti.pdf\">Regulament<\/a><\/p><p><strong>Rapoartele comisiei<\/strong><\/p><p><a href=\"https:\/\/www.umfst.ro\/fileadmin\/f_medicina_engleza\/plan_raport\/2025\/Raport_Comisie_probleme_studentesti_pentru_2025.pdf\">2025<\/a><br \/><a href=\"https:\/\/www.umfst.ro\/fileadmin\/f_medicina_engleza\/plan_raport\/2024\/Raport_Comisie probleme studentesti pentru 2024.pdf\" data-wplink-url-error=\"true\">2024<\/a><br \/><a href=\"https:\/\/www.umfst.ro\/fileadmin\/f_medicina_engleza\/materiale\/comisii_de_lucru\/2023\/Raport_Comisie probleme studentesti_FMLE_2023.pdf\" data-wplink-url-error=\"true\">2023<\/a><br \/><a href=\"https:\/\/www.umfst.ro\/fileadmin\/f_medicina_engleza\/materiale\/comisii_de_lucru\/2022\/RAPORT PROBLEME STUDENTESTI 2022.pdf\" data-wplink-url-error=\"true\">2022<\/a><br \/><a href=\"https:\/\/www.umfst.ro\/fileadmin\/f_medicina_engleza\/materiale\/comisii_de_lucru\/2021\/RAPORT ACTIVITATE PROBLEME STUDENTESTI 2021.pdf\" data-wplink-url-error=\"true\">2021<\/a><br \/><a href=\"https:\/\/www.umfst.ro\/fileadmin\/f_medicina_engleza\/materiale\/comisii_de_lucru\/2020\/Raport_Comisie probleme studentesti 2020.docx.pdf\" data-wplink-url-error=\"true\">2020<\/a><\/p><\/div>\n\t\t\t\t\t\t\t<\/div>\n\t\t\t\t\t\t<\/div>\t\t\t<\/div>\n\t\t<\/div>\n\t\t\t\t\t\t<\/div>\n\t\t\t\t<\/div>\n\t\t\t\t\t<\/div>\n\t\t<\/div>\n\t\t\t\t\t<\/div>\n\t\t<\/section>\n\t\t\t\t<\/div>","protected":false},"excerpt":{"rendered":"<p>Comisia de strategie, reform\u0103 \u0219i dezvoltare curricular\u0103 Pre\u0219edinte: Prof. univ. dr. Gurzu-Prundaru Simona Membri: Prof. univ. dr. Mure\u0219an Simona-SilvianaProf. univ. dr. Bac\u00e2rea AncaProf. univ. dr. Tilinc\u0103 Mariana-CorneliaProf. univ. dr. Man AdrianConf. univ. dr. Varga AndreeaConf. univ.dr. Laz\u0103r Alexandra Regulament Rapoartele comisiei 202520242023202220212020 Comisia de formare continu\u0103 \u0219i reziden\u021biat Pre\u0219edinte: Prof. univ. dr. Muntean Carmen &#8211; [&hellip;]<\/p>\n","protected":false},"author":4,"featured_media":0,"parent":36,"menu_order":0,"comment_status":"closed","ping_status":"closed","template":"","meta":{"_relevanssi_hide_post":"","_relevanssi_hide_content":"","_relevanssi_pin_for_all":"","_relevanssi_pin_keywords":"","_relevanssi_unpin_keywords":"","_relevanssi_related_keywords":"","_relevanssi_related_include_ids":"","_relevanssi_related_exclude_ids":"","_relevanssi_related_no_append":"","_relevanssi_related_not_related":"","_relevanssi_related_posts":"1","_relevanssi_noindex_reason":"","footnotes":""},"categories":[12],"tags":[],"class_list":["post-44","page","type-page","status-publish","hentry","category-pagina-cu-sidebar"],"meta_box":[],"_links":{"self":[{"href":"https:\/\/umfst.ro\/medicina-engleza\/hu\/wp-json\/wp\/v2\/pages\/44","targetHints":{"allow":["GET"]}}],"collection":[{"href":"https:\/\/umfst.ro\/medicina-engleza\/hu\/wp-json\/wp\/v2\/pages"}],"about":[{"href":"https:\/\/umfst.ro\/medicina-engleza\/hu\/wp-json\/wp\/v2\/types\/page"}],"author":[{"embeddable":true,"href":"https:\/\/umfst.ro\/medicina-engleza\/hu\/wp-json\/wp\/v2\/users\/4"}],"replies":[{"embeddable":true,"href":"https:\/\/umfst.ro\/medicina-engleza\/hu\/wp-json\/wp\/v2\/comments?post=44"}],"version-history":[{"count":117,"href":"https:\/\/umfst.ro\/medicina-engleza\/hu\/wp-json\/wp\/v2\/pages\/44\/revisions"}],"predecessor-version":[{"id":3244,"href":"https:\/\/umfst.ro\/medicina-engleza\/hu\/wp-json\/wp\/v2\/pages\/44\/revisions\/3244"}],"up":[{"embeddable":true,"href":"https:\/\/umfst.ro\/medicina-engleza\/hu\/wp-json\/wp\/v2\/pages\/36"}],"wp:attachment":[{"href":"https:\/\/umfst.ro\/medicina-engleza\/hu\/wp-json\/wp\/v2\/media?parent=44"}],"wp:term":[{"taxonomy":"category","embeddable":true,"href":"https:\/\/umfst.ro\/medicina-engleza\/hu\/wp-json\/wp\/v2\/categories?post=44"},{"taxonomy":"post_tag","embeddable":true,"href":"https:\/\/umfst.ro\/medicina-engleza\/hu\/wp-json\/wp\/v2\/tags?post=44"}],"curies":[{"name":"wp","href":"https:\/\/api.w.org\/{rel}","templated":true}]}}