{"id":55,"date":"2022-11-16T10:13:15","date_gmt":"2022-11-16T10:13:15","guid":{"rendered":"https:\/\/dev.umfst.ro\/medicina-engleza\/?page_id=55"},"modified":"2026-03-10T07:45:12","modified_gmt":"2026-03-10T07:45:12","slug":"departamentul-me2-discipline-clinice","status":"publish","type":"page","link":"https:\/\/umfst.ro\/medicina-engleza\/hu\/departamente-si-discipline\/departamentul-me2-discipline-clinice\/","title":{"rendered":"Departamentul ME2 \u2013 Discipline Clinice"},"content":{"rendered":"<div data-elementor-type=\"wp-page\" data-elementor-id=\"55\" class=\"elementor elementor-55\" data-elementor-post-type=\"page\">\n\t\t\t\t\t\t<section class=\"elementor-section elementor-top-section elementor-element elementor-element-8cafba5 elementor-section-boxed elementor-section-height-default elementor-section-height-default\" data-id=\"8cafba5\" data-element_type=\"section\" data-e-type=\"section\">\n\t\t\t\t\t\t<div class=\"elementor-container elementor-column-gap-default\">\n\t\t\t\t\t<div class=\"elementor-column elementor-col-100 elementor-top-column elementor-element elementor-element-3769424f\" data-id=\"3769424f\" data-element_type=\"column\" data-e-type=\"column\">\n\t\t\t<div class=\"elementor-widget-wrap elementor-element-populated\">\n\t\t\t\t\t\t<div class=\"elementor-element elementor-element-8d6cf1b elementor-widget elementor-widget-text-editor\" data-id=\"8d6cf1b\" data-element_type=\"widget\" data-e-type=\"widget\" data-widget_type=\"text-editor.default\">\n\t\t\t\t<div class=\"elementor-widget-container\">\n\t\t\t\t\t\t\t\t\t<h2><strong>Membrii departamentului ME2<\/strong><\/h2><p><strong>Director:<\/strong><\/p><p>Prof. univ. dr. Tilinca Mariana-Cornelia \u2013 <a href=\"https:\/\/www.umfst.ro\/fileadmin\/f_medicina_engleza\/cadre_didactice\/2025\/CV_FMLE_RO\/CV site_UMFST_Ro_Tilinca Mariana.pdf\" data-wplink-url-error=\"true\">CV<\/a><\/p><p><strong>Membrii Consiliul Departamentului:<\/strong><\/p><p>Prof. univ. dr. Mure\u0219an Simona-Silviana \u2013 <a href=\"https:\/\/www.umfst.ro\/fileadmin\/f_medicina_engleza\/cadre_didactice\/2025\/CV_FMLE_RO\/CV site_UMFST_Ro_Muresan Simona.pdf\" data-wplink-url-error=\"true\">CV<\/a><br \/>Prof. univ. dr. B\u0103la\u0219a Rodica-Ioana \u2013 <a href=\"https:\/\/www.umfst.ro\/fileadmin\/f_medicina_engleza\/cadre_didactice\/2025\/CV_FMLE_RO\/CV site_UMFST_Balasa Rodica.pdf\" data-wplink-url-error=\"true\">CV<\/a><br \/>Prof. univ. dr. Pa\u0219canu Maria-Ionela \u2013 <a href=\"https:\/\/www.umfst.ro\/fileadmin\/f_medicina_engleza\/cadre_didactice\/2025\/CV_FMLE_RO\/CV site_UMFST_Ro_Pascanu Ionela.pdf\" data-wplink-url-error=\"true\">CV<\/a><br \/>Prof. univ. dr. Muntean Carmen-Viorica \u2013 <a href=\"https:\/\/www.umfst.ro\/fileadmin\/f_medicina_engleza\/cadre_didactice\/2025\/CV_FMLE_RO\/CV site_UMFST_Ro_Muntean Carmen.pdf\" data-wplink-url-error=\"true\">CV<\/a><br \/>Prof. univ. dr. Porav-Hodade Daniel \u2013 <a href=\"https:\/\/www.umfst.ro\/fileadmin\/f_medicina_engleza\/cadre_didactice\/2025\/CV_FMLE_RO\/CV site_UMFST_Ro_Porav-Hodade Daniel.pdf\" data-wplink-url-error=\"true\">CV<\/a><br \/>Prof. univ. dr. Varga Andreea \u2013 <a href=\"https:\/\/www.umfst.ro\/fileadmin\/f_medicina_engleza\/cadre_didactice\/2025\/CV_FMLE_RO\/CV site_UMFST_Ro_Varga Andreea.pdf\" data-wplink-url-error=\"true\">CV<\/a><br \/>Conf. univ. dr. Russu Eliza \u2013 <a href=\"https:\/\/www.umfst.ro\/fileadmin\/f_medicina_engleza\/cadre_didactice\/2025\/CV_FMLE_RO\/CV site_UMFST_Ro_Russu Eliza.pdf\" data-wplink-url-error=\"true\">CV<\/a><br \/>Conf. univ. dr. Pop Marian \u2013 <a href=\"https:\/\/www.umfst.ro\/fileadmin\/f_medicina_engleza\/cadre_didactice\/2025\/CV_FMLE_RO\/CV site_UMFST_Pop Marian .pdf\" data-wplink-url-error=\"true\">CV<\/a><br \/>\u0218ef lucr. dr. Chinezu Rares \u2013 <a href=\"https:\/\/www.umfst.ro\/fileadmin\/f_medicina_engleza\/cadre_didactice\/2025\/CV_FMLE_RO\/CV site_UMFST_Ro_Chinezu Rares.pdf\" data-wplink-url-error=\"true\">CV<\/a><br \/>\u0218ef lucr. dr. Derzsi Zolt\u00e1n \u2013 <a href=\"https:\/\/www.umfst.ro\/fileadmin\/f_medicina_engleza\/cadre_didactice\/2025\/CV_FMLE_RO\/CV site_UMFST_Derzsi Zoltan.pdf\" data-wplink-url-error=\"true\">CV<\/a><\/p><p><strong>Membri:<\/strong><br \/>Prof. univ. dr. Dobru Ecaterina-Daniela \u2013 <a href=\"https:\/\/www.umfst.ro\/fileadmin\/f_medicina_engleza\/cadre_didactice\/2025\/CV_FMLE_RO\/CV site_UMFST_Ro_Dobru Ecaterina Daniela.pdf\" data-wplink-url-error=\"true\">CV<\/a><br \/>Prof. univ. dr. Pu\u0219ca\u0219iu Lucian &#8211; <a href=\"https:\/\/www.umfst.ro\/fileadmin\/f_medicina_engleza\/cadre_didactice\/2025\/CV_FMLE_RO\/CV site_UMFST_Puscasiu Lucian.pdf\" data-wplink-url-error=\"true\">CV<\/a><br \/>Prof. univ. dr. Tilinca Mariana-Cornelia \u2013 <a href=\"https:\/\/www.umfst.ro\/fileadmin\/f_medicina_engleza\/cadre_didactice\/2025\/CV_FMLE_RO\/CV site_UMFST_Ro_Tilinca Mariana.pdf\" data-wplink-url-error=\"true\">CV<\/a><br \/>Prof. univ. dr. B\u0103la\u0219a Rodica-Ioana \u2013 <a href=\"https:\/\/www.umfst.ro\/fileadmin\/f_medicina_engleza\/cadre_didactice\/2025\/CV_FMLE_RO\/CV site_UMFST_Balasa Rodica.pdf\" data-wplink-url-error=\"true\">CV<\/a><br \/>Prof. univ. dr. Pa\u0219canu Maria-Ionela \u2013 <a href=\"https:\/\/www.umfst.ro\/fileadmin\/f_medicina_engleza\/cadre_didactice\/2025\/CV_FMLE_RO\/CV site_UMFST_Ro_Pascanu Ionela.pdf\" data-wplink-url-error=\"true\">CV<\/a><br \/>Prof. univ. dr. Mihai Adriana \u2013 <a href=\"https:\/\/www.umfst.ro\/fileadmin\/f_medicina_engleza\/cadre_didactice\/2025\/CV_FMLE_RO\/CV site_UMFST_Mihai Adriana.pdf\" data-wplink-url-error=\"true\">CV<\/a><br \/>Prof. univ. dr. Muntean Carmen-Viorica \u2013 <a href=\"https:\/\/www.umfst.ro\/fileadmin\/f_medicina_engleza\/cadre_didactice\/2025\/CV_FMLE_RO\/CV site_UMFST_Ro_Muntean Carmen.pdf\" data-wplink-url-error=\"true\">CV<\/a><br \/>Prof. univ. dr. Mure\u0219an Simona-Silviana \u2013 <a href=\"https:\/\/www.umfst.ro\/fileadmin\/f_medicina_engleza\/cadre_didactice\/2025\/CV_FMLE_RO\/CV site_UMFST_Ro_Muresan Simona.pdf\" data-wplink-url-error=\"true\">CV<\/a><br \/>Prof. univ. dr. Porav-Hodade Daniel \u2013 <a href=\"https:\/\/www.umfst.ro\/fileadmin\/f_medicina_engleza\/cadre_didactice\/2025\/CV_FMLE_RO\/CV site_UMFST_Ro_Porav-Hodade Daniel.pdf\" data-wplink-url-error=\"true\">CV<\/a><br \/>Prof. univ. dr. Neago\u0219 Adriana \u2013 <a href=\"https:\/\/www.umfst.ro\/fileadmin\/f_medicina_engleza\/cadre_didactice\/2025\/CV_FMLE_RO\/CV site_UMFST_Ro_Neagos Adriana.pdf\" data-wplink-url-error=\"true\">CV<\/a><br \/>Prof. univ. dr. Varga Andreea \u2013 <a href=\"https:\/\/www.umfst.ro\/fileadmin\/f_medicina_engleza\/cadre_didactice\/2025\/CV_FMLE_RO\/CV site_UMFST_Ro_Varga Andreea.pdf\" data-wplink-url-error=\"true\">CV<\/a><br \/>Conf. univ. dr. Moldovan Hora\u021biu Remus \u2013 CV<br \/>Conf. univ. dr. Russu Eliza \u2013 <a href=\"https:\/\/www.umfst.ro\/fileadmin\/f_medicina_engleza\/cadre_didactice\/2025\/CV_FMLE_RO\/CV site_UMFST_Ro_Russu Eliza.pdf\" data-wplink-url-error=\"true\">CV<\/a><br \/>Conf. univ. dr. Oni\u0219or Danusia-Maria \u2013 <a href=\"https:\/\/www.umfst.ro\/fileadmin\/f_medicina_engleza\/cadre_didactice\/2025\/CV_FMLE_RO\/CV site_UMFST_Ro_Onisor Danusia.pdf\" data-wplink-url-error=\"true\">CV<\/a><br \/>Conf. univ. dr. Laz\u0103r Alexandra-Elena \u2013 <a href=\"https:\/\/www.umfst.ro\/fileadmin\/f_medicina_engleza\/cadre_didactice\/2025\/CV_FMLE_RO\/CV site_UMFST_Lazar Alexandra.pdf\" data-wplink-url-error=\"true\">CV<\/a><br \/>Conf. univ. dr. Tr\u00e2mbi\u021ba\u0219 Cristian \u00a0\u2013 <a href=\"https:\/\/www.umfst.ro\/fileadmin\/f_medicina_engleza\/cadre_didactice\/2025\/CV_FMLE_RO\/CV site_UMFST_Trambitas Cristian.pdf\" data-wplink-url-error=\"true\">CV<\/a><br \/>Conf. univ. dr. Pop Marian \u2013 <a href=\"https:\/\/www.umfst.ro\/fileadmin\/f_medicina_engleza\/cadre_didactice\/2025\/CV_FMLE_RO\/CV site_UMFST_Pop Marian .pdf\" data-wplink-url-error=\"true\">CV<\/a><br \/>\u0218ef lucr. dr. Bodescu Virginia \u2013 <a href=\"https:\/\/www.umfst.ro\/fileadmin\/f_medicina_engleza\/cadre_didactice\/2025\/CV_FMLE_RO\/CV site_UMFST_Bodescu Virginia.pdf\" data-wplink-url-error=\"true\">CV<\/a> <br \/>\u0218ef lucr. dr. Ro\u0219ca Ancu\u021ba-Noela \u2013 <a href=\"https:\/\/www.umfst.ro\/fileadmin\/f_medicina_engleza\/cadre_didactice\/2025\/CV_FMLE_RO\/CV site_UMFST_Ro_Rosca Ancuta Noela.pdf\" data-wplink-url-error=\"true\">CV<\/a><br \/>\u0218ef lucr. dr. Gliga Marius &#8211; <a href=\"https:\/\/www.umfst.ro\/fileadmin\/f_medicina_engleza\/cadre_didactice\/2025\/CV_FMLE_RO\/CV site_UMFST_Ro_Gliga Marius.pdf\" data-wplink-url-error=\"true\">CV<\/a><br \/>\u0218ef lucr. dr. Macarie Ioan \u2013 <a href=\"https:\/\/www.umfst.ro\/fileadmin\/f_medicina_engleza\/cadre_didactice\/2025\/CV_FMLE_RO\/CV site_UMFST_Ro_Macarie Ioan.pdf\" data-wplink-url-error=\"true\">CV<\/a><br \/>\u0218ef lucr. dr. Petri\u0219or Marius \u2013 <a href=\"https:\/\/www.umfst.ro\/fileadmin\/f_medicina_engleza\/cadre_didactice\/2025\/CV_FMLE_RO\/CV site_UMFST_Petrisor Marius.pdf\" data-wplink-url-error=\"true\">CV<\/a><br \/>\u0218ef lucr. dr. Chi\u0219 Monica &#8211; <a href=\"https:\/\/www.umfst.ro\/fileadmin\/f_medicina_engleza\/cadre_didactice\/2025\/CV_FMLE_RO\/CV site_UMFST_Ro_Monica Chis.pdf\" data-wplink-url-error=\"true\">CV<\/a><br \/>\u0218ef lucr. dr. \u0218incu-Bodnar Nina-Ioana \u2013 <a href=\"https:\/\/www.umfst.ro\/fileadmin\/f_medicina_engleza\/cadre_didactice\/2024\/ME_M2\/Sincu_Bodnar_Nina-Ioana_CV_RO.pdf\">CV<\/a><br \/>\u0218ef lucr. dr. Macarie Melania &#8211; <a href=\"https:\/\/www.umfst.ro\/fileadmin\/f_medicina_engleza\/cadre_didactice\/2025\/CV_FMLE_RO\/CV site_UMFST_Ro_Macarie Melania.pdf\" data-wplink-url-error=\"true\">CV<\/a><br \/>\u0218ef lucr. dr. Vultur Florina \u2013 <a href=\"https:\/\/www.umfst.ro\/fileadmin\/f_medicina_engleza\/cadre_didactice\/2025\/CV_FMLE_RO\/CV site_UMFST_Vultur Florina.pdf\" data-wplink-url-error=\"true\">CV<\/a><br \/>\u0218ef lucr. dr. Derzsi Zolt\u00e1n \u2013 <a href=\"https:\/\/www.umfst.ro\/fileadmin\/f_medicina_engleza\/cadre_didactice\/2025\/CV_FMLE_RO\/CV site_UMFST_Derzsi Zoltan.pdf\" data-wplink-url-error=\"true\">CV<\/a><br \/>\u0218ef lucr. dr. Stoica Mihai Ciprian \u2013 <a href=\"https:\/\/www.umfst.ro\/fileadmin\/f_medicina_engleza\/cadre_didactice\/2025\/CV_FMLE_RO\/CV site_UMFST_Ro_Stoica Mihai Ciprian.pdf\" data-wplink-url-error=\"true\">CV<\/a><br \/>\u0218ef lucr. dr. Borz Oliviu-Cristian \u2013 <a href=\"https:\/\/www.umfst.ro\/fileadmin\/f_medicina_engleza\/cadre_didactice\/2025\/CV_FMLE_RO\/CV site_UMFST_Ro_Borz Cristian Oliviu.pdf\" data-wplink-url-error=\"true\">CV<\/a><br \/>\u0218ef lucr. dr. Chinezu Rares \u2013 <a href=\"https:\/\/www.umfst.ro\/fileadmin\/f_medicina_engleza\/cadre_didactice\/2025\/CV_FMLE_RO\/CV site_UMFST_Ro_Chinezu Rares.pdf\" data-wplink-url-error=\"true\">CV<\/a><br \/>\u0218ef lucr. dr. Bauer Orsolya &#8211; <a href=\"https:\/\/www.umfst.ro\/fileadmin\/f_medicina_engleza\/cadre_didactice\/2025\/CV_FMLE_RO\/CV site_UMFST_Ro_Bauer Orsolya.pdf\" data-wplink-url-error=\"true\">CV<\/a><br \/>\u0218ef lucr. dr. Todea-Moga Ciprian-Doru \u2013 <a href=\"https:\/\/www.umfst.ro\/fileadmin\/f_medicina_engleza\/cadre_didactice\/2025\/CV_FMLE_RO\/CV site_UMFST_Todea Moga Ciprian.pdf\" data-wplink-url-error=\"true\">CV<\/a><br \/>\u0218ef lucr. dr. S\u0103s\u0103ran Maria-Oana \u2013 <a href=\"https:\/\/www.umfst.ro\/fileadmin\/f_medicina_engleza\/cadre_didactice\/2025\/CV_FMLE_RO\/CV site_UMFST_Ro_Sasaran Maria.pdf\" data-wplink-url-error=\"true\">CV<\/a><br \/>\u0218ef lucr. dr. S\u0103s\u0103ran Vl\u0103du\u021b-Bogdan \u2013 <a href=\"https:\/\/www.umfst.ro\/fileadmin\/f_medicina_engleza\/cadre_didactice\/2025\/CV_FMLE_RO\/CV site_UMFST_Ro_Sasaran Vladut Stefan Bogdan.pdf\" data-wplink-url-error=\"true\">CV<\/a><br \/>\u0218ef lucr. dr. Andone Adina-Maria \u2013 <a href=\"https:\/\/www.umfst.ro\/fileadmin\/f_medicina_engleza\/cadre_didactice\/2025\/CV_FMLE_RO\/CV site_UMFST_Andone Adina.pdf\" data-wplink-url-error=\"true\">CV<\/a><br \/>\u0218ef lucr. dr. Kadar Zoltan Szabolcs \u2013 <a href=\"https:\/\/www.umfst.ro\/fileadmin\/f_medicina_engleza\/cadre_didactice\/2025\/CV_FMLE_EN\/CV site_UMFST_En_Kadar_Zoltan_Szabolcs.pdf\" data-wplink-url-error=\"true\">CV<\/a><br \/>\u0218ef lucr. dr. Tru\u021ba Teodora-Sorana &#8211; <a href=\"https:\/\/www.umfst.ro\/fileadmin\/f_medicina_engleza\/cadre_didactice\/2025\/CV_FMLE_RO\/CV site_UMFST_Ro_Truta Teodora Sorana.pdf\" data-wplink-url-error=\"true\">CV<\/a><br \/>\u0218ef lucr. dr. Tiuca Oana Mirela &#8211; CV<br \/>Asist. univ. dr. Dorgo Monica-Leti\u021bia \u2013 <a href=\"https:\/\/www.umfst.ro\/fileadmin\/f_medicina_engleza\/cadre_didactice\/2025\/CV_FMLE_RO\/CV site_UMFST_Ro_Dorgo Monica.pdf\" data-wplink-url-error=\"true\">CV<\/a><br \/>Asist. univ. dr. Man Lidia \u2013 <a href=\"https:\/\/www.umfst.ro\/fileadmin\/f_medicina_engleza\/cadre_didactice\/2025\/CV_FMLE_RO\/CV site_UMFST_Ro_Man Lidia.pdf\" data-wplink-url-error=\"true\">CV<\/a><br \/>Asist. univ. dr. Dobra Alexandra Mihaela &#8211; <a href=\"https:\/\/www.umfst.ro\/fileadmin\/f_medicina_engleza\/cadre_didactice\/2025\/CV_FMLE_RO\/CV site_UMFST_Ro_Tolescu-Dobra Alexandra-Mihaela.pdf\" data-wplink-url-error=\"true\">CV<\/a><br \/>Asist. univ. dr. Pantea Cristina Monica \u2013 <a href=\"https:\/\/www.umfst.ro\/fileadmin\/f_medicina_engleza\/cadre_didactice\/2025\/CV_FMLE_RO\/CV site_UMFST_Ro_Pantea Monica.pdf\" data-wplink-url-error=\"true\">CV<\/a><br \/>Asist. univ. dr. B\u0103rcu\u021bean Laura-Iulia \u2013 <a href=\"https:\/\/www.umfst.ro\/fileadmin\/f_medicina_engleza\/cadre_didactice\/2025\/CV_FMLE_RO\/CV site_UMFST_Ro_Barcutean Laura.pdf\" data-wplink-url-error=\"true\">CV<\/a><br \/>Asist. univ. dr. Botoncea Marian \u2013 <a href=\"https:\/\/www.umfst.ro\/fileadmin\/f_medicina_engleza\/cadre_didactice\/2025\/CV_FMLE_RO\/CV site_UMFST_Ro_Botoncea Marian.pdf\" data-wplink-url-error=\"true\">CV<\/a><br \/>Asist. univ. dr. Butiurc\u0103 Vlad Olimpiu \u2013 <a href=\"https:\/\/www.umfst.ro\/fileadmin\/f_medicina_engleza\/cadre_didactice\/2025\/CV_FMLE_RO\/CV site_UMFST_Ro_Butiurca Vlad.pdf\" data-wplink-url-error=\"true\">CV<\/a><br \/>Asist. univ. dr. Mocian Ioan Flavius \u2013\u00a0 <a href=\"https:\/\/www.umfst.ro\/fileadmin\/f_medicina_engleza\/cadre_didactice\/2025\/CV_FMLE_RO\/CV site_UMFST_Ro_Mocian Flavius.pdf\" data-wplink-url-error=\"true\">CV<\/a><br \/>Asist. univ. dr. Suciu Nicolae &#8211; <a href=\"https:\/\/www.umfst.ro\/fileadmin\/f_medicina_engleza\/cadre_didactice\/2025\/CV_FMLE_RO\/CV site_UMFST_Ro_Suciu Nicolae Emil.pdf\" data-wplink-url-error=\"true\">CV<\/a><br \/>Asist. univ. dr. Suciu Claudia-Floriana \u2013 <a href=\"https:\/\/www.umfst.ro\/fileadmin\/f_medicina_engleza\/cadre_didactice\/2025\/CV_FMLE_RO\/CV site_UMFST_Ro_Suciu Claudia Floriana.pdf\" data-wplink-url-error=\"true\">CV<\/a><br \/>Asist. univ. dr. Fofiu Crina \u2013 <a href=\"https:\/\/www.umfst.ro\/fileadmin\/f_medicina_engleza\/cadre_didactice\/2025\/CV_FMLE_RO\/CV site_UMFST_Ro_Fofiu Crina.pdf\" data-wplink-url-error=\"true\">CV<\/a><br \/>Asist. univ. dr. B\u0103nceu Cosmin &#8211; <a href=\"https:\/\/www.umfst.ro\/fileadmin\/f_medicina_engleza\/cadre_didactice\/2025\/CV_FMLE_RO\/CV site_UMFST_Ro_Banceu Cosmin.pdf\" data-wplink-url-error=\"true\">CV<\/a><br \/>Asist. univ. dr. Branea Oana-Elena &#8211; <a href=\"https:\/\/www.umfst.ro\/fileadmin\/f_medicina_engleza\/cadre_didactice\/2025\/CV_FMLE_RO\/CV site_UMFST_Ro_Branea Oana.pdf\" data-wplink-url-error=\"true\">CV<\/a><br \/>Asist. univ. dr. Tiuc\u0103 Robert-Aurelian &#8211; <a href=\"https:\/\/www.umfst.ro\/fileadmin\/f_medicina_engleza\/cadre_didactice\/2025\/CV_FMLE_RO\/CV site_UMFST_Ro_Tiuca Robert.pdf\" data-wplink-url-error=\"true\">CV<\/a><br \/>Asist. univ. dr. Muntean Mihai &#8211; <a href=\"https:\/\/www.umfst.ro\/fileadmin\/f_medicina_engleza\/cadre_didactice\/2025\/CV_FMLE_RO\/CV site_UMFST_Ro_Muntean Mihai.pdf\" data-wplink-url-error=\"true\">CV<\/a><br \/>Asist. univ. dr. Moldovan Flaviu \u2013 <a href=\"https:\/\/www.umfst.ro\/fileadmin\/f_medicina_engleza\/cadre_didactice\/2025\/CV_FMLE_RO\/CV site_UMFST_Ro_Moldovan_Flaviu.pdf\" data-wplink-url-error=\"true\">CV<\/a><br \/>Asist. univ. dr. Murariu Ema Eugenia &#8211; <a href=\"https:\/\/www.umfst.ro\/fileadmin\/f_medicina_engleza\/cadre_didactice\/2025\/CV_FMLE_RO\/CV site_UMFST_Ro_Murariu Emma.pdf\" data-wplink-url-error=\"true\">CV<\/a><br \/>Asist. univ. dr. Popescu Daniela-Manuela \u2013 <a href=\"https:\/\/www.umfst.ro\/fileadmin\/f_medicina_engleza\/cadre_didactice\/2025\/CV_FMLE_RO\/CV site_UMFST_Ro_Popescu Daniela Manuela.pdf\" data-wplink-url-error=\"true\">CV<\/a><br \/>Asist. univ. dr. Andone Razvan Sebastian \u2013 <a href=\"https:\/\/www.umfst.ro\/fileadmin\/f_medicina_engleza\/cadre_didactice\/2025\/CV_FMLE_RO\/CV site_UMFST_Andone Razvan Sebastian.pdf\" data-wplink-url-error=\"true\">CV<\/a><br \/>Asist. univ. dr. Cristescu Liviu &#8211; <a href=\"https:\/\/www.umfst.ro\/fileadmin\/f_medicina_engleza\/cadre_didactice\/ME2\/Cristescu_Liviu_CV_Ro.pdf\">CV<\/a><br \/>Asist. univ. dr. Modiga Andrei \u2013 <a href=\"https:\/\/www.umfst.ro\/fileadmin\/f_medicina_engleza\/cadre_didactice\/2025\/CV_FMLE_RO\/CV site_UMFST_Ro_Modiga Andrei.pdf\" data-wplink-url-error=\"true\">CV<\/a><br \/>Asist. univ. dr. Gherasim Raul Dumitru \u2013 <a href=\"https:\/\/www.umfst.ro\/fileadmin\/f_medicina_engleza\/cadre_didactice\/2025\/CV_FMLE_RO\/CV site_UMFST_Ro_Gherasim Raul-Dumitru.pdf\" data-wplink-url-error=\"true\">CV<\/a><br \/>Asist. univ. dr. T\u0103ma\u0219 Corina &#8211; <a href=\"https:\/\/www.umfst.ro\/fileadmin\/f_medicina_engleza\/cadre_didactice\/2025\/CV_FMLE_RO\/CV site_UMFST_Ro_Tamas Corina.pdf\" data-wplink-url-error=\"true\">CV<\/a><br \/>Asist. univ. dr. Anciuc-Crauciuc M\u0103d\u0103lina \u2013 <a href=\"https:\/\/www.umfst.ro\/fileadmin\/f_medicina_engleza\/cadre_didactice\/2025\/CV_FMLE_RO\/CV site_UMFST_Ro_Anciuc-Crauciuc Madalina.pdf\" data-wplink-url-error=\"true\">CV<\/a><br \/>Asist. univ. dr. Racean Andreea \u2013 <a href=\"https:\/\/www.umfst.ro\/fileadmin\/f_medicina_engleza\/cadre_didactice\/2025\/CV_FMLE_RO\/CV site_UMFST_Ro_Racean Maria-Andreea.pdf\" data-wplink-url-error=\"true\">CV<\/a><br \/>Asist. univ. dr. Marchean Horia \u2013 <a href=\"https:\/\/www.umfst.ro\/fileadmin\/f_medicina_engleza\/cadre_didactice\/2025\/CV_FMLE_RO\/CV site_UMFST_Ro_Marchean Horia.pdf\" data-wplink-url-error=\"true\">CV<\/a><br \/>Asist. univ. dr. Bu\u021biu Otilia-Rodica \u2013 <a href=\"https:\/\/www.umfst.ro\/fileadmin\/f_medicina_engleza\/cadre_didactice\/2025\/CV_FMLE_RO\/CV site_UMFST_Ro_Butiu Otilia.pdf\" data-wplink-url-error=\"true\">CV<\/a><br \/>Asist. univ. dr. Fleseriu Tudor \u2013 <a href=\"https:\/\/www.umfst.ro\/fileadmin\/f_medicina_engleza\/cadre_didactice\/2025\/CV_FMLE_RO\/CV site_UMFST_Ro_Fleseriu Tudor.pdf\" data-wplink-url-error=\"true\">CV<\/a><br \/>Asist. univ. dr. Mare\u0219 Cristina \u2013 <a href=\"https:\/\/www.umfst.ro\/fileadmin\/f_medicina_engleza\/cadre_didactice\/2025\/CV_FMLE_RO\/CV site_UMFST_Ro_Mares Roxana Cristina.pdf\" data-wplink-url-error=\"true\">CV<\/a><br \/>Asist. univ. dr. Matei Lavinia Andrada \u2013 <a href=\"https:\/\/www.umfst.ro\/fileadmin\/f_medicina_engleza\/cadre_didactice\/2025\/CV_FMLE_RO\/CV site_UMFST_Ro_Matei Lavinia Andrada.pdf\" data-wplink-url-error=\"true\">CV<\/a><br \/>Asist. univ. dr. Vultur Mara Andreea \u2013 <a href=\"https:\/\/www.umfst.ro\/fileadmin\/f_medicina_engleza\/cadre_didactice\/2025\/CV_FMLE_RO\/CV site_UMFST_Ro_Vultur Mara Andreea.pdf\" data-wplink-url-error=\"true\">CV<\/a><br \/>Asist. univ. dr. Moldovan Andreea Diana &#8211; <a href=\"https:\/\/www.umfst.ro\/fileadmin\/f_medicina_engleza\/cadre_didactice\/2025\/CV_FMLE_RO\/CV site_UMFST_Ro_Moldovan Diana-Andreea.pdf\" data-wplink-url-error=\"true\">CV<\/a><br \/>Asist. univ. dr. Stoica Andreea-Bianca &#8211; <a href=\"https:\/\/www.umfst.ro\/fileadmin\/f_medicina_engleza\/cadre_didactice\/2025\/CV_FMLE_RO\/CV site_UMFST_Ro_Stoica Andreea-Bianca.pdf\" data-wplink-url-error=\"true\">CV<\/a><br \/>Asist. univ. dr. Rezm\u00fcves Maria-Gabriela &#8211; <a href=\"https:\/\/www.umfst.ro\/fileadmin\/f_medicina_engleza\/cadre_didactice\/2025\/CV_FMLE_RO\/CV site_UMFST_Ro_Rezmuves Maria Gabriela.pdf\" data-wplink-url-error=\"true\">CV<\/a><br \/>Asist. univ. dr. Filip Ana Maria &#8211; <a href=\"https:\/\/www.umfst.ro\/fileadmin\/f_medicina_engleza\/cadre_didactice\/2025\/CV_FMLE_RO\/CV_UMF_RO_Filip_Ana_Maria.pdf\">CV<\/a><br \/>Asist. univ. dr. Iancu Daniela &#8211; <a href=\"https:\/\/www.umfst.ro\/fileadmin\/f_medicina_engleza\/cadre_didactice\/2025\/CV_FMLE_RO\/CV_Iancu Daniela_Ro.pdf\" data-wplink-url-error=\"true\">CV<\/a><br \/>Asist. univ. drd. Huma Lauren\u021biu &#8211; <a href=\"https:\/\/www.umfst.ro\/fileadmin\/f_medicina_engleza\/cadre_didactice\/2025\/CV_FMLE_RO\/CV_site_UMFST_Ro_ Huma_Laurentiu.pdf\" data-wplink-url-error=\"true\">CV<\/a><br \/>Asist. univ. drd. \u0218uteu Radu-Adrian &#8211; <a href=\"https:\/\/www.umfst.ro\/fileadmin\/f_medicina_engleza\/cadre_didactice\/2025\/CV_FMLE_RO\/CV_site_UMFST_Ro_Suteu_Radu_Adrian.pdf\">CV<\/a><\/p>\t\t\t\t\t\t\t\t<\/div>\n\t\t\t\t<\/div>\n\t\t\t\t\t<\/div>\n\t\t<\/div>\n\t\t\t\t\t<\/div>\n\t\t<\/section>\n\t\t<!-- dce invisible element 6746fa4 -->\t\t<\/div>","protected":false},"excerpt":{"rendered":"<p>Membrii departamentului ME2 Director: Prof. univ. dr. Tilinca Mariana-Cornelia \u2013 CV Membrii Consiliul Departamentului: Prof. univ. dr. Mure\u0219an Simona-Silviana \u2013 CVProf. univ. dr. B\u0103la\u0219a Rodica-Ioana \u2013 CVProf. univ. dr. Pa\u0219canu Maria-Ionela \u2013 CVProf. univ. dr. Muntean Carmen-Viorica \u2013 CVProf. univ. dr. Porav-Hodade Daniel \u2013 CVProf. univ. dr. Varga Andreea \u2013 CVConf. univ. dr. Russu Eliza [&hellip;]<\/p>\n","protected":false},"author":4,"featured_media":0,"parent":51,"menu_order":0,"comment_status":"closed","ping_status":"closed","template":"","meta":{"_relevanssi_hide_post":"","_relevanssi_hide_content":"","_relevanssi_pin_for_all":"","_relevanssi_pin_keywords":"","_relevanssi_unpin_keywords":"","_relevanssi_related_keywords":"","_relevanssi_related_include_ids":"","_relevanssi_related_exclude_ids":"","_relevanssi_related_no_append":"","_relevanssi_related_not_related":"","_relevanssi_related_posts":"1","_relevanssi_noindex_reason":"","footnotes":""},"categories":[12,31],"tags":[],"class_list":["post-55","page","type-page","status-publish","hentry","category-pagina-cu-sidebar","category-pagina-departamente-si-discipline"],"meta_box":[],"_links":{"self":[{"href":"https:\/\/umfst.ro\/medicina-engleza\/hu\/wp-json\/wp\/v2\/pages\/55","targetHints":{"allow":["GET"]}}],"collection":[{"href":"https:\/\/umfst.ro\/medicina-engleza\/hu\/wp-json\/wp\/v2\/pages"}],"about":[{"href":"https:\/\/umfst.ro\/medicina-engleza\/hu\/wp-json\/wp\/v2\/types\/page"}],"author":[{"embeddable":true,"href":"https:\/\/umfst.ro\/medicina-engleza\/hu\/wp-json\/wp\/v2\/users\/4"}],"replies":[{"embeddable":true,"href":"https:\/\/umfst.ro\/medicina-engleza\/hu\/wp-json\/wp\/v2\/comments?post=55"}],"version-history":[{"count":124,"href":"https:\/\/umfst.ro\/medicina-engleza\/hu\/wp-json\/wp\/v2\/pages\/55\/revisions"}],"predecessor-version":[{"id":3250,"href":"https:\/\/umfst.ro\/medicina-engleza\/hu\/wp-json\/wp\/v2\/pages\/55\/revisions\/3250"}],"up":[{"embeddable":true,"href":"https:\/\/umfst.ro\/medicina-engleza\/hu\/wp-json\/wp\/v2\/pages\/51"}],"wp:attachment":[{"href":"https:\/\/umfst.ro\/medicina-engleza\/hu\/wp-json\/wp\/v2\/media?parent=55"}],"wp:term":[{"taxonomy":"category","embeddable":true,"href":"https:\/\/umfst.ro\/medicina-engleza\/hu\/wp-json\/wp\/v2\/categories?post=55"},{"taxonomy":"post_tag","embeddable":true,"href":"https:\/\/umfst.ro\/medicina-engleza\/hu\/wp-json\/wp\/v2\/tags?post=55"}],"curies":[{"name":"wp","href":"https:\/\/api.w.org\/{rel}","templated":true}]}}