{"id":65,"date":"2022-11-16T17:01:51","date_gmt":"2022-11-16T17:01:51","guid":{"rendered":"https:\/\/dev.umfst.ro\/medicina-engleza\/?page_id=65"},"modified":"2026-04-14T08:02:25","modified_gmt":"2026-04-14T08:02:25","slug":"oferta-cursuri-optionale-si-facultative","status":"publish","type":"page","link":"https:\/\/umfst.ro\/medicina-engleza\/hu\/informatii-pentru-studenti\/campus-targu-mures\/oferta-cursuri-optionale-si-facultative\/","title":{"rendered":"Ofert\u0103 cursuri op\u021bionale \u0219i facultative"},"content":{"rendered":"<div data-elementor-type=\"wp-page\" data-elementor-id=\"65\" class=\"elementor elementor-65\" data-elementor-post-type=\"page\">\n\t\t\t\t\t\t<section class=\"elementor-section elementor-top-section elementor-element elementor-element-b13ec03 elementor-section-boxed elementor-section-height-default elementor-section-height-default\" data-id=\"b13ec03\" data-element_type=\"section\" data-e-type=\"section\">\n\t\t\t\t\t\t<div class=\"elementor-container elementor-column-gap-default\">\n\t\t\t\t\t<div class=\"elementor-column elementor-col-100 elementor-top-column elementor-element elementor-element-253b96d\" data-id=\"253b96d\" data-element_type=\"column\" data-e-type=\"column\">\n\t\t\t<div class=\"elementor-widget-wrap elementor-element-populated\">\n\t\t\t\t\t\t<div class=\"elementor-element elementor-element-45e7b3e elementor-widget elementor-widget-button\" data-id=\"45e7b3e\" data-element_type=\"widget\" data-e-type=\"widget\" data-no-translation=\"\" data-widget_type=\"button.default\">\n\t\t\t\t<div class=\"elementor-widget-container\">\n\t\t\t\t\t<style>.elementor-element-45e7b3e{display:none !important}<\/style>\t\t\t\t<\/div>\n\t\t\t\t<\/div>\n\t\t\t\t<div class=\"elementor-element elementor-element-5cb19f2 elementor-widget elementor-widget-button\" data-id=\"5cb19f2\" data-element_type=\"widget\" data-e-type=\"widget\" data-no-translation=\"\" data-widget_type=\"button.default\">\n\t\t\t\t<div class=\"elementor-widget-container\">\n\t\t\t\t\t<style>.elementor-element-5cb19f2{display:none !important}<\/style>\t\t\t\t<\/div>\n\t\t\t\t<\/div>\n\t\t\t\t\t<\/div>\n\t\t<\/div>\n\t\t\t\t\t<\/div>\n\t\t<\/section>\n\t\t\t\t<section class=\"elementor-section elementor-top-section elementor-element elementor-element-be906ec elementor-section-boxed elementor-section-height-default elementor-section-height-default\" data-id=\"be906ec\" data-element_type=\"section\" data-e-type=\"section\">\n\t\t\t\t\t\t<div class=\"elementor-container elementor-column-gap-default\">\n\t\t\t\t\t<div class=\"elementor-column elementor-col-100 elementor-top-column elementor-element elementor-element-ba75388\" data-id=\"ba75388\" data-element_type=\"column\" data-e-type=\"column\">\n\t\t\t<div class=\"elementor-widget-wrap elementor-element-populated\">\n\t\t\t\t\t\t<div class=\"elementor-element elementor-element-164146a elementor-widget elementor-widget-text-editor\" data-id=\"164146a\" data-element_type=\"widget\" data-e-type=\"widget\" data-widget_type=\"text-editor.default\">\n\t\t\t\t<div class=\"elementor-widget-container\">\n\t\t\t\t\t\t\t\t\t<h2>OFERT\u0102 CURSURI OP\u021aIONALE \u0218I FACULTATIVE<\/h2>\t\t\t\t\t\t\t\t<\/div>\n\t\t\t\t<\/div>\n\t\t\t\t<div data-dce-background-color=\"#EBF0F8\" class=\"elementor-element elementor-element-5646c5e elementor-widget__width-initial elementor-widget elementor-widget-button\" data-id=\"5646c5e\" data-element_type=\"widget\" data-e-type=\"widget\" data-widget_type=\"button.default\">\n\t\t\t\t<div class=\"elementor-widget-container\">\n\t\t\t\t\t\t\t\t\t<div class=\"elementor-button-wrapper\">\n\t\t\t\t\t<a class=\"elementor-button elementor-button-link elementor-size-sm\" href=\"https:\/\/www.umfst.ro\/fileadmin\/f_medicina_engleza\/cursuri_optionale\/Optionale_FMLE_2025-2026.pdf\">\n\t\t\t\t\t\t<span class=\"elementor-button-content-wrapper\">\n\t\t\t\t\t\t<span class=\"elementor-button-icon\">\n\t\t\t\t<i aria-hidden=\"true\" class=\"fas fa-file-pdf\"><\/i>\t\t\t<\/span>\n\t\t\t\t\t\t\t\t\t<span class=\"elementor-button-text\">2025-2026<\/span>\n\t\t\t\t\t<\/span>\n\t\t\t\t\t<\/a>\n\t\t\t\t<\/div>\n\t\t\t\t\t\t\t\t<\/div>\n\t\t\t\t<\/div>\n\t\t\t\t<div data-dce-background-color=\"#EBF0F8\" class=\"elementor-element elementor-element-0968f7b elementor-widget__width-initial elementor-widget elementor-widget-button\" data-id=\"0968f7b\" data-element_type=\"widget\" data-e-type=\"widget\" data-widget_type=\"button.default\">\n\t\t\t\t<div class=\"elementor-widget-container\">\n\t\t\t\t\t\t\t\t\t<div class=\"elementor-button-wrapper\">\n\t\t\t\t\t<a class=\"elementor-button elementor-button-link elementor-size-sm\" href=\"https:\/\/www.umfst.ro\/fileadmin\/f_medicina_engleza\/cursuri_optionale\/Propuneri_optionale%20LE_2024-2025_MER.pdf\">\n\t\t\t\t\t\t<span class=\"elementor-button-content-wrapper\">\n\t\t\t\t\t\t<span class=\"elementor-button-icon\">\n\t\t\t\t<i aria-hidden=\"true\" class=\"fas fa-file-pdf\"><\/i>\t\t\t<\/span>\n\t\t\t\t\t\t\t\t\t<span class=\"elementor-button-text\">2024-2025<\/span>\n\t\t\t\t\t<\/span>\n\t\t\t\t\t<\/a>\n\t\t\t\t<\/div>\n\t\t\t\t\t\t\t\t<\/div>\n\t\t\t\t<\/div>\n\t\t\t\t<div data-dce-background-color=\"#EBF0F8\" class=\"elementor-element elementor-element-b747ebd elementor-widget__width-initial elementor-widget elementor-widget-button\" data-id=\"b747ebd\" data-element_type=\"widget\" data-e-type=\"widget\" data-widget_type=\"button.default\">\n\t\t\t\t<div class=\"elementor-widget-container\">\n\t\t\t\t\t\t\t\t\t<div class=\"elementor-button-wrapper\">\n\t\t\t\t\t<a class=\"elementor-button elementor-button-link elementor-size-sm\" href=\"https:\/\/www.umfst.ro\/fileadmin\/f_medicina_engleza\/cursuri_optionale\/Discipline_optionale_MER_2023-2024.pdf\">\n\t\t\t\t\t\t<span class=\"elementor-button-content-wrapper\">\n\t\t\t\t\t\t<span class=\"elementor-button-icon\">\n\t\t\t\t<i aria-hidden=\"true\" class=\"fas fa-file-pdf\"><\/i>\t\t\t<\/span>\n\t\t\t\t\t\t\t\t\t<span class=\"elementor-button-text\">2023-2024<\/span>\n\t\t\t\t\t<\/span>\n\t\t\t\t\t<\/a>\n\t\t\t\t<\/div>\n\t\t\t\t\t\t\t\t<\/div>\n\t\t\t\t<\/div>\n\t\t\t\t<div data-dce-background-color=\"#EBF0F8\" class=\"elementor-element elementor-element-9ff91e4 elementor-widget__width-initial elementor-widget elementor-widget-button\" data-id=\"9ff91e4\" data-element_type=\"widget\" data-e-type=\"widget\" data-widget_type=\"button.default\">\n\t\t\t\t<div class=\"elementor-widget-container\">\n\t\t\t\t\t\t\t\t\t<div class=\"elementor-button-wrapper\">\n\t\t\t\t\t<a class=\"elementor-button elementor-button-link elementor-size-sm\" href=\"https:\/\/www.umfst.ro\/fileadmin\/f_medicina_engleza\/cursuri_optionale\/Discipline_optionale_MER_2022-2023_13.09.2022.pdf\">\n\t\t\t\t\t\t<span class=\"elementor-button-content-wrapper\">\n\t\t\t\t\t\t<span class=\"elementor-button-icon\">\n\t\t\t\t<i aria-hidden=\"true\" class=\"fas fa-file-pdf\"><\/i>\t\t\t<\/span>\n\t\t\t\t\t\t\t\t\t<span class=\"elementor-button-text\">2022-2023<\/span>\n\t\t\t\t\t<\/span>\n\t\t\t\t\t<\/a>\n\t\t\t\t<\/div>\n\t\t\t\t\t\t\t\t<\/div>\n\t\t\t\t<\/div>\n\t\t\t\t<div data-dce-background-color=\"#EBF0F8\" class=\"elementor-element elementor-element-c9d011e elementor-widget__width-initial elementor-widget elementor-widget-button\" data-id=\"c9d011e\" data-element_type=\"widget\" data-e-type=\"widget\" data-widget_type=\"button.default\">\n\t\t\t\t<div class=\"elementor-widget-container\">\n\t\t\t\t\t\t\t\t\t<div class=\"elementor-button-wrapper\">\n\t\t\t\t\t<a class=\"elementor-button elementor-button-link elementor-size-sm\" href=\"https:\/\/www.umfst.ro\/fileadmin\/f_medicina_engleza\/cursuri_optionale\/Cursuri_optionale_MER_2021-2022.pdf\">\n\t\t\t\t\t\t<span class=\"elementor-button-content-wrapper\">\n\t\t\t\t\t\t<span class=\"elementor-button-icon\">\n\t\t\t\t<i aria-hidden=\"true\" class=\"fas fa-file-pdf\"><\/i>\t\t\t<\/span>\n\t\t\t\t\t\t\t\t\t<span class=\"elementor-button-text\">2021-2022<\/span>\n\t\t\t\t\t<\/span>\n\t\t\t\t\t<\/a>\n\t\t\t\t<\/div>\n\t\t\t\t\t\t\t\t<\/div>\n\t\t\t\t<\/div>\n\t\t\t\t<div data-dce-background-color=\"#EBF0F8\" class=\"elementor-element elementor-element-ac41e6f elementor-widget__width-initial elementor-widget elementor-widget-button\" data-id=\"ac41e6f\" data-element_type=\"widget\" data-e-type=\"widget\" data-widget_type=\"button.default\">\n\t\t\t\t<div class=\"elementor-widget-container\">\n\t\t\t\t\t\t\t\t\t<div class=\"elementor-button-wrapper\">\n\t\t\t\t\t<a class=\"elementor-button elementor-button-link elementor-size-sm\" href=\"https:\/\/www.umfst.ro\/fileadmin\/f_medicina_engleza\/cursuri_optionale\/Cursuri_optionale_OPtional_courses_2020-2021.pdf\">\n\t\t\t\t\t\t<span class=\"elementor-button-content-wrapper\">\n\t\t\t\t\t\t<span class=\"elementor-button-icon\">\n\t\t\t\t<i aria-hidden=\"true\" class=\"fas fa-file-pdf\"><\/i>\t\t\t<\/span>\n\t\t\t\t\t\t\t\t\t<span class=\"elementor-button-text\">2021-2020<\/span>\n\t\t\t\t\t<\/span>\n\t\t\t\t\t<\/a>\n\t\t\t\t<\/div>\n\t\t\t\t\t\t\t\t<\/div>\n\t\t\t\t<\/div>\n\t\t\t\t<div data-dce-background-color=\"#EBF0F8\" class=\"elementor-element elementor-element-ec1eaa9 elementor-widget__width-initial elementor-widget elementor-widget-button\" data-id=\"ec1eaa9\" data-element_type=\"widget\" data-e-type=\"widget\" data-widget_type=\"button.default\">\n\t\t\t\t<div class=\"elementor-widget-container\">\n\t\t\t\t\t\t\t\t\t<div class=\"elementor-button-wrapper\">\n\t\t\t\t\t<a class=\"elementor-button elementor-button-link elementor-size-sm\" href=\"https:\/\/www.umfst.ro\/fileadmin\/f_medicina_engleza\/cursuri_optionale\/Optional_Courses_2019-2020.pdf\">\n\t\t\t\t\t\t<span class=\"elementor-button-content-wrapper\">\n\t\t\t\t\t\t<span class=\"elementor-button-icon\">\n\t\t\t\t<i aria-hidden=\"true\" class=\"fas fa-file-pdf\"><\/i>\t\t\t<\/span>\n\t\t\t\t\t\t\t\t\t<span class=\"elementor-button-text\">2019-2020<\/span>\n\t\t\t\t\t<\/span>\n\t\t\t\t\t<\/a>\n\t\t\t\t<\/div>\n\t\t\t\t\t\t\t\t<\/div>\n\t\t\t\t<\/div>\n\t\t\t\t<div class=\"elementor-element elementor-element-966efe5 elementor-widget elementor-widget-text-editor\" data-id=\"966efe5\" data-element_type=\"widget\" data-e-type=\"widget\" data-widget_type=\"text-editor.default\">\n\t\t\t\t<div class=\"elementor-widget-container\">\n\t\t\t\t\t\t\t\t\t<p>Pentru anul academic 2025-2026, \u00eenscrierea pentru disciplinele op\u021bionale se efectueaz\u0103 electronic\u00a0<strong>pentru anii I-VI<\/strong>\u00a0acces\u00e2nd link-ul destinat modulului \u0219i anului de studiu din care face\u021bi parte.<\/p>\n<p>Preciz\u0103ri importante:<\/p>\n<ul>\n<li>Fiecare student trebuie s\u0103 aleag\u0103\u00a0<strong>o singur\u0103 disciplin\u0103 op\u021bional\u0103 \u00een fiecare modul &#8211; un curs op\u021bional se poate alege o singur\u0103 dat\u0103 pe parcursul celor 6 ani de studiu &#8211; nu se vor valida cursurile alese \u00een anii preceden\u021bi<\/strong><\/li>\n<li><strong>Formularele de\u00a0selec\u021bie<\/strong>\u00a0pentru disciplinele op\u021bionale\u00a0sunt disponibile la\u00a0<a href=\"https:\/\/forms.office.com\/Pages\/ResponsePage.aspx?id=ftE5uhw6yEOtrxFkeg7eYdBggUCOzgtChxaS98cY70dUNDlLNUtHMjFFRTBGUVREWFBSUklXTTNBVS4u\" target=\"_blank\" rel=\"noopener\">link-ul<\/a><\/li>\n<\/ul>\t\t\t\t\t\t\t\t<\/div>\n\t\t\t\t<\/div>\n\t\t\t\t\t<\/div>\n\t\t<\/div>\n\t\t\t\t\t<\/div>\n\t\t<\/section>\n\t\t\t\t<section class=\"elementor-section elementor-top-section elementor-element elementor-element-22e4f151 elementor-hidden-widescreen elementor-hidden-desktop elementor-hidden-tablet elementor-hidden-mobile elementor-section-boxed elementor-section-height-default elementor-section-height-default\" data-id=\"22e4f151\" data-element_type=\"section\" data-e-type=\"section\">\n\t\t\t\t\t\t<div class=\"elementor-container elementor-column-gap-default\">\n\t\t\t\t\t<div class=\"elementor-column elementor-col-100 elementor-top-column elementor-element elementor-element-66df4c67\" data-id=\"66df4c67\" data-element_type=\"column\" data-e-type=\"column\">\n\t\t\t<div class=\"elementor-widget-wrap elementor-element-populated\">\n\t\t\t\t\t\t<div class=\"elementor-element elementor-element-23e477e elementor-widget elementor-widget-text-editor\" data-id=\"23e477e\" data-element_type=\"widget\" data-e-type=\"widget\" data-widget_type=\"text-editor.default\">\n\t\t\t\t<div class=\"elementor-widget-container\">\n\t\t\t\t\t<style>.elementor-element-23e477e{display:none !important}<\/style>\t\t\t\t<\/div>\n\t\t\t\t<\/div>\n\t\t\t\t<div class=\"elementor-element elementor-element-ea1f0eb elementor-widget elementor-widget-text-editor\" data-id=\"ea1f0eb\" data-element_type=\"widget\" data-e-type=\"widget\" data-widget_type=\"text-editor.default\">\n\t\t\t\t<div class=\"elementor-widget-container\">\n\t\t\t\t\t<style>.elementor-element-ea1f0eb{display:none !important}<\/style>\t\t\t\t<\/div>\n\t\t\t\t<\/div>\n\t\t\t\t<div class=\"elementor-element elementor-element-68dbed68 elementor-widget elementor-widget-text-editor\" data-id=\"68dbed68\" data-element_type=\"widget\" data-e-type=\"widget\" data-widget_type=\"text-editor.default\">\n\t\t\t\t<div class=\"elementor-widget-container\">\n\t\t\t\t\t\t\t\t\t<h2><strong>Informa\u021bii \u2013 MODUL 3 2024-2025<\/strong><\/h2>\n<p>Pentru anul academic 2024-2025, \u00eenscrierea pentru disciplinele op\u021bionale se efectueaz\u0103 electronic\u00a0<strong>pentru anii II si V<\/strong>\u00a0acces\u00e2nd link-ul destinat modulului \u0219i anului de studiu din care face\u021bi parte.<\/p>\n<p>Preciz\u0103ri importante:<\/p>\n<ul>\n<li class=\" translation-block\">Fiecare student trebuie s\u0103 aleag\u0103&nbsp;<strong>o singur\u0103 disciplin\u0103 op\u021bional\u0103 \u00een fiecare mod<\/strong><strong>ul<\/strong><\/li>\n<li>Pentru\u00a0<strong>MODULUL 3,\u00a0<\/strong>alegerea unei discipline op\u021bionale se va desf\u0103\u0219ura \u00een intervalul: <strong>marti, 21 ianuarie<\/strong>\u00a0<strong>\u2013 vineri, 07 februarie (p\u00e2n\u0103 la ora 12:00)<\/strong><\/li>\n<\/ul>\n<p><strong>Formularele de\u00a0selec\u021bie<\/strong>\u00a0pentru disciplinele op\u021bionale ale\u00a0<strong>Modulului 3<\/strong>\u00a0sunt disponibile la\u00a0<a href=\"https:\/\/forms.office.com\/Pages\/ResponsePage.aspx?id=ftE5uhw6yEOtrxFkeg7eYdBggUCOzgtChxaS98cY70dUNDlLNUtHMjFFRTBGUVREWFBSUklXTTNBVS4u\" target=\"_blank\" rel=\"noopener\">link-ul<\/a><\/p>\n<p class=\" translation-block\">*&nbsp;<em>Pentru&nbsp;<\/em><em>toti&nbsp;<\/em><em>studen\u021bii, accesarea formularelor de \u00eenscriere necesit\u0103&nbsp;autentificare utiliz\u00e2nd&nbsp;datele<\/em>&nbsp;<em>contului&nbsp;institu\u021biona<\/em><em>l.<\/em><\/p>\n<h2><strong>Informa\u021bii \u2013 MODUL 1 2024-2025<\/strong><\/h2>\n<p>Pentru anul academic 2024-2025, \u00eenscrierea pentru disciplinele op\u021bionale se efectueaz\u0103 electronic <strong>pentru anii II si V<\/strong>\u00a0acces\u00e2nd link-ul destinat modulului \u0219i anului de studiu din care face\u021bi parte.<\/p>\n<p>Preciz\u0103ri importante:<\/p>\n<ul>\n<li class=\" translation-block\">Fiecare student trebuie s\u0103 aleag\u0103&nbsp;<strong>o singur\u0103 disciplin\u0103 op\u021bional\u0103 \u00een fiecare mod<\/strong><strong>ul<\/strong><\/li>\n<li>Pentru\u00a0<strong>MODULUL 1, <\/strong>alegerea unei discipline op\u021bionale se va desf\u0103\u0219ura \u00een intervalul:\u00a0<strong>miercuri, 11 septembrie<\/strong>\u00a0<strong>\u2013 vineri, 13 septembrie (p\u00e2n\u0103 la ora 12:00)<\/strong><\/li>\n<\/ul>\n<p class=\" translation-block\"><strong>Formularele de&nbsp;selec\u021bie<\/strong>&nbsp;pentru disciplinele op\u021bionale ale&nbsp;<strong>Modulului 1<\/strong>&nbsp;sunt disponibile la <a href=\"https:\/\/forms.office.com\/Pages\/ResponsePage.aspx?id=ftE5uhw6yEOtrxFkeg7eYdBggUCOzgtChxaS98cY70dUNDlLNUtHMjFFRTBGUVREWFBSUklXTTNBVS4u\" target=\"_blank\" rel=\"noopener\">link-ul<\/a><\/p>\n<p class=\" translation-block\">*&nbsp;<em>Pentru&nbsp;<\/em><em>toti&nbsp;<\/em><em>studen\u021bii, accesarea formularelor de \u00eenscriere necesit\u0103&nbsp;autentificare utiliz\u00e2nd&nbsp;datele<\/em>&nbsp;<em>contului&nbsp;institu\u021biona<\/em><em>l.<\/em><\/p>\n<p>\u00a0<\/p>\n<p><!-- \/wp:paragraph --><\/p>\n<p><!-- wp:heading --><\/p>\t\t\t\t\t\t\t\t<\/div>\n\t\t\t\t<\/div>\n\t\t\t\t\t<\/div>\n\t\t<\/div>\n\t\t\t\t\t<\/div>\n\t\t<\/section>\n\t\t\t\t<section class=\"elementor-section elementor-top-section elementor-element elementor-element-9ba3780 elementor-hidden-widescreen elementor-hidden-desktop elementor-hidden-tablet elementor-hidden-mobile elementor-section-boxed elementor-section-height-default elementor-section-height-default\" data-id=\"9ba3780\" data-element_type=\"section\" data-e-type=\"section\">\n\t\t\t\t\t\t<div class=\"elementor-container elementor-column-gap-default\">\n\t\t\t\t\t<div class=\"elementor-column elementor-col-100 elementor-top-column elementor-element elementor-element-70de82a\" data-id=\"70de82a\" data-element_type=\"column\" data-e-type=\"column\">\n\t\t\t<div class=\"elementor-widget-wrap elementor-element-populated\">\n\t\t\t\t\t\t<div class=\"elementor-element elementor-element-d474734 elementor-widget elementor-widget-text-editor\" data-id=\"d474734\" data-element_type=\"widget\" data-e-type=\"widget\" data-widget_type=\"text-editor.default\">\n\t\t\t\t<div class=\"elementor-widget-container\">\n\t\t\t\t\t\t\t\t\t<h2><strong>Informa\u021bii \u2013 MODUL 3 2023-2024<\/strong><\/h2>\n<p class=\" translation-block\">Pentru anul academic 2023-2024, \u00eenscrierea pentru disciplinele op\u021bionale se efectueaz\u0103 electronic&nbsp;<strong>pentru anii I-VI<\/strong>&nbsp;acces\u00e2nd link-ul destinat modulului \u0219i anului de studiu din care face\u021bi parte.<\/p>\n<p>Preciz\u0103ri importante:<\/p>\n<ul>\n<li class=\" translation-block\">Fiecare student trebuie s\u0103 aleag\u0103&nbsp;<strong>o singur\u0103 disciplin\u0103 op\u021bional\u0103 \u00een fiecare mod<\/strong><strong>ul<\/strong><\/li>\n<li class=\" translation-block\">Pentru&nbsp;<strong>MODULUL 3,&nbsp;<\/strong>alegerea unei discipline op\u021bionale se va desf\u0103\u0219ura \u00een intervalul:&nbsp;<strong>luni,&nbsp;22 ianuarie<\/strong>&nbsp;<strong>\u2013 vineri, 2 februarie&nbsp;(p\u00e2n\u0103 la ora 23.59)<\/strong><\/li>\n<\/ul>\n<p class=\" translation-block\"><strong>Formularele de&nbsp;selec\u021bie<\/strong>&nbsp;pentru disciplinele op\u021bionale ale&nbsp;<strong>Modulului 3<\/strong>&nbsp;sunt disponibile la <a href=\"https:\/\/forms.office.com\/Pages\/ResponsePage.aspx?id=ftE5uhw6yEOtrxFkeg7eYYu6twIGgNtEoYaFlY4eeSVUMFdHRVJaNEpXSVhCRTlZTFRMRE9RTVVYNy4u\" target=\"_blank\" rel=\"noopener\">link-ul<\/a><\/p>\n<p class=\" translation-block\">*&nbsp;<em>Pentru&nbsp;<\/em><em>toti&nbsp;<\/em><em>studen\u021bii, accesarea formularelor de \u00eenscriere necesit\u0103&nbsp;autentificare utiliz\u00e2nd&nbsp;datele<\/em>&nbsp;<em>contului&nbsp;institu\u021biona<\/em><em>l.<\/em><\/p>\n<h2><strong>Informatii \u2013 MODUL 2 2023-2024<\/strong><\/h2>\n<p><!-- \/wp:heading --><\/p>\n<p><!-- wp:paragraph --><\/p>\n<p class=\" translation-block\">Pentru anul academic 2023-2024, \u00eenscrierea pentru disciplinele op\u021bionale se efectueaz\u0103 electronic <strong>pentru anii I-VI<\/strong> acces\u00e2nd link-ul destinat modulului \u0219i anului de studiu din care face\u021bi parte.<\/p>\n<p>Preciz\u0103ri importante:<\/p>\n<ul>\n<li class=\" translation-block\">Fiecare student trebuie s\u0103 aleag\u0103&nbsp;<strong>o singur\u0103 disciplin\u0103 op\u021bional\u0103 \u00een fiecare mod<\/strong><strong>ul<\/strong><\/li>\n<li class=\" translation-block\">Pentru <strong>MODULUL 2, <\/strong>alegerea unei discipline op\u021bionale se va desf\u0103\u0219ura \u00een intervalul: <strong>mar\u021bi,&nbsp;7 noiembrie<\/strong>&nbsp;<strong>\u2013 mar\u021bi, 14 noiembrie&nbsp;<\/strong><strong>(p\u00e2n\u0103 la ora 23.59)<\/strong><\/li>\n<\/ul>\n<p class=\" translation-block\"><strong>Formular<\/strong><strong>ele de<\/strong><strong> selec\u021bie<\/strong>&nbsp;pentru disciplinele op\u021bionale ale <strong>Modulului 2<\/strong>&nbsp;sunt disponibile la link-ul:<\/p>\n<p><a href=\"https:\/\/forms.office.com\/e\/0FmGa0UurN\" target=\"_blank\" rel=\"noopener noreferrer\">https:\/\/forms.office.com\/e\/0FmGa0UurN<\/a><\/p>\n<p class=\" translation-block\">* <em>Pentru <\/em><em>toti <\/em><em>studen\u021bii, accesarea formularelor de \u00eenscriere necesit\u0103&nbsp;autentificare utiliz\u00e2nd&nbsp;datele<\/em> <em>contului&nbsp;institu\u021biona<\/em><em>l.<\/em><\/p>\n<h2>INFORMA\u021aII \u2013 MODUL 1 2023-2024<\/h2>\n<p><!-- \/wp:heading --><\/p>\n<p><!-- wp:paragraph --><\/p>\n<p class=\" translation-block\">Pentru anul academic 2023-2024, \u00eenscrierea pentru disciplinele op\u021bionale se efectueaz\u0103 electronic <strong>pentru anii II-VI<\/strong> acces\u00e2nd link-ul destinat modulului \u0219i anului de studiu din care face\u021bi parte.<\/p>\n<p>Preciz\u0103ri importante:<\/p>\n<ul>\n<li class=\" translation-block\">Fiecare student trebuie s\u0103 aleag\u0103&nbsp;<strong>o singur\u0103 disciplin\u0103 op\u021bional\u0103 \u00een fiecare mod<\/strong><strong>ul<\/strong><\/li>\n<li class=\" translation-block\">Pentru <strong>MODULUL 1, <\/strong>alegerea unei discipline op\u021bionale se va desf\u0103\u0219ura \u00een intervalul: <strong>mar\u021bi<strong>,<\/strong> 12 septembrie<\/strong> <strong>\u2013 marti, 19 septembrie <\/strong><strong>(p\u00e2n\u0103 la ora 23.59)<\/strong><\/li>\n<\/ul>\n<p class=\" translation-block\"><strong>Formular<\/strong><strong>ele de<\/strong><strong> selec\u021bie<\/strong>&nbsp;pentru disciplinele op\u021bionale ale <strong>Modulului I<\/strong> sunt disponibile la link-ul:<\/p>\n<p><a href=\"https:\/\/forms.office.com\/e\/xtnLab4PtS\" target=\"_blank\" rel=\"noopener noreferrer\">https:\/\/forms.office.com\/e\/xtnLab4PtS<\/a><\/p>\n<p class=\" translation-block\">* <em>Pentru <\/em><em>toti <\/em><em>studen\u021bii, accesarea formularelor de \u00eenscriere necesit\u0103&nbsp;autentificare utiliz\u00e2nd&nbsp;datele<\/em> <em>contului&nbsp;institu\u021biona<\/em><em>l.<\/em><\/p>\n<p><!-- \/wp:paragraph --><\/p>\n<p><!-- wp:heading --><\/p>\n<p>\u00a0<\/p>\n<p><!-- \/wp:heading --><\/p>\t\t\t\t\t\t\t\t<\/div>\n\t\t\t\t<\/div>\n\t\t\t\t\t<\/div>\n\t\t<\/div>\n\t\t\t\t\t<\/div>\n\t\t<\/section>\n\t\t\t\t<\/div>","protected":false},"excerpt":{"rendered":"<p>Ofert\u0103 cursuri op\u021bionale OFERT\u0102 CURSURI OP\u021aIONALE \u0218I FACULTATIVE 2025-2026 2024-2025 2023-2024 2022-2023 2021-2022 2021-2020 2019-2020 Pentru anul academic 2025-2026, \u00eenscrierea pentru disciplinele op\u021bionale se efectueaz\u0103 electronic\u00a0pentru anii I-VI\u00a0acces\u00e2nd link-ul destinat modulului \u0219i anului de studiu din care face\u021bi parte. Preciz\u0103ri importante: Fiecare student trebuie s\u0103 aleag\u0103\u00a0o singur\u0103 disciplin\u0103 op\u021bional\u0103 \u00een fiecare modul &#8211; un curs [&hellip;]<\/p>\n","protected":false},"author":4,"featured_media":0,"parent":2739,"menu_order":9,"comment_status":"closed","ping_status":"closed","template":"","meta":{"_relevanssi_hide_post":"","_relevanssi_hide_content":"","_relevanssi_pin_for_all":"","_relevanssi_pin_keywords":"","_relevanssi_unpin_keywords":"","_relevanssi_related_keywords":"","_relevanssi_related_include_ids":"","_relevanssi_related_exclude_ids":"","_relevanssi_related_no_append":"","_relevanssi_related_not_related":"","_relevanssi_related_posts":"1","_relevanssi_noindex_reason":"","footnotes":""},"categories":[12],"tags":[],"class_list":["post-65","page","type-page","status-publish","hentry","category-pagina-cu-sidebar"],"meta_box":[],"_links":{"self":[{"href":"https:\/\/umfst.ro\/medicina-engleza\/hu\/wp-json\/wp\/v2\/pages\/65","targetHints":{"allow":["GET"]}}],"collection":[{"href":"https:\/\/umfst.ro\/medicina-engleza\/hu\/wp-json\/wp\/v2\/pages"}],"about":[{"href":"https:\/\/umfst.ro\/medicina-engleza\/hu\/wp-json\/wp\/v2\/types\/page"}],"author":[{"embeddable":true,"href":"https:\/\/umfst.ro\/medicina-engleza\/hu\/wp-json\/wp\/v2\/users\/4"}],"replies":[{"embeddable":true,"href":"https:\/\/umfst.ro\/medicina-engleza\/hu\/wp-json\/wp\/v2\/comments?post=65"}],"version-history":[{"count":50,"href":"https:\/\/umfst.ro\/medicina-engleza\/hu\/wp-json\/wp\/v2\/pages\/65\/revisions"}],"predecessor-version":[{"id":3270,"href":"https:\/\/umfst.ro\/medicina-engleza\/hu\/wp-json\/wp\/v2\/pages\/65\/revisions\/3270"}],"up":[{"embeddable":true,"href":"https:\/\/umfst.ro\/medicina-engleza\/hu\/wp-json\/wp\/v2\/pages\/2739"}],"wp:attachment":[{"href":"https:\/\/umfst.ro\/medicina-engleza\/hu\/wp-json\/wp\/v2\/media?parent=65"}],"wp:term":[{"taxonomy":"category","embeddable":true,"href":"https:\/\/umfst.ro\/medicina-engleza\/hu\/wp-json\/wp\/v2\/categories?post=65"},{"taxonomy":"post_tag","embeddable":true,"href":"https:\/\/umfst.ro\/medicina-engleza\/hu\/wp-json\/wp\/v2\/tags?post=65"}],"curies":[{"name":"wp","href":"https:\/\/api.w.org\/{rel}","templated":true}]}}