{"id":148,"date":"2022-11-20T18:52:42","date_gmt":"2022-11-20T18:52:42","guid":{"rendered":"https:\/\/dev.umfst.ro\/stiinte-si-litere\/?page_id=148"},"modified":"2025-06-11T05:57:50","modified_gmt":"2025-06-11T05:57:50","slug":"tabere","status":"publish","type":"page","link":"https:\/\/umfst.ro\/stiinte-si-litere\/en\/informatii-pentru-studenti\/informatii-specifice-facultatii\/tabere\/","title":{"rendered":"Tabere"},"content":{"rendered":"<div data-elementor-type=\"wp-page\" data-elementor-id=\"148\" class=\"elementor elementor-148\" data-elementor-post-type=\"page\">\n\t\t\t\t\t\t<section class=\"elementor-section elementor-top-section elementor-element elementor-element-9dd1ce6 elementor-section-boxed elementor-section-height-default elementor-section-height-default\" data-id=\"9dd1ce6\" data-element_type=\"section\" data-e-type=\"section\">\n\t\t\t\t\t\t<div class=\"elementor-container elementor-column-gap-default\">\n\t\t\t\t\t<div class=\"elementor-column elementor-col-100 elementor-top-column elementor-element elementor-element-465d07b\" data-id=\"465d07b\" data-element_type=\"column\" data-e-type=\"column\">\n\t\t\t<div class=\"elementor-widget-wrap elementor-element-populated\">\n\t\t\t\t\t\t\t<\/div>\n\t\t<\/div>\n\t\t\t\t\t<\/div>\n\t\t<\/section>\n\t\t\t\t<section class=\"elementor-section elementor-top-section elementor-element elementor-element-72cd3b26 elementor-section-boxed elementor-section-height-default elementor-section-height-default\" data-id=\"72cd3b26\" data-element_type=\"section\" data-e-type=\"section\">\n\t\t\t\t\t\t<div class=\"elementor-container elementor-column-gap-default\">\n\t\t\t\t\t<div class=\"elementor-column elementor-col-100 elementor-top-column elementor-element elementor-element-750ca43f\" data-id=\"750ca43f\" data-element_type=\"column\" data-e-type=\"column\">\n\t\t\t<div class=\"elementor-widget-wrap elementor-element-populated\">\n\t\t\t\t\t\t<div class=\"elementor-element elementor-element-32522983 elementor-widget elementor-widget-text-editor\" data-id=\"32522983\" data-element_type=\"widget\" data-e-type=\"widget\" data-widget_type=\"text-editor.default\">\n\t\t\t\t<div class=\"elementor-widget-container\">\n\t\t\t\t\t\t\t\t\t\n<h2 class=\"wp-block-heading\">TABERE 2025<\/h2>\n<p><a href=\"https:\/\/www.umfst.ro\/fileadmin\/studenti\/tabere\/2025\/FSL\/Proces-verbal 05.06.2025 .pdf\" data-wplink-url-error=\"true\">Proces verbal de selec\u021bie 05.06.2025<\/a><\/p>\n<p><a href=\"https:\/\/www.umfst.ro\/fileadmin\/studenti\/tabere\/2025\/FSL\/Metodologie Tabere studentesti 2025.pdf\" target=\"_blank\" rel=\"noopener\" aria-label=\"Metodologie privind organizarea taberelor studen\u021be\u0219ti - deschide \u00eentr-o fil\u0103 nou\u0103\" data-uw-rm-ext-link=\"\" data-uw-pdf-br=\"2\" data-uw-pdf-doc=\"\" data-wplink-url-error=\"true\">Metodologie privind organizarea taberelor studen\u021be\u0219ti<\/a><\/p>\n<p><a href=\"https:\/\/www.umfst.ro\/fileadmin\/studenti\/tabere\/2025\/FSL\/Anexa 4 la metodologie TS - cerere.docx\" target=\"_blank\" rel=\"noopener\" data-uw-rm-brl=\"PR\" data-uw-original-href=\"https:\/\/www.umfst.ro\/fileadmin\/studenti\/tabere\/2025\/Anexa%204%20la%20metodologie%20TS.docx\" aria-label=\"Anexa nr. 4 la metodologie - deschide \u00eentr-o fil\u0103 nou\u0103\" data-uw-rm-ext-link=\"\" data-wplink-url-error=\"true\">Anexa nr. 4 la metodologie<\/a><\/p>\n<p><a href=\"https:\/\/www.umfst.ro\/fileadmin\/studenti\/tabere\/2025\/FSL\/Modalitati de depunere a cererilor pentru tabara 2025.pdf\" data-uw-pdf-br=\"2\" data-uw-pdf-doc=\"\" data-wplink-url-error=\"true\">Modalit\u0103\u021bi de depunere a cererilor pentru tabere studen\u021be\u0219ti 2025<\/a><\/p>\n<p><a href=\"https:\/\/www.umfst.ro\/fileadmin\/studenti\/tabere\/2025\/FSL\/Ordinul Ministrului Familiei, Tineretului \u0219i Egalit\u0103\u021bii de \u015eanse pentru aprobarea Metodologiei privind organizarea taberelor studen\u0163e\u015fti.pdf\" data-uw-pdf-br=\"2\" data-uw-pdf-doc=\"\" data-wplink-url-error=\"true\">Ordinul Ministrului Familiei, Tineretului \u0219i Egalit\u0103\u021bii de \u015eanse pentru aprobarea Metodologiei privind organizarea taberelor studen\u0163e\u015fti<\/a><\/p>\n\t\t\t\t\t\t\t\t<\/div>\n\t\t\t\t<\/div>\n\t\t\t\t\t<\/div>\n\t\t<\/div>\n\t\t\t\t\t<\/div>\n\t\t<\/section>\n\t\t\t\t<section class=\"elementor-section elementor-top-section elementor-element elementor-element-e628d7a elementor-section-boxed elementor-section-height-default elementor-section-height-default\" data-id=\"e628d7a\" data-element_type=\"section\" data-e-type=\"section\">\n\t\t\t\t\t\t<div class=\"elementor-container elementor-column-gap-default\">\n\t\t\t\t\t<div class=\"elementor-column elementor-col-100 elementor-top-column elementor-element elementor-element-85a68d4\" data-id=\"85a68d4\" data-element_type=\"column\" data-e-type=\"column\">\n\t\t\t<div class=\"elementor-widget-wrap elementor-element-populated\">\n\t\t\t\t\t\t<div class=\"elementor-element elementor-element-341cf8a elementor-widget elementor-widget-text-editor\" data-id=\"341cf8a\" data-element_type=\"widget\" data-e-type=\"widget\" data-widget_type=\"text-editor.default\">\n\t\t\t\t<div class=\"elementor-widget-container\">\n\t\t\t\t\t\t\t\t\t\n<h2 class=\"wp-block-heading\">TABERE 2024<\/h2>\n<p><a href=\"https:\/\/www.umfst.ro\/fileadmin\/studenti\/tabere\/2024\/Anunt-intrunire-comisieFSL.pdf\">Anun\u021b \u00eentrunire Comisie de selec\u021bie tabere studen\u021be\u0219ti<\/a><\/p>\n<p><a href=\"https:\/\/www.umfst.ro\/fileadmin\/studenti\/tabere\/2024\/lista_cererilor_depuse_FSL.pdf\">Lista studen\u021bi care au depus cereri pentru tabere<\/a><\/p>\n<p><a href=\"https:\/\/www.umfst.ro\/fileadmin\/studenti\/tabere\/2024\/Metodologie_tabere_studentesti_2024.pdf\">Metodologia privind organizarea taberelor studen\u021be\u0219ti 2024<\/a><\/p>\n<p><a href=\"https:\/\/www.umfst.ro\/fileadmin\/studenti\/tabere\/2024\/Anexa_4_Metodologie_tabere_studentesti_2024.pdf\">Anexa 4 Metodologie tabere studen\u021be\u0219ti 2024 \u2013 Cerere individual\u0103 pentru ocuparea unui loc \u00een cadrul taberelor studen\u021be\u0219ti 2024<\/a><\/p>\n<p><a href=\"https:\/\/www.umfst.ro\/fileadmin\/f_stiinte_litere\/tabere\/Modalitati_de_depunere_a_solicitarilor_de_tabaraFSL.pdf\"><u>Modalit\u0103\u021bi de depunere a cererilor pentru tabere studen\u021be\u0219ti 2024<\/u><\/a><\/p>\n<p><a href=\"https:\/\/www.umfst.ro\/fileadmin\/f_stiinte_litere\/tabere\/Calendar_desfasurare_proces_de_selectie_tabere_2024.pdf\">Calendar desfasurare proces de selectie tabere 2024<\/a><\/p>\n\t\t\t\t\t\t\t\t<\/div>\n\t\t\t\t<\/div>\n\t\t\t\t\t<\/div>\n\t\t<\/div>\n\t\t\t\t\t<\/div>\n\t\t<\/section>\n\t\t\t\t<\/div>","protected":false},"excerpt":{"rendered":"<p>TABERE 2025 Proces verbal de selec\u021bie 05.06.2025 Metodologie privind organizarea taberelor studen\u021be\u0219ti Anexa nr. 4 la metodologie Modalit\u0103\u021bi de depunere a cererilor pentru tabere studen\u021be\u0219ti 2025 Ordinul Ministrului Familiei, Tineretului \u0219i Egalit\u0103\u021bii de \u015eanse pentru aprobarea Metodologiei privind organizarea taberelor studen\u0163e\u015fti TABERE 2024 Anun\u021b \u00eentrunire Comisie de selec\u021bie tabere studen\u021be\u0219ti Lista studen\u021bi care au depus [&hellip;]<\/p>\n","protected":false},"author":4,"featured_media":0,"parent":137,"menu_order":0,"comment_status":"closed","ping_status":"closed","template":"","meta":{"_relevanssi_hide_post":"","_relevanssi_hide_content":"","_relevanssi_pin_for_all":"","_relevanssi_pin_keywords":"","_relevanssi_unpin_keywords":"","_relevanssi_related_keywords":"","_relevanssi_related_include_ids":"","_relevanssi_related_exclude_ids":"","_relevanssi_related_no_append":"","_relevanssi_related_not_related":"","_relevanssi_related_posts":"1","_relevanssi_noindex_reason":"","footnotes":""},"categories":[12,33],"tags":[],"class_list":["post-148","page","type-page","status-publish","hentry","category-pagina-cu-sidebar","category-pagina-studenti"],"meta_box":[],"_links":{"self":[{"href":"https:\/\/umfst.ro\/stiinte-si-litere\/en\/wp-json\/wp\/v2\/pages\/148","targetHints":{"allow":["GET"]}}],"collection":[{"href":"https:\/\/umfst.ro\/stiinte-si-litere\/en\/wp-json\/wp\/v2\/pages"}],"about":[{"href":"https:\/\/umfst.ro\/stiinte-si-litere\/en\/wp-json\/wp\/v2\/types\/page"}],"author":[{"embeddable":true,"href":"https:\/\/umfst.ro\/stiinte-si-litere\/en\/wp-json\/wp\/v2\/users\/4"}],"replies":[{"embeddable":true,"href":"https:\/\/umfst.ro\/stiinte-si-litere\/en\/wp-json\/wp\/v2\/comments?post=148"}],"version-history":[{"count":29,"href":"https:\/\/umfst.ro\/stiinte-si-litere\/en\/wp-json\/wp\/v2\/pages\/148\/revisions"}],"predecessor-version":[{"id":3977,"href":"https:\/\/umfst.ro\/stiinte-si-litere\/en\/wp-json\/wp\/v2\/pages\/148\/revisions\/3977"}],"up":[{"embeddable":true,"href":"https:\/\/umfst.ro\/stiinte-si-litere\/en\/wp-json\/wp\/v2\/pages\/137"}],"wp:attachment":[{"href":"https:\/\/umfst.ro\/stiinte-si-litere\/en\/wp-json\/wp\/v2\/media?parent=148"}],"wp:term":[{"taxonomy":"category","embeddable":true,"href":"https:\/\/umfst.ro\/stiinte-si-litere\/en\/wp-json\/wp\/v2\/categories?post=148"},{"taxonomy":"post_tag","embeddable":true,"href":"https:\/\/umfst.ro\/stiinte-si-litere\/en\/wp-json\/wp\/v2\/tags?post=148"}],"curies":[{"name":"wp","href":"https:\/\/api.w.org\/{rel}","templated":true}]}}