{"id":31,"date":"2022-11-20T17:52:25","date_gmt":"2022-11-20T17:52:25","guid":{"rendered":"https:\/\/dev.umfst.ro\/stiinte-si-litere\/?page_id=31"},"modified":"2022-11-20T17:52:26","modified_gmt":"2022-11-20T17:52:26","slug":"sesiunea-de-comunicari-a-concursurilor-stiintifice-studentesti","status":"publish","type":"page","link":"https:\/\/umfst.ro\/stiinte-si-litere\/en\/evenimente\/sesiunea-de-comunicari-a-concursurilor-stiintifice-studentesti\/","title":{"rendered":"Sesiunea de comunicari a concursurilor \u0219tiin\u021bifice studen\u021be\u0219ti"},"content":{"rendered":"<h2 class=\"wp-block-heading\">&#8222;SESIUNEA DE COMUNICARI A CONCURSURILOR \u0218TIIN\u021aIFICE STUDEN\u021aE\u0218TI&#8221;<\/h2>\n\n\n\n<figure class=\"wp-block-image\"><img decoding=\"async\" src=\"https:\/\/www.umfst.ro\/fileadmin\/_processed_\/2\/b\/csm_Sesiune_comunicari_stud_4_iunie_998630740b.jpeg\" alt=\"\" \/><\/figure>\n\n\n\n<p>Facultatea de \u0218tiin\u021be \u0219i Litere \u201ePetru Maior&#8221; din cadrul Universit\u0103\u021bii de Medicin\u0103, Farmacie, \u0218tiin\u021be \u0219i Tehnologie \u201eG. E. Palade&#8221; organizeaz\u0103 \u00een data de 4 iunie 2021, ora 14, Sesiunea de comunic\u0103ri a cercurilor \u015ftiin\u0163ifice studen\u0163e\u015fti. Aceasta se va desf\u0103\u0219ura pe platforma Microsoft Teams pe urm\u0103toarele sec\u021biuni:<\/p>\n\n\n\n<p>&#8211; Studii literare, literatur\u0103 comparat\u0103, lingvistic\u0103 \u0219i pedagogie<\/p>\n\n\n\n<p>&#8211; Limba \u0219i literatura englez\u0103<\/p>\n\n\n\n<p>&#8211; Limba \u0219i literatura francez\u0103<\/p>\n\n\n\n<p>&#8211; Limba \u0219i literatura german\u0103<\/p>\n\n\n\n<p>&#8211; Limba \u0219i literatura italian\u0103<\/p>\n\n\n\n<p>&#8211; Istorie<\/p>\n\n\n\n<p>&#8211; Masterat<\/p>\n\n\n\n<p><a href=\"https:\/\/www.umfst.ro\/fileadmin\/materiale\/anunturi\/2021\/06.2021\/Brosura_Sesiune_comunicari_04.06.2021.pdf\" target=\"_blank\" rel=\"noreferrer noopener\">Programul de desfasurare<\/a><\/p>","protected":false},"excerpt":{"rendered":"<p>&#8222;SESIUNEA DE COMUNICARI A CONCURSURILOR \u0218TIIN\u021aIFICE STUDEN\u021aE\u0218TI&#8221; Facultatea de \u0218tiin\u021be \u0219i Litere \u201ePetru Maior&#8221; din cadrul Universit\u0103\u021bii de Medicin\u0103, Farmacie, \u0218tiin\u021be \u0219i Tehnologie \u201eG. E. Palade&#8221; organizeaz\u0103 \u00een data de 4 iunie 2021, ora 14, Sesiunea de comunic\u0103ri a cercurilor \u015ftiin\u0163ifice studen\u0163e\u015fti. Aceasta se va desf\u0103\u0219ura pe platforma Microsoft Teams pe urm\u0103toarele sec\u021biuni: &#8211; Studii [&hellip;]<\/p>\n","protected":false},"author":4,"featured_media":0,"parent":23,"menu_order":0,"comment_status":"closed","ping_status":"closed","template":"","meta":{"_relevanssi_hide_post":"","_relevanssi_hide_content":"","_relevanssi_pin_for_all":"","_relevanssi_pin_keywords":"","_relevanssi_unpin_keywords":"","_relevanssi_related_keywords":"","_relevanssi_related_include_ids":"","_relevanssi_related_exclude_ids":"","_relevanssi_related_no_append":"","_relevanssi_related_not_related":"","_relevanssi_related_posts":"1","_relevanssi_noindex_reason":"","footnotes":""},"categories":[12],"tags":[],"class_list":["post-31","page","type-page","status-publish","hentry","category-pagina-cu-sidebar"],"meta_box":[],"_links":{"self":[{"href":"https:\/\/umfst.ro\/stiinte-si-litere\/en\/wp-json\/wp\/v2\/pages\/31","targetHints":{"allow":["GET"]}}],"collection":[{"href":"https:\/\/umfst.ro\/stiinte-si-litere\/en\/wp-json\/wp\/v2\/pages"}],"about":[{"href":"https:\/\/umfst.ro\/stiinte-si-litere\/en\/wp-json\/wp\/v2\/types\/page"}],"author":[{"embeddable":true,"href":"https:\/\/umfst.ro\/stiinte-si-litere\/en\/wp-json\/wp\/v2\/users\/4"}],"replies":[{"embeddable":true,"href":"https:\/\/umfst.ro\/stiinte-si-litere\/en\/wp-json\/wp\/v2\/comments?post=31"}],"version-history":[{"count":1,"href":"https:\/\/umfst.ro\/stiinte-si-litere\/en\/wp-json\/wp\/v2\/pages\/31\/revisions"}],"predecessor-version":[{"id":35,"href":"https:\/\/umfst.ro\/stiinte-si-litere\/en\/wp-json\/wp\/v2\/pages\/31\/revisions\/35"}],"up":[{"embeddable":true,"href":"https:\/\/umfst.ro\/stiinte-si-litere\/en\/wp-json\/wp\/v2\/pages\/23"}],"wp:attachment":[{"href":"https:\/\/umfst.ro\/stiinte-si-litere\/en\/wp-json\/wp\/v2\/media?parent=31"}],"wp:term":[{"taxonomy":"category","embeddable":true,"href":"https:\/\/umfst.ro\/stiinte-si-litere\/en\/wp-json\/wp\/v2\/categories?post=31"},{"taxonomy":"post_tag","embeddable":true,"href":"https:\/\/umfst.ro\/stiinte-si-litere\/en\/wp-json\/wp\/v2\/tags?post=31"}],"curies":[{"name":"wp","href":"https:\/\/api.w.org\/{rel}","templated":true}]}}