{"id":4334,"date":"2026-03-31T11:13:55","date_gmt":"2026-03-31T11:13:55","guid":{"rendered":"https:\/\/umfst.ro\/stiinte-si-litere\/?page_id=4334"},"modified":"2026-04-27T10:03:11","modified_gmt":"2026-04-27T10:03:11","slug":"femei-care-inspira-puterea-de-a-transforma","status":"publish","type":"page","link":"https:\/\/umfst.ro\/stiinte-si-litere\/en\/evenimente\/femei-care-inspira-puterea-de-a-transforma\/","title":{"rendered":"Femei care inspir\u0103. Puterea de a transforma"},"content":{"rendered":"<figure class=\"wp-block-image size-full\"><img fetchpriority=\"high\" decoding=\"async\" width=\"1344\" height=\"960\" src=\"https:\/\/umfst.ro\/stiinte-si-litere\/wp-content\/uploads\/sites\/8\/2026\/03\/Afis-st-femei-care-inspira.jpg\" alt=\"\" class=\"wp-image-4335\" srcset=\"https:\/\/umfst.ro\/stiinte-si-litere\/wp-content\/uploads\/sites\/8\/2026\/03\/Afis-st-femei-care-inspira.jpg 1344w, https:\/\/umfst.ro\/stiinte-si-litere\/wp-content\/uploads\/sites\/8\/2026\/03\/Afis-st-femei-care-inspira-300x214.jpg 300w, https:\/\/umfst.ro\/stiinte-si-litere\/wp-content\/uploads\/sites\/8\/2026\/03\/Afis-st-femei-care-inspira-1024x731.jpg 1024w, https:\/\/umfst.ro\/stiinte-si-litere\/wp-content\/uploads\/sites\/8\/2026\/03\/Afis-st-femei-care-inspira-768x549.jpg 768w, https:\/\/umfst.ro\/stiinte-si-litere\/wp-content\/uploads\/sites\/8\/2026\/03\/Afis-st-femei-care-inspira-18x12.jpg 18w\" sizes=\"(max-width: 1344px) 100vw, 1344px\" \/><\/figure>\n\n\n\n<p>Facultatea de \u0218tiin\u021be \u0219i Litere \u201ePetru Maior\u201d \u00een parteneriat cu Orchestra UMFST ,,G.E. Palade\u201d anun\u021b\u0103 organizarea unui eveniment dedicat lunii martie, celebrat\u0103 oficial ca luna femeilor.<\/p>\n\n\n\n<p>Evenimentul \u201eFemei care inspir\u0103. Puterea de a transforma\u201d va cuprinde discursuri inspira\u021bionale sus\u021binute de femei din diferite domenii de activitate, precum \u0219i un moment muzical sus\u021binut de Orchestra Universit\u0103\u021bii. Coordonatorii evenimentului sunt asist. univ. drd. Anca Rusu \u0219i asist. univ. dr Aurel Laz\u0103r.<\/p>\n\n\n\n<p>Evenimentul va avea loc \u00een data de 18 martie 2026, ora 16:00, \u00een Aula Magna UMFST G.E. Palade T\u00e2rgu Mure\u0219 (str. Nicolae Iorga, nr. 1, cl\u0103direa A, etajul 2).<\/p>","protected":false},"excerpt":{"rendered":"<p>Facultatea de \u0218tiin\u021be \u0219i Litere \u201ePetru Maior\u201d \u00een parteneriat cu Orchestra UMFST ,,G.E. Palade\u201d anun\u021b\u0103 organizarea unui eveniment dedicat lunii martie, celebrat\u0103 oficial ca luna femeilor. Evenimentul \u201eFemei care inspir\u0103. Puterea de a transforma\u201d va cuprinde discursuri inspira\u021bionale sus\u021binute de femei din diferite domenii de activitate, precum \u0219i un moment muzical sus\u021binut de Orchestra Universit\u0103\u021bii. [&hellip;]<\/p>\n","protected":false},"author":25,"featured_media":0,"parent":23,"menu_order":0,"comment_status":"closed","ping_status":"closed","template":"","meta":{"_relevanssi_hide_post":"","_relevanssi_hide_content":"","_relevanssi_pin_for_all":"","_relevanssi_pin_keywords":"","_relevanssi_unpin_keywords":"","_relevanssi_related_keywords":"","_relevanssi_related_include_ids":"","_relevanssi_related_exclude_ids":"","_relevanssi_related_no_append":"","_relevanssi_related_not_related":"","_relevanssi_related_posts":"191,186,187,193,194,190","_relevanssi_noindex_reason":"","footnotes":""},"categories":[12],"tags":[],"class_list":["post-4334","page","type-page","status-publish","hentry","category-pagina-cu-sidebar"],"meta_box":[],"_links":{"self":[{"href":"https:\/\/umfst.ro\/stiinte-si-litere\/en\/wp-json\/wp\/v2\/pages\/4334","targetHints":{"allow":["GET"]}}],"collection":[{"href":"https:\/\/umfst.ro\/stiinte-si-litere\/en\/wp-json\/wp\/v2\/pages"}],"about":[{"href":"https:\/\/umfst.ro\/stiinte-si-litere\/en\/wp-json\/wp\/v2\/types\/page"}],"author":[{"embeddable":true,"href":"https:\/\/umfst.ro\/stiinte-si-litere\/en\/wp-json\/wp\/v2\/users\/25"}],"replies":[{"embeddable":true,"href":"https:\/\/umfst.ro\/stiinte-si-litere\/en\/wp-json\/wp\/v2\/comments?post=4334"}],"version-history":[{"count":2,"href":"https:\/\/umfst.ro\/stiinte-si-litere\/en\/wp-json\/wp\/v2\/pages\/4334\/revisions"}],"predecessor-version":[{"id":4374,"href":"https:\/\/umfst.ro\/stiinte-si-litere\/en\/wp-json\/wp\/v2\/pages\/4334\/revisions\/4374"}],"up":[{"embeddable":true,"href":"https:\/\/umfst.ro\/stiinte-si-litere\/en\/wp-json\/wp\/v2\/pages\/23"}],"wp:attachment":[{"href":"https:\/\/umfst.ro\/stiinte-si-litere\/en\/wp-json\/wp\/v2\/media?parent=4334"}],"wp:term":[{"taxonomy":"category","embeddable":true,"href":"https:\/\/umfst.ro\/stiinte-si-litere\/en\/wp-json\/wp\/v2\/categories?post=4334"},{"taxonomy":"post_tag","embeddable":true,"href":"https:\/\/umfst.ro\/stiinte-si-litere\/en\/wp-json\/wp\/v2\/tags?post=4334"}],"curies":[{"name":"wp","href":"https:\/\/api.w.org\/{rel}","templated":true}]}}