{"id":4378,"date":"2026-05-08T07:37:15","date_gmt":"2026-05-08T07:37:15","guid":{"rendered":"https:\/\/umfst.ro\/stiinte-si-litere\/?page_id=4378"},"modified":"2026-05-08T07:40:02","modified_gmt":"2026-05-08T07:40:02","slug":"ziua-europei-unitate-in-diversitate","status":"publish","type":"page","link":"https:\/\/umfst.ro\/stiinte-si-litere\/en\/evenimente\/ziua-europei-unitate-in-diversitate\/","title":{"rendered":"Ziua Europei. Unitate \u00een diversitate"},"content":{"rendered":"<figure class=\"wp-block-image size-full\"><img fetchpriority=\"high\" decoding=\"async\" width=\"1240\" height=\"698\" src=\"https:\/\/umfst.ro\/stiinte-si-litere\/wp-content\/uploads\/sites\/8\/2026\/05\/banner-web-ziua-europei.jpg\" alt=\"\" class=\"wp-image-4379\" srcset=\"https:\/\/umfst.ro\/stiinte-si-litere\/wp-content\/uploads\/sites\/8\/2026\/05\/banner-web-ziua-europei.jpg 1240w, https:\/\/umfst.ro\/stiinte-si-litere\/wp-content\/uploads\/sites\/8\/2026\/05\/banner-web-ziua-europei-300x169.jpg 300w, https:\/\/umfst.ro\/stiinte-si-litere\/wp-content\/uploads\/sites\/8\/2026\/05\/banner-web-ziua-europei-1024x576.jpg 1024w, https:\/\/umfst.ro\/stiinte-si-litere\/wp-content\/uploads\/sites\/8\/2026\/05\/banner-web-ziua-europei-768x432.jpg 768w, https:\/\/umfst.ro\/stiinte-si-litere\/wp-content\/uploads\/sites\/8\/2026\/05\/banner-web-ziua-europei-18x10.jpg 18w\" sizes=\"(max-width: 1240px) 100vw, 1240px\" \/><\/figure>\n\n\n\n<p>Facultatea de \u0218tiin\u021be \u0219i Litere \u201ePetru Maior\u201d, UMFST G.E. Palade T\u00e2rgu Mure\u0219, organizeaz\u0103, \u00een data de 8 mai 2026, ora 12:30, \u00een Aula Magna (str. Nicolae Iorga, nr. 1), evenimentul \u201eZiua Europei. Unitate \u00een diversitate\u201d, adresat elevilor mure\u0219eni.<\/p>\n\n\n\n<p>Evenimentul este structurat \u00een dou\u0103 sec\u021biuni: o serie de alocu\u021biuni dedicate istoriei integr\u0103rii europene \u0219i arhitecturii institu\u021bionale a Uniunii Europene, urmate de o activitate interactiv\u0103 sub form\u0103 de quiz, menit\u0103 s\u0103 testeze nivelul de cuno\u0219tin\u021be al elevilor despre UE.<\/p>\n\n\n\n<p>Coordonatori eveniment: asist. univ. drd. Anca Rusu \u0219i asist. univ. dr. Aurel Laz\u0103r.<\/p>","protected":false},"excerpt":{"rendered":"<p>Facultatea de \u0218tiin\u021be \u0219i Litere \u201ePetru Maior\u201d, UMFST G.E. Palade T\u00e2rgu Mure\u0219, organizeaz\u0103, \u00een data de 8 mai 2026, ora 12:30, \u00een Aula Magna (str. Nicolae Iorga, nr. 1), evenimentul \u201eZiua Europei. Unitate \u00een diversitate\u201d, adresat elevilor mure\u0219eni. Evenimentul este structurat \u00een dou\u0103 sec\u021biuni: o serie de alocu\u021biuni dedicate istoriei integr\u0103rii europene \u0219i arhitecturii institu\u021bionale [&hellip;]<\/p>\n","protected":false},"author":25,"featured_media":4379,"parent":23,"menu_order":0,"comment_status":"closed","ping_status":"closed","template":"","meta":{"_relevanssi_hide_post":"","_relevanssi_hide_content":"","_relevanssi_pin_for_all":"","_relevanssi_pin_keywords":"","_relevanssi_unpin_keywords":"","_relevanssi_related_keywords":"","_relevanssi_related_include_ids":"","_relevanssi_related_exclude_ids":"","_relevanssi_related_no_append":"","_relevanssi_related_not_related":"","_relevanssi_related_posts":"191,186,187,193,194,190","_relevanssi_noindex_reason":"","footnotes":""},"categories":[12],"tags":[],"class_list":["post-4378","page","type-page","status-publish","has-post-thumbnail","hentry","category-pagina-cu-sidebar"],"meta_box":[],"_links":{"self":[{"href":"https:\/\/umfst.ro\/stiinte-si-litere\/en\/wp-json\/wp\/v2\/pages\/4378","targetHints":{"allow":["GET"]}}],"collection":[{"href":"https:\/\/umfst.ro\/stiinte-si-litere\/en\/wp-json\/wp\/v2\/pages"}],"about":[{"href":"https:\/\/umfst.ro\/stiinte-si-litere\/en\/wp-json\/wp\/v2\/types\/page"}],"author":[{"embeddable":true,"href":"https:\/\/umfst.ro\/stiinte-si-litere\/en\/wp-json\/wp\/v2\/users\/25"}],"replies":[{"embeddable":true,"href":"https:\/\/umfst.ro\/stiinte-si-litere\/en\/wp-json\/wp\/v2\/comments?post=4378"}],"version-history":[{"count":3,"href":"https:\/\/umfst.ro\/stiinte-si-litere\/en\/wp-json\/wp\/v2\/pages\/4378\/revisions"}],"predecessor-version":[{"id":4386,"href":"https:\/\/umfst.ro\/stiinte-si-litere\/en\/wp-json\/wp\/v2\/pages\/4378\/revisions\/4386"}],"up":[{"embeddable":true,"href":"https:\/\/umfst.ro\/stiinte-si-litere\/en\/wp-json\/wp\/v2\/pages\/23"}],"wp:featuredmedia":[{"embeddable":true,"href":"https:\/\/umfst.ro\/stiinte-si-litere\/en\/wp-json\/wp\/v2\/media\/4379"}],"wp:attachment":[{"href":"https:\/\/umfst.ro\/stiinte-si-litere\/en\/wp-json\/wp\/v2\/media?parent=4378"}],"wp:term":[{"taxonomy":"category","embeddable":true,"href":"https:\/\/umfst.ro\/stiinte-si-litere\/en\/wp-json\/wp\/v2\/categories?post=4378"},{"taxonomy":"post_tag","embeddable":true,"href":"https:\/\/umfst.ro\/stiinte-si-litere\/en\/wp-json\/wp\/v2\/tags?post=4378"}],"curies":[{"name":"wp","href":"https:\/\/api.w.org\/{rel}","templated":true}]}}