{"id":49,"date":"2022-11-20T17:58:27","date_gmt":"2022-11-20T17:58:27","guid":{"rendered":"https:\/\/dev.umfst.ro\/stiinte-si-litere\/?page_id=49"},"modified":"2025-03-18T08:00:21","modified_gmt":"2025-03-18T08:00:21","slug":"secretariat","status":"publish","type":"page","link":"https:\/\/umfst.ro\/stiinte-si-litere\/en\/organizare\/secretariat\/","title":{"rendered":"Secretary"},"content":{"rendered":"<div data-elementor-type=\"wp-page\" data-elementor-id=\"49\" class=\"elementor elementor-49\" data-elementor-post-type=\"page\">\n\t\t\t\t\t\t<section class=\"elementor-section elementor-top-section elementor-element elementor-element-8449058 elementor-section-boxed elementor-section-height-default elementor-section-height-default\" data-id=\"8449058\" data-element_type=\"section\" data-e-type=\"section\">\n\t\t\t\t\t\t<div class=\"elementor-container elementor-column-gap-default\">\n\t\t\t\t\t<div class=\"elementor-column elementor-col-100 elementor-top-column elementor-element elementor-element-1a8fd40\" data-id=\"1a8fd40\" data-element_type=\"column\" data-e-type=\"column\">\n\t\t\t<div class=\"elementor-widget-wrap elementor-element-populated\">\n\t\t\t\t\t\t<div class=\"elementor-element elementor-element-02e9f1b elementor-widget elementor-widget-text-editor\" data-id=\"02e9f1b\" data-element_type=\"widget\" data-e-type=\"widget\" data-widget_type=\"text-editor.default\">\n\t\t\t\t<div class=\"elementor-widget-container\">\n\t\t\t\t\t\t\t\t\t<p><strong>Secretar-\u0219ef\u00a0Facultate<\/strong>, HUSAR Maria-Cristina<\/p><p>Bachelor\u2019s degree studies<\/p><ul><li>History \u00a0<\/li><li>Security studies<\/li><\/ul><p>Romanian language preparatory program for foreign citizens<\/p><p>Program ERASMUS<\/p><p>Phone: 0265-215.551, extension 511\u00a0<br \/>E-mail:\u00a0<a href=\"mailto:cristina.husar@umfst.ro\">cristina.husar@umfst.ro<\/a>\u00a0;\u00a0<a href=\"mailto:decanat.stiintelitere@umfst.ro\">decanat.stiintelitere@umfst.ro<\/a>; <a href=\"mailto:preparatory.year@umfst.ro\">preparatory.year@umfst.ro<\/a><\/p><p><strong>\u00a0<\/strong><\/p><p><strong>Secretar\u00a0Facultate,<\/strong>\u00a0BUCUR Mihaela<\/p><p>Bachelor\u2019s degree studies<\/p><ul><li>Limba \u0219i literatura rom\u00e2n\u0103 \u2013 Limba \u0219i literatura englez\u0103<\/li><li>Limbi moderne aplicate (En.; Fr.; Ge.; It.)<\/li><li>Physical Education and Sports<\/li><\/ul><p><br \/>Phone: 0265-215.551, extension 501<br \/>E-mail:\u00a0<a href=\"mailto:bucur.mihaela@umfst.ro\">bucur.mihaela@umfst.ro<\/a><\/p><p>\u00a0<\/p><p><strong>Secretar\u00a0Facultate,<\/strong>\u00a0ROTAR Diana-Simona<\/p><p>Bachelor\u2019s degree studies<\/p><ul><li>Communication and Emerging Media<\/li><li>Communication and Public Relations<\/li><li>Physical Education and Sports<\/li><li>Pedagogy of Primary and Preschool education<\/li><\/ul><p>Masterat<\/p><ul><li>Istorie \u0219i turism cultural<\/li><li>Scriere creatoare \u0219i compozi\u021bie digital\u0103<\/li><li>Traducere multimodal\u0103<\/li><li>Educa\u021bie fizic\u0103 \u0219i consiliere sportiv\u0103<\/li><li>Medical Humanities<\/li><\/ul><p><br \/>Tel: 0265-215.551, int. 594<br \/>E-mail:\u00a0<a href=\"mailto:diana.rotar@umfst.ro\">diana.rotar@umfst.ro<\/a><\/p><p>\u00a0<\/p><p><strong>Secretar\u00a0Facultate,<\/strong>\u00a0M\u0102RGINEAN Andrada-Bianca<\/p><p>Bachelor\u2019s degree studies<\/p><ul><li>Psihologie<\/li><\/ul><p><br \/>Tel: 0265-215.551, int. 594<br \/>E-mail:\u00a0<a href=\"mailto:andrada.marginean@umfst.ro\">andrada.marginean@umfst.ro<\/a><\/p><p>\u00a0<\/p>\t\t\t\t\t\t\t\t<\/div>\n\t\t\t\t<\/div>\n\t\t\t\t\t<\/div>\n\t\t<\/div>\n\t\t\t\t\t<\/div>\n\t\t<\/section>\n\t\t\t\t<section class=\"elementor-section elementor-top-section elementor-element elementor-element-b5cd33c elementor-section-boxed elementor-section-height-default elementor-section-height-default\" data-id=\"b5cd33c\" data-element_type=\"section\" data-e-type=\"section\">\n\t\t\t\t\t\t<div class=\"elementor-container elementor-column-gap-default\">\n\t\t\t\t\t<div class=\"elementor-column elementor-col-100 elementor-top-column elementor-element elementor-element-00683f0\" data-id=\"00683f0\" data-element_type=\"column\" data-e-type=\"column\">\n\t\t\t<div class=\"elementor-widget-wrap elementor-element-populated\">\n\t\t\t\t\t\t<div class=\"elementor-element elementor-element-4d58216 elementor-widget elementor-widget-text-editor\" data-id=\"4d58216\" data-element_type=\"widget\" data-e-type=\"widget\" data-widget_type=\"text-editor.default\">\n\t\t\t\t<div class=\"elementor-widget-container\">\n\t\t\t\t\t\t\t\t\t<p><strong>PROGRAM DE LUCRU<\/strong><\/p><p><strong>valabil \u00een perioada activit\u0103\u021bilor didactice<\/strong><\/p><table><tbody><tr><td rowspan=\"2\" width=\"auto\"><img decoding=\"async\" class=\"size-medium wp-image-3866 aligncenter\" src=\"https:\/\/umfst.ro\/stiinte-si-litere\/wp-content\/uploads\/sites\/8\/2025\/03\/logo_FSL-300x300.png\" alt=\"\" width=\"100\" height=\"100\" srcset=\"https:\/\/umfst.ro\/stiinte-si-litere\/wp-content\/uploads\/sites\/8\/2025\/03\/logo_FSL-300x300.png 300w, https:\/\/umfst.ro\/stiinte-si-litere\/wp-content\/uploads\/sites\/8\/2025\/03\/logo_FSL-1024x1024.png 1024w, https:\/\/umfst.ro\/stiinte-si-litere\/wp-content\/uploads\/sites\/8\/2025\/03\/logo_FSL-150x150.png 150w, https:\/\/umfst.ro\/stiinte-si-litere\/wp-content\/uploads\/sites\/8\/2025\/03\/logo_FSL-768x768.png 768w, https:\/\/umfst.ro\/stiinte-si-litere\/wp-content\/uploads\/sites\/8\/2025\/03\/logo_FSL-1536x1536.png 1536w, https:\/\/umfst.ro\/stiinte-si-litere\/wp-content\/uploads\/sites\/8\/2025\/03\/logo_FSL-12x12.png 12w, https:\/\/umfst.ro\/stiinte-si-litere\/wp-content\/uploads\/sites\/8\/2025\/03\/logo_FSL.png 1668w\" sizes=\"(max-width: 100px) 100vw, 100px\" \/><\/td><td style=\"text-align: center\" colspan=\"1\" width=\"189\"><p><strong>Program de lucru <\/strong><\/p><p><strong>Secretary<\/strong><\/p><\/td><td style=\"text-align: center\" colspan=\"1\" width=\"50\"><strong>Program de lucru<br \/>cu publicul<\/strong><\/td><td style=\"text-align: center\" colspan=\"1\" width=\"191\"><p><strong>Program de lucru<\/strong><\/p><p><strong>Secretar \u0219ef Facultate<\/strong><\/p><\/td><td style=\"text-align: center\" colspan=\"1\" width=\"184\"><strong>Program de lucru cu publicul<\/strong><\/td><\/tr><tr><td style=\"text-align: center\" colspan=\"6\" width=\"750\"><strong>Sala R 12 <\/strong><\/td><\/tr><tr><td style=\"text-align: center\" width=\"189\"><strong>Monday<\/strong><\/td><td style=\"text-align: center\" width=\"189\">7<sup>30<\/sup> &#8211; 18<sup>00<\/sup><\/td><td style=\"text-align: center\" width=\"185\">\u00a0\u00a0\u00a0 8<sup>00<\/sup> \u2013 17<sup>45<\/sup><sup>**<\/sup><\/td><td style=\"text-align: center\" width=\"191\">7<sup>00<\/sup> \u2013 15<sup>00<\/sup><\/td><td style=\"text-align: center\" width=\"185\">7<sup>30<\/sup> &#8211; 14<sup>45<\/sup><\/td><\/tr><tr><td style=\"text-align: center\" width=\"189\"><strong>Tuesday<\/strong><\/td><td style=\"text-align: center\" width=\"189\">7<sup>30<\/sup> \u2013 15<sup>30<\/sup><\/td><td style=\"text-align: center\" width=\"185\">8<sup>00<\/sup> &#8211; 15<sup>00<\/sup><\/td><td style=\"text-align: center\" width=\"191\">7<sup>00<\/sup> &#8211; 15<sup>00<\/sup><\/td><td style=\"text-align: center\" width=\"185\">7<sup>30<\/sup> \u2013 14<sup>45<\/sup><\/td><\/tr><tr><td style=\"text-align: center\" width=\"189\"><strong>Wednesday<\/strong><\/td><td style=\"text-align: center\" width=\"189\">7<sup>30<\/sup> \u2013 15<sup>30<\/sup><\/td><td style=\"text-align: center\" width=\"185\">\u00a0 8<sup>00<\/sup> &#8211; 17<sup>45<\/sup><sup>*<\/sup><\/td><td style=\"text-align: center\" width=\"191\">7<sup>00<\/sup> &#8211; 15<sup>00<\/sup><\/td><td style=\"text-align: center\" width=\"185\">7<sup>30<\/sup> \u2013 14<sup>45<\/sup><\/td><\/tr><tr><td style=\"text-align: center\" width=\"189\"><strong>Thursday<\/strong><\/td><td style=\"text-align: center\" width=\"189\">7<sup>30<\/sup> \u2013 18<sup>00<\/sup><\/td><td style=\"text-align: center\" width=\"185\">\u00a0\u00a0\u00a0 8<sup>00<\/sup> &#8211; 17<sup>45<\/sup><sup>***<\/sup><\/td><td style=\"text-align: center\" width=\"191\">7<sup>00<\/sup> \u2013 15<sup>00<\/sup><\/td><td style=\"text-align: center\" width=\"185\">7<sup>30<\/sup> \u2013 14<sup>45<\/sup><\/td><\/tr><tr><td style=\"text-align: center\" width=\"189\"><strong>Friday<\/strong><\/td><td style=\"text-align: center\" width=\"189\">7<sup>30<\/sup> \u2013 15<sup>30<\/sup><\/td><td style=\"text-align: center\" width=\"185\">8<sup>00<\/sup> \u2013 15<sup>00<\/sup><\/td><td style=\"text-align: center\" width=\"191\">7<sup>00<\/sup> \u2013 15<sup>00<\/sup><\/td><td style=\"text-align: center\" width=\"185\">7<sup>30<\/sup> \u2013 14<sup>45<\/sup><\/td><\/tr><\/tbody><\/table><p style=\"text-align: center\"><span style=\"color: #ff0000\">!!!\u00cen zilele cu program prelungit secretariatul este asigurat (\u00een intervalul orar 15<sup>30<\/sup> &#8211; 17<sup>45<\/sup> de catre: *Andrada-Bianca M\u0103rginean, ** Mihaela BUCUR, ***Diana-Simona ROTAR<\/span><\/p><p>\u00a0<\/p><p><strong>PROGRAM DE LUCRU<\/strong><\/p><p><strong>valabil \u00een perioada vacan\u021belor<\/strong><\/p><table><tbody><tr><td style=\"text-align: center\" width=\"189\"><img decoding=\"async\" class=\"size-medium wp-image-3866 alignnone\" src=\"https:\/\/umfst.ro\/stiinte-si-litere\/wp-content\/uploads\/sites\/8\/2025\/03\/logo_FSL-300x300.png\" alt=\"\" width=\"100\" height=\"100\" srcset=\"https:\/\/umfst.ro\/stiinte-si-litere\/wp-content\/uploads\/sites\/8\/2025\/03\/logo_FSL-300x300.png 300w, https:\/\/umfst.ro\/stiinte-si-litere\/wp-content\/uploads\/sites\/8\/2025\/03\/logo_FSL-1024x1024.png 1024w, https:\/\/umfst.ro\/stiinte-si-litere\/wp-content\/uploads\/sites\/8\/2025\/03\/logo_FSL-150x150.png 150w, https:\/\/umfst.ro\/stiinte-si-litere\/wp-content\/uploads\/sites\/8\/2025\/03\/logo_FSL-768x768.png 768w, https:\/\/umfst.ro\/stiinte-si-litere\/wp-content\/uploads\/sites\/8\/2025\/03\/logo_FSL-1536x1536.png 1536w, https:\/\/umfst.ro\/stiinte-si-litere\/wp-content\/uploads\/sites\/8\/2025\/03\/logo_FSL-12x12.png 12w, https:\/\/umfst.ro\/stiinte-si-litere\/wp-content\/uploads\/sites\/8\/2025\/03\/logo_FSL.png 1668w\" sizes=\"(max-width: 100px) 100vw, 100px\" \/><\/td><td style=\"text-align: center\" width=\"214\"><strong>Program de lucru Secretariat,<\/strong><br \/><strong>Secretar \u0219ef Facultate<\/strong><\/td><td style=\"text-align: center\" width=\"222\"><p><strong>Program de lucru cu publicul<\/strong><\/p><p><strong>(Sala R12)<\/strong><\/p><\/td><\/tr><tr><td style=\"text-align: center\" width=\"189\"><strong>Monday<\/strong><\/td><td style=\"text-align: center\" width=\"214\">7<sup>00<\/sup> &#8211; 15<sup>00<\/sup><\/td><td style=\"text-align: center\" width=\"222\">9<sup>00<\/sup> \u2013 14<sup>00<\/sup><\/td><\/tr><tr><td style=\"text-align: center\" width=\"189\"><strong>Tuesday<\/strong><\/td><td style=\"text-align: center\" width=\"214\">7<sup>00<\/sup> \u2013 15<sup>00<\/sup><\/td><td style=\"text-align: center\" width=\"222\">9<sup>00<\/sup> &#8211; 14<sup>00<\/sup><\/td><\/tr><tr><td style=\"text-align: center\" width=\"189\"><strong>Wednesday<\/strong><\/td><td style=\"text-align: center\" width=\"214\">7<sup>00<\/sup> \u2013 15<sup>00<\/sup><\/td><td style=\"text-align: center\" width=\"222\">9<sup>00<\/sup> &#8211; 14<sup>00<\/sup><\/td><\/tr><tr><td style=\"text-align: center\" width=\"189\"><strong>Thursday<\/strong><\/td><td style=\"text-align: center\" width=\"214\">7<sup>00<\/sup> \u2013 15<sup>00<\/sup><\/td><td style=\"text-align: center\" width=\"222\">9<sup>00<\/sup> &#8211; 14<sup>00<\/sup><\/td><\/tr><tr><td style=\"text-align: center\" width=\"189\"><strong>Friday<\/strong><\/td><td style=\"text-align: center\" width=\"214\">7<sup>00<\/sup> \u2013 15<sup>00<\/sup><\/td><td style=\"text-align: center\" width=\"222\">9<sup>00<\/sup> &#8211; 14<sup>00<\/sup><\/td><\/tr><\/tbody><\/table><p style=\"text-align: center\"><span style=\"color: #ff0000\"><strong>\u00cen zilelele de s\u0103rb\u0103tori legale secretariatul este \u00eenchis!<\/strong><\/span><\/p>\t\t\t\t\t\t\t\t<\/div>\n\t\t\t\t<\/div>\n\t\t\t\t\t<\/div>\n\t\t<\/div>\n\t\t\t\t\t<\/div>\n\t\t<\/section>\n\t\t\t\t<section class=\"elementor-section elementor-top-section elementor-element elementor-element-2aa3665 elementor-section-boxed elementor-section-height-default elementor-section-height-default\" data-id=\"2aa3665\" data-element_type=\"section\" data-e-type=\"section\">\n\t\t\t\t\t\t<div class=\"elementor-container elementor-column-gap-default\">\n\t\t\t\t\t<div class=\"elementor-column elementor-col-100 elementor-top-column elementor-element elementor-element-d426538\" data-id=\"d426538\" data-element_type=\"column\" data-e-type=\"column\">\n\t\t\t<div class=\"elementor-widget-wrap\">\n\t\t\t\t\t\t\t<\/div>\n\t\t<\/div>\n\t\t\t\t\t<\/div>\n\t\t<\/section>\n\t\t\t\t<\/div>","protected":false},"excerpt":{"rendered":"<p>Secretar-\u0219ef\u00a0Facultate, HUSAR Maria-Cristina Licen\u021b\u0103 Istorie \u00a0 Studii de securitate Program preg\u0103titor de limba rom\u00e2n\u0103 pentru cet\u0103\u021benii str\u0103ini Program ERASMUS Tel: 0265-215.551, int. 511\u00a0E-mail:\u00a0cristina.husar@umfst.ro\u00a0;\u00a0decanat.stiintelitere@umfst.ro; preparatory.year@umfst.ro \u00a0 Secretar\u00a0Facultate,\u00a0BUCUR Mihaela Licen\u021b\u0103 Limba \u0219i literatura rom\u00e2n\u0103 \u2013 Limba \u0219i literatura englez\u0103 Limbi moderne aplicate (En.; Fr.; Ge.; It.) Educa\u021bie fizic\u0103 \u0219i sportiv\u0103 Tel: 0265-215.551, int. 501E-mail:\u00a0bucur.mihaela@umfst.ro \u00a0 Secretar\u00a0Facultate,\u00a0ROTAR Diana-Simona [&hellip;]<\/p>\n","protected":false},"author":4,"featured_media":0,"parent":44,"menu_order":4,"comment_status":"closed","ping_status":"closed","template":"","meta":{"_relevanssi_hide_post":"","_relevanssi_hide_content":"","_relevanssi_pin_for_all":"","_relevanssi_pin_keywords":"","_relevanssi_unpin_keywords":"","_relevanssi_related_keywords":"","_relevanssi_related_include_ids":"","_relevanssi_related_exclude_ids":"","_relevanssi_related_no_append":"","_relevanssi_related_not_related":"","_relevanssi_related_posts":"1","_relevanssi_noindex_reason":"","footnotes":""},"categories":[12],"tags":[],"class_list":["post-49","page","type-page","status-publish","hentry","category-pagina-cu-sidebar"],"meta_box":[],"_links":{"self":[{"href":"https:\/\/umfst.ro\/stiinte-si-litere\/en\/wp-json\/wp\/v2\/pages\/49","targetHints":{"allow":["GET"]}}],"collection":[{"href":"https:\/\/umfst.ro\/stiinte-si-litere\/en\/wp-json\/wp\/v2\/pages"}],"about":[{"href":"https:\/\/umfst.ro\/stiinte-si-litere\/en\/wp-json\/wp\/v2\/types\/page"}],"author":[{"embeddable":true,"href":"https:\/\/umfst.ro\/stiinte-si-litere\/en\/wp-json\/wp\/v2\/users\/4"}],"replies":[{"embeddable":true,"href":"https:\/\/umfst.ro\/stiinte-si-litere\/en\/wp-json\/wp\/v2\/comments?post=49"}],"version-history":[{"count":112,"href":"https:\/\/umfst.ro\/stiinte-si-litere\/en\/wp-json\/wp\/v2\/pages\/49\/revisions"}],"predecessor-version":[{"id":3876,"href":"https:\/\/umfst.ro\/stiinte-si-litere\/en\/wp-json\/wp\/v2\/pages\/49\/revisions\/3876"}],"up":[{"embeddable":true,"href":"https:\/\/umfst.ro\/stiinte-si-litere\/en\/wp-json\/wp\/v2\/pages\/44"}],"wp:attachment":[{"href":"https:\/\/umfst.ro\/stiinte-si-litere\/en\/wp-json\/wp\/v2\/media?parent=49"}],"wp:term":[{"taxonomy":"category","embeddable":true,"href":"https:\/\/umfst.ro\/stiinte-si-litere\/en\/wp-json\/wp\/v2\/categories?post=49"},{"taxonomy":"post_tag","embeddable":true,"href":"https:\/\/umfst.ro\/stiinte-si-litere\/en\/wp-json\/wp\/v2\/tags?post=49"}],"curies":[{"name":"wp","href":"https:\/\/api.w.org\/{rel}","templated":true}]}}