{"id":142,"date":"2022-11-20T18:46:31","date_gmt":"2022-11-20T18:46:31","guid":{"rendered":"https:\/\/dev.umfst.ro\/stiinte-si-litere\/?page_id=142"},"modified":"2026-03-31T09:10:32","modified_gmt":"2026-03-31T09:10:32","slug":"programare-examene","status":"publish","type":"page","link":"https:\/\/umfst.ro\/stiinte-si-litere\/hu\/informatii-pentru-studenti\/informatii-specifice-facultatii\/programare-examene\/","title":{"rendered":"Programare examene"},"content":{"rendered":"<div data-elementor-type=\"wp-page\" data-elementor-id=\"142\" class=\"elementor elementor-142\" data-elementor-post-type=\"page\">\n\t\t\t\t\t\t<section class=\"elementor-section elementor-top-section elementor-element elementor-element-c25cf7b elementor-section-boxed elementor-section-height-default elementor-section-height-default\" data-id=\"c25cf7b\" data-element_type=\"section\" data-e-type=\"section\">\n\t\t\t\t\t\t<div class=\"elementor-container elementor-column-gap-default\">\n\t\t\t\t\t<div class=\"elementor-column elementor-col-100 elementor-top-column elementor-element elementor-element-d97b3cf\" data-id=\"d97b3cf\" data-element_type=\"column\" data-e-type=\"column\">\n\t\t\t<div class=\"elementor-widget-wrap elementor-element-populated\">\n\t\t\t\t\t\t<div class=\"elementor-element elementor-element-2f94873 elementor-widget elementor-widget-text-editor\" data-id=\"2f94873\" data-element_type=\"widget\" data-e-type=\"widget\" data-widget_type=\"text-editor.default\">\n\t\t\t\t<div class=\"elementor-widget-container\">\n\t\t\t\t\t\t\t\t\t<h2 role=\"heading\" data-uw-rm-heading=\"level\">Examene 2025 &#8211; 2026<\/h2>\n<h5>Modul 3<\/h5>\n<p><a href=\"https:\/\/www.umfst.ro\/fileadmin\/f_stiinte_litere\/examene\/2025-2026\/modul3\/Planificare_examene_Modul_3_2025-2026-licenta.pdf\">Planificarea examenelor &#8211; Licen\u021b\u0103<\/a><\/p>\n<p>\u00a0<\/p>\n<h5>Modul 2<\/h5>\n<p data-start=\"84\" data-end=\"137\" data-is-last-node=\"\" data-is-only-node=\"\"><a href=\"https:\/\/www.umfst.ro\/fileadmin\/f_stiinte_litere\/examene\/2025-2026\/modul2\/Planificare_examene_Modul_2_2025-2026.pdf\">Planificarea examenelor &#8211; Licen\u021b\u0103<\/a><\/p>\n<p data-start=\"84\" data-end=\"137\" data-is-last-node=\"\" data-is-only-node=\"\"><a href=\"https:\/\/www.umfst.ro\/fileadmin\/f_stiinte_litere\/examene\/2025-2026\/modul2\/Planificare_examene_Modul_2_2025-2026-MASTERAT.pdf\">Planificarea examenelor &#8211; Masterat<\/a><\/p>\n<p><a href=\"https:\/\/www.umfst.ro\/fileadmin\/f_stiinte_litere\/examene\/2025-2026\/modul2\/Planificare_restante_an_anterior_Modul_II_2025-2026_Licenta.pdf\">Planificarea examenelor restante din an anterior<\/a><\/p>\n<p>\u00a0<\/p>\n<h5>Modul 1<\/h5>\n<p><a href=\"https:\/\/www.umfst.ro\/fileadmin\/f_stiinte_litere\/examene\/2025-2026\/modul1\/Planificare_examene_Modul_1_2025-2026.pdf\">Planificarea examenelor din Modulul 1, an univ. 2025-2026 &#8211; Licen\u021b\u0103<\/a><\/p>\n<p><a href=\"https:\/\/www.umfst.ro\/fileadmin\/f_stiinte_litere\/examene\/2025-2026\/modul1\/Planificare_examene_Modul_1_MASTERAT_2025-2026.pdf\">Planificarea examenelor din Modulul 1, an univ. 2025-2026 &#8211; Masterat<\/a><\/p>\n<p><a href=\"https:\/\/www.umfst.ro\/fileadmin\/f_stiinte_litere\/examene\/2025-2026\/modul1\/Planificare_restante_an_anterior_Modul_I_2025-2026.pdf\">Planificarea examenelor restante din an anterior, Modul 1, an univ. 2025-2026<\/a><\/p>\n<p><a href=\"https:\/\/www.umfst.ro\/fileadmin\/f_stiinte_litere\/examene\/2025-2026\/modul1\/Planificare_restante_an_anterior_Modul_I_2025-2026_PSIHOLOGIE.pdf\">Planificarea examenelor restante din an anterior, Modul 1, an univ. 2025-2026 &#8211; PSIHOLOGIE<\/a><\/p>\n<h2 role=\"heading\" data-uw-rm-heading=\"level\">Examene 2024 &#8211; 2025<\/h2>\n<p><a href=\"https:\/\/www.umfst.ro\/fileadmin\/f_stiinte_litere\/examen_licenta\/2025\/Planificare reexaminare an I+II.pdf\">Planificare reexaminare an I+II<\/a><\/p>\n<p><a href=\"https:\/\/www.umfst.ro\/fileadmin\/f_stiinte_litere\/examen_licenta\/2025\/PLANIFICARE REEXAMIN\u0102RI PSIHOLOGIE.pdf\">Planificare reexaminari psihologie<\/a><\/p>\n<p><a href=\"https:\/\/www.umfst.ro\/fileadmin\/f_stiinte_litere\/examen_licenta\/2025\/Planificare reexaminare an III  licenta 02.07.2025.pdf\">Planificare reexaminare an III licenta <\/a>02.07.2025<\/p>\n<p><a href=\"https:\/\/www.umfst.ro\/fileadmin\/f_stiinte_litere\/examene\/2024-2025\/modul4\/Planificare restante  2024-2025 master.pdf\">Planificare Examene &#8211; RESTAN\u021aE MASTER<\/a> 23.06.2025-06.07.2025\u00a0<\/p>\n<p><a href=\"https:\/\/www.umfst.ro\/fileadmin\/f_stiinte_litere\/examene\/2024-2025\/modul4\/Planificare restante  2024-2025.pdf\">Planificare Examene \u2013 RESTAN\u021aE<\/a>\u00a0 23.06.2025-06.07.2025<\/p>\n<p><a href=\"https:\/\/www.umfst.ro\/fileadmin\/f_stiinte_litere\/examene\/2024-2025\/modul4\/In aten\u021bia studen\u021bilor din an terminal (studii de licen\u021b\u0103).pdf\">In aten\u021bia studen\u021bilor din an terminal (studii de licen\u021b\u0103)<\/a><\/p>\n<p><a href=\"https:\/\/www.umfst.ro\/fileadmin\/f_stiinte_litere\/examene\/2024-2025\/modul4\/Planificare restante program de studii PSIHOLOGIE.pdf\">Planificare restante program de studii PSIHOLOGIE<\/a><\/p>\n<p><a href=\"https:\/\/www.umfst.ro\/fileadmin\/f_stiinte_litere\/examene\/2024-2025\/modul4\/Planificare restante an anterior Modul IV 2024-2025_LICEN\u021a\u0102 .pdf\">Planificare restante an anterior Modul IV 2024-2025_LICEN\u021a\u0102<\/a><\/p>\n<p><a href=\"https:\/\/www.umfst.ro\/fileadmin\/f_stiinte_litere\/examene\/2024-2025\/modul4\/Planificare examene, Modul 4, an universitar 2024-2025 MASTERAT.pdf\">Planificarea examenelor din Modul 4, an univ. 2024-2025 MASTERAT<\/a><\/p>\n<p><a href=\"https:\/\/www.umfst.ro\/fileadmin\/f_stiinte_litere\/examene\/2024-2025\/modul4\/Planificarea examenelor din Modul 4, an univ. 2024-2025.pdf\">Planificarea examenelor din Modul 4, an univ. 2024-2025<\/a><\/p>\n<p><a href=\"https:\/\/www.umfst.ro\/fileadmin\/f_stiinte_litere\/examene\/2024-2025\/modul3\/Planificare restante an anterior Modul III 2024-2025.pdf\" target=\"_blank\" rel=\"noopener\" aria-label=\"Planificarea examenelor din Modul 2, an univ. 2024-2025, studii de licen\u021b\u0103 - deschide \u00eentr-o fil\u0103 nou\u0103\" data-uw-rm-ext-link=\"\">Planificarea restante an anterior Modul 3 2024-2025<\/a><\/p>\n<p><a href=\"https:\/\/www.umfst.ro\/fileadmin\/f_stiinte_litere\/examene\/2024-2025\/modul3\/Planificare examene sumative MASTERAT , modul 3, an univ. 2024-2025.pdf\" target=\"_blank\" rel=\"noopener\" aria-label=\"Planificarea examenelor din Modul 2, an univ. 2024-2025, studii de licen\u021b\u0103 - deschide \u00eentr-o fil\u0103 nou\u0103\" data-uw-rm-ext-link=\"\">Planificarea examenelor sumative MASTERAT , modul 3, an univ. 2024-2025<\/a><\/p>\n<p><a href=\"https:\/\/www.umfst.ro\/fileadmin\/f_stiinte_litere\/examene\/2024-2025\/modul3\/Planificarea examenelor din Modul 3, an univ. 2024-2025.pdf\" target=\"_blank\" rel=\"noopener\" aria-label=\"Planificarea examenelor din Modul 2, an univ. 2024-2025, studii de licen\u021b\u0103 - deschide \u00eentr-o fil\u0103 nou\u0103\" data-uw-rm-ext-link=\"\">Planificarea examenelor din Modulul 3, an universitar 2024-2025, studii de licen\u021b\u0103<\/a><\/p>\n<p><a href=\"https:\/\/www.umfst.ro\/fileadmin\/f_stiinte_litere\/examene\/2024-2025\/modul2\/Planificarea_examenelor_din_Modul_2,_an_univ._2024-2025,_studii_de_licen\u021b\u0103.pdf\" target=\"_blank\" rel=\"noopener\" aria-label=\"Planificarea examenelor din Modul 2, an univ. 2024-2025, studii de licen\u021b\u0103 - deschide \u00eentr-o fil\u0103 nou\u0103\" data-uw-rm-ext-link=\"\">Planificarea examenelor din Modul 2, an univ. 2024-2025, studii de licen\u021b\u0103<\/a><\/p>\n<p><a href=\"https:\/\/www.umfst.ro\/fileadmin\/f_stiinte_litere\/examene\/2024-2025\/modul2\/Planificarea_examenelor_din_Modul_2,_an_univ._2024-2025,_studii_de_masterat.pdf\" target=\"_blank\" rel=\"noopener\" aria-label=\"Planificarea examenelor din Modul 2, an univ. 2024-2025, studii de masterat - deschide \u00eentr-o fil\u0103 nou\u0103\" data-uw-rm-ext-link=\"\">Planificarea examenelor din Modul 2, an univ. 2024-2025, studii de masterat<\/a><\/p>\n<p><a href=\"https:\/\/www.umfst.ro\/fileadmin\/f_stiinte_litere\/examene\/2024-2025\/modul2\/Planificare_restante_an_anterior_Modul_II_2024-2025.pdf\" target=\"_blank\" rel=\"noopener\">Planificarea examenelor restante din anii anteriori, Modul 2, an univ. 2024-2025<\/a><\/p>\n<p><a href=\"https:\/\/www.umfst.ro\/fileadmin\/f_stiinte_litere\/examene\/2024-2025\/modul1\/Planificare_examene_modul1_licenta.pdf\">Planificarea examenelor din Modul 1, an univ. 2024-2025, studii de licen\u021b\u0103<\/a><\/p>\n<p><a href=\"https:\/\/www.umfst.ro\/fileadmin\/f_stiinte_litere\/examene\/2024-2025\/modul1\/Programare_examene_sumative_modul1_2024-2025_masterat.pdf\">Planificarea examenelor din Modul 1, an univ. 2024-2025, studii de masterat<\/a><\/p>\n<p><a href=\"https:\/\/www.umfst.ro\/fileadmin\/f_stiinte_litere\/examene\/2024-2025\/modul1\/Planificare_restante_an_anterior_modul1_2024-2025.pdf\">Planificarea examenelor restante din anii anteriori, Modul 1, an univ. 2024-2025<\/a><\/p>\t\t\t\t\t\t\t\t<\/div>\n\t\t\t\t<\/div>\n\t\t\t\t\t<\/div>\n\t\t<\/div>\n\t\t\t\t\t<\/div>\n\t\t<\/section>\n\t\t\t\t<section class=\"elementor-section elementor-top-section elementor-element elementor-element-a7cb2fc elementor-section-boxed elementor-section-height-default elementor-section-height-default\" data-id=\"a7cb2fc\" data-element_type=\"section\" data-e-type=\"section\">\n\t\t\t\t\t\t<div class=\"elementor-container elementor-column-gap-default\">\n\t\t\t\t\t<div class=\"elementor-column elementor-col-100 elementor-top-column elementor-element elementor-element-5a3342e\" data-id=\"5a3342e\" data-element_type=\"column\" data-e-type=\"column\">\n\t\t\t<div class=\"elementor-widget-wrap elementor-element-populated\">\n\t\t\t\t\t\t<div class=\"elementor-element elementor-element-e94884f elementor-widget elementor-widget-text-editor\" data-id=\"e94884f\" data-element_type=\"widget\" data-e-type=\"widget\" data-widget_type=\"text-editor.default\">\n\t\t\t\t<div class=\"elementor-widget-container\">\n\t\t\t\t\t\t\t\t\t<h2>Examene 2023 &#8211; 2024<\/h2>\t\t\t\t\t\t\t\t<\/div>\n\t\t\t\t<\/div>\n\t\t\t\t\t<\/div>\n\t\t<\/div>\n\t\t\t\t\t<\/div>\n\t\t<\/section>\n\t\t\t\t<section class=\"elementor-section elementor-top-section elementor-element elementor-element-d7fd2e2 elementor-section-boxed elementor-section-height-default elementor-section-height-default\" data-id=\"d7fd2e2\" data-element_type=\"section\" data-e-type=\"section\">\n\t\t\t\t\t\t<div class=\"elementor-container elementor-column-gap-default\">\n\t\t\t\t\t<div class=\"elementor-column elementor-col-100 elementor-top-column elementor-element elementor-element-9282e2a\" data-id=\"9282e2a\" data-element_type=\"column\" data-e-type=\"column\">\n\t\t\t<div class=\"elementor-widget-wrap elementor-element-populated\">\n\t\t\t\t\t\t<div class=\"elementor-element elementor-element-4195c08 elementor-widget elementor-widget-text-editor\" data-id=\"4195c08\" data-element_type=\"widget\" data-e-type=\"widget\" data-widget_type=\"text-editor.default\">\n\t\t\t\t<div class=\"elementor-widget-container\">\n\t\t\t\t\t\t\t\t\t<p><a href=\"https:\/\/www.umfst.ro\/fileadmin\/f_stiinte_litere\/examene\/2023-2024\/Reexaminare_MASTERAT_08.07-14.07.2024.pdf\">Planificare reexaminare masterat<\/a><\/p>\n<p><a href=\"https:\/\/www.umfst.ro\/fileadmin\/f_stiinte_litere\/examene\/2023-2024\/Reexaminare_LICENTA_an_1_si_2%2008.07-14.07.2024.pdf\">Planificare reexaminare licen\u021b\u0103 anul 1 \u0219i 2<\/a><\/p>\n<p><a href=\"https:\/\/www.umfst.ro\/fileadmin\/f_stiinte_litere\/examene\/2023-2024\/Planificare_restante_APLR.pdf\">Planificare restan\u021be APLR<\/a><\/p>\t\t\t\t\t\t\t\t<\/div>\n\t\t\t\t<\/div>\n\t\t\t\t\t<\/div>\n\t\t<\/div>\n\t\t\t\t\t<\/div>\n\t\t<\/section>\n\t\t\t\t<section class=\"elementor-section elementor-top-section elementor-element elementor-element-49c87c9 elementor-section-boxed elementor-section-height-default elementor-section-height-default\" data-id=\"49c87c9\" data-element_type=\"section\" data-e-type=\"section\">\n\t\t\t\t\t\t<div class=\"elementor-container elementor-column-gap-default\">\n\t\t\t\t\t<div class=\"elementor-column elementor-col-100 elementor-top-column elementor-element elementor-element-d69b9a5\" data-id=\"d69b9a5\" data-element_type=\"column\" data-e-type=\"column\">\n\t\t\t<div class=\"elementor-widget-wrap elementor-element-populated\">\n\t\t\t\t\t\t<div class=\"elementor-element elementor-element-501567c elementor-widget elementor-widget-text-editor\" data-id=\"501567c\" data-element_type=\"widget\" data-e-type=\"widget\" data-widget_type=\"text-editor.default\">\n\t\t\t\t<div class=\"elementor-widget-container\">\n\t\t\t\t\t\t\t\t\t<p><a href=\"https:\/\/www.umfst.ro\/fileadmin\/f_stiinte_litere\/examene\/2023-2024\/Reexaminare_an_3_25.06.2024-28.06.2024.pdf\">Reexaminare an III 25.06.2024 &#8211; 28.06.2024<\/a><\/p>\n<p><a href=\"https:\/\/www.umfst.ro\/fileadmin\/f_stiinte_litere\/examene\/2023-2024\/Planificare_restante_an I_si_II_2023-2024.pdf\" data-wplink-url-error=\"true\">Planificare restante an I si II 2023-2024<\/a><\/p>\n<p><a href=\"https:\/\/www.umfst.ro\/fileadmin\/f_stiinte_litere\/examene\/2023-2024\/Programare_restante_MASTERAT_25.06.2024-05.07.2024.pdf\">Programare restan\u021be MASTERAT 25.06.2024-05.072024<\/a><\/p>\n<p>\u00a0<\/p>\t\t\t\t\t\t\t\t<\/div>\n\t\t\t\t<\/div>\n\t\t\t\t<div class=\"elementor-element elementor-element-5588d01 elementor-widget-divider--view-line_icon elementor-view-default elementor-widget-divider--element-align-center elementor-widget elementor-widget-divider\" data-id=\"5588d01\" data-element_type=\"widget\" data-e-type=\"widget\" data-widget_type=\"divider.default\">\n\t\t\t\t<div class=\"elementor-widget-container\">\n\t\t\t\t\t\t\t<div class=\"elementor-divider\">\n\t\t\t<span class=\"elementor-divider-separator\">\n\t\t\t\t\t\t\t<div class=\"elementor-icon elementor-divider__element\">\n\t\t\t\t\t<i aria-hidden=\"true\" class=\"fas fa-university\"><\/i><\/div>\n\t\t\t\t\t\t<\/span>\n\t\t<\/div>\n\t\t\t\t\t\t<\/div>\n\t\t\t\t<\/div>\n\t\t\t\t\t<\/div>\n\t\t<\/div>\n\t\t\t\t\t<\/div>\n\t\t<\/section>\n\t\t\t\t<section class=\"elementor-section elementor-top-section elementor-element elementor-element-20210802 elementor-section-boxed elementor-section-height-default elementor-section-height-default\" data-id=\"20210802\" data-element_type=\"section\" data-e-type=\"section\">\n\t\t\t\t\t\t<div class=\"elementor-container elementor-column-gap-default\">\n\t\t\t\t\t<div class=\"elementor-column elementor-col-100 elementor-top-column elementor-element elementor-element-2928df10\" data-id=\"2928df10\" data-element_type=\"column\" data-e-type=\"column\">\n\t\t\t<div class=\"elementor-widget-wrap elementor-element-populated\">\n\t\t\t\t\t\t<div class=\"elementor-element elementor-element-657d9541 elementor-widget elementor-widget-text-editor\" data-id=\"657d9541\" data-element_type=\"widget\" data-e-type=\"widget\" data-widget_type=\"text-editor.default\">\n\t\t\t\t<div class=\"elementor-widget-container\">\n\t\t\t\t\t\t\t\t\t<p><\/p>\n<p><\/p>\n<p><a href=\"https:\/\/www.umfst.ro\/fileadmin\/f_stiinte_litere\/examene\/2023-2024\/Planificare_restante_an_3_Sesiunea_17.06-21.06.2024.pdf\">Planificare restan\u021be an 3 Sesiunea 17.06-21.06.2024<\/a><\/p>\n<p><a href=\"https:\/\/umfst.ro\/fileadmin\/f_stiinte_litere\/examene\/2023-2024\/examene-m4-2023-2024.pdf\">Planificarea examenelor, modul 4, semestrul 2, an universitar 2023 &#8211; 2024<\/a><\/p>\n<p><a href=\"https:\/\/umfst.ro\/fileadmin\/f_stiinte_litere\/examene\/2023-2024\/examene-restante-m4-2023-2024.pdf\">Planificarea examenelor restante, modul 4, semestrul 2, an universitar 2023 &#8211; 2024<\/a><\/p>\n<p><a href=\"https:\/\/umfst.ro\/fileadmin\/f_stiinte_litere\/examene\/2023-2024\/examene-m3-2023-2024.pdf\">Planificarea examenelor sumative, modul 3, semestrul 2, an universitar 2023 &#8211; 2024<\/a><\/p>\n<p><a href=\"https:\/\/umfst.ro\/fileadmin\/f_stiinte_litere\/examene\/2023-2024\/examene-m2-2023-2024.pdf\">Planificarea examenelor sumative, modul 2, semestrul 1, an universitar 2023 &#8211; 2024<\/a><\/p>\n<p><\/p>\n<p><a href=\"https:\/\/umfst.ro\/stiinte-si-litere\/wp-content\/uploads\/sites\/8\/2023\/10\/Planificarea-examenelor-sumative-modul-1-semestrul-1-an-universitar-2023-2024.pdf\">Planificarea examenelor sumative, modul 1, semestrul 1, an universitar 2023 &#8211; 2024<\/a><\/p>\n<p><\/p>\n<p><\/p>\n<p><\/p>\t\t\t\t\t\t\t\t<\/div>\n\t\t\t\t<\/div>\n\t\t\t\t\t<\/div>\n\t\t<\/div>\n\t\t\t\t\t<\/div>\n\t\t<\/section>\n\t\t\t\t<\/div>","protected":false},"excerpt":{"rendered":"<p>Examene 2025 &#8211; 2026 Modul 3 Planificarea examenelor &#8211; Licen\u021b\u0103 \u00a0 Modul 2 Planificarea examenelor &#8211; Licen\u021b\u0103 Planificarea examenelor &#8211; Masterat Planificarea examenelor restante din an anterior \u00a0 Modul 1 Planificarea examenelor din Modulul 1, an univ. 2025-2026 &#8211; Licen\u021b\u0103 Planificarea examenelor din Modulul 1, an univ. 2025-2026 &#8211; Masterat Planificarea examenelor restante din an [&hellip;]<\/p>\n","protected":false},"author":4,"featured_media":0,"parent":137,"menu_order":0,"comment_status":"closed","ping_status":"closed","template":"","meta":{"_relevanssi_hide_post":"","_relevanssi_hide_content":"","_relevanssi_pin_for_all":"","_relevanssi_pin_keywords":"","_relevanssi_unpin_keywords":"","_relevanssi_related_keywords":"","_relevanssi_related_include_ids":"","_relevanssi_related_exclude_ids":"","_relevanssi_related_no_append":"","_relevanssi_related_not_related":"","_relevanssi_related_posts":"1","_relevanssi_noindex_reason":"","footnotes":""},"categories":[12,33],"tags":[],"class_list":["post-142","page","type-page","status-publish","hentry","category-pagina-cu-sidebar","category-pagina-studenti"],"meta_box":[],"_links":{"self":[{"href":"https:\/\/umfst.ro\/stiinte-si-litere\/hu\/wp-json\/wp\/v2\/pages\/142","targetHints":{"allow":["GET"]}}],"collection":[{"href":"https:\/\/umfst.ro\/stiinte-si-litere\/hu\/wp-json\/wp\/v2\/pages"}],"about":[{"href":"https:\/\/umfst.ro\/stiinte-si-litere\/hu\/wp-json\/wp\/v2\/types\/page"}],"author":[{"embeddable":true,"href":"https:\/\/umfst.ro\/stiinte-si-litere\/hu\/wp-json\/wp\/v2\/users\/4"}],"replies":[{"embeddable":true,"href":"https:\/\/umfst.ro\/stiinte-si-litere\/hu\/wp-json\/wp\/v2\/comments?post=142"}],"version-history":[{"count":84,"href":"https:\/\/umfst.ro\/stiinte-si-litere\/hu\/wp-json\/wp\/v2\/pages\/142\/revisions"}],"predecessor-version":[{"id":4329,"href":"https:\/\/umfst.ro\/stiinte-si-litere\/hu\/wp-json\/wp\/v2\/pages\/142\/revisions\/4329"}],"up":[{"embeddable":true,"href":"https:\/\/umfst.ro\/stiinte-si-litere\/hu\/wp-json\/wp\/v2\/pages\/137"}],"wp:attachment":[{"href":"https:\/\/umfst.ro\/stiinte-si-litere\/hu\/wp-json\/wp\/v2\/media?parent=142"}],"wp:term":[{"taxonomy":"category","embeddable":true,"href":"https:\/\/umfst.ro\/stiinte-si-litere\/hu\/wp-json\/wp\/v2\/categories?post=142"},{"taxonomy":"post_tag","embeddable":true,"href":"https:\/\/umfst.ro\/stiinte-si-litere\/hu\/wp-json\/wp\/v2\/tags?post=142"}],"curies":[{"name":"wp","href":"https:\/\/api.w.org\/{rel}","templated":true}]}}