{"id":205,"date":"2022-12-07T15:21:06","date_gmt":"2022-12-07T15:21:06","guid":{"rendered":"https:\/\/dev.umfst.ro\/stiinte-si-litere\/?page_id=205"},"modified":"2022-12-07T15:21:08","modified_gmt":"2022-12-07T15:21:08","slug":"cercul-stiintific-studentesc-istorie-si-cinema-istoria-prin-cinema","status":"publish","type":"page","link":"https:\/\/umfst.ro\/stiinte-si-litere\/hu\/evenimente\/cercul-stiintific-studentesc-istorie-si-cinema-istoria-prin-cinema\/","title":{"rendered":"Cercul \u0219tiin\u021bific studen\u021besc  \u201eIstorie \u0219i cinema, istoria prin cinema\u201d"},"content":{"rendered":"<h2 class=\"wp-block-heading\">PRIMUL R\u0102ZBOI MONDIAL \u00ceN CINEMATOGRAFIE<\/h2>\n\n\n\n<p>Istoria \u0219i cinematografia au stabilit \u00eenc\u0103 de la \u00eenceput o legatur\u0103 foarte str\u00e2ns\u0103.Ini\u021bial istoricii au privit filmul ca un instrument obiectiv de descriere a trecutului uman. Subiectivismul intrinsec oric\u0103rui produs cultural nu a \u00eent\u00e2rziat \u00eens\u0103 s\u0103 se manifeste, cinematograful devenind un instrument de promovare a ideilor \u0219i valorilor exprimate de o anumit\u0103 colectivitate \u00een contextul noii societ\u0103\u021bi de mas\u0103. Filmul istoric devine astfel o surs\u0103 care permite \u00een\u021belegerea at\u00e2t a fenomenelor pe care le reprezint\u0103, c\u00e2t \u0219i a modului \u00een care o anumit\u0103 epoc\u0103 s-a raportat la acesta.<br>Apel\u00e2nd la unele filme istorice despre Primul R\u0103zboi Mondial, colectivul de Istorie din cadrul Facult\u0103\u021bii de \u0218tiin\u021be \u0219i Litere \u201ePetru Maior&#8221; dore\u0219te s\u0103 aprofundeze legatura str\u00e2ns\u0103 dintre evenimentul \u0219i receptarea acestuia \u00een diferite momente ale istoriei \u0219i \u00een diferite contexte politice, sociale \u0219i culturale.<br>Selec\u021bia de filme propuse, apar\u021bin\u00e2ndu-i patrimoniului cultural universal, vor fi analizate conform acestor chei de lectur\u0103, f\u0103r\u0103 a neglija raportul cu lumea contemporan\u0103, convin\u0219i fiind c\u0103 Istoria este o \u0219tiin\u021b\u0103 at\u00e2ta timp c\u00e2t contribuie la \u00een\u021belegerea fenomenelor specifice lumii contemporane.<br>\u00cen acest deziderat, Facultatea de \u0218tiin\u021be \u0219i Litere \u201ePetru Maior&#8221; din cadrul UMFST \u201eGeorge Emil Palade&#8221; invit\u0103 to\u021bi pasiona\u021bi de istorie, studen\u021bii \u0219i elevii deopotriva, s\u0103 participe la aceast\u0103 manifestare cultural\u0103 \u0219i \u0219tiin\u021bific\u0103.<\/p>\n\n\n\n<figure class=\"wp-block-image\"><a href=\"https:\/\/www.umfst.ro\/fileadmin\/_processed_\/f\/6\/csm_afis_cerc_studentesc_c11536f7a4.jpg\"><img decoding=\"async\" src=\"https:\/\/www.umfst.ro\/fileadmin\/_processed_\/f\/6\/csm_afis_cerc_studentesc_6b049f14a6.jpg\" alt=\"\" \/><\/a><\/figure>","protected":false},"excerpt":{"rendered":"<p>PRIMUL R\u0102ZBOI MONDIAL \u00ceN CINEMATOGRAFIE Istoria \u0219i cinematografia au stabilit \u00eenc\u0103 de la \u00eenceput o legatur\u0103 foarte str\u00e2ns\u0103.Ini\u021bial istoricii au privit filmul ca un instrument obiectiv de descriere a trecutului uman. Subiectivismul intrinsec oric\u0103rui produs cultural nu a \u00eent\u00e2rziat \u00eens\u0103 s\u0103 se manifeste, cinematograful devenind un instrument de promovare a ideilor \u0219i valorilor exprimate de [&hellip;]<\/p>\n","protected":false},"author":4,"featured_media":0,"parent":23,"menu_order":0,"comment_status":"closed","ping_status":"closed","template":"","meta":{"_relevanssi_hide_post":"","_relevanssi_hide_content":"","_relevanssi_pin_for_all":"","_relevanssi_pin_keywords":"","_relevanssi_unpin_keywords":"","_relevanssi_related_keywords":"","_relevanssi_related_include_ids":"","_relevanssi_related_exclude_ids":"","_relevanssi_related_no_append":"","_relevanssi_related_not_related":"","_relevanssi_related_posts":"191,186,187,193,194,190","_relevanssi_noindex_reason":"","footnotes":""},"categories":[12],"tags":[],"class_list":["post-205","page","type-page","status-publish","hentry","category-pagina-cu-sidebar"],"meta_box":[],"_links":{"self":[{"href":"https:\/\/umfst.ro\/stiinte-si-litere\/hu\/wp-json\/wp\/v2\/pages\/205","targetHints":{"allow":["GET"]}}],"collection":[{"href":"https:\/\/umfst.ro\/stiinte-si-litere\/hu\/wp-json\/wp\/v2\/pages"}],"about":[{"href":"https:\/\/umfst.ro\/stiinte-si-litere\/hu\/wp-json\/wp\/v2\/types\/page"}],"author":[{"embeddable":true,"href":"https:\/\/umfst.ro\/stiinte-si-litere\/hu\/wp-json\/wp\/v2\/users\/4"}],"replies":[{"embeddable":true,"href":"https:\/\/umfst.ro\/stiinte-si-litere\/hu\/wp-json\/wp\/v2\/comments?post=205"}],"version-history":[{"count":1,"href":"https:\/\/umfst.ro\/stiinte-si-litere\/hu\/wp-json\/wp\/v2\/pages\/205\/revisions"}],"predecessor-version":[{"id":206,"href":"https:\/\/umfst.ro\/stiinte-si-litere\/hu\/wp-json\/wp\/v2\/pages\/205\/revisions\/206"}],"up":[{"embeddable":true,"href":"https:\/\/umfst.ro\/stiinte-si-litere\/hu\/wp-json\/wp\/v2\/pages\/23"}],"wp:attachment":[{"href":"https:\/\/umfst.ro\/stiinte-si-litere\/hu\/wp-json\/wp\/v2\/media?parent=205"}],"wp:term":[{"taxonomy":"category","embeddable":true,"href":"https:\/\/umfst.ro\/stiinte-si-litere\/hu\/wp-json\/wp\/v2\/categories?post=205"},{"taxonomy":"post_tag","embeddable":true,"href":"https:\/\/umfst.ro\/stiinte-si-litere\/hu\/wp-json\/wp\/v2\/tags?post=205"}],"curies":[{"name":"wp","href":"https:\/\/api.w.org\/{rel}","templated":true}]}}