{"id":25,"date":"2022-11-20T17:49:51","date_gmt":"2022-11-20T17:49:51","guid":{"rendered":"https:\/\/dev.umfst.ro\/stiinte-si-litere\/?page_id=25"},"modified":"2025-11-19T07:30:01","modified_gmt":"2025-11-19T07:30:01","slug":"conferinte","status":"publish","type":"page","link":"https:\/\/umfst.ro\/stiinte-si-litere\/hu\/evenimente\/conferinte\/","title":{"rendered":"Conferin\u021be"},"content":{"rendered":"<h2 class=\"wp-block-heading\"><strong>CONFERIN\u021aA CU PARTICIPARE INTERNA\u021aIONAL\u0102 NEW TRENDS IN HUMANITIES<\/strong><\/h2>\n\n\n\n<p>(\u00een 2025 se va desf\u0103\u0219ura cea de-a opta edi\u021bie),&nbsp;coordonatori conf. dr. Cristina Nicolae, prof. dr. Ani\u0219oara Pop &#8211; info se pot g\u0103si aici:<\/p>\n\n\n\n<ul class=\"wp-block-list\">\n<li><a href=\"https:\/\/www.instagram.com\/p\/DDgw1pWuER8\/\" target=\"_blank\" rel=\"noopener\">Instagram<\/a><\/li>\n\n\n\n<li><a href=\"https:\/\/www.zi-de-zi.ro\/2023\/12\/19\/conferinta-cu-participare-internationala-new-trends-in-humanities-la-umfst\/\" target=\"_blank\" rel=\"noopener\">Stiri<\/a><\/li>\n\n\n\n<li><a href=\"https:\/\/www.facebook.com\/umfst\/posts\/facultatea-de-%C8%99tiin%C8%9Be-%C8%99i-litere-petru-maior-a-organizat-vineri-13-decembrie-2024\/1056251976535789\/\" target=\"_blank\" rel=\"noopener\">Facebook<\/a><\/li>\n<\/ul>\n\n\n\n<h2 class=\"wp-block-heading\">CONFERIN\u021a\u0102 \u0218TIIN\u021aIFIC\u0102 A STUDEN\u021aILOR DE LA ISTORIE CU TRIMITERE LA ANUL UNIVERSITAR 2024-2025<\/h2>\n\n\n\n<div class=\"wp-block-columns is-layout-flex wp-container-core-columns-is-layout-28f84493 wp-block-columns-is-layout-flex\">\n<div class=\"wp-block-column is-vertically-aligned-center is-layout-flow wp-block-column-is-layout-flow\" style=\"flex-basis:30%\">\n<figure class=\"wp-block-image alignleft size-full is-resized\"><a href=\"https:\/\/www.umfst.ro\/fileadmin\/f_stiinte_litere\/materiale\/evenimente\/Book of abstracts H.Oe.pdf\"><img fetchpriority=\"high\" decoding=\"async\" width=\"687\" height=\"965\" src=\"https:\/\/umfst.ro\/stiinte-si-litere\/wp-content\/uploads\/sites\/8\/2025\/04\/image.jpg\" alt=\"\" class=\"wp-image-3880\" style=\"width:287px;height:auto\" srcset=\"https:\/\/umfst.ro\/stiinte-si-litere\/wp-content\/uploads\/sites\/8\/2025\/04\/image.jpg 687w, https:\/\/umfst.ro\/stiinte-si-litere\/wp-content\/uploads\/sites\/8\/2025\/04\/image-214x300.jpg 214w, https:\/\/umfst.ro\/stiinte-si-litere\/wp-content\/uploads\/sites\/8\/2025\/04\/image-9x12.jpg 9w\" sizes=\"(max-width: 687px) 100vw, 687px\" \/><\/a><\/figure>\n<\/div>\n\n\n\n<div class=\"wp-block-column is-vertically-aligned-center is-layout-flow wp-block-column-is-layout-flow\" style=\"flex-basis:70%\">\n<h4 class=\"wp-block-heading has-text-align-center\">HOMO OECONOMICUS \u2013 Criz\u0103 \u0219i dinamic\u0103 \u00een istorie: Aspecte europene \u0219i locale<\/h4>\n<\/div>\n<\/div>\n\n\n\n<p><a href=\"https:\/\/www.umfst.ro\/fileadmin\/f_stiinte_litere\/materiale\/evenimente\/Book of abstracts H.Oe.pdf\">Book of abstracts H.Oe<\/a><br><a href=\"https:\/\/www.umfst.ro\/fileadmin\/f_stiinte_litere\/materiale\/evenimente\/Program H. Oe.pdf\">Program H. Oe<\/a><\/p>\n\n\n\n<h2 class=\"wp-block-heading\">\u201cTEJU COLE\u2019S OPEN CITY\u201d &#8211; DR. WERNER SOLLORS, HENRY B. AND ANNE M. CABOT PROFESSOR OF ENGLISH, EMERITUS, HARVARD UNIVERSITY, USA<\/h2>\n\n\n\n<figure class=\"wp-block-image\"><a href=\"https:\/\/www.umfst.ro\/fileadmin\/f_stiinte_litere\/materiale\/evenimente\/Afis._Werner_Sollors_1.06.2022.jpg\"><img decoding=\"async\" src=\"https:\/\/www.umfst.ro\/fileadmin\/_processed_\/6\/d\/csm_Afis._Werner_Sollors_1.06.2022_506334fef8.jpg\" alt=\"\" \/><\/a><\/figure>\n\n\n\n<p><strong>Werner Sollors<\/strong>&nbsp;este profesor de peste 30 de ani la&nbsp;<strong>Universitatea Harvard<\/strong>,&nbsp;<strong>SUA<\/strong>. Actualmente este \u201cHenry B. and Anne M. Cabot Professor of English,&nbsp;<em>Emeritus<\/em>\u201d la Universitatea Harvard si respectiv \u201cFellow at the Hamburg Institute for Advanced Study\u201d. Studiile sale \u00een domeniile&nbsp;<em>English Studies<\/em>,&nbsp;<em>African American Studies<\/em>&nbsp;\u0219i respectiv&nbsp;<em>Comparative Literature&nbsp;<\/em>au avut un impact cu totul neobi\u0219nuit prin definirea conceptului de \u2018etnicitate\u2019, anticip\u00e2nd numeroase direc\u021bii din cultura \u0219i societatea occidental\u0103 contemporan\u0103.<\/p>\n\n\n\n<p>C\u0103r\u021bile sale&nbsp;<em>Beyond Ethnicity: Consent and Dissent in American Culture<\/em>,&nbsp;<em>Neither Black not White yet Both: Thematic Explorations of Interracial Literature,<\/em>&nbsp;<em>Ethnic Modernism<\/em>,&nbsp;<em>The Temptation of Despair<\/em>,&nbsp;<em>African American Writing: A Literary Approach, Challenges of Diversity: Essays on America, Schrift in Bildenger Kunst\/Writing in Fine Arts&nbsp;<\/em>sunt printre cele mai apreciate \u0219i citate \u00een domeniile de cercetare din sfera etnicit\u0103\u021bii. Ele totodat\u0103 constituie bibliografie obligatorie la disciplinele de studii etnice \u00een \u00eenv\u0103\u021b\u0103m\u00e2ntul universitar.<\/p>\n\n\n\n<p>&nbsp;&nbsp;&nbsp;&nbsp;&nbsp;&nbsp;&nbsp;&nbsp;&nbsp; Lucr\u0103rile sale au fost traduse \u00een portughez\u0103, spaniol\u0103, italian\u0103, polonez\u0103, rus\u0103 \u0219i bulgar\u0103. Actualmente lucreaz\u0103 la o carte despre situri str\u0103vechi,&nbsp;<em>Face to Face with Antiquity<\/em>.<\/p>\n\n\n\n<h2 class=\"wp-block-heading\">CUM AR\u0102TA ISTORIA \u00ceN MODERNITATEA TIMPURIE? UN EXEMPLU: ISTORIA IMPERIILOR DIN ORIENT (1670-1730) &#8211; IOANA MANEA, PH.D<\/h2>\n\n\n\n<figure class=\"wp-block-image\"><a href=\"https:\/\/www.umfst.ro\/fileadmin\/_processed_\/3\/e\/csm_CUM_ARATA_ISTORIA_IN_MODERNITATEA_TIMPURIE_Manea_Ioana_a9f9aceed5.png\"><img decoding=\"async\" src=\"https:\/\/www.umfst.ro\/fileadmin\/_processed_\/3\/e\/csm_CUM_ARATA_ISTORIA_IN_MODERNITATEA_TIMPURIE_Manea_Ioana_a69c9d60cc.png\" alt=\"\" \/><\/a><\/figure>\n\n\n\n<h2 class=\"wp-block-heading\">GEORGIUS DE HUNGARIA: 20 DE ANI DE SCLAVIE LA POARTA OTOMAN\u0102 &#8211; MARLIES BARBARA LENZ, M.A.<\/h2>\n\n\n\n<figure class=\"wp-block-image\"><a href=\"https:\/\/www.umfst.ro\/fileadmin\/_processed_\/9\/2\/csm_GEORGIUS_DE_HUNGARIA_20_DE_ANI_DE_SCLAVIE_LA_POARTA_OTOMANALenz_bcc884bf50.png\"><img decoding=\"async\" src=\"https:\/\/www.umfst.ro\/fileadmin\/_processed_\/9\/2\/csm_GEORGIUS_DE_HUNGARIA_20_DE_ANI_DE_SCLAVIE_LA_POARTA_OTOMANALenz_c9edbe2957.png\" alt=\"\" \/><\/a><\/figure>\n\n\n\n<h2 class=\"wp-block-heading\">MEDIEVISTIC\u0102 \u0218 IARHIVE: C\u00c2TEVA CONSIDERA\u021aII &#8211; DR.IOAN DR\u0102GAN<\/h2>\n\n\n\n<figure class=\"wp-block-image\"><a href=\"https:\/\/www.umfst.ro\/fileadmin\/_processed_\/b\/b\/csm_MEDIEVISTICA_SI_ARHIVE_CATEVA_CONSIDERATII_Dragan_d529b91112.png\"><img decoding=\"async\" src=\"https:\/\/www.umfst.ro\/fileadmin\/_processed_\/b\/b\/csm_MEDIEVISTICA_SI_ARHIVE_CATEVA_CONSIDERATII_Dragan_353ba6c10d.png\" alt=\"\" \/><\/a><\/figure>\n\n\n\n<h2 class=\"wp-block-heading\">CU G\u00c2NDUL LA PETRU MAIOR: CE ESTE \u0218I CE MAI R\u0102M\u00c2NE DE STUDIAT LA BIBLIOTECA FILIALEI ACADEMIEI DIN CLUJ-NAPOCA? \u2013 PROF.DR. ALIN-MIHAI GHERMAN<\/h2>\n\n\n\n<figure class=\"wp-block-image\"><a href=\"https:\/\/www.umfst.ro\/fileadmin\/_processed_\/0\/4\/csm_CU_GANDUL_LA_PETRU_MAIOR_Alin-Mihai_GHERMAN_b655788081.png\"><img decoding=\"async\" src=\"https:\/\/www.umfst.ro\/fileadmin\/_processed_\/0\/4\/csm_CU_GANDUL_LA_PETRU_MAIOR_Alin-Mihai_GHERMAN_5eda3f2313.png\" alt=\"\" \/><\/a><\/figure>\n\n\n\n<p><\/p>","protected":false},"excerpt":{"rendered":"<p>CONFERIN\u021aA CU PARTICIPARE INTERNA\u021aIONAL\u0102 NEW TRENDS IN HUMANITIES (\u00een 2025 se va desf\u0103\u0219ura cea de-a opta edi\u021bie),&nbsp;coordonatori conf. dr. Cristina Nicolae, prof. dr. Ani\u0219oara Pop &#8211; info se pot g\u0103si aici: CONFERIN\u021a\u0102 \u0218TIIN\u021aIFIC\u0102 A STUDEN\u021aILOR DE LA ISTORIE CU TRIMITERE LA ANUL UNIVERSITAR 2024-2025 HOMO OECONOMICUS \u2013 Criz\u0103 \u0219i dinamic\u0103 \u00een istorie: Aspecte europene \u0219i [&hellip;]<\/p>\n","protected":false},"author":4,"featured_media":0,"parent":23,"menu_order":0,"comment_status":"closed","ping_status":"closed","template":"","meta":{"_relevanssi_hide_post":"","_relevanssi_hide_content":"","_relevanssi_pin_for_all":"","_relevanssi_pin_keywords":"","_relevanssi_unpin_keywords":"","_relevanssi_related_keywords":"","_relevanssi_related_include_ids":"","_relevanssi_related_exclude_ids":"","_relevanssi_related_no_append":"","_relevanssi_related_not_related":"","_relevanssi_related_posts":"1","_relevanssi_noindex_reason":"","footnotes":""},"categories":[12],"tags":[],"class_list":["post-25","page","type-page","status-publish","hentry","category-pagina-cu-sidebar"],"meta_box":[],"_links":{"self":[{"href":"https:\/\/umfst.ro\/stiinte-si-litere\/hu\/wp-json\/wp\/v2\/pages\/25","targetHints":{"allow":["GET"]}}],"collection":[{"href":"https:\/\/umfst.ro\/stiinte-si-litere\/hu\/wp-json\/wp\/v2\/pages"}],"about":[{"href":"https:\/\/umfst.ro\/stiinte-si-litere\/hu\/wp-json\/wp\/v2\/types\/page"}],"author":[{"embeddable":true,"href":"https:\/\/umfst.ro\/stiinte-si-litere\/hu\/wp-json\/wp\/v2\/users\/4"}],"replies":[{"embeddable":true,"href":"https:\/\/umfst.ro\/stiinte-si-litere\/hu\/wp-json\/wp\/v2\/comments?post=25"}],"version-history":[{"count":16,"href":"https:\/\/umfst.ro\/stiinte-si-litere\/hu\/wp-json\/wp\/v2\/pages\/25\/revisions"}],"predecessor-version":[{"id":4240,"href":"https:\/\/umfst.ro\/stiinte-si-litere\/hu\/wp-json\/wp\/v2\/pages\/25\/revisions\/4240"}],"up":[{"embeddable":true,"href":"https:\/\/umfst.ro\/stiinte-si-litere\/hu\/wp-json\/wp\/v2\/pages\/23"}],"wp:attachment":[{"href":"https:\/\/umfst.ro\/stiinte-si-litere\/hu\/wp-json\/wp\/v2\/media?parent=25"}],"wp:term":[{"taxonomy":"category","embeddable":true,"href":"https:\/\/umfst.ro\/stiinte-si-litere\/hu\/wp-json\/wp\/v2\/categories?post=25"},{"taxonomy":"post_tag","embeddable":true,"href":"https:\/\/umfst.ro\/stiinte-si-litere\/hu\/wp-json\/wp\/v2\/tags?post=25"}],"curies":[{"name":"wp","href":"https:\/\/api.w.org\/{rel}","templated":true}]}}