{"id":3342,"date":"2024-06-11T15:46:32","date_gmt":"2024-06-11T15:46:32","guid":{"rendered":"https:\/\/umfst.ro\/stiinte-si-litere\/?page_id=3342"},"modified":"2025-09-01T08:03:46","modified_gmt":"2025-09-01T08:03:46","slug":"medical-humanities","status":"publish","type":"page","link":"https:\/\/umfst.ro\/stiinte-si-litere\/hu\/oferta-educationala\/studii-de-masterat\/medical-humanities\/","title":{"rendered":"Medical Humanities"},"content":{"rendered":"<div data-elementor-type=\"wp-page\" data-elementor-id=\"3342\" class=\"elementor elementor-3342\" data-elementor-post-type=\"page\">\n\t\t\t\t\t\t<section class=\"elementor-section elementor-top-section elementor-element elementor-element-9419c48 elementor-section-boxed elementor-section-height-default elementor-section-height-default\" data-id=\"9419c48\" data-element_type=\"section\" data-e-type=\"section\">\n\t\t\t\t\t\t<div class=\"elementor-container elementor-column-gap-default\">\n\t\t\t\t\t<div class=\"elementor-column elementor-col-50 elementor-top-column elementor-element elementor-element-5ccd3ed\" data-id=\"5ccd3ed\" data-element_type=\"column\" data-e-type=\"column\">\n\t\t\t<div class=\"elementor-widget-wrap elementor-element-populated\">\n\t\t\t\t\t\t<div class=\"elementor-element elementor-element-014897e elementor-widget elementor-widget-heading\" data-id=\"014897e\" data-element_type=\"widget\" data-e-type=\"widget\" data-widget_type=\"heading.default\">\n\t\t\t\t<div class=\"elementor-widget-container\">\n\t\t\t\t\t<h2 class=\"elementor-heading-title elementor-size-default\">Descriere<\/h2>\t\t\t\t<\/div>\n\t\t\t\t<\/div>\n\t\t\t\t<div class=\"elementor-element elementor-element-36abe54 elementor-widget elementor-widget-text-editor\" data-id=\"36abe54\" data-element_type=\"widget\" data-e-type=\"widget\" data-widget_type=\"text-editor.default\">\n\t\t\t\t<div class=\"elementor-widget-container\">\n\t\t\t\t\t\t\t\t\t<p><strong>Domeniu fundamental: <\/strong><em>\u0218tiin\u021be biologice \u0219i biomedicale<\/em><\/p><p><strong>Ramura de \u0219tiin\u021b\u0103: <\/strong><em>Medicin\u0103<\/em><\/p><p><strong>Domeniul de masterat: <\/strong><em>Medicin\u0103<\/em><\/p><p><strong>Program de studiu de masterat: <\/strong><em>Medical Humanities<\/em><\/p><p><strong>Forma de \u00eenv\u0103\u021b\u0103m\u00e2nt: <\/strong><em>\u00eenv\u0103\u021b\u0103m\u00e2nt cu frecven\u021b\u0103<\/em><\/p><p><strong>Durata studiilor: <\/strong><em>2 semestre<\/em><\/p>\t\t\t\t\t\t\t\t<\/div>\n\t\t\t\t<\/div>\n\t\t\t\t<div class=\"elementor-element elementor-element-64c9168 elementor-widget elementor-widget-jet-accordion\" data-id=\"64c9168\" data-element_type=\"widget\" data-e-type=\"widget\" data-widget_type=\"jet-accordion.default\">\n\t\t\t\t<div class=\"elementor-widget-container\">\n\t\t\t\t\t\t\t\t\t<div class=\"jet-accordion\" data-settings=\"{&quot;collapsible&quot;:false,&quot;ajaxTemplate&quot;:false,&quot;switchScrolling&quot;:false,&quot;switchScrollingTablet&quot;:false,&quot;switchScrollingMobile&quot;:false,&quot;switchScrollingOffset&quot;:{&quot;size&quot;:0,&quot;unit&quot;:&quot;px&quot;},&quot;switchScrollingOffsetTablet&quot;:{&quot;size&quot;:0,&quot;unit&quot;:&quot;px&quot;},&quot;switchScrollingOffsetMobile&quot;:{&quot;size&quot;:0,&quot;unit&quot;:&quot;px&quot;},&quot;switchScrollingDelay&quot;:500,&quot;switchScrollingDelayTablet&quot;:500,&quot;switchScrollingDelayMobile&quot;:500}\">\n\t\t\t<div class=\"jet-accordion__inner\">\n\t\t\t\t<div class=\"jet-accordion__item jet-toggle jet-toggle-move-up-effect\">\n\t\t\t\t\t\t\t<div id=\"jet-toggle-control-1051\" class=\"jet-toggle__control elementor-menu-anchor\" data-toggle=\"1\" role=\"button\" tabindex=\"0\" aria-controls=\"jet-toggle-content-1051\" aria-expanded=\"false\" data-template-id=\"false\">\n\t\t\t\t\t\t\t\t<div class=\"jet-toggle__label-icon jet-toggle-icon-position-right\"><span class=\"jet-toggle__icon icon-normal jet-tabs-icon\"><svg xmlns=\"http:\/\/www.w3.org\/2000\/svg\" viewbox=\"0 0 448 512\"><path d=\"M256 80c0-17.7-14.3-32-32-32s-32 14.3-32 32V224H48c-17.7 0-32 14.3-32 32s14.3 32 32 32H192V432c0 17.7 14.3 32 32 32s32-14.3 32-32V288H400c17.7 0 32-14.3 32-32s-14.3-32-32-32H256V80z\"><\/path><\/svg><\/span><span class=\"jet-toggle__icon icon-active jet-tabs-icon\"><svg xmlns=\"http:\/\/www.w3.org\/2000\/svg\" viewbox=\"0 0 448 512\"><path d=\"M432 256c0 17.7-14.3 32-32 32L48 288c-17.7 0-32-14.3-32-32s14.3-32 32-32l352 0c17.7 0 32 14.3 32 32z\"><\/path><\/svg><\/span><\/div><div class=\"jet-toggle__label-text\">Misiune<\/div>\t\t\t\t\t\t\t<\/div>\n\t\t\t\t\t\t\t<div id=\"jet-toggle-content-1051\" class=\"jet-toggle__content\" data-toggle=\"1\" role=\"region\" data-template-id=\"false\">\n\t\t\t\t\t\t\t\t<div class=\"jet-toggle__content-inner\"><p>Programul de studii <em>Medical Humanities <\/em>are la baz\u0103 dezbaterile de la nivel mondial generate \u00een ultimele decenii asupra contribu\u021biei pe care \u0219tiin\u021bele umaniste o pot avea \u00een formarea personalului \u0219i speciali\u0219tilor care activeaz\u0103 \u00een domeniul s\u0103n\u0103t\u0103\u021bii. Preocup\u0103rile privind efectele negative ale avansului tehnologic asupra practicii \u0219i actului medical \u0219i dorin\u021ba de a echilibra balan\u021ba \u00eentre fa\u021betele tehnologice \u0219i cele umane ale medicinei a generat un dialog multidisciplinar \u0219i interdisciplinar \u00eentre medicin\u0103 \u0219i \u0219tiin\u021bele umaniste, o serie de discipline, precum istoria, literatura, arta, antropologia fiind integrate \u00een preg\u0103tirea medical\u0103. \u00cen paralel, o bogat\u0103 literatur\u0103 de specialitate a fundamentat rolul \u0219i contribu\u021bia acestora la dezvoltarea unor competen\u021be precum dezvoltarea unei g\u00e2ndiri critice, analitice, dezvoltarea unui spirit de observa\u021bie \u0219i interpretare a limbii pacientului, constituirea unor valori personale \u0219i profesionale, dar \u0219i capacitatea de a l\u0103rgii perspectiva asupra contextului social al practicii medicale, de a readuce \u00eempreun\u0103 corpul \u0219i sufletul, de a stimula promovarea unui act medical orientat spre pacient \u0219i combaterea epuiz\u0103rii profesionale.<\/p><p>Programul de studii de masterat <em>Medical Humanities<\/em> se aliniaz\u0103 acestor tendin\u021be propun\u00e2nd dezvoltarea unei perspective umaniste asupra problemelor etice, sociale, psihologice ale medicinei \u0219i s\u0103n\u0103t\u0103\u021bii \u0219i oferind absolven\u021bilor un cadru larg de referin\u021b\u0103 al practicilor \u0219i deciziilor din domeniul s\u0103n\u0103t\u0103\u021bii.<\/p><\/div>\n\t\t\t\t\t\t\t<\/div>\n\t\t\t\t\t\t<\/div><div class=\"jet-accordion__item jet-toggle jet-toggle-move-up-effect\">\n\t\t\t\t\t\t\t<div id=\"jet-toggle-control-1052\" class=\"jet-toggle__control elementor-menu-anchor\" data-toggle=\"2\" role=\"button\" tabindex=\"0\" aria-controls=\"jet-toggle-content-1052\" aria-expanded=\"false\" data-template-id=\"false\">\n\t\t\t\t\t\t\t\t<div class=\"jet-toggle__label-icon jet-toggle-icon-position-right\"><span class=\"jet-toggle__icon icon-normal jet-tabs-icon\"><svg xmlns=\"http:\/\/www.w3.org\/2000\/svg\" viewbox=\"0 0 448 512\"><path d=\"M256 80c0-17.7-14.3-32-32-32s-32 14.3-32 32V224H48c-17.7 0-32 14.3-32 32s14.3 32 32 32H192V432c0 17.7 14.3 32 32 32s32-14.3 32-32V288H400c17.7 0 32-14.3 32-32s-14.3-32-32-32H256V80z\"><\/path><\/svg><\/span><span class=\"jet-toggle__icon icon-active jet-tabs-icon\"><svg xmlns=\"http:\/\/www.w3.org\/2000\/svg\" viewbox=\"0 0 448 512\"><path d=\"M432 256c0 17.7-14.3 32-32 32L48 288c-17.7 0-32-14.3-32-32s14.3-32 32-32l352 0c17.7 0 32 14.3 32 32z\"><\/path><\/svg><\/span><\/div><div class=\"jet-toggle__label-text\">Obiective <\/div>\t\t\t\t\t\t\t<\/div>\n\t\t\t\t\t\t\t<div id=\"jet-toggle-content-1052\" class=\"jet-toggle__content\" data-toggle=\"2\" role=\"region\" data-template-id=\"false\">\n\t\t\t\t\t\t\t\t<div class=\"jet-toggle__content-inner\"><p><strong>Obiectivele programului de studii:<\/strong><\/p><ul><li>Dezvoltarea abilit\u0103\u021bilor de a fi empatic cu nevoile pacien\u021bilor<\/li><li>Aplicarea unor principii etice \u0219i dezvoltarea abilit\u0103\u021bilor de g\u00e2ndire critic\u0103 \u00een \u00eengrijirea pacien\u021bilor<\/li><li>Acumularea unor cuno\u0219tin\u021be specifice comunic\u0103rii \u00een rela\u021bia medic-pacient, medic-societate<\/li><li>Dob\u00e2ndirea unei perspective culturale asupra procesului de \u00eengrijire \u0219i sistemului de s\u0103n\u0103tate.<\/li><\/ul><p><strong>\u00a0<\/strong><\/p><p><strong>Titlul absolventului: <\/strong><em>Master \u00een Medical Humanities<\/em><\/p><\/div>\n\t\t\t\t\t\t\t<\/div>\n\t\t\t\t\t\t<\/div><div class=\"jet-accordion__item jet-toggle jet-toggle-move-up-effect\">\n\t\t\t\t\t\t\t<div id=\"jet-toggle-control-1053\" class=\"jet-toggle__control elementor-menu-anchor\" data-toggle=\"3\" role=\"button\" tabindex=\"0\" aria-controls=\"jet-toggle-content-1053\" aria-expanded=\"false\" data-template-id=\"false\">\n\t\t\t\t\t\t\t\t<div class=\"jet-toggle__label-icon jet-toggle-icon-position-right\"><span class=\"jet-toggle__icon icon-normal jet-tabs-icon\"><svg xmlns=\"http:\/\/www.w3.org\/2000\/svg\" viewbox=\"0 0 448 512\"><path d=\"M256 80c0-17.7-14.3-32-32-32s-32 14.3-32 32V224H48c-17.7 0-32 14.3-32 32s14.3 32 32 32H192V432c0 17.7 14.3 32 32 32s32-14.3 32-32V288H400c17.7 0 32-14.3 32-32s-14.3-32-32-32H256V80z\"><\/path><\/svg><\/span><span class=\"jet-toggle__icon icon-active jet-tabs-icon\"><svg xmlns=\"http:\/\/www.w3.org\/2000\/svg\" viewbox=\"0 0 448 512\"><path d=\"M432 256c0 17.7-14.3 32-32 32L48 288c-17.7 0-32-14.3-32-32s14.3-32 32-32l352 0c17.7 0 32 14.3 32 32z\"><\/path><\/svg><\/span><\/div><div class=\"jet-toggle__label-text\">Competen\u021be \u0219i cuno\u0219tin\u021be dob\u00e2ndite<\/div>\t\t\t\t\t\t\t<\/div>\n\t\t\t\t\t\t\t<div id=\"jet-toggle-content-1053\" class=\"jet-toggle__content\" data-toggle=\"3\" role=\"region\" data-template-id=\"false\">\n\t\t\t\t\t\t\t\t<div class=\"jet-toggle__content-inner\"><ul><li>\u00a0<\/li><li>Dob\u00e2ndirea unei perspective culturale asupra procesului de \u00eengrijire \u0219i sistemului de s\u0103n\u0103tate.<\/li><\/ul><p><strong>\u00a0<\/strong><\/p><p><strong>Titlul absolventului: <\/strong><em>Master \u00een Medical Humanities<\/em><\/p><p><strong>Calificarea universitar\u0103: <\/strong><em>Master<\/em><\/p><p><em>\u00a0<\/em><\/p><p><strong>Competen\u021be<\/strong><\/p><p><strong>\u00a0<\/strong><u>Competen\u021be profesionale<\/u><\/p><p>C1. Dezvolt\u0103 o rela\u021bie terapeutic\u0103 de colaborare<\/p><p>C2. Aplic\u0103 \u00eengrijiri orientate spre persoan\u0103<\/p><p>C3. Practic\u0103 ascultarea activ\u0103<\/p><p>C4. Demonstreaz\u0103 empatie fa\u021b\u0103 de utilizatorul asisten\u021bei medicale<\/p><p>C5. Lucreaz\u0103 \u00eentr-un mediu multicultural \u00een domeniul asisten\u021bei medicale<\/p><p>C6. Promoveaz\u0103 incluziunea<\/p><p>C7. Comunic\u0103 \u00een domeniul asisten\u021bei medicale<\/p><p>C8. Ofer\u0103 educa\u021bie pentru s\u0103n\u0103tate<\/p><p>C9. Abordeaz\u0103 probleme de s\u0103n\u0103tate public\u0103<\/p><p>C10. Ader\u0103 la principiile de bun\u0103stare medical\u0103 \u0219i siguran\u021b\u0103<\/p><p>\u00a0<\/p><p><u>Competen\u021be transversale <\/u><\/p><p>CT1. G\u00e2nde\u0219te holistic.<\/p><p>CT2. Aplic\u0103 cuno\u0219tin\u021be \u00een domeniul \u0219tiintelor sociale \u0219i umaniste<\/p><\/div>\n\t\t\t\t\t\t\t<\/div>\n\t\t\t\t\t\t<\/div>\t\t\t<\/div>\n\t\t<\/div>\n\t\t\t\t\t\t<\/div>\n\t\t\t\t<\/div>\n\t\t\t\t<div class=\"elementor-element elementor-element-d2e4231 elementor-widget elementor-widget-heading\" data-id=\"d2e4231\" data-element_type=\"widget\" data-e-type=\"widget\" data-widget_type=\"heading.default\">\n\t\t\t\t<div class=\"elementor-widget-container\">\n\t\t\t\t\t<h2 class=\"elementor-heading-title elementor-size-default\">Perspective ocupa\u021bionale<\/h2>\t\t\t\t<\/div>\n\t\t\t\t<\/div>\n\t\t\t\t<div class=\"elementor-element elementor-element-aa87747 elementor-widget elementor-widget-text-editor\" data-id=\"aa87747\" data-element_type=\"widget\" data-e-type=\"widget\" data-widget_type=\"text-editor.default\">\n\t\t\t\t<div class=\"elementor-widget-container\">\n\t\t\t\t\t\t\t\t\t<strong>Standarde ocupa\u021bionale: <\/strong>navigator de pacien\u021bi \u2013 226922\t\t\t\t\t\t\t\t<\/div>\n\t\t\t\t<\/div>\n\t\t\t\t\t<\/div>\n\t\t<\/div>\n\t\t\t\t<div class=\"elementor-column elementor-col-50 elementor-top-column elementor-element elementor-element-5ec1099\" data-id=\"5ec1099\" data-element_type=\"column\" data-e-type=\"column\">\n\t\t\t<div class=\"elementor-widget-wrap elementor-element-populated\">\n\t\t\t\t\t\t<section class=\"elementor-section elementor-inner-section elementor-element elementor-element-807b1a5 elementor-section-boxed elementor-section-height-default elementor-section-height-default\" data-id=\"807b1a5\" data-element_type=\"section\" data-e-type=\"section\">\n\t\t\t\t\t\t<div class=\"elementor-container elementor-column-gap-default\">\n\t\t\t\t\t<div data-dce-background-color=\"#F2F7FF\" class=\"elementor-column elementor-col-100 elementor-inner-column elementor-element elementor-element-546d45e\" data-id=\"546d45e\" data-element_type=\"column\" data-e-type=\"column\" data-settings=\"{&quot;background_background&quot;:&quot;classic&quot;}\">\n\t\t\t<div class=\"elementor-widget-wrap elementor-element-populated\">\n\t\t\t\t\t\t<div class=\"elementor-element elementor-element-05d69c2 elementor-widget elementor-widget-heading\" data-id=\"05d69c2\" data-element_type=\"widget\" data-e-type=\"widget\" data-widget_type=\"heading.default\">\n\t\t\t\t<div class=\"elementor-widget-container\">\n\t\t\t\t\t<h5 class=\"elementor-heading-title elementor-size-default\">Informa\u021bii generale<\/h5>\t\t\t\t<\/div>\n\t\t\t\t<\/div>\n\t\t\t\t<div class=\"elementor-element elementor-element-c34ea5a elementor-widget-divider--view-line elementor-widget elementor-widget-divider\" data-id=\"c34ea5a\" data-element_type=\"widget\" data-e-type=\"widget\" data-widget_type=\"divider.default\">\n\t\t\t\t<div class=\"elementor-widget-container\">\n\t\t\t\t\t\t\t<div class=\"elementor-divider\">\n\t\t\t<span class=\"elementor-divider-separator\">\n\t\t\t\t\t\t<\/span>\n\t\t<\/div>\n\t\t\t\t\t\t<\/div>\n\t\t\t\t<\/div>\n\t\t\t\t<div class=\"elementor-element elementor-element-af9c824 elementor-widget elementor-widget-icon-box\" data-id=\"af9c824\" data-element_type=\"widget\" data-e-type=\"widget\" data-widget_type=\"icon-box.default\">\n\t\t\t\t<div class=\"elementor-widget-container\">\n\t\t\t\t\t\t\t<div class=\"elementor-icon-box-wrapper\">\n\n\t\t\t\n\t\t\t\t\t\t<div class=\"elementor-icon-box-content\">\n\n\t\t\t\t\t\t\t\t\t<h3 class=\"elementor-icon-box-title\">\n\t\t\t\t\t\t<span  >\n\t\t\t\t\t\t\tDurat\u0103\t\t\t\t\t\t<\/span>\n\t\t\t\t\t<\/h3>\n\t\t\t\t\n\t\t\t\t\t\t\t\t\t<p class=\"elementor-icon-box-description\">\n\t\t\t\t\t\t1 an (2 semestre); 60 ECTS\t\t\t\t\t<\/p>\n\t\t\t\t\n\t\t\t<\/div>\n\t\t\t\n\t\t<\/div>\n\t\t\t\t\t\t<\/div>\n\t\t\t\t<\/div>\n\t\t\t\t<div class=\"elementor-element elementor-element-e22f36e elementor-widget elementor-widget-icon-box\" data-id=\"e22f36e\" data-element_type=\"widget\" data-e-type=\"widget\" data-widget_type=\"icon-box.default\">\n\t\t\t\t<div class=\"elementor-widget-container\">\n\t\t\t\t\t\t\t<div class=\"elementor-icon-box-wrapper\">\n\n\t\t\t\n\t\t\t\t\t\t<div class=\"elementor-icon-box-content\">\n\n\t\t\t\t\t\t\t\t\t<h3 class=\"elementor-icon-box-title\">\n\t\t\t\t\t\t<span  >\n\t\t\t\t\t\t\tForma de \u00eenv\u0103\u021b\u0103m\u00e2nt\t\t\t\t\t\t<\/span>\n\t\t\t\t\t<\/h3>\n\t\t\t\t\n\t\t\t\t\t\t\t\t\t<p class=\"elementor-icon-box-description\">\n\t\t\t\t\t\tCu frecven\u021b\u0103\t\t\t\t\t<\/p>\n\t\t\t\t\n\t\t\t<\/div>\n\t\t\t\n\t\t<\/div>\n\t\t\t\t\t\t<\/div>\n\t\t\t\t<\/div>\n\t\t\t\t<div class=\"elementor-element elementor-element-2e3f37c elementor-widget elementor-widget-icon-box\" data-id=\"2e3f37c\" data-element_type=\"widget\" data-e-type=\"widget\" data-widget_type=\"icon-box.default\">\n\t\t\t\t<div class=\"elementor-widget-container\">\n\t\t\t\t\t\t\t<div class=\"elementor-icon-box-wrapper\">\n\n\t\t\t\n\t\t\t\t\t\t<div class=\"elementor-icon-box-content\">\n\n\t\t\t\t\t\t\t\t\t<h3 class=\"elementor-icon-box-title\">\n\t\t\t\t\t\t<span  >\n\t\t\t\t\t\t\tLimba de predare\t\t\t\t\t\t<\/span>\n\t\t\t\t\t<\/h3>\n\t\t\t\t\n\t\t\t\t\t\t\t\t\t<p class=\"elementor-icon-box-description\">\n\t\t\t\t\t\tRom\u00e2n\u0103\t\t\t\t\t<\/p>\n\t\t\t\t\n\t\t\t<\/div>\n\t\t\t\n\t\t<\/div>\n\t\t\t\t\t\t<\/div>\n\t\t\t\t<\/div>\n\t\t\t\t<div class=\"elementor-element elementor-element-173fc08 elementor-widget elementor-widget-icon-box\" data-id=\"173fc08\" data-element_type=\"widget\" data-e-type=\"widget\" data-widget_type=\"icon-box.default\">\n\t\t\t\t<div class=\"elementor-widget-container\">\n\t\t\t\t\t\t\t<div class=\"elementor-icon-box-wrapper\">\n\n\t\t\t\n\t\t\t\t\t\t<div class=\"elementor-icon-box-content\">\n\n\t\t\t\t\t\t\t\t\t<h3 class=\"elementor-icon-box-title\">\n\t\t\t\t\t\t<span  >\n\t\t\t\t\t\t\tProgram de studiu\t\t\t\t\t\t<\/span>\n\t\t\t\t\t<\/h3>\n\t\t\t\t\n\t\t\t\t\t\t\t\t\t<p class=\"elementor-icon-box-description\">\n\t\t\t\t\t\tAcreditat\t\t\t\t\t<\/p>\n\t\t\t\t\n\t\t\t<\/div>\n\t\t\t\n\t\t<\/div>\n\t\t\t\t\t\t<\/div>\n\t\t\t\t<\/div>\n\t\t\t\t\t<\/div>\n\t\t<\/div>\n\t\t\t\t\t<\/div>\n\t\t<\/section>\n\t\t\t\t<div class=\"elementor-element elementor-element-6be0871 elementor-widget elementor-widget-text-editor\" data-id=\"6be0871\" data-element_type=\"widget\" data-e-type=\"widget\" data-widget_type=\"text-editor.default\">\n\t\t\t\t<div class=\"elementor-widget-container\">\n\t\t\t\t\t\t\t\t\t<p>* F \u2013 locuri finan\u021bate din bugetul universit\u0103\u021bii (studentul nu achit\u0103 tax\u0103 de \u0219colarizare)<\/p>\t\t\t\t\t\t\t\t<\/div>\n\t\t\t\t<\/div>\n\t\t\t\t\t<\/div>\n\t\t<\/div>\n\t\t\t\t\t<\/div>\n\t\t<\/section>\n\t\t\t\t<section class=\"elementor-section elementor-top-section elementor-element elementor-element-135c315 elementor-section-boxed elementor-section-height-default elementor-section-height-default\" data-id=\"135c315\" data-element_type=\"section\" data-e-type=\"section\">\n\t\t\t\t\t\t<div class=\"elementor-container elementor-column-gap-default\">\n\t\t\t\t\t<div class=\"elementor-column elementor-col-100 elementor-top-column elementor-element elementor-element-1a1342c\" data-id=\"1a1342c\" data-element_type=\"column\" data-e-type=\"column\">\n\t\t\t<div class=\"elementor-widget-wrap elementor-element-populated\">\n\t\t\t\t\t\t<div class=\"elementor-element elementor-element-3b3344e elementor-widget elementor-widget-text-editor\" data-id=\"3b3344e\" data-element_type=\"widget\" data-e-type=\"widget\" data-widget_type=\"text-editor.default\">\n\t\t\t\t<div class=\"elementor-widget-container\">\n\t\t\t\t\t\t\t\t\t<p>Responsabil program &#8211; prof. univ. dr. Giodano Altarozzi<\/p>\t\t\t\t\t\t\t\t<\/div>\n\t\t\t\t<\/div>\n\t\t\t\t\t<\/div>\n\t\t<\/div>\n\t\t\t\t\t<\/div>\n\t\t<\/section>\n\t\t\t\t<section class=\"elementor-section elementor-top-section elementor-element elementor-element-17d6124 elementor-section-boxed elementor-section-height-default elementor-section-height-default\" data-id=\"17d6124\" data-element_type=\"section\" data-e-type=\"section\">\n\t\t\t\t\t\t<div class=\"elementor-container elementor-column-gap-default\">\n\t\t\t\t\t<div class=\"elementor-column elementor-col-100 elementor-top-column elementor-element elementor-element-09fde9c\" data-id=\"09fde9c\" data-element_type=\"column\" data-e-type=\"column\">\n\t\t\t<div class=\"elementor-widget-wrap elementor-element-populated\">\n\t\t\t\t\t\t<div class=\"elementor-element elementor-element-13cc4c3 elementor-widget elementor-widget-heading\" data-id=\"13cc4c3\" data-element_type=\"widget\" data-e-type=\"widget\" data-widget_type=\"heading.default\">\n\t\t\t\t<div class=\"elementor-widget-container\">\n\t\t\t\t\t<h2 class=\"elementor-heading-title elementor-size-default\">Planuri de \u00eenv\u0103\u021b\u0103m\u00e2nt<\/h2>\t\t\t\t<\/div>\n\t\t\t\t<\/div>\n\t\t\t\t<div data-dce-background-color=\"#2359B317\" class=\"elementor-element elementor-element-e144a71 elementor-widget__width-auto elementor-widget elementor-widget-button\" data-id=\"e144a71\" data-element_type=\"widget\" data-e-type=\"widget\" data-widget_type=\"button.default\">\n\t\t\t\t<div class=\"elementor-widget-container\">\n\t\t\t\t\t\t\t\t\t<div class=\"elementor-button-wrapper\">\n\t\t\t\t\t<a class=\"elementor-button elementor-button-link elementor-size-sm\" href=\"https:\/\/www.umfst.ro\/fileadmin\/f_stiinte_litere\/plan_inv\/2025-2026\/PI_MMH_2025_tabelar.pdf\" target=\"_blank\">\n\t\t\t\t\t\t<span class=\"elementor-button-content-wrapper\">\n\t\t\t\t\t\t<span class=\"elementor-button-icon\">\n\t\t\t\t<i aria-hidden=\"true\" class=\"fas fa-file-pdf\"><\/i>\t\t\t<\/span>\n\t\t\t\t\t\t\t\t\t<span class=\"elementor-button-text\">Plan 2025 - 2026<\/span>\n\t\t\t\t\t<\/span>\n\t\t\t\t\t<\/a>\n\t\t\t\t<\/div>\n\t\t\t\t\t\t\t\t<\/div>\n\t\t\t\t<\/div>\n\t\t\t\t<div data-dce-background-color=\"#2359B317\" class=\"elementor-element elementor-element-85bf431 elementor-widget__width-auto elementor-widget elementor-widget-button\" data-id=\"85bf431\" data-element_type=\"widget\" data-e-type=\"widget\" data-widget_type=\"button.default\">\n\t\t\t\t<div class=\"elementor-widget-container\">\n\t\t\t\t\t\t\t\t\t<div class=\"elementor-button-wrapper\">\n\t\t\t\t\t<a class=\"elementor-button elementor-button-link elementor-size-sm\" href=\"https:\/\/www.umfst.ro\/fileadmin\/f_stiinte_litere\/plan_inv\/2024-2025\/PI_MMH_2024-2025.pdf\" target=\"_blank\">\n\t\t\t\t\t\t<span class=\"elementor-button-content-wrapper\">\n\t\t\t\t\t\t<span class=\"elementor-button-icon\">\n\t\t\t\t<i aria-hidden=\"true\" class=\"fas fa-file-pdf\"><\/i>\t\t\t<\/span>\n\t\t\t\t\t\t\t\t\t<span class=\"elementor-button-text\">Plan 2024 - 2025<\/span>\n\t\t\t\t\t<\/span>\n\t\t\t\t\t<\/a>\n\t\t\t\t<\/div>\n\t\t\t\t\t\t\t\t<\/div>\n\t\t\t\t<\/div>\n\t\t\t\t<div data-dce-background-color=\"#2359B317\" class=\"elementor-element elementor-element-63c1e25 elementor-widget__width-auto elementor-widget elementor-widget-button\" data-id=\"63c1e25\" data-element_type=\"widget\" data-e-type=\"widget\" data-widget_type=\"button.default\">\n\t\t\t\t<div class=\"elementor-widget-container\">\n\t\t\t\t\t\t\t\t\t<div class=\"elementor-button-wrapper\">\n\t\t\t\t\t<a class=\"elementor-button elementor-button-link elementor-size-sm\" href=\"https:\/\/www.umfst.ro\/fileadmin\/f_stiinte_litere\/plan_inv\/2023-2024\/Plan_de_invatamant_humanities.pdf\" target=\"_blank\">\n\t\t\t\t\t\t<span class=\"elementor-button-content-wrapper\">\n\t\t\t\t\t\t<span class=\"elementor-button-icon\">\n\t\t\t\t<i aria-hidden=\"true\" class=\"fas fa-file-pdf\"><\/i>\t\t\t<\/span>\n\t\t\t\t\t\t\t\t\t<span class=\"elementor-button-text\">Plan 2023 - 2024<\/span>\n\t\t\t\t\t<\/span>\n\t\t\t\t\t<\/a>\n\t\t\t\t<\/div>\n\t\t\t\t\t\t\t\t<\/div>\n\t\t\t\t<\/div>\n\t\t\t\t<div class=\"elementor-element elementor-element-f256157 elementor-widget elementor-widget-heading\" data-id=\"f256157\" data-element_type=\"widget\" data-e-type=\"widget\" data-widget_type=\"heading.default\">\n\t\t\t\t<div class=\"elementor-widget-container\">\n\t\t\t\t\t<h2 class=\"elementor-heading-title elementor-size-default\">Fi\u0219ele disciplinelor<\/h2>\t\t\t\t<\/div>\n\t\t\t\t<\/div>\n\t\t\t\t<div data-dce-background-color=\"#2359B317\" class=\"elementor-element elementor-element-3a644b7 elementor-widget__width-auto elementor-widget elementor-widget-button\" data-id=\"3a644b7\" data-element_type=\"widget\" data-e-type=\"widget\" data-widget_type=\"button.default\">\n\t\t\t\t<div class=\"elementor-widget-container\">\n\t\t\t\t\t\t\t\t\t<div class=\"elementor-button-wrapper\">\n\t\t\t\t\t<a class=\"elementor-button elementor-button-link elementor-size-sm\" href=\"https:\/\/www.umfst.ro\/fileadmin\/f_stiinte_litere\/fisa_disciplina\/2024-2025\/Mmh.pdf\" target=\"_blank\">\n\t\t\t\t\t\t<span class=\"elementor-button-content-wrapper\">\n\t\t\t\t\t\t<span class=\"elementor-button-icon\">\n\t\t\t\t<i aria-hidden=\"true\" class=\"fas fa-file-pdf\"><\/i>\t\t\t<\/span>\n\t\t\t\t\t\t\t\t\t<span class=\"elementor-button-text\">2024 - 2025<\/span>\n\t\t\t\t\t<\/span>\n\t\t\t\t\t<\/a>\n\t\t\t\t<\/div>\n\t\t\t\t\t\t\t\t<\/div>\n\t\t\t\t<\/div>\n\t\t\t\t\t<\/div>\n\t\t<\/div>\n\t\t\t\t\t<\/div>\n\t\t<\/section>\n\t\t\t\t<\/div>","protected":false},"excerpt":{"rendered":"<p>Descriere Domeniu fundamental: \u0218tiin\u021be biologice \u0219i biomedicale Ramura de \u0219tiin\u021b\u0103: Medicin\u0103 Domeniul de masterat: Medicin\u0103 Program de studiu de masterat: Medical Humanities Forma de \u00eenv\u0103\u021b\u0103m\u00e2nt: \u00eenv\u0103\u021b\u0103m\u00e2nt cu frecven\u021b\u0103 Durata studiilor: 2 semestre Misiune Programul de studii Medical Humanities are la baz\u0103 dezbaterile de la nivel mondial generate \u00een ultimele decenii asupra contribu\u021biei pe care \u0219tiin\u021bele [&hellip;]<\/p>\n","protected":false},"author":25,"featured_media":0,"parent":98,"menu_order":6,"comment_status":"closed","ping_status":"closed","template":"","meta":{"_relevanssi_hide_post":"","_relevanssi_hide_content":"","_relevanssi_pin_for_all":"","_relevanssi_pin_keywords":"","_relevanssi_unpin_keywords":"","_relevanssi_related_keywords":"","_relevanssi_related_include_ids":"","_relevanssi_related_exclude_ids":"","_relevanssi_related_no_append":"","_relevanssi_related_not_related":"","_relevanssi_related_posts":"1","_relevanssi_noindex_reason":"","footnotes":""},"categories":[12,32],"tags":[],"class_list":["post-3342","page","type-page","status-publish","hentry","category-pagina-cu-sidebar","category-pagina-oferta-educationala"],"meta_box":[],"_links":{"self":[{"href":"https:\/\/umfst.ro\/stiinte-si-litere\/hu\/wp-json\/wp\/v2\/pages\/3342","targetHints":{"allow":["GET"]}}],"collection":[{"href":"https:\/\/umfst.ro\/stiinte-si-litere\/hu\/wp-json\/wp\/v2\/pages"}],"about":[{"href":"https:\/\/umfst.ro\/stiinte-si-litere\/hu\/wp-json\/wp\/v2\/types\/page"}],"author":[{"embeddable":true,"href":"https:\/\/umfst.ro\/stiinte-si-litere\/hu\/wp-json\/wp\/v2\/users\/25"}],"replies":[{"embeddable":true,"href":"https:\/\/umfst.ro\/stiinte-si-litere\/hu\/wp-json\/wp\/v2\/comments?post=3342"}],"version-history":[{"count":44,"href":"https:\/\/umfst.ro\/stiinte-si-litere\/hu\/wp-json\/wp\/v2\/pages\/3342\/revisions"}],"predecessor-version":[{"id":4149,"href":"https:\/\/umfst.ro\/stiinte-si-litere\/hu\/wp-json\/wp\/v2\/pages\/3342\/revisions\/4149"}],"up":[{"embeddable":true,"href":"https:\/\/umfst.ro\/stiinte-si-litere\/hu\/wp-json\/wp\/v2\/pages\/98"}],"wp:attachment":[{"href":"https:\/\/umfst.ro\/stiinte-si-litere\/hu\/wp-json\/wp\/v2\/media?parent=3342"}],"wp:term":[{"taxonomy":"category","embeddable":true,"href":"https:\/\/umfst.ro\/stiinte-si-litere\/hu\/wp-json\/wp\/v2\/categories?post=3342"},{"taxonomy":"post_tag","embeddable":true,"href":"https:\/\/umfst.ro\/stiinte-si-litere\/hu\/wp-json\/wp\/v2\/tags?post=3342"}],"curies":[{"name":"wp","href":"https:\/\/api.w.org\/{rel}","templated":true}]}}