{"id":4086,"date":"2025-08-21T08:27:02","date_gmt":"2025-08-21T08:27:02","guid":{"rendered":"https:\/\/umfst.ro\/stiinte-si-litere\/?page_id=4086"},"modified":"2025-09-11T06:27:42","modified_gmt":"2025-09-11T06:27:42","slug":"istoria-religiilor-religie-si-politica","status":"publish","type":"page","link":"https:\/\/umfst.ro\/stiinte-si-litere\/hu\/oferta-educationala\/studii-de-masterat\/istoria-religiilor-religie-si-politica\/","title":{"rendered":"History of Religion &#8211; Religion and Politics"},"content":{"rendered":"<div data-elementor-type=\"wp-page\" data-elementor-id=\"4086\" class=\"elementor elementor-4086\" data-elementor-post-type=\"page\">\n\t\t\t\t\t\t<section class=\"elementor-section elementor-top-section elementor-element elementor-element-7ffc682 elementor-section-boxed elementor-section-height-default elementor-section-height-default\" data-id=\"7ffc682\" data-element_type=\"section\" data-e-type=\"section\">\n\t\t\t\t\t\t<div class=\"elementor-container elementor-column-gap-default\">\n\t\t\t\t\t<div class=\"elementor-column elementor-col-50 elementor-top-column elementor-element elementor-element-3768958\" data-id=\"3768958\" data-element_type=\"column\" data-e-type=\"column\">\n\t\t\t<div class=\"elementor-widget-wrap elementor-element-populated\">\n\t\t\t\t\t\t<div class=\"elementor-element elementor-element-b43542a elementor-widget elementor-widget-heading\" data-id=\"b43542a\" data-element_type=\"widget\" data-e-type=\"widget\" data-widget_type=\"heading.default\">\n\t\t\t\t<div class=\"elementor-widget-container\">\n\t\t\t\t\t<h2 class=\"elementor-heading-title elementor-size-default\">Descriere<\/h2>\t\t\t\t<\/div>\n\t\t\t\t<\/div>\n\t\t\t\t<div class=\"elementor-element elementor-element-3211601 elementor-widget elementor-widget-text-editor\" data-id=\"3211601\" data-element_type=\"widget\" data-e-type=\"widget\" data-widget_type=\"text-editor.default\">\n\t\t\t\t<div class=\"elementor-widget-container\">\n\t\t\t\t\t\t\t\t\t<p style=\"text-align: left\">Programul de Master \u00een<strong> Istoria Religiilor \u2013 religie \u0219i politic\u0103<\/strong> este unul dintre pu\u021binele locuri din Rom\u00e2nia unde rolul religiei \u00een societate va fi studiat \u00een afara Facult\u0103\u021bilor de Teologie, \u00eentr-o manier\u0103 neconfesional\u0103 \u0219i dintr-o perspectiv\u0103 diacronic\u0103, la nivel istoric \u0219i al studiilor religioase. Cursurile din cadrul respectivului masterat ofer\u0103 r\u0103spunsuri unor \u00eentreb\u0103ri fundamentale cauzate de mi\u0219c\u0103rile sociale actuale, care pun \u00een prim-plan interac\u021biunea dintre religie \u0219i politic\u0103. Programul va pune accent pe \u00een\u021belegerea religiei ca unul dintre elementele cheie ale expresiilor politice moderne.<\/p><p style=\"text-align: left\">Plec\u00e2nd de la premisa c\u0103 religia reprezint\u0103 una dintre permanen\u021bele contemporane la nivel politic, cursul descrie interac\u021biunea dintre religie \u00een diferitele ei forme istorice \u0219i confesionale cu principalele dezvolt\u0103ri conceptuale la nivel istoric (totalitarism, fundamentalism, secularizare, democratizare, migra\u021bie, etc.) la nivelul Europei Centrale \u0219i r\u0103s\u0103ritene. O aten\u021bie deosebit\u0103 va fi acordat\u0103 Rom\u00e2niei, at\u00e2t la nivelul institu\u021bional, c\u00e2t \u0219i \u00een ceea ce prive\u0219te minorit\u0103\u021bile religioase \u0219i impactul seculariz\u0103rii sau excesului religios al fundamentalismului asupra discursului politic contemporan.\u00a0\u00a0\u00a0<\/p>\t\t\t\t\t\t\t\t<\/div>\n\t\t\t\t<\/div>\n\t\t\t\t<div class=\"elementor-element elementor-element-c7d6a15 elementor-widget elementor-widget-jet-accordion\" data-id=\"c7d6a15\" data-element_type=\"widget\" data-e-type=\"widget\" data-widget_type=\"jet-accordion.default\">\n\t\t\t\t<div class=\"elementor-widget-container\">\n\t\t\t\t\t\t\t\t\t<div class=\"jet-accordion\" data-settings=\"{&quot;collapsible&quot;:false,&quot;ajaxTemplate&quot;:false,&quot;switchScrolling&quot;:false,&quot;switchScrollingTablet&quot;:false,&quot;switchScrollingMobile&quot;:false,&quot;switchScrollingOffset&quot;:{&quot;size&quot;:0,&quot;unit&quot;:&quot;px&quot;},&quot;switchScrollingOffsetTablet&quot;:{&quot;size&quot;:0,&quot;unit&quot;:&quot;px&quot;},&quot;switchScrollingOffsetMobile&quot;:{&quot;size&quot;:0,&quot;unit&quot;:&quot;px&quot;},&quot;switchScrollingDelay&quot;:500,&quot;switchScrollingDelayTablet&quot;:500,&quot;switchScrollingDelayMobile&quot;:500}\">\n\t\t\t<div class=\"jet-accordion__inner\">\n\t\t\t\t<div class=\"jet-accordion__item jet-toggle jet-toggle-move-up-effect\">\n\t\t\t\t\t\t\t<div id=\"jet-toggle-control-2091\" class=\"jet-toggle__control elementor-menu-anchor\" data-toggle=\"1\" role=\"button\" tabindex=\"0\" aria-controls=\"jet-toggle-content-2091\" aria-expanded=\"false\" data-template-id=\"false\">\n\t\t\t\t\t\t\t\t<div class=\"jet-toggle__label-icon jet-toggle-icon-position-right\"><span class=\"jet-toggle__icon icon-normal jet-tabs-icon\"><svg xmlns=\"http:\/\/www.w3.org\/2000\/svg\" viewbox=\"0 0 448 512\"><path d=\"M256 80c0-17.7-14.3-32-32-32s-32 14.3-32 32V224H48c-17.7 0-32 14.3-32 32s14.3 32 32 32H192V432c0 17.7 14.3 32 32 32s32-14.3 32-32V288H400c17.7 0 32-14.3 32-32s-14.3-32-32-32H256V80z\"><\/path><\/svg><\/span><span class=\"jet-toggle__icon icon-active jet-tabs-icon\"><svg xmlns=\"http:\/\/www.w3.org\/2000\/svg\" viewbox=\"0 0 448 512\"><path d=\"M432 256c0 17.7-14.3 32-32 32L48 288c-17.7 0-32-14.3-32-32s14.3-32 32-32l352 0c17.7 0 32 14.3 32 32z\"><\/path><\/svg><\/span><\/div><div class=\"jet-toggle__label-text\">Misiune<\/div>\t\t\t\t\t\t\t<\/div>\n\t\t\t\t\t\t\t<div id=\"jet-toggle-content-2091\" class=\"jet-toggle__content\" data-toggle=\"1\" role=\"region\" data-template-id=\"false\">\n\t\t\t\t\t\t\t\t<div class=\"jet-toggle__content-inner\"><p style=\"text-align: left\">Programul urm\u0103re\u0219te trei direc\u021bii principale. Av\u00e2nd \u00een vedere c\u0103 un program relevant de licen\u021b\u0103 \u00een studii religioase nu exist\u0103 \u00een mediul academic rom\u00e2nesc, programul se va concentra ini\u021bial pe studiul teoretic \u0219i metodologic al religiei la nivel istoric \u0219i pe cursuri axate pe probleme politice la nivelul principalelor religii contemporane: cre\u0219tinism, iudaism, islam, noi expresii religioase. O a doua direc\u021bie este dedicat\u0103 modelelor teoretice de coexisten\u021b\u0103 \u00eentre stat \u0219i religie: modelul american, modelul catolic, modelul evanghelic, modelul turc. Acestea vor fi urmate de o a treia direc\u021bie de investigare istoric\u0103, care se va axa pe zona Europei Centrale \u0219i de Est \u0219i a particularit\u0103\u021bile acestora legate de religie \u0219i politic\u0103.<\/p><\/div>\n\t\t\t\t\t\t\t<\/div>\n\t\t\t\t\t\t<\/div><div class=\"jet-accordion__item jet-toggle jet-toggle-move-up-effect\">\n\t\t\t\t\t\t\t<div id=\"jet-toggle-control-2092\" class=\"jet-toggle__control elementor-menu-anchor\" data-toggle=\"2\" role=\"button\" tabindex=\"0\" aria-controls=\"jet-toggle-content-2092\" aria-expanded=\"false\" data-template-id=\"false\">\n\t\t\t\t\t\t\t\t<div class=\"jet-toggle__label-icon jet-toggle-icon-position-right\"><span class=\"jet-toggle__icon icon-normal jet-tabs-icon\"><svg xmlns=\"http:\/\/www.w3.org\/2000\/svg\" viewbox=\"0 0 448 512\"><path d=\"M256 80c0-17.7-14.3-32-32-32s-32 14.3-32 32V224H48c-17.7 0-32 14.3-32 32s14.3 32 32 32H192V432c0 17.7 14.3 32 32 32s32-14.3 32-32V288H400c17.7 0 32-14.3 32-32s-14.3-32-32-32H256V80z\"><\/path><\/svg><\/span><span class=\"jet-toggle__icon icon-active jet-tabs-icon\"><svg xmlns=\"http:\/\/www.w3.org\/2000\/svg\" viewbox=\"0 0 448 512\"><path d=\"M432 256c0 17.7-14.3 32-32 32L48 288c-17.7 0-32-14.3-32-32s14.3-32 32-32l352 0c17.7 0 32 14.3 32 32z\"><\/path><\/svg><\/span><\/div><div class=\"jet-toggle__label-text\">Obiective <\/div>\t\t\t\t\t\t\t<\/div>\n\t\t\t\t\t\t\t<div id=\"jet-toggle-content-2092\" class=\"jet-toggle__content\" data-toggle=\"2\" role=\"region\" data-template-id=\"false\">\n\t\t\t\t\t\t\t\t<div class=\"jet-toggle__content-inner\"><ul><li>Introducerea studen\u021bilor \u00een studiul istoriei religie la confluen\u021ba acesteia cu politica;<\/li><li style=\"text-align: left\">Dob\u00e2ndirea unui nivel avansat de \u00een\u021belegere a dezbaterilor conceptuale asupra rolului religiei \u00een politic\u0103 la nivel global, regional \u0219i local, \u00eentr-o perioad\u0103 c\u00e2nd religia joac\u0103 un rol semnificativ \u00een rela\u021biile interna\u021bionale \u0219i \u00een politicile statului na\u021bional;<\/li><li>Familiarizarea studen\u021bilor cu expresii prezente ale factorului religios c\u00e2nd societ\u0103\u021bile mono religioase se transform\u0103, sub impactul migra\u021biei \u0219i al platformelor sociale, \u00een societ\u0103\u021bi pluri-religioase \u0219i creeaz\u0103 un spa\u021biu pentru \u00eenv\u0103\u021barea toleran\u021bei fa\u021b\u0103 de aceste religii;<\/li><li>Oferirea de resurse teoretice \u0219i metodologice pentru a \u00een\u021belege modurile \u00een care rela\u021bia dintre stat \u0219i comunit\u0103\u021bile religioase este creat\u0103 la nivel na\u021bional \u0219i transna\u021bional;<\/li><li>\u00cencurajarea g\u00e2ndirii critice \u00een fa\u021ba cre\u0219terii fundamentalismului religios \u0219i a ac\u021biunilor violente \u00eempotriva comunit\u0103\u021bilor religioase<\/li><\/ul><\/div>\n\t\t\t\t\t\t\t<\/div>\n\t\t\t\t\t\t<\/div><div class=\"jet-accordion__item jet-toggle jet-toggle-move-up-effect\">\n\t\t\t\t\t\t\t<div id=\"jet-toggle-control-2093\" class=\"jet-toggle__control elementor-menu-anchor\" data-toggle=\"3\" role=\"button\" tabindex=\"0\" aria-controls=\"jet-toggle-content-2093\" aria-expanded=\"false\" data-template-id=\"false\">\n\t\t\t\t\t\t\t\t<div class=\"jet-toggle__label-icon jet-toggle-icon-position-right\"><span class=\"jet-toggle__icon icon-normal jet-tabs-icon\"><svg xmlns=\"http:\/\/www.w3.org\/2000\/svg\" viewbox=\"0 0 448 512\"><path d=\"M256 80c0-17.7-14.3-32-32-32s-32 14.3-32 32V224H48c-17.7 0-32 14.3-32 32s14.3 32 32 32H192V432c0 17.7 14.3 32 32 32s32-14.3 32-32V288H400c17.7 0 32-14.3 32-32s-14.3-32-32-32H256V80z\"><\/path><\/svg><\/span><span class=\"jet-toggle__icon icon-active jet-tabs-icon\"><svg xmlns=\"http:\/\/www.w3.org\/2000\/svg\" viewbox=\"0 0 448 512\"><path d=\"M432 256c0 17.7-14.3 32-32 32L48 288c-17.7 0-32-14.3-32-32s14.3-32 32-32l352 0c17.7 0 32 14.3 32 32z\"><\/path><\/svg><\/span><\/div><div class=\"jet-toggle__label-text\">Competen\u021be \u0219i cuno\u0219tin\u021be dob\u00e2ndite<\/div>\t\t\t\t\t\t\t<\/div>\n\t\t\t\t\t\t\t<div id=\"jet-toggle-content-2093\" class=\"jet-toggle__content\" data-toggle=\"3\" role=\"region\" data-template-id=\"false\">\n\t\t\t\t\t\t\t\t<div class=\"jet-toggle__content-inner\"><p style=\"text-align: left\"><strong>Competen\u021be de cercetare<\/strong><\/p><ul><li style=\"text-align: left\">Cunoa\u0219terea \u0219i utilizarea riguroas\u0103 a conceptelor \u0219i a metodelor de baz\u0103 specifice istoriei religiei \u0219i rela\u021biei religiei institu\u021bionale cu statul modern<\/li><li style=\"text-align: left\">Dob\u00e2ndirea cuno\u0219tin\u021belor teoretice asupra pozi\u021biei religiei \u00een spa\u021biul politic.<\/li><li style=\"text-align: left\">\u00cen\u021belegerea necesit\u0103\u021bii studierii religiei pentru \u00een\u021belegerea istoriei moderne \u0219i recente regionale \u0219i globale<\/li><li style=\"text-align: left\">Dezvoltarea capacit\u0103\u021bii de analiz\u0103, sintez\u0103, asimilare \u0219i gestionare a unui volum important de informa\u0163ii.<\/li><li style=\"text-align: left\">Dezvoltarea unei \u00een\u021belegeri critice asupra cunoa\u0219terii comparative a religiilor.<\/li><li style=\"text-align: left\">Dezvoltarea abilit\u0103\u021bilor de diseminare a rezultatelor cercet\u0103rii, a capacit\u0103\u021bii de selec\u021bie, interpretare \u0219i analiz\u0103 critic\u0103 a informa\u021biilor, documentelor, bibliografiei specifice subiectului.<\/li><li style=\"text-align: left\">St\u0103p\u00e2nirea limbajului de specialitate \u0219i capacitatea de a comunica audien\u021bei de speciali\u0219ti \u0219i nespeciali\u0219ti, utilizarea noilor tehnologii digitale.<\/li><li style=\"text-align: left\">Dob\u00e2ndirea de cuno\u0219tin\u021be \u0219i abilit\u0103\u021bi pentru prezentarea cu precizie \u0219i claritate, at\u00e2t oral, c\u00e2t \u0219i \u00een scris a modurilor de manifestare a rela\u021biei dintre religie \u0219i politic\u0103 la nivel na\u021bional \u0219i global<\/li><li style=\"text-align: left\">Dezvoltarea unor cuno\u0219tin\u021be pentru integrarea mijloacelor digitale \u0219i interactive \u00een ajutorul cercet\u0103rii factorului religios.<\/li><li style=\"text-align: left\">Dezvoltarea de cuno\u0219tin\u021be \u0219i aptitudini de cercetare (munc\u0103 de arhiv\u0103, munc\u0103 etnografic\u0103, sondarea opiniei)<\/li><\/ul><\/div>\n\t\t\t\t\t\t\t<\/div>\n\t\t\t\t\t\t<\/div>\t\t\t<\/div>\n\t\t<\/div>\n\t\t\t\t\t\t<\/div>\n\t\t\t\t<\/div>\n\t\t\t\t<div class=\"elementor-element elementor-element-d701e21 elementor-widget elementor-widget-heading\" data-id=\"d701e21\" data-element_type=\"widget\" data-e-type=\"widget\" data-widget_type=\"heading.default\">\n\t\t\t\t<div class=\"elementor-widget-container\">\n\t\t\t\t\t<h2 class=\"elementor-heading-title elementor-size-default\">Perspective ocupa\u021bionale<\/h2>\t\t\t\t<\/div>\n\t\t\t\t<\/div>\n\t\t\t\t<div class=\"elementor-element elementor-element-0ffe377 elementor-widget elementor-widget-text-editor\" data-id=\"0ffe377\" data-element_type=\"widget\" data-e-type=\"widget\" data-widget_type=\"text-editor.default\">\n\t\t\t\t<div class=\"elementor-widget-container\">\n\t\t\t\t\t\t\t\t\t<ul style=\"text-align: left\"><li>referent de specialitate a\u0219ez\u0103m\u00e2nt cultural &#8211; 262207<\/li><li>bibliotecar (studii superioare) &#8211; 262202<\/li><li>documentarist (studii superioare) -262203<\/li><li>cercet\u0103tor istorie \u2013 263307<\/li><li>profesor \u00eenv\u0103\u021b\u0103m\u00e2nt liceal \u2013 233001<\/li><\/ul>\t\t\t\t\t\t\t\t<\/div>\n\t\t\t\t<\/div>\n\t\t\t\t\t<\/div>\n\t\t<\/div>\n\t\t\t\t<div class=\"elementor-column elementor-col-50 elementor-top-column elementor-element elementor-element-6005b68\" data-id=\"6005b68\" data-element_type=\"column\" data-e-type=\"column\">\n\t\t\t<div class=\"elementor-widget-wrap elementor-element-populated\">\n\t\t\t\t\t\t<section class=\"elementor-section elementor-inner-section elementor-element elementor-element-92f4f1c elementor-section-boxed elementor-section-height-default elementor-section-height-default\" data-id=\"92f4f1c\" data-element_type=\"section\" data-e-type=\"section\">\n\t\t\t\t\t\t<div class=\"elementor-container elementor-column-gap-default\">\n\t\t\t\t\t<div data-dce-background-color=\"#F2F7FF\" class=\"elementor-column elementor-col-100 elementor-inner-column elementor-element elementor-element-8941ecd\" data-id=\"8941ecd\" data-element_type=\"column\" data-e-type=\"column\" data-settings=\"{&quot;background_background&quot;:&quot;classic&quot;}\">\n\t\t\t<div class=\"elementor-widget-wrap elementor-element-populated\">\n\t\t\t\t\t\t<div class=\"elementor-element elementor-element-0008b2b elementor-widget elementor-widget-heading\" data-id=\"0008b2b\" data-element_type=\"widget\" data-e-type=\"widget\" data-widget_type=\"heading.default\">\n\t\t\t\t<div class=\"elementor-widget-container\">\n\t\t\t\t\t<h5 class=\"elementor-heading-title elementor-size-default\">Informa\u021bii generale<\/h5>\t\t\t\t<\/div>\n\t\t\t\t<\/div>\n\t\t\t\t<div class=\"elementor-element elementor-element-0f2c960 elementor-widget-divider--view-line elementor-widget elementor-widget-divider\" data-id=\"0f2c960\" data-element_type=\"widget\" data-e-type=\"widget\" data-widget_type=\"divider.default\">\n\t\t\t\t<div class=\"elementor-widget-container\">\n\t\t\t\t\t\t\t<div class=\"elementor-divider\">\n\t\t\t<span class=\"elementor-divider-separator\">\n\t\t\t\t\t\t<\/span>\n\t\t<\/div>\n\t\t\t\t\t\t<\/div>\n\t\t\t\t<\/div>\n\t\t\t\t<div class=\"elementor-element elementor-element-700c9b5 elementor-widget elementor-widget-icon-box\" data-id=\"700c9b5\" data-element_type=\"widget\" data-e-type=\"widget\" data-widget_type=\"icon-box.default\">\n\t\t\t\t<div class=\"elementor-widget-container\">\n\t\t\t\t\t\t\t<div class=\"elementor-icon-box-wrapper\">\n\n\t\t\t\n\t\t\t\t\t\t<div class=\"elementor-icon-box-content\">\n\n\t\t\t\t\t\t\t\t\t<h3 class=\"elementor-icon-box-title\">\n\t\t\t\t\t\t<span  >\n\t\t\t\t\t\t\tDurat\u0103\t\t\t\t\t\t<\/span>\n\t\t\t\t\t<\/h3>\n\t\t\t\t\n\t\t\t\t\t\t\t\t\t<p class=\"elementor-icon-box-description\">\n\t\t\t\t\t\t2 ani (4 semestre); 120 ECTS\t\t\t\t\t<\/p>\n\t\t\t\t\n\t\t\t<\/div>\n\t\t\t\n\t\t<\/div>\n\t\t\t\t\t\t<\/div>\n\t\t\t\t<\/div>\n\t\t\t\t<div class=\"elementor-element elementor-element-7ab0c58 elementor-widget elementor-widget-icon-box\" data-id=\"7ab0c58\" data-element_type=\"widget\" data-e-type=\"widget\" data-widget_type=\"icon-box.default\">\n\t\t\t\t<div class=\"elementor-widget-container\">\n\t\t\t\t\t\t\t<div class=\"elementor-icon-box-wrapper\">\n\n\t\t\t\n\t\t\t\t\t\t<div class=\"elementor-icon-box-content\">\n\n\t\t\t\t\t\t\t\t\t<h3 class=\"elementor-icon-box-title\">\n\t\t\t\t\t\t<span  >\n\t\t\t\t\t\t\tForma de \u00eenv\u0103\u021b\u0103m\u00e2nt\t\t\t\t\t\t<\/span>\n\t\t\t\t\t<\/h3>\n\t\t\t\t\n\t\t\t\t\t\t\t\t\t<p class=\"elementor-icon-box-description\">\n\t\t\t\t\t\tCu frecven\u021b\u0103\t\t\t\t\t<\/p>\n\t\t\t\t\n\t\t\t<\/div>\n\t\t\t\n\t\t<\/div>\n\t\t\t\t\t\t<\/div>\n\t\t\t\t<\/div>\n\t\t\t\t<div class=\"elementor-element elementor-element-27aefb9 elementor-widget elementor-widget-icon-box\" data-id=\"27aefb9\" data-element_type=\"widget\" data-e-type=\"widget\" data-widget_type=\"icon-box.default\">\n\t\t\t\t<div class=\"elementor-widget-container\">\n\t\t\t\t\t\t\t<div class=\"elementor-icon-box-wrapper\">\n\n\t\t\t\n\t\t\t\t\t\t<div class=\"elementor-icon-box-content\">\n\n\t\t\t\t\t\t\t\t\t<h3 class=\"elementor-icon-box-title\">\n\t\t\t\t\t\t<span  >\n\t\t\t\t\t\t\tLimba de predare\t\t\t\t\t\t<\/span>\n\t\t\t\t\t<\/h3>\n\t\t\t\t\n\t\t\t\t\t\t\t\t\t<p class=\"elementor-icon-box-description\">\n\t\t\t\t\t\tEnglez\u0103\t\t\t\t\t<\/p>\n\t\t\t\t\n\t\t\t<\/div>\n\t\t\t\n\t\t<\/div>\n\t\t\t\t\t\t<\/div>\n\t\t\t\t<\/div>\n\t\t\t\t<div class=\"elementor-element elementor-element-7e1d9d6 elementor-widget elementor-widget-icon-box\" data-id=\"7e1d9d6\" data-element_type=\"widget\" data-e-type=\"widget\" data-widget_type=\"icon-box.default\">\n\t\t\t\t<div class=\"elementor-widget-container\">\n\t\t\t\t\t\t\t<div class=\"elementor-icon-box-wrapper\">\n\n\t\t\t\n\t\t\t\t\t\t<div class=\"elementor-icon-box-content\">\n\n\t\t\t\t\t\t\t\t\t<h3 class=\"elementor-icon-box-title\">\n\t\t\t\t\t\t<span  >\n\t\t\t\t\t\t\tProgram de studiu\t\t\t\t\t\t<\/span>\n\t\t\t\t\t<\/h3>\n\t\t\t\t\n\t\t\t\t\t\t\t\t\t<p class=\"elementor-icon-box-description\">\n\t\t\t\t\t\tAcreditat\t\t\t\t\t<\/p>\n\t\t\t\t\n\t\t\t<\/div>\n\t\t\t\n\t\t<\/div>\n\t\t\t\t\t\t<\/div>\n\t\t\t\t<\/div>\n\t\t\t\t<div class=\"elementor-element elementor-element-a694bca elementor-widget elementor-widget-icon-box\" data-id=\"a694bca\" data-element_type=\"widget\" data-e-type=\"widget\" data-widget_type=\"icon-box.default\">\n\t\t\t\t<div class=\"elementor-widget-container\">\n\t\t\t\t\t\t\t<div class=\"elementor-icon-box-wrapper\">\n\n\t\t\t\n\t\t\t\t\t\t<div class=\"elementor-icon-box-content\">\n\n\t\t\t\t\t\t\t\t\t<h3 class=\"elementor-icon-box-title\">\n\t\t\t\t\t\t<span  >\n\t\t\t\t\t\t\tCifra de \u0219colarizare\t\t\t\t\t\t<\/span>\n\t\t\t\t\t<\/h3>\n\t\t\t\t\n\t\t\t\t\t\t\t\t\t<p class=\"elementor-icon-box-description\">\n\t\t\t\t\t\tBuget 25 <\/br>Tax\u0103 5\t\t\t\t\t<\/p>\n\t\t\t\t\n\t\t\t<\/div>\n\t\t\t\n\t\t<\/div>\n\t\t\t\t\t\t<\/div>\n\t\t\t\t<\/div>\n\t\t\t\t\t<\/div>\n\t\t<\/div>\n\t\t\t\t\t<\/div>\n\t\t<\/section>\n\t\t\t\t\t<\/div>\n\t\t<\/div>\n\t\t\t\t\t<\/div>\n\t\t<\/section>\n\t\t\t\t<section class=\"elementor-section elementor-top-section elementor-element elementor-element-454a45f elementor-section-boxed elementor-section-height-default elementor-section-height-default\" data-id=\"454a45f\" data-element_type=\"section\" data-e-type=\"section\">\n\t\t\t\t\t\t<div class=\"elementor-container elementor-column-gap-default\">\n\t\t\t\t\t<div class=\"elementor-column elementor-col-100 elementor-top-column elementor-element elementor-element-6cc6688\" data-id=\"6cc6688\" data-element_type=\"column\" data-e-type=\"column\">\n\t\t\t<div class=\"elementor-widget-wrap elementor-element-populated\">\n\t\t\t\t\t\t<div class=\"elementor-element elementor-element-f9b99da elementor-widget elementor-widget-heading\" data-id=\"f9b99da\" data-element_type=\"widget\" data-e-type=\"widget\" data-widget_type=\"heading.default\">\n\t\t\t\t<div class=\"elementor-widget-container\">\n\t\t\t\t\t<h2 class=\"elementor-heading-title elementor-size-default\">Planuri de \u00eenv\u0103\u021b\u0103m\u00e2nt<\/h2>\t\t\t\t<\/div>\n\t\t\t\t<\/div>\n\t\t\t\t<div data-dce-background-color=\"#2359B317\" class=\"elementor-element elementor-element-fe03a4d elementor-widget__width-auto elementor-widget elementor-widget-button\" data-id=\"fe03a4d\" data-element_type=\"widget\" data-e-type=\"widget\" data-widget_type=\"button.default\">\n\t\t\t\t<div class=\"elementor-widget-container\">\n\t\t\t\t\t\t\t\t\t<div class=\"elementor-button-wrapper\">\n\t\t\t\t\t<a class=\"elementor-button elementor-button-link elementor-size-sm\" href=\"https:\/\/www.umfst.ro\/fileadmin\/f_stiinte_litere\/plan_inv\/2025-2028\/masterat\/PI_HRRP_2025-2027.pdf\" target=\"_blank\">\n\t\t\t\t\t\t<span class=\"elementor-button-content-wrapper\">\n\t\t\t\t\t\t<span class=\"elementor-button-icon\">\n\t\t\t\t<i aria-hidden=\"true\" class=\"fas fa-file-pdf\"><\/i>\t\t\t<\/span>\n\t\t\t\t\t\t\t\t\t<span class=\"elementor-button-text\">Plan 2025 - 2027<\/span>\n\t\t\t\t\t<\/span>\n\t\t\t\t\t<\/a>\n\t\t\t\t<\/div>\n\t\t\t\t\t\t\t\t<\/div>\n\t\t\t\t<\/div>\n\t\t\t\t<div class=\"elementor-element elementor-element-6fe248a elementor-widget elementor-widget-heading\" data-id=\"6fe248a\" data-element_type=\"widget\" data-e-type=\"widget\" data-widget_type=\"heading.default\">\n\t\t\t\t<div class=\"elementor-widget-container\">\n\t\t\t\t\t<h2 class=\"elementor-heading-title elementor-size-default\">Fi\u0219ele disciplinelor<\/h2>\t\t\t\t<\/div>\n\t\t\t\t<\/div>\n\t\t\t\t\t<\/div>\n\t\t<\/div>\n\t\t\t\t\t<\/div>\n\t\t<\/section>\n\t\t\t\t<section class=\"elementor-section elementor-top-section elementor-element elementor-element-7925403 elementor-section-boxed elementor-section-height-default elementor-section-height-default\" data-id=\"7925403\" data-element_type=\"section\" data-e-type=\"section\">\n\t\t\t\t\t\t<div class=\"elementor-container elementor-column-gap-default\">\n\t\t\t\t\t<div class=\"elementor-column elementor-col-100 elementor-top-column elementor-element elementor-element-681db0b\" data-id=\"681db0b\" data-element_type=\"column\" data-e-type=\"column\">\n\t\t\t<div class=\"elementor-widget-wrap\">\n\t\t\t\t\t\t\t<\/div>\n\t\t<\/div>\n\t\t\t\t\t<\/div>\n\t\t<\/section>\n\t\t\t\t<\/div>","protected":false},"excerpt":{"rendered":"<p>Descriere Programul de Master \u00een Istoria Religiilor \u2013 religie \u0219i politic\u0103 este unul dintre pu\u021binele locuri din Rom\u00e2nia unde rolul religiei \u00een societate va fi studiat \u00een afara Facult\u0103\u021bilor de Teologie, \u00eentr-o manier\u0103 neconfesional\u0103 \u0219i dintr-o perspectiv\u0103 diacronic\u0103, la nivel istoric \u0219i al studiilor religioase. Cursurile din cadrul respectivului masterat ofer\u0103 r\u0103spunsuri unor \u00eentreb\u0103ri fundamentale [&hellip;]<\/p>\n","protected":false},"author":25,"featured_media":0,"parent":98,"menu_order":1,"comment_status":"closed","ping_status":"closed","template":"","meta":{"_relevanssi_hide_post":"","_relevanssi_hide_content":"","_relevanssi_pin_for_all":"","_relevanssi_pin_keywords":"","_relevanssi_unpin_keywords":"","_relevanssi_related_keywords":"","_relevanssi_related_include_ids":"","_relevanssi_related_exclude_ids":"","_relevanssi_related_no_append":"","_relevanssi_related_not_related":"","_relevanssi_related_posts":"1","_relevanssi_noindex_reason":"","footnotes":""},"categories":[12,32],"tags":[],"class_list":["post-4086","page","type-page","status-publish","hentry","category-pagina-cu-sidebar","category-pagina-oferta-educationala"],"meta_box":[],"_links":{"self":[{"href":"https:\/\/umfst.ro\/stiinte-si-litere\/hu\/wp-json\/wp\/v2\/pages\/4086","targetHints":{"allow":["GET"]}}],"collection":[{"href":"https:\/\/umfst.ro\/stiinte-si-litere\/hu\/wp-json\/wp\/v2\/pages"}],"about":[{"href":"https:\/\/umfst.ro\/stiinte-si-litere\/hu\/wp-json\/wp\/v2\/types\/page"}],"author":[{"embeddable":true,"href":"https:\/\/umfst.ro\/stiinte-si-litere\/hu\/wp-json\/wp\/v2\/users\/25"}],"replies":[{"embeddable":true,"href":"https:\/\/umfst.ro\/stiinte-si-litere\/hu\/wp-json\/wp\/v2\/comments?post=4086"}],"version-history":[{"count":29,"href":"https:\/\/umfst.ro\/stiinte-si-litere\/hu\/wp-json\/wp\/v2\/pages\/4086\/revisions"}],"predecessor-version":[{"id":4163,"href":"https:\/\/umfst.ro\/stiinte-si-litere\/hu\/wp-json\/wp\/v2\/pages\/4086\/revisions\/4163"}],"up":[{"embeddable":true,"href":"https:\/\/umfst.ro\/stiinte-si-litere\/hu\/wp-json\/wp\/v2\/pages\/98"}],"wp:attachment":[{"href":"https:\/\/umfst.ro\/stiinte-si-litere\/hu\/wp-json\/wp\/v2\/media?parent=4086"}],"wp:term":[{"taxonomy":"category","embeddable":true,"href":"https:\/\/umfst.ro\/stiinte-si-litere\/hu\/wp-json\/wp\/v2\/categories?post=4086"},{"taxonomy":"post_tag","embeddable":true,"href":"https:\/\/umfst.ro\/stiinte-si-litere\/hu\/wp-json\/wp\/v2\/tags?post=4086"}],"curies":[{"name":"wp","href":"https:\/\/api.w.org\/{rel}","templated":true}]}}