{"id":47,"date":"2022-11-20T17:57:35","date_gmt":"2022-11-20T17:57:35","guid":{"rendered":"https:\/\/dev.umfst.ro\/stiinte-si-litere\/?page_id=47"},"modified":"2025-05-26T12:15:05","modified_gmt":"2025-05-26T12:15:05","slug":"consiliul-facultatii-de-de-stiinte-si-litere","status":"publish","type":"page","link":"https:\/\/umfst.ro\/stiinte-si-litere\/hu\/organizare\/consiliul-facultatii-de-de-stiinte-si-litere\/","title":{"rendered":"Consiliul Facult\u0103\u0163ii de \u0218tiin\u021be \u0219i Litere \u201ePetru Maior&#8221;"},"content":{"rendered":"<div data-elementor-type=\"wp-page\" data-elementor-id=\"47\" class=\"elementor elementor-47\" data-elementor-post-type=\"page\">\n\t\t\t\t\t\t<section class=\"elementor-section elementor-top-section elementor-element elementor-element-487f8882 elementor-section-boxed elementor-section-height-default elementor-section-height-default\" data-id=\"487f8882\" data-element_type=\"section\" data-e-type=\"section\">\n\t\t\t\t\t\t<div class=\"elementor-container elementor-column-gap-default\">\n\t\t\t\t\t<div class=\"elementor-column elementor-col-100 elementor-top-column elementor-element elementor-element-e51a70e\" data-id=\"e51a70e\" data-element_type=\"column\" data-e-type=\"column\">\n\t\t\t<div class=\"elementor-widget-wrap elementor-element-populated\">\n\t\t\t\t\t\t<div class=\"elementor-element elementor-element-25fc4518 elementor-widget elementor-widget-text-editor\" data-id=\"25fc4518\" data-element_type=\"widget\" data-e-type=\"widget\" data-widget_type=\"text-editor.default\">\n\t\t\t\t<div class=\"elementor-widget-container\">\n\t\t\t\t\t\t\t\t\t<h2>Consiliul Facult\u0103\u021bii<\/h2>\n<p><!-- \/wp:heading --><!-- wp:paragraph --><\/p>\n<p><strong>Decan, Pre\u0219edinte<\/strong><br \/>Prof. univ. dr. Giordano Altarozzi<\/p>\n<p><strong>Prodecan<\/strong><br \/>Lect. univ. dr. Corneliu-Cezar Sigmirean<\/p>\n<p><strong>Director\u00a0 Departament \u0218tiin\u021be \u0219i Litere 1 (SL1)<\/strong><em><br \/><\/em>Conf. univ. dr. Cristina-Carmen Nicolae<\/p>\n<p><strong>Director\u00a0 Departament \u0218tiin\u021be \u0219i Litere 2 (SL2)<\/strong><em><br \/><\/em>Conf. univ. dr. Szab\u00f3-Csif\u00f3 Barna<br \/>Prof. univ. dr. Iulian Boldea<br \/>Conf. univ. dr. Bianca-Oana Han<br \/>Conf. univ. dr. Mihaela-Daciana Natea<br \/>Lect. univ. dr. Andreea-Romana Ban<br \/>Lect. univ. dr. Kutasi R\u00e9ka<br \/>Lect. univ. dr. Adrian N\u0103znean<br \/>Lect. univ. dr. Maria-Laura Rus<br \/>D\u00eelbea \u0218tefan Beniamin, Student an 2, Studii de securitate<br \/>\u0218iara Patricia, Student\u0103 an 2, Studii de securitate<br \/>Sebestian Oana Bianca, Student\u0103 an 3, Studii de securitate<br \/>Stanciu Matei, Student an 1, Istorie<\/p>\n<p>\u00a0<\/p>\n<h2>Hot\u0103r\u00e2ri ale Consiliului Facult\u0103\u021bii<\/h2>\n<p><a href=\"https:\/\/documente.umfst.ro\/documente\/hotarari-ale-consiliului-facultatii\/facultatea-de-stiinte-si-litere\/\">Hot\u0103r\u00e2ri ale Consiliului Facult\u0103\u021bii<\/a><\/p>\n<p><!-- \/wp:paragraph --><\/p>\t\t\t\t\t\t\t\t<\/div>\n\t\t\t\t<\/div>\n\t\t\t\t\t<\/div>\n\t\t<\/div>\n\t\t\t\t\t<\/div>\n\t\t<\/section>\n\t\t\t\t<\/div>","protected":false},"excerpt":{"rendered":"<p>Consiliul Facult\u0103\u021bii Decan, Pre\u0219edinteProf. univ. dr. Giordano Altarozzi ProdecanLect. univ. dr. Corneliu-Cezar Sigmirean Director\u00a0 Departament \u0218tiin\u021be \u0219i Litere 1 (SL1)Conf. univ. dr. Cristina-Carmen Nicolae Director\u00a0 Departament \u0218tiin\u021be \u0219i Litere 2 (SL2)Conf. univ. dr. Szab\u00f3-Csif\u00f3 BarnaProf. univ. dr. Iulian BoldeaConf. univ. dr. Bianca-Oana HanConf. univ. dr. Mihaela-Daciana NateaLect. univ. dr. Andreea-Romana BanLect. univ. dr. Kutasi R\u00e9kaLect. [&hellip;]<\/p>\n","protected":false},"author":4,"featured_media":0,"parent":44,"menu_order":2,"comment_status":"closed","ping_status":"closed","template":"","meta":{"_relevanssi_hide_post":"","_relevanssi_hide_content":"","_relevanssi_pin_for_all":"","_relevanssi_pin_keywords":"","_relevanssi_unpin_keywords":"","_relevanssi_related_keywords":"","_relevanssi_related_include_ids":"","_relevanssi_related_exclude_ids":"","_relevanssi_related_no_append":"","_relevanssi_related_not_related":"","_relevanssi_related_posts":"1","_relevanssi_noindex_reason":"","footnotes":""},"categories":[12],"tags":[],"class_list":["post-47","page","type-page","status-publish","hentry","category-pagina-cu-sidebar"],"meta_box":[],"_links":{"self":[{"href":"https:\/\/umfst.ro\/stiinte-si-litere\/hu\/wp-json\/wp\/v2\/pages\/47","targetHints":{"allow":["GET"]}}],"collection":[{"href":"https:\/\/umfst.ro\/stiinte-si-litere\/hu\/wp-json\/wp\/v2\/pages"}],"about":[{"href":"https:\/\/umfst.ro\/stiinte-si-litere\/hu\/wp-json\/wp\/v2\/types\/page"}],"author":[{"embeddable":true,"href":"https:\/\/umfst.ro\/stiinte-si-litere\/hu\/wp-json\/wp\/v2\/users\/4"}],"replies":[{"embeddable":true,"href":"https:\/\/umfst.ro\/stiinte-si-litere\/hu\/wp-json\/wp\/v2\/comments?post=47"}],"version-history":[{"count":40,"href":"https:\/\/umfst.ro\/stiinte-si-litere\/hu\/wp-json\/wp\/v2\/pages\/47\/revisions"}],"predecessor-version":[{"id":3962,"href":"https:\/\/umfst.ro\/stiinte-si-litere\/hu\/wp-json\/wp\/v2\/pages\/47\/revisions\/3962"}],"up":[{"embeddable":true,"href":"https:\/\/umfst.ro\/stiinte-si-litere\/hu\/wp-json\/wp\/v2\/pages\/44"}],"wp:attachment":[{"href":"https:\/\/umfst.ro\/stiinte-si-litere\/hu\/wp-json\/wp\/v2\/media?parent=47"}],"wp:term":[{"taxonomy":"category","embeddable":true,"href":"https:\/\/umfst.ro\/stiinte-si-litere\/hu\/wp-json\/wp\/v2\/categories?post=47"},{"taxonomy":"post_tag","embeddable":true,"href":"https:\/\/umfst.ro\/stiinte-si-litere\/hu\/wp-json\/wp\/v2\/tags?post=47"}],"curies":[{"name":"wp","href":"https:\/\/api.w.org\/{rel}","templated":true}]}}