{"id":66,"date":"2022-11-20T18:03:34","date_gmt":"2022-11-20T18:03:34","guid":{"rendered":"https:\/\/dev.umfst.ro\/stiinte-si-litere\/?page_id=66"},"modified":"2025-10-01T06:22:43","modified_gmt":"2025-10-01T06:22:43","slug":"departamente","status":"publish","type":"page","link":"https:\/\/umfst.ro\/stiinte-si-litere\/hu\/departamente\/","title":{"rendered":"Departamente"},"content":{"rendered":"<div data-elementor-type=\"wp-page\" data-elementor-id=\"66\" class=\"elementor elementor-66\" data-elementor-post-type=\"page\">\n\t\t\t\t\t\t<section class=\"elementor-section elementor-top-section elementor-element elementor-element-3e8529fd elementor-section-boxed elementor-section-height-default elementor-section-height-default\" data-id=\"3e8529fd\" data-element_type=\"section\" data-e-type=\"section\">\n\t\t\t\t\t\t<div class=\"elementor-container elementor-column-gap-default\">\n\t\t\t\t\t<div class=\"elementor-column elementor-col-100 elementor-top-column elementor-element elementor-element-3d6509de\" data-id=\"3d6509de\" data-element_type=\"column\" data-e-type=\"column\">\n\t\t\t<div class=\"elementor-widget-wrap elementor-element-populated\">\n\t\t\t\t\t\t<div class=\"elementor-element elementor-element-ef49d49 elementor-widget elementor-widget-text-editor\" data-id=\"ef49d49\" data-element_type=\"widget\" data-e-type=\"widget\" data-widget_type=\"text-editor.default\">\n\t\t\t\t<div class=\"elementor-widget-container\">\n\t\t\t\t\t\t\t\t\t\n<h2 class=\"wp-block-heading\">Departamentele Facult\u0103\u021bii de \u0218tiin\u021be \u0219i Litere \u201ePetru Maior\u201d<\/h2>\n\t\t\t\t\t\t\t\t<\/div>\n\t\t\t\t<\/div>\n\t\t\t\t\t<\/div>\n\t\t<\/div>\n\t\t\t\t\t<\/div>\n\t\t<\/section>\n\t\t\t\t<section class=\"elementor-section elementor-top-section elementor-element elementor-element-23e9ebf elementor-section-boxed elementor-section-height-default elementor-section-height-default\" data-id=\"23e9ebf\" data-element_type=\"section\" data-e-type=\"section\">\n\t\t\t\t\t\t<div class=\"elementor-container elementor-column-gap-default\">\n\t\t\t\t\t<div class=\"elementor-column elementor-col-100 elementor-top-column elementor-element elementor-element-0cadae2\" data-id=\"0cadae2\" data-element_type=\"column\" data-e-type=\"column\">\n\t\t\t<div class=\"elementor-widget-wrap elementor-element-populated\">\n\t\t\t\t\t\t<div class=\"elementor-element elementor-element-45113ee elementor-widget elementor-widget-jet-accordion\" data-id=\"45113ee\" data-element_type=\"widget\" data-e-type=\"widget\" data-widget_type=\"jet-accordion.default\">\n\t\t\t\t<div class=\"elementor-widget-container\">\n\t\t\t\t\t\t\t\t\t<div class=\"jet-accordion\" data-settings=\"{&quot;collapsible&quot;:false,&quot;ajaxTemplate&quot;:false,&quot;switchScrolling&quot;:false,&quot;switchScrollingTablet&quot;:false,&quot;switchScrollingMobile&quot;:false,&quot;switchScrollingOffset&quot;:{&quot;size&quot;:0,&quot;unit&quot;:&quot;px&quot;},&quot;switchScrollingOffsetTablet&quot;:{&quot;size&quot;:0,&quot;unit&quot;:&quot;px&quot;},&quot;switchScrollingOffsetMobile&quot;:{&quot;size&quot;:0,&quot;unit&quot;:&quot;px&quot;},&quot;switchScrollingDelay&quot;:500,&quot;switchScrollingDelayTablet&quot;:500,&quot;switchScrollingDelayMobile&quot;:500}\">\n\t\t\t<div class=\"jet-accordion__inner\">\n\t\t\t\t<div class=\"jet-accordion__item jet-toggle jet-toggle-move-up-effect\">\n\t\t\t\t\t\t\t<div id=\"jet-toggle-control-7241\" class=\"jet-toggle__control elementor-menu-anchor\" data-toggle=\"1\" role=\"button\" tabindex=\"0\" aria-controls=\"jet-toggle-content-7241\" aria-expanded=\"false\" data-template-id=\"false\">\n\t\t\t\t\t\t\t\t<div class=\"jet-toggle__label-icon jet-toggle-icon-position-right\"><span class=\"jet-toggle__icon icon-normal jet-tabs-icon\"><svg xmlns=\"http:\/\/www.w3.org\/2000\/svg\" viewbox=\"0 0 448 512\"><path d=\"M256 80c0-17.7-14.3-32-32-32s-32 14.3-32 32V224H48c-17.7 0-32 14.3-32 32s14.3 32 32 32H192V432c0 17.7 14.3 32 32 32s32-14.3 32-32V288H400c17.7 0 32-14.3 32-32s-14.3-32-32-32H256V80z\"><\/path><\/svg><\/span><span class=\"jet-toggle__icon icon-active jet-tabs-icon\"><svg xmlns=\"http:\/\/www.w3.org\/2000\/svg\" viewbox=\"0 0 448 512\"><path d=\"M432 256c0 17.7-14.3 32-32 32L48 288c-17.7 0-32-14.3-32-32s14.3-32 32-32l352 0c17.7 0 32 14.3 32 32z\"><\/path><\/svg><\/span><\/div><div class=\"jet-toggle__label-text\">Departamentul de \u0218tiin\u021be \u0219i Litere 1<\/div>\t\t\t\t\t\t\t<\/div>\n\t\t\t\t\t\t\t<div id=\"jet-toggle-content-7241\" class=\"jet-toggle__content\" data-toggle=\"1\" role=\"region\" data-template-id=\"false\">\n\t\t\t\t\t\t\t\t<div class=\"jet-toggle__content-inner\"><p><strong>Director de departament<br \/><\/strong>Conf. univ. dr. Cristina-Carmen Nicolae<\/p>\n<p><strong>Consiliul departamentului <br \/><\/strong>Conf. univ. dr. Cristina-Carmen Nicolae<br \/>Prof. univ. dr. Giordano Altarozzi<br \/>Conf. univ. dr. Corina Bozedean <br \/>Conf. univ. dr. Bianca-Oana Han<br \/>Lect. univ. dr. Andreea-Romana Ban<br \/>Lect. univ. dr. Corina Lirca<br \/>Lect. univ. dr. Maria-Laura Rus<\/p>\n<p><strong><br \/>Membri<br \/><\/strong><\/p>\n<p>Prof. univ. dr. Giordano Altarozzi &#8211; <a href=\"https:\/\/www.umfst.ro\/fileadmin\/f_stiinte_litere\/membrii_departamente\/cv_SL_1\/2025\/CV_Altarozzi Giordano.pdf\" data-wplink-url-error=\"true\">CV<\/a><br \/>Prof. univ. dr. Iulian Boldea &#8211; <a href=\"https:\/\/www.umfst.ro\/fileadmin\/f_stiinte_litere\/membrii_departamente\/cv_SL_1\/2025\/CV_Boldea Iulian.pdf\" data-wplink-url-error=\"true\">CV<\/a><br \/>Prof. univ. dr. Doina Butiurc\u0103 &#8211; <a href=\"https:\/\/www.umfst.ro\/fileadmin\/f_stiinte_litere\/membrii_departamente\/cv_SL_1\/2025\/CV_Butiurca Doina.pdf\" data-wplink-url-error=\"true\">CV<\/a><br \/>Prof. univ. dr. Corina Teodor &#8211; <a href=\"https:\/\/www.umfst.ro\/fileadmin\/f_stiinte_litere\/membrii_departamente\/cv_SL_1\/2025\/CV_Teodor Corina.pdf\" data-wplink-url-error=\"true\">CV<\/a><br \/>Prof. univ. dr. Ani\u0219oara Pop &#8211; <a href=\"https:\/\/www.umfst.ro\/fileadmin\/f_stiinte_litere\/membrii_departamente\/cv_SL_1\/2025\/CV_Pop Anisoara.pdf\" data-wplink-url-error=\"true\">CV<\/a><br \/>Conf. univ. dr. Corina Bozedean &#8211; <a href=\"https:\/\/www.umfst.ro\/fileadmin\/f_stiinte_litere\/membrii_departamente\/cv_SL_1\/2025\/CV_Bozedean Corina.pdf\" data-wplink-url-error=\"true\">CV<\/a><br \/>Conf. univ. dr. Georgeta Fodor &#8211; <a href=\"https:\/\/www.umfst.ro\/fileadmin\/f_stiinte_litere\/membrii_departamente\/cv_SL_1\/2025\/CV_Fodor Georgeta.pdf\" data-wplink-url-error=\"true\">CV<\/a><br \/>Conf. univ. dr. Bianca-Oana Han &#8211; <a href=\"https:\/\/www.umfst.ro\/fileadmin\/f_stiinte_litere\/membrii_departamente\/cv_SL_1\/2025\/CV_Han Bianca.pdf\" data-wplink-url-error=\"true\">CV<\/a><br \/>Conf. univ. dr. Cristina Nicolae &#8211; <a href=\"https:\/\/www.umfst.ro\/fileadmin\/f_stiinte_litere\/membrii_departamente\/cv_SL_1\/2025\/CV_Nicolae Cristina.pdf\" data-wplink-url-error=\"true\">CV<\/a><br \/>Conf. univ. dr. Cosmin Popa &#8211; <a href=\"https:\/\/www.umfst.ro\/fileadmin\/f_stiinte_litere\/membrii_departamente\/cv_SL_1\/2025\/CV_Cosmin Popa.pdf\" data-wplink-url-error=\"true\">CV<\/a><br \/>Conf. univ. dr. Dana-Daniela Rus &#8211; <a href=\"https:\/\/www.umfst.ro\/fileadmin\/f_stiinte_litere\/membrii_departamente\/cv_SL_1\/2025\/CV_Rus Dana.pdf\" data-wplink-url-error=\"true\">CV<\/a><br \/>Conf. univ. dr. Smaranda \u0218tefanovici &#8211; <a href=\"https:\/\/www.umfst.ro\/fileadmin\/f_stiinte_litere\/membrii_departamente\/cv_SL_1\/2025\/CV_Smaranda Stefanovici.pdf\" data-wplink-url-error=\"true\">CV<\/a><br \/>Conf. univ. dr. Maria T\u0103tar-Dan &#8211; <a href=\"https:\/\/www.umfst.ro\/fileadmin\/f_stiinte_litere\/membrii_departamente\/cv_SL_1\/2025\/CV_Tatar-Dan_Maria.pdf\">CV<\/a><br \/>Lect. univ. dr. Andreea-Romana Ban &#8211; <a href=\"https:\/\/www.umfst.ro\/fileadmin\/f_stiinte_litere\/membrii_departamente\/cv_SL_1\/2025\/CV_Ban Andreea.pdf\" data-wplink-url-error=\"true\">CV<\/a><br \/>Lect. univ. dr. Cristiana-Manuela Cojocaru &#8211; <a href=\"https:\/\/www.umfst.ro\/fileadmin\/f_stiinte_litere\/membrii_departamente\/cv_SL_1\/2025\/CV_Cojocaru Cristiana.pdf\" data-wplink-url-error=\"true\">CV<\/a><br \/>Lect. univ. dr. Csibi Sandor &#8211; <a href=\"https:\/\/www.umfst.ro\/fileadmin\/f_stiinte_litere\/membrii_departamente\/cv_SL_1\/2025\/CV_Csibi Sandor.pdf\" data-wplink-url-error=\"true\">CV<\/a><br \/>Lect. univ. dr. F\u00e1bi\u00e1n Istv\u00e1n &#8211; <a href=\"https:\/\/www.umfst.ro\/fileadmin\/f_stiinte_litere\/membrii_departamente\/cv_SL_1\/2025\/CV_Fabian Istvan.pdf\" data-wplink-url-error=\"true\">CV<\/a><br \/>Lect. univ. dr. Lako Cristian &#8211; <a href=\"https:\/\/www.umfst.ro\/fileadmin\/f_stiinte_litere\/membrii_departamente\/cv_SL_1\/2025\/CV_Lako Cristian.pdf\" data-wplink-url-error=\"true\">CV<\/a><br \/>Lect. univ. dr. Corina Lirca &#8211; <a href=\"https:\/\/www.umfst.ro\/fileadmin\/f_stiinte_litere\/membrii_departamente\/cv_SL_1\/2025\/CV_Lirca Corina.pdf\" data-wplink-url-error=\"true\">CV<\/a><br \/>Lect. univ. dr. Nicoleta Marcu &#8211; <a href=\"https:\/\/www.umfst.ro\/fileadmin\/f_stiinte_litere\/membrii_departamente\/cv_SL_1\/2025\/CV_Marcu Nicoleta.pdf\" data-wplink-url-error=\"true\">CV<\/a><br \/>Lect. univ. dr. Adrian N\u0103znean &#8211; <a href=\"https:\/\/www.umfst.ro\/fileadmin\/f_stiinte_litere\/membrii_departamente\/cv_SL_1\/2025\/CV_Naznean.pdf\">CV<\/a><br \/>Lect. univ. dr. Aurora Pa\u0219can &#8211; <a href=\"https:\/\/www.umfst.ro\/fileadmin\/f_stiinte_litere\/membrii_departamente\/cv_SL_1\/2025\/CV_Pascan Aurora.pdf\" data-wplink-url-error=\"true\">CV<\/a><br \/>Lect. univ. dr. Andreea Pop &#8211; <a href=\"https:\/\/www.umfst.ro\/fileadmin\/f_stiinte_litere\/membrii_departamente\/cv_SL_1\/2025\/CV_Pop Andreea.pdf\" data-wplink-url-error=\"true\">CV<\/a><br \/>Lect. univ. dr. Maria-Laura Rus &#8211; <a href=\"https:\/\/www.umfst.ro\/fileadmin\/f_stiinte_litere\/membrii_departamente\/cv_SL_1\/2025\/CV_Rus Laura.pdf\" data-wplink-url-error=\"true\">CV<\/a><br \/>Asist. univ. dr. Stanca Bucur &#8211; <a href=\"https:\/\/www.umfst.ro\/fileadmin\/f_stiinte_litere\/membrii_departamente\/cv_SL_1\/Bucur_Stanca_Ioana.pdf\">CV<\/a><br \/>Asist. univ. dr. Manuela Gyorgy &#8211; CV<br \/>Asist. univ. dr. Patricia \u0218erbac &#8211;<a href=\"https:\/\/www.umfst.ro\/fileadmin\/f_stiinte_litere\/membrii_departamente\/cv_SL_1\/2025\/CV_Serbac Patricia.pdf\" data-wplink-url-error=\"true\"> CV<\/a><br \/>Asist. univ. dr. Emanuela Tegla &#8211; <a href=\"https:\/\/www.umfst.ro\/fileadmin\/f_stiinte_litere\/membrii_departamente\/cv_SL_1\/2025\/CV_Tegla Emanuela.pdf\" data-wplink-url-error=\"true\">CV<\/a><br \/>Asist. univ. dr. Roxana Ispas &#8211; <a href=\"https:\/\/www.umfst.ro\/fileadmin\/f_stiinte_litere\/membrii_departamente\/cv_SL_1\/2025\/CV_Ispas Roxana.pdf\" data-wplink-url-error=\"true\">CV<\/a><br \/>Asist. univ. dr. Eduard Ciortea &#8211; <a href=\"https:\/\/www.umfst.ro\/fileadmin\/f_stiinte_litere\/membrii_departamente\/cv_SL_1\/2025\/CV_Ciortea Eduard.pdf\" data-wplink-url-error=\"true\">CV<\/a><br \/>Asist. univ. dr. Georgeta Movil\u0103 Matei &#8211; <a href=\"https:\/\/www.umfst.ro\/fileadmin\/f_stiinte_litere\/membrii_departamente\/cv_SL_1\/2025\/CV_Matei Georgeta.pdf\" data-wplink-url-error=\"true\">CV<\/a><br \/>Asist. univ. drd. Anca Rusu &#8211; <a href=\"https:\/\/www.umfst.ro\/fileadmin\/f_stiinte_litere\/membrii_departamente\/cv_SL_1\/2025\/CV_Rusu Anca.pdf\" data-wplink-url-error=\"true\">CV<\/a><br \/>Asist. univ. drd. Emilia Ababei &#8211; <a href=\"https:\/\/www.umfst.ro\/fileadmin\/f_stiinte_litere\/membrii_departamente\/cv_SL_1\/2025\/CV_Ababei Emilia.pdf\" data-wplink-url-error=\"true\">CV<\/a><br \/>Asist. univ. dr. Bogdan Ra\u021biu\u00a0 &#8211; <a href=\"https:\/\/www.umfst.ro\/fileadmin\/f_stiinte_litere\/membrii_departamente\/cv_SL_1\/2025\/CV_Ratiu Bogdan.pdf\" data-wplink-url-error=\"true\">CV<\/a><br \/>Asist. univ. dr. Aurel Laz\u0103r &#8211; <a href=\"https:\/\/www.umfst.ro\/fileadmin\/f_stiinte_litere\/membrii_departamente\/cv_SL_1\/2025\/CV_Lazar Aurel.pdf\" data-wplink-url-error=\"true\">CV<\/a><br \/>Asist. univ. drd. Csaba Csiki &#8211; <a href=\"https:\/\/www.umfst.ro\/fileadmin\/f_stiinte_litere\/membrii_departamente\/cv_SL_1\/2025\/CV_Csiki Csaba Ioan.pdf\" data-wplink-url-error=\"true\">CV<\/a><br \/>Asist. univ. drd. S\u0103rm\u0103\u0219an Emanuel-Daniel &#8211; <a href=\"https:\/\/www.umfst.ro\/fileadmin\/f_stiinte_litere\/membrii_departamente\/cv_SL_1\/2025\/CV_Emanuel-Daniel Sarmasan.pdf\" data-wplink-url-error=\"true\">CV<\/a><br \/>Asist. univ. dr. Szakacs Szabolcs-Lehel &#8211; <a href=\"https:\/\/www.umfst.ro\/fileadmin\/f_stiinte_litere\/membrii_departamente\/cv_SL_1\/2025\/Lehel_Szakacs_CV_site UMFST_FSL.pdf\" data-wplink-url-error=\"true\">CV<\/a><br \/>Asist. univ. drd. Laz\u0103r Daniela &#8211; <a href=\"https:\/\/www.umfst.ro\/fileadmin\/f_stiinte_litere\/membrii_departamente\/cv_SL_1\/2025\/CV_Daniela_Lazar.pdf\">CV<\/a><br \/>Asist. univ. drd. B\u0103nceu Diana- <a href=\"https:\/\/www.umfst.ro\/fileadmin\/f_stiinte_litere\/membrii_departamente\/cv_SL_1\/2025\/CV_Banceu_Diana.pdf\">CV<\/a><\/p><\/div>\n\t\t\t\t\t\t\t<\/div>\n\t\t\t\t\t\t<\/div><div class=\"jet-accordion__item jet-toggle jet-toggle-move-up-effect\">\n\t\t\t\t\t\t\t<div id=\"jet-toggle-control-7242\" class=\"jet-toggle__control elementor-menu-anchor\" data-toggle=\"2\" role=\"button\" tabindex=\"0\" aria-controls=\"jet-toggle-content-7242\" aria-expanded=\"false\" data-template-id=\"false\">\n\t\t\t\t\t\t\t\t<div class=\"jet-toggle__label-icon jet-toggle-icon-position-right\"><span class=\"jet-toggle__icon icon-normal jet-tabs-icon\"><svg xmlns=\"http:\/\/www.w3.org\/2000\/svg\" viewbox=\"0 0 448 512\"><path d=\"M256 80c0-17.7-14.3-32-32-32s-32 14.3-32 32V224H48c-17.7 0-32 14.3-32 32s14.3 32 32 32H192V432c0 17.7 14.3 32 32 32s32-14.3 32-32V288H400c17.7 0 32-14.3 32-32s-14.3-32-32-32H256V80z\"><\/path><\/svg><\/span><span class=\"jet-toggle__icon icon-active jet-tabs-icon\"><svg xmlns=\"http:\/\/www.w3.org\/2000\/svg\" viewbox=\"0 0 448 512\"><path d=\"M432 256c0 17.7-14.3 32-32 32L48 288c-17.7 0-32-14.3-32-32s14.3-32 32-32l352 0c17.7 0 32 14.3 32 32z\"><\/path><\/svg><\/span><\/div><div class=\"jet-toggle__label-text\">Departamentul de \u0218tiin\u021be \u0219i Litere 2<\/div>\t\t\t\t\t\t\t<\/div>\n\t\t\t\t\t\t\t<div id=\"jet-toggle-content-7242\" class=\"jet-toggle__content\" data-toggle=\"2\" role=\"region\" data-template-id=\"false\">\n\t\t\t\t\t\t\t\t<div class=\"jet-toggle__content-inner\"><p><strong>Director<br \/><\/strong>Conf. univ. dr. Szabo-Csifo Barna &#8211; <a href=\"https:\/\/www.umfst.ro\/fileadmin\/f_stiinte_litere\/membrii_departamente\/cv-SL-2\/2024\/Szabo-Csifo_Barna_CV_RO.pdf\">CV<\/a><\/p>\n<p><strong>Consiliul departamentului <br \/><\/strong>Conf. univ. dr. Szabo-Csifo Barna &#8211; <a href=\"https:\/\/www.umfst.ro\/fileadmin\/f_stiinte_litere\/membrii_departamente\/cv-SL-2\/2024\/Szabo-Csifo_Barna_CV_RO.pdf\">CV<\/a><br \/>Conf. univ. dr. Mihaela-Daciana Natea &#8211; <a href=\"https:\/\/www.umfst.ro\/fileadmin\/f_stiinte_litere\/membrii_departamente\/cv-SL-2\/2024\/Natea_Mihaela_Daciana_CV_RO.pdf\">CV<\/a><br \/>Conf. univ. dr. Florin \u021aurcanu &#8211; <a href=\"https:\/\/www.umfst.ro\/fileadmin\/f_stiinte_litere\/membrii_departamente\/cv-SL-2\/2024\/Turcanu_Florin_CV_RO.pdf\">CV<\/a><br \/>Lect. univ. dr. Kutasi R\u00e9ka &#8211; <a href=\"https:\/\/www.umfst.ro\/fileadmin\/f_stiinte_litere\/membrii_departamente\/cv-SL-2\/2024\/Kutasi_Reka_CV_RO.pdf\">CV<\/a><br \/>Lect. univ. dr. Lucian S\u0103c\u0103lean<br \/>Lector dr. Irina-Mihaela Trifan\u00a0<br \/>Lect. univ. dr. Natalia-Ramona Ungur &#8211; <a href=\"https:\/\/www.umfst.ro\/fileadmin\/f_stiinte_litere\/membrii_departamente\/cv-SL-2\/2024\/Ungur_Ramona_CV_RO.pdf\">CV<\/a><br \/>\u00a0<\/p>\n<p><strong>Membri<br \/><\/strong>Prof. univ. dr. Maria-Ana Georgescu &#8211; <a href=\"https:\/\/www.umfst.ro\/fileadmin\/f_stiinte_litere\/membrii_departamente\/cv-SL-2\/2024\/Georgescu_Maria-Ana_CV_RO.pdf\">CV<\/a><br \/>Conf. univ. dr. Laura Ciulea &#8211; <a href=\"https:\/\/www.umfst.ro\/fileadmin\/f_stiinte_litere\/membrii_departamente\/cv-SL-2\/2024\/Ciulea_Laura_CV_RO.pdf\">CV<\/a><br \/>Conf. univ. dr. Simion Costea<br \/>Conf. univ. dr. Mihaela-Daciana Natea &#8211; <a href=\"https:\/\/www.umfst.ro\/fileadmin\/f_stiinte_litere\/membrii_departamente\/cv-SL-2\/2024\/Natea_Mihaela_Daciana_CV_RO.pdf\">CV<\/a><br \/>Conf. univ. dr. Szabo-Csifo Barna<br \/>Conf. univ. dr. Szekely Eva-Monica &#8211; <a href=\"https:\/\/www.umfst.ro\/fileadmin\/f_stiinte_litere\/membrii_departamente\/cv-SL-2\/SZEKELY_Eva_Monica.pdf\">CV<\/a><br \/>Conf. univ. dr. Florin \u021aurcanu &#8211; <a href=\"https:\/\/www.umfst.ro\/fileadmin\/f_stiinte_litere\/membrii_departamente\/cv-SL-2\/CV_Turcanu_Florin.pdf\">CV<\/a><br \/>Lect. univ. dr. Alexandru Cistelecan &#8211; <a href=\"https:\/\/www.umfst.ro\/fileadmin\/f_stiinte_litere\/membrii_departamente\/cv-SL-2\/2024\/Cistelecan_Alexandru_CV_RO.pdf\">CV<\/a><br \/>Lect. univ. dr. Cristian Graur &#8211; <a href=\"https:\/\/www.umfst.ro\/fileadmin\/f_stiinte_litere\/membrii_departamente\/cv-SL-2\/2024\/Graur_Cristian_CV_RO.pdf\">CV<\/a><br \/>Lect. univ. dr. Kutasi R\u00e9ka &#8211; <a href=\"https:\/\/www.umfst.ro\/fileadmin\/f_stiinte_litere\/membrii_departamente\/cv-SL-2\/2024\/Kutasi_Reka_CV_RO.pdf\">CV<\/a><br \/>Lect. univ. dr. Eugeniu Nistor &#8211; <a href=\"https:\/\/www.umfst.ro\/fileadmin\/f_stiinte_litere\/membrii_departamente\/cv-SL-2\/2024\/Nistor_Eugen_CV_RO.pdf\">CV<\/a><br \/>Lect. univ. dr. Marius Pa\u0219can &#8211; <a href=\"https:\/\/www.umfst.ro\/fileadmin\/f_stiinte_litere\/membrii_departamente\/cv-SL-2\/2024\/Pascan_Marius_CV_RO.pdf\">CV<\/a><br \/>Lect. univ. dr. R\u0103zvan P\u00e2r\u00e2ianu &#8211; <a href=\"https:\/\/www.umfst.ro\/fileadmin\/f_stiinte_litere\/membrii_departamente\/cv-SL-2\/2024\/Paraianu_Razvan_CV_RO.pdf\">CV<\/a><br \/>Lect. univ. dr. Lucian S\u0103c\u0103lean<br \/>Lect. univ. dr. Corneliu-Cezar Sigmirean<br \/>Lect. univ. dr. Steff Zakarias &#8211; <a href=\"https:\/\/www.umfst.ro\/fileadmin\/f_stiinte_litere\/membrii_departamente\/cv-SL-2\/2024\/Steff_Zakarias_CV_RO.pdf\">CV<\/a><br \/>Lect. univ. dr. Irina-Mihaela Trifan<br \/>Lect. univ. dr. Dana-Simona \u021aurcanu &#8211; <a href=\"https:\/\/www.umfst.ro\/fileadmin\/f_stiinte_litere\/membrii_departamente\/cv-SL-2\/2024\/Turcanu_Dana_Simona_CV_RO.pdf\">CV<\/a><br \/>Lect. univ. dr. Natalia-Ramona Ungur &#8211; <a href=\"https:\/\/www.umfst.ro\/fileadmin\/f_stiinte_litere\/membrii_departamente\/cv-SL-2\/2024\/Ungur_Ramona_CV_RO.pdf\">CV<\/a><br \/>Asistent drd. Andreea Tac\u0219a<br \/>Asistent drd. Steff Norbert &#8211; <a href=\"https:\/\/www.umfst.ro\/fileadmin\/f_stiinte_litere\/membrii_departamente\/cv-SL-2\/2024\/Steff_Norbert_CV_RO.pdf\">CV<\/a><br \/>Asistent drd. Mircea Ungur &#8211; <a href=\"https:\/\/www.umfst.ro\/fileadmin\/f_stiinte_litere\/membrii_departamente\/cv-SL-2\/2024\/Ungur_Mircea_Ciprian_CV_RO.pdf\">CV<\/a> <br \/>Asistent drd. Talan Flaviu-Victor &#8211; <a href=\"https:\/\/www.umfst.ro\/fileadmin\/f_stiinte_litere\/membrii_departamente\/cv-SL-2\/2024\/Talan_Flaviu_CV_RO.pdf\">CV<\/a><\/p><\/div>\n\t\t\t\t\t\t\t<\/div>\n\t\t\t\t\t\t<\/div>\t\t\t<\/div>\n\t\t<\/div>\n\t\t\t\t\t\t<\/div>\n\t\t\t\t<\/div>\n\t\t\t\t\t<\/div>\n\t\t<\/div>\n\t\t\t\t\t<\/div>\n\t\t<\/section>\n\t\t\t\t<\/div>","protected":false},"excerpt":{"rendered":"<p>Departamentele Facult\u0103\u021bii de \u0218tiin\u021be \u0219i Litere \u201ePetru Maior\u201d Departamentul de \u0218tiin\u021be \u0219i Litere 1 Director de departamentConf. univ. dr. Cristina-Carmen Nicolae Consiliul departamentului Conf. univ. dr. Cristina-Carmen NicolaeProf. univ. dr. Giordano AltarozziConf. univ. dr. Corina Bozedean Conf. univ. dr. Bianca-Oana HanLect. univ. dr. Andreea-Romana BanLect. univ. dr. Corina LircaLect. univ. dr. Maria-Laura Rus Membri Prof. [&hellip;]<\/p>\n","protected":false},"author":4,"featured_media":0,"parent":0,"menu_order":3,"comment_status":"closed","ping_status":"closed","template":"","meta":{"_relevanssi_hide_post":"","_relevanssi_hide_content":"","_relevanssi_pin_for_all":"","_relevanssi_pin_keywords":"","_relevanssi_unpin_keywords":"","_relevanssi_related_keywords":"","_relevanssi_related_include_ids":"","_relevanssi_related_exclude_ids":"","_relevanssi_related_no_append":"","_relevanssi_related_not_related":"","_relevanssi_related_posts":"1","_relevanssi_noindex_reason":"","footnotes":""},"categories":[12,31,1],"tags":[],"class_list":["post-66","page","type-page","status-publish","hentry","category-pagina-cu-sidebar","category-pagina-departamente-si-discipline","category-uncategorized"],"meta_box":[],"_links":{"self":[{"href":"https:\/\/umfst.ro\/stiinte-si-litere\/hu\/wp-json\/wp\/v2\/pages\/66","targetHints":{"allow":["GET"]}}],"collection":[{"href":"https:\/\/umfst.ro\/stiinte-si-litere\/hu\/wp-json\/wp\/v2\/pages"}],"about":[{"href":"https:\/\/umfst.ro\/stiinte-si-litere\/hu\/wp-json\/wp\/v2\/types\/page"}],"author":[{"embeddable":true,"href":"https:\/\/umfst.ro\/stiinte-si-litere\/hu\/wp-json\/wp\/v2\/users\/4"}],"replies":[{"embeddable":true,"href":"https:\/\/umfst.ro\/stiinte-si-litere\/hu\/wp-json\/wp\/v2\/comments?post=66"}],"version-history":[{"count":110,"href":"https:\/\/umfst.ro\/stiinte-si-litere\/hu\/wp-json\/wp\/v2\/pages\/66\/revisions"}],"predecessor-version":[{"id":4193,"href":"https:\/\/umfst.ro\/stiinte-si-litere\/hu\/wp-json\/wp\/v2\/pages\/66\/revisions\/4193"}],"wp:attachment":[{"href":"https:\/\/umfst.ro\/stiinte-si-litere\/hu\/wp-json\/wp\/v2\/media?parent=66"}],"wp:term":[{"taxonomy":"category","embeddable":true,"href":"https:\/\/umfst.ro\/stiinte-si-litere\/hu\/wp-json\/wp\/v2\/categories?post=66"},{"taxonomy":"post_tag","embeddable":true,"href":"https:\/\/umfst.ro\/stiinte-si-litere\/hu\/wp-json\/wp\/v2\/tags?post=66"}],"curies":[{"name":"wp","href":"https:\/\/api.w.org\/{rel}","templated":true}]}}