{"id":2635,"date":"2024-09-11T18:51:59","date_gmt":"2024-09-11T18:51:59","guid":{"rendered":"https:\/\/umfst.ro\/umfst-umch\/oferta-educationala-2\/"},"modified":"2024-09-11T18:52:31","modified_gmt":"2024-09-11T18:52:31","slug":"oferta-educationala-2","status":"publish","type":"page","link":"https:\/\/umfst.ro\/umfst-umch\/en\/oferta-educationala-2\/","title":{"rendered":"Educational offer"},"content":{"rendered":"<div data-elementor-type=\"wp-post\" data-elementor-id=\"2635\" class=\"elementor elementor-2635\" data-elementor-post-type=\"page\">\n\t\t\t\t\t\t<section class=\"elementor-section elementor-top-section elementor-element elementor-element-66970e29 elementor-section-boxed elementor-section-height-default elementor-section-height-default\" data-id=\"66970e29\" data-element_type=\"section\" data-e-type=\"section\">\n\t\t\t\t\t\t<div class=\"elementor-container elementor-column-gap-default\">\n\t\t\t\t\t<div class=\"elementor-column elementor-col-100 elementor-top-column elementor-element elementor-element-1940d651\" data-id=\"1940d651\" data-element_type=\"column\" data-e-type=\"column\">\n\t\t\t<div class=\"elementor-widget-wrap elementor-element-populated\">\n\t\t\t\t\t\t<div class=\"elementor-element elementor-element-16fb164 elementor-widget elementor-widget-text-editor\" data-id=\"16fb164\" data-element_type=\"widget\" data-e-type=\"widget\" data-widget_type=\"text-editor.default\">\n\t\t\t\t<div class=\"elementor-widget-container\">\n\t\t\t\t\t\t\t\t\t<p><\/p>\n<h2 class=\"wp-block-heading\">EDUCATIONAL OFFER<\/h2>\n<p><\/p>\n<p><\/p>\n<p>The educational offer of the Faculty of Medicine in English represents an important part in the general framework of the Romanian higher education and contributes significantly to the diversification of the specialized training in the health field.<\/p>\n<p><\/p>\n<p><\/p>\n<p><\/p>\n<p><\/p>\n<p><strong>Field<\/strong>: Health<br \/><strong>Level: <\/strong>Undergraduate <br \/><strong>Bachelor's study program:<\/strong> Medicine, English (MER)<br \/><strong>Duration of studies:<\/strong> 6 years<br \/><strong>No. of <\/strong><b>ECTS<\/b>: 360\u00a0 <br \/><strong>ARACIS Status:<\/strong> Accreditated<br \/><strong>Maximum tuition number<\/strong>: 150 <br \/><strong>Form of Education<\/strong>: full time <br \/><strong>Study Language:<\/strong> English<\/p>\n<p>\u00a0<\/p>\n<p><strong>Field<\/strong>: Health<br \/><strong>Level<\/strong>: Undergraduate <br \/><strong>Bachelor's study program:<\/strong> Medicine, English, Hamburg (MEH-UMCH)<br \/><strong>Duration of studies:<\/strong> 6 years<br \/><strong>No. of <\/strong><b>ECTS<\/b>: 360\u00a0 <br \/><strong>ARACIS Status:<\/strong> Authorized<br \/><strong>Maximum tuition number<\/strong>: 200 <br \/><strong>Form of Education<\/strong>: full time <br \/><strong>Study Language:<\/strong> English<\/p>\n<p>\u00a0<\/p>\n<p class=\" translation-block\">Within the <strong>MEDICINE<\/strong> study programs, the courses are conducted in English. The 6 years of studies end with the Graduation Exam, after which the bachelor's degree is obtained and the <strong>Doctor-Medic\/Physician<\/strong> title is offered.<br>\n\nThe postgraduate training of graduates of the Faculty of Medicine in English can be continued by:<\/p>\n<p><\/p>\n<p><\/p>\n<ul class=\"wp-block-list\">\n<li style=\"list-style-type: none\">\n<ul><\/ul>\n<\/li>\n<li class=\" translation-block\"><strong>residency<\/strong> programs and <strong>postgraduate courses<\/strong><\/li>\n<li class=\" translation-block\"><strong>master's degree<\/strong> programs<\/li>\n<li class=\" translation-block\"><strong>doctoral training<\/strong> in the field of Medical Sciences<\/li>\n<\/ul>\n<p><\/p>\n<p><\/p>\t\t\t\t\t\t\t\t<\/div>\n\t\t\t\t<\/div>\n\t\t\t\t\t<\/div>\n\t\t<\/div>\n\t\t\t\t\t<\/div>\n\t\t<\/section>\n\t\t\t\t<\/div>","protected":false},"excerpt":{"rendered":"<p>OFERTA EDUCA\u021aIONAL\u0102 A FACULT\u0102\u021aII DE MEDICIN\u0102 \u00ceN LIMBA ENGLEZ\u0102 Prin oferta sa educa\u021bional\u0103, Facultatea de Medicin\u0103 \u00een Limba Englez\u0103 ocup\u0103 un loc important \u00een cadrul general al \u00eenv\u0103\u0163\u0103m\u00e2ntului superior din Rom\u00e2nia \u015fi contribuie semnificativ la diversificarea preg\u0103tirii de specialitate \u00een domeniu. Domeniu: S\u0103n\u0103tateNivel: Licen\u0163\u0103 Program de studiu de licen\u0163\u0103: Medicin\u0103 Limba Englez\u0103 (MER)Durata studiilor: 6 [&hellip;]<\/p>\n","protected":false},"author":1,"featured_media":0,"parent":0,"menu_order":0,"comment_status":"closed","ping_status":"closed","template":"","meta":{"_relevanssi_hide_post":"","_relevanssi_hide_content":"","_relevanssi_pin_for_all":"","_relevanssi_pin_keywords":"","_relevanssi_unpin_keywords":"","_relevanssi_related_keywords":"","_relevanssi_related_include_ids":"","_relevanssi_related_exclude_ids":"","_relevanssi_related_no_append":"","_relevanssi_related_not_related":"","_relevanssi_related_posts":"","_relevanssi_noindex_reason":"","footnotes":""},"categories":[32],"tags":[],"class_list":["post-2635","page","type-page","status-publish","hentry","category-pagina-oferta-educationala"],"meta_box":[],"_links":{"self":[{"href":"https:\/\/umfst.ro\/umfst-umch\/en\/wp-json\/wp\/v2\/pages\/2635","targetHints":{"allow":["GET"]}}],"collection":[{"href":"https:\/\/umfst.ro\/umfst-umch\/en\/wp-json\/wp\/v2\/pages"}],"about":[{"href":"https:\/\/umfst.ro\/umfst-umch\/en\/wp-json\/wp\/v2\/types\/page"}],"author":[{"embeddable":true,"href":"https:\/\/umfst.ro\/umfst-umch\/en\/wp-json\/wp\/v2\/users\/1"}],"replies":[{"embeddable":true,"href":"https:\/\/umfst.ro\/umfst-umch\/en\/wp-json\/wp\/v2\/comments?post=2635"}],"version-history":[{"count":4,"href":"https:\/\/umfst.ro\/umfst-umch\/en\/wp-json\/wp\/v2\/pages\/2635\/revisions"}],"predecessor-version":[{"id":2816,"href":"https:\/\/umfst.ro\/umfst-umch\/en\/wp-json\/wp\/v2\/pages\/2635\/revisions\/2816"}],"wp:attachment":[{"href":"https:\/\/umfst.ro\/umfst-umch\/en\/wp-json\/wp\/v2\/media?parent=2635"}],"wp:term":[{"taxonomy":"category","embeddable":true,"href":"https:\/\/umfst.ro\/umfst-umch\/en\/wp-json\/wp\/v2\/categories?post=2635"},{"taxonomy":"post_tag","embeddable":true,"href":"https:\/\/umfst.ro\/umfst-umch\/en\/wp-json\/wp\/v2\/tags?post=2635"}],"curies":[{"name":"wp","href":"https:\/\/api.w.org\/{rel}","templated":true}]}}