{"id":2650,"date":"2024-09-11T18:52:00","date_gmt":"2024-09-11T18:52:00","guid":{"rendered":"https:\/\/umfst.ro\/umfst-umch\/consiliul-facultatii-de-medicina-in-limba-engleza\/"},"modified":"2024-09-11T18:52:32","modified_gmt":"2024-09-11T18:52:32","slug":"consiliul-facultatii-de-medicina-in-limba-engleza","status":"publish","type":"page","link":"https:\/\/umfst.ro\/umfst-umch\/en\/consiliul-facultatii-de-medicina-in-limba-engleza\/","title":{"rendered":"The Council of the Faculty of Medicine in English"},"content":{"rendered":"<div data-elementor-type=\"wp-page\" data-elementor-id=\"2650\" class=\"elementor elementor-2650\" data-elementor-post-type=\"page\">\n\t\t\t\t\t\t<section class=\"elementor-section elementor-top-section elementor-element elementor-element-277ee403 elementor-section-boxed elementor-section-height-default elementor-section-height-default\" data-id=\"277ee403\" data-element_type=\"section\" data-e-type=\"section\">\n\t\t\t\t\t\t<div class=\"elementor-container elementor-column-gap-default\">\n\t\t\t\t\t<div class=\"elementor-column elementor-col-100 elementor-top-column elementor-element elementor-element-5bbd7ab7\" data-id=\"5bbd7ab7\" data-element_type=\"column\" data-e-type=\"column\">\n\t\t\t<div class=\"elementor-widget-wrap elementor-element-populated\">\n\t\t\t\t\t\t<div class=\"elementor-element elementor-element-38204c68 elementor-widget elementor-widget-text-editor\" data-id=\"38204c68\" data-element_type=\"widget\" data-e-type=\"widget\" data-widget_type=\"text-editor.default\">\n\t\t\t\t<div class=\"elementor-widget-container\">\n\t\t\t\t\t\t\t\t\t<p><\/p>\n<h2 class=\"wp-block-heading\"><strong>Consiliul<\/strong> facult\u0103\u021bii <\/h2>\n<p><\/p>\n<p>Professor Simona Gurzu, PhD<br \/>Prof. univ. dr. Adrian Man<br \/>Prof. univ. dr. Mariana-Cornelia Tilinc\u0103 <br \/>Professor Amelia Tero-Vescan, PhD<br \/>Conf. univ. dr. Simona-Silviana Mure\u0219an<br \/>Conf. univ. dr. Adina Stoian<br \/>Conf. univ. dr. Andrea Varga<br \/>Conf. univ. dr. Mircea-Gabriel Mure\u0219an<br \/>Conf. univ. dr. Marian Pop<br \/>Conf. univ. dr. Daniel Porav-Hodade <br \/>Assoc. Prof. Olah P\u00e9ter, PhD<br \/>\u0218ef lucr. dr. Laura Chinezu<br \/>\u0218ef lucr. dr. Florina-loana Gliga<br \/>Lecturer Laz\u0103r Alexandra-Elena, MD, PhD<br \/>\u0218ef lucr. dr. Ban Erika-Gyongyi<\/p>\n<h2>Hot\u0103r\u00e2ri ale Consiliului facult\u0103\u021bii <\/h2>\n<p><a href=\"https:\/\/documente.umfst.ro\/documente\/hotarari-ale-consiliului-facultatii\/medicina-in-limba-engleza\/\">Hot\u0103r\u00e2ri ale Consiliului Facult\u0103\u021bii<\/a><\/p>\n<p>\u00a0<\/p>\t\t\t\t\t\t\t\t<\/div>\n\t\t\t\t<\/div>\n\t\t\t\t\t<\/div>\n\t\t<\/div>\n\t\t\t\t\t<\/div>\n\t\t<\/section>\n\t\t\t\t<\/div>","protected":false},"excerpt":{"rendered":"<p>Consiliul facult\u0103\u021bii Prof. univ. dr. Simona GurzuProf. univ. dr. Adrian ManProf. univ. dr. Mariana-Cornelia Tilinc\u0103 Prof. univ. dr. Amelia Tero-VescanConf. univ. dr. Simona-Silviana Mure\u0219anConf. univ. dr. Adina StoianConf. univ. dr. Andrea VargaConf. univ. dr. Mircea-Gabriel Mure\u0219anConf. univ. dr. Marian PopConf. univ. dr. Daniel Porav-Hodade Conf. univ. dr. Olah Peter\u0218ef lucr. dr. Laura Chinezu\u0218ef lucr. dr. [&hellip;]<\/p>\n","protected":false},"author":1,"featured_media":0,"parent":0,"menu_order":0,"comment_status":"closed","ping_status":"closed","template":"","meta":{"_relevanssi_hide_post":"","_relevanssi_hide_content":"","_relevanssi_pin_for_all":"","_relevanssi_pin_keywords":"","_relevanssi_unpin_keywords":"","_relevanssi_related_keywords":"","_relevanssi_related_include_ids":"","_relevanssi_related_exclude_ids":"","_relevanssi_related_no_append":"","_relevanssi_related_not_related":"","_relevanssi_related_posts":"","_relevanssi_noindex_reason":"","footnotes":""},"categories":[12],"tags":[],"class_list":["post-2650","page","type-page","status-publish","hentry","category-pagina-cu-sidebar"],"meta_box":[],"_links":{"self":[{"href":"https:\/\/umfst.ro\/umfst-umch\/en\/wp-json\/wp\/v2\/pages\/2650","targetHints":{"allow":["GET"]}}],"collection":[{"href":"https:\/\/umfst.ro\/umfst-umch\/en\/wp-json\/wp\/v2\/pages"}],"about":[{"href":"https:\/\/umfst.ro\/umfst-umch\/en\/wp-json\/wp\/v2\/types\/page"}],"author":[{"embeddable":true,"href":"https:\/\/umfst.ro\/umfst-umch\/en\/wp-json\/wp\/v2\/users\/1"}],"replies":[{"embeddable":true,"href":"https:\/\/umfst.ro\/umfst-umch\/en\/wp-json\/wp\/v2\/comments?post=2650"}],"version-history":[{"count":4,"href":"https:\/\/umfst.ro\/umfst-umch\/en\/wp-json\/wp\/v2\/pages\/2650\/revisions"}],"predecessor-version":[{"id":2826,"href":"https:\/\/umfst.ro\/umfst-umch\/en\/wp-json\/wp\/v2\/pages\/2650\/revisions\/2826"}],"wp:attachment":[{"href":"https:\/\/umfst.ro\/umfst-umch\/en\/wp-json\/wp\/v2\/media?parent=2650"}],"wp:term":[{"taxonomy":"category","embeddable":true,"href":"https:\/\/umfst.ro\/umfst-umch\/en\/wp-json\/wp\/v2\/categories?post=2650"},{"taxonomy":"post_tag","embeddable":true,"href":"https:\/\/umfst.ro\/umfst-umch\/en\/wp-json\/wp\/v2\/tags?post=2650"}],"curies":[{"name":"wp","href":"https:\/\/api.w.org\/{rel}","templated":true}]}}