{"id":121,"date":"2022-11-16T17:55:22","date_gmt":"2022-11-16T17:55:22","guid":{"rendered":"https:\/\/dev.umfst.ro\/umch\/?page_id=121"},"modified":"2024-09-09T07:03:56","modified_gmt":"2024-09-09T07:03:56","slug":"informatii-specifice-facultatii","status":"publish","type":"page","link":"https:\/\/umfst.ro\/umfst-umch\/hu\/informatii-pentru-studenti\/informatii-specifice-facultatii\/","title":{"rendered":"Informa\u021bii specifice Filialei UMFST-UMCH din Hamburg-Germania"},"content":{"rendered":"<div data-elementor-type=\"wp-post\" data-elementor-id=\"121\" class=\"elementor elementor-121\" data-elementor-post-type=\"page\">\n\t\t\t\t\t\t<section class=\"elementor-section elementor-top-section elementor-element elementor-element-5303ceab elementor-section-boxed elementor-section-height-default elementor-section-height-default\" data-id=\"5303ceab\" data-element_type=\"section\" data-e-type=\"section\">\n\t\t\t\t\t\t<div class=\"elementor-container elementor-column-gap-default\">\n\t\t\t\t\t<div class=\"elementor-column elementor-col-100 elementor-top-column elementor-element elementor-element-14881bda\" data-id=\"14881bda\" data-element_type=\"column\" data-e-type=\"column\">\n\t\t\t<div class=\"elementor-widget-wrap elementor-element-populated\">\n\t\t\t\t\t\t<div class=\"elementor-element elementor-element-68be3bdd elementor-widget elementor-widget-text-editor\" data-id=\"68be3bdd\" data-element_type=\"widget\" data-e-type=\"widget\" data-widget_type=\"text-editor.default\">\n\t\t\t\t<div class=\"elementor-widget-container\">\n\t\t\t\t\t\t\t\t\t<p><\/p>\n<h2 class=\"wp-block-heading\"><strong>Informa\u021bii specifice Filialei UMFST-UMCH din Hamburg-Germania<\/strong><\/h2>\n<p><\/p>\n<p><strong>ANUNT \u2013 TRANSFERURI PENTRU STUDEN\u021aI INTERNA\u021aIONALI<\/strong><\/p>\n<p>Studen\u0163ii din alte universit\u0103\u0163i rom\u00e2ne\u015fti sau universit\u0103\u021bi interna\u021bionale recunoscute de Ministerul Educa\u0163iei Na\u021bionale, care<br>solicit\u0103 transfer \u00een cadrul programelor de studii din Facultatea de Medicin\u0103 \u00een Limba Englez\u0103 pentru anul academic&nbsp;<strong>2024\/2025<\/strong> vor respecta calendarul \u0219i vor parcurge toate etapele descrise \u00een documentul <a href=\"https:\/\/www.umfst.ro\/fileadmin\/f_medicina_engleza\/admission\/2024\/TRANSFERS_FOR_INTERNATIONAL_STUDENTS.pdf\" target=\"_blank\" rel=\"noopener\">Information-Transfers for International Students <\/a>.<\/p>\n<p><\/p>\n<p><strong>ANUNT \u2013 CERERI ECHIVALARE DE NOTE SI CREDITE<\/strong><\/p>\n<p class=\" translation-block\">Cererile de echivalare de note si credite (ECTS) se vor depune la Decanatul Facult\u0103\u021bii de Medicin\u0103 \u00een Limba Englez\u0103 doar la \u00eenceputul anului universitar 2023\/2024, \u00een intervalul:&nbsp;<strong>19&nbsp;septembrie 2023<\/strong>&nbsp;<strong>\u2013&nbsp;29&nbsp;septembrie&nbsp;2023<\/strong>. (indiferent dac\u0103 vizeaz\u0103 discipline din semestrul I sau II ale anului academic 2023\/2024). Solicit\u0103rile care se vor depune dup\u0103 aceast\u0103 dat\u0103 nu vor fi luate in considerare.<\/p>\n<p><\/p>\t\t\t\t\t\t\t\t<\/div>\n\t\t\t\t<\/div>\n\t\t\t\t\t<\/div>\n\t\t<\/div>\n\t\t\t\t\t<\/div>\n\t\t<\/section>\n\t\t\t\t<\/div>","protected":false},"excerpt":{"rendered":"<p>Informa\u021bii specifice Filialei UMFST-UMCH din Hamburg-Germania ANUNT \u2013 TRANSFERURI PENTRU STUDEN\u021aI INTERNA\u021aIONALI Studen\u0163ii din alte universit\u0103\u0163i rom\u00e2ne\u015fti sau universit\u0103\u021bi interna\u021bionale recunoscute de Ministerul Educa\u0163iei Na\u021bionale, caresolicit\u0103 transfer \u00een cadrul programelor de studii din Facultatea de Medicin\u0103 \u00een Limba Englez\u0103 pentru anul academic&nbsp;2024\/2025 vor respecta calendarul \u0219i vor parcurge toate etapele descrise \u00een documentul Information-Transfers for [&hellip;]<\/p>\n","protected":false},"author":4,"featured_media":0,"parent":115,"menu_order":0,"comment_status":"closed","ping_status":"closed","template":"","meta":{"_relevanssi_hide_post":"","_relevanssi_hide_content":"","_relevanssi_pin_for_all":"","_relevanssi_pin_keywords":"","_relevanssi_unpin_keywords":"","_relevanssi_related_keywords":"","_relevanssi_related_include_ids":"","_relevanssi_related_exclude_ids":"","_relevanssi_related_no_append":"","_relevanssi_related_not_related":"","_relevanssi_related_posts":"1","_relevanssi_noindex_reason":"","footnotes":""},"categories":[12,33],"tags":[],"class_list":["post-121","page","type-page","status-publish","hentry","category-pagina-cu-sidebar","category-pagina-studenti"],"meta_box":[],"_links":{"self":[{"href":"https:\/\/umfst.ro\/umfst-umch\/hu\/wp-json\/wp\/v2\/pages\/121","targetHints":{"allow":["GET"]}}],"collection":[{"href":"https:\/\/umfst.ro\/umfst-umch\/hu\/wp-json\/wp\/v2\/pages"}],"about":[{"href":"https:\/\/umfst.ro\/umfst-umch\/hu\/wp-json\/wp\/v2\/types\/page"}],"author":[{"embeddable":true,"href":"https:\/\/umfst.ro\/umfst-umch\/hu\/wp-json\/wp\/v2\/users\/4"}],"replies":[{"embeddable":true,"href":"https:\/\/umfst.ro\/umfst-umch\/hu\/wp-json\/wp\/v2\/comments?post=121"}],"version-history":[{"count":44,"href":"https:\/\/umfst.ro\/umfst-umch\/hu\/wp-json\/wp\/v2\/pages\/121\/revisions"}],"predecessor-version":[{"id":2319,"href":"https:\/\/umfst.ro\/umfst-umch\/hu\/wp-json\/wp\/v2\/pages\/121\/revisions\/2319"}],"up":[{"embeddable":true,"href":"https:\/\/umfst.ro\/umfst-umch\/hu\/wp-json\/wp\/v2\/pages\/115"}],"wp:attachment":[{"href":"https:\/\/umfst.ro\/umfst-umch\/hu\/wp-json\/wp\/v2\/media?parent=121"}],"wp:term":[{"taxonomy":"category","embeddable":true,"href":"https:\/\/umfst.ro\/umfst-umch\/hu\/wp-json\/wp\/v2\/categories?post=121"},{"taxonomy":"post_tag","embeddable":true,"href":"https:\/\/umfst.ro\/umfst-umch\/hu\/wp-json\/wp\/v2\/tags?post=121"}],"curies":[{"name":"wp","href":"https:\/\/api.w.org\/{rel}","templated":true}]}}