{"id":141,"date":"2022-11-16T18:49:03","date_gmt":"2022-11-16T18:49:03","guid":{"rendered":"https:\/\/dev.umfst.ro\/umch\/?page_id=141"},"modified":"2024-09-09T07:12:37","modified_gmt":"2024-09-09T07:12:37","slug":"burse","status":"publish","type":"page","link":"https:\/\/umfst.ro\/umfst-umch\/hu\/informatii-pentru-studenti\/informatii-specifice-facultatii\/burse\/","title":{"rendered":"Burse"},"content":{"rendered":"<div data-elementor-type=\"wp-page\" data-elementor-id=\"141\" class=\"elementor elementor-141\" data-elementor-post-type=\"page\">\n\t\t\t\t\t\t<section class=\"elementor-section elementor-top-section elementor-element elementor-element-165a0eb3 elementor-section-boxed elementor-section-height-default elementor-section-height-default\" data-id=\"165a0eb3\" data-element_type=\"section\" data-e-type=\"section\">\n\t\t\t\t\t\t<div class=\"elementor-container elementor-column-gap-default\">\n\t\t\t\t\t<div class=\"elementor-column elementor-col-100 elementor-top-column elementor-element elementor-element-4968b23a\" data-id=\"4968b23a\" data-element_type=\"column\" data-e-type=\"column\">\n\t\t\t<div class=\"elementor-widget-wrap elementor-element-populated\">\n\t\t\t\t\t\t<div class=\"elementor-element elementor-element-4b8c8741 elementor-widget__width-initial elementor-widget elementor-widget-text-editor\" data-id=\"4b8c8741\" data-element_type=\"widget\" data-e-type=\"widget\" data-widget_type=\"text-editor.default\">\n\t\t\t\t<div class=\"elementor-widget-container\">\n\t\t\t\t\t\t\t\t\t<p><\/p>\n<h2 class=\"wp-block-heading\">BURSE<\/h2>\n<h2><strong>An universitar 2024-2025\/ Academic year 2024\/2025<\/strong><\/h2>\n<h2>Academic Year 2023-2024<\/h2>\n<p><\/p>\n<p><\/p>\n<p><strong>Additional lists List with scholarships awarded to students from the Faculty of Medicine in English \u00a0&#8211;\u00a0 academic year 2023-2024.<\/strong><\/p>\n<ul>\n<li style=\"list-style-type: none;\">\n<ul>\n<li><a href=\"https:\/\/www.umfst.ro\/fileadmin\/f_medicina_engleza\/burse\/2023-2024\/additional_list\/MER_3rd_year_scholarships.pdf\" target=\"_blank\" rel=\"noopener\">MER_3rd year scholarships<\/a><\/li>\n<\/ul>\n<\/li>\n<\/ul>\n<ul>\n<li style=\"list-style-type: none;\">\n<ul>\n<li><a href=\"https:\/\/www.umfst.ro\/fileadmin\/f_medicina_engleza\/burse\/2023-2024\/additional_list\/MER_4th_year_scholarships.pdf\" target=\"_blank\" rel=\"noopener\">MER_4th year scholarships<\/a><\/li>\n<\/ul>\n<\/li>\n<\/ul>\n<ul>\n<li style=\"list-style-type: none;\">\n<ul>\n<li><a href=\"https:\/\/www.umfst.ro\/fileadmin\/f_medicina_engleza\/burse\/2023-2024\/additional_list\/MER_5th_year_scholarships.pdf\" target=\"_blank\" rel=\"noopener\">MER_5th year scholarships<\/a><\/li>\n<\/ul>\n<\/li>\n<\/ul>\n<ul>\n<li style=\"list-style-type: none;\">\n<ul>\n<li><a href=\"https:\/\/www.umfst.ro\/fileadmin\/f_medicina_engleza\/burse\/2023-2024\/additional_list\/MER_6th_year_scholarships.pdf\" target=\"_blank\" rel=\"noopener\">MER_6th year scholarships<\/a><\/li>\n<\/ul>\n<\/li>\n<\/ul>\n<p><strong>Requests in reference to the lists can be submitted until Thursday 14.12.2023 until 10:00 AM at the following email address <a href=\"mailto:decanat.medicina.en@umfst.ro\" rel=\"noreferrer\">decanat.medicina.en@umfst.ro<\/a><\/strong><\/p>\n<p><strong>\u00a0<\/strong><\/p>\n<p><strong>Provisional List with scholarships awarded to students from the Faculty of Medicine in English \u00a0&#8211;\u00a0 academic year 2023-2024.<\/strong><\/p>\n<ul>\n<li style=\"list-style-type: none;\">\n<ul>\n<li><a href=\"https:\/\/www.umfst.ro\/fileadmin\/f_medicina_engleza\/burse\/2023-2024\/MER_2nd_year_scholarships.pdf\">MER_2nd year scholarships<\/a><\/li>\n<\/ul>\n<\/li>\n<\/ul>\n<ul>\n<li style=\"list-style-type: none;\">\n<ul>\n<li><a href=\"https:\/\/www.umfst.ro\/fileadmin\/f_medicina_engleza\/burse\/2023-2024\/MER_3rd_year_scholarships.pdf\">MER_3rd year scholarships<\/a><\/li>\n<\/ul>\n<\/li>\n<\/ul>\n<ul>\n<li style=\"list-style-type: none;\">\n<ul>\n<li><a href=\"https:\/\/www.umfst.ro\/fileadmin\/f_medicina_engleza\/burse\/2023-2024\/MER_4th_year_scholarships.pdf\">MER_4th year scholarships<\/a><\/li>\n<\/ul>\n<\/li>\n<\/ul>\n<ul>\n<li style=\"list-style-type: none;\">\n<ul>\n<li><a href=\"https:\/\/www.umfst.ro\/fileadmin\/f_medicina_engleza\/burse\/2023-2024\/MER_5th_year_scholarships.pdf\">MER_5th year scholarships<\/a><\/li>\n<\/ul>\n<\/li>\n<\/ul>\n<ul>\n<li style=\"list-style-type: none;\">\n<ul>\n<li><a href=\"https:\/\/www.umfst.ro\/fileadmin\/f_medicina_engleza\/burse\/2023-2024\/MER_6th_year_scholarships.pdf\">MER_6th year scholarships<\/a><\/li>\n<\/ul>\n<\/li>\n<\/ul>\n<p><\/p>\n<p><!-- \/wp:list --><!-- wp:paragraph --><\/p>\n<h2>Academic Year 2022-2023<\/h2>\n<p>Listele finale cu studen\u021bii de la Facultatea de Medicin\u0103 \u00een limba englez\u0103 care primesc burse pe parcursul anului universitar 2022-2023:<\/p>\n<p><!-- \/wp:paragraph --><!-- wp:paragraph --><\/p>\n<p><strong>PROGRAM DE STUDIU: MEDICIN\u0102, LIMBA ENGLEZ\u0102 (MER)<\/strong><\/p>\n<ul>\n<li style=\"list-style-type: none;\">\n<ul>\n<li><a href=\"https:\/\/www.umfst.ro\/fileadmin\/f_medicina_engleza\/burse\/2022-2023\/f\/MER_2nd_year_scholarships.pdf\">MER 2nd year scholarships<\/a><\/li>\n<\/ul>\n<\/li>\n<\/ul>\n<ul>\n<li style=\"list-style-type: none;\">\n<ul>\n<li><a href=\"https:\/\/www.umfst.ro\/fileadmin\/f_medicina_engleza\/burse\/2022-2023\/f\/MER_3rd_year_scholarships.pdf\">MER_3rd year scholarships<\/a><\/li>\n<\/ul>\n<\/li>\n<\/ul>\n<ul>\n<li style=\"list-style-type: none;\">\n<ul>\n<li><a href=\"https:\/\/www.umfst.ro\/fileadmin\/f_medicina_engleza\/burse\/2022-2023\/f\/MER_4th_year_scholarships.pdf\">MER_4th year scholarships<\/a><\/li>\n<\/ul>\n<\/li>\n<\/ul>\n<ul>\n<li style=\"list-style-type: none;\">\n<ul>\n<li><a href=\"https:\/\/www.umfst.ro\/fileadmin\/f_medicina_engleza\/burse\/2022-2023\/f\/MER_5th_year_scholarships.pdf\">MER_5th year scholarships<\/a><\/li>\n<\/ul>\n<\/li>\n<\/ul>\n<ul>\n<li style=\"list-style-type: none;\">\n<ul>\n<li><a href=\"https:\/\/www.umfst.ro\/fileadmin\/f_medicina_engleza\/burse\/2022-2023\/f\/MER_6th_year_scholarships.pdf\">MER_6th year scholarships<\/a><\/li>\n<\/ul>\n<\/li>\n<\/ul>\n<p><!-- \/wp:list-item --><\/p>\n<p><!-- \/wp:list --><!-- wp:paragraph --><\/p>\n<p><span style=\"color: #ff9900;\"><strong><span style=\"color: #ff9900;\">____<\/span><br \/><\/strong><\/span><\/p>\n<p><!-- \/wp:paragraph --><!-- wp:paragraph --><\/p>\n<p><strong>Provisional List with scholarships awarded to students from the Faculty of Medicine in English \u00a0&#8211;\u00a0 academic year 2022-2023.<\/strong><\/p>\n<p><!-- \/wp:paragraph --><!-- wp:list --><\/p>\n<ul>\n<li style=\"list-style-type: none;\">\n<ul><!-- wp:list-item --><\/ul>\n<\/li>\n<\/ul>\n<ul>\n<li style=\"list-style-type: none;\">\n<ul>\n<li><a href=\"https:\/\/www.umfst.ro\/fileadmin\/f_medicina_engleza\/burse\/2022-2023\/MER_2nd_year_scholarships_.pdf\">MER_2nd year scholarships<\/a><\/li>\n<\/ul>\n<\/li>\n<\/ul>\n<ul>\n<li style=\"list-style-type: none;\">\n<ul>\n<li><a href=\"https:\/\/www.umfst.ro\/fileadmin\/f_medicina_engleza\/burse\/2022-2023\/MER_3rd_year_scholarships_.pdf\">MER_3rd year scholarships<\/a><\/li>\n<\/ul>\n<\/li>\n<\/ul>\n<ul>\n<li style=\"list-style-type: none;\">\n<ul>\n<li><a href=\"https:\/\/www.umfst.ro\/fileadmin\/f_medicina_engleza\/burse\/2022-2023\/MER_4th_year_scholarships__.pdf\">MER_4th year scholarships<\/a><\/li>\n<\/ul>\n<\/li>\n<\/ul>\n<ul>\n<li style=\"list-style-type: none;\">\n<ul>\n<li><a href=\"https:\/\/www.umfst.ro\/fileadmin\/f_medicina_engleza\/burse\/2022-2023\/MER_5th_year_scholarships__.pdf\">MER_5th year scholarships<\/a><\/li>\n<\/ul>\n<\/li>\n<\/ul>\n<ul>\n<li style=\"list-style-type: none;\">\n<ul>\n<li><a href=\"https:\/\/www.umfst.ro\/fileadmin\/f_medicina_engleza\/burse\/2022-2023\/MER_6th_year_scholarships__.pdf\">MER_6th year scholarships<\/a><\/li>\n<\/ul>\n<\/li>\n<\/ul>\n<p><!-- \/wp:list-item --><\/p>\n<p><!-- \/wp:list --><!-- wp:paragraph --><\/p>\n<p><strong>Important notice: <\/strong>Students who want to appeal the decision are kindly asked to send an email latest by Monday (31.10.2022) 08:00 AM, Bucharest time, at the following email address:\u00a0<a href=\"linkTo_UnCryptMailto(%27nbjmup%2Befdbobu%5C%2Fnfejdjob%5C%2FfoAvngtu%5C%2Fsp%27);\">decana<\/a><a href=\"linkTo_UnCryptMailto(%27nbjmup%2Befdbobu%5C%2Fnfejdjob%5C%2FfoAvngtu%5C%2Fsp%27);\">t.medicina.en@umfst.ro<\/a>.<\/p>\n<p><!-- \/wp:paragraph --><!-- wp:paragraph --><\/p>\n<p>After concluding the assessment\u00a0of all the notifications and\u00a0reassignment of the additional funds the final lists will be made available on Tuesday 01.11.2022.<\/p>\n<p><!-- \/wp:paragraph --><!-- wp:paragraph --><\/p>\n<p><span style=\"color: #ff9900;\"><strong>____<\/strong><\/span><\/p>\n<p><!-- \/wp:paragraph --><!-- wp:paragraph \/--><\/p>\t\t\t\t\t\t\t\t<\/div>\n\t\t\t\t<\/div>\n\t\t\t\t\t<\/div>\n\t\t<\/div>\n\t\t\t\t\t<\/div>\n\t\t<\/section>\n\t\t\t\t<\/div>","protected":false},"excerpt":{"rendered":"<p>BURSE An universitar 2024-2025\/ Academic year 2024\/2025 Academic Year 2023-2024 Additional lists List with scholarships awarded to students from the Faculty of Medicine in English \u00a0&#8211;\u00a0 academic year 2023-2024. MER_3rd year scholarships MER_4th year scholarships MER_5th year scholarships MER_6th year scholarships Requests in reference to the lists can be submitted until Thursday 14.12.2023 until 10:00 [&hellip;]<\/p>\n","protected":false},"author":4,"featured_media":0,"parent":121,"menu_order":0,"comment_status":"closed","ping_status":"closed","template":"","meta":{"_relevanssi_hide_post":"","_relevanssi_hide_content":"","_relevanssi_pin_for_all":"","_relevanssi_pin_keywords":"","_relevanssi_unpin_keywords":"","_relevanssi_related_keywords":"","_relevanssi_related_include_ids":"","_relevanssi_related_exclude_ids":"","_relevanssi_related_no_append":"","_relevanssi_related_not_related":"","_relevanssi_related_posts":"1","_relevanssi_noindex_reason":"","footnotes":""},"categories":[12,33],"tags":[],"class_list":["post-141","page","type-page","status-publish","hentry","category-pagina-cu-sidebar","category-pagina-studenti"],"meta_box":[],"_links":{"self":[{"href":"https:\/\/umfst.ro\/umfst-umch\/hu\/wp-json\/wp\/v2\/pages\/141","targetHints":{"allow":["GET"]}}],"collection":[{"href":"https:\/\/umfst.ro\/umfst-umch\/hu\/wp-json\/wp\/v2\/pages"}],"about":[{"href":"https:\/\/umfst.ro\/umfst-umch\/hu\/wp-json\/wp\/v2\/types\/page"}],"author":[{"embeddable":true,"href":"https:\/\/umfst.ro\/umfst-umch\/hu\/wp-json\/wp\/v2\/users\/4"}],"replies":[{"embeddable":true,"href":"https:\/\/umfst.ro\/umfst-umch\/hu\/wp-json\/wp\/v2\/comments?post=141"}],"version-history":[{"count":30,"href":"https:\/\/umfst.ro\/umfst-umch\/hu\/wp-json\/wp\/v2\/pages\/141\/revisions"}],"predecessor-version":[{"id":2328,"href":"https:\/\/umfst.ro\/umfst-umch\/hu\/wp-json\/wp\/v2\/pages\/141\/revisions\/2328"}],"up":[{"embeddable":true,"href":"https:\/\/umfst.ro\/umfst-umch\/hu\/wp-json\/wp\/v2\/pages\/121"}],"wp:attachment":[{"href":"https:\/\/umfst.ro\/umfst-umch\/hu\/wp-json\/wp\/v2\/media?parent=141"}],"wp:term":[{"taxonomy":"category","embeddable":true,"href":"https:\/\/umfst.ro\/umfst-umch\/hu\/wp-json\/wp\/v2\/categories?post=141"},{"taxonomy":"post_tag","embeddable":true,"href":"https:\/\/umfst.ro\/umfst-umch\/hu\/wp-json\/wp\/v2\/tags?post=141"}],"curies":[{"name":"wp","href":"https:\/\/api.w.org\/{rel}","templated":true}]}}