{"id":2593,"date":"2024-09-11T18:51:56","date_gmt":"2024-09-11T18:51:56","guid":{"rendered":"https:\/\/umfst.ro\/umfst-umch\/tematica-si-bibliografie\/"},"modified":"2024-09-11T18:52:28","modified_gmt":"2024-09-11T18:52:28","slug":"tematica-si-bibliografie","status":"publish","type":"page","link":"https:\/\/umfst.ro\/umfst-umch\/hu\/tematica-si-bibliografie\/","title":{"rendered":"Tematic\u0103 si bibliografie"},"content":{"rendered":"<div data-elementor-type=\"wp-page\" data-elementor-id=\"2593\" class=\"elementor elementor-2593\" data-elementor-post-type=\"page\">\n\t\t\t\t\t\t<section class=\"elementor-section elementor-top-section elementor-element elementor-element-166b4276 elementor-section-boxed elementor-section-height-default elementor-section-height-default\" data-id=\"166b4276\" data-element_type=\"section\" data-e-type=\"section\">\n\t\t\t\t\t\t<div class=\"elementor-container elementor-column-gap-default\">\n\t\t\t\t\t<div class=\"elementor-column elementor-col-100 elementor-top-column elementor-element elementor-element-12804c4\" data-id=\"12804c4\" data-element_type=\"column\" data-e-type=\"column\">\n\t\t\t<div class=\"elementor-widget-wrap elementor-element-populated\">\n\t\t\t\t\t\t<div class=\"elementor-element elementor-element-2ef904f5 elementor-widget elementor-widget-text-editor\" data-id=\"2ef904f5\" data-element_type=\"widget\" data-e-type=\"widget\" data-widget_type=\"text-editor.default\">\n\t\t\t\t<div class=\"elementor-widget-container\">\n\t\t\t\t\t\t\t\t\t<p><\/p>\n<h2 class=\"wp-block-heading\">EXAMENUL DE LICEN\u021a\u0102<\/h2>\n<div>\n<p><a href=\"https:\/\/www.umfst.ro\/fileadmin\/f_medicina_engleza\/licenta\/2024\/Tematica_si_bibliografie_-_Examen_de_Licenta_2024.pdf\">Tematic\u0103 \u0219i bibliografie &#8211; Examen de licen\u021b\u0103 2024<\/a><\/p>\n<\/div>\n<div><a href=\"https:\/\/www.umfst.ro\/fileadmin\/f_medicina_engleza\/licenta\/2024\/Subiecte_licenta_medicina-engleza_2024.pdf\" target=\"_blank\" rel=\"noopener\">Teste &#8211; Examen de Licenta 2024<\/a><\/div>\n<p><\/p>\n<p><\/p>\n<p><a href=\"https:\/\/www.umfst.ro\/fileadmin\/f_medicina_engleza\/licenta\/2023\/Tematica_si_bibliografie_-_Examen_de_Licenta_2023.pdf\">Tematic\u0103 si bibliografie &#8211; Examen de Licenta 2023<\/a><\/p>\n<p><\/p>\n<p><\/p>\n<p><a href=\"https:\/\/www.umfst.ro\/fileadmin\/f_medicina_engleza\/licenta\/2022\/Tematica_si_Bibliografie_Examen_de_licenta_2022.pdf\">Tematic\u0103 si bibliografie &#8211; Examen de Licenta 2022<\/a><\/p>\n<p><\/p>\n<p><\/p>\n<p><\/p>\n<p><\/p>\n<p><a href=\"https:\/\/www.umfst.ro\/fileadmin\/f_medicina_engleza\/materiale\/Teste_-_Examen_de_licenta_2021.pdf\">Teste &#8211; Examen de Licenta 2021<\/a><\/p>\n<p><\/p>\n<p><\/p>\n<p><a href=\"https:\/\/www.umfst.ro\/fileadmin\/f_medicina_engleza\/licenta\/2021\/Tematica_si_bibliografie_-_Examen_de_Licenta_2021.pdf\">Tematic\u0103 si bibliografie &#8211; Examen de Licenta 2021<\/a><\/p>\n<p><\/p>\n<p><\/p>\n<p><\/p>\n<p><\/p>\n<p><a href=\"https:\/\/www.umfst.ro\/fileadmin\/f_medicina_engleza\/materiale\/Examen_de_licenta__2020_Teste_.pdf\">Teste\u00a0&#8211; Examen de Licenta 2020<\/a><\/p>\n<p><\/p>\n<p><\/p>\n<p><a href=\"https:\/\/www.umfst.ro\/fileadmin\/f_medicina_engleza\/materiale\/Tematica_si_Bibiografie_Examen_de_Licenta_2020_.pdf\">Tematica si Bibiografie &#8211; Examen de Licenta 2020<\/a><\/p>\n<p><\/p>\t\t\t\t\t\t\t\t<\/div>\n\t\t\t\t<\/div>\n\t\t\t\t\t<\/div>\n\t\t<\/div>\n\t\t\t\t\t<\/div>\n\t\t<\/section>\n\t\t\t\t<\/div>","protected":false},"excerpt":{"rendered":"<p>EXAMENUL DE LICEN\u021a\u0102 Tematic\u0103 \u0219i bibliografie &#8211; Examen de licen\u021b\u0103 2024 Teste &#8211; Examen de Licenta 2024 Tematic\u0103 si bibliografie &#8211; Examen de Licenta 2023 Tematic\u0103 si bibliografie &#8211; Examen de Licenta 2022 Teste &#8211; Examen de Licenta 2021 Tematic\u0103 si bibliografie &#8211; Examen de Licenta 2021 Teste\u00a0&#8211; Examen de Licenta 2020 Tematica si Bibiografie [&hellip;]<\/p>\n","protected":false},"author":1,"featured_media":0,"parent":0,"menu_order":0,"comment_status":"closed","ping_status":"closed","template":"","meta":{"_relevanssi_hide_post":"","_relevanssi_hide_content":"","_relevanssi_pin_for_all":"","_relevanssi_pin_keywords":"","_relevanssi_unpin_keywords":"","_relevanssi_related_keywords":"","_relevanssi_related_include_ids":"","_relevanssi_related_exclude_ids":"","_relevanssi_related_no_append":"","_relevanssi_related_not_related":"","_relevanssi_related_posts":"","_relevanssi_noindex_reason":"","footnotes":""},"categories":[33],"tags":[],"class_list":["post-2593","page","type-page","status-publish","hentry","category-pagina-studenti"],"meta_box":[],"_links":{"self":[{"href":"https:\/\/umfst.ro\/umfst-umch\/hu\/wp-json\/wp\/v2\/pages\/2593","targetHints":{"allow":["GET"]}}],"collection":[{"href":"https:\/\/umfst.ro\/umfst-umch\/hu\/wp-json\/wp\/v2\/pages"}],"about":[{"href":"https:\/\/umfst.ro\/umfst-umch\/hu\/wp-json\/wp\/v2\/types\/page"}],"author":[{"embeddable":true,"href":"https:\/\/umfst.ro\/umfst-umch\/hu\/wp-json\/wp\/v2\/users\/1"}],"replies":[{"embeddable":true,"href":"https:\/\/umfst.ro\/umfst-umch\/hu\/wp-json\/wp\/v2\/comments?post=2593"}],"version-history":[{"count":4,"href":"https:\/\/umfst.ro\/umfst-umch\/hu\/wp-json\/wp\/v2\/pages\/2593\/revisions"}],"predecessor-version":[{"id":2788,"href":"https:\/\/umfst.ro\/umfst-umch\/hu\/wp-json\/wp\/v2\/pages\/2593\/revisions\/2788"}],"wp:attachment":[{"href":"https:\/\/umfst.ro\/umfst-umch\/hu\/wp-json\/wp\/v2\/media?parent=2593"}],"wp:term":[{"taxonomy":"category","embeddable":true,"href":"https:\/\/umfst.ro\/umfst-umch\/hu\/wp-json\/wp\/v2\/categories?post=2593"},{"taxonomy":"post_tag","embeddable":true,"href":"https:\/\/umfst.ro\/umfst-umch\/hu\/wp-json\/wp\/v2\/tags?post=2593"}],"curies":[{"name":"wp","href":"https:\/\/api.w.org\/{rel}","templated":true}]}}