{"id":2635,"date":"2024-09-11T18:51:59","date_gmt":"2024-09-11T18:51:59","guid":{"rendered":"https:\/\/umfst.ro\/umfst-umch\/oferta-educationala-2\/"},"modified":"2024-09-11T18:52:31","modified_gmt":"2024-09-11T18:52:31","slug":"oferta-educationala-2","status":"publish","type":"page","link":"https:\/\/umfst.ro\/umfst-umch\/hu\/oferta-educationala-2\/","title":{"rendered":"Oferta educa\u021bional\u0103"},"content":{"rendered":"<div data-elementor-type=\"wp-post\" data-elementor-id=\"2635\" class=\"elementor elementor-2635\" data-elementor-post-type=\"page\">\n\t\t\t\t\t\t<section class=\"elementor-section elementor-top-section elementor-element elementor-element-66970e29 elementor-section-boxed elementor-section-height-default elementor-section-height-default\" data-id=\"66970e29\" data-element_type=\"section\" data-e-type=\"section\">\n\t\t\t\t\t\t<div class=\"elementor-container elementor-column-gap-default\">\n\t\t\t\t\t<div class=\"elementor-column elementor-col-100 elementor-top-column elementor-element elementor-element-1940d651\" data-id=\"1940d651\" data-element_type=\"column\" data-e-type=\"column\">\n\t\t\t<div class=\"elementor-widget-wrap elementor-element-populated\">\n\t\t\t\t\t\t<div class=\"elementor-element elementor-element-16fb164 elementor-widget elementor-widget-text-editor\" data-id=\"16fb164\" data-element_type=\"widget\" data-e-type=\"widget\" data-widget_type=\"text-editor.default\">\n\t\t\t\t<div class=\"elementor-widget-container\">\n\t\t\t\t\t\t\t\t\t<p><\/p>\n<h2 class=\"wp-block-heading\">OFERTA EDUCA\u021aIONAL\u0102 A FACULT\u0102\u021aII DE MEDICIN\u0102 \u00ceN LIMBA ENGLEZ\u0102<\/h2>\n<p><\/p>\n<p><\/p>\n<p>Prin oferta sa educa\u021bional\u0103, Facultatea de Medicin\u0103 \u00een Limba Englez\u0103 ocup\u0103 un loc important \u00een cadrul general al \u00eenv\u0103\u0163\u0103m\u00e2ntului superior din Rom\u00e2nia \u015fi contribuie semnificativ la diversificarea preg\u0103tirii de specialitate \u00een domeniu.<\/p>\n<p><\/p>\n<p><\/p>\n<p><\/p>\n<p><\/p>\n<p><strong>Domeniu<\/strong>: S\u0103n\u0103tate<br \/><strong>Nivel: <\/strong>Licen\u0163\u0103 <br \/><strong>Program de studiu de licen\u0163\u0103:<\/strong> Medicin\u0103 Limba Englez\u0103 (MER)<br \/><strong>Durata studiilor:<\/strong> 6 ani<br \/><strong>Credite <\/strong><b>ECTS<\/b>: 360\u00a0 <br \/><strong>Situa\u021bia ARACIS:<\/strong> Acreditat<br \/><strong>Cifra maxim\u0103 de \u015fcolarizare<\/strong>: 150 <br \/><strong>Forma de \u00eenv\u0103\u021b\u0103m\u00e2nt<\/strong>: cu frecven\u021b\u0103 <br \/><strong>Limba de studiu:<\/strong> Englez\u0103<\/p>\n<p>\u00a0<\/p>\n<p><strong>Domeniu<\/strong>: S\u0103n\u0103tate<br \/><strong>Nivel<\/strong>: Licen\u0163\u0103 <br \/><strong>Program de studiu de licen\u0163\u0103:<\/strong> Medicin\u0103 Limba Englez\u0103, Hamburg (MEH-UMCH)<br \/><strong>Durata studiilor:<\/strong> 6 ani<br \/><strong>Credite <\/strong><b>ECTS<\/b>: 360\u00a0 <br \/><strong>Situa\u021bia ARACIS:<\/strong> Autorizat<br \/><strong>Cifra maxim\u0103 de \u015fcolarizare<\/strong>: 200 <br \/><strong>Forma de \u00eenv\u0103\u021b\u0103m\u00e2nt<\/strong>: cu frecven\u021b\u0103 <br \/><strong>Limba de studiu:<\/strong> Englez\u0103<\/p>\n<p>\u00a0<\/p>\n<p class=\" translation-block\">\u00cen cadrul programelor de studii <strong>MEDICIN\u0102<\/strong>, cursurile se desf\u0103\u015foar\u0103 \u00een limba englez\u0103. Cei 6 ani de studii se \u00eencheie cu examenul de licen\u021b\u0103, \u00een urma c\u0103ruia se ob\u021bine diploma de licen\u021b\u0103 de&nbsp;<strong>doctor medic<\/strong>. Preg\u0103tirea postuniversitar\u0103 a absolven\u021bilor programelor de studiu de licen\u021b\u0103 din cadrul Facult\u0103\u021bii de Medicin\u0103 \u00een Limba Englez\u0103 poate fi continuat\u0103 prin:<\/p>\n<p><\/p>\n<p><\/p>\n<ul class=\"wp-block-list\">\n<li style=\"list-style-type: none\">\n<ul><\/ul>\n<\/li>\n<li class=\" translation-block\">programe de&nbsp;<strong>reziden\u021biat \u0219i cursuri postuniversitare<\/strong><\/li>\n<li class=\" translation-block\">programe de studiu de&nbsp;<strong>masterat<\/strong><\/li>\n<li class=\" translation-block\"><strong>preg\u0103tire doctoral\u0103<\/strong>&nbsp;\u00een domeniul \u0218tiin\u021belor Medicale<\/li>\n<\/ul>\n<p><\/p>\n<p><\/p>\t\t\t\t\t\t\t\t<\/div>\n\t\t\t\t<\/div>\n\t\t\t\t\t<\/div>\n\t\t<\/div>\n\t\t\t\t\t<\/div>\n\t\t<\/section>\n\t\t\t\t<\/div>","protected":false},"excerpt":{"rendered":"<p>OFERTA EDUCA\u021aIONAL\u0102 A FACULT\u0102\u021aII DE MEDICIN\u0102 \u00ceN LIMBA ENGLEZ\u0102 Prin oferta sa educa\u021bional\u0103, Facultatea de Medicin\u0103 \u00een Limba Englez\u0103 ocup\u0103 un loc important \u00een cadrul general al \u00eenv\u0103\u0163\u0103m\u00e2ntului superior din Rom\u00e2nia \u015fi contribuie semnificativ la diversificarea preg\u0103tirii de specialitate \u00een domeniu. Domeniu: S\u0103n\u0103tateNivel: Licen\u0163\u0103 Program de studiu de licen\u0163\u0103: Medicin\u0103 Limba Englez\u0103 (MER)Durata studiilor: 6 [&hellip;]<\/p>\n","protected":false},"author":1,"featured_media":0,"parent":0,"menu_order":0,"comment_status":"closed","ping_status":"closed","template":"","meta":{"_relevanssi_hide_post":"","_relevanssi_hide_content":"","_relevanssi_pin_for_all":"","_relevanssi_pin_keywords":"","_relevanssi_unpin_keywords":"","_relevanssi_related_keywords":"","_relevanssi_related_include_ids":"","_relevanssi_related_exclude_ids":"","_relevanssi_related_no_append":"","_relevanssi_related_not_related":"","_relevanssi_related_posts":"","_relevanssi_noindex_reason":"","footnotes":""},"categories":[32],"tags":[],"class_list":["post-2635","page","type-page","status-publish","hentry","category-pagina-oferta-educationala"],"meta_box":[],"_links":{"self":[{"href":"https:\/\/umfst.ro\/umfst-umch\/hu\/wp-json\/wp\/v2\/pages\/2635","targetHints":{"allow":["GET"]}}],"collection":[{"href":"https:\/\/umfst.ro\/umfst-umch\/hu\/wp-json\/wp\/v2\/pages"}],"about":[{"href":"https:\/\/umfst.ro\/umfst-umch\/hu\/wp-json\/wp\/v2\/types\/page"}],"author":[{"embeddable":true,"href":"https:\/\/umfst.ro\/umfst-umch\/hu\/wp-json\/wp\/v2\/users\/1"}],"replies":[{"embeddable":true,"href":"https:\/\/umfst.ro\/umfst-umch\/hu\/wp-json\/wp\/v2\/comments?post=2635"}],"version-history":[{"count":4,"href":"https:\/\/umfst.ro\/umfst-umch\/hu\/wp-json\/wp\/v2\/pages\/2635\/revisions"}],"predecessor-version":[{"id":2816,"href":"https:\/\/umfst.ro\/umfst-umch\/hu\/wp-json\/wp\/v2\/pages\/2635\/revisions\/2816"}],"wp:attachment":[{"href":"https:\/\/umfst.ro\/umfst-umch\/hu\/wp-json\/wp\/v2\/media?parent=2635"}],"wp:term":[{"taxonomy":"category","embeddable":true,"href":"https:\/\/umfst.ro\/umfst-umch\/hu\/wp-json\/wp\/v2\/categories?post=2635"},{"taxonomy":"post_tag","embeddable":true,"href":"https:\/\/umfst.ro\/umfst-umch\/hu\/wp-json\/wp\/v2\/tags?post=2635"}],"curies":[{"name":"wp","href":"https:\/\/api.w.org\/{rel}","templated":true}]}}