{"id":55,"date":"2022-11-16T10:13:15","date_gmt":"2022-11-16T10:13:15","guid":{"rendered":"https:\/\/dev.umfst.ro\/umch\/?page_id=55"},"modified":"2023-10-27T21:11:22","modified_gmt":"2023-10-27T21:11:22","slug":"departamentul-me2-discipline-clinice","status":"publish","type":"page","link":"https:\/\/umfst.ro\/umfst-umch\/hu\/departamente-si-discipline\/departamentul-me2-discipline-clinice\/","title":{"rendered":"Departamentul ME2 \u2013 Discipline Clinice"},"content":{"rendered":"<div data-elementor-type=\"wp-page\" data-elementor-id=\"55\" class=\"elementor elementor-55\" data-elementor-post-type=\"page\">\n\t\t\t\t\t\t<section class=\"elementor-section elementor-top-section elementor-element elementor-element-8cafba5 elementor-section-boxed elementor-section-height-default elementor-section-height-default\" data-id=\"8cafba5\" data-element_type=\"section\" data-e-type=\"section\">\n\t\t\t\t\t\t<div class=\"elementor-container elementor-column-gap-default\">\n\t\t\t\t\t<div class=\"elementor-column elementor-col-100 elementor-top-column elementor-element elementor-element-3769424f\" data-id=\"3769424f\" data-element_type=\"column\" data-e-type=\"column\">\n\t\t\t<div class=\"elementor-widget-wrap elementor-element-populated\">\n\t\t\t\t\t\t<div class=\"elementor-element elementor-element-8d6cf1b elementor-widget elementor-widget-text-editor\" data-id=\"8d6cf1b\" data-element_type=\"widget\" data-e-type=\"widget\" data-widget_type=\"text-editor.default\">\n\t\t\t\t<div class=\"elementor-widget-container\">\n\t\t\t\t\t\t\t\t\t<h2><strong>Membrii departamentului ME2<\/strong><\/h2>\n\n<p class=\" translation-block\"><strong>Membrii Consiliul Departamentului:<\/strong><br>Prof. univ. dr. B\u0103la\u0219a Rodica-Ioana \u2013 <a href=\"https:\/\/www.umfst.ro\/fileadmin\/f_medicina_engleza\/cadre_didactice\/ME2\/Balasa_Rodica_Ioana_CV_RO.pdf\" target=\"_blank\" rel=\"noopener\">CV<\/a><br>Prof. univ. dr. Pa\u0219canu Maria-Ionela \u2013 <a href=\"https:\/\/www.umfst.ro\/fileadmin\/f_medicina_engleza\/cadre_didactice\/ME2\/Pascanu_Maria_Ionela_CV_RO.pdf\" target=\"_blank\" rel=\"noopener\">CV<\/a><br>Prof. univ. dr. Pu\u0219ca\u0219iu Lucian \u2013 <a href=\"https:\/\/www.umfst.ro\/fileadmin\/f_medicina_engleza\/cadre_didactice\/ME2\/Puscasiu_Lucian_CV_RO.pdf\" target=\"_blank\" rel=\"noopener\">CV<\/a><br>Conf. univ. dr. Neago\u0219 Adriana \u2013 <a href=\"https:\/\/www.umfst.ro\/fileadmin\/f_medicina_engleza\/cadre_didactice\/ME2\/NeagosAdriana_CV_Ro_.pdf\" target=\"_blank\" rel=\"noopener\">CV<\/a><br>\u0218ef lucr. dr. Porav-Hodade Daniel \u2013 <a href=\"https:\/\/www.umfst.ro\/fileadmin\/f_medicina_engleza\/cadre_didactice\/ME2\/Porav-Hodade_Daniel_CV_Ro.pdf\" target=\"_blank\" rel=\"noopener\">CV<\/a><br>\u0218ef lucr. dr. Ro\u0219ca Ancu\u021ba-Noela \u2013 <a href=\"https:\/\/www.umfst.ro\/fileadmin\/f_medicina_engleza\/cadre_didactice\/ME2\/Rosca_Ancuta_Noela_CV_RO.pdf\" target=\"_blank\" rel=\"noopener\">CV<\/a><\/p>\n<p><strong>Membri:<\/strong><br>Prof. univ. dr. Coro\u0219 Marius-Florin &#8211; <a href=\"https:\/\/www.umfst.ro\/fileadmin\/f_medicina_engleza\/cadre_didactice\/ME2\/Coros_Marius_Florin_CV_RO.pdf\">CV<\/a><br>Prof. univ. dr. Dobru Ecaterina-Daniela &#8211; <a href=\"https:\/\/www.umfst.ro\/fileadmin\/f_medicina_engleza\/cadre_didactice\/ME2\/Dobru_Daniela_Ecaterina_CV_RO.pdf\">CV<\/a><br>Prof. univ. dr. Tilinc\u0103 Mariana-Cornelia &#8211; <a href=\"https:\/\/www.umfst.ro\/fileadmin\/f_medicina_engleza\/cadre_didactice\/ME2\/Tilinca_Mariana_Cornelia_CV_RO.pdf\">CV<\/a><br>Conf. univ. dr. Duicu Carmen-Viorica &#8211; <a href=\"https:\/\/www.umfst.ro\/fileadmin\/f_medicina_engleza\/cadre_didactice\/ME2\/Duicu_Carmen_Viorica_CV_RO.pdf\">CV<\/a><br>Conf. univ. dr. Mihai Adriana &#8211; <a href=\"https:\/\/www.umfst.ro\/fileadmin\/f_medicina_engleza\/cadre_didactice\/ME2\/Mihai_Adriana_CV_RO.pdf\">CV<\/a><br>Conf. univ. dr. Mure\u0219an Simona-Silviana &#8211; <a href=\"https:\/\/www.umfst.ro\/fileadmin\/f_medicina_engleza\/cadre_didactice\/ME2\/Muresan_Simona_CV_RO.pdf\">CV<\/a><br>Conf. univ. dr. Pop Marian &nbsp; &#8211;&nbsp;<a href=\"https:\/\/www.umfst.ro\/fileadmin\/f_medicina_engleza\/cadre_didactice\/ME2\/Pop_Marian_CV_Ro.pdf\">CV<\/a><br>Conf. univ. dr. R\u0103dulescu Carmen &#8211; <a href=\"https:\/\/www.umfst.ro\/fileadmin\/f_medicina_engleza\/cadre_didactice\/ME2\/Radulescu_Carmen_CV_RO.pdf\">CV<\/a><br>Conf. univ. dr. Tr\u00e2mbi\u021ba\u0219 Cristian &nbsp;&#8211;&nbsp;<a href=\"https:\/\/www.umfst.ro\/fileadmin\/f_medicina_engleza\/cadre_didactice\/ME2\/TrambitasC_CV_Ro.pdf\">CV<\/a><br>Conf. univ. dr. Moldovan Hora\u021biu Remus &#8211; CV<br>Conf. univ. dr. Varga Andreea &#8211; <a href=\"https:\/\/www.umfst.ro\/fileadmin\/f_medicina_engleza\/cadre_didactice\/ME2\/Varga_Andreea_CV_RO.pdf\">CV<\/a><br>\u0218ef lucr. dr. Andone Adina Maria<br>\u0218ef lucr. dr. Badea Mihai-Alexandru &#8211; <a href=\"https:\/\/www.umfst.ro\/fileadmin\/f_medicina_engleza\/cadre_didactice\/ME2\/Badea_Mihail-Alexandru_CV_Ro.pdf\">CV<\/a><br>\u0218ef lucr. dr. Bodescu Virginia &#8211; <a href=\"https:\/\/www.umfst.ro\/fileadmin\/f_medicina_engleza\/cadre_didactice\/ME2\/Bodescu_Virginia_CV_romana.pdf\">CV<\/a> <br>\u0218ef lucr. dr. Borz Oliviu-Cristian &#8211; <a href=\"https:\/\/www.umfst.ro\/fileadmin\/f_medicina_engleza\/cadre_didactice\/ME2\/Borz_Oliviu_Cristian_CV_RO.pdf\">CV<\/a><br>\u0218ef lucr. dr. Chinezu Rares &#8211; <a href=\"https:\/\/www.umfst.ro\/fileadmin\/f_medicina_engleza\/cadre_didactice\/ME2\/CV_Ro_Chinezu_Rares.pdf\">CV<\/a><br>\u0218ef lucr. dr. Chi\u0219 Monica &#8211; <a href=\"https:\/\/www.umfst.ro\/fileadmin\/f_medicina_engleza\/cadre_didactice\/ME2\/Copotoiu_Monica_CV_RO.pdf\">CV<\/a><br>\u0218ef lucr. dr. Derzsi Zolt\u00e1n &#8211; <a href=\"https:\/\/www.umfst.ro\/fileadmin\/f_medicina_engleza\/cadre_didactice\/ME2\/Derzsi_Zoltan_CV_RO.pdf\">CV<\/a><br>\u0218ef lucr. dr. Gabo\u0219-Grecu Cristian &#8211; CV<br>\u0218ef lucr. dr. Hanko-Bauer Orsolya &#8211; <a href=\"https:\/\/www.umfst.ro\/fileadmin\/f_medicina_engleza\/cadre_didactice\/ME2\/Bauer_Orsolya_CV_RO.pdf\">CV<\/a><br>\u0218ef lucr. dr. Laz\u0103r Alexandra-Elena &#8211; <a href=\"https:\/\/www.umfst.ro\/fileadmin\/f_medicina_engleza\/cadre_didactice\/ME2\/Lazar_Alexandra_Elena_CV_RO.pdf\">CV<\/a><br>\u0218ef lucr. dr. Macarie Ioan &#8211; <a href=\"https:\/\/www.umfst.ro\/fileadmin\/f_medicina_engleza\/cadre_didactice\/ME2\/Macarie_Ioan_CV_RO.pdf\">CV<\/a><br>\u0218ef lucr. dr. Oni\u0219or Danusia-Maria &#8211; <a href=\"https:\/\/www.umfst.ro\/fileadmin\/f_medicina_engleza\/cadre_didactice\/ME2\/Onisor_Danusia_CV_RO.pdf\">CV<\/a><br>\u0218ef lucr. dr. Petri\u0219or Marius &#8211;&nbsp;<a href=\"https:\/\/www.umfst.ro\/fileadmin\/f_medicina_engleza\/cadre_didactice\/ME2\/Petrisor_Marius_CV_Ro.pdf\">CV<\/a><br>\u0218ef lucr. dr. Russu Eliza<br>\u0218ef lucr. dr. S\u0103s\u0103ran Maria-Oana &#8211; <a href=\"https:\/\/www.umfst.ro\/fileadmin\/f_medicina_engleza\/cadre_didactice\/ME2\/Sasaran_Maria_Oana_CV_RO.pdf\">CV<\/a><br>\u0218ef lucr. dr. Stoica Mihai Ciprian &#8211; <a href=\"https:\/\/www.umfst.ro\/fileadmin\/f_medicina_engleza\/cadre_didactice\/ME2\/STOICA_MC_CV_Ro.pdf\">CV<\/a> <br>\u0218ef lucr. dr. \u0218incu-Bodnar Nina-Ioana &#8211; <a href=\"https:\/\/www.umfst.ro\/fileadmin\/f_medicina_engleza\/cadre_didactice\/ME2\/Bodnar_Nina_CV_RO.pdf\">CV<\/a><br>\u0218ef lucr. dr. Todea-Moga Ciprian-Doru &#8211; CV<br>\u0218ef lucr. dr. Tru\u021b\u0103 Teodora Sorana &#8211; <a href=\"https:\/\/www.umfst.ro\/fileadmin\/f_medicina_engleza\/cadre_didactice\/ME2\/Truta_Sorana_CV_Ro.pdf\">CV<\/a><br>\u0218ef lucr. dr. Vultur Florina &#8211; <a href=\"https:\/\/www.umfst.ro\/fileadmin\/f_medicina_engleza\/cadre_didactice\/ME2\/Vultur_Florina_CV_RO.pdf\">CV<\/a><br>Asist. univ. dr. Almasy Em\u00f6ke &#8211; <a href=\"https:\/\/www.umfst.ro\/fileadmin\/f_medicina_engleza\/cadre_didactice\/ME2\/Almassy_Emoke_CV_RO.pdf\">CV<\/a><br>Asist. univ. dr. B\u0103rcu\u021bean Laura-Iulia &#8211; <a href=\"https:\/\/www.umfst.ro\/fileadmin\/f_medicina_engleza\/cadre_didactice\/ME2\/Barcutean_Laura_CV_RO.pdf\">CV<\/a><br>Asist. univ. dr. Botoncea Marian &#8211; <a href=\"https:\/\/www.umfst.ro\/fileadmin\/f_medicina_engleza\/cadre_didactice\/ME2\/Botoncea_Marian_CV_ROpdf.pdf\">CV<\/a><br>Asist. univ. dr. Butiurc\u0103 Vlad Olimpiu &#8211; <a href=\"https:\/\/www.umfst.ro\/fileadmin\/f_medicina_engleza\/cadre_didactice\/ME2\/Butiurca_Vlad-Olimpiu_CV_RO.pdf\">CV<\/a><br>Asist. univ. dr. Dorgo Monica-Leti\u021bia &#8211; CV<br>Asist. univ. dr. Pantea (Popescu Cristina Monica) &#8211; CV<br>Asist. univ. dr. Man Lidia &#8211; <a href=\"https:\/\/www.umfst.ro\/fileadmin\/f_medicina_engleza\/cadre_didactice\/ME2\/Man_Lidia_CV_RO.pdf\">CV<\/a><br>Asist. univ. drd. Anciuc-Crauciuc M\u0103d\u0103lina<br>Asist. univ. drd. Andone Razvan Sebastian <a href=\"https:\/\/www.umfst.ro\/fileadmin\/f_medicina_engleza\/cadre_didactice\/ME2\/Andone_Razvan_Sebastian_CV_Ro.pdf\">CV<\/a><br>Asist. univ. drd. B\u0103nceu Cosmin &#8211; <a href=\"https:\/\/www.umfst.ro\/fileadmin\/f_medicina_engleza\/cadre_didactice\/ME2\/BANCEU_COSMIN_CV_Ro.pdf\">CV<\/a><br>Asist. univ. drd. Cristescu Liviu&nbsp;&#8211;&nbsp;<a href=\"https:\/\/www.umfst.ro\/fileadmin\/f_medicina_engleza\/cadre_didactice\/ME2\/Cristescu_Liviu_CV_Ro.pdf\">CV<\/a><br>Asist. univ. drd. Dobra Alexandra Mihaela<br>Asist. univ. drd. Fleseriu Tudor<br>Asist. univ. drd. Gherasim Raul Dumitru<br>Asist. univ. drd. Gliga Maximilian Cosma &#8211; <a href=\"https:\/\/www.umfst.ro\/fileadmin\/f_medicina_engleza\/cadre_didactice\/ME2\/GligaMaximilianCosma_CV_ro.pdf\">CV<\/a><br>Asist. univ. drd. Marchean Horea<br>Asist. univ. drd. M\u0103n\u0103\u0219turean Cristina &#8211; CV<br>Asist. univ. drd. Mocian Ioan Flavius &#8211;&nbsp; <a href=\"https:\/\/www.umfst.ro\/fileadmin\/f_medicina_engleza\/cadre_didactice\/ME2\/Mocian_Flavius_CV_Ro.pdf\">CV<\/a><br>Asist. univ. drd. Modiga &#8211; Andrei <a href=\"https:\/\/www.umfst.ro\/fileadmin\/f_medicina_engleza\/cadre_didactice\/ME2\/Modiga_Andrei_CV_Ro.pdf\">CV<\/a> <br>Asist. univ. drd. Moldovan Flaviu &#8211; <a href=\"https:\/\/www.umfst.ro\/fileadmin\/f_medicina_engleza\/cadre_didactice\/ME2\/Moldovan_Flaviu_CV_Ro.pdf\">CV<\/a><br>Asist. univ. drd. Murariu Ema Eugenia &#8211; CV<br>Asist. univ. drd. Petru\u021b Ioana-M\u0103d\u0103lina &#8211; CV<br>Asist. univ. drd. Roman Adina-Maria &#8211; <a href=\"https:\/\/www.umfst.ro\/fileadmin\/f_medicina_engleza\/cadre_didactice\/ME2\/Roman_Adina_Maria_CV_RO.pdf\">CV<\/a><br>Asist. univ. drd. S\u0103s\u0103ran Vl\u0103du\u021b-Bogdan &#8211; <a href=\"https:\/\/www.umfst.ro\/fileadmin\/f_medicina_engleza\/cadre_didactice\/ME2\/Sasaran_Vladut_CV_RO..pdf\">CV<\/a><br>Asist. univ. drd. Suciu Claudia-Floriana &#8211; <a href=\"https:\/\/www.umfst.ro\/fileadmin\/f_medicina_engleza\/cadre_didactice\/ME2\/Suciu_Claudia_Floriana_CV_RO.pdf\">CV<\/a><br>Asist. univ. drd. Suciu Nicolae<\/p>\t\t\t\t\t\t\t\t<\/div>\n\t\t\t\t<\/div>\n\t\t\t\t\t<\/div>\n\t\t<\/div>\n\t\t\t\t\t<\/div>\n\t\t<\/section>\n\t\t\t\t<\/div>","protected":false},"excerpt":{"rendered":"<p>Membrii departamentului ME2 Membrii Consiliul Departamentului:Prof. univ. dr. B\u0103la\u0219a Rodica-Ioana &#8211; CVProf. univ. dr. Pa\u0219canu Maria-Ionela &#8211; CVProf. univ. dr. Pu\u0219ca\u0219iu Lucian &#8211; CVConf. univ. dr. Neago\u0219 Adriana &#8211; CV\u0218ef lucr. dr. Porav-Hodade Daniel &#8211; CV\u0218ef lucr. dr. Ro\u0219ca Ancu\u021ba-Noela &#8211; CV Membri:Prof. univ. dr. Coro\u0219 Marius-Florin &#8211; CVProf. univ. dr. Dobru Ecaterina-Daniela &#8211; CVProf. [&hellip;]<\/p>\n","protected":false},"author":4,"featured_media":0,"parent":51,"menu_order":0,"comment_status":"closed","ping_status":"closed","template":"","meta":{"_relevanssi_hide_post":"","_relevanssi_hide_content":"","_relevanssi_pin_for_all":"","_relevanssi_pin_keywords":"","_relevanssi_unpin_keywords":"","_relevanssi_related_keywords":"","_relevanssi_related_include_ids":"","_relevanssi_related_exclude_ids":"","_relevanssi_related_no_append":"","_relevanssi_related_not_related":"","_relevanssi_related_posts":"1","_relevanssi_noindex_reason":"","footnotes":""},"categories":[12,31],"tags":[],"class_list":["post-55","page","type-page","status-publish","hentry","category-pagina-cu-sidebar","category-pagina-departamente-si-discipline"],"meta_box":[],"_links":{"self":[{"href":"https:\/\/umfst.ro\/umfst-umch\/hu\/wp-json\/wp\/v2\/pages\/55","targetHints":{"allow":["GET"]}}],"collection":[{"href":"https:\/\/umfst.ro\/umfst-umch\/hu\/wp-json\/wp\/v2\/pages"}],"about":[{"href":"https:\/\/umfst.ro\/umfst-umch\/hu\/wp-json\/wp\/v2\/types\/page"}],"author":[{"embeddable":true,"href":"https:\/\/umfst.ro\/umfst-umch\/hu\/wp-json\/wp\/v2\/users\/4"}],"replies":[{"embeddable":true,"href":"https:\/\/umfst.ro\/umfst-umch\/hu\/wp-json\/wp\/v2\/comments?post=55"}],"version-history":[{"count":25,"href":"https:\/\/umfst.ro\/umfst-umch\/hu\/wp-json\/wp\/v2\/pages\/55\/revisions"}],"predecessor-version":[{"id":1962,"href":"https:\/\/umfst.ro\/umfst-umch\/hu\/wp-json\/wp\/v2\/pages\/55\/revisions\/1962"}],"up":[{"embeddable":true,"href":"https:\/\/umfst.ro\/umfst-umch\/hu\/wp-json\/wp\/v2\/pages\/51"}],"wp:attachment":[{"href":"https:\/\/umfst.ro\/umfst-umch\/hu\/wp-json\/wp\/v2\/media?parent=55"}],"wp:term":[{"taxonomy":"category","embeddable":true,"href":"https:\/\/umfst.ro\/umfst-umch\/hu\/wp-json\/wp\/v2\/categories?post=55"},{"taxonomy":"post_tag","embeddable":true,"href":"https:\/\/umfst.ro\/umfst-umch\/hu\/wp-json\/wp\/v2\/tags?post=55"}],"curies":[{"name":"wp","href":"https:\/\/api.w.org\/{rel}","templated":true}]}}