{"id":123,"date":"2022-11-16T17:59:31","date_gmt":"2022-11-16T17:59:31","guid":{"rendered":"https:\/\/dev.umfst.ro\/umch\/?page_id=123"},"modified":"2024-04-26T18:47:44","modified_gmt":"2024-04-26T18:47:44","slug":"sistemul-tutorial","status":"publish","type":"page","link":"https:\/\/umfst.ro\/umfst-umch\/informatii-pentru-studenti\/informatii-specifice-facultatii\/sistemul-tutorial\/","title":{"rendered":"Sistemul tutorial"},"content":{"rendered":"\t\t<div data-elementor-type=\"wp-page\" data-elementor-id=\"123\" class=\"elementor elementor-123\" data-elementor-post-type=\"page\">\n\t\t\t\t\t\t<section class=\"elementor-section elementor-top-section elementor-element elementor-element-c081777 elementor-section-boxed elementor-section-height-default elementor-section-height-default\" data-id=\"c081777\" data-element_type=\"section\" data-e-type=\"section\">\n\t\t\t\t\t\t<div class=\"elementor-container elementor-column-gap-default\">\n\t\t\t\t\t<div class=\"elementor-column elementor-col-100 elementor-top-column elementor-element elementor-element-16aa04d9\" data-id=\"16aa04d9\" data-element_type=\"column\" data-e-type=\"column\">\n\t\t\t<div class=\"elementor-widget-wrap elementor-element-populated\">\n\t\t\t\t\t\t<div class=\"elementor-element elementor-element-1531fc06 elementor-widget elementor-widget-text-editor\" data-id=\"1531fc06\" data-element_type=\"widget\" data-e-type=\"widget\" data-widget_type=\"text-editor.default\">\n\t\t\t\t<div class=\"elementor-widget-container\">\n\t\t\t\t\t\t\t\t\t\n<h2 class=\"wp-block-heading\">SISTEM TUTORIAL<\/h2>\n\n<p><a href=\"https:\/\/www.umfst.ro\/fileadmin\/f_medicina_engleza\/sistem_tutoriat\/tutori-MER-2023-2024.pdf\">List\u0103 tutori &#8211; Program de studiu &#8211; Medicin\u0103, Limba Englez\u0103 (MER) &#8211; an universitar 2023\/2024<\/a><\/p>\n<p><a href=\"https:\/\/www.umfst.ro\/fileadmin\/f_medicina_engleza\/sistem_tutoriat\/LISTA_TUTORI_Program_de_studiu_-_Medicina__Limba_Engleza__MER__-_an_universitar_20222023.pdf\">List\u0103 tutori &#8211; Program de studiu &#8211; Medicin\u0103, Limba Englez\u0103 (MER) &#8211; an universitar 2022\/2023<\/a><\/p>\n\n<p><a href=\"https:\/\/www.umfst.ro\/fileadmin\/f_medicina_engleza\/sistem_tutoriat\/LISTA_TUTORI_Program_de_studiu_-_Medicina__Limba_Engleza__Hamburg__MEH-UMCH__-_an_universitar_20222023.pdf\">List\u0103 tutori &#8211; Program de studiu &#8211; Medicin\u0103, Limba Englez\u0103, Hamburg (MEH-UMCH) &#8211; an universitar 2022\/2023<\/a><\/p>\n\n<p><a href=\"https:\/\/www.umfst.ro\/fileadmin\/f_medicina_engleza\/sistem_tutoriat\/LISTA_TUTORI_Program_de_studiu_-_Medicina__Limba_Engleza__MER__-_an_universitar_20212022.pdf\">List\u0103 tutori &#8211; Program de studiu &#8211; Medicin\u0103, Limba Englez\u0103 (MER) &#8211; an universitar 2021\/2022<\/a><\/p>\n\n<p><a href=\"https:\/\/www.umfst.ro\/fileadmin\/f_medicina_engleza\/sistem_tutoriat\/LISTA_TUTORI_Program_de_studiu_-_Medicina__Limba_Engleza__Hamburg__MEH__-_an_universitar_20212022.pdf\">List\u0103 tutori &#8211; Program de studiu &#8211; Medicin\u0103, Limba Englez\u0103, Hamburg (MEH-UMCH) &#8211; an universitar 2021\/2022<\/a><\/p>\n\n<p><a href=\"https:\/\/www.umfst.ro\/fileadmin\/f_medicina_engleza\/sistem_tutoriat\/Tutori_MER_2020-2021_Ro.pdf\">List\u0103 tutori &#8211; Program de studiu \u2013 Medicin\u0103, Limba Englez\u0103 (MER) &#8211; an universitar 2020\/2021<\/a><\/p>\n\n<p><a href=\"https:\/\/www.umfst.ro\/fileadmin\/f_medicina_engleza\/sistem_tutoriat\/Tutori_MEH_2020-2021_Ro.pdf\">List\u0103 tutori &#8211; Program de studiu &#8211; Medicin\u0103, Limba Englez\u0103, Hamburg (MEH-UMCH) &#8211; an universitar 2020\/2021<\/a><\/p>\n\n<p><a href=\"https:\/\/www.umfst.ro\/fileadmin\/f_medicina_engleza\/sistem_tutoriat\/Tutori_MER_2019-2020_V2_Ro.pdf\">List\u0103 tutori &#8211; Program de studiu \u2013 Medicin\u0103, Limba Englez\u0103 (MER) &#8211; an universitar 2019\/2020<\/a><\/p>\n\n<p><a href=\"https:\/\/www.umfst.ro\/fileadmin\/f_medicina_engleza\/sistem_tutoriat\/Tutori_MEH_2019-2020_Ro.pdf\">List\u0103 tutori &#8211; Program de studiu &#8211; Medicin\u0103, Limba Englez\u0103, Hamburg (MEH-UMCH) &#8211; an universitar 2019\/2020<\/a><\/p>\n\t\t\t\t\t\t\t\t<\/div>\n\t\t\t\t<\/div>\n\t\t\t\t\t<\/div>\n\t\t<\/div>\n\t\t\t\t\t<\/div>\n\t\t<\/section>\n\t\t\t\t<\/div>\n\t\t","protected":false},"excerpt":{"rendered":"<p>SISTEM TUTORIAL List\u0103 tutori &#8211; Program de studiu &#8211; Medicin\u0103, Limba Englez\u0103 (MER) &#8211; an universitar 2023\/2024 List\u0103 tutori &#8211; Program de studiu &#8211; Medicin\u0103, Limba Englez\u0103 (MER) &#8211; an universitar 2022\/2023 List\u0103 tutori &#8211; Program de studiu &#8211; Medicin\u0103, Limba Englez\u0103, Hamburg (MEH-UMCH) &#8211; an universitar 2022\/2023 List\u0103 tutori &#8211; Program de studiu &#8211; [&hellip;]<\/p>\n","protected":false},"author":4,"featured_media":0,"parent":121,"menu_order":0,"comment_status":"closed","ping_status":"closed","template":"","meta":{"_relevanssi_hide_post":"","_relevanssi_hide_content":"","_relevanssi_pin_for_all":"","_relevanssi_pin_keywords":"","_relevanssi_unpin_keywords":"","_relevanssi_related_keywords":"","_relevanssi_related_include_ids":"","_relevanssi_related_exclude_ids":"","_relevanssi_related_no_append":"","_relevanssi_related_not_related":"","_relevanssi_related_posts":"1","_relevanssi_noindex_reason":"","footnotes":""},"categories":[12,33],"tags":[],"class_list":["post-123","page","type-page","status-publish","hentry","category-pagina-cu-sidebar","category-pagina-studenti"],"meta_box":[],"_links":{"self":[{"href":"https:\/\/umfst.ro\/umfst-umch\/wp-json\/wp\/v2\/pages\/123","targetHints":{"allow":["GET"]}}],"collection":[{"href":"https:\/\/umfst.ro\/umfst-umch\/wp-json\/wp\/v2\/pages"}],"about":[{"href":"https:\/\/umfst.ro\/umfst-umch\/wp-json\/wp\/v2\/types\/page"}],"author":[{"embeddable":true,"href":"https:\/\/umfst.ro\/umfst-umch\/wp-json\/wp\/v2\/users\/4"}],"replies":[{"embeddable":true,"href":"https:\/\/umfst.ro\/umfst-umch\/wp-json\/wp\/v2\/comments?post=123"}],"version-history":[{"count":6,"href":"https:\/\/umfst.ro\/umfst-umch\/wp-json\/wp\/v2\/pages\/123\/revisions"}],"predecessor-version":[{"id":2118,"href":"https:\/\/umfst.ro\/umfst-umch\/wp-json\/wp\/v2\/pages\/123\/revisions\/2118"}],"up":[{"embeddable":true,"href":"https:\/\/umfst.ro\/umfst-umch\/wp-json\/wp\/v2\/pages\/121"}],"wp:attachment":[{"href":"https:\/\/umfst.ro\/umfst-umch\/wp-json\/wp\/v2\/media?parent=123"}],"wp:term":[{"taxonomy":"category","embeddable":true,"href":"https:\/\/umfst.ro\/umfst-umch\/wp-json\/wp\/v2\/categories?post=123"},{"taxonomy":"post_tag","embeddable":true,"href":"https:\/\/umfst.ro\/umfst-umch\/wp-json\/wp\/v2\/tags?post=123"}],"curies":[{"name":"wp","href":"https:\/\/api.w.org\/{rel}","templated":true}]}}