{"id":2623,"date":"2024-09-11T18:51:58","date_gmt":"2024-09-11T18:51:58","guid":{"rendered":"https:\/\/umfst.ro\/umfst-umch\/oferta-cursuri-optionale-si-facultative\/"},"modified":"2024-09-11T18:52:30","modified_gmt":"2024-09-11T18:52:30","slug":"oferta-cursuri-optionale-si-facultative","status":"publish","type":"page","link":"https:\/\/umfst.ro\/umfst-umch\/oferta-cursuri-optionale-si-facultative\/","title":{"rendered":"Ofert\u0103 cursuri op\u021bionale \u0219i facultative"},"content":{"rendered":"\t\t<div data-elementor-type=\"wp-page\" data-elementor-id=\"2623\" class=\"elementor elementor-2623\" data-elementor-post-type=\"page\">\n\t\t\t\t\t\t<section class=\"elementor-section elementor-top-section elementor-element elementor-element-395ebcd elementor-section-boxed elementor-section-height-default elementor-section-height-default\" data-id=\"395ebcd\" data-element_type=\"section\" data-e-type=\"section\">\n\t\t\t\t\t\t<div class=\"elementor-container elementor-column-gap-default\">\n\t\t\t\t\t<div class=\"elementor-column elementor-col-100 elementor-top-column elementor-element elementor-element-424afc56\" data-id=\"424afc56\" data-element_type=\"column\" data-e-type=\"column\">\n\t\t\t<div class=\"elementor-widget-wrap elementor-element-populated\">\n\t\t\t\t\t\t<div class=\"elementor-element elementor-element-3fd1a906 elementor-widget elementor-widget-text-editor\" data-id=\"3fd1a906\" data-element_type=\"widget\" data-e-type=\"widget\" data-widget_type=\"text-editor.default\">\n\t\t\t\t<div class=\"elementor-widget-container\">\n\t\t\t\t\t\t\t\t\t<h2>OFERT\u0102 CURSURI OP\u021aIONALE \u0218I FACULTATIVE<\/h2>\t\t\t\t\t\t\t\t<\/div>\n\t\t\t\t<\/div>\n\t\t\t\t<div data-dce-background-color=\"#EBF0F8\" class=\"elementor-element elementor-element-6b2b799b elementor-widget__width-initial elementor-widget elementor-widget-button\" data-id=\"6b2b799b\" data-element_type=\"widget\" data-e-type=\"widget\" data-widget_type=\"button.default\">\n\t\t\t\t<div class=\"elementor-widget-container\">\n\t\t\t\t\t\t\t\t\t<div class=\"elementor-button-wrapper\">\n\t\t\t\t\t<a class=\"elementor-button elementor-button-link elementor-size-sm\" href=\"https:\/\/www.umfst.ro\/fileadmin\/f_medicina_engleza\/cursuri_optionale\/Discipline_optionale_MER_2023-2024.pdf\">\n\t\t\t\t\t\t<span class=\"elementor-button-content-wrapper\">\n\t\t\t\t\t\t<span class=\"elementor-button-icon\">\n\t\t\t\t<svg aria-hidden=\"true\" class=\"e-font-icon-svg e-fas-file-pdf\" viewBox=\"0 0 384 512\" xmlns=\"http:\/\/www.w3.org\/2000\/svg\"><path d=\"M181.9 256.1c-5-16-4.9-46.9-2-46.9 8.4 0 7.6 36.9 2 46.9zm-1.7 47.2c-7.7 20.2-17.3 43.3-28.4 62.7 18.3-7 39-17.2 62.9-21.9-12.7-9.6-24.9-23.4-34.5-40.8zM86.1 428.1c0 .8 13.2-5.4 34.9-40.2-6.7 6.3-29.1 24.5-34.9 40.2zM248 160h136v328c0 13.3-10.7 24-24 24H24c-13.3 0-24-10.7-24-24V24C0 10.7 10.7 0 24 0h200v136c0 13.2 10.8 24 24 24zm-8 171.8c-20-12.2-33.3-29-42.7-53.8 4.5-18.5 11.6-46.6 6.2-64.2-4.7-29.4-42.4-26.5-47.8-6.8-5 18.3-.4 44.1 8.1 77-11.6 27.6-28.7 64.6-40.8 85.8-.1 0-.1.1-.2.1-27.1 13.9-73.6 44.5-54.5 68 5.6 6.9 16 10 21.5 10 17.9 0 35.7-18 61.1-61.8 25.8-8.5 54.1-19.1 79-23.2 21.7 11.8 47.1 19.5 64 19.5 29.2 0 31.2-32 19.7-43.4-13.9-13.6-54.3-9.7-73.6-7.2zM377 105L279 7c-4.5-4.5-10.6-7-17-7h-6v128h128v-6.1c0-6.3-2.5-12.4-7-16.9zm-74.1 255.3c4.1-2.7-2.5-11.9-42.8-9 37.1 15.8 42.8 9 42.8 9z\"><\/path><\/svg>\t\t\t<\/span>\n\t\t\t\t\t\t\t\t\t<span class=\"elementor-button-text\">2023-2024<\/span>\n\t\t\t\t\t<\/span>\n\t\t\t\t\t<\/a>\n\t\t\t\t<\/div>\n\t\t\t\t\t\t\t\t<\/div>\n\t\t\t\t<\/div>\n\t\t\t\t<div data-dce-background-color=\"#EBF0F8\" class=\"elementor-element elementor-element-37fdfc02 elementor-widget__width-initial elementor-widget elementor-widget-button\" data-id=\"37fdfc02\" data-element_type=\"widget\" data-e-type=\"widget\" data-widget_type=\"button.default\">\n\t\t\t\t<div class=\"elementor-widget-container\">\n\t\t\t\t\t\t\t\t\t<div class=\"elementor-button-wrapper\">\n\t\t\t\t\t<a class=\"elementor-button elementor-button-link elementor-size-sm\" href=\"https:\/\/www.umfst.ro\/fileadmin\/f_medicina_engleza\/cursuri_optionale\/Discipline_optionale_MER_2022-2023_13.09.2022.pdf\">\n\t\t\t\t\t\t<span class=\"elementor-button-content-wrapper\">\n\t\t\t\t\t\t<span class=\"elementor-button-icon\">\n\t\t\t\t<svg aria-hidden=\"true\" class=\"e-font-icon-svg e-fas-file-pdf\" viewBox=\"0 0 384 512\" xmlns=\"http:\/\/www.w3.org\/2000\/svg\"><path d=\"M181.9 256.1c-5-16-4.9-46.9-2-46.9 8.4 0 7.6 36.9 2 46.9zm-1.7 47.2c-7.7 20.2-17.3 43.3-28.4 62.7 18.3-7 39-17.2 62.9-21.9-12.7-9.6-24.9-23.4-34.5-40.8zM86.1 428.1c0 .8 13.2-5.4 34.9-40.2-6.7 6.3-29.1 24.5-34.9 40.2zM248 160h136v328c0 13.3-10.7 24-24 24H24c-13.3 0-24-10.7-24-24V24C0 10.7 10.7 0 24 0h200v136c0 13.2 10.8 24 24 24zm-8 171.8c-20-12.2-33.3-29-42.7-53.8 4.5-18.5 11.6-46.6 6.2-64.2-4.7-29.4-42.4-26.5-47.8-6.8-5 18.3-.4 44.1 8.1 77-11.6 27.6-28.7 64.6-40.8 85.8-.1 0-.1.1-.2.1-27.1 13.9-73.6 44.5-54.5 68 5.6 6.9 16 10 21.5 10 17.9 0 35.7-18 61.1-61.8 25.8-8.5 54.1-19.1 79-23.2 21.7 11.8 47.1 19.5 64 19.5 29.2 0 31.2-32 19.7-43.4-13.9-13.6-54.3-9.7-73.6-7.2zM377 105L279 7c-4.5-4.5-10.6-7-17-7h-6v128h128v-6.1c0-6.3-2.5-12.4-7-16.9zm-74.1 255.3c4.1-2.7-2.5-11.9-42.8-9 37.1 15.8 42.8 9 42.8 9z\"><\/path><\/svg>\t\t\t<\/span>\n\t\t\t\t\t\t\t\t\t<span class=\"elementor-button-text\">2022-2023<\/span>\n\t\t\t\t\t<\/span>\n\t\t\t\t\t<\/a>\n\t\t\t\t<\/div>\n\t\t\t\t\t\t\t\t<\/div>\n\t\t\t\t<\/div>\n\t\t\t\t<div data-dce-background-color=\"#EBF0F8\" class=\"elementor-element elementor-element-2b2415e elementor-widget__width-initial elementor-widget elementor-widget-button\" data-id=\"2b2415e\" data-element_type=\"widget\" data-e-type=\"widget\" data-widget_type=\"button.default\">\n\t\t\t\t<div class=\"elementor-widget-container\">\n\t\t\t\t\t\t\t\t\t<div class=\"elementor-button-wrapper\">\n\t\t\t\t\t<a class=\"elementor-button elementor-button-link elementor-size-sm\" href=\"https:\/\/www.umfst.ro\/fileadmin\/f_medicina_engleza\/cursuri_optionale\/Cursuri_optionale_MER_2021-2022.pdf\">\n\t\t\t\t\t\t<span class=\"elementor-button-content-wrapper\">\n\t\t\t\t\t\t<span class=\"elementor-button-icon\">\n\t\t\t\t<svg aria-hidden=\"true\" class=\"e-font-icon-svg e-fas-file-pdf\" viewBox=\"0 0 384 512\" xmlns=\"http:\/\/www.w3.org\/2000\/svg\"><path d=\"M181.9 256.1c-5-16-4.9-46.9-2-46.9 8.4 0 7.6 36.9 2 46.9zm-1.7 47.2c-7.7 20.2-17.3 43.3-28.4 62.7 18.3-7 39-17.2 62.9-21.9-12.7-9.6-24.9-23.4-34.5-40.8zM86.1 428.1c0 .8 13.2-5.4 34.9-40.2-6.7 6.3-29.1 24.5-34.9 40.2zM248 160h136v328c0 13.3-10.7 24-24 24H24c-13.3 0-24-10.7-24-24V24C0 10.7 10.7 0 24 0h200v136c0 13.2 10.8 24 24 24zm-8 171.8c-20-12.2-33.3-29-42.7-53.8 4.5-18.5 11.6-46.6 6.2-64.2-4.7-29.4-42.4-26.5-47.8-6.8-5 18.3-.4 44.1 8.1 77-11.6 27.6-28.7 64.6-40.8 85.8-.1 0-.1.1-.2.1-27.1 13.9-73.6 44.5-54.5 68 5.6 6.9 16 10 21.5 10 17.9 0 35.7-18 61.1-61.8 25.8-8.5 54.1-19.1 79-23.2 21.7 11.8 47.1 19.5 64 19.5 29.2 0 31.2-32 19.7-43.4-13.9-13.6-54.3-9.7-73.6-7.2zM377 105L279 7c-4.5-4.5-10.6-7-17-7h-6v128h128v-6.1c0-6.3-2.5-12.4-7-16.9zm-74.1 255.3c4.1-2.7-2.5-11.9-42.8-9 37.1 15.8 42.8 9 42.8 9z\"><\/path><\/svg>\t\t\t<\/span>\n\t\t\t\t\t\t\t\t\t<span class=\"elementor-button-text\">2021-2022<\/span>\n\t\t\t\t\t<\/span>\n\t\t\t\t\t<\/a>\n\t\t\t\t<\/div>\n\t\t\t\t\t\t\t\t<\/div>\n\t\t\t\t<\/div>\n\t\t\t\t<div data-dce-background-color=\"#EBF0F8\" class=\"elementor-element elementor-element-939c73f elementor-widget__width-initial elementor-widget elementor-widget-button\" data-id=\"939c73f\" data-element_type=\"widget\" data-e-type=\"widget\" data-widget_type=\"button.default\">\n\t\t\t\t<div class=\"elementor-widget-container\">\n\t\t\t\t\t\t\t\t\t<div class=\"elementor-button-wrapper\">\n\t\t\t\t\t<a class=\"elementor-button elementor-button-link elementor-size-sm\" href=\"https:\/\/www.umfst.ro\/fileadmin\/f_medicina_engleza\/cursuri_optionale\/Cursuri_optionale_OPtional_courses_2020-2021.pdf\">\n\t\t\t\t\t\t<span class=\"elementor-button-content-wrapper\">\n\t\t\t\t\t\t<span class=\"elementor-button-icon\">\n\t\t\t\t<svg aria-hidden=\"true\" class=\"e-font-icon-svg e-fas-file-pdf\" viewBox=\"0 0 384 512\" xmlns=\"http:\/\/www.w3.org\/2000\/svg\"><path d=\"M181.9 256.1c-5-16-4.9-46.9-2-46.9 8.4 0 7.6 36.9 2 46.9zm-1.7 47.2c-7.7 20.2-17.3 43.3-28.4 62.7 18.3-7 39-17.2 62.9-21.9-12.7-9.6-24.9-23.4-34.5-40.8zM86.1 428.1c0 .8 13.2-5.4 34.9-40.2-6.7 6.3-29.1 24.5-34.9 40.2zM248 160h136v328c0 13.3-10.7 24-24 24H24c-13.3 0-24-10.7-24-24V24C0 10.7 10.7 0 24 0h200v136c0 13.2 10.8 24 24 24zm-8 171.8c-20-12.2-33.3-29-42.7-53.8 4.5-18.5 11.6-46.6 6.2-64.2-4.7-29.4-42.4-26.5-47.8-6.8-5 18.3-.4 44.1 8.1 77-11.6 27.6-28.7 64.6-40.8 85.8-.1 0-.1.1-.2.1-27.1 13.9-73.6 44.5-54.5 68 5.6 6.9 16 10 21.5 10 17.9 0 35.7-18 61.1-61.8 25.8-8.5 54.1-19.1 79-23.2 21.7 11.8 47.1 19.5 64 19.5 29.2 0 31.2-32 19.7-43.4-13.9-13.6-54.3-9.7-73.6-7.2zM377 105L279 7c-4.5-4.5-10.6-7-17-7h-6v128h128v-6.1c0-6.3-2.5-12.4-7-16.9zm-74.1 255.3c4.1-2.7-2.5-11.9-42.8-9 37.1 15.8 42.8 9 42.8 9z\"><\/path><\/svg>\t\t\t<\/span>\n\t\t\t\t\t\t\t\t\t<span class=\"elementor-button-text\">2021-2020<\/span>\n\t\t\t\t\t<\/span>\n\t\t\t\t\t<\/a>\n\t\t\t\t<\/div>\n\t\t\t\t\t\t\t\t<\/div>\n\t\t\t\t<\/div>\n\t\t\t\t<div data-dce-background-color=\"#EBF0F8\" class=\"elementor-element elementor-element-61ebadc1 elementor-widget__width-initial elementor-widget elementor-widget-button\" data-id=\"61ebadc1\" data-element_type=\"widget\" data-e-type=\"widget\" data-widget_type=\"button.default\">\n\t\t\t\t<div class=\"elementor-widget-container\">\n\t\t\t\t\t\t\t\t\t<div class=\"elementor-button-wrapper\">\n\t\t\t\t\t<a class=\"elementor-button elementor-button-link elementor-size-sm\" href=\"https:\/\/www.umfst.ro\/fileadmin\/f_medicina_engleza\/cursuri_optionale\/Optional_Courses_2019-2020.pdf\">\n\t\t\t\t\t\t<span class=\"elementor-button-content-wrapper\">\n\t\t\t\t\t\t<span class=\"elementor-button-icon\">\n\t\t\t\t<svg aria-hidden=\"true\" class=\"e-font-icon-svg e-fas-file-pdf\" viewBox=\"0 0 384 512\" xmlns=\"http:\/\/www.w3.org\/2000\/svg\"><path d=\"M181.9 256.1c-5-16-4.9-46.9-2-46.9 8.4 0 7.6 36.9 2 46.9zm-1.7 47.2c-7.7 20.2-17.3 43.3-28.4 62.7 18.3-7 39-17.2 62.9-21.9-12.7-9.6-24.9-23.4-34.5-40.8zM86.1 428.1c0 .8 13.2-5.4 34.9-40.2-6.7 6.3-29.1 24.5-34.9 40.2zM248 160h136v328c0 13.3-10.7 24-24 24H24c-13.3 0-24-10.7-24-24V24C0 10.7 10.7 0 24 0h200v136c0 13.2 10.8 24 24 24zm-8 171.8c-20-12.2-33.3-29-42.7-53.8 4.5-18.5 11.6-46.6 6.2-64.2-4.7-29.4-42.4-26.5-47.8-6.8-5 18.3-.4 44.1 8.1 77-11.6 27.6-28.7 64.6-40.8 85.8-.1 0-.1.1-.2.1-27.1 13.9-73.6 44.5-54.5 68 5.6 6.9 16 10 21.5 10 17.9 0 35.7-18 61.1-61.8 25.8-8.5 54.1-19.1 79-23.2 21.7 11.8 47.1 19.5 64 19.5 29.2 0 31.2-32 19.7-43.4-13.9-13.6-54.3-9.7-73.6-7.2zM377 105L279 7c-4.5-4.5-10.6-7-17-7h-6v128h128v-6.1c0-6.3-2.5-12.4-7-16.9zm-74.1 255.3c4.1-2.7-2.5-11.9-42.8-9 37.1 15.8 42.8 9 42.8 9z\"><\/path><\/svg>\t\t\t<\/span>\n\t\t\t\t\t\t\t\t\t<span class=\"elementor-button-text\">2019-2020<\/span>\n\t\t\t\t\t<\/span>\n\t\t\t\t\t<\/a>\n\t\t\t\t<\/div>\n\t\t\t\t\t\t\t\t<\/div>\n\t\t\t\t<\/div>\n\t\t\t\t\t<\/div>\n\t\t<\/div>\n\t\t\t\t\t<\/div>\n\t\t<\/section>\n\t\t\t\t<section class=\"elementor-section elementor-top-section elementor-element elementor-element-e22ab87 elementor-section-boxed elementor-section-height-default elementor-section-height-default\" data-id=\"e22ab87\" data-element_type=\"section\" data-e-type=\"section\">\n\t\t\t\t\t\t<div class=\"elementor-container elementor-column-gap-default\">\n\t\t\t\t\t<div class=\"elementor-column elementor-col-100 elementor-top-column elementor-element elementor-element-2748fb78\" data-id=\"2748fb78\" data-element_type=\"column\" data-e-type=\"column\">\n\t\t\t<div class=\"elementor-widget-wrap elementor-element-populated\">\n\t\t\t\t\t\t<div class=\"elementor-element elementor-element-1d6f1c6a elementor-widget elementor-widget-text-editor\" data-id=\"1d6f1c6a\" data-element_type=\"widget\" data-e-type=\"widget\" data-widget_type=\"text-editor.default\">\n\t\t\t\t<div class=\"elementor-widget-container\">\n\t\t\t\t\t\t\t\t\t<p><\/p>\n<h2 class=\"wp-block-heading\"><strong>Informa\u021bii \u2013 MODUL 1 2024-2025<\/strong><\/h2>\n<p>Pentru anul academic 2024-2025, \u00eenscrierea pentru disciplinele op\u021bionale se efectueaz\u0103 electronic <strong>pentru anii II si V<\/strong>\u00a0acces\u00e2nd link-ul destinat modulului \u0219i anului de studiu din care face\u021bi parte.<\/p>\n<p>Preciz\u0103ri importante:<\/p>\n<ul>\n<li>Fiecare student trebuie s\u0103 aleag\u0103\u00a0<strong>o singur\u0103 disciplin\u0103 op\u021bional\u0103 \u00een fiecare modul<\/strong><\/li>\n<li>Pentru\u00a0<strong>MODULUL 1, <\/strong>alegerea unei discipline op\u021bionale se va desf\u0103\u0219ura \u00een intervalul:\u00a0<strong>miercuri, 11 septembrie<\/strong>\u00a0<strong>\u2013 vineri, 13 septembrie (p\u00e2n\u0103 la ora 12:00)<\/strong><\/li>\n<\/ul>\n<p><strong>Formularele de\u00a0selec\u021bie<\/strong>\u00a0pentru disciplinele op\u021bionale ale\u00a0<strong>Modulului 1<\/strong>\u00a0sunt disponibile la <a href=\"https:\/\/forms.office.com\/Pages\/ResponsePage.aspx?id=ftE5uhw6yEOtrxFkeg7eYdBggUCOzgtChxaS98cY70dUNDlLNUtHMjFFRTBGUVREWFBSUklXTTNBVS4u\" target=\"_blank\" rel=\"noopener\">link-ul<\/a><\/p>\n<p>*\u00a0<em>Pentru\u00a0toti\u00a0studen\u021bii, accesarea formularelor de \u00eenscriere necesit\u0103\u00a0autentificare utiliz\u00e2nd\u00a0datele<\/em>\u00a0<em>contului\u00a0institu\u021bional.<\/em><\/p>\n<h2><strong>Informa\u021bii \u2013 MODUL 3 2023-2024<\/strong><\/h2>\n<p>Pentru anul academic 2023-2024, \u00eenscrierea pentru disciplinele op\u021bionale se efectueaz\u0103 electronic\u00a0<strong>pentru anii I-VI<\/strong>\u00a0acces\u00e2nd link-ul destinat modulului \u0219i anului de studiu din care face\u021bi parte.<\/p>\n<p>Preciz\u0103ri importante:<\/p>\n<ul>\n<li>Fiecare student trebuie s\u0103 aleag\u0103\u00a0<strong>o singur\u0103 disciplin\u0103 op\u021bional\u0103 \u00een fiecare modul<\/strong><\/li>\n<li>Pentru\u00a0<strong>MODULUL 3,\u00a0<\/strong>alegerea unei discipline op\u021bionale se va desf\u0103\u0219ura \u00een intervalul:\u00a0<strong>luni,\u00a022 ianuarie<\/strong>\u00a0<strong>\u2013 vineri, 2 februarie\u00a0(p\u00e2n\u0103 la ora 23.59)<\/strong><\/li>\n<\/ul>\n<p><strong>Formularele de\u00a0selec\u021bie<\/strong>\u00a0pentru disciplinele op\u021bionale ale\u00a0<strong>Modulului 3<\/strong>\u00a0sunt disponibile la <a href=\"https:\/\/forms.office.com\/Pages\/ResponsePage.aspx?id=ftE5uhw6yEOtrxFkeg7eYYu6twIGgNtEoYaFlY4eeSVUMFdHRVJaNEpXSVhCRTlZTFRMRE9RTVVYNy4u\" target=\"_blank\" rel=\"noopener\">link-ul<\/a><\/p>\n<p>*\u00a0<em>Pentru\u00a0toti\u00a0studen\u021bii, accesarea formularelor de \u00eenscriere necesit\u0103\u00a0autentificare utiliz\u00e2nd\u00a0datele<\/em>\u00a0<em>contului\u00a0institu\u021bional.<\/em><\/p>\n<h2><strong>Informatii \u2013 MODUL 2 2023-2024<\/strong><\/h2>\n<p><\/p>\n<p><\/p>\n<p>Pentru anul academic 2023-2024, \u00eenscrierea pentru disciplinele op\u021bionale se efectueaz\u0103 electronic <strong>pentru anii I-VI<\/strong> acces\u00e2nd link-ul destinat modulului \u0219i anului de studiu din care face\u021bi parte.<\/p>\n<p>Preciz\u0103ri importante:<\/p>\n<ul>\n<li>Fiecare student trebuie s\u0103 aleag\u0103\u00a0<strong>o singur\u0103 disciplin\u0103 op\u021bional\u0103 \u00een fiecare mod<\/strong><strong>ul<\/strong><\/li>\n<li>Pentru <strong>MODULUL 2, <\/strong>alegerea unei discipline op\u021bionale se va desf\u0103\u0219ura \u00een intervalul: <strong>mar\u021bi,\u00a07 noiembrie<\/strong>\u00a0<strong>\u2013 mar\u021bi, 14 noiembrie\u00a0<\/strong><strong>(p\u00e2n\u0103 la ora 23.59)<\/strong><\/li>\n<\/ul>\n<p><strong>Formular<\/strong><strong>ele de<\/strong><strong> selec\u021bie<\/strong>\u00a0pentru disciplinele op\u021bionale ale <strong>Modulului 2<\/strong>\u00a0sunt disponibile la link-ul:<\/p>\n<p><a href=\"https:\/\/forms.office.com\/e\/0FmGa0UurN\" target=\"_blank\" rel=\"noopener noreferrer\">https:\/\/forms.office.com\/e\/0FmGa0UurN<\/a><\/p>\n<p>* <em>Pentru <\/em><em>toti <\/em><em>studen\u021bii, accesarea formularelor de \u00eenscriere necesit\u0103\u00a0autentificare utiliz\u00e2nd\u00a0datele<\/em> <em>contului\u00a0institu\u021biona<\/em><em>l.<\/em><\/p>\n<p><!-- \/wp:paragraph --><\/p>\n<p><!-- wp:heading --><\/p>\t\t\t\t\t\t\t\t<\/div>\n\t\t\t\t<\/div>\n\t\t\t\t\t<\/div>\n\t\t<\/div>\n\t\t\t\t\t<\/div>\n\t\t<\/section>\n\t\t\t\t<section class=\"elementor-section elementor-top-section elementor-element elementor-element-480331d4 elementor-section-boxed elementor-section-height-default elementor-section-height-default\" data-id=\"480331d4\" data-element_type=\"section\" data-e-type=\"section\">\n\t\t\t\t\t\t<div class=\"elementor-container elementor-column-gap-default\">\n\t\t\t\t\t<div class=\"elementor-column elementor-col-100 elementor-top-column elementor-element elementor-element-1b15760e\" data-id=\"1b15760e\" data-element_type=\"column\" data-e-type=\"column\">\n\t\t\t<div class=\"elementor-widget-wrap elementor-element-populated\">\n\t\t\t\t\t\t<div class=\"elementor-element elementor-element-4875e27b elementor-widget elementor-widget-text-editor\" data-id=\"4875e27b\" data-element_type=\"widget\" data-e-type=\"widget\" data-widget_type=\"text-editor.default\">\n\t\t\t\t<div class=\"elementor-widget-container\">\n\t\t\t\t\t\t\t\t\t<p><!-- wp:heading --><\/p>\n<h2>INFORMA\u021aII \u2013 MODUL 1 2023-2024<\/h2>\n<p><!-- \/wp:heading --><\/p>\n<p><!-- wp:paragraph --><\/p>\n<p>Pentru anul academic 2023-2024, \u00eenscrierea pentru disciplinele op\u021bionale se efectueaz\u0103 electronic <strong>pentru anii II-VI<\/strong> acces\u00e2nd link-ul destinat modulului \u0219i anului de studiu din care face\u021bi parte.<\/p>\n<p>Preciz\u0103ri importante:<\/p>\n<ul>\n<li>Fiecare student trebuie s\u0103 aleag\u0103\u00a0<strong>o singur\u0103 disciplin\u0103 op\u021bional\u0103 \u00een fiecare mod<\/strong><strong>ul<\/strong><\/li>\n<li>Pentru <strong>MODULUL 1, <\/strong>alegerea unei discipline op\u021bionale se va desf\u0103\u0219ura \u00een intervalul: <strong>mar\u021bi<strong>,<\/strong> 12 septembrie<\/strong> <strong>\u2013 marti, 19 septembrie <\/strong><strong>(p\u00e2n\u0103 la ora 23.59)<\/strong><\/li>\n<\/ul>\n<p><strong>Formular<\/strong><strong>ele de<\/strong><strong> selec\u021bie<\/strong>\u00a0pentru disciplinele op\u021bionale ale <strong>Modulului I<\/strong> sunt disponibile la link-ul:<\/p>\n<p><a href=\"https:\/\/forms.office.com\/e\/xtnLab4PtS\" target=\"_blank\" rel=\"noopener noreferrer\">https:\/\/forms.office.com\/e\/xtnLab4PtS<\/a><\/p>\n<p>* <em>Pentru <\/em><em>toti <\/em><em>studen\u021bii, accesarea formularelor de \u00eenscriere necesit\u0103\u00a0autentificare utiliz\u00e2nd\u00a0datele<\/em> <em>contului\u00a0institu\u021biona<\/em><em>l.<\/em><\/p>\n<p><!-- \/wp:paragraph --><\/p>\n<p><!-- wp:heading --><\/p>\n<p>\u00a0<\/p>\n<p><!-- \/wp:heading --><\/p>\t\t\t\t\t\t\t\t<\/div>\n\t\t\t\t<\/div>\n\t\t\t\t\t<\/div>\n\t\t<\/div>\n\t\t\t\t\t<\/div>\n\t\t<\/section>\n\t\t\t\t<\/div>\n\t\t","protected":false},"excerpt":{"rendered":"<p>OFERT\u0102 CURSURI OP\u021aIONALE \u0218I FACULTATIVE 2023-2024 2022-2023 2021-2022 2021-2020 2019-2020 Informa\u021bii \u2013 MODUL 1 2024-2025 Pentru anul academic 2024-2025, \u00eenscrierea pentru disciplinele op\u021bionale se efectueaz\u0103 electronic pentru anii II si V\u00a0acces\u00e2nd link-ul destinat modulului \u0219i anului de studiu din care face\u021bi parte. Preciz\u0103ri importante: Fiecare student trebuie s\u0103 aleag\u0103\u00a0o singur\u0103 disciplin\u0103 op\u021bional\u0103 \u00een fiecare modul [&hellip;]<\/p>\n","protected":false},"author":1,"featured_media":0,"parent":0,"menu_order":0,"comment_status":"closed","ping_status":"closed","template":"","meta":{"_relevanssi_hide_post":"","_relevanssi_hide_content":"","_relevanssi_pin_for_all":"","_relevanssi_pin_keywords":"","_relevanssi_unpin_keywords":"","_relevanssi_related_keywords":"","_relevanssi_related_include_ids":"","_relevanssi_related_exclude_ids":"","_relevanssi_related_no_append":"","_relevanssi_related_not_related":"","_relevanssi_related_posts":"","_relevanssi_noindex_reason":"","footnotes":""},"categories":[32],"tags":[],"class_list":["post-2623","page","type-page","status-publish","hentry","category-pagina-oferta-educationala"],"meta_box":[],"_links":{"self":[{"href":"https:\/\/umfst.ro\/umfst-umch\/wp-json\/wp\/v2\/pages\/2623","targetHints":{"allow":["GET"]}}],"collection":[{"href":"https:\/\/umfst.ro\/umfst-umch\/wp-json\/wp\/v2\/pages"}],"about":[{"href":"https:\/\/umfst.ro\/umfst-umch\/wp-json\/wp\/v2\/types\/page"}],"author":[{"embeddable":true,"href":"https:\/\/umfst.ro\/umfst-umch\/wp-json\/wp\/v2\/users\/1"}],"replies":[{"embeddable":true,"href":"https:\/\/umfst.ro\/umfst-umch\/wp-json\/wp\/v2\/comments?post=2623"}],"version-history":[{"count":4,"href":"https:\/\/umfst.ro\/umfst-umch\/wp-json\/wp\/v2\/pages\/2623\/revisions"}],"predecessor-version":[{"id":2808,"href":"https:\/\/umfst.ro\/umfst-umch\/wp-json\/wp\/v2\/pages\/2623\/revisions\/2808"}],"wp:attachment":[{"href":"https:\/\/umfst.ro\/umfst-umch\/wp-json\/wp\/v2\/media?parent=2623"}],"wp:term":[{"taxonomy":"category","embeddable":true,"href":"https:\/\/umfst.ro\/umfst-umch\/wp-json\/wp\/v2\/categories?post=2623"},{"taxonomy":"post_tag","embeddable":true,"href":"https:\/\/umfst.ro\/umfst-umch\/wp-json\/wp\/v2\/tags?post=2623"}],"curies":[{"name":"wp","href":"https:\/\/api.w.org\/{rel}","templated":true}]}}